{"id":1062,"date":"2023-08-29T14:37:33","date_gmt":"2023-08-29T14:37:33","guid":{"rendered":"https:\/\/hotelmetropolspa.ms2.decms.eu\/vota-meiega-uhendust\/"},"modified":"2025-03-17T10:55:51","modified_gmt":"2025-03-17T10:55:51","slug":"contact-us","status":"publish","type":"page","link":"https:\/\/www.metropolspahotel.ee\/en\/contact-us\/","title":{"rendered":"Contact us"},"content":{"rendered":"<h2 style=\"text-align: center\"><a href=\"https:\/\/www.facebook.com\/Metropolspahotel\"><img loading=\"lazy\" decoding=\"async\" class=\"alignnone wp-image-1500\" src=\"https:\/\/hotelmetropolspa.ms2.decms.eu\/wp-content\/uploads\/sites\/54\/2025\/03\/follow-us-FB-300x150.png\" alt=\"\" width=\"190\" height=\"95\" srcset=\"https:\/\/www.metropolspahotel.ee\/wp-content\/uploads\/sites\/54\/2025\/03\/follow-us-FB-300x150.png 300w, https:\/\/www.metropolspahotel.ee\/wp-content\/uploads\/sites\/54\/2025\/03\/follow-us-FB-768x384.png 768w, https:\/\/www.metropolspahotel.ee\/wp-content\/uploads\/sites\/54\/2025\/03\/follow-us-FB-600x300.png 600w, https:\/\/www.metropolspahotel.ee\/wp-content\/uploads\/sites\/54\/2025\/03\/follow-us-FB.png 800w\" sizes=\"(max-width: 190px) 100vw, 190px\" \/><\/a><a href=\"https:\/\/www.instagram.com\/metropolspahotel\/\"><img loading=\"lazy\" decoding=\"async\" class=\"alignnone wp-image-1503\" src=\"https:\/\/hotelmetropolspa.ms2.decms.eu\/wp-content\/uploads\/sites\/54\/2025\/03\/Untitled-design-300x150.png\" alt=\"\" width=\"196\" height=\"98\" srcset=\"https:\/\/www.metropolspahotel.ee\/wp-content\/uploads\/sites\/54\/2025\/03\/Untitled-design-300x150.png 300w, https:\/\/www.metropolspahotel.ee\/wp-content\/uploads\/sites\/54\/2025\/03\/Untitled-design-768x384.png 768w, https:\/\/www.metropolspahotel.ee\/wp-content\/uploads\/sites\/54\/2025\/03\/Untitled-design-600x300.png 600w, https:\/\/www.metropolspahotel.ee\/wp-content\/uploads\/sites\/54\/2025\/03\/Untitled-design.png 800w\" sizes=\"(max-width: 196px) 100vw, 196px\" \/><\/a> <a href=\"http:\/\/linkedin.com\/company\/metropol-spa-hotel\"><img loading=\"lazy\" decoding=\"async\" class=\"alignnone wp-image-1502\" src=\"https:\/\/hotelmetropolspa.ms2.decms.eu\/wp-content\/uploads\/sites\/54\/2025\/03\/follow-us-LinkedIn-300x150.png\" alt=\"\" width=\"192\" height=\"96\" srcset=\"https:\/\/www.metropolspahotel.ee\/wp-content\/uploads\/sites\/54\/2025\/03\/follow-us-LinkedIn-300x150.png 300w, https:\/\/www.metropolspahotel.ee\/wp-content\/uploads\/sites\/54\/2025\/03\/follow-us-LinkedIn-768x384.png 768w, https:\/\/www.metropolspahotel.ee\/wp-content\/uploads\/sites\/54\/2025\/03\/follow-us-LinkedIn-600x300.png 600w, https:\/\/www.metropolspahotel.ee\/wp-content\/uploads\/sites\/54\/2025\/03\/follow-us-LinkedIn.png 800w\" sizes=\"(max-width: 192px) 100vw, 192px\" \/><\/a><\/h2>\n<p style=\"text-align: center\">If you have any questions or just want more information, please contact us.<\/p>\n<p style=\"text-align: center\">* * *<\/p>\n<p style=\"text-align: center\"><strong>HAVELI INVEST O\u00dc<\/strong><br \/>\nreg.kood: 10545025<br \/>\nKMKR nr: EE100537020<br \/>\nAddress: Roseni 13, Tallinn, Estonia<\/p>\n<p style=\"text-align: center\"><span style=\"vertical-align: inherit\">\u00a0<\/span><\/p>\n","protected":false},"excerpt":{"rendered":"<p>If you have any questions or just want more information, please contact us. * * * HAVELI INVEST O\u00dc reg.kood: 10545025 KMKR nr: EE100537020 Address: Roseni 13, Tallinn, Estonia \u00a0<\/p>\n","protected":false},"author":26,"featured_media":0,"parent":0,"menu_order":120,"comment_status":"closed","ping_status":"closed","template":"template-contacts.php","meta":{"footnotes":""},"yoast_head":"<!-- This site is optimized with the Yoast SEO plugin v22.3 - https:\/\/yoast.com\/wordpress\/plugins\/seo\/ -->\n<title>Contact Us | Metropol Spa Hotel Tallinnas<\/title>\n<meta name=\"description\" content=\"If you have any questions or just want more information, please contact us.\" \/>\n<meta name=\"robots\" content=\"index, follow, max-snippet:-1, max-image-preview:large, max-video-preview:-1\" \/>\n<link rel=\"canonical\" href=\"https:\/\/www.metropolspahotel.ee\/en\/contact-us\/\" \/>\n<meta property=\"og:locale\" content=\"en_US\" \/>\n<meta property=\"og:type\" content=\"article\" \/>\n<meta property=\"og:title\" content=\"Contact Us | Metropol Spa Hotel Tallinnas\" \/>\n<meta property=\"og:description\" content=\"If you have any questions or just want more information, please contact us.\" \/>\n<meta property=\"og:url\" content=\"https:\/\/www.metropolspahotel.ee\/en\/contact-us\/\" \/>\n<meta property=\"og:site_name\" content=\"Metropol Spa Hotel\" \/>\n<meta property=\"article:publisher\" content=\"https:\/\/www.facebook.com\/MetropolSpaHotel\/\" \/>\n<meta property=\"article:modified_time\" content=\"2025-03-17T10:55:51+00:00\" \/>\n<meta property=\"og:image\" content=\"https:\/\/hotelmetropolspa.ms2.decms.eu\/wp-content\/uploads\/sites\/54\/2025\/03\/follow-us-FB-300x150.png\" \/>\n<meta name=\"twitter:card\" content=\"summary_large_image\" \/>\n<meta name=\"twitter:label1\" content=\"Est. reading time\" \/>\n\t<meta name=\"twitter:data1\" content=\"1 minute\" \/>\n<script type=\"application\/ld+json\" class=\"yoast-schema-graph\">{\"@context\":\"https:\/\/schema.org\",\"@graph\":[{\"@type\":\"WebPage\",\"@id\":\"https:\/\/www.metropolspahotel.ee\/en\/contact-us\/\",\"url\":\"https:\/\/www.metropolspahotel.ee\/en\/contact-us\/\",\"name\":\"Contact Us | Metropol Spa Hotel Tallinnas\",\"isPartOf\":{\"@id\":\"https:\/\/www.metropolspahotel.ee\/en\/#website\"},\"primaryImageOfPage\":{\"@id\":\"https:\/\/www.metropolspahotel.ee\/en\/contact-us\/#primaryimage\"},\"image\":{\"@id\":\"https:\/\/www.metropolspahotel.ee\/en\/contact-us\/#primaryimage\"},\"thumbnailUrl\":\"https:\/\/hotelmetropolspa.ms2.decms.eu\/wp-content\/uploads\/sites\/54\/2025\/03\/follow-us-FB-300x150.png\",\"datePublished\":\"2023-08-29T14:37:33+00:00\",\"dateModified\":\"2025-03-17T10:55:51+00:00\",\"description\":\"If you have any questions or just want more information, please contact us.\",\"breadcrumb\":{\"@id\":\"https:\/\/www.metropolspahotel.ee\/en\/contact-us\/#breadcrumb\"},\"inLanguage\":\"en-US\",\"potentialAction\":[{\"@type\":\"ReadAction\",\"target\":[\"https:\/\/www.metropolspahotel.ee\/en\/contact-us\/\"]}]},{\"@type\":\"ImageObject\",\"inLanguage\":\"en-US\",\"@id\":\"https:\/\/www.metropolspahotel.ee\/en\/contact-us\/#primaryimage\",\"url\":\"https:\/\/www.metropolspahotel.ee\/wp-content\/uploads\/sites\/54\/2025\/03\/follow-us-FB.png\",\"contentUrl\":\"https:\/\/www.metropolspahotel.ee\/wp-content\/uploads\/sites\/54\/2025\/03\/follow-us-FB.png\",\"width\":800,\"height\":400},{\"@type\":\"BreadcrumbList\",\"@id\":\"https:\/\/www.metropolspahotel.ee\/en\/contact-us\/#breadcrumb\",\"itemListElement\":[{\"@type\":\"ListItem\",\"position\":1,\"name\":\"Home\",\"item\":\"https:\/\/www.metropolspahotel.ee\/en\/\"},{\"@type\":\"ListItem\",\"position\":2,\"name\":\"Contact us\"}]},{\"@type\":\"WebSite\",\"@id\":\"https:\/\/www.metropolspahotel.ee\/en\/#website\",\"url\":\"https:\/\/www.metropolspahotel.ee\/en\/\",\"name\":\"Metropol Spa Hotel\",\"description\":\"Metropol Hotels pakub unikaalset hotellielamust Tallinna uues linnas\u00fcdames. Ideaalne valik \u00e4ri-, konverentsi- v\u00f5i puhkusereisiks!\",\"publisher\":{\"@id\":\"https:\/\/www.metropolspahotel.ee\/en\/#organization\"},\"alternateName\":\"Metropol Spa Hotel\",\"potentialAction\":[{\"@type\":\"SearchAction\",\"target\":{\"@type\":\"EntryPoint\",\"urlTemplate\":\"https:\/\/www.metropolspahotel.ee\/en\/?s={search_term_string}\"},\"query-input\":\"required name=search_term_string\"}],\"inLanguage\":\"en-US\"},{\"@type\":\"Organization\",\"@id\":\"https:\/\/www.metropolspahotel.ee\/en\/#organization\",\"name\":\"Metropol Spa Hotel\",\"alternateName\":\"Metropol Spa Hotel\",\"url\":\"https:\/\/www.metropolspahotel.ee\/en\/\",\"logo\":{\"@type\":\"ImageObject\",\"inLanguage\":\"en-US\",\"@id\":\"https:\/\/www.metropolspahotel.ee\/en\/#\/schema\/logo\/image\/\",\"url\":\"https:\/\/www.metropolspahotel.ee\/wp-content\/uploads\/sites\/54\/2023\/08\/logo_metropol_spa_hotel_c.png\",\"contentUrl\":\"https:\/\/www.metropolspahotel.ee\/wp-content\/uploads\/sites\/54\/2023\/08\/logo_metropol_spa_hotel_c.png\",\"width\":341,\"height\":115,\"caption\":\"Metropol Spa Hotel\"},\"image\":{\"@id\":\"https:\/\/www.metropolspahotel.ee\/en\/#\/schema\/logo\/image\/\"},\"sameAs\":[\"https:\/\/www.facebook.com\/MetropolSpaHotel\/\"]}]}<\/script>\n<!-- \/ Yoast SEO plugin. -->","yoast_head_json":{"title":"Contact Us | Metropol Spa Hotel Tallinnas","description":"If you have any questions or just want more information, please contact us.","robots":{"index":"index","follow":"follow","max-snippet":"max-snippet:-1","max-image-preview":"max-image-preview:large","max-video-preview":"max-video-preview:-1"},"canonical":"https:\/\/www.metropolspahotel.ee\/en\/contact-us\/","og_locale":"en_US","og_type":"article","og_title":"Contact Us | Metropol Spa Hotel Tallinnas","og_description":"If you have any questions or just want more information, please contact us.","og_url":"https:\/\/www.metropolspahotel.ee\/en\/contact-us\/","og_site_name":"Metropol Spa Hotel","article_publisher":"https:\/\/www.facebook.com\/MetropolSpaHotel\/","article_modified_time":"2025-03-17T10:55:51+00:00","og_image":[{"url":"https:\/\/hotelmetropolspa.ms2.decms.eu\/wp-content\/uploads\/sites\/54\/2025\/03\/follow-us-FB-300x150.png"}],"twitter_card":"summary_large_image","twitter_misc":{"Est. reading time":"1 minute"},"schema":{"@context":"https:\/\/schema.org","@graph":[{"@type":"WebPage","@id":"https:\/\/www.metropolspahotel.ee\/en\/contact-us\/","url":"https:\/\/www.metropolspahotel.ee\/en\/contact-us\/","name":"Contact Us | Metropol Spa Hotel Tallinnas","isPartOf":{"@id":"https:\/\/www.metropolspahotel.ee\/en\/#website"},"primaryImageOfPage":{"@id":"https:\/\/www.metropolspahotel.ee\/en\/contact-us\/#primaryimage"},"image":{"@id":"https:\/\/www.metropolspahotel.ee\/en\/contact-us\/#primaryimage"},"thumbnailUrl":"https:\/\/hotelmetropolspa.ms2.decms.eu\/wp-content\/uploads\/sites\/54\/2025\/03\/follow-us-FB-300x150.png","datePublished":"2023-08-29T14:37:33+00:00","dateModified":"2025-03-17T10:55:51+00:00","description":"If you have any questions or just want more information, please contact us.","breadcrumb":{"@id":"https:\/\/www.metropolspahotel.ee\/en\/contact-us\/#breadcrumb"},"inLanguage":"en-US","potentialAction":[{"@type":"ReadAction","target":["https:\/\/www.metropolspahotel.ee\/en\/contact-us\/"]}]},{"@type":"ImageObject","inLanguage":"en-US","@id":"https:\/\/www.metropolspahotel.ee\/en\/contact-us\/#primaryimage","url":"https:\/\/www.metropolspahotel.ee\/wp-content\/uploads\/sites\/54\/2025\/03\/follow-us-FB.png","contentUrl":"https:\/\/www.metropolspahotel.ee\/wp-content\/uploads\/sites\/54\/2025\/03\/follow-us-FB.png","width":800,"height":400},{"@type":"BreadcrumbList","@id":"https:\/\/www.metropolspahotel.ee\/en\/contact-us\/#breadcrumb","itemListElement":[{"@type":"ListItem","position":1,"name":"Home","item":"https:\/\/www.metropolspahotel.ee\/en\/"},{"@type":"ListItem","position":2,"name":"Contact us"}]},{"@type":"WebSite","@id":"https:\/\/www.metropolspahotel.ee\/en\/#website","url":"https:\/\/www.metropolspahotel.ee\/en\/","name":"Metropol Spa Hotel","description":"Metropol Hotels pakub unikaalset hotellielamust Tallinna uues linnas\u00fcdames. Ideaalne valik \u00e4ri-, konverentsi- v\u00f5i puhkusereisiks!","publisher":{"@id":"https:\/\/www.metropolspahotel.ee\/en\/#organization"},"alternateName":"Metropol Spa Hotel","potentialAction":[{"@type":"SearchAction","target":{"@type":"EntryPoint","urlTemplate":"https:\/\/www.metropolspahotel.ee\/en\/?s={search_term_string}"},"query-input":"required name=search_term_string"}],"inLanguage":"en-US"},{"@type":"Organization","@id":"https:\/\/www.metropolspahotel.ee\/en\/#organization","name":"Metropol Spa Hotel","alternateName":"Metropol Spa Hotel","url":"https:\/\/www.metropolspahotel.ee\/en\/","logo":{"@type":"ImageObject","inLanguage":"en-US","@id":"https:\/\/www.metropolspahotel.ee\/en\/#\/schema\/logo\/image\/","url":"https:\/\/www.metropolspahotel.ee\/wp-content\/uploads\/sites\/54\/2023\/08\/logo_metropol_spa_hotel_c.png","contentUrl":"https:\/\/www.metropolspahotel.ee\/wp-content\/uploads\/sites\/54\/2023\/08\/logo_metropol_spa_hotel_c.png","width":341,"height":115,"caption":"Metropol Spa Hotel"},"image":{"@id":"https:\/\/www.metropolspahotel.ee\/en\/#\/schema\/logo\/image\/"},"sameAs":["https:\/\/www.facebook.com\/MetropolSpaHotel\/"]}]}},"acf":[],"_links":{"self":[{"href":"https:\/\/www.metropolspahotel.ee\/en\/wp-json\/wp\/v2\/pages\/1062"}],"collection":[{"href":"https:\/\/www.metropolspahotel.ee\/en\/wp-json\/wp\/v2\/pages"}],"about":[{"href":"https:\/\/www.metropolspahotel.ee\/en\/wp-json\/wp\/v2\/types\/page"}],"author":[{"embeddable":true,"href":"https:\/\/www.metropolspahotel.ee\/en\/wp-json\/wp\/v2\/users\/26"}],"replies":[{"embeddable":true,"href":"https:\/\/www.metropolspahotel.ee\/en\/wp-json\/wp\/v2\/comments?post=1062"}],"version-history":[{"count":0,"href":"https:\/\/www.metropolspahotel.ee\/en\/wp-json\/wp\/v2\/pages\/1062\/revisions"}],"wp:attachment":[{"href":"https:\/\/www.metropolspahotel.ee\/en\/wp-json\/wp\/v2\/media?parent=1062"}],"curies":[{"name":"wp","href":"https:\/\/api.w.org\/{rel}","templated":true}]}}