{"id":108,"date":"2023-08-25T07:39:05","date_gmt":"2023-08-25T07:39:05","guid":{"rendered":"https:\/\/hotelmetropolspa.ms2.decms.eu\/konverentsiruumid\/"},"modified":"2026-03-16T10:05:33","modified_gmt":"2026-03-16T10:05:33","slug":"conference-rooms","status":"publish","type":"page","link":"https:\/\/www.metropolspahotel.ee\/en\/conference-rooms\/","title":{"rendered":"Conference rooms"},"content":{"rendered":"<p style=\"text-align: center\">The Metropol Spa Hotel\u2019s conference centre is homely, but still large enough to accommodate <strong>up to 120 people<\/strong>. Rooms of different sizes can be partitioned off or combined as required, offering a cosy space for modesty sized groups and a larger space for bigger groups, but still with the option of privacy.<\/p>\n<p style=\"text-align: center\">In addition, we have a round-table room with seating for up to 14 people which is perfect for smaller business meetings.<\/p>\n<p style=\"text-align: center\">If you\u2019d like even more privacy you can rent our suite on the 8th floor, which offers breathtaking views of Tallinn\u2019s Old Town and will accommodate up to eight people at its meeting table.<\/p>\n<p style=\"text-align: center\">To make life even easier for event planners, we\u2019ve put together the conference packages you\u2019ll find below.<\/p>\n","protected":false},"excerpt":{"rendered":"<p>The Metropol Spa Hotel\u2019s conference centre is homely, but still large enough to accommodate up to 120 people. Rooms of different sizes can be partitioned off or combined as required, offering a cosy space for modesty sized groups and a larger space for bigger groups, but still with the option of privacy. In addition, we [&hellip;]<\/p>\n","protected":false},"author":11,"featured_media":0,"parent":0,"menu_order":50,"comment_status":"closed","ping_status":"closed","template":"template-meeting.php","meta":{"footnotes":""},"yoast_head":"<!-- This site is optimized with the Yoast SEO plugin v22.3 - https:\/\/yoast.com\/wordpress\/plugins\/seo\/ -->\n<title>Konverentsikeskus | Metropol Spa Hotel Tallinnas<\/title>\n<meta name=\"description\" content=\"Metropol Spa konverentsikeskus on suurep\u00e4rane n\u00e4ide mitmek\u00fclgsest, h\u00e4sti l\u00e4bi m\u00f5eldud ja kasutajate vajadustega kohanevast ruumist.\" \/>\n<meta name=\"robots\" content=\"index, follow, max-snippet:-1, max-image-preview:large, max-video-preview:-1\" \/>\n<link rel=\"canonical\" href=\"https:\/\/www.metropolspahotel.ee\/en\/conference-rooms\/\" \/>\n<meta property=\"og:locale\" content=\"en_US\" \/>\n<meta property=\"og:type\" content=\"article\" \/>\n<meta property=\"og:title\" content=\"Konverentsikeskus | Metropol Spa Hotel Tallinnas\" \/>\n<meta property=\"og:description\" content=\"Metropol Spa konverentsikeskus on suurep\u00e4rane n\u00e4ide mitmek\u00fclgsest, h\u00e4sti l\u00e4bi m\u00f5eldud ja kasutajate vajadustega kohanevast ruumist.\" \/>\n<meta property=\"og:url\" content=\"https:\/\/www.metropolspahotel.ee\/en\/conference-rooms\/\" \/>\n<meta property=\"og:site_name\" content=\"Metropol Spa Hotel\" \/>\n<meta property=\"article:publisher\" content=\"https:\/\/www.facebook.com\/MetropolSpaHotel\/\" \/>\n<meta property=\"article:modified_time\" content=\"2026-03-16T10:05:33+00:00\" \/>\n<meta property=\"og:image\" content=\"https:\/\/www.metropolspahotel.ee\/wp-content\/uploads\/sites\/54\/2023\/09\/metropole_spa_hotel_gallery_37.jpg\" \/>\n\t<meta property=\"og:image:width\" content=\"1200\" \/>\n\t<meta property=\"og:image:height\" content=\"800\" \/>\n\t<meta property=\"og:image:type\" content=\"image\/jpeg\" \/>\n<meta name=\"twitter:card\" content=\"summary_large_image\" \/>\n<meta name=\"twitter:label1\" content=\"Est. reading time\" \/>\n\t<meta name=\"twitter:data1\" content=\"1 minute\" \/>\n<script type=\"application\/ld+json\" class=\"yoast-schema-graph\">{\"@context\":\"https:\/\/schema.org\",\"@graph\":[{\"@type\":\"WebPage\",\"@id\":\"https:\/\/www.metropolspahotel.ee\/en\/conference-rooms\/\",\"url\":\"https:\/\/www.metropolspahotel.ee\/en\/conference-rooms\/\",\"name\":\"Konverentsikeskus | Metropol Spa Hotel Tallinnas\",\"isPartOf\":{\"@id\":\"https:\/\/www.metropolspahotel.ee\/en\/#website\"},\"datePublished\":\"2023-08-25T07:39:05+00:00\",\"dateModified\":\"2026-03-16T10:05:33+00:00\",\"description\":\"Metropol Spa konverentsikeskus on suurep\u00e4rane n\u00e4ide mitmek\u00fclgsest, h\u00e4sti l\u00e4bi m\u00f5eldud ja kasutajate vajadustega kohanevast ruumist.\",\"breadcrumb\":{\"@id\":\"https:\/\/www.metropolspahotel.ee\/en\/conference-rooms\/#breadcrumb\"},\"inLanguage\":\"en-US\",\"potentialAction\":[{\"@type\":\"ReadAction\",\"target\":[\"https:\/\/www.metropolspahotel.ee\/en\/conference-rooms\/\"]}]},{\"@type\":\"BreadcrumbList\",\"@id\":\"https:\/\/www.metropolspahotel.ee\/en\/conference-rooms\/#breadcrumb\",\"itemListElement\":[{\"@type\":\"ListItem\",\"position\":1,\"name\":\"Home\",\"item\":\"https:\/\/www.metropolspahotel.ee\/en\/\"},{\"@type\":\"ListItem\",\"position\":2,\"name\":\"Conference rooms\"}]},{\"@type\":\"WebSite\",\"@id\":\"https:\/\/www.metropolspahotel.ee\/en\/#website\",\"url\":\"https:\/\/www.metropolspahotel.ee\/en\/\",\"name\":\"Metropol Spa Hotel\",\"description\":\"Metropol Hotels pakub unikaalset hotellielamust Tallinna uues linnas\u00fcdames. Ideaalne valik \u00e4ri-, konverentsi- v\u00f5i puhkusereisiks!\",\"publisher\":{\"@id\":\"https:\/\/www.metropolspahotel.ee\/en\/#organization\"},\"alternateName\":\"Metropol Spa Hotel\",\"potentialAction\":[{\"@type\":\"SearchAction\",\"target\":{\"@type\":\"EntryPoint\",\"urlTemplate\":\"https:\/\/www.metropolspahotel.ee\/en\/?s={search_term_string}\"},\"query-input\":\"required name=search_term_string\"}],\"inLanguage\":\"en-US\"},{\"@type\":\"Organization\",\"@id\":\"https:\/\/www.metropolspahotel.ee\/en\/#organization\",\"name\":\"Metropol Spa Hotel\",\"alternateName\":\"Metropol Spa Hotel\",\"url\":\"https:\/\/www.metropolspahotel.ee\/en\/\",\"logo\":{\"@type\":\"ImageObject\",\"inLanguage\":\"en-US\",\"@id\":\"https:\/\/www.metropolspahotel.ee\/en\/#\/schema\/logo\/image\/\",\"url\":\"https:\/\/www.metropolspahotel.ee\/wp-content\/uploads\/sites\/54\/2023\/08\/logo_metropol_spa_hotel_c.png\",\"contentUrl\":\"https:\/\/www.metropolspahotel.ee\/wp-content\/uploads\/sites\/54\/2023\/08\/logo_metropol_spa_hotel_c.png\",\"width\":341,\"height\":115,\"caption\":\"Metropol Spa Hotel\"},\"image\":{\"@id\":\"https:\/\/www.metropolspahotel.ee\/en\/#\/schema\/logo\/image\/\"},\"sameAs\":[\"https:\/\/www.facebook.com\/MetropolSpaHotel\/\"]}]}<\/script>\n<!-- \/ Yoast SEO plugin. -->","yoast_head_json":{"title":"Konverentsikeskus | Metropol Spa Hotel Tallinnas","description":"Metropol Spa konverentsikeskus on suurep\u00e4rane n\u00e4ide mitmek\u00fclgsest, h\u00e4sti l\u00e4bi m\u00f5eldud ja kasutajate vajadustega kohanevast ruumist.","robots":{"index":"index","follow":"follow","max-snippet":"max-snippet:-1","max-image-preview":"max-image-preview:large","max-video-preview":"max-video-preview:-1"},"canonical":"https:\/\/www.metropolspahotel.ee\/en\/conference-rooms\/","og_locale":"en_US","og_type":"article","og_title":"Konverentsikeskus | Metropol Spa Hotel Tallinnas","og_description":"Metropol Spa konverentsikeskus on suurep\u00e4rane n\u00e4ide mitmek\u00fclgsest, h\u00e4sti l\u00e4bi m\u00f5eldud ja kasutajate vajadustega kohanevast ruumist.","og_url":"https:\/\/www.metropolspahotel.ee\/en\/conference-rooms\/","og_site_name":"Metropol Spa Hotel","article_publisher":"https:\/\/www.facebook.com\/MetropolSpaHotel\/","article_modified_time":"2026-03-16T10:05:33+00:00","og_image":[{"width":1200,"height":800,"url":"https:\/\/www.metropolspahotel.ee\/wp-content\/uploads\/sites\/54\/2023\/09\/metropole_spa_hotel_gallery_37.jpg","type":"image\/jpeg"}],"twitter_card":"summary_large_image","twitter_misc":{"Est. reading time":"1 minute"},"schema":{"@context":"https:\/\/schema.org","@graph":[{"@type":"WebPage","@id":"https:\/\/www.metropolspahotel.ee\/en\/conference-rooms\/","url":"https:\/\/www.metropolspahotel.ee\/en\/conference-rooms\/","name":"Konverentsikeskus | Metropol Spa Hotel Tallinnas","isPartOf":{"@id":"https:\/\/www.metropolspahotel.ee\/en\/#website"},"datePublished":"2023-08-25T07:39:05+00:00","dateModified":"2026-03-16T10:05:33+00:00","description":"Metropol Spa konverentsikeskus on suurep\u00e4rane n\u00e4ide mitmek\u00fclgsest, h\u00e4sti l\u00e4bi m\u00f5eldud ja kasutajate vajadustega kohanevast ruumist.","breadcrumb":{"@id":"https:\/\/www.metropolspahotel.ee\/en\/conference-rooms\/#breadcrumb"},"inLanguage":"en-US","potentialAction":[{"@type":"ReadAction","target":["https:\/\/www.metropolspahotel.ee\/en\/conference-rooms\/"]}]},{"@type":"BreadcrumbList","@id":"https:\/\/www.metropolspahotel.ee\/en\/conference-rooms\/#breadcrumb","itemListElement":[{"@type":"ListItem","position":1,"name":"Home","item":"https:\/\/www.metropolspahotel.ee\/en\/"},{"@type":"ListItem","position":2,"name":"Conference rooms"}]},{"@type":"WebSite","@id":"https:\/\/www.metropolspahotel.ee\/en\/#website","url":"https:\/\/www.metropolspahotel.ee\/en\/","name":"Metropol Spa Hotel","description":"Metropol Hotels pakub unikaalset hotellielamust Tallinna uues linnas\u00fcdames. Ideaalne valik \u00e4ri-, konverentsi- v\u00f5i puhkusereisiks!","publisher":{"@id":"https:\/\/www.metropolspahotel.ee\/en\/#organization"},"alternateName":"Metropol Spa Hotel","potentialAction":[{"@type":"SearchAction","target":{"@type":"EntryPoint","urlTemplate":"https:\/\/www.metropolspahotel.ee\/en\/?s={search_term_string}"},"query-input":"required name=search_term_string"}],"inLanguage":"en-US"},{"@type":"Organization","@id":"https:\/\/www.metropolspahotel.ee\/en\/#organization","name":"Metropol Spa Hotel","alternateName":"Metropol Spa Hotel","url":"https:\/\/www.metropolspahotel.ee\/en\/","logo":{"@type":"ImageObject","inLanguage":"en-US","@id":"https:\/\/www.metropolspahotel.ee\/en\/#\/schema\/logo\/image\/","url":"https:\/\/www.metropolspahotel.ee\/wp-content\/uploads\/sites\/54\/2023\/08\/logo_metropol_spa_hotel_c.png","contentUrl":"https:\/\/www.metropolspahotel.ee\/wp-content\/uploads\/sites\/54\/2023\/08\/logo_metropol_spa_hotel_c.png","width":341,"height":115,"caption":"Metropol Spa Hotel"},"image":{"@id":"https:\/\/www.metropolspahotel.ee\/en\/#\/schema\/logo\/image\/"},"sameAs":["https:\/\/www.facebook.com\/MetropolSpaHotel\/"]}]}},"acf":[],"_links":{"self":[{"href":"https:\/\/www.metropolspahotel.ee\/en\/wp-json\/wp\/v2\/pages\/108"}],"collection":[{"href":"https:\/\/www.metropolspahotel.ee\/en\/wp-json\/wp\/v2\/pages"}],"about":[{"href":"https:\/\/www.metropolspahotel.ee\/en\/wp-json\/wp\/v2\/types\/page"}],"author":[{"embeddable":true,"href":"https:\/\/www.metropolspahotel.ee\/en\/wp-json\/wp\/v2\/users\/11"}],"replies":[{"embeddable":true,"href":"https:\/\/www.metropolspahotel.ee\/en\/wp-json\/wp\/v2\/comments?post=108"}],"version-history":[{"count":0,"href":"https:\/\/www.metropolspahotel.ee\/en\/wp-json\/wp\/v2\/pages\/108\/revisions"}],"wp:attachment":[{"href":"https:\/\/www.metropolspahotel.ee\/en\/wp-json\/wp\/v2\/media?parent=108"}],"curies":[{"name":"wp","href":"https:\/\/api.w.org\/{rel}","templated":true}]}}