{"id":1089,"date":"2024-03-25T08:07:27","date_gmt":"2024-03-25T08:07:27","guid":{"rendered":"https:\/\/hotelmetropolspa.ms2.decms.eu\/loogastuskeskuse-kulastaja-hea-tava\/"},"modified":"2024-09-20T14:45:59","modified_gmt":"2024-09-20T14:45:59","slug":"wellness-centre-good-practice","status":"publish","type":"page","link":"https:\/\/www.metropolspahotel.ee\/en\/wellness-centre-good-practice\/","title":{"rendered":"Wellness centre good practice"},"content":{"rendered":"<h3 style=\"text-align: center;\"><strong>Dear Guest!<\/strong><\/h3>\n<h4 style=\"text-align: center;\"><strong>It is our pleasure to welcome you to the Metropol Hotel\u2019s Wellness Centre!<\/strong><\/h4>\n<p style=\"text-align: center;\"><strong>We want all guests of the Wellness Centre to feel welcome and comfortable<\/strong><\/p>\n<p>&nbsp;<\/p>\n<ul>\n<li>Treatments can be booked on the hotel website, by phone or email, or on site at the Spa Centre reception desk on the 2nd floor of the Metropol Spa Hotel.<\/li>\n<li>Please arrive 5-10 minutes before your booked treatment to allow time to prepare for the relaxation ahead.<\/li>\n<li>Before the treatment, you will be asked to provide a medical history to make sure there are no contraindications. If in doubt, consult our spa staff.<\/li>\n<li>If you are a guest at the hotel, you may arrive in your bathrobe and slippers if you wish.<\/li>\n<li>Guests are required to pay for their treatment at the spa reception desk prior to the treatment. You can pay by cash or card.<\/li>\n<li>The spa attendant will show you the products used during the treatment and will also recommend products for home care.<\/li>\n<li>Do not hesitate to let the attendant know if you are comfortable\/uncomfortable, cold\/hot, or if the massage intensity is sufficient, etc. during the treatment.<\/li>\n<li>If you arrive later than the booked time, we cannot guarantee that you will be treated for the maximum duration. We therefore ask you to inform our administrator of any delays as soon as possible. Please note that if you are late, your treatment will be cut short by the amount of time you are late.<\/li>\n<li>Your booking will be automatically cancelled if you are late by more than half of the duration of the treatment.<\/li>\n<li>If you wish to cancel or modify your booking, please notify us at least 1 day in advance.<\/li>\n<li>The Wellness Centre is a place of peace and quiet. Please turn off your mobile phones and speak in a hushed voice.<\/li>\n<li>The Spa and Wellness Centre does not serve people who are drunk or disorderly. In this situation, the spa staff\/administrator reserve(s) the right to cancel the booked treatment.<\/li>\n<li>Your opinion is very important to us! We would greatly appreciate feedback on your spa experience. This provides us with valuable insight on how to improve our service and meet the expectations of our guests<\/li>\n<\/ul>\n<p>&nbsp;<\/p>\n<p>If you are unsure about anything, feel free to consult our spa staff.<\/p>\n<p><strong>We hope you enjoy your stay!<\/strong><\/p>\n","protected":false},"excerpt":{"rendered":"<p>Dear Guest! It is our pleasure to welcome you to the Metropol Hotel\u2019s Wellness Centre! We want all guests of the Wellness Centre to feel welcome and comfortable &nbsp; Treatments can be booked on the hotel website, by phone or email, or on site at the Spa Centre reception desk on the 2nd floor of [&hellip;]<\/p>\n","protected":false},"author":121,"featured_media":0,"parent":0,"menu_order":0,"comment_status":"closed","ping_status":"closed","template":"","meta":{"footnotes":""},"yoast_head":"<!-- This site is optimized with the Yoast SEO plugin v22.3 - https:\/\/yoast.com\/wordpress\/plugins\/seo\/ -->\n<title>Wellness centre good practice - Metropol Spa Hotel<\/title>\n<meta name=\"description\" content=\"Dear Guest! It is our pleasure to welcome you to the Metropol Hotel\u2019s Wellness Centre! We want all guests of the Wellness Centre to feel welcome and comfortable &nbsp;   Treatments can be booked on the hotel website, by phone or email, or on site at the Spa Centre reception desk on the 2nd floor of the Metropol Spa Hotel.  Please arrive 5-10 minutes before your booked treatment to allow time to prepare for the relaxation ahead.  Before the treatment, you will be asked to provide a medical history to make sure there are no contraindications. If in doubt, consult our spa staff.  If you are a guest at the hotel, you may arrive in your bathrobe and slippers if you wish.  Guests are required to pay for their treatment at the spa reception desk prior to the treatment\" \/>\n<meta name=\"robots\" content=\"index, follow, max-snippet:-1, max-image-preview:large, max-video-preview:-1\" \/>\n<link rel=\"canonical\" href=\"https:\/\/www.metropolspahotel.ee\/en\/wellness-centre-good-practice\/\" \/>\n<meta property=\"og:locale\" content=\"en_US\" \/>\n<meta property=\"og:type\" content=\"article\" \/>\n<meta property=\"og:title\" content=\"Wellness centre good practice - Metropol Spa Hotel\" \/>\n<meta property=\"og:description\" content=\"Dear Guest! It is our pleasure to welcome you to the Metropol Hotel\u2019s Wellness Centre! We want all guests of the Wellness Centre to feel welcome and comfortable &nbsp;   Treatments can be booked on the hotel website, by phone or email, or on site at the Spa Centre reception desk on the 2nd floor of the Metropol Spa Hotel.  Please arrive 5-10 minutes before your booked treatment to allow time to prepare for the relaxation ahead.  Before the treatment, you will be asked to provide a medical history to make sure there are no contraindications. If in doubt, consult our spa staff.  If you are a guest at the hotel, you may arrive in your bathrobe and slippers if you wish.  Guests are required to pay for their treatment at the spa reception desk prior to the treatment\" \/>\n<meta property=\"og:url\" content=\"https:\/\/www.metropolspahotel.ee\/en\/wellness-centre-good-practice\/\" \/>\n<meta property=\"og:site_name\" content=\"Metropol Spa Hotel\" \/>\n<meta property=\"article:publisher\" content=\"https:\/\/www.facebook.com\/MetropolSpaHotel\/\" \/>\n<meta property=\"article:modified_time\" content=\"2024-09-20T14:45:59+00:00\" \/>\n<meta property=\"og:image\" content=\"https:\/\/www.metropolspahotel.ee\/wp-content\/uploads\/sites\/54\/2023\/09\/metropole_spa_hotel_gallery_37.jpg\" \/>\n\t<meta property=\"og:image:width\" content=\"1200\" \/>\n\t<meta property=\"og:image:height\" content=\"800\" \/>\n\t<meta property=\"og:image:type\" content=\"image\/jpeg\" \/>\n<meta name=\"twitter:card\" content=\"summary_large_image\" \/>\n<meta name=\"twitter:label1\" content=\"Est. reading time\" \/>\n\t<meta name=\"twitter:data1\" content=\"2 minutes\" \/>\n<script type=\"application\/ld+json\" class=\"yoast-schema-graph\">{\"@context\":\"https:\/\/schema.org\",\"@graph\":[{\"@type\":\"WebPage\",\"@id\":\"https:\/\/www.metropolspahotel.ee\/en\/wellness-centre-good-practice\/\",\"url\":\"https:\/\/www.metropolspahotel.ee\/en\/wellness-centre-good-practice\/\",\"name\":\"Wellness centre good practice - Metropol Spa Hotel\",\"isPartOf\":{\"@id\":\"https:\/\/www.metropolspahotel.ee\/en\/#website\"},\"datePublished\":\"2024-03-25T08:07:27+00:00\",\"dateModified\":\"2024-09-20T14:45:59+00:00\",\"description\":\"Dear Guest! It is our pleasure to welcome you to the Metropol Hotel\u2019s Wellness Centre! We want all guests of the Wellness Centre to feel welcome and comfortable &nbsp; \u2022 Treatments can be booked on the hotel website, by phone or email, or on site at the Spa Centre reception desk on the 2nd floor of the Metropol Spa Hotel. \u2022 Please arrive 5-10 minutes before your booked treatment to allow time to prepare for the relaxation ahead. \u2022 Before the treatment, you will be asked to provide a medical history to make sure there are no contraindications. If in doubt, consult our spa staff. \u2022 If you are a guest at the hotel, you may arrive in your bathrobe and slippers if you wish. \u2022 Guests are required to pay for their treatment at the spa reception desk prior to the treatment\",\"breadcrumb\":{\"@id\":\"https:\/\/www.metropolspahotel.ee\/en\/wellness-centre-good-practice\/#breadcrumb\"},\"inLanguage\":\"en-US\",\"potentialAction\":[{\"@type\":\"ReadAction\",\"target\":[\"https:\/\/www.metropolspahotel.ee\/en\/wellness-centre-good-practice\/\"]}]},{\"@type\":\"BreadcrumbList\",\"@id\":\"https:\/\/www.metropolspahotel.ee\/en\/wellness-centre-good-practice\/#breadcrumb\",\"itemListElement\":[{\"@type\":\"ListItem\",\"position\":1,\"name\":\"Home\",\"item\":\"https:\/\/www.metropolspahotel.ee\/en\/\"},{\"@type\":\"ListItem\",\"position\":2,\"name\":\"Wellness centre good practice\"}]},{\"@type\":\"WebSite\",\"@id\":\"https:\/\/www.metropolspahotel.ee\/en\/#website\",\"url\":\"https:\/\/www.metropolspahotel.ee\/en\/\",\"name\":\"Metropol Spa Hotel\",\"description\":\"Metropol Hotels pakub unikaalset hotellielamust Tallinna uues linnas\u00fcdames. Ideaalne valik \u00e4ri-, konverentsi- v\u00f5i puhkusereisiks!\",\"publisher\":{\"@id\":\"https:\/\/www.metropolspahotel.ee\/en\/#organization\"},\"alternateName\":\"Metropol Spa Hotel\",\"potentialAction\":[{\"@type\":\"SearchAction\",\"target\":{\"@type\":\"EntryPoint\",\"urlTemplate\":\"https:\/\/www.metropolspahotel.ee\/en\/?s={search_term_string}\"},\"query-input\":\"required name=search_term_string\"}],\"inLanguage\":\"en-US\"},{\"@type\":\"Organization\",\"@id\":\"https:\/\/www.metropolspahotel.ee\/en\/#organization\",\"name\":\"Metropol Spa Hotel\",\"alternateName\":\"Metropol Spa Hotel\",\"url\":\"https:\/\/www.metropolspahotel.ee\/en\/\",\"logo\":{\"@type\":\"ImageObject\",\"inLanguage\":\"en-US\",\"@id\":\"https:\/\/www.metropolspahotel.ee\/en\/#\/schema\/logo\/image\/\",\"url\":\"https:\/\/www.metropolspahotel.ee\/wp-content\/uploads\/sites\/54\/2023\/08\/logo_metropol_spa_hotel_c.png\",\"contentUrl\":\"https:\/\/www.metropolspahotel.ee\/wp-content\/uploads\/sites\/54\/2023\/08\/logo_metropol_spa_hotel_c.png\",\"width\":341,\"height\":115,\"caption\":\"Metropol Spa Hotel\"},\"image\":{\"@id\":\"https:\/\/www.metropolspahotel.ee\/en\/#\/schema\/logo\/image\/\"},\"sameAs\":[\"https:\/\/www.facebook.com\/MetropolSpaHotel\/\"]}]}<\/script>\n<!-- \/ Yoast SEO plugin. -->","yoast_head_json":{"title":"Wellness centre good practice - Metropol Spa Hotel","description":"Dear Guest! It is our pleasure to welcome you to the Metropol Hotel\u2019s Wellness Centre! We want all guests of the Wellness Centre to feel welcome and comfortable &nbsp;   Treatments can be booked on the hotel website, by phone or email, or on site at the Spa Centre reception desk on the 2nd floor of the Metropol Spa Hotel.  Please arrive 5-10 minutes before your booked treatment to allow time to prepare for the relaxation ahead.  Before the treatment, you will be asked to provide a medical history to make sure there are no contraindications. If in doubt, consult our spa staff.  If you are a guest at the hotel, you may arrive in your bathrobe and slippers if you wish.  Guests are required to pay for their treatment at the spa reception desk prior to the treatment","robots":{"index":"index","follow":"follow","max-snippet":"max-snippet:-1","max-image-preview":"max-image-preview:large","max-video-preview":"max-video-preview:-1"},"canonical":"https:\/\/www.metropolspahotel.ee\/en\/wellness-centre-good-practice\/","og_locale":"en_US","og_type":"article","og_title":"Wellness centre good practice - Metropol Spa Hotel","og_description":"Dear Guest! It is our pleasure to welcome you to the Metropol Hotel\u2019s Wellness Centre! We want all guests of the Wellness Centre to feel welcome and comfortable &nbsp;   Treatments can be booked on the hotel website, by phone or email, or on site at the Spa Centre reception desk on the 2nd floor of the Metropol Spa Hotel.  Please arrive 5-10 minutes before your booked treatment to allow time to prepare for the relaxation ahead.  Before the treatment, you will be asked to provide a medical history to make sure there are no contraindications. If in doubt, consult our spa staff.  If you are a guest at the hotel, you may arrive in your bathrobe and slippers if you wish.  Guests are required to pay for their treatment at the spa reception desk prior to the treatment","og_url":"https:\/\/www.metropolspahotel.ee\/en\/wellness-centre-good-practice\/","og_site_name":"Metropol Spa Hotel","article_publisher":"https:\/\/www.facebook.com\/MetropolSpaHotel\/","article_modified_time":"2024-09-20T14:45:59+00:00","og_image":[{"width":1200,"height":800,"url":"https:\/\/www.metropolspahotel.ee\/wp-content\/uploads\/sites\/54\/2023\/09\/metropole_spa_hotel_gallery_37.jpg","type":"image\/jpeg"}],"twitter_card":"summary_large_image","twitter_misc":{"Est. reading time":"2 minutes"},"schema":{"@context":"https:\/\/schema.org","@graph":[{"@type":"WebPage","@id":"https:\/\/www.metropolspahotel.ee\/en\/wellness-centre-good-practice\/","url":"https:\/\/www.metropolspahotel.ee\/en\/wellness-centre-good-practice\/","name":"Wellness centre good practice - Metropol Spa Hotel","isPartOf":{"@id":"https:\/\/www.metropolspahotel.ee\/en\/#website"},"datePublished":"2024-03-25T08:07:27+00:00","dateModified":"2024-09-20T14:45:59+00:00","description":"Dear Guest! It is our pleasure to welcome you to the Metropol Hotel\u2019s Wellness Centre! We want all guests of the Wellness Centre to feel welcome and comfortable &nbsp; \u2022 Treatments can be booked on the hotel website, by phone or email, or on site at the Spa Centre reception desk on the 2nd floor of the Metropol Spa Hotel. \u2022 Please arrive 5-10 minutes before your booked treatment to allow time to prepare for the relaxation ahead. \u2022 Before the treatment, you will be asked to provide a medical history to make sure there are no contraindications. If in doubt, consult our spa staff. \u2022 If you are a guest at the hotel, you may arrive in your bathrobe and slippers if you wish. \u2022 Guests are required to pay for their treatment at the spa reception desk prior to the treatment","breadcrumb":{"@id":"https:\/\/www.metropolspahotel.ee\/en\/wellness-centre-good-practice\/#breadcrumb"},"inLanguage":"en-US","potentialAction":[{"@type":"ReadAction","target":["https:\/\/www.metropolspahotel.ee\/en\/wellness-centre-good-practice\/"]}]},{"@type":"BreadcrumbList","@id":"https:\/\/www.metropolspahotel.ee\/en\/wellness-centre-good-practice\/#breadcrumb","itemListElement":[{"@type":"ListItem","position":1,"name":"Home","item":"https:\/\/www.metropolspahotel.ee\/en\/"},{"@type":"ListItem","position":2,"name":"Wellness centre good practice"}]},{"@type":"WebSite","@id":"https:\/\/www.metropolspahotel.ee\/en\/#website","url":"https:\/\/www.metropolspahotel.ee\/en\/","name":"Metropol Spa Hotel","description":"Metropol Hotels pakub unikaalset hotellielamust Tallinna uues linnas\u00fcdames. Ideaalne valik \u00e4ri-, konverentsi- v\u00f5i puhkusereisiks!","publisher":{"@id":"https:\/\/www.metropolspahotel.ee\/en\/#organization"},"alternateName":"Metropol Spa Hotel","potentialAction":[{"@type":"SearchAction","target":{"@type":"EntryPoint","urlTemplate":"https:\/\/www.metropolspahotel.ee\/en\/?s={search_term_string}"},"query-input":"required name=search_term_string"}],"inLanguage":"en-US"},{"@type":"Organization","@id":"https:\/\/www.metropolspahotel.ee\/en\/#organization","name":"Metropol Spa Hotel","alternateName":"Metropol Spa Hotel","url":"https:\/\/www.metropolspahotel.ee\/en\/","logo":{"@type":"ImageObject","inLanguage":"en-US","@id":"https:\/\/www.metropolspahotel.ee\/en\/#\/schema\/logo\/image\/","url":"https:\/\/www.metropolspahotel.ee\/wp-content\/uploads\/sites\/54\/2023\/08\/logo_metropol_spa_hotel_c.png","contentUrl":"https:\/\/www.metropolspahotel.ee\/wp-content\/uploads\/sites\/54\/2023\/08\/logo_metropol_spa_hotel_c.png","width":341,"height":115,"caption":"Metropol Spa Hotel"},"image":{"@id":"https:\/\/www.metropolspahotel.ee\/en\/#\/schema\/logo\/image\/"},"sameAs":["https:\/\/www.facebook.com\/MetropolSpaHotel\/"]}]}},"acf":[],"_links":{"self":[{"href":"https:\/\/www.metropolspahotel.ee\/en\/wp-json\/wp\/v2\/pages\/1089"}],"collection":[{"href":"https:\/\/www.metropolspahotel.ee\/en\/wp-json\/wp\/v2\/pages"}],"about":[{"href":"https:\/\/www.metropolspahotel.ee\/en\/wp-json\/wp\/v2\/types\/page"}],"author":[{"embeddable":true,"href":"https:\/\/www.metropolspahotel.ee\/en\/wp-json\/wp\/v2\/users\/121"}],"replies":[{"embeddable":true,"href":"https:\/\/www.metropolspahotel.ee\/en\/wp-json\/wp\/v2\/comments?post=1089"}],"version-history":[{"count":0,"href":"https:\/\/www.metropolspahotel.ee\/en\/wp-json\/wp\/v2\/pages\/1089\/revisions"}],"wp:attachment":[{"href":"https:\/\/www.metropolspahotel.ee\/en\/wp-json\/wp\/v2\/media?parent=1089"}],"curies":[{"name":"wp","href":"https:\/\/api.w.org\/{rel}","templated":true}]}}