{"id":11,"date":"2023-07-18T14:41:51","date_gmt":"2023-07-18T14:41:51","guid":{"rendered":"https:\/\/hotelmetropolspa.ms2.decms.eu\/metropol-spa-hoteli-tubade-valik\/"},"modified":"2024-12-19T09:38:50","modified_gmt":"2024-12-19T09:38:50","slug":"hotel-rooms-in-the-spa-hotel","status":"publish","type":"page","link":"https:\/\/www.metropolspahotel.ee\/en\/hotel-rooms-in-the-spa-hotel\/","title":{"rendered":"Hotel rooms in the spa hotel"},"content":{"rendered":"<p style=\"text-align: center\"><strong>Accommodation that meets your needs!<\/strong><\/p>\n<p style=\"text-align: center\">We offer <em>Comfort<\/em>, <em>Superior<\/em> and <em>Deluxe<\/em> rooms and also <em>Junior<\/em> suites and <em>Deluxe<\/em> suites.<\/p>\n<p style=\"text-align: center\">For family stays, you can make use of rooms with an interconnecting door &#8211; keeping you close but still allowing you to enjoy some privacy. Moreover, we have suitable rooms for people with special needs, ensuring comfort and accessibility for all.<br \/>\nOur rooms also provide peace of mind for those who suffer from allergies.<\/p>\n","protected":false},"excerpt":{"rendered":"<p>Accommodation that meets your needs! We offer Comfort, Superior and Deluxe rooms and also Junior suites and Deluxe suites. For family stays, you can make use of rooms with an interconnecting door &#8211; keeping you close but still allowing you to enjoy some privacy. Moreover, we have suitable rooms for people with special needs, ensuring [&hellip;]<\/p>\n","protected":false},"author":11,"featured_media":0,"parent":0,"menu_order":10,"comment_status":"closed","ping_status":"closed","template":"template-rooms.php","meta":{"footnotes":""},"yoast_head":"<!-- This site is optimized with the Yoast SEO plugin v22.3 - https:\/\/yoast.com\/wordpress\/plugins\/seo\/ -->\n<title>Hotel rooms | Metropol Spa Hotel in Tallinn<\/title>\n<meta name=\"description\" content=\"Our spa hotel in Tallinn offers a variety of rooms tailored to meet your needs, including Comfort and Superior rooms, as well as Suites.\" \/>\n<meta name=\"robots\" content=\"index, follow, max-snippet:-1, max-image-preview:large, max-video-preview:-1\" \/>\n<link rel=\"canonical\" href=\"https:\/\/www.metropolspahotel.ee\/en\/hotel-rooms-in-the-spa-hotel\/\" \/>\n<meta property=\"og:locale\" content=\"en_US\" \/>\n<meta property=\"og:type\" content=\"article\" \/>\n<meta property=\"og:title\" content=\"Hotel rooms | Metropol Spa Hotel in Tallinn\" \/>\n<meta property=\"og:description\" content=\"Our spa hotel in Tallinn offers a variety of rooms tailored to meet your needs, including Comfort and Superior rooms, as well as Suites.\" \/>\n<meta property=\"og:url\" content=\"https:\/\/www.metropolspahotel.ee\/en\/hotel-rooms-in-the-spa-hotel\/\" \/>\n<meta property=\"og:site_name\" content=\"Metropol Spa Hotel\" \/>\n<meta property=\"article:publisher\" content=\"https:\/\/www.facebook.com\/MetropolSpaHotel\/\" \/>\n<meta property=\"article:modified_time\" content=\"2024-12-19T09:38:50+00:00\" \/>\n<meta property=\"og:image\" content=\"https:\/\/www.metropolspahotel.ee\/wp-content\/uploads\/sites\/54\/2023\/09\/metropole_spa_hotel_gallery_37.jpg\" \/>\n\t<meta property=\"og:image:width\" content=\"1200\" \/>\n\t<meta property=\"og:image:height\" content=\"800\" \/>\n\t<meta property=\"og:image:type\" content=\"image\/jpeg\" \/>\n<meta name=\"twitter:card\" content=\"summary_large_image\" \/>\n<meta name=\"twitter:label1\" content=\"Est. reading time\" \/>\n\t<meta name=\"twitter:data1\" content=\"1 minute\" \/>\n<script type=\"application\/ld+json\" class=\"yoast-schema-graph\">{\"@context\":\"https:\/\/schema.org\",\"@graph\":[{\"@type\":\"WebPage\",\"@id\":\"https:\/\/www.metropolspahotel.ee\/en\/hotel-rooms-in-the-spa-hotel\/\",\"url\":\"https:\/\/www.metropolspahotel.ee\/en\/hotel-rooms-in-the-spa-hotel\/\",\"name\":\"Hotel rooms | Metropol Spa Hotel in Tallinn\",\"isPartOf\":{\"@id\":\"https:\/\/www.metropolspahotel.ee\/en\/#website\"},\"datePublished\":\"2023-07-18T14:41:51+00:00\",\"dateModified\":\"2024-12-19T09:38:50+00:00\",\"description\":\"Our spa hotel in Tallinn offers a variety of rooms tailored to meet your needs, including Comfort and Superior rooms, as well as Suites.\",\"breadcrumb\":{\"@id\":\"https:\/\/www.metropolspahotel.ee\/en\/hotel-rooms-in-the-spa-hotel\/#breadcrumb\"},\"inLanguage\":\"en-US\",\"potentialAction\":[{\"@type\":\"ReadAction\",\"target\":[\"https:\/\/www.metropolspahotel.ee\/en\/hotel-rooms-in-the-spa-hotel\/\"]}]},{\"@type\":\"BreadcrumbList\",\"@id\":\"https:\/\/www.metropolspahotel.ee\/en\/hotel-rooms-in-the-spa-hotel\/#breadcrumb\",\"itemListElement\":[{\"@type\":\"ListItem\",\"position\":1,\"name\":\"Home\",\"item\":\"https:\/\/www.metropolspahotel.ee\/en\/\"},{\"@type\":\"ListItem\",\"position\":2,\"name\":\"Hotel rooms in the spa hotel\"}]},{\"@type\":\"WebSite\",\"@id\":\"https:\/\/www.metropolspahotel.ee\/en\/#website\",\"url\":\"https:\/\/www.metropolspahotel.ee\/en\/\",\"name\":\"Metropol Spa Hotel\",\"description\":\"Metropol Hotels pakub unikaalset hotellielamust Tallinna uues linnas\u00fcdames. Ideaalne valik \u00e4ri-, konverentsi- v\u00f5i puhkusereisiks!\",\"publisher\":{\"@id\":\"https:\/\/www.metropolspahotel.ee\/en\/#organization\"},\"alternateName\":\"Metropol Spa Hotel\",\"potentialAction\":[{\"@type\":\"SearchAction\",\"target\":{\"@type\":\"EntryPoint\",\"urlTemplate\":\"https:\/\/www.metropolspahotel.ee\/en\/?s={search_term_string}\"},\"query-input\":\"required name=search_term_string\"}],\"inLanguage\":\"en-US\"},{\"@type\":\"Organization\",\"@id\":\"https:\/\/www.metropolspahotel.ee\/en\/#organization\",\"name\":\"Metropol Spa Hotel\",\"alternateName\":\"Metropol Spa Hotel\",\"url\":\"https:\/\/www.metropolspahotel.ee\/en\/\",\"logo\":{\"@type\":\"ImageObject\",\"inLanguage\":\"en-US\",\"@id\":\"https:\/\/www.metropolspahotel.ee\/en\/#\/schema\/logo\/image\/\",\"url\":\"https:\/\/www.metropolspahotel.ee\/wp-content\/uploads\/sites\/54\/2023\/08\/logo_metropol_spa_hotel_c.png\",\"contentUrl\":\"https:\/\/www.metropolspahotel.ee\/wp-content\/uploads\/sites\/54\/2023\/08\/logo_metropol_spa_hotel_c.png\",\"width\":341,\"height\":115,\"caption\":\"Metropol Spa Hotel\"},\"image\":{\"@id\":\"https:\/\/www.metropolspahotel.ee\/en\/#\/schema\/logo\/image\/\"},\"sameAs\":[\"https:\/\/www.facebook.com\/MetropolSpaHotel\/\"]}]}<\/script>\n<!-- \/ Yoast SEO plugin. -->","yoast_head_json":{"title":"Hotel rooms | Metropol Spa Hotel in Tallinn","description":"Our spa hotel in Tallinn offers a variety of rooms tailored to meet your needs, including Comfort and Superior rooms, as well as Suites.","robots":{"index":"index","follow":"follow","max-snippet":"max-snippet:-1","max-image-preview":"max-image-preview:large","max-video-preview":"max-video-preview:-1"},"canonical":"https:\/\/www.metropolspahotel.ee\/en\/hotel-rooms-in-the-spa-hotel\/","og_locale":"en_US","og_type":"article","og_title":"Hotel rooms | Metropol Spa Hotel in Tallinn","og_description":"Our spa hotel in Tallinn offers a variety of rooms tailored to meet your needs, including Comfort and Superior rooms, as well as Suites.","og_url":"https:\/\/www.metropolspahotel.ee\/en\/hotel-rooms-in-the-spa-hotel\/","og_site_name":"Metropol Spa Hotel","article_publisher":"https:\/\/www.facebook.com\/MetropolSpaHotel\/","article_modified_time":"2024-12-19T09:38:50+00:00","og_image":[{"width":1200,"height":800,"url":"https:\/\/www.metropolspahotel.ee\/wp-content\/uploads\/sites\/54\/2023\/09\/metropole_spa_hotel_gallery_37.jpg","type":"image\/jpeg"}],"twitter_card":"summary_large_image","twitter_misc":{"Est. reading time":"1 minute"},"schema":{"@context":"https:\/\/schema.org","@graph":[{"@type":"WebPage","@id":"https:\/\/www.metropolspahotel.ee\/en\/hotel-rooms-in-the-spa-hotel\/","url":"https:\/\/www.metropolspahotel.ee\/en\/hotel-rooms-in-the-spa-hotel\/","name":"Hotel rooms | Metropol Spa Hotel in Tallinn","isPartOf":{"@id":"https:\/\/www.metropolspahotel.ee\/en\/#website"},"datePublished":"2023-07-18T14:41:51+00:00","dateModified":"2024-12-19T09:38:50+00:00","description":"Our spa hotel in Tallinn offers a variety of rooms tailored to meet your needs, including Comfort and Superior rooms, as well as Suites.","breadcrumb":{"@id":"https:\/\/www.metropolspahotel.ee\/en\/hotel-rooms-in-the-spa-hotel\/#breadcrumb"},"inLanguage":"en-US","potentialAction":[{"@type":"ReadAction","target":["https:\/\/www.metropolspahotel.ee\/en\/hotel-rooms-in-the-spa-hotel\/"]}]},{"@type":"BreadcrumbList","@id":"https:\/\/www.metropolspahotel.ee\/en\/hotel-rooms-in-the-spa-hotel\/#breadcrumb","itemListElement":[{"@type":"ListItem","position":1,"name":"Home","item":"https:\/\/www.metropolspahotel.ee\/en\/"},{"@type":"ListItem","position":2,"name":"Hotel rooms in the spa hotel"}]},{"@type":"WebSite","@id":"https:\/\/www.metropolspahotel.ee\/en\/#website","url":"https:\/\/www.metropolspahotel.ee\/en\/","name":"Metropol Spa Hotel","description":"Metropol Hotels pakub unikaalset hotellielamust Tallinna uues linnas\u00fcdames. Ideaalne valik \u00e4ri-, konverentsi- v\u00f5i puhkusereisiks!","publisher":{"@id":"https:\/\/www.metropolspahotel.ee\/en\/#organization"},"alternateName":"Metropol Spa Hotel","potentialAction":[{"@type":"SearchAction","target":{"@type":"EntryPoint","urlTemplate":"https:\/\/www.metropolspahotel.ee\/en\/?s={search_term_string}"},"query-input":"required name=search_term_string"}],"inLanguage":"en-US"},{"@type":"Organization","@id":"https:\/\/www.metropolspahotel.ee\/en\/#organization","name":"Metropol Spa Hotel","alternateName":"Metropol Spa Hotel","url":"https:\/\/www.metropolspahotel.ee\/en\/","logo":{"@type":"ImageObject","inLanguage":"en-US","@id":"https:\/\/www.metropolspahotel.ee\/en\/#\/schema\/logo\/image\/","url":"https:\/\/www.metropolspahotel.ee\/wp-content\/uploads\/sites\/54\/2023\/08\/logo_metropol_spa_hotel_c.png","contentUrl":"https:\/\/www.metropolspahotel.ee\/wp-content\/uploads\/sites\/54\/2023\/08\/logo_metropol_spa_hotel_c.png","width":341,"height":115,"caption":"Metropol Spa Hotel"},"image":{"@id":"https:\/\/www.metropolspahotel.ee\/en\/#\/schema\/logo\/image\/"},"sameAs":["https:\/\/www.facebook.com\/MetropolSpaHotel\/"]}]}},"acf":[],"_links":{"self":[{"href":"https:\/\/www.metropolspahotel.ee\/en\/wp-json\/wp\/v2\/pages\/11"}],"collection":[{"href":"https:\/\/www.metropolspahotel.ee\/en\/wp-json\/wp\/v2\/pages"}],"about":[{"href":"https:\/\/www.metropolspahotel.ee\/en\/wp-json\/wp\/v2\/types\/page"}],"author":[{"embeddable":true,"href":"https:\/\/www.metropolspahotel.ee\/en\/wp-json\/wp\/v2\/users\/11"}],"replies":[{"embeddable":true,"href":"https:\/\/www.metropolspahotel.ee\/en\/wp-json\/wp\/v2\/comments?post=11"}],"version-history":[{"count":0,"href":"https:\/\/www.metropolspahotel.ee\/en\/wp-json\/wp\/v2\/pages\/11\/revisions"}],"wp:attachment":[{"href":"https:\/\/www.metropolspahotel.ee\/en\/wp-json\/wp\/v2\/media?parent=11"}],"curies":[{"name":"wp","href":"https:\/\/api.w.org\/{rel}","templated":true}]}}