{"id":1154,"date":"2024-03-06T14:21:42","date_gmt":"2024-03-06T14:21:42","guid":{"rendered":"https:\/\/hotelmetropolspa.ms2.decms.eu\/packages\/anna-elule-varvi\/"},"modified":"2025-03-25T15:41:52","modified_gmt":"2025-03-25T15:41:52","slug":"add-colour-to-life","status":"publish","type":"page","link":"https:\/\/www.metropolspahotel.ee\/en\/packages\/add-colour-to-life\/","title":{"rendered":"ADD COLOUR TO LIFE"},"content":{"rendered":"<p class=\"p1\" style=\"text-align: center\">With the crazy pace of modern life, it is important to find ways to relax and boost your wellbeing. One enjoyable way to do this is to pair daily beauty treatments with chromotherapy, also known as colour therapy.<\/p>\n<p class=\"p1\" style=\"text-align: center\">Chromotherapy taps into the power of the seven colours of the spectrum \u2013 different wavelengths address different problems and the colour is chosen based on your needs.<\/p>\n<p class=\"p1\" style=\"text-align: center\">Add a new dimension to your treatments with colour therapy.<\/p>\n","protected":false},"excerpt":{"rendered":"<p>With the crazy pace of modern life, it is important to find ways to relax and boost your wellbeing. One enjoyable way to do this is to pair daily beauty treatments with chromotherapy, also known as colour therapy. Chromotherapy taps into the power of the seven colours of the spectrum \u2013 different wavelengths address different [&hellip;]<\/p>\n","protected":false},"author":121,"featured_media":0,"parent":59,"menu_order":300,"comment_status":"closed","ping_status":"closed","template":"template-single-spa.php","meta":{"footnotes":""},"yoast_head":"<!-- This site is optimized with the Yoast SEO plugin v22.3 - https:\/\/yoast.com\/wordpress\/plugins\/seo\/ -->\n<title>ADD COLOUR TO LIFE - Metropol Spa Hotel<\/title>\n<meta name=\"description\" content=\"With the crazy pace of modern life, it is important to find ways to relax and boost your wellbeing. One enjoyable way to do this is to pair daily beauty treatments with chromotherapy, also known as colour therapy. Chromotherapy taps into the power of the seven colours of the spectrum \u2013 different wavelengths address different problems and the colour is chosen based on your needs. Add a new dimension to your treatments with colour therapy.\" \/>\n<meta name=\"robots\" content=\"index, follow, max-snippet:-1, max-image-preview:large, max-video-preview:-1\" \/>\n<link rel=\"canonical\" href=\"https:\/\/www.metropolspahotel.ee\/en\/packages\/add-colour-to-life\/\" \/>\n<meta property=\"og:locale\" content=\"en_US\" \/>\n<meta property=\"og:type\" content=\"article\" \/>\n<meta property=\"og:title\" content=\"ADD COLOUR TO LIFE - Metropol Spa Hotel\" \/>\n<meta property=\"og:description\" content=\"With the crazy pace of modern life, it is important to find ways to relax and boost your wellbeing. One enjoyable way to do this is to pair daily beauty treatments with chromotherapy, also known as colour therapy. Chromotherapy taps into the power of the seven colours of the spectrum \u2013 different wavelengths address different problems and the colour is chosen based on your needs. Add a new dimension to your treatments with colour therapy.\" \/>\n<meta property=\"og:url\" content=\"https:\/\/www.metropolspahotel.ee\/en\/packages\/add-colour-to-life\/\" \/>\n<meta property=\"og:site_name\" content=\"Metropol Spa Hotel\" \/>\n<meta property=\"article:publisher\" content=\"https:\/\/www.facebook.com\/MetropolSpaHotel\/\" \/>\n<meta property=\"article:modified_time\" content=\"2025-03-25T15:41:52+00:00\" \/>\n<meta property=\"og:image\" content=\"https:\/\/www.metropolspahotel.ee\/wp-content\/uploads\/sites\/54\/2023\/09\/metropole_spa_hotel_gallery_37.jpg\" \/>\n\t<meta property=\"og:image:width\" content=\"1200\" \/>\n\t<meta property=\"og:image:height\" content=\"800\" \/>\n\t<meta property=\"og:image:type\" content=\"image\/jpeg\" \/>\n<meta name=\"twitter:card\" content=\"summary_large_image\" \/>\n<meta name=\"twitter:label1\" content=\"Est. reading time\" \/>\n\t<meta name=\"twitter:data1\" content=\"1 minute\" \/>\n<script type=\"application\/ld+json\" class=\"yoast-schema-graph\">{\"@context\":\"https:\/\/schema.org\",\"@graph\":[{\"@type\":\"WebPage\",\"@id\":\"https:\/\/www.metropolspahotel.ee\/en\/packages\/add-colour-to-life\/\",\"url\":\"https:\/\/www.metropolspahotel.ee\/en\/packages\/add-colour-to-life\/\",\"name\":\"ADD COLOUR TO LIFE - Metropol Spa Hotel\",\"isPartOf\":{\"@id\":\"https:\/\/www.metropolspahotel.ee\/en\/#website\"},\"datePublished\":\"2024-03-06T14:21:42+00:00\",\"dateModified\":\"2025-03-25T15:41:52+00:00\",\"description\":\"With the crazy pace of modern life, it is important to find ways to relax and boost your wellbeing. One enjoyable way to do this is to pair daily beauty treatments with chromotherapy, also known as colour therapy. Chromotherapy taps into the power of the seven colours of the spectrum \u2013 different wavelengths address different problems and the colour is chosen based on your needs. Add a new dimension to your treatments with colour therapy.\",\"breadcrumb\":{\"@id\":\"https:\/\/www.metropolspahotel.ee\/en\/packages\/add-colour-to-life\/#breadcrumb\"},\"inLanguage\":\"en-US\",\"potentialAction\":[{\"@type\":\"ReadAction\",\"target\":[\"https:\/\/www.metropolspahotel.ee\/en\/packages\/add-colour-to-life\/\"]}]},{\"@type\":\"BreadcrumbList\",\"@id\":\"https:\/\/www.metropolspahotel.ee\/en\/packages\/add-colour-to-life\/#breadcrumb\",\"itemListElement\":[{\"@type\":\"ListItem\",\"position\":1,\"name\":\"Home\",\"item\":\"https:\/\/www.metropolspahotel.ee\/en\/\"},{\"@type\":\"ListItem\",\"position\":2,\"name\":\"Packages\",\"item\":\"https:\/\/www.metropolspahotel.ee\/en\/packages\/\"},{\"@type\":\"ListItem\",\"position\":3,\"name\":\"ADD COLOUR TO LIFE\"}]},{\"@type\":\"WebSite\",\"@id\":\"https:\/\/www.metropolspahotel.ee\/en\/#website\",\"url\":\"https:\/\/www.metropolspahotel.ee\/en\/\",\"name\":\"Metropol Spa Hotel\",\"description\":\"Metropol Hotels pakub unikaalset hotellielamust Tallinna uues linnas\u00fcdames. Ideaalne valik \u00e4ri-, konverentsi- v\u00f5i puhkusereisiks!\",\"publisher\":{\"@id\":\"https:\/\/www.metropolspahotel.ee\/en\/#organization\"},\"alternateName\":\"Metropol Spa Hotel\",\"potentialAction\":[{\"@type\":\"SearchAction\",\"target\":{\"@type\":\"EntryPoint\",\"urlTemplate\":\"https:\/\/www.metropolspahotel.ee\/en\/?s={search_term_string}\"},\"query-input\":\"required name=search_term_string\"}],\"inLanguage\":\"en-US\"},{\"@type\":\"Organization\",\"@id\":\"https:\/\/www.metropolspahotel.ee\/en\/#organization\",\"name\":\"Metropol Spa Hotel\",\"alternateName\":\"Metropol Spa Hotel\",\"url\":\"https:\/\/www.metropolspahotel.ee\/en\/\",\"logo\":{\"@type\":\"ImageObject\",\"inLanguage\":\"en-US\",\"@id\":\"https:\/\/www.metropolspahotel.ee\/en\/#\/schema\/logo\/image\/\",\"url\":\"https:\/\/www.metropolspahotel.ee\/wp-content\/uploads\/sites\/54\/2023\/08\/logo_metropol_spa_hotel_c.png\",\"contentUrl\":\"https:\/\/www.metropolspahotel.ee\/wp-content\/uploads\/sites\/54\/2023\/08\/logo_metropol_spa_hotel_c.png\",\"width\":341,\"height\":115,\"caption\":\"Metropol Spa Hotel\"},\"image\":{\"@id\":\"https:\/\/www.metropolspahotel.ee\/en\/#\/schema\/logo\/image\/\"},\"sameAs\":[\"https:\/\/www.facebook.com\/MetropolSpaHotel\/\"]}]}<\/script>\n<!-- \/ Yoast SEO plugin. -->","yoast_head_json":{"title":"ADD COLOUR TO LIFE - Metropol Spa Hotel","description":"With the crazy pace of modern life, it is important to find ways to relax and boost your wellbeing. One enjoyable way to do this is to pair daily beauty treatments with chromotherapy, also known as colour therapy. Chromotherapy taps into the power of the seven colours of the spectrum \u2013 different wavelengths address different problems and the colour is chosen based on your needs. Add a new dimension to your treatments with colour therapy.","robots":{"index":"index","follow":"follow","max-snippet":"max-snippet:-1","max-image-preview":"max-image-preview:large","max-video-preview":"max-video-preview:-1"},"canonical":"https:\/\/www.metropolspahotel.ee\/en\/packages\/add-colour-to-life\/","og_locale":"en_US","og_type":"article","og_title":"ADD COLOUR TO LIFE - Metropol Spa Hotel","og_description":"With the crazy pace of modern life, it is important to find ways to relax and boost your wellbeing. One enjoyable way to do this is to pair daily beauty treatments with chromotherapy, also known as colour therapy. Chromotherapy taps into the power of the seven colours of the spectrum \u2013 different wavelengths address different problems and the colour is chosen based on your needs. Add a new dimension to your treatments with colour therapy.","og_url":"https:\/\/www.metropolspahotel.ee\/en\/packages\/add-colour-to-life\/","og_site_name":"Metropol Spa Hotel","article_publisher":"https:\/\/www.facebook.com\/MetropolSpaHotel\/","article_modified_time":"2025-03-25T15:41:52+00:00","og_image":[{"width":1200,"height":800,"url":"https:\/\/www.metropolspahotel.ee\/wp-content\/uploads\/sites\/54\/2023\/09\/metropole_spa_hotel_gallery_37.jpg","type":"image\/jpeg"}],"twitter_card":"summary_large_image","twitter_misc":{"Est. reading time":"1 minute"},"schema":{"@context":"https:\/\/schema.org","@graph":[{"@type":"WebPage","@id":"https:\/\/www.metropolspahotel.ee\/en\/packages\/add-colour-to-life\/","url":"https:\/\/www.metropolspahotel.ee\/en\/packages\/add-colour-to-life\/","name":"ADD COLOUR TO LIFE - Metropol Spa Hotel","isPartOf":{"@id":"https:\/\/www.metropolspahotel.ee\/en\/#website"},"datePublished":"2024-03-06T14:21:42+00:00","dateModified":"2025-03-25T15:41:52+00:00","description":"With the crazy pace of modern life, it is important to find ways to relax and boost your wellbeing. One enjoyable way to do this is to pair daily beauty treatments with chromotherapy, also known as colour therapy. Chromotherapy taps into the power of the seven colours of the spectrum \u2013 different wavelengths address different problems and the colour is chosen based on your needs. Add a new dimension to your treatments with colour therapy.","breadcrumb":{"@id":"https:\/\/www.metropolspahotel.ee\/en\/packages\/add-colour-to-life\/#breadcrumb"},"inLanguage":"en-US","potentialAction":[{"@type":"ReadAction","target":["https:\/\/www.metropolspahotel.ee\/en\/packages\/add-colour-to-life\/"]}]},{"@type":"BreadcrumbList","@id":"https:\/\/www.metropolspahotel.ee\/en\/packages\/add-colour-to-life\/#breadcrumb","itemListElement":[{"@type":"ListItem","position":1,"name":"Home","item":"https:\/\/www.metropolspahotel.ee\/en\/"},{"@type":"ListItem","position":2,"name":"Packages","item":"https:\/\/www.metropolspahotel.ee\/en\/packages\/"},{"@type":"ListItem","position":3,"name":"ADD COLOUR TO LIFE"}]},{"@type":"WebSite","@id":"https:\/\/www.metropolspahotel.ee\/en\/#website","url":"https:\/\/www.metropolspahotel.ee\/en\/","name":"Metropol Spa Hotel","description":"Metropol Hotels pakub unikaalset hotellielamust Tallinna uues linnas\u00fcdames. Ideaalne valik \u00e4ri-, konverentsi- v\u00f5i puhkusereisiks!","publisher":{"@id":"https:\/\/www.metropolspahotel.ee\/en\/#organization"},"alternateName":"Metropol Spa Hotel","potentialAction":[{"@type":"SearchAction","target":{"@type":"EntryPoint","urlTemplate":"https:\/\/www.metropolspahotel.ee\/en\/?s={search_term_string}"},"query-input":"required name=search_term_string"}],"inLanguage":"en-US"},{"@type":"Organization","@id":"https:\/\/www.metropolspahotel.ee\/en\/#organization","name":"Metropol Spa Hotel","alternateName":"Metropol Spa Hotel","url":"https:\/\/www.metropolspahotel.ee\/en\/","logo":{"@type":"ImageObject","inLanguage":"en-US","@id":"https:\/\/www.metropolspahotel.ee\/en\/#\/schema\/logo\/image\/","url":"https:\/\/www.metropolspahotel.ee\/wp-content\/uploads\/sites\/54\/2023\/08\/logo_metropol_spa_hotel_c.png","contentUrl":"https:\/\/www.metropolspahotel.ee\/wp-content\/uploads\/sites\/54\/2023\/08\/logo_metropol_spa_hotel_c.png","width":341,"height":115,"caption":"Metropol Spa Hotel"},"image":{"@id":"https:\/\/www.metropolspahotel.ee\/en\/#\/schema\/logo\/image\/"},"sameAs":["https:\/\/www.facebook.com\/MetropolSpaHotel\/"]}]}},"acf":[],"_links":{"self":[{"href":"https:\/\/www.metropolspahotel.ee\/en\/wp-json\/wp\/v2\/pages\/1154"}],"collection":[{"href":"https:\/\/www.metropolspahotel.ee\/en\/wp-json\/wp\/v2\/pages"}],"about":[{"href":"https:\/\/www.metropolspahotel.ee\/en\/wp-json\/wp\/v2\/types\/page"}],"author":[{"embeddable":true,"href":"https:\/\/www.metropolspahotel.ee\/en\/wp-json\/wp\/v2\/users\/121"}],"replies":[{"embeddable":true,"href":"https:\/\/www.metropolspahotel.ee\/en\/wp-json\/wp\/v2\/comments?post=1154"}],"version-history":[{"count":0,"href":"https:\/\/www.metropolspahotel.ee\/en\/wp-json\/wp\/v2\/pages\/1154\/revisions"}],"up":[{"embeddable":true,"href":"https:\/\/www.metropolspahotel.ee\/en\/wp-json\/wp\/v2\/pages\/59"}],"wp:attachment":[{"href":"https:\/\/www.metropolspahotel.ee\/en\/wp-json\/wp\/v2\/media?parent=1154"}],"curies":[{"name":"wp","href":"https:\/\/api.w.org\/{rel}","templated":true}]}}