{"id":1167,"date":"2024-03-06T14:23:57","date_gmt":"2024-03-06T14:23:57","guid":{"rendered":"https:\/\/hotelmetropolspa.ms2.decms.eu\/packages\/massaaz-ja-spaa\/"},"modified":"2025-03-25T16:23:45","modified_gmt":"2025-03-25T16:23:45","slug":"massage-and-spa","status":"publish","type":"page","link":"https:\/\/www.metropolspahotel.ee\/en\/packages\/massage-and-spa\/","title":{"rendered":"MASSAGE AND SPA"},"content":{"rendered":"<p class=\"p1\" style=\"text-align: center\">Massage is a real treat, isn\u2019t it?<\/p>\n<p class=\"p1\" style=\"text-align: center\">It relaxes, heals, relieves stress, eases muscular tension&#8230; Add to this a visit to the pool, saunas and four Jacuzzis in the water and sauna centre and your body and mind are in for a complete reboot.<\/p>\n<p class=\"p1\" style=\"text-align: center\">Why not come for three visits to try out all the massages included in the package.<\/p>\n","protected":false},"excerpt":{"rendered":"<p>Massage is a real treat, isn\u2019t it? It relaxes, heals, relieves stress, eases muscular tension&#8230; Add to this a visit to the pool, saunas and four Jacuzzis in the water and sauna centre and your body and mind are in for a complete reboot. Why not come for three visits to try out all the [&hellip;]<\/p>\n","protected":false},"author":121,"featured_media":0,"parent":59,"menu_order":302,"comment_status":"closed","ping_status":"closed","template":"template-single-spa.php","meta":{"footnotes":""},"yoast_head":"<!-- This site is optimized with the Yoast SEO plugin v22.3 - https:\/\/yoast.com\/wordpress\/plugins\/seo\/ -->\n<title>MASSAGE AND SPA - Metropol Spa Hotel<\/title>\n<meta name=\"description\" content=\"Massage is a real treat, isn\u2019t it? It relaxes, heals, relieves stress, eases muscular tension... Add to this a visit to the pool, saunas and four Jacuzzis in the water and sauna centre and your body and mind are in for a complete reboot. Why not come for three visits to try out all the massages included in the package.\" \/>\n<meta name=\"robots\" content=\"index, follow, max-snippet:-1, max-image-preview:large, max-video-preview:-1\" \/>\n<link rel=\"canonical\" href=\"https:\/\/www.metropolspahotel.ee\/en\/packages\/massage-and-spa\/\" \/>\n<meta property=\"og:locale\" content=\"en_US\" \/>\n<meta property=\"og:type\" content=\"article\" \/>\n<meta property=\"og:title\" content=\"MASSAGE AND SPA - Metropol Spa Hotel\" \/>\n<meta property=\"og:description\" content=\"Massage is a real treat, isn\u2019t it? It relaxes, heals, relieves stress, eases muscular tension... Add to this a visit to the pool, saunas and four Jacuzzis in the water and sauna centre and your body and mind are in for a complete reboot. Why not come for three visits to try out all the massages included in the package.\" \/>\n<meta property=\"og:url\" content=\"https:\/\/www.metropolspahotel.ee\/en\/packages\/massage-and-spa\/\" \/>\n<meta property=\"og:site_name\" content=\"Metropol Spa Hotel\" \/>\n<meta property=\"article:publisher\" content=\"https:\/\/www.facebook.com\/MetropolSpaHotel\/\" \/>\n<meta property=\"article:modified_time\" content=\"2025-03-25T16:23:45+00:00\" \/>\n<meta property=\"og:image\" content=\"https:\/\/www.metropolspahotel.ee\/wp-content\/uploads\/sites\/54\/2023\/09\/metropole_spa_hotel_gallery_37.jpg\" \/>\n\t<meta property=\"og:image:width\" content=\"1200\" \/>\n\t<meta property=\"og:image:height\" content=\"800\" \/>\n\t<meta property=\"og:image:type\" content=\"image\/jpeg\" \/>\n<meta name=\"twitter:card\" content=\"summary_large_image\" \/>\n<meta name=\"twitter:label1\" content=\"Est. reading time\" \/>\n\t<meta name=\"twitter:data1\" content=\"1 minute\" \/>\n<script type=\"application\/ld+json\" class=\"yoast-schema-graph\">{\"@context\":\"https:\/\/schema.org\",\"@graph\":[{\"@type\":\"WebPage\",\"@id\":\"https:\/\/www.metropolspahotel.ee\/en\/packages\/massage-and-spa\/\",\"url\":\"https:\/\/www.metropolspahotel.ee\/en\/packages\/massage-and-spa\/\",\"name\":\"MASSAGE AND SPA - Metropol Spa Hotel\",\"isPartOf\":{\"@id\":\"https:\/\/www.metropolspahotel.ee\/en\/#website\"},\"datePublished\":\"2024-03-06T14:23:57+00:00\",\"dateModified\":\"2025-03-25T16:23:45+00:00\",\"description\":\"Massage is a real treat, isn\u2019t it? It relaxes, heals, relieves stress, eases muscular tension... Add to this a visit to the pool, saunas and four Jacuzzis in the water and sauna centre and your body and mind are in for a complete reboot. Why not come for three visits to try out all the massages included in the package.\",\"breadcrumb\":{\"@id\":\"https:\/\/www.metropolspahotel.ee\/en\/packages\/massage-and-spa\/#breadcrumb\"},\"inLanguage\":\"en-US\",\"potentialAction\":[{\"@type\":\"ReadAction\",\"target\":[\"https:\/\/www.metropolspahotel.ee\/en\/packages\/massage-and-spa\/\"]}]},{\"@type\":\"BreadcrumbList\",\"@id\":\"https:\/\/www.metropolspahotel.ee\/en\/packages\/massage-and-spa\/#breadcrumb\",\"itemListElement\":[{\"@type\":\"ListItem\",\"position\":1,\"name\":\"Home\",\"item\":\"https:\/\/www.metropolspahotel.ee\/en\/\"},{\"@type\":\"ListItem\",\"position\":2,\"name\":\"Packages\",\"item\":\"https:\/\/www.metropolspahotel.ee\/en\/packages\/\"},{\"@type\":\"ListItem\",\"position\":3,\"name\":\"MASSAGE AND SPA\"}]},{\"@type\":\"WebSite\",\"@id\":\"https:\/\/www.metropolspahotel.ee\/en\/#website\",\"url\":\"https:\/\/www.metropolspahotel.ee\/en\/\",\"name\":\"Metropol Spa Hotel\",\"description\":\"Metropol Hotels pakub unikaalset hotellielamust Tallinna uues linnas\u00fcdames. Ideaalne valik \u00e4ri-, konverentsi- v\u00f5i puhkusereisiks!\",\"publisher\":{\"@id\":\"https:\/\/www.metropolspahotel.ee\/en\/#organization\"},\"alternateName\":\"Metropol Spa Hotel\",\"potentialAction\":[{\"@type\":\"SearchAction\",\"target\":{\"@type\":\"EntryPoint\",\"urlTemplate\":\"https:\/\/www.metropolspahotel.ee\/en\/?s={search_term_string}\"},\"query-input\":\"required name=search_term_string\"}],\"inLanguage\":\"en-US\"},{\"@type\":\"Organization\",\"@id\":\"https:\/\/www.metropolspahotel.ee\/en\/#organization\",\"name\":\"Metropol Spa Hotel\",\"alternateName\":\"Metropol Spa Hotel\",\"url\":\"https:\/\/www.metropolspahotel.ee\/en\/\",\"logo\":{\"@type\":\"ImageObject\",\"inLanguage\":\"en-US\",\"@id\":\"https:\/\/www.metropolspahotel.ee\/en\/#\/schema\/logo\/image\/\",\"url\":\"https:\/\/www.metropolspahotel.ee\/wp-content\/uploads\/sites\/54\/2023\/08\/logo_metropol_spa_hotel_c.png\",\"contentUrl\":\"https:\/\/www.metropolspahotel.ee\/wp-content\/uploads\/sites\/54\/2023\/08\/logo_metropol_spa_hotel_c.png\",\"width\":341,\"height\":115,\"caption\":\"Metropol Spa Hotel\"},\"image\":{\"@id\":\"https:\/\/www.metropolspahotel.ee\/en\/#\/schema\/logo\/image\/\"},\"sameAs\":[\"https:\/\/www.facebook.com\/MetropolSpaHotel\/\"]}]}<\/script>\n<!-- \/ Yoast SEO plugin. -->","yoast_head_json":{"title":"MASSAGE AND SPA - Metropol Spa Hotel","description":"Massage is a real treat, isn\u2019t it? It relaxes, heals, relieves stress, eases muscular tension... Add to this a visit to the pool, saunas and four Jacuzzis in the water and sauna centre and your body and mind are in for a complete reboot. Why not come for three visits to try out all the massages included in the package.","robots":{"index":"index","follow":"follow","max-snippet":"max-snippet:-1","max-image-preview":"max-image-preview:large","max-video-preview":"max-video-preview:-1"},"canonical":"https:\/\/www.metropolspahotel.ee\/en\/packages\/massage-and-spa\/","og_locale":"en_US","og_type":"article","og_title":"MASSAGE AND SPA - Metropol Spa Hotel","og_description":"Massage is a real treat, isn\u2019t it? It relaxes, heals, relieves stress, eases muscular tension... Add to this a visit to the pool, saunas and four Jacuzzis in the water and sauna centre and your body and mind are in for a complete reboot. Why not come for three visits to try out all the massages included in the package.","og_url":"https:\/\/www.metropolspahotel.ee\/en\/packages\/massage-and-spa\/","og_site_name":"Metropol Spa Hotel","article_publisher":"https:\/\/www.facebook.com\/MetropolSpaHotel\/","article_modified_time":"2025-03-25T16:23:45+00:00","og_image":[{"width":1200,"height":800,"url":"https:\/\/www.metropolspahotel.ee\/wp-content\/uploads\/sites\/54\/2023\/09\/metropole_spa_hotel_gallery_37.jpg","type":"image\/jpeg"}],"twitter_card":"summary_large_image","twitter_misc":{"Est. reading time":"1 minute"},"schema":{"@context":"https:\/\/schema.org","@graph":[{"@type":"WebPage","@id":"https:\/\/www.metropolspahotel.ee\/en\/packages\/massage-and-spa\/","url":"https:\/\/www.metropolspahotel.ee\/en\/packages\/massage-and-spa\/","name":"MASSAGE AND SPA - Metropol Spa Hotel","isPartOf":{"@id":"https:\/\/www.metropolspahotel.ee\/en\/#website"},"datePublished":"2024-03-06T14:23:57+00:00","dateModified":"2025-03-25T16:23:45+00:00","description":"Massage is a real treat, isn\u2019t it? It relaxes, heals, relieves stress, eases muscular tension... Add to this a visit to the pool, saunas and four Jacuzzis in the water and sauna centre and your body and mind are in for a complete reboot. Why not come for three visits to try out all the massages included in the package.","breadcrumb":{"@id":"https:\/\/www.metropolspahotel.ee\/en\/packages\/massage-and-spa\/#breadcrumb"},"inLanguage":"en-US","potentialAction":[{"@type":"ReadAction","target":["https:\/\/www.metropolspahotel.ee\/en\/packages\/massage-and-spa\/"]}]},{"@type":"BreadcrumbList","@id":"https:\/\/www.metropolspahotel.ee\/en\/packages\/massage-and-spa\/#breadcrumb","itemListElement":[{"@type":"ListItem","position":1,"name":"Home","item":"https:\/\/www.metropolspahotel.ee\/en\/"},{"@type":"ListItem","position":2,"name":"Packages","item":"https:\/\/www.metropolspahotel.ee\/en\/packages\/"},{"@type":"ListItem","position":3,"name":"MASSAGE AND SPA"}]},{"@type":"WebSite","@id":"https:\/\/www.metropolspahotel.ee\/en\/#website","url":"https:\/\/www.metropolspahotel.ee\/en\/","name":"Metropol Spa Hotel","description":"Metropol Hotels pakub unikaalset hotellielamust Tallinna uues linnas\u00fcdames. Ideaalne valik \u00e4ri-, konverentsi- v\u00f5i puhkusereisiks!","publisher":{"@id":"https:\/\/www.metropolspahotel.ee\/en\/#organization"},"alternateName":"Metropol Spa Hotel","potentialAction":[{"@type":"SearchAction","target":{"@type":"EntryPoint","urlTemplate":"https:\/\/www.metropolspahotel.ee\/en\/?s={search_term_string}"},"query-input":"required name=search_term_string"}],"inLanguage":"en-US"},{"@type":"Organization","@id":"https:\/\/www.metropolspahotel.ee\/en\/#organization","name":"Metropol Spa Hotel","alternateName":"Metropol Spa Hotel","url":"https:\/\/www.metropolspahotel.ee\/en\/","logo":{"@type":"ImageObject","inLanguage":"en-US","@id":"https:\/\/www.metropolspahotel.ee\/en\/#\/schema\/logo\/image\/","url":"https:\/\/www.metropolspahotel.ee\/wp-content\/uploads\/sites\/54\/2023\/08\/logo_metropol_spa_hotel_c.png","contentUrl":"https:\/\/www.metropolspahotel.ee\/wp-content\/uploads\/sites\/54\/2023\/08\/logo_metropol_spa_hotel_c.png","width":341,"height":115,"caption":"Metropol Spa Hotel"},"image":{"@id":"https:\/\/www.metropolspahotel.ee\/en\/#\/schema\/logo\/image\/"},"sameAs":["https:\/\/www.facebook.com\/MetropolSpaHotel\/"]}]}},"acf":[],"_links":{"self":[{"href":"https:\/\/www.metropolspahotel.ee\/en\/wp-json\/wp\/v2\/pages\/1167"}],"collection":[{"href":"https:\/\/www.metropolspahotel.ee\/en\/wp-json\/wp\/v2\/pages"}],"about":[{"href":"https:\/\/www.metropolspahotel.ee\/en\/wp-json\/wp\/v2\/types\/page"}],"author":[{"embeddable":true,"href":"https:\/\/www.metropolspahotel.ee\/en\/wp-json\/wp\/v2\/users\/121"}],"replies":[{"embeddable":true,"href":"https:\/\/www.metropolspahotel.ee\/en\/wp-json\/wp\/v2\/comments?post=1167"}],"version-history":[{"count":0,"href":"https:\/\/www.metropolspahotel.ee\/en\/wp-json\/wp\/v2\/pages\/1167\/revisions"}],"up":[{"embeddable":true,"href":"https:\/\/www.metropolspahotel.ee\/en\/wp-json\/wp\/v2\/pages\/59"}],"wp:attachment":[{"href":"https:\/\/www.metropolspahotel.ee\/en\/wp-json\/wp\/v2\/media?parent=1167"}],"curies":[{"name":"wp","href":"https:\/\/api.w.org\/{rel}","templated":true}]}}