{"id":1201,"date":"2024-06-11T11:49:47","date_gmt":"2024-06-11T11:49:47","guid":{"rendered":"https:\/\/hotelmetropolspa.ms2.decms.eu\/wondering-what-to-do-in-tallinn\/tallinna-teletorn\/"},"modified":"2024-09-20T15:42:19","modified_gmt":"2024-09-20T15:42:19","slug":"tallinn-tv-tower","status":"publish","type":"page","link":"https:\/\/www.metropolspahotel.ee\/en\/wondering-what-to-do-in-tallinn\/tallinn-tv-tower\/","title":{"rendered":"Tallinn TV Tower"},"content":{"rendered":"<p style=\"text-align: center;\">You are awaited by the tallest open-view platform in the Nordic countries, standing at 175 meters, a landmark offering panoramic views of Tallinn. If the TV Tower were a residential building, it would soar to 65 floors. A 56-second elevator ride takes you to the 21st floor, where you can enjoy a 360-degree view of Tallinn and its surroundings.<\/p>\n<p style=\"text-align: center;\">History, culture, and Estonian delicacies await, enhanced by the thrill of an extreme edge walk.<\/p>\n<p style=\"text-align: center;\"><strong>Tallinn TV Tower &#8211; a landmark that changes perspectives and creates unforgettable experiences.<\/strong><\/p>\n","protected":false},"excerpt":{"rendered":"<p>You are awaited by the tallest open-view platform in the Nordic countries, standing at 175 meters, a landmark offering panoramic views of Tallinn. If the TV Tower were a residential building, it would soar to 65 floors. A 56-second elevator ride takes you to the 21st floor, where you can enjoy a 360-degree view of [&hellip;]<\/p>\n","protected":false},"author":121,"featured_media":907,"parent":970,"menu_order":0,"comment_status":"closed","ping_status":"closed","template":"template-default-2.php","meta":{"footnotes":""},"yoast_head":"<!-- This site is optimized with the Yoast SEO plugin v22.3 - https:\/\/yoast.com\/wordpress\/plugins\/seo\/ -->\n<title>Tallinn TV Tower - Metropol Spa Hotel<\/title>\n<meta name=\"description\" content=\"Tallinn TV Tower - a landmark that changes perspectives and creates unforgettable experiences.\" \/>\n<meta name=\"robots\" content=\"index, follow, max-snippet:-1, max-image-preview:large, max-video-preview:-1\" \/>\n<link rel=\"canonical\" href=\"https:\/\/www.metropolspahotel.ee\/en\/wondering-what-to-do-in-tallinn\/tallinn-tv-tower\/\" \/>\n<meta property=\"og:locale\" content=\"en_US\" \/>\n<meta property=\"og:type\" content=\"article\" \/>\n<meta property=\"og:title\" content=\"Tallinn TV Tower - Metropol Spa Hotel\" \/>\n<meta property=\"og:description\" content=\"Tallinn TV Tower - a landmark that changes perspectives and creates unforgettable experiences.\" \/>\n<meta property=\"og:url\" content=\"https:\/\/www.metropolspahotel.ee\/en\/wondering-what-to-do-in-tallinn\/tallinn-tv-tower\/\" \/>\n<meta property=\"og:site_name\" content=\"Metropol Spa Hotel\" \/>\n<meta property=\"article:publisher\" content=\"https:\/\/www.facebook.com\/MetropolSpaHotel\/\" \/>\n<meta property=\"article:modified_time\" content=\"2024-09-20T15:42:19+00:00\" \/>\n<meta property=\"og:image\" content=\"https:\/\/www.metropolspahotel.ee\/wp-content\/uploads\/sites\/54\/2024\/06\/bg-servakond-1024x427-1.jpg\" \/>\n\t<meta property=\"og:image:width\" content=\"1024\" \/>\n\t<meta property=\"og:image:height\" content=\"427\" \/>\n\t<meta property=\"og:image:type\" content=\"image\/jpeg\" \/>\n<meta name=\"twitter:card\" content=\"summary_large_image\" \/>\n<meta name=\"twitter:label1\" content=\"Est. reading time\" \/>\n\t<meta name=\"twitter:data1\" content=\"1 minute\" \/>\n<script type=\"application\/ld+json\" class=\"yoast-schema-graph\">{\"@context\":\"https:\/\/schema.org\",\"@graph\":[{\"@type\":\"WebPage\",\"@id\":\"https:\/\/www.metropolspahotel.ee\/en\/wondering-what-to-do-in-tallinn\/tallinn-tv-tower\/\",\"url\":\"https:\/\/www.metropolspahotel.ee\/en\/wondering-what-to-do-in-tallinn\/tallinn-tv-tower\/\",\"name\":\"Tallinn TV Tower - Metropol Spa Hotel\",\"isPartOf\":{\"@id\":\"https:\/\/www.metropolspahotel.ee\/en\/#website\"},\"primaryImageOfPage\":{\"@id\":\"https:\/\/www.metropolspahotel.ee\/en\/wondering-what-to-do-in-tallinn\/tallinn-tv-tower\/#primaryimage\"},\"image\":{\"@id\":\"https:\/\/www.metropolspahotel.ee\/en\/wondering-what-to-do-in-tallinn\/tallinn-tv-tower\/#primaryimage\"},\"thumbnailUrl\":\"https:\/\/www.metropolspahotel.ee\/wp-content\/uploads\/sites\/54\/2024\/06\/bg-servakond-1024x427-1.jpg\",\"datePublished\":\"2024-06-11T11:49:47+00:00\",\"dateModified\":\"2024-09-20T15:42:19+00:00\",\"description\":\"Tallinn TV Tower - a landmark that changes perspectives and creates unforgettable experiences.\",\"breadcrumb\":{\"@id\":\"https:\/\/www.metropolspahotel.ee\/en\/wondering-what-to-do-in-tallinn\/tallinn-tv-tower\/#breadcrumb\"},\"inLanguage\":\"en-US\",\"potentialAction\":[{\"@type\":\"ReadAction\",\"target\":[\"https:\/\/www.metropolspahotel.ee\/en\/wondering-what-to-do-in-tallinn\/tallinn-tv-tower\/\"]}]},{\"@type\":\"ImageObject\",\"inLanguage\":\"en-US\",\"@id\":\"https:\/\/www.metropolspahotel.ee\/en\/wondering-what-to-do-in-tallinn\/tallinn-tv-tower\/#primaryimage\",\"url\":\"https:\/\/www.metropolspahotel.ee\/wp-content\/uploads\/sites\/54\/2024\/06\/bg-servakond-1024x427-1.jpg\",\"contentUrl\":\"https:\/\/www.metropolspahotel.ee\/wp-content\/uploads\/sites\/54\/2024\/06\/bg-servakond-1024x427-1.jpg\",\"width\":1024,\"height\":427},{\"@type\":\"BreadcrumbList\",\"@id\":\"https:\/\/www.metropolspahotel.ee\/en\/wondering-what-to-do-in-tallinn\/tallinn-tv-tower\/#breadcrumb\",\"itemListElement\":[{\"@type\":\"ListItem\",\"position\":1,\"name\":\"Home\",\"item\":\"https:\/\/www.metropolspahotel.ee\/en\/\"},{\"@type\":\"ListItem\",\"position\":2,\"name\":\"Wondering what to do in Tallinn?\",\"item\":\"https:\/\/www.metropolspahotel.ee\/en\/wondering-what-to-do-in-tallinn\/\"},{\"@type\":\"ListItem\",\"position\":3,\"name\":\"Tallinn TV Tower\"}]},{\"@type\":\"WebSite\",\"@id\":\"https:\/\/www.metropolspahotel.ee\/en\/#website\",\"url\":\"https:\/\/www.metropolspahotel.ee\/en\/\",\"name\":\"Metropol Spa Hotel\",\"description\":\"Metropol Hotels pakub unikaalset hotellielamust Tallinna uues linnas\u00fcdames. Ideaalne valik \u00e4ri-, konverentsi- v\u00f5i puhkusereisiks!\",\"publisher\":{\"@id\":\"https:\/\/www.metropolspahotel.ee\/en\/#organization\"},\"alternateName\":\"Metropol Spa Hotel\",\"potentialAction\":[{\"@type\":\"SearchAction\",\"target\":{\"@type\":\"EntryPoint\",\"urlTemplate\":\"https:\/\/www.metropolspahotel.ee\/en\/?s={search_term_string}\"},\"query-input\":\"required name=search_term_string\"}],\"inLanguage\":\"en-US\"},{\"@type\":\"Organization\",\"@id\":\"https:\/\/www.metropolspahotel.ee\/en\/#organization\",\"name\":\"Metropol Spa Hotel\",\"alternateName\":\"Metropol Spa Hotel\",\"url\":\"https:\/\/www.metropolspahotel.ee\/en\/\",\"logo\":{\"@type\":\"ImageObject\",\"inLanguage\":\"en-US\",\"@id\":\"https:\/\/www.metropolspahotel.ee\/en\/#\/schema\/logo\/image\/\",\"url\":\"https:\/\/www.metropolspahotel.ee\/wp-content\/uploads\/sites\/54\/2023\/08\/logo_metropol_spa_hotel_c.png\",\"contentUrl\":\"https:\/\/www.metropolspahotel.ee\/wp-content\/uploads\/sites\/54\/2023\/08\/logo_metropol_spa_hotel_c.png\",\"width\":341,\"height\":115,\"caption\":\"Metropol Spa Hotel\"},\"image\":{\"@id\":\"https:\/\/www.metropolspahotel.ee\/en\/#\/schema\/logo\/image\/\"},\"sameAs\":[\"https:\/\/www.facebook.com\/MetropolSpaHotel\/\"]}]}<\/script>\n<!-- \/ Yoast SEO plugin. -->","yoast_head_json":{"title":"Tallinn TV Tower - Metropol Spa Hotel","description":"Tallinn TV Tower - a landmark that changes perspectives and creates unforgettable experiences.","robots":{"index":"index","follow":"follow","max-snippet":"max-snippet:-1","max-image-preview":"max-image-preview:large","max-video-preview":"max-video-preview:-1"},"canonical":"https:\/\/www.metropolspahotel.ee\/en\/wondering-what-to-do-in-tallinn\/tallinn-tv-tower\/","og_locale":"en_US","og_type":"article","og_title":"Tallinn TV Tower - Metropol Spa Hotel","og_description":"Tallinn TV Tower - a landmark that changes perspectives and creates unforgettable experiences.","og_url":"https:\/\/www.metropolspahotel.ee\/en\/wondering-what-to-do-in-tallinn\/tallinn-tv-tower\/","og_site_name":"Metropol Spa Hotel","article_publisher":"https:\/\/www.facebook.com\/MetropolSpaHotel\/","article_modified_time":"2024-09-20T15:42:19+00:00","og_image":[{"width":1024,"height":427,"url":"https:\/\/www.metropolspahotel.ee\/wp-content\/uploads\/sites\/54\/2024\/06\/bg-servakond-1024x427-1.jpg","type":"image\/jpeg"}],"twitter_card":"summary_large_image","twitter_misc":{"Est. reading time":"1 minute"},"schema":{"@context":"https:\/\/schema.org","@graph":[{"@type":"WebPage","@id":"https:\/\/www.metropolspahotel.ee\/en\/wondering-what-to-do-in-tallinn\/tallinn-tv-tower\/","url":"https:\/\/www.metropolspahotel.ee\/en\/wondering-what-to-do-in-tallinn\/tallinn-tv-tower\/","name":"Tallinn TV Tower - Metropol Spa Hotel","isPartOf":{"@id":"https:\/\/www.metropolspahotel.ee\/en\/#website"},"primaryImageOfPage":{"@id":"https:\/\/www.metropolspahotel.ee\/en\/wondering-what-to-do-in-tallinn\/tallinn-tv-tower\/#primaryimage"},"image":{"@id":"https:\/\/www.metropolspahotel.ee\/en\/wondering-what-to-do-in-tallinn\/tallinn-tv-tower\/#primaryimage"},"thumbnailUrl":"https:\/\/www.metropolspahotel.ee\/wp-content\/uploads\/sites\/54\/2024\/06\/bg-servakond-1024x427-1.jpg","datePublished":"2024-06-11T11:49:47+00:00","dateModified":"2024-09-20T15:42:19+00:00","description":"Tallinn TV Tower - a landmark that changes perspectives and creates unforgettable experiences.","breadcrumb":{"@id":"https:\/\/www.metropolspahotel.ee\/en\/wondering-what-to-do-in-tallinn\/tallinn-tv-tower\/#breadcrumb"},"inLanguage":"en-US","potentialAction":[{"@type":"ReadAction","target":["https:\/\/www.metropolspahotel.ee\/en\/wondering-what-to-do-in-tallinn\/tallinn-tv-tower\/"]}]},{"@type":"ImageObject","inLanguage":"en-US","@id":"https:\/\/www.metropolspahotel.ee\/en\/wondering-what-to-do-in-tallinn\/tallinn-tv-tower\/#primaryimage","url":"https:\/\/www.metropolspahotel.ee\/wp-content\/uploads\/sites\/54\/2024\/06\/bg-servakond-1024x427-1.jpg","contentUrl":"https:\/\/www.metropolspahotel.ee\/wp-content\/uploads\/sites\/54\/2024\/06\/bg-servakond-1024x427-1.jpg","width":1024,"height":427},{"@type":"BreadcrumbList","@id":"https:\/\/www.metropolspahotel.ee\/en\/wondering-what-to-do-in-tallinn\/tallinn-tv-tower\/#breadcrumb","itemListElement":[{"@type":"ListItem","position":1,"name":"Home","item":"https:\/\/www.metropolspahotel.ee\/en\/"},{"@type":"ListItem","position":2,"name":"Wondering what to do in Tallinn?","item":"https:\/\/www.metropolspahotel.ee\/en\/wondering-what-to-do-in-tallinn\/"},{"@type":"ListItem","position":3,"name":"Tallinn TV Tower"}]},{"@type":"WebSite","@id":"https:\/\/www.metropolspahotel.ee\/en\/#website","url":"https:\/\/www.metropolspahotel.ee\/en\/","name":"Metropol Spa Hotel","description":"Metropol Hotels pakub unikaalset hotellielamust Tallinna uues linnas\u00fcdames. Ideaalne valik \u00e4ri-, konverentsi- v\u00f5i puhkusereisiks!","publisher":{"@id":"https:\/\/www.metropolspahotel.ee\/en\/#organization"},"alternateName":"Metropol Spa Hotel","potentialAction":[{"@type":"SearchAction","target":{"@type":"EntryPoint","urlTemplate":"https:\/\/www.metropolspahotel.ee\/en\/?s={search_term_string}"},"query-input":"required name=search_term_string"}],"inLanguage":"en-US"},{"@type":"Organization","@id":"https:\/\/www.metropolspahotel.ee\/en\/#organization","name":"Metropol Spa Hotel","alternateName":"Metropol Spa Hotel","url":"https:\/\/www.metropolspahotel.ee\/en\/","logo":{"@type":"ImageObject","inLanguage":"en-US","@id":"https:\/\/www.metropolspahotel.ee\/en\/#\/schema\/logo\/image\/","url":"https:\/\/www.metropolspahotel.ee\/wp-content\/uploads\/sites\/54\/2023\/08\/logo_metropol_spa_hotel_c.png","contentUrl":"https:\/\/www.metropolspahotel.ee\/wp-content\/uploads\/sites\/54\/2023\/08\/logo_metropol_spa_hotel_c.png","width":341,"height":115,"caption":"Metropol Spa Hotel"},"image":{"@id":"https:\/\/www.metropolspahotel.ee\/en\/#\/schema\/logo\/image\/"},"sameAs":["https:\/\/www.facebook.com\/MetropolSpaHotel\/"]}]}},"acf":[],"_links":{"self":[{"href":"https:\/\/www.metropolspahotel.ee\/en\/wp-json\/wp\/v2\/pages\/1201"}],"collection":[{"href":"https:\/\/www.metropolspahotel.ee\/en\/wp-json\/wp\/v2\/pages"}],"about":[{"href":"https:\/\/www.metropolspahotel.ee\/en\/wp-json\/wp\/v2\/types\/page"}],"author":[{"embeddable":true,"href":"https:\/\/www.metropolspahotel.ee\/en\/wp-json\/wp\/v2\/users\/121"}],"replies":[{"embeddable":true,"href":"https:\/\/www.metropolspahotel.ee\/en\/wp-json\/wp\/v2\/comments?post=1201"}],"version-history":[{"count":0,"href":"https:\/\/www.metropolspahotel.ee\/en\/wp-json\/wp\/v2\/pages\/1201\/revisions"}],"up":[{"embeddable":true,"href":"https:\/\/www.metropolspahotel.ee\/en\/wp-json\/wp\/v2\/pages\/970"}],"wp:featuredmedia":[{"embeddable":true,"href":"https:\/\/www.metropolspahotel.ee\/en\/wp-json\/wp\/v2\/media\/907"}],"wp:attachment":[{"href":"https:\/\/www.metropolspahotel.ee\/en\/wp-json\/wp\/v2\/media?parent=1201"}],"curies":[{"name":"wp","href":"https:\/\/api.w.org\/{rel}","templated":true}]}}