{"id":1210,"date":"2023-08-29T13:31:12","date_gmt":"2023-08-29T13:31:12","guid":{"rendered":"https:\/\/hotelmetropolspa.ms2.decms.eu\/wondering-what-to-do-in-tallinn\/rotermanni-kvartal\/"},"modified":"2025-03-17T09:41:03","modified_gmt":"2025-03-17T09:41:03","slug":"rotermann-quarter","status":"publish","type":"page","link":"https:\/\/www.metropolspahotel.ee\/en\/wondering-what-to-do-in-tallinn\/rotermann-quarter\/","title":{"rendered":"Rotermann Quarter"},"content":{"rendered":"<p style=\"font-weight: 400;text-align: center\">Rotermann is an active car-free urban space with outstanding architecture, created for people to enjoy. It is pleasant to take a walk here, to enjoy the buzz of the city, visit the cafes and restaurants, and shop.<\/p>\n<p style=\"font-weight: 400;text-align: center\">Numerous places to eat and drink have been established among the former industrial buildings and modern architecture, turning the quarter into a kind of gastronomic oasis. The day is ushered in by delicious baked goods. The lunch menus range form Mexican to Georgian, from a vegetarian restaurant to a steakhouse, and an enjoyable evening can be spent in a cozy bar or one of the Michelin Guide restaurants &#8211; the selection is varied.<\/p>\n<p style=\"font-weight: 400;text-align: center\">\n","protected":false},"excerpt":{"rendered":"<p>Rotermann is an active car-free urban space with outstanding architecture, created for people to enjoy. It is pleasant to take a walk here, to enjoy the buzz of the city, visit the cafes and restaurants, and shop. Numerous places to eat and drink have been established among the former industrial buildings and modern architecture, turning [&hellip;]<\/p>\n","protected":false},"author":26,"featured_media":909,"parent":970,"menu_order":20,"comment_status":"closed","ping_status":"closed","template":"template-default-2.php","meta":{"footnotes":""},"yoast_head":"<!-- This site is optimized with the Yoast SEO plugin v22.3 - https:\/\/yoast.com\/wordpress\/plugins\/seo\/ -->\n<title>Rotermann Quarter - Metropol Spa Hotel<\/title>\n<meta name=\"description\" content=\"Rotermann is an active car-free urban space with outstanding architecture, created for people to enjoy.\" \/>\n<meta name=\"robots\" content=\"index, follow, max-snippet:-1, max-image-preview:large, max-video-preview:-1\" \/>\n<link rel=\"canonical\" href=\"https:\/\/www.metropolspahotel.ee\/en\/wondering-what-to-do-in-tallinn\/rotermann-quarter\/\" \/>\n<meta property=\"og:locale\" content=\"en_US\" \/>\n<meta property=\"og:type\" content=\"article\" \/>\n<meta property=\"og:title\" content=\"Rotermann Quarter - Metropol Spa Hotel\" \/>\n<meta property=\"og:description\" content=\"Rotermann is an active car-free urban space with outstanding architecture, created for people to enjoy.\" \/>\n<meta property=\"og:url\" content=\"https:\/\/www.metropolspahotel.ee\/en\/wondering-what-to-do-in-tallinn\/rotermann-quarter\/\" \/>\n<meta property=\"og:site_name\" content=\"Metropol Spa Hotel\" \/>\n<meta property=\"article:publisher\" content=\"https:\/\/www.facebook.com\/MetropolSpaHotel\/\" \/>\n<meta property=\"article:modified_time\" content=\"2025-03-17T09:41:03+00:00\" \/>\n<meta property=\"og:image\" content=\"https:\/\/www.metropolspahotel.ee\/wp-content\/uploads\/sites\/54\/2024\/06\/shotby_marekmetslaid_MMP4336.jpg\" \/>\n\t<meta property=\"og:image:width\" content=\"1803\" \/>\n\t<meta property=\"og:image:height\" content=\"1200\" \/>\n\t<meta property=\"og:image:type\" content=\"image\/jpeg\" \/>\n<meta name=\"twitter:card\" content=\"summary_large_image\" \/>\n<meta name=\"twitter:label1\" content=\"Est. reading time\" \/>\n\t<meta name=\"twitter:data1\" content=\"1 minute\" \/>\n<script type=\"application\/ld+json\" class=\"yoast-schema-graph\">{\"@context\":\"https:\/\/schema.org\",\"@graph\":[{\"@type\":\"WebPage\",\"@id\":\"https:\/\/www.metropolspahotel.ee\/en\/wondering-what-to-do-in-tallinn\/rotermann-quarter\/\",\"url\":\"https:\/\/www.metropolspahotel.ee\/en\/wondering-what-to-do-in-tallinn\/rotermann-quarter\/\",\"name\":\"Rotermann Quarter - Metropol Spa Hotel\",\"isPartOf\":{\"@id\":\"https:\/\/www.metropolspahotel.ee\/en\/#website\"},\"primaryImageOfPage\":{\"@id\":\"https:\/\/www.metropolspahotel.ee\/en\/wondering-what-to-do-in-tallinn\/rotermann-quarter\/#primaryimage\"},\"image\":{\"@id\":\"https:\/\/www.metropolspahotel.ee\/en\/wondering-what-to-do-in-tallinn\/rotermann-quarter\/#primaryimage\"},\"thumbnailUrl\":\"https:\/\/www.metropolspahotel.ee\/wp-content\/uploads\/sites\/54\/2024\/06\/shotby_marekmetslaid_MMP4336.jpg\",\"datePublished\":\"2023-08-29T13:31:12+00:00\",\"dateModified\":\"2025-03-17T09:41:03+00:00\",\"description\":\"Rotermann is an active car-free urban space with outstanding architecture, created for people to enjoy.\",\"breadcrumb\":{\"@id\":\"https:\/\/www.metropolspahotel.ee\/en\/wondering-what-to-do-in-tallinn\/rotermann-quarter\/#breadcrumb\"},\"inLanguage\":\"en-US\",\"potentialAction\":[{\"@type\":\"ReadAction\",\"target\":[\"https:\/\/www.metropolspahotel.ee\/en\/wondering-what-to-do-in-tallinn\/rotermann-quarter\/\"]}]},{\"@type\":\"ImageObject\",\"inLanguage\":\"en-US\",\"@id\":\"https:\/\/www.metropolspahotel.ee\/en\/wondering-what-to-do-in-tallinn\/rotermann-quarter\/#primaryimage\",\"url\":\"https:\/\/www.metropolspahotel.ee\/wp-content\/uploads\/sites\/54\/2024\/06\/shotby_marekmetslaid_MMP4336.jpg\",\"contentUrl\":\"https:\/\/www.metropolspahotel.ee\/wp-content\/uploads\/sites\/54\/2024\/06\/shotby_marekmetslaid_MMP4336.jpg\",\"width\":1803,\"height\":1200},{\"@type\":\"BreadcrumbList\",\"@id\":\"https:\/\/www.metropolspahotel.ee\/en\/wondering-what-to-do-in-tallinn\/rotermann-quarter\/#breadcrumb\",\"itemListElement\":[{\"@type\":\"ListItem\",\"position\":1,\"name\":\"Home\",\"item\":\"https:\/\/www.metropolspahotel.ee\/en\/\"},{\"@type\":\"ListItem\",\"position\":2,\"name\":\"Wondering what to do in Tallinn?\",\"item\":\"https:\/\/www.metropolspahotel.ee\/en\/wondering-what-to-do-in-tallinn\/\"},{\"@type\":\"ListItem\",\"position\":3,\"name\":\"Rotermann Quarter\"}]},{\"@type\":\"WebSite\",\"@id\":\"https:\/\/www.metropolspahotel.ee\/en\/#website\",\"url\":\"https:\/\/www.metropolspahotel.ee\/en\/\",\"name\":\"Metropol Spa Hotel\",\"description\":\"Metropol Hotels pakub unikaalset hotellielamust Tallinna uues linnas\u00fcdames. Ideaalne valik \u00e4ri-, konverentsi- v\u00f5i puhkusereisiks!\",\"publisher\":{\"@id\":\"https:\/\/www.metropolspahotel.ee\/en\/#organization\"},\"alternateName\":\"Metropol Spa Hotel\",\"potentialAction\":[{\"@type\":\"SearchAction\",\"target\":{\"@type\":\"EntryPoint\",\"urlTemplate\":\"https:\/\/www.metropolspahotel.ee\/en\/?s={search_term_string}\"},\"query-input\":\"required name=search_term_string\"}],\"inLanguage\":\"en-US\"},{\"@type\":\"Organization\",\"@id\":\"https:\/\/www.metropolspahotel.ee\/en\/#organization\",\"name\":\"Metropol Spa Hotel\",\"alternateName\":\"Metropol Spa Hotel\",\"url\":\"https:\/\/www.metropolspahotel.ee\/en\/\",\"logo\":{\"@type\":\"ImageObject\",\"inLanguage\":\"en-US\",\"@id\":\"https:\/\/www.metropolspahotel.ee\/en\/#\/schema\/logo\/image\/\",\"url\":\"https:\/\/www.metropolspahotel.ee\/wp-content\/uploads\/sites\/54\/2023\/08\/logo_metropol_spa_hotel_c.png\",\"contentUrl\":\"https:\/\/www.metropolspahotel.ee\/wp-content\/uploads\/sites\/54\/2023\/08\/logo_metropol_spa_hotel_c.png\",\"width\":341,\"height\":115,\"caption\":\"Metropol Spa Hotel\"},\"image\":{\"@id\":\"https:\/\/www.metropolspahotel.ee\/en\/#\/schema\/logo\/image\/\"},\"sameAs\":[\"https:\/\/www.facebook.com\/MetropolSpaHotel\/\"]}]}<\/script>\n<!-- \/ Yoast SEO plugin. -->","yoast_head_json":{"title":"Rotermann Quarter - Metropol Spa Hotel","description":"Rotermann is an active car-free urban space with outstanding architecture, created for people to enjoy.","robots":{"index":"index","follow":"follow","max-snippet":"max-snippet:-1","max-image-preview":"max-image-preview:large","max-video-preview":"max-video-preview:-1"},"canonical":"https:\/\/www.metropolspahotel.ee\/en\/wondering-what-to-do-in-tallinn\/rotermann-quarter\/","og_locale":"en_US","og_type":"article","og_title":"Rotermann Quarter - Metropol Spa Hotel","og_description":"Rotermann is an active car-free urban space with outstanding architecture, created for people to enjoy.","og_url":"https:\/\/www.metropolspahotel.ee\/en\/wondering-what-to-do-in-tallinn\/rotermann-quarter\/","og_site_name":"Metropol Spa Hotel","article_publisher":"https:\/\/www.facebook.com\/MetropolSpaHotel\/","article_modified_time":"2025-03-17T09:41:03+00:00","og_image":[{"width":1803,"height":1200,"url":"https:\/\/www.metropolspahotel.ee\/wp-content\/uploads\/sites\/54\/2024\/06\/shotby_marekmetslaid_MMP4336.jpg","type":"image\/jpeg"}],"twitter_card":"summary_large_image","twitter_misc":{"Est. reading time":"1 minute"},"schema":{"@context":"https:\/\/schema.org","@graph":[{"@type":"WebPage","@id":"https:\/\/www.metropolspahotel.ee\/en\/wondering-what-to-do-in-tallinn\/rotermann-quarter\/","url":"https:\/\/www.metropolspahotel.ee\/en\/wondering-what-to-do-in-tallinn\/rotermann-quarter\/","name":"Rotermann Quarter - Metropol Spa Hotel","isPartOf":{"@id":"https:\/\/www.metropolspahotel.ee\/en\/#website"},"primaryImageOfPage":{"@id":"https:\/\/www.metropolspahotel.ee\/en\/wondering-what-to-do-in-tallinn\/rotermann-quarter\/#primaryimage"},"image":{"@id":"https:\/\/www.metropolspahotel.ee\/en\/wondering-what-to-do-in-tallinn\/rotermann-quarter\/#primaryimage"},"thumbnailUrl":"https:\/\/www.metropolspahotel.ee\/wp-content\/uploads\/sites\/54\/2024\/06\/shotby_marekmetslaid_MMP4336.jpg","datePublished":"2023-08-29T13:31:12+00:00","dateModified":"2025-03-17T09:41:03+00:00","description":"Rotermann is an active car-free urban space with outstanding architecture, created for people to enjoy.","breadcrumb":{"@id":"https:\/\/www.metropolspahotel.ee\/en\/wondering-what-to-do-in-tallinn\/rotermann-quarter\/#breadcrumb"},"inLanguage":"en-US","potentialAction":[{"@type":"ReadAction","target":["https:\/\/www.metropolspahotel.ee\/en\/wondering-what-to-do-in-tallinn\/rotermann-quarter\/"]}]},{"@type":"ImageObject","inLanguage":"en-US","@id":"https:\/\/www.metropolspahotel.ee\/en\/wondering-what-to-do-in-tallinn\/rotermann-quarter\/#primaryimage","url":"https:\/\/www.metropolspahotel.ee\/wp-content\/uploads\/sites\/54\/2024\/06\/shotby_marekmetslaid_MMP4336.jpg","contentUrl":"https:\/\/www.metropolspahotel.ee\/wp-content\/uploads\/sites\/54\/2024\/06\/shotby_marekmetslaid_MMP4336.jpg","width":1803,"height":1200},{"@type":"BreadcrumbList","@id":"https:\/\/www.metropolspahotel.ee\/en\/wondering-what-to-do-in-tallinn\/rotermann-quarter\/#breadcrumb","itemListElement":[{"@type":"ListItem","position":1,"name":"Home","item":"https:\/\/www.metropolspahotel.ee\/en\/"},{"@type":"ListItem","position":2,"name":"Wondering what to do in Tallinn?","item":"https:\/\/www.metropolspahotel.ee\/en\/wondering-what-to-do-in-tallinn\/"},{"@type":"ListItem","position":3,"name":"Rotermann Quarter"}]},{"@type":"WebSite","@id":"https:\/\/www.metropolspahotel.ee\/en\/#website","url":"https:\/\/www.metropolspahotel.ee\/en\/","name":"Metropol Spa Hotel","description":"Metropol Hotels pakub unikaalset hotellielamust Tallinna uues linnas\u00fcdames. Ideaalne valik \u00e4ri-, konverentsi- v\u00f5i puhkusereisiks!","publisher":{"@id":"https:\/\/www.metropolspahotel.ee\/en\/#organization"},"alternateName":"Metropol Spa Hotel","potentialAction":[{"@type":"SearchAction","target":{"@type":"EntryPoint","urlTemplate":"https:\/\/www.metropolspahotel.ee\/en\/?s={search_term_string}"},"query-input":"required name=search_term_string"}],"inLanguage":"en-US"},{"@type":"Organization","@id":"https:\/\/www.metropolspahotel.ee\/en\/#organization","name":"Metropol Spa Hotel","alternateName":"Metropol Spa Hotel","url":"https:\/\/www.metropolspahotel.ee\/en\/","logo":{"@type":"ImageObject","inLanguage":"en-US","@id":"https:\/\/www.metropolspahotel.ee\/en\/#\/schema\/logo\/image\/","url":"https:\/\/www.metropolspahotel.ee\/wp-content\/uploads\/sites\/54\/2023\/08\/logo_metropol_spa_hotel_c.png","contentUrl":"https:\/\/www.metropolspahotel.ee\/wp-content\/uploads\/sites\/54\/2023\/08\/logo_metropol_spa_hotel_c.png","width":341,"height":115,"caption":"Metropol Spa Hotel"},"image":{"@id":"https:\/\/www.metropolspahotel.ee\/en\/#\/schema\/logo\/image\/"},"sameAs":["https:\/\/www.facebook.com\/MetropolSpaHotel\/"]}]}},"acf":[],"_links":{"self":[{"href":"https:\/\/www.metropolspahotel.ee\/en\/wp-json\/wp\/v2\/pages\/1210"}],"collection":[{"href":"https:\/\/www.metropolspahotel.ee\/en\/wp-json\/wp\/v2\/pages"}],"about":[{"href":"https:\/\/www.metropolspahotel.ee\/en\/wp-json\/wp\/v2\/types\/page"}],"author":[{"embeddable":true,"href":"https:\/\/www.metropolspahotel.ee\/en\/wp-json\/wp\/v2\/users\/26"}],"replies":[{"embeddable":true,"href":"https:\/\/www.metropolspahotel.ee\/en\/wp-json\/wp\/v2\/comments?post=1210"}],"version-history":[{"count":0,"href":"https:\/\/www.metropolspahotel.ee\/en\/wp-json\/wp\/v2\/pages\/1210\/revisions"}],"up":[{"embeddable":true,"href":"https:\/\/www.metropolspahotel.ee\/en\/wp-json\/wp\/v2\/pages\/970"}],"wp:featuredmedia":[{"embeddable":true,"href":"https:\/\/www.metropolspahotel.ee\/en\/wp-json\/wp\/v2\/media\/909"}],"wp:attachment":[{"href":"https:\/\/www.metropolspahotel.ee\/en\/wp-json\/wp\/v2\/media?parent=1210"}],"curies":[{"name":"wp","href":"https:\/\/api.w.org\/{rel}","templated":true}]}}