{"id":1216,"date":"2023-08-29T13:31:45","date_gmt":"2023-08-29T13:31:45","guid":{"rendered":"https:\/\/hotelmetropolspa.ms2.decms.eu\/wondering-what-to-do-in-tallinn\/vabamu\/"},"modified":"2024-07-16T08:24:43","modified_gmt":"2024-07-16T08:24:43","slug":"vabamu","status":"publish","type":"page","link":"https:\/\/www.metropolspahotel.ee\/en\/wondering-what-to-do-in-tallinn\/vabamu\/","title":{"rendered":"Vabamu"},"content":{"rendered":"<div>\n<p style=\"text-align: center\">Vabamu Museum of Occupations and Freedom is located in the center of Tallinn, right by Toompea. The museum\u2019s permanent exhibition Freedom Without Borders introduces the history of Estonia during and after the Soviet and Nazi occupations, arriving at the era of restoration of independence. The focus on restoring and preserving freedom is central to Vabamu.<\/p>\n<\/div>\n<div>\n<p style=\"text-align: center\">Visitors are guided through the exhibition by an e-guide in English, Russian, German, Latvian, Lithuanian, Finnish, French and Spanish. The e-guide helps visitors connect with the personal stories of those who experienced the historical events covered throughout the exhibition. Vabamu also hosts temporary exhibitions each year which open up different interpretations of freedom.<\/p>\n<\/div>\n","protected":false},"excerpt":{"rendered":"<p>Vabamu Museum of Occupations and Freedom is located in the center of Tallinn, right by Toompea. The museum\u2019s permanent exhibition Freedom Without Borders introduces the history of Estonia during and after the Soviet and Nazi occupations, arriving at the era of restoration of independence. The focus on restoring and preserving freedom is central to Vabamu. [&hellip;]<\/p>\n","protected":false},"author":26,"featured_media":862,"parent":970,"menu_order":30,"comment_status":"closed","ping_status":"closed","template":"template-default-2.php","meta":{"footnotes":""},"class_list":["post-1216","page","type-page","status-publish","has-post-thumbnail","hentry"],"yoast_head":"<!-- This site is optimized with the Yoast SEO plugin v27.3 - https:\/\/yoast.com\/product\/yoast-seo-wordpress\/ -->\n<title>Vabamu - Metropol Spa Hotel<\/title>\n<meta name=\"description\" content=\"Vabamu Museum of Occupations and Freedom is located in the center of Tallinn, right by Toompea.\" \/>\n<meta name=\"robots\" content=\"index, follow, max-snippet:-1, max-image-preview:large, max-video-preview:-1\" \/>\n<link rel=\"canonical\" href=\"https:\/\/www.metropolspahotel.ee\/en\/wondering-what-to-do-in-tallinn\/vabamu\/\" \/>\n<meta property=\"og:locale\" content=\"en_US\" \/>\n<meta property=\"og:type\" content=\"article\" \/>\n<meta property=\"og:title\" content=\"Vabamu - Metropol Spa Hotel\" \/>\n<meta property=\"og:description\" content=\"Vabamu Museum of Occupations and Freedom is located in the center of Tallinn, right by Toompea.\" \/>\n<meta property=\"og:url\" content=\"https:\/\/www.metropolspahotel.ee\/en\/wondering-what-to-do-in-tallinn\/vabamu\/\" \/>\n<meta property=\"og:site_name\" content=\"Metropol Spa Hotel\" \/>\n<meta property=\"article:publisher\" content=\"https:\/\/www.facebook.com\/MetropolSpaHotel\/\" \/>\n<meta property=\"article:modified_time\" content=\"2024-07-16T08:24:43+00:00\" \/>\n<meta property=\"og:image\" content=\"https:\/\/www.metropolspahotel.ee\/wp-content\/uploads\/sites\/54\/2024\/05\/Vabamu_autor_Sven-Soome-1.jpg\" \/>\n\t<meta property=\"og:image:width\" content=\"1543\" \/>\n\t<meta property=\"og:image:height\" content=\"954\" \/>\n\t<meta property=\"og:image:type\" content=\"image\/jpeg\" \/>\n<meta name=\"twitter:card\" content=\"summary_large_image\" \/>\n<meta name=\"twitter:label1\" content=\"Est. reading time\" \/>\n\t<meta name=\"twitter:data1\" content=\"1 minute\" \/>\n<script type=\"application\/ld+json\" class=\"yoast-schema-graph\">{\"@context\":\"https:\\\/\\\/schema.org\",\"@graph\":[{\"@type\":\"WebPage\",\"@id\":\"https:\\\/\\\/www.metropolspahotel.ee\\\/en\\\/wondering-what-to-do-in-tallinn\\\/vabamu\\\/\",\"url\":\"https:\\\/\\\/www.metropolspahotel.ee\\\/en\\\/wondering-what-to-do-in-tallinn\\\/vabamu\\\/\",\"name\":\"Vabamu - Metropol Spa Hotel\",\"isPartOf\":{\"@id\":\"https:\\\/\\\/www.metropolspahotel.ee\\\/en\\\/#website\"},\"primaryImageOfPage\":{\"@id\":\"https:\\\/\\\/www.metropolspahotel.ee\\\/en\\\/wondering-what-to-do-in-tallinn\\\/vabamu\\\/#primaryimage\"},\"image\":{\"@id\":\"https:\\\/\\\/www.metropolspahotel.ee\\\/en\\\/wondering-what-to-do-in-tallinn\\\/vabamu\\\/#primaryimage\"},\"thumbnailUrl\":\"https:\\\/\\\/www.metropolspahotel.ee\\\/wp-content\\\/uploads\\\/sites\\\/54\\\/2024\\\/05\\\/Vabamu_autor_Sven-Soome-1.jpg\",\"datePublished\":\"2023-08-29T13:31:45+00:00\",\"dateModified\":\"2024-07-16T08:24:43+00:00\",\"description\":\"Vabamu Museum of Occupations and Freedom is located in the center of Tallinn, right by Toompea.\",\"breadcrumb\":{\"@id\":\"https:\\\/\\\/www.metropolspahotel.ee\\\/en\\\/wondering-what-to-do-in-tallinn\\\/vabamu\\\/#breadcrumb\"},\"inLanguage\":\"en-US\",\"potentialAction\":[{\"@type\":\"ReadAction\",\"target\":[\"https:\\\/\\\/www.metropolspahotel.ee\\\/en\\\/wondering-what-to-do-in-tallinn\\\/vabamu\\\/\"]}]},{\"@type\":\"ImageObject\",\"inLanguage\":\"en-US\",\"@id\":\"https:\\\/\\\/www.metropolspahotel.ee\\\/en\\\/wondering-what-to-do-in-tallinn\\\/vabamu\\\/#primaryimage\",\"url\":\"https:\\\/\\\/www.metropolspahotel.ee\\\/wp-content\\\/uploads\\\/sites\\\/54\\\/2024\\\/05\\\/Vabamu_autor_Sven-Soome-1.jpg\",\"contentUrl\":\"https:\\\/\\\/www.metropolspahotel.ee\\\/wp-content\\\/uploads\\\/sites\\\/54\\\/2024\\\/05\\\/Vabamu_autor_Sven-Soome-1.jpg\",\"width\":1543,\"height\":954},{\"@type\":\"BreadcrumbList\",\"@id\":\"https:\\\/\\\/www.metropolspahotel.ee\\\/en\\\/wondering-what-to-do-in-tallinn\\\/vabamu\\\/#breadcrumb\",\"itemListElement\":[{\"@type\":\"ListItem\",\"position\":1,\"name\":\"Home\",\"item\":\"https:\\\/\\\/www.metropolspahotel.ee\\\/en\\\/\"},{\"@type\":\"ListItem\",\"position\":2,\"name\":\"Wondering what to do in Tallinn?\",\"item\":\"https:\\\/\\\/www.metropolspahotel.ee\\\/en\\\/wondering-what-to-do-in-tallinn\\\/\"},{\"@type\":\"ListItem\",\"position\":3,\"name\":\"Vabamu\"}]},{\"@type\":\"WebSite\",\"@id\":\"https:\\\/\\\/www.metropolspahotel.ee\\\/en\\\/#website\",\"url\":\"https:\\\/\\\/www.metropolspahotel.ee\\\/en\\\/\",\"name\":\"Metropol Spa Hotel\",\"description\":\"Metropol Hotels pakub unikaalset hotellielamust Tallinna uues linnas\u00fcdames. Ideaalne valik \u00e4ri-, konverentsi- v\u00f5i puhkusereisiks!\",\"publisher\":{\"@id\":\"https:\\\/\\\/www.metropolspahotel.ee\\\/en\\\/#organization\"},\"alternateName\":\"Metropol Spa Hotel\",\"potentialAction\":[{\"@type\":\"SearchAction\",\"target\":{\"@type\":\"EntryPoint\",\"urlTemplate\":\"https:\\\/\\\/www.metropolspahotel.ee\\\/en\\\/?s={search_term_string}\"},\"query-input\":{\"@type\":\"PropertyValueSpecification\",\"valueRequired\":true,\"valueName\":\"search_term_string\"}}],\"inLanguage\":\"en-US\"},{\"@type\":\"Organization\",\"@id\":\"https:\\\/\\\/www.metropolspahotel.ee\\\/en\\\/#organization\",\"name\":\"Metropol Spa Hotel\",\"alternateName\":\"Metropol Spa Hotel\",\"url\":\"https:\\\/\\\/www.metropolspahotel.ee\\\/en\\\/\",\"logo\":{\"@type\":\"ImageObject\",\"inLanguage\":\"en-US\",\"@id\":\"https:\\\/\\\/www.metropolspahotel.ee\\\/en\\\/#\\\/schema\\\/logo\\\/image\\\/\",\"url\":\"https:\\\/\\\/www.metropolspahotel.ee\\\/wp-content\\\/uploads\\\/sites\\\/54\\\/2023\\\/08\\\/logo_metropol_spa_hotel_c.png\",\"contentUrl\":\"https:\\\/\\\/www.metropolspahotel.ee\\\/wp-content\\\/uploads\\\/sites\\\/54\\\/2023\\\/08\\\/logo_metropol_spa_hotel_c.png\",\"width\":341,\"height\":115,\"caption\":\"Metropol Spa Hotel\"},\"image\":{\"@id\":\"https:\\\/\\\/www.metropolspahotel.ee\\\/en\\\/#\\\/schema\\\/logo\\\/image\\\/\"},\"sameAs\":[\"https:\\\/\\\/www.facebook.com\\\/MetropolSpaHotel\\\/\"]}]}<\/script>\n<!-- \/ Yoast SEO plugin. -->","yoast_head_json":{"title":"Vabamu - Metropol Spa Hotel","description":"Vabamu Museum of Occupations and Freedom is located in the center of Tallinn, right by Toompea.","robots":{"index":"index","follow":"follow","max-snippet":"max-snippet:-1","max-image-preview":"max-image-preview:large","max-video-preview":"max-video-preview:-1"},"canonical":"https:\/\/www.metropolspahotel.ee\/en\/wondering-what-to-do-in-tallinn\/vabamu\/","og_locale":"en_US","og_type":"article","og_title":"Vabamu - Metropol Spa Hotel","og_description":"Vabamu Museum of Occupations and Freedom is located in the center of Tallinn, right by Toompea.","og_url":"https:\/\/www.metropolspahotel.ee\/en\/wondering-what-to-do-in-tallinn\/vabamu\/","og_site_name":"Metropol Spa Hotel","article_publisher":"https:\/\/www.facebook.com\/MetropolSpaHotel\/","article_modified_time":"2024-07-16T08:24:43+00:00","og_image":[{"width":1543,"height":954,"url":"https:\/\/www.metropolspahotel.ee\/wp-content\/uploads\/sites\/54\/2024\/05\/Vabamu_autor_Sven-Soome-1.jpg","type":"image\/jpeg"}],"twitter_card":"summary_large_image","twitter_misc":{"Est. reading time":"1 minute"},"schema":{"@context":"https:\/\/schema.org","@graph":[{"@type":"WebPage","@id":"https:\/\/www.metropolspahotel.ee\/en\/wondering-what-to-do-in-tallinn\/vabamu\/","url":"https:\/\/www.metropolspahotel.ee\/en\/wondering-what-to-do-in-tallinn\/vabamu\/","name":"Vabamu - Metropol Spa Hotel","isPartOf":{"@id":"https:\/\/www.metropolspahotel.ee\/en\/#website"},"primaryImageOfPage":{"@id":"https:\/\/www.metropolspahotel.ee\/en\/wondering-what-to-do-in-tallinn\/vabamu\/#primaryimage"},"image":{"@id":"https:\/\/www.metropolspahotel.ee\/en\/wondering-what-to-do-in-tallinn\/vabamu\/#primaryimage"},"thumbnailUrl":"https:\/\/www.metropolspahotel.ee\/wp-content\/uploads\/sites\/54\/2024\/05\/Vabamu_autor_Sven-Soome-1.jpg","datePublished":"2023-08-29T13:31:45+00:00","dateModified":"2024-07-16T08:24:43+00:00","description":"Vabamu Museum of Occupations and Freedom is located in the center of Tallinn, right by Toompea.","breadcrumb":{"@id":"https:\/\/www.metropolspahotel.ee\/en\/wondering-what-to-do-in-tallinn\/vabamu\/#breadcrumb"},"inLanguage":"en-US","potentialAction":[{"@type":"ReadAction","target":["https:\/\/www.metropolspahotel.ee\/en\/wondering-what-to-do-in-tallinn\/vabamu\/"]}]},{"@type":"ImageObject","inLanguage":"en-US","@id":"https:\/\/www.metropolspahotel.ee\/en\/wondering-what-to-do-in-tallinn\/vabamu\/#primaryimage","url":"https:\/\/www.metropolspahotel.ee\/wp-content\/uploads\/sites\/54\/2024\/05\/Vabamu_autor_Sven-Soome-1.jpg","contentUrl":"https:\/\/www.metropolspahotel.ee\/wp-content\/uploads\/sites\/54\/2024\/05\/Vabamu_autor_Sven-Soome-1.jpg","width":1543,"height":954},{"@type":"BreadcrumbList","@id":"https:\/\/www.metropolspahotel.ee\/en\/wondering-what-to-do-in-tallinn\/vabamu\/#breadcrumb","itemListElement":[{"@type":"ListItem","position":1,"name":"Home","item":"https:\/\/www.metropolspahotel.ee\/en\/"},{"@type":"ListItem","position":2,"name":"Wondering what to do in Tallinn?","item":"https:\/\/www.metropolspahotel.ee\/en\/wondering-what-to-do-in-tallinn\/"},{"@type":"ListItem","position":3,"name":"Vabamu"}]},{"@type":"WebSite","@id":"https:\/\/www.metropolspahotel.ee\/en\/#website","url":"https:\/\/www.metropolspahotel.ee\/en\/","name":"Metropol Spa Hotel","description":"Metropol Hotels pakub unikaalset hotellielamust Tallinna uues linnas\u00fcdames. Ideaalne valik \u00e4ri-, konverentsi- v\u00f5i puhkusereisiks!","publisher":{"@id":"https:\/\/www.metropolspahotel.ee\/en\/#organization"},"alternateName":"Metropol Spa Hotel","potentialAction":[{"@type":"SearchAction","target":{"@type":"EntryPoint","urlTemplate":"https:\/\/www.metropolspahotel.ee\/en\/?s={search_term_string}"},"query-input":{"@type":"PropertyValueSpecification","valueRequired":true,"valueName":"search_term_string"}}],"inLanguage":"en-US"},{"@type":"Organization","@id":"https:\/\/www.metropolspahotel.ee\/en\/#organization","name":"Metropol Spa Hotel","alternateName":"Metropol Spa Hotel","url":"https:\/\/www.metropolspahotel.ee\/en\/","logo":{"@type":"ImageObject","inLanguage":"en-US","@id":"https:\/\/www.metropolspahotel.ee\/en\/#\/schema\/logo\/image\/","url":"https:\/\/www.metropolspahotel.ee\/wp-content\/uploads\/sites\/54\/2023\/08\/logo_metropol_spa_hotel_c.png","contentUrl":"https:\/\/www.metropolspahotel.ee\/wp-content\/uploads\/sites\/54\/2023\/08\/logo_metropol_spa_hotel_c.png","width":341,"height":115,"caption":"Metropol Spa Hotel"},"image":{"@id":"https:\/\/www.metropolspahotel.ee\/en\/#\/schema\/logo\/image\/"},"sameAs":["https:\/\/www.facebook.com\/MetropolSpaHotel\/"]}]}},"acf":[],"_links":{"self":[{"href":"https:\/\/www.metropolspahotel.ee\/en\/wp-json\/wp\/v2\/pages\/1216","targetHints":{"allow":["GET"]}}],"collection":[{"href":"https:\/\/www.metropolspahotel.ee\/en\/wp-json\/wp\/v2\/pages"}],"about":[{"href":"https:\/\/www.metropolspahotel.ee\/en\/wp-json\/wp\/v2\/types\/page"}],"author":[{"embeddable":true,"href":"https:\/\/www.metropolspahotel.ee\/en\/wp-json\/wp\/v2\/users\/26"}],"replies":[{"embeddable":true,"href":"https:\/\/www.metropolspahotel.ee\/en\/wp-json\/wp\/v2\/comments?post=1216"}],"version-history":[{"count":0,"href":"https:\/\/www.metropolspahotel.ee\/en\/wp-json\/wp\/v2\/pages\/1216\/revisions"}],"up":[{"embeddable":true,"href":"https:\/\/www.metropolspahotel.ee\/en\/wp-json\/wp\/v2\/pages\/970"}],"wp:featuredmedia":[{"embeddable":true,"href":"https:\/\/www.metropolspahotel.ee\/en\/wp-json\/wp\/v2\/media\/862"}],"wp:attachment":[{"href":"https:\/\/www.metropolspahotel.ee\/en\/wp-json\/wp\/v2\/media?parent=1216"}],"curies":[{"name":"wp","href":"https:\/\/api.w.org\/{rel}","templated":true}]}}