{"id":1221,"date":"2023-08-29T13:32:15","date_gmt":"2023-08-29T13:32:15","guid":{"rendered":"https:\/\/hotelmetropolspa.ms2.decms.eu\/wondering-what-to-do-in-tallinn\/poco\/"},"modified":"2024-07-16T08:30:39","modified_gmt":"2024-07-16T08:30:39","slug":"poco","status":"publish","type":"page","link":"https:\/\/www.metropolspahotel.ee\/en\/wondering-what-to-do-in-tallinn\/poco\/","title":{"rendered":"PoCo"},"content":{"rendered":"<p style=\"text-align: center\">PoCo is a world pop art museum. The exhibition features exceptional artists such as Warhol, Banksy, Koons, Lichtenstein, Haring, Hirst, Basquiat, Kusama, Newton, and other prominent names. The private collection includes 340+ works from pop art icons, spanning from the 1950s to the present day.<br \/>\nPop art is a symbiosis of irony, social criticism, and playful contemplation. Pop art will never end, as politicians and societal impulses constantly create new opportunities for protest, irony, and simple enjoyment. PoCo offers classic pop art but constantly surprises with something new.<\/p>\n<p style=\"text-align: center\">PoCo is situated in Rotermann Quarter in Tallinn, which is itself a post-modernist art piece, blending 19th-century industrial architecture with contemporary glass facades.<\/p>\n<p style=\"text-align: center\">Guided tours available. Possibility to order wine or champagne. <a href=\"mailto:book@poco.art\">book@poco.art<\/a><\/p>\n<p style=\"text-align: center\"><strong>Tickets<\/strong>: <a class=\"waffle-rich-text-link\" href=\"https:\/\/fienta.com\/?country=ee&amp;q=poco\">https:\/\/fienta.com\/?country=ee&amp;q=poco<\/a><\/p>\n","protected":false},"excerpt":{"rendered":"<p>PoCo is a world pop art museum. The exhibition features exceptional artists such as Warhol, Banksy, Koons, Lichtenstein, Haring, Hirst, Basquiat, Kusama, Newton, and other prominent names. The private collection includes 340+ works from pop art icons, spanning from the 1950s to the present day. Pop art is a symbiosis of irony, social criticism, and [&hellip;]<\/p>\n","protected":false},"author":26,"featured_media":856,"parent":970,"menu_order":40,"comment_status":"closed","ping_status":"closed","template":"template-default-2.php","meta":{"footnotes":""},"yoast_head":"<!-- This site is optimized with the Yoast SEO plugin v22.3 - https:\/\/yoast.com\/wordpress\/plugins\/seo\/ -->\n<title>PoCo - Metropol Spa Hotel<\/title>\n<meta name=\"description\" content=\"PoCo is a world pop art museum. The exhibition features exceptional artists such as Warhol, Banksy, Koons, Lichtenstein, Haring, Hirst, Basquiat, Kusama, Newton, and other prominent names.\" \/>\n<meta name=\"robots\" content=\"index, follow, max-snippet:-1, max-image-preview:large, max-video-preview:-1\" \/>\n<link rel=\"canonical\" href=\"https:\/\/www.metropolspahotel.ee\/en\/wondering-what-to-do-in-tallinn\/poco\/\" \/>\n<meta property=\"og:locale\" content=\"en_US\" \/>\n<meta property=\"og:type\" content=\"article\" \/>\n<meta property=\"og:title\" content=\"PoCo - Metropol Spa Hotel\" \/>\n<meta property=\"og:description\" content=\"PoCo is a world pop art museum. The exhibition features exceptional artists such as Warhol, Banksy, Koons, Lichtenstein, Haring, Hirst, Basquiat, Kusama, Newton, and other prominent names.\" \/>\n<meta property=\"og:url\" content=\"https:\/\/www.metropolspahotel.ee\/en\/wondering-what-to-do-in-tallinn\/poco\/\" \/>\n<meta property=\"og:site_name\" content=\"Metropol Spa Hotel\" \/>\n<meta property=\"article:publisher\" content=\"https:\/\/www.facebook.com\/MetropolSpaHotel\/\" \/>\n<meta property=\"article:modified_time\" content=\"2024-07-16T08:30:39+00:00\" \/>\n<meta property=\"og:image\" content=\"https:\/\/www.metropolspahotel.ee\/wp-content\/uploads\/sites\/54\/2024\/05\/0_1.jpg\" \/>\n\t<meta property=\"og:image:width\" content=\"1800\" \/>\n\t<meta property=\"og:image:height\" content=\"1200\" \/>\n\t<meta property=\"og:image:type\" content=\"image\/jpeg\" \/>\n<meta name=\"twitter:card\" content=\"summary_large_image\" \/>\n<meta name=\"twitter:label1\" content=\"Est. reading time\" \/>\n\t<meta name=\"twitter:data1\" content=\"1 minute\" \/>\n<script type=\"application\/ld+json\" class=\"yoast-schema-graph\">{\"@context\":\"https:\/\/schema.org\",\"@graph\":[{\"@type\":\"WebPage\",\"@id\":\"https:\/\/www.metropolspahotel.ee\/en\/wondering-what-to-do-in-tallinn\/poco\/\",\"url\":\"https:\/\/www.metropolspahotel.ee\/en\/wondering-what-to-do-in-tallinn\/poco\/\",\"name\":\"PoCo - Metropol Spa Hotel\",\"isPartOf\":{\"@id\":\"https:\/\/www.metropolspahotel.ee\/en\/#website\"},\"primaryImageOfPage\":{\"@id\":\"https:\/\/www.metropolspahotel.ee\/en\/wondering-what-to-do-in-tallinn\/poco\/#primaryimage\"},\"image\":{\"@id\":\"https:\/\/www.metropolspahotel.ee\/en\/wondering-what-to-do-in-tallinn\/poco\/#primaryimage\"},\"thumbnailUrl\":\"https:\/\/www.metropolspahotel.ee\/wp-content\/uploads\/sites\/54\/2024\/05\/0_1.jpg\",\"datePublished\":\"2023-08-29T13:32:15+00:00\",\"dateModified\":\"2024-07-16T08:30:39+00:00\",\"description\":\"PoCo is a world pop art museum. The exhibition features exceptional artists such as Warhol, Banksy, Koons, Lichtenstein, Haring, Hirst, Basquiat, Kusama, Newton, and other prominent names.\",\"breadcrumb\":{\"@id\":\"https:\/\/www.metropolspahotel.ee\/en\/wondering-what-to-do-in-tallinn\/poco\/#breadcrumb\"},\"inLanguage\":\"en-US\",\"potentialAction\":[{\"@type\":\"ReadAction\",\"target\":[\"https:\/\/www.metropolspahotel.ee\/en\/wondering-what-to-do-in-tallinn\/poco\/\"]}]},{\"@type\":\"ImageObject\",\"inLanguage\":\"en-US\",\"@id\":\"https:\/\/www.metropolspahotel.ee\/en\/wondering-what-to-do-in-tallinn\/poco\/#primaryimage\",\"url\":\"https:\/\/www.metropolspahotel.ee\/wp-content\/uploads\/sites\/54\/2024\/05\/0_1.jpg\",\"contentUrl\":\"https:\/\/www.metropolspahotel.ee\/wp-content\/uploads\/sites\/54\/2024\/05\/0_1.jpg\",\"width\":1800,\"height\":1200},{\"@type\":\"BreadcrumbList\",\"@id\":\"https:\/\/www.metropolspahotel.ee\/en\/wondering-what-to-do-in-tallinn\/poco\/#breadcrumb\",\"itemListElement\":[{\"@type\":\"ListItem\",\"position\":1,\"name\":\"Home\",\"item\":\"https:\/\/www.metropolspahotel.ee\/en\/\"},{\"@type\":\"ListItem\",\"position\":2,\"name\":\"Wondering what to do in Tallinn?\",\"item\":\"https:\/\/www.metropolspahotel.ee\/en\/wondering-what-to-do-in-tallinn\/\"},{\"@type\":\"ListItem\",\"position\":3,\"name\":\"PoCo\"}]},{\"@type\":\"WebSite\",\"@id\":\"https:\/\/www.metropolspahotel.ee\/en\/#website\",\"url\":\"https:\/\/www.metropolspahotel.ee\/en\/\",\"name\":\"Metropol Spa Hotel\",\"description\":\"Metropol Hotels pakub unikaalset hotellielamust Tallinna uues linnas\u00fcdames. Ideaalne valik \u00e4ri-, konverentsi- v\u00f5i puhkusereisiks!\",\"publisher\":{\"@id\":\"https:\/\/www.metropolspahotel.ee\/en\/#organization\"},\"alternateName\":\"Metropol Spa Hotel\",\"potentialAction\":[{\"@type\":\"SearchAction\",\"target\":{\"@type\":\"EntryPoint\",\"urlTemplate\":\"https:\/\/www.metropolspahotel.ee\/en\/?s={search_term_string}\"},\"query-input\":\"required name=search_term_string\"}],\"inLanguage\":\"en-US\"},{\"@type\":\"Organization\",\"@id\":\"https:\/\/www.metropolspahotel.ee\/en\/#organization\",\"name\":\"Metropol Spa Hotel\",\"alternateName\":\"Metropol Spa Hotel\",\"url\":\"https:\/\/www.metropolspahotel.ee\/en\/\",\"logo\":{\"@type\":\"ImageObject\",\"inLanguage\":\"en-US\",\"@id\":\"https:\/\/www.metropolspahotel.ee\/en\/#\/schema\/logo\/image\/\",\"url\":\"https:\/\/www.metropolspahotel.ee\/wp-content\/uploads\/sites\/54\/2023\/08\/logo_metropol_spa_hotel_c.png\",\"contentUrl\":\"https:\/\/www.metropolspahotel.ee\/wp-content\/uploads\/sites\/54\/2023\/08\/logo_metropol_spa_hotel_c.png\",\"width\":341,\"height\":115,\"caption\":\"Metropol Spa Hotel\"},\"image\":{\"@id\":\"https:\/\/www.metropolspahotel.ee\/en\/#\/schema\/logo\/image\/\"},\"sameAs\":[\"https:\/\/www.facebook.com\/MetropolSpaHotel\/\"]}]}<\/script>\n<!-- \/ Yoast SEO plugin. -->","yoast_head_json":{"title":"PoCo - Metropol Spa Hotel","description":"PoCo is a world pop art museum. The exhibition features exceptional artists such as Warhol, Banksy, Koons, Lichtenstein, Haring, Hirst, Basquiat, Kusama, Newton, and other prominent names.","robots":{"index":"index","follow":"follow","max-snippet":"max-snippet:-1","max-image-preview":"max-image-preview:large","max-video-preview":"max-video-preview:-1"},"canonical":"https:\/\/www.metropolspahotel.ee\/en\/wondering-what-to-do-in-tallinn\/poco\/","og_locale":"en_US","og_type":"article","og_title":"PoCo - Metropol Spa Hotel","og_description":"PoCo is a world pop art museum. The exhibition features exceptional artists such as Warhol, Banksy, Koons, Lichtenstein, Haring, Hirst, Basquiat, Kusama, Newton, and other prominent names.","og_url":"https:\/\/www.metropolspahotel.ee\/en\/wondering-what-to-do-in-tallinn\/poco\/","og_site_name":"Metropol Spa Hotel","article_publisher":"https:\/\/www.facebook.com\/MetropolSpaHotel\/","article_modified_time":"2024-07-16T08:30:39+00:00","og_image":[{"width":1800,"height":1200,"url":"https:\/\/www.metropolspahotel.ee\/wp-content\/uploads\/sites\/54\/2024\/05\/0_1.jpg","type":"image\/jpeg"}],"twitter_card":"summary_large_image","twitter_misc":{"Est. reading time":"1 minute"},"schema":{"@context":"https:\/\/schema.org","@graph":[{"@type":"WebPage","@id":"https:\/\/www.metropolspahotel.ee\/en\/wondering-what-to-do-in-tallinn\/poco\/","url":"https:\/\/www.metropolspahotel.ee\/en\/wondering-what-to-do-in-tallinn\/poco\/","name":"PoCo - Metropol Spa Hotel","isPartOf":{"@id":"https:\/\/www.metropolspahotel.ee\/en\/#website"},"primaryImageOfPage":{"@id":"https:\/\/www.metropolspahotel.ee\/en\/wondering-what-to-do-in-tallinn\/poco\/#primaryimage"},"image":{"@id":"https:\/\/www.metropolspahotel.ee\/en\/wondering-what-to-do-in-tallinn\/poco\/#primaryimage"},"thumbnailUrl":"https:\/\/www.metropolspahotel.ee\/wp-content\/uploads\/sites\/54\/2024\/05\/0_1.jpg","datePublished":"2023-08-29T13:32:15+00:00","dateModified":"2024-07-16T08:30:39+00:00","description":"PoCo is a world pop art museum. The exhibition features exceptional artists such as Warhol, Banksy, Koons, Lichtenstein, Haring, Hirst, Basquiat, Kusama, Newton, and other prominent names.","breadcrumb":{"@id":"https:\/\/www.metropolspahotel.ee\/en\/wondering-what-to-do-in-tallinn\/poco\/#breadcrumb"},"inLanguage":"en-US","potentialAction":[{"@type":"ReadAction","target":["https:\/\/www.metropolspahotel.ee\/en\/wondering-what-to-do-in-tallinn\/poco\/"]}]},{"@type":"ImageObject","inLanguage":"en-US","@id":"https:\/\/www.metropolspahotel.ee\/en\/wondering-what-to-do-in-tallinn\/poco\/#primaryimage","url":"https:\/\/www.metropolspahotel.ee\/wp-content\/uploads\/sites\/54\/2024\/05\/0_1.jpg","contentUrl":"https:\/\/www.metropolspahotel.ee\/wp-content\/uploads\/sites\/54\/2024\/05\/0_1.jpg","width":1800,"height":1200},{"@type":"BreadcrumbList","@id":"https:\/\/www.metropolspahotel.ee\/en\/wondering-what-to-do-in-tallinn\/poco\/#breadcrumb","itemListElement":[{"@type":"ListItem","position":1,"name":"Home","item":"https:\/\/www.metropolspahotel.ee\/en\/"},{"@type":"ListItem","position":2,"name":"Wondering what to do in Tallinn?","item":"https:\/\/www.metropolspahotel.ee\/en\/wondering-what-to-do-in-tallinn\/"},{"@type":"ListItem","position":3,"name":"PoCo"}]},{"@type":"WebSite","@id":"https:\/\/www.metropolspahotel.ee\/en\/#website","url":"https:\/\/www.metropolspahotel.ee\/en\/","name":"Metropol Spa Hotel","description":"Metropol Hotels pakub unikaalset hotellielamust Tallinna uues linnas\u00fcdames. Ideaalne valik \u00e4ri-, konverentsi- v\u00f5i puhkusereisiks!","publisher":{"@id":"https:\/\/www.metropolspahotel.ee\/en\/#organization"},"alternateName":"Metropol Spa Hotel","potentialAction":[{"@type":"SearchAction","target":{"@type":"EntryPoint","urlTemplate":"https:\/\/www.metropolspahotel.ee\/en\/?s={search_term_string}"},"query-input":"required name=search_term_string"}],"inLanguage":"en-US"},{"@type":"Organization","@id":"https:\/\/www.metropolspahotel.ee\/en\/#organization","name":"Metropol Spa Hotel","alternateName":"Metropol Spa Hotel","url":"https:\/\/www.metropolspahotel.ee\/en\/","logo":{"@type":"ImageObject","inLanguage":"en-US","@id":"https:\/\/www.metropolspahotel.ee\/en\/#\/schema\/logo\/image\/","url":"https:\/\/www.metropolspahotel.ee\/wp-content\/uploads\/sites\/54\/2023\/08\/logo_metropol_spa_hotel_c.png","contentUrl":"https:\/\/www.metropolspahotel.ee\/wp-content\/uploads\/sites\/54\/2023\/08\/logo_metropol_spa_hotel_c.png","width":341,"height":115,"caption":"Metropol Spa Hotel"},"image":{"@id":"https:\/\/www.metropolspahotel.ee\/en\/#\/schema\/logo\/image\/"},"sameAs":["https:\/\/www.facebook.com\/MetropolSpaHotel\/"]}]}},"acf":[],"_links":{"self":[{"href":"https:\/\/www.metropolspahotel.ee\/en\/wp-json\/wp\/v2\/pages\/1221"}],"collection":[{"href":"https:\/\/www.metropolspahotel.ee\/en\/wp-json\/wp\/v2\/pages"}],"about":[{"href":"https:\/\/www.metropolspahotel.ee\/en\/wp-json\/wp\/v2\/types\/page"}],"author":[{"embeddable":true,"href":"https:\/\/www.metropolspahotel.ee\/en\/wp-json\/wp\/v2\/users\/26"}],"replies":[{"embeddable":true,"href":"https:\/\/www.metropolspahotel.ee\/en\/wp-json\/wp\/v2\/comments?post=1221"}],"version-history":[{"count":0,"href":"https:\/\/www.metropolspahotel.ee\/en\/wp-json\/wp\/v2\/pages\/1221\/revisions"}],"up":[{"embeddable":true,"href":"https:\/\/www.metropolspahotel.ee\/en\/wp-json\/wp\/v2\/pages\/970"}],"wp:featuredmedia":[{"embeddable":true,"href":"https:\/\/www.metropolspahotel.ee\/en\/wp-json\/wp\/v2\/media\/856"}],"wp:attachment":[{"href":"https:\/\/www.metropolspahotel.ee\/en\/wp-json\/wp\/v2\/media?parent=1221"}],"curies":[{"name":"wp","href":"https:\/\/api.w.org\/{rel}","templated":true}]}}