{"id":1287,"date":"2024-03-06T14:26:53","date_gmt":"2024-03-06T14:26:53","guid":{"rendered":"https:\/\/hotelmetropolspa.ms2.decms.eu\/packages\/saunaohtu-10-le\/"},"modified":"2026-04-16T12:19:10","modified_gmt":"2026-04-16T12:19:10","slug":"baby-shower-at-the-spa","status":"publish","type":"page","link":"https:\/\/www.metropolspahotel.ee\/en\/packages\/baby-shower-at-the-spa\/","title":{"rendered":"BABY SHOWER AT THE SPA"},"content":{"rendered":"<p style=\"text-align: center\"><span data-sheets-root=\"1\">Organise a special baby shower for the expectant mother and the new baby on the way!<br \/>\nGuests can enjoy a relaxing spa experience with the option of additional treatments from our wellness centre.<br \/>\nYou can organise fun baby shower activities and engage in meaningful conversation in the private spa lounge, where a healthy snack platter awaits you.<\/span><\/p>\n<p style=\"text-align: center\"><strong>\u00a0Special offer!<\/strong> With a group of 10 people or more, you get a 10% discount on the total package price!<\/p>\n","protected":false},"excerpt":{"rendered":"<p>Organise a special baby shower for the expectant mother and the new baby on the way! Guests can enjoy a relaxing spa experience with the option of additional treatments from our wellness centre. You can organise fun baby shower activities and engage in meaningful conversation in the private spa lounge, where a healthy snack platter [&hellip;]<\/p>\n","protected":false},"author":121,"featured_media":1468,"parent":59,"menu_order":202,"comment_status":"closed","ping_status":"closed","template":"template-single-spa.php","meta":{"footnotes":""},"yoast_head":"<!-- This site is optimized with the Yoast SEO plugin v22.3 - https:\/\/yoast.com\/wordpress\/plugins\/seo\/ -->\n<title>BABY SHOWER AT THE SPA - Metropol Spa Hotel<\/title>\n<meta name=\"description\" content=\"Organise a special baby shower for the expectant mother and the new baby on the way!\" \/>\n<meta name=\"robots\" content=\"index, follow, max-snippet:-1, max-image-preview:large, max-video-preview:-1\" \/>\n<link rel=\"canonical\" href=\"https:\/\/www.metropolspahotel.ee\/en\/packages\/baby-shower-at-the-spa\/\" \/>\n<meta property=\"og:locale\" content=\"en_US\" \/>\n<meta property=\"og:type\" content=\"article\" \/>\n<meta property=\"og:title\" content=\"BABY SHOWER AT THE SPA - Metropol Spa Hotel\" \/>\n<meta property=\"og:description\" content=\"Organise a special baby shower for the expectant mother and the new baby on the way!\" \/>\n<meta property=\"og:url\" content=\"https:\/\/www.metropolspahotel.ee\/en\/packages\/baby-shower-at-the-spa\/\" \/>\n<meta property=\"og:site_name\" content=\"Metropol Spa Hotel\" \/>\n<meta property=\"article:publisher\" content=\"https:\/\/www.facebook.com\/MetropolSpaHotel\/\" \/>\n<meta property=\"article:modified_time\" content=\"2026-04-16T12:19:10+00:00\" \/>\n<meta property=\"og:image\" content=\"https:\/\/www.metropolspahotel.ee\/wp-content\/uploads\/sites\/54\/2025\/03\/Beebipidu.jpg\" \/>\n\t<meta property=\"og:image:width\" content=\"1024\" \/>\n\t<meta property=\"og:image:height\" content=\"1024\" \/>\n\t<meta property=\"og:image:type\" content=\"image\/jpeg\" \/>\n<meta name=\"twitter:card\" content=\"summary_large_image\" \/>\n<meta name=\"twitter:label1\" content=\"Est. reading time\" \/>\n\t<meta name=\"twitter:data1\" content=\"1 minute\" \/>\n<script type=\"application\/ld+json\" class=\"yoast-schema-graph\">{\"@context\":\"https:\/\/schema.org\",\"@graph\":[{\"@type\":\"WebPage\",\"@id\":\"https:\/\/www.metropolspahotel.ee\/en\/packages\/baby-shower-at-the-spa\/\",\"url\":\"https:\/\/www.metropolspahotel.ee\/en\/packages\/baby-shower-at-the-spa\/\",\"name\":\"BABY SHOWER AT THE SPA - Metropol Spa Hotel\",\"isPartOf\":{\"@id\":\"https:\/\/www.metropolspahotel.ee\/en\/#website\"},\"primaryImageOfPage\":{\"@id\":\"https:\/\/www.metropolspahotel.ee\/en\/packages\/baby-shower-at-the-spa\/#primaryimage\"},\"image\":{\"@id\":\"https:\/\/www.metropolspahotel.ee\/en\/packages\/baby-shower-at-the-spa\/#primaryimage\"},\"thumbnailUrl\":\"https:\/\/www.metropolspahotel.ee\/wp-content\/uploads\/sites\/54\/2025\/03\/Beebipidu.jpg\",\"datePublished\":\"2024-03-06T14:26:53+00:00\",\"dateModified\":\"2026-04-16T12:19:10+00:00\",\"description\":\"Organise a special baby shower for the expectant mother and the new baby on the way!\",\"breadcrumb\":{\"@id\":\"https:\/\/www.metropolspahotel.ee\/en\/packages\/baby-shower-at-the-spa\/#breadcrumb\"},\"inLanguage\":\"en-US\",\"potentialAction\":[{\"@type\":\"ReadAction\",\"target\":[\"https:\/\/www.metropolspahotel.ee\/en\/packages\/baby-shower-at-the-spa\/\"]}]},{\"@type\":\"ImageObject\",\"inLanguage\":\"en-US\",\"@id\":\"https:\/\/www.metropolspahotel.ee\/en\/packages\/baby-shower-at-the-spa\/#primaryimage\",\"url\":\"https:\/\/www.metropolspahotel.ee\/wp-content\/uploads\/sites\/54\/2025\/03\/Beebipidu.jpg\",\"contentUrl\":\"https:\/\/www.metropolspahotel.ee\/wp-content\/uploads\/sites\/54\/2025\/03\/Beebipidu.jpg\",\"width\":1024,\"height\":1024},{\"@type\":\"BreadcrumbList\",\"@id\":\"https:\/\/www.metropolspahotel.ee\/en\/packages\/baby-shower-at-the-spa\/#breadcrumb\",\"itemListElement\":[{\"@type\":\"ListItem\",\"position\":1,\"name\":\"Home\",\"item\":\"https:\/\/www.metropolspahotel.ee\/en\/\"},{\"@type\":\"ListItem\",\"position\":2,\"name\":\"Packages\",\"item\":\"https:\/\/www.metropolspahotel.ee\/en\/packages\/\"},{\"@type\":\"ListItem\",\"position\":3,\"name\":\"BABY SHOWER AT THE SPA\"}]},{\"@type\":\"WebSite\",\"@id\":\"https:\/\/www.metropolspahotel.ee\/en\/#website\",\"url\":\"https:\/\/www.metropolspahotel.ee\/en\/\",\"name\":\"Metropol Spa Hotel\",\"description\":\"Metropol Hotels pakub unikaalset hotellielamust Tallinna uues linnas\u00fcdames. Ideaalne valik \u00e4ri-, konverentsi- v\u00f5i puhkusereisiks!\",\"publisher\":{\"@id\":\"https:\/\/www.metropolspahotel.ee\/en\/#organization\"},\"alternateName\":\"Metropol Spa Hotel\",\"potentialAction\":[{\"@type\":\"SearchAction\",\"target\":{\"@type\":\"EntryPoint\",\"urlTemplate\":\"https:\/\/www.metropolspahotel.ee\/en\/?s={search_term_string}\"},\"query-input\":\"required name=search_term_string\"}],\"inLanguage\":\"en-US\"},{\"@type\":\"Organization\",\"@id\":\"https:\/\/www.metropolspahotel.ee\/en\/#organization\",\"name\":\"Metropol Spa Hotel\",\"alternateName\":\"Metropol Spa Hotel\",\"url\":\"https:\/\/www.metropolspahotel.ee\/en\/\",\"logo\":{\"@type\":\"ImageObject\",\"inLanguage\":\"en-US\",\"@id\":\"https:\/\/www.metropolspahotel.ee\/en\/#\/schema\/logo\/image\/\",\"url\":\"https:\/\/www.metropolspahotel.ee\/wp-content\/uploads\/sites\/54\/2023\/08\/logo_metropol_spa_hotel_c.png\",\"contentUrl\":\"https:\/\/www.metropolspahotel.ee\/wp-content\/uploads\/sites\/54\/2023\/08\/logo_metropol_spa_hotel_c.png\",\"width\":341,\"height\":115,\"caption\":\"Metropol Spa Hotel\"},\"image\":{\"@id\":\"https:\/\/www.metropolspahotel.ee\/en\/#\/schema\/logo\/image\/\"},\"sameAs\":[\"https:\/\/www.facebook.com\/MetropolSpaHotel\/\"]}]}<\/script>\n<!-- \/ Yoast SEO plugin. -->","yoast_head_json":{"title":"BABY SHOWER AT THE SPA - Metropol Spa Hotel","description":"Organise a special baby shower for the expectant mother and the new baby on the way!","robots":{"index":"index","follow":"follow","max-snippet":"max-snippet:-1","max-image-preview":"max-image-preview:large","max-video-preview":"max-video-preview:-1"},"canonical":"https:\/\/www.metropolspahotel.ee\/en\/packages\/baby-shower-at-the-spa\/","og_locale":"en_US","og_type":"article","og_title":"BABY SHOWER AT THE SPA - Metropol Spa Hotel","og_description":"Organise a special baby shower for the expectant mother and the new baby on the way!","og_url":"https:\/\/www.metropolspahotel.ee\/en\/packages\/baby-shower-at-the-spa\/","og_site_name":"Metropol Spa Hotel","article_publisher":"https:\/\/www.facebook.com\/MetropolSpaHotel\/","article_modified_time":"2026-04-16T12:19:10+00:00","og_image":[{"width":1024,"height":1024,"url":"https:\/\/www.metropolspahotel.ee\/wp-content\/uploads\/sites\/54\/2025\/03\/Beebipidu.jpg","type":"image\/jpeg"}],"twitter_card":"summary_large_image","twitter_misc":{"Est. reading time":"1 minute"},"schema":{"@context":"https:\/\/schema.org","@graph":[{"@type":"WebPage","@id":"https:\/\/www.metropolspahotel.ee\/en\/packages\/baby-shower-at-the-spa\/","url":"https:\/\/www.metropolspahotel.ee\/en\/packages\/baby-shower-at-the-spa\/","name":"BABY SHOWER AT THE SPA - Metropol Spa Hotel","isPartOf":{"@id":"https:\/\/www.metropolspahotel.ee\/en\/#website"},"primaryImageOfPage":{"@id":"https:\/\/www.metropolspahotel.ee\/en\/packages\/baby-shower-at-the-spa\/#primaryimage"},"image":{"@id":"https:\/\/www.metropolspahotel.ee\/en\/packages\/baby-shower-at-the-spa\/#primaryimage"},"thumbnailUrl":"https:\/\/www.metropolspahotel.ee\/wp-content\/uploads\/sites\/54\/2025\/03\/Beebipidu.jpg","datePublished":"2024-03-06T14:26:53+00:00","dateModified":"2026-04-16T12:19:10+00:00","description":"Organise a special baby shower for the expectant mother and the new baby on the way!","breadcrumb":{"@id":"https:\/\/www.metropolspahotel.ee\/en\/packages\/baby-shower-at-the-spa\/#breadcrumb"},"inLanguage":"en-US","potentialAction":[{"@type":"ReadAction","target":["https:\/\/www.metropolspahotel.ee\/en\/packages\/baby-shower-at-the-spa\/"]}]},{"@type":"ImageObject","inLanguage":"en-US","@id":"https:\/\/www.metropolspahotel.ee\/en\/packages\/baby-shower-at-the-spa\/#primaryimage","url":"https:\/\/www.metropolspahotel.ee\/wp-content\/uploads\/sites\/54\/2025\/03\/Beebipidu.jpg","contentUrl":"https:\/\/www.metropolspahotel.ee\/wp-content\/uploads\/sites\/54\/2025\/03\/Beebipidu.jpg","width":1024,"height":1024},{"@type":"BreadcrumbList","@id":"https:\/\/www.metropolspahotel.ee\/en\/packages\/baby-shower-at-the-spa\/#breadcrumb","itemListElement":[{"@type":"ListItem","position":1,"name":"Home","item":"https:\/\/www.metropolspahotel.ee\/en\/"},{"@type":"ListItem","position":2,"name":"Packages","item":"https:\/\/www.metropolspahotel.ee\/en\/packages\/"},{"@type":"ListItem","position":3,"name":"BABY SHOWER AT THE SPA"}]},{"@type":"WebSite","@id":"https:\/\/www.metropolspahotel.ee\/en\/#website","url":"https:\/\/www.metropolspahotel.ee\/en\/","name":"Metropol Spa Hotel","description":"Metropol Hotels pakub unikaalset hotellielamust Tallinna uues linnas\u00fcdames. Ideaalne valik \u00e4ri-, konverentsi- v\u00f5i puhkusereisiks!","publisher":{"@id":"https:\/\/www.metropolspahotel.ee\/en\/#organization"},"alternateName":"Metropol Spa Hotel","potentialAction":[{"@type":"SearchAction","target":{"@type":"EntryPoint","urlTemplate":"https:\/\/www.metropolspahotel.ee\/en\/?s={search_term_string}"},"query-input":"required name=search_term_string"}],"inLanguage":"en-US"},{"@type":"Organization","@id":"https:\/\/www.metropolspahotel.ee\/en\/#organization","name":"Metropol Spa Hotel","alternateName":"Metropol Spa Hotel","url":"https:\/\/www.metropolspahotel.ee\/en\/","logo":{"@type":"ImageObject","inLanguage":"en-US","@id":"https:\/\/www.metropolspahotel.ee\/en\/#\/schema\/logo\/image\/","url":"https:\/\/www.metropolspahotel.ee\/wp-content\/uploads\/sites\/54\/2023\/08\/logo_metropol_spa_hotel_c.png","contentUrl":"https:\/\/www.metropolspahotel.ee\/wp-content\/uploads\/sites\/54\/2023\/08\/logo_metropol_spa_hotel_c.png","width":341,"height":115,"caption":"Metropol Spa Hotel"},"image":{"@id":"https:\/\/www.metropolspahotel.ee\/en\/#\/schema\/logo\/image\/"},"sameAs":["https:\/\/www.facebook.com\/MetropolSpaHotel\/"]}]}},"acf":[],"_links":{"self":[{"href":"https:\/\/www.metropolspahotel.ee\/en\/wp-json\/wp\/v2\/pages\/1287"}],"collection":[{"href":"https:\/\/www.metropolspahotel.ee\/en\/wp-json\/wp\/v2\/pages"}],"about":[{"href":"https:\/\/www.metropolspahotel.ee\/en\/wp-json\/wp\/v2\/types\/page"}],"author":[{"embeddable":true,"href":"https:\/\/www.metropolspahotel.ee\/en\/wp-json\/wp\/v2\/users\/121"}],"replies":[{"embeddable":true,"href":"https:\/\/www.metropolspahotel.ee\/en\/wp-json\/wp\/v2\/comments?post=1287"}],"version-history":[{"count":0,"href":"https:\/\/www.metropolspahotel.ee\/en\/wp-json\/wp\/v2\/pages\/1287\/revisions"}],"up":[{"embeddable":true,"href":"https:\/\/www.metropolspahotel.ee\/en\/wp-json\/wp\/v2\/pages\/59"}],"wp:featuredmedia":[{"embeddable":true,"href":"https:\/\/www.metropolspahotel.ee\/en\/wp-json\/wp\/v2\/media\/1468"}],"wp:attachment":[{"href":"https:\/\/www.metropolspahotel.ee\/en\/wp-json\/wp\/v2\/media?parent=1287"}],"curies":[{"name":"wp","href":"https:\/\/api.w.org\/{rel}","templated":true}]}}