{"id":1446,"date":"2025-02-27T10:31:11","date_gmt":"2025-02-27T10:31:11","guid":{"rendered":"https:\/\/hotelmetropolspa.ms2.decms.eu\/?page_id=1446"},"modified":"2025-03-18T13:50:42","modified_gmt":"2025-03-18T13:50:42","slug":"naughty-bubble-party","status":"publish","type":"page","link":"https:\/\/www.metropolspahotel.ee\/en\/packages\/naughty-bubble-party\/","title":{"rendered":"NAUGHTY BUBBLE PARTY"},"content":{"rendered":"<p style=\"text-align: center\"><span data-sheets-root=\"1\">Surprise the bride-to-be with a fun spa and sauna party at our spa while appreciating a stunning view of the Rotermann Quarter.<br \/>\nSparkling beverages and a snack bar make the spa experience even more enjoyable. You can enjoy all this in the privacy of the spa lounge, which is also perfect for additional bachelorette party activities.<br \/>\nPlease note! The package includes a naughty little gift set for the lucky lady \ud83d\ude09<\/span><\/p>\n<p style=\"text-align: center\"><strong>Special offer!<\/strong> With a group of 10 people or more, you get a 10% discount on the total package price!<\/p>\n","protected":false},"excerpt":{"rendered":"<p>Surprise the bride-to-be with a fun spa and sauna party at our spa while appreciating a stunning view of the Rotermann Quarter. Sparkling beverages and a snack bar make the spa experience even more enjoyable. You can enjoy all this in the privacy of the spa lounge, which is also perfect for additional bachelorette party [&hellip;]<\/p>\n","protected":false},"author":121,"featured_media":318,"parent":59,"menu_order":202,"comment_status":"closed","ping_status":"closed","template":"template-single-spa.php","meta":{"footnotes":""},"yoast_head":"<!-- This site is optimized with the Yoast SEO plugin v22.3 - https:\/\/yoast.com\/wordpress\/plugins\/seo\/ -->\n<title>NAUGHTY BUBBLE PARTY - Metropol Spa Hotel<\/title>\n<meta name=\"description\" content=\"Surprise the bride-to-be with a fun spa and sauna party at our spa while appreciating a stunning view of the Rotermann Quarter.\" \/>\n<meta name=\"robots\" content=\"index, follow, max-snippet:-1, max-image-preview:large, max-video-preview:-1\" \/>\n<link rel=\"canonical\" href=\"https:\/\/www.metropolspahotel.ee\/en\/packages\/naughty-bubble-party\/\" \/>\n<meta property=\"og:locale\" content=\"en_US\" \/>\n<meta property=\"og:type\" content=\"article\" \/>\n<meta property=\"og:title\" content=\"NAUGHTY BUBBLE PARTY - Metropol Spa Hotel\" \/>\n<meta property=\"og:description\" content=\"Surprise the bride-to-be with a fun spa and sauna party at our spa while appreciating a stunning view of the Rotermann Quarter.\" \/>\n<meta property=\"og:url\" content=\"https:\/\/www.metropolspahotel.ee\/en\/packages\/naughty-bubble-party\/\" \/>\n<meta property=\"og:site_name\" content=\"Metropol Spa Hotel\" \/>\n<meta property=\"article:publisher\" content=\"https:\/\/www.facebook.com\/MetropolSpaHotel\/\" \/>\n<meta property=\"article:modified_time\" content=\"2025-03-18T13:50:42+00:00\" \/>\n<meta property=\"og:image\" content=\"https:\/\/www.metropolspahotel.ee\/wp-content\/uploads\/sites\/54\/2023\/08\/metropole_spa_hotel_spa_sauna_friends_preview.jpg\" \/>\n\t<meta property=\"og:image:width\" content=\"1200\" \/>\n\t<meta property=\"og:image:height\" content=\"800\" \/>\n\t<meta property=\"og:image:type\" content=\"image\/jpeg\" \/>\n<meta name=\"twitter:card\" content=\"summary_large_image\" \/>\n<meta name=\"twitter:label1\" content=\"Est. reading time\" \/>\n\t<meta name=\"twitter:data1\" content=\"1 minute\" \/>\n<script type=\"application\/ld+json\" class=\"yoast-schema-graph\">{\"@context\":\"https:\/\/schema.org\",\"@graph\":[{\"@type\":\"WebPage\",\"@id\":\"https:\/\/www.metropolspahotel.ee\/en\/packages\/naughty-bubble-party\/\",\"url\":\"https:\/\/www.metropolspahotel.ee\/en\/packages\/naughty-bubble-party\/\",\"name\":\"NAUGHTY BUBBLE PARTY - Metropol Spa Hotel\",\"isPartOf\":{\"@id\":\"https:\/\/www.metropolspahotel.ee\/en\/#website\"},\"primaryImageOfPage\":{\"@id\":\"https:\/\/www.metropolspahotel.ee\/en\/packages\/naughty-bubble-party\/#primaryimage\"},\"image\":{\"@id\":\"https:\/\/www.metropolspahotel.ee\/en\/packages\/naughty-bubble-party\/#primaryimage\"},\"thumbnailUrl\":\"https:\/\/www.metropolspahotel.ee\/wp-content\/uploads\/sites\/54\/2023\/08\/metropole_spa_hotel_spa_sauna_friends_preview.jpg\",\"datePublished\":\"2025-02-27T10:31:11+00:00\",\"dateModified\":\"2025-03-18T13:50:42+00:00\",\"description\":\"Surprise the bride-to-be with a fun spa and sauna party at our spa while appreciating a stunning view of the Rotermann Quarter.\",\"breadcrumb\":{\"@id\":\"https:\/\/www.metropolspahotel.ee\/en\/packages\/naughty-bubble-party\/#breadcrumb\"},\"inLanguage\":\"en-US\",\"potentialAction\":[{\"@type\":\"ReadAction\",\"target\":[\"https:\/\/www.metropolspahotel.ee\/en\/packages\/naughty-bubble-party\/\"]}]},{\"@type\":\"ImageObject\",\"inLanguage\":\"en-US\",\"@id\":\"https:\/\/www.metropolspahotel.ee\/en\/packages\/naughty-bubble-party\/#primaryimage\",\"url\":\"https:\/\/www.metropolspahotel.ee\/wp-content\/uploads\/sites\/54\/2023\/08\/metropole_spa_hotel_spa_sauna_friends_preview.jpg\",\"contentUrl\":\"https:\/\/www.metropolspahotel.ee\/wp-content\/uploads\/sites\/54\/2023\/08\/metropole_spa_hotel_spa_sauna_friends_preview.jpg\",\"width\":1200,\"height\":800},{\"@type\":\"BreadcrumbList\",\"@id\":\"https:\/\/www.metropolspahotel.ee\/en\/packages\/naughty-bubble-party\/#breadcrumb\",\"itemListElement\":[{\"@type\":\"ListItem\",\"position\":1,\"name\":\"Home\",\"item\":\"https:\/\/www.metropolspahotel.ee\/en\/\"},{\"@type\":\"ListItem\",\"position\":2,\"name\":\"Packages\",\"item\":\"https:\/\/www.metropolspahotel.ee\/en\/packages\/\"},{\"@type\":\"ListItem\",\"position\":3,\"name\":\"NAUGHTY BUBBLE PARTY\"}]},{\"@type\":\"WebSite\",\"@id\":\"https:\/\/www.metropolspahotel.ee\/en\/#website\",\"url\":\"https:\/\/www.metropolspahotel.ee\/en\/\",\"name\":\"Metropol Spa Hotel\",\"description\":\"Metropol Hotels pakub unikaalset hotellielamust Tallinna uues linnas\u00fcdames. Ideaalne valik \u00e4ri-, konverentsi- v\u00f5i puhkusereisiks!\",\"publisher\":{\"@id\":\"https:\/\/www.metropolspahotel.ee\/en\/#organization\"},\"alternateName\":\"Metropol Spa Hotel\",\"potentialAction\":[{\"@type\":\"SearchAction\",\"target\":{\"@type\":\"EntryPoint\",\"urlTemplate\":\"https:\/\/www.metropolspahotel.ee\/en\/?s={search_term_string}\"},\"query-input\":\"required name=search_term_string\"}],\"inLanguage\":\"en-US\"},{\"@type\":\"Organization\",\"@id\":\"https:\/\/www.metropolspahotel.ee\/en\/#organization\",\"name\":\"Metropol Spa Hotel\",\"alternateName\":\"Metropol Spa Hotel\",\"url\":\"https:\/\/www.metropolspahotel.ee\/en\/\",\"logo\":{\"@type\":\"ImageObject\",\"inLanguage\":\"en-US\",\"@id\":\"https:\/\/www.metropolspahotel.ee\/en\/#\/schema\/logo\/image\/\",\"url\":\"https:\/\/www.metropolspahotel.ee\/wp-content\/uploads\/sites\/54\/2023\/08\/logo_metropol_spa_hotel_c.png\",\"contentUrl\":\"https:\/\/www.metropolspahotel.ee\/wp-content\/uploads\/sites\/54\/2023\/08\/logo_metropol_spa_hotel_c.png\",\"width\":341,\"height\":115,\"caption\":\"Metropol Spa Hotel\"},\"image\":{\"@id\":\"https:\/\/www.metropolspahotel.ee\/en\/#\/schema\/logo\/image\/\"},\"sameAs\":[\"https:\/\/www.facebook.com\/MetropolSpaHotel\/\"]}]}<\/script>\n<!-- \/ Yoast SEO plugin. -->","yoast_head_json":{"title":"NAUGHTY BUBBLE PARTY - Metropol Spa Hotel","description":"Surprise the bride-to-be with a fun spa and sauna party at our spa while appreciating a stunning view of the Rotermann Quarter.","robots":{"index":"index","follow":"follow","max-snippet":"max-snippet:-1","max-image-preview":"max-image-preview:large","max-video-preview":"max-video-preview:-1"},"canonical":"https:\/\/www.metropolspahotel.ee\/en\/packages\/naughty-bubble-party\/","og_locale":"en_US","og_type":"article","og_title":"NAUGHTY BUBBLE PARTY - Metropol Spa Hotel","og_description":"Surprise the bride-to-be with a fun spa and sauna party at our spa while appreciating a stunning view of the Rotermann Quarter.","og_url":"https:\/\/www.metropolspahotel.ee\/en\/packages\/naughty-bubble-party\/","og_site_name":"Metropol Spa Hotel","article_publisher":"https:\/\/www.facebook.com\/MetropolSpaHotel\/","article_modified_time":"2025-03-18T13:50:42+00:00","og_image":[{"width":1200,"height":800,"url":"https:\/\/www.metropolspahotel.ee\/wp-content\/uploads\/sites\/54\/2023\/08\/metropole_spa_hotel_spa_sauna_friends_preview.jpg","type":"image\/jpeg"}],"twitter_card":"summary_large_image","twitter_misc":{"Est. reading time":"1 minute"},"schema":{"@context":"https:\/\/schema.org","@graph":[{"@type":"WebPage","@id":"https:\/\/www.metropolspahotel.ee\/en\/packages\/naughty-bubble-party\/","url":"https:\/\/www.metropolspahotel.ee\/en\/packages\/naughty-bubble-party\/","name":"NAUGHTY BUBBLE PARTY - Metropol Spa Hotel","isPartOf":{"@id":"https:\/\/www.metropolspahotel.ee\/en\/#website"},"primaryImageOfPage":{"@id":"https:\/\/www.metropolspahotel.ee\/en\/packages\/naughty-bubble-party\/#primaryimage"},"image":{"@id":"https:\/\/www.metropolspahotel.ee\/en\/packages\/naughty-bubble-party\/#primaryimage"},"thumbnailUrl":"https:\/\/www.metropolspahotel.ee\/wp-content\/uploads\/sites\/54\/2023\/08\/metropole_spa_hotel_spa_sauna_friends_preview.jpg","datePublished":"2025-02-27T10:31:11+00:00","dateModified":"2025-03-18T13:50:42+00:00","description":"Surprise the bride-to-be with a fun spa and sauna party at our spa while appreciating a stunning view of the Rotermann Quarter.","breadcrumb":{"@id":"https:\/\/www.metropolspahotel.ee\/en\/packages\/naughty-bubble-party\/#breadcrumb"},"inLanguage":"en-US","potentialAction":[{"@type":"ReadAction","target":["https:\/\/www.metropolspahotel.ee\/en\/packages\/naughty-bubble-party\/"]}]},{"@type":"ImageObject","inLanguage":"en-US","@id":"https:\/\/www.metropolspahotel.ee\/en\/packages\/naughty-bubble-party\/#primaryimage","url":"https:\/\/www.metropolspahotel.ee\/wp-content\/uploads\/sites\/54\/2023\/08\/metropole_spa_hotel_spa_sauna_friends_preview.jpg","contentUrl":"https:\/\/www.metropolspahotel.ee\/wp-content\/uploads\/sites\/54\/2023\/08\/metropole_spa_hotel_spa_sauna_friends_preview.jpg","width":1200,"height":800},{"@type":"BreadcrumbList","@id":"https:\/\/www.metropolspahotel.ee\/en\/packages\/naughty-bubble-party\/#breadcrumb","itemListElement":[{"@type":"ListItem","position":1,"name":"Home","item":"https:\/\/www.metropolspahotel.ee\/en\/"},{"@type":"ListItem","position":2,"name":"Packages","item":"https:\/\/www.metropolspahotel.ee\/en\/packages\/"},{"@type":"ListItem","position":3,"name":"NAUGHTY BUBBLE PARTY"}]},{"@type":"WebSite","@id":"https:\/\/www.metropolspahotel.ee\/en\/#website","url":"https:\/\/www.metropolspahotel.ee\/en\/","name":"Metropol Spa Hotel","description":"Metropol Hotels pakub unikaalset hotellielamust Tallinna uues linnas\u00fcdames. Ideaalne valik \u00e4ri-, konverentsi- v\u00f5i puhkusereisiks!","publisher":{"@id":"https:\/\/www.metropolspahotel.ee\/en\/#organization"},"alternateName":"Metropol Spa Hotel","potentialAction":[{"@type":"SearchAction","target":{"@type":"EntryPoint","urlTemplate":"https:\/\/www.metropolspahotel.ee\/en\/?s={search_term_string}"},"query-input":"required name=search_term_string"}],"inLanguage":"en-US"},{"@type":"Organization","@id":"https:\/\/www.metropolspahotel.ee\/en\/#organization","name":"Metropol Spa Hotel","alternateName":"Metropol Spa Hotel","url":"https:\/\/www.metropolspahotel.ee\/en\/","logo":{"@type":"ImageObject","inLanguage":"en-US","@id":"https:\/\/www.metropolspahotel.ee\/en\/#\/schema\/logo\/image\/","url":"https:\/\/www.metropolspahotel.ee\/wp-content\/uploads\/sites\/54\/2023\/08\/logo_metropol_spa_hotel_c.png","contentUrl":"https:\/\/www.metropolspahotel.ee\/wp-content\/uploads\/sites\/54\/2023\/08\/logo_metropol_spa_hotel_c.png","width":341,"height":115,"caption":"Metropol Spa Hotel"},"image":{"@id":"https:\/\/www.metropolspahotel.ee\/en\/#\/schema\/logo\/image\/"},"sameAs":["https:\/\/www.facebook.com\/MetropolSpaHotel\/"]}]}},"acf":[],"_links":{"self":[{"href":"https:\/\/www.metropolspahotel.ee\/en\/wp-json\/wp\/v2\/pages\/1446"}],"collection":[{"href":"https:\/\/www.metropolspahotel.ee\/en\/wp-json\/wp\/v2\/pages"}],"about":[{"href":"https:\/\/www.metropolspahotel.ee\/en\/wp-json\/wp\/v2\/types\/page"}],"author":[{"embeddable":true,"href":"https:\/\/www.metropolspahotel.ee\/en\/wp-json\/wp\/v2\/users\/121"}],"replies":[{"embeddable":true,"href":"https:\/\/www.metropolspahotel.ee\/en\/wp-json\/wp\/v2\/comments?post=1446"}],"version-history":[{"count":0,"href":"https:\/\/www.metropolspahotel.ee\/en\/wp-json\/wp\/v2\/pages\/1446\/revisions"}],"up":[{"embeddable":true,"href":"https:\/\/www.metropolspahotel.ee\/en\/wp-json\/wp\/v2\/pages\/59"}],"wp:featuredmedia":[{"embeddable":true,"href":"https:\/\/www.metropolspahotel.ee\/en\/wp-json\/wp\/v2\/media\/318"}],"wp:attachment":[{"href":"https:\/\/www.metropolspahotel.ee\/en\/wp-json\/wp\/v2\/media?parent=1446"}],"curies":[{"name":"wp","href":"https:\/\/api.w.org\/{rel}","templated":true}]}}