{"id":1607,"date":"2024-03-06T14:10:32","date_gmt":"2024-03-06T14:10:32","guid":{"rendered":"https:\/\/www.metropolspahotel.ee\/?page_id=1607"},"modified":"2025-05-27T06:41:51","modified_gmt":"2025-05-27T06:41:51","slug":"done-in-a-flash","status":"publish","type":"page","link":"https:\/\/www.metropolspahotel.ee\/en\/packages\/done-in-a-flash\/","title":{"rendered":"Done in a flash"},"content":{"rendered":"<p class=\"p1\">We\u2019re always busy and never seem to have time\u2026 But time <i>can<\/i> and <i>should<\/i> be taken!<\/p>\n<p class=\"p1\">Take a moment for yourself and come with your partner for a short spa getaway in the heart of Tallinn.<\/p>\n<p class=\"p1\">When it comes to relaxation, we make no compromises!<\/p>\n<p class=\"p1\">Enjoy the water and sauna center, a revitalizing facial or body treatment, and a rich buffet breakfast.<\/p>\n","protected":false},"excerpt":{"rendered":"<p>We\u2019re always busy and never seem to have time\u2026 But time can and should be taken! Take a moment for yourself and come with your partner for a short spa getaway in the heart of Tallinn. When it comes to relaxation, we make no compromises! Enjoy the water and sauna center, a revitalizing facial or [&hellip;]<\/p>\n","protected":false},"author":121,"featured_media":0,"parent":59,"menu_order":203,"comment_status":"closed","ping_status":"closed","template":"template-single-spa.php","meta":{"footnotes":""},"yoast_head":"<!-- This site is optimized with the Yoast SEO plugin v22.3 - https:\/\/yoast.com\/wordpress\/plugins\/seo\/ -->\n<title>Done in a flash - Metropol Spa Hotel<\/title>\n<meta name=\"description\" content=\"We\u2019re always busy and never seem to have time\u2026 But time can and should be taken! Take a moment for yourself and come with your partner for a short spa getaway in the heart of Tallinn. When it comes to relaxation, we make no compromises! Enjoy the water and sauna center, a revitalizing facial or body treatment, and a rich buffet breakfast..\" \/>\n<meta name=\"robots\" content=\"index, follow, max-snippet:-1, max-image-preview:large, max-video-preview:-1\" \/>\n<link rel=\"canonical\" href=\"https:\/\/www.metropolspahotel.ee\/en\/packages\/done-in-a-flash\/\" \/>\n<meta property=\"og:locale\" content=\"en_US\" \/>\n<meta property=\"og:type\" content=\"article\" \/>\n<meta property=\"og:title\" content=\"Done in a flash - Metropol Spa Hotel\" \/>\n<meta property=\"og:description\" content=\"We\u2019re always busy and never seem to have time\u2026 But time can and should be taken! Take a moment for yourself and come with your partner for a short spa getaway in the heart of Tallinn. When it comes to relaxation, we make no compromises! Enjoy the water and sauna center, a revitalizing facial or body treatment, and a rich buffet breakfast..\" \/>\n<meta property=\"og:url\" content=\"https:\/\/www.metropolspahotel.ee\/en\/packages\/done-in-a-flash\/\" \/>\n<meta property=\"og:site_name\" content=\"Metropol Spa Hotel\" \/>\n<meta property=\"article:publisher\" content=\"https:\/\/www.facebook.com\/MetropolSpaHotel\/\" \/>\n<meta property=\"article:modified_time\" content=\"2025-05-27T06:41:51+00:00\" \/>\n<meta property=\"og:image\" content=\"https:\/\/www.metropolspahotel.ee\/wp-content\/uploads\/sites\/54\/2023\/09\/metropole_spa_hotel_gallery_37.jpg\" \/>\n\t<meta property=\"og:image:width\" content=\"1200\" \/>\n\t<meta property=\"og:image:height\" content=\"800\" \/>\n\t<meta property=\"og:image:type\" content=\"image\/jpeg\" \/>\n<meta name=\"twitter:card\" content=\"summary_large_image\" \/>\n<meta name=\"twitter:label1\" content=\"Est. reading time\" \/>\n\t<meta name=\"twitter:data1\" content=\"1 minute\" \/>\n<script type=\"application\/ld+json\" class=\"yoast-schema-graph\">{\"@context\":\"https:\/\/schema.org\",\"@graph\":[{\"@type\":\"WebPage\",\"@id\":\"https:\/\/www.metropolspahotel.ee\/en\/packages\/done-in-a-flash\/\",\"url\":\"https:\/\/www.metropolspahotel.ee\/en\/packages\/done-in-a-flash\/\",\"name\":\"Done in a flash - Metropol Spa Hotel\",\"isPartOf\":{\"@id\":\"https:\/\/www.metropolspahotel.ee\/en\/#website\"},\"datePublished\":\"2024-03-06T14:10:32+00:00\",\"dateModified\":\"2025-05-27T06:41:51+00:00\",\"description\":\"We\u2019re always busy and never seem to have time\u2026 But time can and should be taken! Take a moment for yourself and come with your partner for a short spa getaway in the heart of Tallinn. When it comes to relaxation, we make no compromises! Enjoy the water and sauna center, a revitalizing facial or body treatment, and a rich buffet breakfast. .\",\"breadcrumb\":{\"@id\":\"https:\/\/www.metropolspahotel.ee\/en\/packages\/done-in-a-flash\/#breadcrumb\"},\"inLanguage\":\"en-US\",\"potentialAction\":[{\"@type\":\"ReadAction\",\"target\":[\"https:\/\/www.metropolspahotel.ee\/en\/packages\/done-in-a-flash\/\"]}]},{\"@type\":\"BreadcrumbList\",\"@id\":\"https:\/\/www.metropolspahotel.ee\/en\/packages\/done-in-a-flash\/#breadcrumb\",\"itemListElement\":[{\"@type\":\"ListItem\",\"position\":1,\"name\":\"Home\",\"item\":\"https:\/\/www.metropolspahotel.ee\/en\/\"},{\"@type\":\"ListItem\",\"position\":2,\"name\":\"Packages\",\"item\":\"https:\/\/www.metropolspahotel.ee\/en\/packages\/\"},{\"@type\":\"ListItem\",\"position\":3,\"name\":\"Done in a flash\"}]},{\"@type\":\"WebSite\",\"@id\":\"https:\/\/www.metropolspahotel.ee\/en\/#website\",\"url\":\"https:\/\/www.metropolspahotel.ee\/en\/\",\"name\":\"Metropol Spa Hotel\",\"description\":\"Metropol Hotels pakub unikaalset hotellielamust Tallinna uues linnas\u00fcdames. Ideaalne valik \u00e4ri-, konverentsi- v\u00f5i puhkusereisiks!\",\"publisher\":{\"@id\":\"https:\/\/www.metropolspahotel.ee\/en\/#organization\"},\"alternateName\":\"Metropol Spa Hotel\",\"potentialAction\":[{\"@type\":\"SearchAction\",\"target\":{\"@type\":\"EntryPoint\",\"urlTemplate\":\"https:\/\/www.metropolspahotel.ee\/en\/?s={search_term_string}\"},\"query-input\":\"required name=search_term_string\"}],\"inLanguage\":\"en-US\"},{\"@type\":\"Organization\",\"@id\":\"https:\/\/www.metropolspahotel.ee\/en\/#organization\",\"name\":\"Metropol Spa Hotel\",\"alternateName\":\"Metropol Spa Hotel\",\"url\":\"https:\/\/www.metropolspahotel.ee\/en\/\",\"logo\":{\"@type\":\"ImageObject\",\"inLanguage\":\"en-US\",\"@id\":\"https:\/\/www.metropolspahotel.ee\/en\/#\/schema\/logo\/image\/\",\"url\":\"https:\/\/www.metropolspahotel.ee\/wp-content\/uploads\/sites\/54\/2023\/08\/logo_metropol_spa_hotel_c.png\",\"contentUrl\":\"https:\/\/www.metropolspahotel.ee\/wp-content\/uploads\/sites\/54\/2023\/08\/logo_metropol_spa_hotel_c.png\",\"width\":341,\"height\":115,\"caption\":\"Metropol Spa Hotel\"},\"image\":{\"@id\":\"https:\/\/www.metropolspahotel.ee\/en\/#\/schema\/logo\/image\/\"},\"sameAs\":[\"https:\/\/www.facebook.com\/MetropolSpaHotel\/\"]}]}<\/script>\n<!-- \/ Yoast SEO plugin. -->","yoast_head_json":{"title":"Done in a flash - Metropol Spa Hotel","description":"We\u2019re always busy and never seem to have time\u2026 But time can and should be taken! Take a moment for yourself and come with your partner for a short spa getaway in the heart of Tallinn. When it comes to relaxation, we make no compromises! Enjoy the water and sauna center, a revitalizing facial or body treatment, and a rich buffet breakfast..","robots":{"index":"index","follow":"follow","max-snippet":"max-snippet:-1","max-image-preview":"max-image-preview:large","max-video-preview":"max-video-preview:-1"},"canonical":"https:\/\/www.metropolspahotel.ee\/en\/packages\/done-in-a-flash\/","og_locale":"en_US","og_type":"article","og_title":"Done in a flash - Metropol Spa Hotel","og_description":"We\u2019re always busy and never seem to have time\u2026 But time can and should be taken! Take a moment for yourself and come with your partner for a short spa getaway in the heart of Tallinn. When it comes to relaxation, we make no compromises! Enjoy the water and sauna center, a revitalizing facial or body treatment, and a rich buffet breakfast..","og_url":"https:\/\/www.metropolspahotel.ee\/en\/packages\/done-in-a-flash\/","og_site_name":"Metropol Spa Hotel","article_publisher":"https:\/\/www.facebook.com\/MetropolSpaHotel\/","article_modified_time":"2025-05-27T06:41:51+00:00","og_image":[{"width":1200,"height":800,"url":"https:\/\/www.metropolspahotel.ee\/wp-content\/uploads\/sites\/54\/2023\/09\/metropole_spa_hotel_gallery_37.jpg","type":"image\/jpeg"}],"twitter_card":"summary_large_image","twitter_misc":{"Est. reading time":"1 minute"},"schema":{"@context":"https:\/\/schema.org","@graph":[{"@type":"WebPage","@id":"https:\/\/www.metropolspahotel.ee\/en\/packages\/done-in-a-flash\/","url":"https:\/\/www.metropolspahotel.ee\/en\/packages\/done-in-a-flash\/","name":"Done in a flash - Metropol Spa Hotel","isPartOf":{"@id":"https:\/\/www.metropolspahotel.ee\/en\/#website"},"datePublished":"2024-03-06T14:10:32+00:00","dateModified":"2025-05-27T06:41:51+00:00","description":"We\u2019re always busy and never seem to have time\u2026 But time can and should be taken! Take a moment for yourself and come with your partner for a short spa getaway in the heart of Tallinn. When it comes to relaxation, we make no compromises! Enjoy the water and sauna center, a revitalizing facial or body treatment, and a rich buffet breakfast. .","breadcrumb":{"@id":"https:\/\/www.metropolspahotel.ee\/en\/packages\/done-in-a-flash\/#breadcrumb"},"inLanguage":"en-US","potentialAction":[{"@type":"ReadAction","target":["https:\/\/www.metropolspahotel.ee\/en\/packages\/done-in-a-flash\/"]}]},{"@type":"BreadcrumbList","@id":"https:\/\/www.metropolspahotel.ee\/en\/packages\/done-in-a-flash\/#breadcrumb","itemListElement":[{"@type":"ListItem","position":1,"name":"Home","item":"https:\/\/www.metropolspahotel.ee\/en\/"},{"@type":"ListItem","position":2,"name":"Packages","item":"https:\/\/www.metropolspahotel.ee\/en\/packages\/"},{"@type":"ListItem","position":3,"name":"Done in a flash"}]},{"@type":"WebSite","@id":"https:\/\/www.metropolspahotel.ee\/en\/#website","url":"https:\/\/www.metropolspahotel.ee\/en\/","name":"Metropol Spa Hotel","description":"Metropol Hotels pakub unikaalset hotellielamust Tallinna uues linnas\u00fcdames. Ideaalne valik \u00e4ri-, konverentsi- v\u00f5i puhkusereisiks!","publisher":{"@id":"https:\/\/www.metropolspahotel.ee\/en\/#organization"},"alternateName":"Metropol Spa Hotel","potentialAction":[{"@type":"SearchAction","target":{"@type":"EntryPoint","urlTemplate":"https:\/\/www.metropolspahotel.ee\/en\/?s={search_term_string}"},"query-input":"required name=search_term_string"}],"inLanguage":"en-US"},{"@type":"Organization","@id":"https:\/\/www.metropolspahotel.ee\/en\/#organization","name":"Metropol Spa Hotel","alternateName":"Metropol Spa Hotel","url":"https:\/\/www.metropolspahotel.ee\/en\/","logo":{"@type":"ImageObject","inLanguage":"en-US","@id":"https:\/\/www.metropolspahotel.ee\/en\/#\/schema\/logo\/image\/","url":"https:\/\/www.metropolspahotel.ee\/wp-content\/uploads\/sites\/54\/2023\/08\/logo_metropol_spa_hotel_c.png","contentUrl":"https:\/\/www.metropolspahotel.ee\/wp-content\/uploads\/sites\/54\/2023\/08\/logo_metropol_spa_hotel_c.png","width":341,"height":115,"caption":"Metropol Spa Hotel"},"image":{"@id":"https:\/\/www.metropolspahotel.ee\/en\/#\/schema\/logo\/image\/"},"sameAs":["https:\/\/www.facebook.com\/MetropolSpaHotel\/"]}]}},"acf":[],"_links":{"self":[{"href":"https:\/\/www.metropolspahotel.ee\/en\/wp-json\/wp\/v2\/pages\/1607"}],"collection":[{"href":"https:\/\/www.metropolspahotel.ee\/en\/wp-json\/wp\/v2\/pages"}],"about":[{"href":"https:\/\/www.metropolspahotel.ee\/en\/wp-json\/wp\/v2\/types\/page"}],"author":[{"embeddable":true,"href":"https:\/\/www.metropolspahotel.ee\/en\/wp-json\/wp\/v2\/users\/121"}],"replies":[{"embeddable":true,"href":"https:\/\/www.metropolspahotel.ee\/en\/wp-json\/wp\/v2\/comments?post=1607"}],"version-history":[{"count":0,"href":"https:\/\/www.metropolspahotel.ee\/en\/wp-json\/wp\/v2\/pages\/1607\/revisions"}],"up":[{"embeddable":true,"href":"https:\/\/www.metropolspahotel.ee\/en\/wp-json\/wp\/v2\/pages\/59"}],"wp:attachment":[{"href":"https:\/\/www.metropolspahotel.ee\/en\/wp-json\/wp\/v2\/media?parent=1607"}],"curies":[{"name":"wp","href":"https:\/\/api.w.org\/{rel}","templated":true}]}}