{"id":1653,"date":"2025-05-15T07:37:11","date_gmt":"2025-05-15T07:37:11","guid":{"rendered":"https:\/\/www.metropolspahotel.ee\/?page_id=1653"},"modified":"2026-03-25T09:44:24","modified_gmt":"2026-03-25T09:44:24","slug":"wellness_treatments","status":"publish","type":"page","link":"https:\/\/www.metropolspahotel.ee\/en\/wellness_treatments\/","title":{"rendered":"Wellness Treatments"},"content":{"rendered":"<p class=\"p1\"><b>Welcome to the wellness world of Metropol Spa Hotel, where treatments for body and mind create balance, calm and a true sense of well-being.<br \/>\n<\/b><b><\/b><i>Find your perfect treatment or massage and book via\u00a0<a href=\"https:\/\/online.saloninfra.ee\/en\/metropol-spa\">SalonInfra<\/a>, or contact us by phone (+3726674581) or\u00a0<a href=\"https:\/\/www.metropolspahotel.ee\/en\/our-wellness-centre\/wellness@metropol.ee\">email<\/a>.<br \/>\n<\/i><\/p>\n","protected":false},"excerpt":{"rendered":"<p>Welcome to the wellness world of Metropol Spa Hotel, where treatments for body and mind create balance, calm and a true sense of well-being. Find your perfect treatment or massage and book via\u00a0SalonInfra, or contact us by phone (+3726674581) or\u00a0email.<\/p>\n","protected":false},"author":121,"featured_media":0,"parent":0,"menu_order":0,"comment_status":"closed","ping_status":"closed","template":"template-content-page-v2.php","meta":{"footnotes":""},"yoast_head":"<!-- This site is optimized with the Yoast SEO plugin v22.3 - https:\/\/yoast.com\/wordpress\/plugins\/seo\/ -->\n<title>Wellness Treatments - Metropol Spa Hotel<\/title>\n<meta name=\"description\" content=\"Welcome to the wellness world of Metropol Spa Hotel, where treatments for body and mind create balance, calm and a true sense of well-being. Find your perfect treatment or massage and book via\u00a0SalonInfra, or contact us by phone (+3726674581) or\u00a0email. .\" \/>\n<meta name=\"robots\" content=\"index, follow, max-snippet:-1, max-image-preview:large, max-video-preview:-1\" \/>\n<link rel=\"canonical\" href=\"https:\/\/www.metropolspahotel.ee\/en\/wellness_treatments\/\" \/>\n<meta property=\"og:locale\" content=\"en_US\" \/>\n<meta property=\"og:type\" content=\"article\" \/>\n<meta property=\"og:title\" content=\"Wellness Treatments - Metropol Spa Hotel\" \/>\n<meta property=\"og:description\" content=\"Welcome to the wellness world of Metropol Spa Hotel, where treatments for body and mind create balance, calm and a true sense of well-being. Find your perfect treatment or massage and book via\u00a0SalonInfra, or contact us by phone (+3726674581) or\u00a0email. .\" \/>\n<meta property=\"og:url\" content=\"https:\/\/www.metropolspahotel.ee\/en\/wellness_treatments\/\" \/>\n<meta property=\"og:site_name\" content=\"Metropol Spa Hotel\" \/>\n<meta property=\"article:publisher\" content=\"https:\/\/www.facebook.com\/MetropolSpaHotel\/\" \/>\n<meta property=\"article:modified_time\" content=\"2026-03-25T09:44:24+00:00\" \/>\n<meta property=\"og:image\" content=\"https:\/\/www.metropolspahotel.ee\/wp-content\/uploads\/sites\/54\/2023\/09\/metropole_spa_hotel_gallery_37.jpg\" \/>\n\t<meta property=\"og:image:width\" content=\"1200\" \/>\n\t<meta property=\"og:image:height\" content=\"800\" \/>\n\t<meta property=\"og:image:type\" content=\"image\/jpeg\" \/>\n<meta name=\"twitter:card\" content=\"summary_large_image\" \/>\n<meta name=\"twitter:label1\" content=\"Est. reading time\" \/>\n\t<meta name=\"twitter:data1\" content=\"1 minute\" \/>\n<script type=\"application\/ld+json\" class=\"yoast-schema-graph\">{\"@context\":\"https:\/\/schema.org\",\"@graph\":[{\"@type\":\"WebPage\",\"@id\":\"https:\/\/www.metropolspahotel.ee\/en\/wellness_treatments\/\",\"url\":\"https:\/\/www.metropolspahotel.ee\/en\/wellness_treatments\/\",\"name\":\"Wellness Treatments - Metropol Spa Hotel\",\"isPartOf\":{\"@id\":\"https:\/\/www.metropolspahotel.ee\/en\/#website\"},\"datePublished\":\"2025-05-15T07:37:11+00:00\",\"dateModified\":\"2026-03-25T09:44:24+00:00\",\"description\":\"Welcome to the wellness world of Metropol Spa Hotel, where treatments for body and mind create balance, calm and a true sense of well-being. Find your perfect treatment or massage and book via\u00a0SalonInfra, or contact us by phone (+3726674581) or\u00a0email. .\",\"breadcrumb\":{\"@id\":\"https:\/\/www.metropolspahotel.ee\/en\/wellness_treatments\/#breadcrumb\"},\"inLanguage\":\"en-US\",\"potentialAction\":[{\"@type\":\"ReadAction\",\"target\":[\"https:\/\/www.metropolspahotel.ee\/en\/wellness_treatments\/\"]}]},{\"@type\":\"BreadcrumbList\",\"@id\":\"https:\/\/www.metropolspahotel.ee\/en\/wellness_treatments\/#breadcrumb\",\"itemListElement\":[{\"@type\":\"ListItem\",\"position\":1,\"name\":\"Home\",\"item\":\"https:\/\/www.metropolspahotel.ee\/en\/\"},{\"@type\":\"ListItem\",\"position\":2,\"name\":\"Wellness Treatments\"}]},{\"@type\":\"WebSite\",\"@id\":\"https:\/\/www.metropolspahotel.ee\/en\/#website\",\"url\":\"https:\/\/www.metropolspahotel.ee\/en\/\",\"name\":\"Metropol Spa Hotel\",\"description\":\"Metropol Hotels pakub unikaalset hotellielamust Tallinna uues linnas\u00fcdames. Ideaalne valik \u00e4ri-, konverentsi- v\u00f5i puhkusereisiks!\",\"publisher\":{\"@id\":\"https:\/\/www.metropolspahotel.ee\/en\/#organization\"},\"alternateName\":\"Metropol Spa Hotel\",\"potentialAction\":[{\"@type\":\"SearchAction\",\"target\":{\"@type\":\"EntryPoint\",\"urlTemplate\":\"https:\/\/www.metropolspahotel.ee\/en\/?s={search_term_string}\"},\"query-input\":\"required name=search_term_string\"}],\"inLanguage\":\"en-US\"},{\"@type\":\"Organization\",\"@id\":\"https:\/\/www.metropolspahotel.ee\/en\/#organization\",\"name\":\"Metropol Spa Hotel\",\"alternateName\":\"Metropol Spa Hotel\",\"url\":\"https:\/\/www.metropolspahotel.ee\/en\/\",\"logo\":{\"@type\":\"ImageObject\",\"inLanguage\":\"en-US\",\"@id\":\"https:\/\/www.metropolspahotel.ee\/en\/#\/schema\/logo\/image\/\",\"url\":\"https:\/\/www.metropolspahotel.ee\/wp-content\/uploads\/sites\/54\/2023\/08\/logo_metropol_spa_hotel_c.png\",\"contentUrl\":\"https:\/\/www.metropolspahotel.ee\/wp-content\/uploads\/sites\/54\/2023\/08\/logo_metropol_spa_hotel_c.png\",\"width\":341,\"height\":115,\"caption\":\"Metropol Spa Hotel\"},\"image\":{\"@id\":\"https:\/\/www.metropolspahotel.ee\/en\/#\/schema\/logo\/image\/\"},\"sameAs\":[\"https:\/\/www.facebook.com\/MetropolSpaHotel\/\"]}]}<\/script>\n<!-- \/ Yoast SEO plugin. -->","yoast_head_json":{"title":"Wellness Treatments - Metropol Spa Hotel","description":"Welcome to the wellness world of Metropol Spa Hotel, where treatments for body and mind create balance, calm and a true sense of well-being. Find your perfect treatment or massage and book via\u00a0SalonInfra, or contact us by phone (+3726674581) or\u00a0email. .","robots":{"index":"index","follow":"follow","max-snippet":"max-snippet:-1","max-image-preview":"max-image-preview:large","max-video-preview":"max-video-preview:-1"},"canonical":"https:\/\/www.metropolspahotel.ee\/en\/wellness_treatments\/","og_locale":"en_US","og_type":"article","og_title":"Wellness Treatments - Metropol Spa Hotel","og_description":"Welcome to the wellness world of Metropol Spa Hotel, where treatments for body and mind create balance, calm and a true sense of well-being. Find your perfect treatment or massage and book via\u00a0SalonInfra, or contact us by phone (+3726674581) or\u00a0email. .","og_url":"https:\/\/www.metropolspahotel.ee\/en\/wellness_treatments\/","og_site_name":"Metropol Spa Hotel","article_publisher":"https:\/\/www.facebook.com\/MetropolSpaHotel\/","article_modified_time":"2026-03-25T09:44:24+00:00","og_image":[{"width":1200,"height":800,"url":"https:\/\/www.metropolspahotel.ee\/wp-content\/uploads\/sites\/54\/2023\/09\/metropole_spa_hotel_gallery_37.jpg","type":"image\/jpeg"}],"twitter_card":"summary_large_image","twitter_misc":{"Est. reading time":"1 minute"},"schema":{"@context":"https:\/\/schema.org","@graph":[{"@type":"WebPage","@id":"https:\/\/www.metropolspahotel.ee\/en\/wellness_treatments\/","url":"https:\/\/www.metropolspahotel.ee\/en\/wellness_treatments\/","name":"Wellness Treatments - Metropol Spa Hotel","isPartOf":{"@id":"https:\/\/www.metropolspahotel.ee\/en\/#website"},"datePublished":"2025-05-15T07:37:11+00:00","dateModified":"2026-03-25T09:44:24+00:00","description":"Welcome to the wellness world of Metropol Spa Hotel, where treatments for body and mind create balance, calm and a true sense of well-being. Find your perfect treatment or massage and book via\u00a0SalonInfra, or contact us by phone (+3726674581) or\u00a0email. .","breadcrumb":{"@id":"https:\/\/www.metropolspahotel.ee\/en\/wellness_treatments\/#breadcrumb"},"inLanguage":"en-US","potentialAction":[{"@type":"ReadAction","target":["https:\/\/www.metropolspahotel.ee\/en\/wellness_treatments\/"]}]},{"@type":"BreadcrumbList","@id":"https:\/\/www.metropolspahotel.ee\/en\/wellness_treatments\/#breadcrumb","itemListElement":[{"@type":"ListItem","position":1,"name":"Home","item":"https:\/\/www.metropolspahotel.ee\/en\/"},{"@type":"ListItem","position":2,"name":"Wellness Treatments"}]},{"@type":"WebSite","@id":"https:\/\/www.metropolspahotel.ee\/en\/#website","url":"https:\/\/www.metropolspahotel.ee\/en\/","name":"Metropol Spa Hotel","description":"Metropol Hotels pakub unikaalset hotellielamust Tallinna uues linnas\u00fcdames. Ideaalne valik \u00e4ri-, konverentsi- v\u00f5i puhkusereisiks!","publisher":{"@id":"https:\/\/www.metropolspahotel.ee\/en\/#organization"},"alternateName":"Metropol Spa Hotel","potentialAction":[{"@type":"SearchAction","target":{"@type":"EntryPoint","urlTemplate":"https:\/\/www.metropolspahotel.ee\/en\/?s={search_term_string}"},"query-input":"required name=search_term_string"}],"inLanguage":"en-US"},{"@type":"Organization","@id":"https:\/\/www.metropolspahotel.ee\/en\/#organization","name":"Metropol Spa Hotel","alternateName":"Metropol Spa Hotel","url":"https:\/\/www.metropolspahotel.ee\/en\/","logo":{"@type":"ImageObject","inLanguage":"en-US","@id":"https:\/\/www.metropolspahotel.ee\/en\/#\/schema\/logo\/image\/","url":"https:\/\/www.metropolspahotel.ee\/wp-content\/uploads\/sites\/54\/2023\/08\/logo_metropol_spa_hotel_c.png","contentUrl":"https:\/\/www.metropolspahotel.ee\/wp-content\/uploads\/sites\/54\/2023\/08\/logo_metropol_spa_hotel_c.png","width":341,"height":115,"caption":"Metropol Spa Hotel"},"image":{"@id":"https:\/\/www.metropolspahotel.ee\/en\/#\/schema\/logo\/image\/"},"sameAs":["https:\/\/www.facebook.com\/MetropolSpaHotel\/"]}]}},"acf":[],"_links":{"self":[{"href":"https:\/\/www.metropolspahotel.ee\/en\/wp-json\/wp\/v2\/pages\/1653"}],"collection":[{"href":"https:\/\/www.metropolspahotel.ee\/en\/wp-json\/wp\/v2\/pages"}],"about":[{"href":"https:\/\/www.metropolspahotel.ee\/en\/wp-json\/wp\/v2\/types\/page"}],"author":[{"embeddable":true,"href":"https:\/\/www.metropolspahotel.ee\/en\/wp-json\/wp\/v2\/users\/121"}],"replies":[{"embeddable":true,"href":"https:\/\/www.metropolspahotel.ee\/en\/wp-json\/wp\/v2\/comments?post=1653"}],"version-history":[{"count":0,"href":"https:\/\/www.metropolspahotel.ee\/en\/wp-json\/wp\/v2\/pages\/1653\/revisions"}],"wp:attachment":[{"href":"https:\/\/www.metropolspahotel.ee\/en\/wp-json\/wp\/v2\/media?parent=1653"}],"curies":[{"name":"wp","href":"https:\/\/api.w.org\/{rel}","templated":true}]}}