{"id":1657,"date":"2025-05-15T07:47:26","date_gmt":"2025-05-15T07:47:26","guid":{"rendered":"https:\/\/www.metropolspahotel.ee\/?page_id=1657"},"modified":"2025-06-16T08:40:53","modified_gmt":"2025-06-16T08:40:53","slug":"beauty-add-ons","status":"publish","type":"page","link":"https:\/\/www.metropolspahotel.ee\/en\/wellness_treatments\/beauty-add-ons\/","title":{"rendered":"Beauty Add-ons"},"content":{"rendered":"<p class=\"p1\">Sometimes perfection lies in the details. The <strong>beauty add-ons<\/strong> at Metropol Spa Hotel are designed to complement your chosen treatment and make your spa experience even more enjoyable and complete. These smaller, yet essential enhancements highlight natural beauty, support relaxation, and offer a personalized care experience.<\/p>\n<p class=\"p1\">Our selection includes <strong>the color therapy waterbed<\/strong>, facial skin diagnostics, as well as <strong>eyelash and eyebrow treatments<\/strong> \u2013 the perfect finishing touch to any spa visit. Add-ons are ideal to combine with facial, body, and massage treatments and are not offered as standalone services.<\/p>\n<p class=\"p1\">Choose your favorite extra and let the little details make a big difference.<\/p>\n","protected":false},"excerpt":{"rendered":"<p>Sometimes perfection lies in the details. The beauty add-ons at Metropol Spa Hotel are designed to complement your chosen treatment and make your spa experience even more enjoyable and complete. These smaller, yet essential enhancements highlight natural beauty, support relaxation, and offer a personalized care experience. Our selection includes the color therapy waterbed, facial skin [&hellip;]<\/p>\n","protected":false},"author":121,"featured_media":0,"parent":1653,"menu_order":0,"comment_status":"closed","ping_status":"closed","template":"template-content-page.php","meta":{"footnotes":""},"yoast_head":"<!-- This site is optimized with the Yoast SEO plugin v22.3 - https:\/\/yoast.com\/wordpress\/plugins\/seo\/ -->\n<title>Beauty Add-ons - Metropol Spa Hotel<\/title>\n<meta name=\"description\" content=\"Sometimes perfection lies in the details. The beauty add-ons at Metropol Spa Hotel are designed to complement your chosen treatment and make your spa experience even more enjoyable and complete\" \/>\n<meta name=\"robots\" content=\"index, follow, max-snippet:-1, max-image-preview:large, max-video-preview:-1\" \/>\n<link rel=\"canonical\" href=\"https:\/\/www.metropolspahotel.ee\/en\/wellness_treatments\/beauty-add-ons\/\" \/>\n<meta property=\"og:locale\" content=\"en_US\" \/>\n<meta property=\"og:type\" content=\"article\" \/>\n<meta property=\"og:title\" content=\"Beauty Add-ons - Metropol Spa Hotel\" \/>\n<meta property=\"og:description\" content=\"Sometimes perfection lies in the details. The beauty add-ons at Metropol Spa Hotel are designed to complement your chosen treatment and make your spa experience even more enjoyable and complete\" \/>\n<meta property=\"og:url\" content=\"https:\/\/www.metropolspahotel.ee\/en\/wellness_treatments\/beauty-add-ons\/\" \/>\n<meta property=\"og:site_name\" content=\"Metropol Spa Hotel\" \/>\n<meta property=\"article:publisher\" content=\"https:\/\/www.facebook.com\/MetropolSpaHotel\/\" \/>\n<meta property=\"article:modified_time\" content=\"2025-06-16T08:40:53+00:00\" \/>\n<meta property=\"og:image\" content=\"https:\/\/www.metropolspahotel.ee\/wp-content\/uploads\/sites\/54\/2023\/09\/metropole_spa_hotel_gallery_37.jpg\" \/>\n\t<meta property=\"og:image:width\" content=\"1200\" \/>\n\t<meta property=\"og:image:height\" content=\"800\" \/>\n\t<meta property=\"og:image:type\" content=\"image\/jpeg\" \/>\n<meta name=\"twitter:card\" content=\"summary_large_image\" \/>\n<meta name=\"twitter:label1\" content=\"Est. reading time\" \/>\n\t<meta name=\"twitter:data1\" content=\"1 minute\" \/>\n<script type=\"application\/ld+json\" class=\"yoast-schema-graph\">{\"@context\":\"https:\/\/schema.org\",\"@graph\":[{\"@type\":\"WebPage\",\"@id\":\"https:\/\/www.metropolspahotel.ee\/en\/wellness_treatments\/beauty-add-ons\/\",\"url\":\"https:\/\/www.metropolspahotel.ee\/en\/wellness_treatments\/beauty-add-ons\/\",\"name\":\"Beauty Add-ons - Metropol Spa Hotel\",\"isPartOf\":{\"@id\":\"https:\/\/www.metropolspahotel.ee\/en\/#website\"},\"datePublished\":\"2025-05-15T07:47:26+00:00\",\"dateModified\":\"2025-06-16T08:40:53+00:00\",\"description\":\"Sometimes perfection lies in the details. The beauty add-ons at Metropol Spa Hotel are designed to complement your chosen treatment and make your spa experience even more enjoyable and complete\",\"breadcrumb\":{\"@id\":\"https:\/\/www.metropolspahotel.ee\/en\/wellness_treatments\/beauty-add-ons\/#breadcrumb\"},\"inLanguage\":\"en-US\",\"potentialAction\":[{\"@type\":\"ReadAction\",\"target\":[\"https:\/\/www.metropolspahotel.ee\/en\/wellness_treatments\/beauty-add-ons\/\"]}]},{\"@type\":\"BreadcrumbList\",\"@id\":\"https:\/\/www.metropolspahotel.ee\/en\/wellness_treatments\/beauty-add-ons\/#breadcrumb\",\"itemListElement\":[{\"@type\":\"ListItem\",\"position\":1,\"name\":\"Home\",\"item\":\"https:\/\/www.metropolspahotel.ee\/en\/\"},{\"@type\":\"ListItem\",\"position\":2,\"name\":\"Wellness Treatments\",\"item\":\"https:\/\/www.metropolspahotel.ee\/en\/wellness_treatments\/\"},{\"@type\":\"ListItem\",\"position\":3,\"name\":\"Beauty Add-ons\"}]},{\"@type\":\"WebSite\",\"@id\":\"https:\/\/www.metropolspahotel.ee\/en\/#website\",\"url\":\"https:\/\/www.metropolspahotel.ee\/en\/\",\"name\":\"Metropol Spa Hotel\",\"description\":\"Metropol Hotels pakub unikaalset hotellielamust Tallinna uues linnas\u00fcdames. Ideaalne valik \u00e4ri-, konverentsi- v\u00f5i puhkusereisiks!\",\"publisher\":{\"@id\":\"https:\/\/www.metropolspahotel.ee\/en\/#organization\"},\"alternateName\":\"Metropol Spa Hotel\",\"potentialAction\":[{\"@type\":\"SearchAction\",\"target\":{\"@type\":\"EntryPoint\",\"urlTemplate\":\"https:\/\/www.metropolspahotel.ee\/en\/?s={search_term_string}\"},\"query-input\":\"required name=search_term_string\"}],\"inLanguage\":\"en-US\"},{\"@type\":\"Organization\",\"@id\":\"https:\/\/www.metropolspahotel.ee\/en\/#organization\",\"name\":\"Metropol Spa Hotel\",\"alternateName\":\"Metropol Spa Hotel\",\"url\":\"https:\/\/www.metropolspahotel.ee\/en\/\",\"logo\":{\"@type\":\"ImageObject\",\"inLanguage\":\"en-US\",\"@id\":\"https:\/\/www.metropolspahotel.ee\/en\/#\/schema\/logo\/image\/\",\"url\":\"https:\/\/www.metropolspahotel.ee\/wp-content\/uploads\/sites\/54\/2023\/08\/logo_metropol_spa_hotel_c.png\",\"contentUrl\":\"https:\/\/www.metropolspahotel.ee\/wp-content\/uploads\/sites\/54\/2023\/08\/logo_metropol_spa_hotel_c.png\",\"width\":341,\"height\":115,\"caption\":\"Metropol Spa Hotel\"},\"image\":{\"@id\":\"https:\/\/www.metropolspahotel.ee\/en\/#\/schema\/logo\/image\/\"},\"sameAs\":[\"https:\/\/www.facebook.com\/MetropolSpaHotel\/\"]}]}<\/script>\n<!-- \/ Yoast SEO plugin. -->","yoast_head_json":{"title":"Beauty Add-ons - Metropol Spa Hotel","description":"Sometimes perfection lies in the details. The beauty add-ons at Metropol Spa Hotel are designed to complement your chosen treatment and make your spa experience even more enjoyable and complete","robots":{"index":"index","follow":"follow","max-snippet":"max-snippet:-1","max-image-preview":"max-image-preview:large","max-video-preview":"max-video-preview:-1"},"canonical":"https:\/\/www.metropolspahotel.ee\/en\/wellness_treatments\/beauty-add-ons\/","og_locale":"en_US","og_type":"article","og_title":"Beauty Add-ons - Metropol Spa Hotel","og_description":"Sometimes perfection lies in the details. The beauty add-ons at Metropol Spa Hotel are designed to complement your chosen treatment and make your spa experience even more enjoyable and complete","og_url":"https:\/\/www.metropolspahotel.ee\/en\/wellness_treatments\/beauty-add-ons\/","og_site_name":"Metropol Spa Hotel","article_publisher":"https:\/\/www.facebook.com\/MetropolSpaHotel\/","article_modified_time":"2025-06-16T08:40:53+00:00","og_image":[{"width":1200,"height":800,"url":"https:\/\/www.metropolspahotel.ee\/wp-content\/uploads\/sites\/54\/2023\/09\/metropole_spa_hotel_gallery_37.jpg","type":"image\/jpeg"}],"twitter_card":"summary_large_image","twitter_misc":{"Est. reading time":"1 minute"},"schema":{"@context":"https:\/\/schema.org","@graph":[{"@type":"WebPage","@id":"https:\/\/www.metropolspahotel.ee\/en\/wellness_treatments\/beauty-add-ons\/","url":"https:\/\/www.metropolspahotel.ee\/en\/wellness_treatments\/beauty-add-ons\/","name":"Beauty Add-ons - Metropol Spa Hotel","isPartOf":{"@id":"https:\/\/www.metropolspahotel.ee\/en\/#website"},"datePublished":"2025-05-15T07:47:26+00:00","dateModified":"2025-06-16T08:40:53+00:00","description":"Sometimes perfection lies in the details. The beauty add-ons at Metropol Spa Hotel are designed to complement your chosen treatment and make your spa experience even more enjoyable and complete","breadcrumb":{"@id":"https:\/\/www.metropolspahotel.ee\/en\/wellness_treatments\/beauty-add-ons\/#breadcrumb"},"inLanguage":"en-US","potentialAction":[{"@type":"ReadAction","target":["https:\/\/www.metropolspahotel.ee\/en\/wellness_treatments\/beauty-add-ons\/"]}]},{"@type":"BreadcrumbList","@id":"https:\/\/www.metropolspahotel.ee\/en\/wellness_treatments\/beauty-add-ons\/#breadcrumb","itemListElement":[{"@type":"ListItem","position":1,"name":"Home","item":"https:\/\/www.metropolspahotel.ee\/en\/"},{"@type":"ListItem","position":2,"name":"Wellness Treatments","item":"https:\/\/www.metropolspahotel.ee\/en\/wellness_treatments\/"},{"@type":"ListItem","position":3,"name":"Beauty Add-ons"}]},{"@type":"WebSite","@id":"https:\/\/www.metropolspahotel.ee\/en\/#website","url":"https:\/\/www.metropolspahotel.ee\/en\/","name":"Metropol Spa Hotel","description":"Metropol Hotels pakub unikaalset hotellielamust Tallinna uues linnas\u00fcdames. Ideaalne valik \u00e4ri-, konverentsi- v\u00f5i puhkusereisiks!","publisher":{"@id":"https:\/\/www.metropolspahotel.ee\/en\/#organization"},"alternateName":"Metropol Spa Hotel","potentialAction":[{"@type":"SearchAction","target":{"@type":"EntryPoint","urlTemplate":"https:\/\/www.metropolspahotel.ee\/en\/?s={search_term_string}"},"query-input":"required name=search_term_string"}],"inLanguage":"en-US"},{"@type":"Organization","@id":"https:\/\/www.metropolspahotel.ee\/en\/#organization","name":"Metropol Spa Hotel","alternateName":"Metropol Spa Hotel","url":"https:\/\/www.metropolspahotel.ee\/en\/","logo":{"@type":"ImageObject","inLanguage":"en-US","@id":"https:\/\/www.metropolspahotel.ee\/en\/#\/schema\/logo\/image\/","url":"https:\/\/www.metropolspahotel.ee\/wp-content\/uploads\/sites\/54\/2023\/08\/logo_metropol_spa_hotel_c.png","contentUrl":"https:\/\/www.metropolspahotel.ee\/wp-content\/uploads\/sites\/54\/2023\/08\/logo_metropol_spa_hotel_c.png","width":341,"height":115,"caption":"Metropol Spa Hotel"},"image":{"@id":"https:\/\/www.metropolspahotel.ee\/en\/#\/schema\/logo\/image\/"},"sameAs":["https:\/\/www.facebook.com\/MetropolSpaHotel\/"]}]}},"acf":[],"_links":{"self":[{"href":"https:\/\/www.metropolspahotel.ee\/en\/wp-json\/wp\/v2\/pages\/1657"}],"collection":[{"href":"https:\/\/www.metropolspahotel.ee\/en\/wp-json\/wp\/v2\/pages"}],"about":[{"href":"https:\/\/www.metropolspahotel.ee\/en\/wp-json\/wp\/v2\/types\/page"}],"author":[{"embeddable":true,"href":"https:\/\/www.metropolspahotel.ee\/en\/wp-json\/wp\/v2\/users\/121"}],"replies":[{"embeddable":true,"href":"https:\/\/www.metropolspahotel.ee\/en\/wp-json\/wp\/v2\/comments?post=1657"}],"version-history":[{"count":0,"href":"https:\/\/www.metropolspahotel.ee\/en\/wp-json\/wp\/v2\/pages\/1657\/revisions"}],"up":[{"embeddable":true,"href":"https:\/\/www.metropolspahotel.ee\/en\/wp-json\/wp\/v2\/pages\/1653"}],"wp:attachment":[{"href":"https:\/\/www.metropolspahotel.ee\/en\/wp-json\/wp\/v2\/media?parent=1657"}],"curies":[{"name":"wp","href":"https:\/\/api.w.org\/{rel}","templated":true}]}}