{"id":1662,"date":"2025-05-15T07:54:15","date_gmt":"2025-05-15T07:54:15","guid":{"rendered":"https:\/\/www.metropolspahotel.ee\/?page_id=1662"},"modified":"2025-06-16T08:52:09","modified_gmt":"2025-06-16T08:52:09","slug":"hand-treatments","status":"publish","type":"page","link":"https:\/\/www.metropolspahotel.ee\/en\/wellness_treatments\/hand-treatments\/","title":{"rendered":"Hand Treatments"},"content":{"rendered":"<p class=\"p1\">Beautiful, well-groomed hands are not just a matter of appearance \u2013 they reflect self-care and attention to detail. The hand treatments at Metropol Spa Hotel offer deep hydration, protection, and beauty, combining professional care with a soothing spa experience.<\/p>\n<p class=\"p1\">Our selection includes <strong>express treatments for a quick refresh<\/strong> as well as luxurious spa manicures that relax and rejuvenate your hands, nails, and mood. The paraffin treatment is especially suited for dry and cold hands, offering deep moisture and warmth. Classic and spa manicures provide a polished result, perfect for everyday elegance or special occasions.<\/p>\n<p class=\"p1\">Treat your hands to care that makes them shine and feel soft and nourished again.<\/p>\n","protected":false},"excerpt":{"rendered":"<p>Beautiful, well-groomed hands are not just a matter of appearance \u2013 they reflect self-care and attention to detail. The hand treatments at Metropol Spa Hotel offer deep hydration, protection, and beauty, combining professional care with a soothing spa experience. Our selection includes express treatments for a quick refresh as well as luxurious spa manicures that [&hellip;]<\/p>\n","protected":false},"author":121,"featured_media":0,"parent":1653,"menu_order":0,"comment_status":"closed","ping_status":"closed","template":"template-content-page.php","meta":{"footnotes":""},"yoast_head":"<!-- This site is optimized with the Yoast SEO plugin v22.3 - https:\/\/yoast.com\/wordpress\/plugins\/seo\/ -->\n<title>Hand Treatments - Metropol Spa Hotel<\/title>\n<meta name=\"description\" content=\"Beautiful, well-groomed hands are not just a matter of appearance \u2013 they reflect self-care and attention to detail. The hand treatments at Metropol Spa Hotel offer deep hydration, protection, and beauty, combining professional care with a soothing spa experience. Our selection includes express treatments for a quick refresh as well as luxurious spa manicures that relax and rejuvenate your hands, nails, and mood\" \/>\n<meta name=\"robots\" content=\"index, follow, max-snippet:-1, max-image-preview:large, max-video-preview:-1\" \/>\n<link rel=\"canonical\" href=\"https:\/\/www.metropolspahotel.ee\/en\/wellness_treatments\/hand-treatments\/\" \/>\n<meta property=\"og:locale\" content=\"en_US\" \/>\n<meta property=\"og:type\" content=\"article\" \/>\n<meta property=\"og:title\" content=\"Hand Treatments - Metropol Spa Hotel\" \/>\n<meta property=\"og:description\" content=\"Beautiful, well-groomed hands are not just a matter of appearance \u2013 they reflect self-care and attention to detail. The hand treatments at Metropol Spa Hotel offer deep hydration, protection, and beauty, combining professional care with a soothing spa experience. Our selection includes express treatments for a quick refresh as well as luxurious spa manicures that relax and rejuvenate your hands, nails, and mood\" \/>\n<meta property=\"og:url\" content=\"https:\/\/www.metropolspahotel.ee\/en\/wellness_treatments\/hand-treatments\/\" \/>\n<meta property=\"og:site_name\" content=\"Metropol Spa Hotel\" \/>\n<meta property=\"article:publisher\" content=\"https:\/\/www.facebook.com\/MetropolSpaHotel\/\" \/>\n<meta property=\"article:modified_time\" content=\"2025-06-16T08:52:09+00:00\" \/>\n<meta property=\"og:image\" content=\"https:\/\/www.metropolspahotel.ee\/wp-content\/uploads\/sites\/54\/2023\/09\/metropole_spa_hotel_gallery_37.jpg\" \/>\n\t<meta property=\"og:image:width\" content=\"1200\" \/>\n\t<meta property=\"og:image:height\" content=\"800\" \/>\n\t<meta property=\"og:image:type\" content=\"image\/jpeg\" \/>\n<meta name=\"twitter:card\" content=\"summary_large_image\" \/>\n<meta name=\"twitter:label1\" content=\"Est. reading time\" \/>\n\t<meta name=\"twitter:data1\" content=\"1 minute\" \/>\n<script type=\"application\/ld+json\" class=\"yoast-schema-graph\">{\"@context\":\"https:\/\/schema.org\",\"@graph\":[{\"@type\":\"WebPage\",\"@id\":\"https:\/\/www.metropolspahotel.ee\/en\/wellness_treatments\/hand-treatments\/\",\"url\":\"https:\/\/www.metropolspahotel.ee\/en\/wellness_treatments\/hand-treatments\/\",\"name\":\"Hand Treatments - Metropol Spa Hotel\",\"isPartOf\":{\"@id\":\"https:\/\/www.metropolspahotel.ee\/en\/#website\"},\"datePublished\":\"2025-05-15T07:54:15+00:00\",\"dateModified\":\"2025-06-16T08:52:09+00:00\",\"description\":\"Beautiful, well-groomed hands are not just a matter of appearance \u2013 they reflect self-care and attention to detail. The hand treatments at Metropol Spa Hotel offer deep hydration, protection, and beauty, combining professional care with a soothing spa experience. Our selection includes express treatments for a quick refresh as well as luxurious spa manicures that relax and rejuvenate your hands, nails, and mood\",\"breadcrumb\":{\"@id\":\"https:\/\/www.metropolspahotel.ee\/en\/wellness_treatments\/hand-treatments\/#breadcrumb\"},\"inLanguage\":\"en-US\",\"potentialAction\":[{\"@type\":\"ReadAction\",\"target\":[\"https:\/\/www.metropolspahotel.ee\/en\/wellness_treatments\/hand-treatments\/\"]}]},{\"@type\":\"BreadcrumbList\",\"@id\":\"https:\/\/www.metropolspahotel.ee\/en\/wellness_treatments\/hand-treatments\/#breadcrumb\",\"itemListElement\":[{\"@type\":\"ListItem\",\"position\":1,\"name\":\"Home\",\"item\":\"https:\/\/www.metropolspahotel.ee\/en\/\"},{\"@type\":\"ListItem\",\"position\":2,\"name\":\"Wellness Treatments\",\"item\":\"https:\/\/www.metropolspahotel.ee\/en\/wellness_treatments\/\"},{\"@type\":\"ListItem\",\"position\":3,\"name\":\"Hand Treatments\"}]},{\"@type\":\"WebSite\",\"@id\":\"https:\/\/www.metropolspahotel.ee\/en\/#website\",\"url\":\"https:\/\/www.metropolspahotel.ee\/en\/\",\"name\":\"Metropol Spa Hotel\",\"description\":\"Metropol Hotels pakub unikaalset hotellielamust Tallinna uues linnas\u00fcdames. Ideaalne valik \u00e4ri-, konverentsi- v\u00f5i puhkusereisiks!\",\"publisher\":{\"@id\":\"https:\/\/www.metropolspahotel.ee\/en\/#organization\"},\"alternateName\":\"Metropol Spa Hotel\",\"potentialAction\":[{\"@type\":\"SearchAction\",\"target\":{\"@type\":\"EntryPoint\",\"urlTemplate\":\"https:\/\/www.metropolspahotel.ee\/en\/?s={search_term_string}\"},\"query-input\":\"required name=search_term_string\"}],\"inLanguage\":\"en-US\"},{\"@type\":\"Organization\",\"@id\":\"https:\/\/www.metropolspahotel.ee\/en\/#organization\",\"name\":\"Metropol Spa Hotel\",\"alternateName\":\"Metropol Spa Hotel\",\"url\":\"https:\/\/www.metropolspahotel.ee\/en\/\",\"logo\":{\"@type\":\"ImageObject\",\"inLanguage\":\"en-US\",\"@id\":\"https:\/\/www.metropolspahotel.ee\/en\/#\/schema\/logo\/image\/\",\"url\":\"https:\/\/www.metropolspahotel.ee\/wp-content\/uploads\/sites\/54\/2023\/08\/logo_metropol_spa_hotel_c.png\",\"contentUrl\":\"https:\/\/www.metropolspahotel.ee\/wp-content\/uploads\/sites\/54\/2023\/08\/logo_metropol_spa_hotel_c.png\",\"width\":341,\"height\":115,\"caption\":\"Metropol Spa Hotel\"},\"image\":{\"@id\":\"https:\/\/www.metropolspahotel.ee\/en\/#\/schema\/logo\/image\/\"},\"sameAs\":[\"https:\/\/www.facebook.com\/MetropolSpaHotel\/\"]}]}<\/script>\n<!-- \/ Yoast SEO plugin. -->","yoast_head_json":{"title":"Hand Treatments - Metropol Spa Hotel","description":"Beautiful, well-groomed hands are not just a matter of appearance \u2013 they reflect self-care and attention to detail. The hand treatments at Metropol Spa Hotel offer deep hydration, protection, and beauty, combining professional care with a soothing spa experience. Our selection includes express treatments for a quick refresh as well as luxurious spa manicures that relax and rejuvenate your hands, nails, and mood","robots":{"index":"index","follow":"follow","max-snippet":"max-snippet:-1","max-image-preview":"max-image-preview:large","max-video-preview":"max-video-preview:-1"},"canonical":"https:\/\/www.metropolspahotel.ee\/en\/wellness_treatments\/hand-treatments\/","og_locale":"en_US","og_type":"article","og_title":"Hand Treatments - Metropol Spa Hotel","og_description":"Beautiful, well-groomed hands are not just a matter of appearance \u2013 they reflect self-care and attention to detail. The hand treatments at Metropol Spa Hotel offer deep hydration, protection, and beauty, combining professional care with a soothing spa experience. Our selection includes express treatments for a quick refresh as well as luxurious spa manicures that relax and rejuvenate your hands, nails, and mood","og_url":"https:\/\/www.metropolspahotel.ee\/en\/wellness_treatments\/hand-treatments\/","og_site_name":"Metropol Spa Hotel","article_publisher":"https:\/\/www.facebook.com\/MetropolSpaHotel\/","article_modified_time":"2025-06-16T08:52:09+00:00","og_image":[{"width":1200,"height":800,"url":"https:\/\/www.metropolspahotel.ee\/wp-content\/uploads\/sites\/54\/2023\/09\/metropole_spa_hotel_gallery_37.jpg","type":"image\/jpeg"}],"twitter_card":"summary_large_image","twitter_misc":{"Est. reading time":"1 minute"},"schema":{"@context":"https:\/\/schema.org","@graph":[{"@type":"WebPage","@id":"https:\/\/www.metropolspahotel.ee\/en\/wellness_treatments\/hand-treatments\/","url":"https:\/\/www.metropolspahotel.ee\/en\/wellness_treatments\/hand-treatments\/","name":"Hand Treatments - Metropol Spa Hotel","isPartOf":{"@id":"https:\/\/www.metropolspahotel.ee\/en\/#website"},"datePublished":"2025-05-15T07:54:15+00:00","dateModified":"2025-06-16T08:52:09+00:00","description":"Beautiful, well-groomed hands are not just a matter of appearance \u2013 they reflect self-care and attention to detail. The hand treatments at Metropol Spa Hotel offer deep hydration, protection, and beauty, combining professional care with a soothing spa experience. Our selection includes express treatments for a quick refresh as well as luxurious spa manicures that relax and rejuvenate your hands, nails, and mood","breadcrumb":{"@id":"https:\/\/www.metropolspahotel.ee\/en\/wellness_treatments\/hand-treatments\/#breadcrumb"},"inLanguage":"en-US","potentialAction":[{"@type":"ReadAction","target":["https:\/\/www.metropolspahotel.ee\/en\/wellness_treatments\/hand-treatments\/"]}]},{"@type":"BreadcrumbList","@id":"https:\/\/www.metropolspahotel.ee\/en\/wellness_treatments\/hand-treatments\/#breadcrumb","itemListElement":[{"@type":"ListItem","position":1,"name":"Home","item":"https:\/\/www.metropolspahotel.ee\/en\/"},{"@type":"ListItem","position":2,"name":"Wellness Treatments","item":"https:\/\/www.metropolspahotel.ee\/en\/wellness_treatments\/"},{"@type":"ListItem","position":3,"name":"Hand Treatments"}]},{"@type":"WebSite","@id":"https:\/\/www.metropolspahotel.ee\/en\/#website","url":"https:\/\/www.metropolspahotel.ee\/en\/","name":"Metropol Spa Hotel","description":"Metropol Hotels pakub unikaalset hotellielamust Tallinna uues linnas\u00fcdames. Ideaalne valik \u00e4ri-, konverentsi- v\u00f5i puhkusereisiks!","publisher":{"@id":"https:\/\/www.metropolspahotel.ee\/en\/#organization"},"alternateName":"Metropol Spa Hotel","potentialAction":[{"@type":"SearchAction","target":{"@type":"EntryPoint","urlTemplate":"https:\/\/www.metropolspahotel.ee\/en\/?s={search_term_string}"},"query-input":"required name=search_term_string"}],"inLanguage":"en-US"},{"@type":"Organization","@id":"https:\/\/www.metropolspahotel.ee\/en\/#organization","name":"Metropol Spa Hotel","alternateName":"Metropol Spa Hotel","url":"https:\/\/www.metropolspahotel.ee\/en\/","logo":{"@type":"ImageObject","inLanguage":"en-US","@id":"https:\/\/www.metropolspahotel.ee\/en\/#\/schema\/logo\/image\/","url":"https:\/\/www.metropolspahotel.ee\/wp-content\/uploads\/sites\/54\/2023\/08\/logo_metropol_spa_hotel_c.png","contentUrl":"https:\/\/www.metropolspahotel.ee\/wp-content\/uploads\/sites\/54\/2023\/08\/logo_metropol_spa_hotel_c.png","width":341,"height":115,"caption":"Metropol Spa Hotel"},"image":{"@id":"https:\/\/www.metropolspahotel.ee\/en\/#\/schema\/logo\/image\/"},"sameAs":["https:\/\/www.facebook.com\/MetropolSpaHotel\/"]}]}},"acf":[],"_links":{"self":[{"href":"https:\/\/www.metropolspahotel.ee\/en\/wp-json\/wp\/v2\/pages\/1662"}],"collection":[{"href":"https:\/\/www.metropolspahotel.ee\/en\/wp-json\/wp\/v2\/pages"}],"about":[{"href":"https:\/\/www.metropolspahotel.ee\/en\/wp-json\/wp\/v2\/types\/page"}],"author":[{"embeddable":true,"href":"https:\/\/www.metropolspahotel.ee\/en\/wp-json\/wp\/v2\/users\/121"}],"replies":[{"embeddable":true,"href":"https:\/\/www.metropolspahotel.ee\/en\/wp-json\/wp\/v2\/comments?post=1662"}],"version-history":[{"count":0,"href":"https:\/\/www.metropolspahotel.ee\/en\/wp-json\/wp\/v2\/pages\/1662\/revisions"}],"up":[{"embeddable":true,"href":"https:\/\/www.metropolspahotel.ee\/en\/wp-json\/wp\/v2\/pages\/1653"}],"wp:attachment":[{"href":"https:\/\/www.metropolspahotel.ee\/en\/wp-json\/wp\/v2\/media?parent=1662"}],"curies":[{"name":"wp","href":"https:\/\/api.w.org\/{rel}","templated":true}]}}