{"id":1666,"date":"2025-05-15T08:02:58","date_gmt":"2025-05-15T08:02:58","guid":{"rendered":"https:\/\/www.metropolspahotel.ee\/?page_id=1666"},"modified":"2025-06-18T04:47:26","modified_gmt":"2025-06-18T04:47:26","slug":"massages-and-relaxation-treatments","status":"publish","type":"page","link":"https:\/\/www.metropolspahotel.ee\/en\/wellness_treatments\/massages-and-relaxation-treatments\/","title":{"rendered":"Massages and Relaxation Treatments"},"content":{"rendered":"<p class=\"p1\">The massages and relaxation treatments at Metropol Spa Hotel are designed to offer you a moment of complete recovery \u2013 whether your goal is to relieve muscle tension, enjoy deep tranquility, restore your energy, or share a special experience with someone you love.<\/p>\n<p class=\"p1\">Our selection includes classic full-body massages as well as exclusive treatments that incorporate the power of<strong> hemp oil, hot stones, candlelight, or the soothing rhythm<\/strong> of the ocean. You\u2019ll also find <strong>foot massages, head and neck relaxation, <\/strong>the luxurious <strong>Holistic Signature Treatment<\/strong>, and <strong>dual massages<\/strong> enjoyed side by side in the same room.<\/p>\n<p class=\"p1\">Each treatment is carefully crafted, combining the therapist\u2019s expertise, natural active ingredients, and a calming spa environment \u2013 resulting in inner balance, freshness, and a stress-free mind.<\/p>\n<p class=\"p1\">Discover our world of massages and give your body and mind the rest they truly deserve.<\/p>\n","protected":false},"excerpt":{"rendered":"<p>The massages and relaxation treatments at Metropol Spa Hotel are designed to offer you a moment of complete recovery \u2013 whether your goal is to relieve muscle tension, enjoy deep tranquility, restore your energy, or share a special experience with someone you love. Our selection includes classic full-body massages as well as exclusive treatments that [&hellip;]<\/p>\n","protected":false},"author":121,"featured_media":0,"parent":1653,"menu_order":0,"comment_status":"closed","ping_status":"closed","template":"template-content-page.php","meta":{"footnotes":""},"yoast_head":"<!-- This site is optimized with the Yoast SEO plugin v22.3 - https:\/\/yoast.com\/wordpress\/plugins\/seo\/ -->\n<title>Massages and Relaxation Treatments - Metropol Spa Hotel<\/title>\n<meta name=\"description\" content=\"The massages and relaxation treatments at Metropol Spa Hotel are designed to offer you a moment of complete recovery \u2013 whether your goal is to relieve muscle tension, enjoy deep tranquility, restore your energy, or share a special experience with someone you love. Our selection includes classic full-body massages as well as exclusive treatments that incorporate the power of hemp oil, hot stones, candlelight, or the soothing rhythm of the ocean. You\u2019ll also find foot massages, head and neck relaxation, the luxurious Holistic Signature Treatment, and dual massages enjoyed side by side in the same room. Each treatment is carefully crafted, combining the therapist\u2019s expertise, natural active ingredients, and a calming spa environment \u2013 resulting in inner balance, freshness, and a stress-free mind. Discover our world of massages and give your body and mind the rest they truly deserve.\" \/>\n<meta name=\"robots\" content=\"index, follow, max-snippet:-1, max-image-preview:large, max-video-preview:-1\" \/>\n<link rel=\"canonical\" href=\"https:\/\/www.metropolspahotel.ee\/en\/wellness_treatments\/massages-and-relaxation-treatments\/\" \/>\n<meta property=\"og:locale\" content=\"en_US\" \/>\n<meta property=\"og:type\" content=\"article\" \/>\n<meta property=\"og:title\" content=\"Massages and Relaxation Treatments - Metropol Spa Hotel\" \/>\n<meta property=\"og:description\" content=\"The massages and relaxation treatments at Metropol Spa Hotel are designed to offer you a moment of complete recovery \u2013 whether your goal is to relieve muscle tension, enjoy deep tranquility, restore your energy, or share a special experience with someone you love. Our selection includes classic full-body massages as well as exclusive treatments that incorporate the power of hemp oil, hot stones, candlelight, or the soothing rhythm of the ocean. You\u2019ll also find foot massages, head and neck relaxation, the luxurious Holistic Signature Treatment, and dual massages enjoyed side by side in the same room. Each treatment is carefully crafted, combining the therapist\u2019s expertise, natural active ingredients, and a calming spa environment \u2013 resulting in inner balance, freshness, and a stress-free mind. Discover our world of massages and give your body and mind the rest they truly deserve.\" \/>\n<meta property=\"og:url\" content=\"https:\/\/www.metropolspahotel.ee\/en\/wellness_treatments\/massages-and-relaxation-treatments\/\" \/>\n<meta property=\"og:site_name\" content=\"Metropol Spa Hotel\" \/>\n<meta property=\"article:publisher\" content=\"https:\/\/www.facebook.com\/MetropolSpaHotel\/\" \/>\n<meta property=\"article:modified_time\" content=\"2025-06-18T04:47:26+00:00\" \/>\n<meta property=\"og:image\" content=\"https:\/\/www.metropolspahotel.ee\/wp-content\/uploads\/sites\/54\/2023\/09\/metropole_spa_hotel_gallery_37.jpg\" \/>\n\t<meta property=\"og:image:width\" content=\"1200\" \/>\n\t<meta property=\"og:image:height\" content=\"800\" \/>\n\t<meta property=\"og:image:type\" content=\"image\/jpeg\" \/>\n<meta name=\"twitter:card\" content=\"summary_large_image\" \/>\n<meta name=\"twitter:label1\" content=\"Est. reading time\" \/>\n\t<meta name=\"twitter:data1\" content=\"1 minute\" \/>\n<script type=\"application\/ld+json\" class=\"yoast-schema-graph\">{\"@context\":\"https:\/\/schema.org\",\"@graph\":[{\"@type\":\"WebPage\",\"@id\":\"https:\/\/www.metropolspahotel.ee\/en\/wellness_treatments\/massages-and-relaxation-treatments\/\",\"url\":\"https:\/\/www.metropolspahotel.ee\/en\/wellness_treatments\/massages-and-relaxation-treatments\/\",\"name\":\"Massages and Relaxation Treatments - Metropol Spa Hotel\",\"isPartOf\":{\"@id\":\"https:\/\/www.metropolspahotel.ee\/en\/#website\"},\"datePublished\":\"2025-05-15T08:02:58+00:00\",\"dateModified\":\"2025-06-18T04:47:26+00:00\",\"description\":\"The massages and relaxation treatments at Metropol Spa Hotel are designed to offer you a moment of complete recovery \u2013 whether your goal is to relieve muscle tension, enjoy deep tranquility, restore your energy, or share a special experience with someone you love. Our selection includes classic full-body massages as well as exclusive treatments that incorporate the power of hemp oil, hot stones, candlelight, or the soothing rhythm of the ocean. You\u2019ll also find foot massages, head and neck relaxation, the luxurious Holistic Signature Treatment, and dual massages enjoyed side by side in the same room. Each treatment is carefully crafted, combining the therapist\u2019s expertise, natural active ingredients, and a calming spa environment \u2013 resulting in inner balance, freshness, and a stress-free mind. Discover our world of massages and give your body and mind the rest they truly deserve.\",\"breadcrumb\":{\"@id\":\"https:\/\/www.metropolspahotel.ee\/en\/wellness_treatments\/massages-and-relaxation-treatments\/#breadcrumb\"},\"inLanguage\":\"en-US\",\"potentialAction\":[{\"@type\":\"ReadAction\",\"target\":[\"https:\/\/www.metropolspahotel.ee\/en\/wellness_treatments\/massages-and-relaxation-treatments\/\"]}]},{\"@type\":\"BreadcrumbList\",\"@id\":\"https:\/\/www.metropolspahotel.ee\/en\/wellness_treatments\/massages-and-relaxation-treatments\/#breadcrumb\",\"itemListElement\":[{\"@type\":\"ListItem\",\"position\":1,\"name\":\"Home\",\"item\":\"https:\/\/www.metropolspahotel.ee\/en\/\"},{\"@type\":\"ListItem\",\"position\":2,\"name\":\"Wellness Treatments\",\"item\":\"https:\/\/www.metropolspahotel.ee\/en\/wellness_treatments\/\"},{\"@type\":\"ListItem\",\"position\":3,\"name\":\"Massages and Relaxation Treatments\"}]},{\"@type\":\"WebSite\",\"@id\":\"https:\/\/www.metropolspahotel.ee\/en\/#website\",\"url\":\"https:\/\/www.metropolspahotel.ee\/en\/\",\"name\":\"Metropol Spa Hotel\",\"description\":\"Metropol Hotels pakub unikaalset hotellielamust Tallinna uues linnas\u00fcdames. Ideaalne valik \u00e4ri-, konverentsi- v\u00f5i puhkusereisiks!\",\"publisher\":{\"@id\":\"https:\/\/www.metropolspahotel.ee\/en\/#organization\"},\"alternateName\":\"Metropol Spa Hotel\",\"potentialAction\":[{\"@type\":\"SearchAction\",\"target\":{\"@type\":\"EntryPoint\",\"urlTemplate\":\"https:\/\/www.metropolspahotel.ee\/en\/?s={search_term_string}\"},\"query-input\":\"required name=search_term_string\"}],\"inLanguage\":\"en-US\"},{\"@type\":\"Organization\",\"@id\":\"https:\/\/www.metropolspahotel.ee\/en\/#organization\",\"name\":\"Metropol Spa Hotel\",\"alternateName\":\"Metropol Spa Hotel\",\"url\":\"https:\/\/www.metropolspahotel.ee\/en\/\",\"logo\":{\"@type\":\"ImageObject\",\"inLanguage\":\"en-US\",\"@id\":\"https:\/\/www.metropolspahotel.ee\/en\/#\/schema\/logo\/image\/\",\"url\":\"https:\/\/www.metropolspahotel.ee\/wp-content\/uploads\/sites\/54\/2023\/08\/logo_metropol_spa_hotel_c.png\",\"contentUrl\":\"https:\/\/www.metropolspahotel.ee\/wp-content\/uploads\/sites\/54\/2023\/08\/logo_metropol_spa_hotel_c.png\",\"width\":341,\"height\":115,\"caption\":\"Metropol Spa Hotel\"},\"image\":{\"@id\":\"https:\/\/www.metropolspahotel.ee\/en\/#\/schema\/logo\/image\/\"},\"sameAs\":[\"https:\/\/www.facebook.com\/MetropolSpaHotel\/\"]}]}<\/script>\n<!-- \/ Yoast SEO plugin. -->","yoast_head_json":{"title":"Massages and Relaxation Treatments - Metropol Spa Hotel","description":"The massages and relaxation treatments at Metropol Spa Hotel are designed to offer you a moment of complete recovery \u2013 whether your goal is to relieve muscle tension, enjoy deep tranquility, restore your energy, or share a special experience with someone you love. Our selection includes classic full-body massages as well as exclusive treatments that incorporate the power of hemp oil, hot stones, candlelight, or the soothing rhythm of the ocean. You\u2019ll also find foot massages, head and neck relaxation, the luxurious Holistic Signature Treatment, and dual massages enjoyed side by side in the same room. Each treatment is carefully crafted, combining the therapist\u2019s expertise, natural active ingredients, and a calming spa environment \u2013 resulting in inner balance, freshness, and a stress-free mind. Discover our world of massages and give your body and mind the rest they truly deserve.","robots":{"index":"index","follow":"follow","max-snippet":"max-snippet:-1","max-image-preview":"max-image-preview:large","max-video-preview":"max-video-preview:-1"},"canonical":"https:\/\/www.metropolspahotel.ee\/en\/wellness_treatments\/massages-and-relaxation-treatments\/","og_locale":"en_US","og_type":"article","og_title":"Massages and Relaxation Treatments - Metropol Spa Hotel","og_description":"The massages and relaxation treatments at Metropol Spa Hotel are designed to offer you a moment of complete recovery \u2013 whether your goal is to relieve muscle tension, enjoy deep tranquility, restore your energy, or share a special experience with someone you love. Our selection includes classic full-body massages as well as exclusive treatments that incorporate the power of hemp oil, hot stones, candlelight, or the soothing rhythm of the ocean. You\u2019ll also find foot massages, head and neck relaxation, the luxurious Holistic Signature Treatment, and dual massages enjoyed side by side in the same room. Each treatment is carefully crafted, combining the therapist\u2019s expertise, natural active ingredients, and a calming spa environment \u2013 resulting in inner balance, freshness, and a stress-free mind. Discover our world of massages and give your body and mind the rest they truly deserve.","og_url":"https:\/\/www.metropolspahotel.ee\/en\/wellness_treatments\/massages-and-relaxation-treatments\/","og_site_name":"Metropol Spa Hotel","article_publisher":"https:\/\/www.facebook.com\/MetropolSpaHotel\/","article_modified_time":"2025-06-18T04:47:26+00:00","og_image":[{"width":1200,"height":800,"url":"https:\/\/www.metropolspahotel.ee\/wp-content\/uploads\/sites\/54\/2023\/09\/metropole_spa_hotel_gallery_37.jpg","type":"image\/jpeg"}],"twitter_card":"summary_large_image","twitter_misc":{"Est. reading time":"1 minute"},"schema":{"@context":"https:\/\/schema.org","@graph":[{"@type":"WebPage","@id":"https:\/\/www.metropolspahotel.ee\/en\/wellness_treatments\/massages-and-relaxation-treatments\/","url":"https:\/\/www.metropolspahotel.ee\/en\/wellness_treatments\/massages-and-relaxation-treatments\/","name":"Massages and Relaxation Treatments - Metropol Spa Hotel","isPartOf":{"@id":"https:\/\/www.metropolspahotel.ee\/en\/#website"},"datePublished":"2025-05-15T08:02:58+00:00","dateModified":"2025-06-18T04:47:26+00:00","description":"The massages and relaxation treatments at Metropol Spa Hotel are designed to offer you a moment of complete recovery \u2013 whether your goal is to relieve muscle tension, enjoy deep tranquility, restore your energy, or share a special experience with someone you love. Our selection includes classic full-body massages as well as exclusive treatments that incorporate the power of hemp oil, hot stones, candlelight, or the soothing rhythm of the ocean. You\u2019ll also find foot massages, head and neck relaxation, the luxurious Holistic Signature Treatment, and dual massages enjoyed side by side in the same room. Each treatment is carefully crafted, combining the therapist\u2019s expertise, natural active ingredients, and a calming spa environment \u2013 resulting in inner balance, freshness, and a stress-free mind. Discover our world of massages and give your body and mind the rest they truly deserve.","breadcrumb":{"@id":"https:\/\/www.metropolspahotel.ee\/en\/wellness_treatments\/massages-and-relaxation-treatments\/#breadcrumb"},"inLanguage":"en-US","potentialAction":[{"@type":"ReadAction","target":["https:\/\/www.metropolspahotel.ee\/en\/wellness_treatments\/massages-and-relaxation-treatments\/"]}]},{"@type":"BreadcrumbList","@id":"https:\/\/www.metropolspahotel.ee\/en\/wellness_treatments\/massages-and-relaxation-treatments\/#breadcrumb","itemListElement":[{"@type":"ListItem","position":1,"name":"Home","item":"https:\/\/www.metropolspahotel.ee\/en\/"},{"@type":"ListItem","position":2,"name":"Wellness Treatments","item":"https:\/\/www.metropolspahotel.ee\/en\/wellness_treatments\/"},{"@type":"ListItem","position":3,"name":"Massages and Relaxation Treatments"}]},{"@type":"WebSite","@id":"https:\/\/www.metropolspahotel.ee\/en\/#website","url":"https:\/\/www.metropolspahotel.ee\/en\/","name":"Metropol Spa Hotel","description":"Metropol Hotels pakub unikaalset hotellielamust Tallinna uues linnas\u00fcdames. Ideaalne valik \u00e4ri-, konverentsi- v\u00f5i puhkusereisiks!","publisher":{"@id":"https:\/\/www.metropolspahotel.ee\/en\/#organization"},"alternateName":"Metropol Spa Hotel","potentialAction":[{"@type":"SearchAction","target":{"@type":"EntryPoint","urlTemplate":"https:\/\/www.metropolspahotel.ee\/en\/?s={search_term_string}"},"query-input":"required name=search_term_string"}],"inLanguage":"en-US"},{"@type":"Organization","@id":"https:\/\/www.metropolspahotel.ee\/en\/#organization","name":"Metropol Spa Hotel","alternateName":"Metropol Spa Hotel","url":"https:\/\/www.metropolspahotel.ee\/en\/","logo":{"@type":"ImageObject","inLanguage":"en-US","@id":"https:\/\/www.metropolspahotel.ee\/en\/#\/schema\/logo\/image\/","url":"https:\/\/www.metropolspahotel.ee\/wp-content\/uploads\/sites\/54\/2023\/08\/logo_metropol_spa_hotel_c.png","contentUrl":"https:\/\/www.metropolspahotel.ee\/wp-content\/uploads\/sites\/54\/2023\/08\/logo_metropol_spa_hotel_c.png","width":341,"height":115,"caption":"Metropol Spa Hotel"},"image":{"@id":"https:\/\/www.metropolspahotel.ee\/en\/#\/schema\/logo\/image\/"},"sameAs":["https:\/\/www.facebook.com\/MetropolSpaHotel\/"]}]}},"acf":[],"_links":{"self":[{"href":"https:\/\/www.metropolspahotel.ee\/en\/wp-json\/wp\/v2\/pages\/1666"}],"collection":[{"href":"https:\/\/www.metropolspahotel.ee\/en\/wp-json\/wp\/v2\/pages"}],"about":[{"href":"https:\/\/www.metropolspahotel.ee\/en\/wp-json\/wp\/v2\/types\/page"}],"author":[{"embeddable":true,"href":"https:\/\/www.metropolspahotel.ee\/en\/wp-json\/wp\/v2\/users\/121"}],"replies":[{"embeddable":true,"href":"https:\/\/www.metropolspahotel.ee\/en\/wp-json\/wp\/v2\/comments?post=1666"}],"version-history":[{"count":0,"href":"https:\/\/www.metropolspahotel.ee\/en\/wp-json\/wp\/v2\/pages\/1666\/revisions"}],"up":[{"embeddable":true,"href":"https:\/\/www.metropolspahotel.ee\/en\/wp-json\/wp\/v2\/pages\/1653"}],"wp:attachment":[{"href":"https:\/\/www.metropolspahotel.ee\/en\/wp-json\/wp\/v2\/media?parent=1666"}],"curies":[{"name":"wp","href":"https:\/\/api.w.org\/{rel}","templated":true}]}}