{"id":1669,"date":"2025-05-15T07:45:24","date_gmt":"2025-05-15T07:45:24","guid":{"rendered":"https:\/\/www.metropolspahotel.ee\/?page_id=1669"},"modified":"2025-06-16T08:13:03","modified_gmt":"2025-06-16T08:13:03","slug":"facial-treatments","status":"publish","type":"page","link":"https:\/\/www.metropolspahotel.ee\/en\/wellness_treatments\/facial-treatments\/","title":{"rendered":"Facial Treatments"},"content":{"rendered":"<p class=\"p1\">Facial treatments at Metropol Spa Hotel offer more than just beauty \u2013 they are moments dedicated to yourself, where your skin\u2019s radiance, elasticity, and balance are restored. Our professional spa therapists take a personalized approach to each treatment to ensure the best possible results and a true sense of well-being.<\/p>\n<p class=\"p1\">Whether you\u2019re looking for deep cleansing, rejuvenating lifting, or intensive hydration \u2013 our selection includes treatments for all skin types and ages. We\u2019ve also paid special attention to facial treatments for men, focusing on restoring skin vitality and reducing signs of fatigue.<\/p>\n<p class=\"p1\">Achieving a radiant, refreshed complexion starts here \u2013 choose the facial treatment that suits you best from the options below.<\/p>\n","protected":false},"excerpt":{"rendered":"<p>Facial treatments at Metropol Spa Hotel offer more than just beauty \u2013 they are moments dedicated to yourself, where your skin\u2019s radiance, elasticity, and balance are restored. Our professional spa therapists take a personalized approach to each treatment to ensure the best possible results and a true sense of well-being. Whether you\u2019re looking for deep [&hellip;]<\/p>\n","protected":false},"author":121,"featured_media":0,"parent":1653,"menu_order":0,"comment_status":"closed","ping_status":"closed","template":"template-content-page.php","meta":{"footnotes":""},"class_list":["post-1669","page","type-page","status-publish","hentry"],"yoast_head":"<!-- This site is optimized with the Yoast SEO plugin v27.3 - https:\/\/yoast.com\/product\/yoast-seo-wordpress\/ -->\n<title>Facial Treatments - Metropol Spa Hotel<\/title>\n<meta name=\"description\" content=\"Facial treatments at Metropol Spa Hotel offer more than just beauty \u2013 they are moments dedicated to yourself, where your skin\u2019s radiance, elasticity, and balance are restored. Our professional spa therapists take a personalized approach to each treatment to ensure the best possible results and a true sense of well-being. Whether you\u2019re looking for deep cleansing, rejuvenating lifting, or intensive hydration \u2013 our selection includes treatments for all skin types and ages\" \/>\n<meta name=\"robots\" content=\"index, follow, max-snippet:-1, max-image-preview:large, max-video-preview:-1\" \/>\n<link rel=\"canonical\" href=\"https:\/\/www.metropolspahotel.ee\/en\/wellness_treatments\/facial-treatments\/\" \/>\n<meta property=\"og:locale\" content=\"en_US\" \/>\n<meta property=\"og:type\" content=\"article\" \/>\n<meta property=\"og:title\" content=\"Facial Treatments - Metropol Spa Hotel\" \/>\n<meta property=\"og:description\" content=\"Facial treatments at Metropol Spa Hotel offer more than just beauty \u2013 they are moments dedicated to yourself, where your skin\u2019s radiance, elasticity, and balance are restored. Our professional spa therapists take a personalized approach to each treatment to ensure the best possible results and a true sense of well-being. Whether you\u2019re looking for deep cleansing, rejuvenating lifting, or intensive hydration \u2013 our selection includes treatments for all skin types and ages\" \/>\n<meta property=\"og:url\" content=\"https:\/\/www.metropolspahotel.ee\/en\/wellness_treatments\/facial-treatments\/\" \/>\n<meta property=\"og:site_name\" content=\"Metropol Spa Hotel\" \/>\n<meta property=\"article:publisher\" content=\"https:\/\/www.facebook.com\/MetropolSpaHotel\/\" \/>\n<meta property=\"article:modified_time\" content=\"2025-06-16T08:13:03+00:00\" \/>\n<meta property=\"og:image\" content=\"https:\/\/www.metropolspahotel.ee\/wp-content\/uploads\/sites\/54\/2023\/09\/metropole_spa_hotel_gallery_37.jpg\" \/>\n\t<meta property=\"og:image:width\" content=\"1200\" \/>\n\t<meta property=\"og:image:height\" content=\"800\" \/>\n\t<meta property=\"og:image:type\" content=\"image\/jpeg\" \/>\n<meta name=\"twitter:card\" content=\"summary_large_image\" \/>\n<meta name=\"twitter:label1\" content=\"Est. reading time\" \/>\n\t<meta name=\"twitter:data1\" content=\"1 minute\" \/>\n<script type=\"application\/ld+json\" class=\"yoast-schema-graph\">{\"@context\":\"https:\\\/\\\/schema.org\",\"@graph\":[{\"@type\":\"WebPage\",\"@id\":\"https:\\\/\\\/www.metropolspahotel.ee\\\/en\\\/wellness_treatments\\\/facial-treatments\\\/\",\"url\":\"https:\\\/\\\/www.metropolspahotel.ee\\\/en\\\/wellness_treatments\\\/facial-treatments\\\/\",\"name\":\"Facial Treatments - Metropol Spa Hotel\",\"isPartOf\":{\"@id\":\"https:\\\/\\\/www.metropolspahotel.ee\\\/en\\\/#website\"},\"datePublished\":\"2025-05-15T07:45:24+00:00\",\"dateModified\":\"2025-06-16T08:13:03+00:00\",\"description\":\"Facial treatments at Metropol Spa Hotel offer more than just beauty \u2013 they are moments dedicated to yourself, where your skin\u2019s radiance, elasticity, and balance are restored. Our professional spa therapists take a personalized approach to each treatment to ensure the best possible results and a true sense of well-being. Whether you\u2019re looking for deep cleansing, rejuvenating lifting, or intensive hydration \u2013 our selection includes treatments for all skin types and ages\",\"breadcrumb\":{\"@id\":\"https:\\\/\\\/www.metropolspahotel.ee\\\/en\\\/wellness_treatments\\\/facial-treatments\\\/#breadcrumb\"},\"inLanguage\":\"en-US\",\"potentialAction\":[{\"@type\":\"ReadAction\",\"target\":[\"https:\\\/\\\/www.metropolspahotel.ee\\\/en\\\/wellness_treatments\\\/facial-treatments\\\/\"]}]},{\"@type\":\"BreadcrumbList\",\"@id\":\"https:\\\/\\\/www.metropolspahotel.ee\\\/en\\\/wellness_treatments\\\/facial-treatments\\\/#breadcrumb\",\"itemListElement\":[{\"@type\":\"ListItem\",\"position\":1,\"name\":\"Home\",\"item\":\"https:\\\/\\\/www.metropolspahotel.ee\\\/en\\\/\"},{\"@type\":\"ListItem\",\"position\":2,\"name\":\"Wellness Treatments\",\"item\":\"https:\\\/\\\/www.metropolspahotel.ee\\\/en\\\/wellness_treatments\\\/\"},{\"@type\":\"ListItem\",\"position\":3,\"name\":\"Facial Treatments\"}]},{\"@type\":\"WebSite\",\"@id\":\"https:\\\/\\\/www.metropolspahotel.ee\\\/en\\\/#website\",\"url\":\"https:\\\/\\\/www.metropolspahotel.ee\\\/en\\\/\",\"name\":\"Metropol Spa Hotel\",\"description\":\"Metropol Hotels pakub unikaalset hotellielamust Tallinna uues linnas\u00fcdames. Ideaalne valik \u00e4ri-, konverentsi- v\u00f5i puhkusereisiks!\",\"publisher\":{\"@id\":\"https:\\\/\\\/www.metropolspahotel.ee\\\/en\\\/#organization\"},\"alternateName\":\"Metropol Spa Hotel\",\"potentialAction\":[{\"@type\":\"SearchAction\",\"target\":{\"@type\":\"EntryPoint\",\"urlTemplate\":\"https:\\\/\\\/www.metropolspahotel.ee\\\/en\\\/?s={search_term_string}\"},\"query-input\":{\"@type\":\"PropertyValueSpecification\",\"valueRequired\":true,\"valueName\":\"search_term_string\"}}],\"inLanguage\":\"en-US\"},{\"@type\":\"Organization\",\"@id\":\"https:\\\/\\\/www.metropolspahotel.ee\\\/en\\\/#organization\",\"name\":\"Metropol Spa Hotel\",\"alternateName\":\"Metropol Spa Hotel\",\"url\":\"https:\\\/\\\/www.metropolspahotel.ee\\\/en\\\/\",\"logo\":{\"@type\":\"ImageObject\",\"inLanguage\":\"en-US\",\"@id\":\"https:\\\/\\\/www.metropolspahotel.ee\\\/en\\\/#\\\/schema\\\/logo\\\/image\\\/\",\"url\":\"https:\\\/\\\/www.metropolspahotel.ee\\\/wp-content\\\/uploads\\\/sites\\\/54\\\/2023\\\/08\\\/logo_metropol_spa_hotel_c.png\",\"contentUrl\":\"https:\\\/\\\/www.metropolspahotel.ee\\\/wp-content\\\/uploads\\\/sites\\\/54\\\/2023\\\/08\\\/logo_metropol_spa_hotel_c.png\",\"width\":341,\"height\":115,\"caption\":\"Metropol Spa Hotel\"},\"image\":{\"@id\":\"https:\\\/\\\/www.metropolspahotel.ee\\\/en\\\/#\\\/schema\\\/logo\\\/image\\\/\"},\"sameAs\":[\"https:\\\/\\\/www.facebook.com\\\/MetropolSpaHotel\\\/\"]}]}<\/script>\n<!-- \/ Yoast SEO plugin. -->","yoast_head_json":{"title":"Facial Treatments - Metropol Spa Hotel","description":"Facial treatments at Metropol Spa Hotel offer more than just beauty \u2013 they are moments dedicated to yourself, where your skin\u2019s radiance, elasticity, and balance are restored. Our professional spa therapists take a personalized approach to each treatment to ensure the best possible results and a true sense of well-being. Whether you\u2019re looking for deep cleansing, rejuvenating lifting, or intensive hydration \u2013 our selection includes treatments for all skin types and ages","robots":{"index":"index","follow":"follow","max-snippet":"max-snippet:-1","max-image-preview":"max-image-preview:large","max-video-preview":"max-video-preview:-1"},"canonical":"https:\/\/www.metropolspahotel.ee\/en\/wellness_treatments\/facial-treatments\/","og_locale":"en_US","og_type":"article","og_title":"Facial Treatments - Metropol Spa Hotel","og_description":"Facial treatments at Metropol Spa Hotel offer more than just beauty \u2013 they are moments dedicated to yourself, where your skin\u2019s radiance, elasticity, and balance are restored. Our professional spa therapists take a personalized approach to each treatment to ensure the best possible results and a true sense of well-being. Whether you\u2019re looking for deep cleansing, rejuvenating lifting, or intensive hydration \u2013 our selection includes treatments for all skin types and ages","og_url":"https:\/\/www.metropolspahotel.ee\/en\/wellness_treatments\/facial-treatments\/","og_site_name":"Metropol Spa Hotel","article_publisher":"https:\/\/www.facebook.com\/MetropolSpaHotel\/","article_modified_time":"2025-06-16T08:13:03+00:00","og_image":[{"width":1200,"height":800,"url":"https:\/\/www.metropolspahotel.ee\/wp-content\/uploads\/sites\/54\/2023\/09\/metropole_spa_hotel_gallery_37.jpg","type":"image\/jpeg"}],"twitter_card":"summary_large_image","twitter_misc":{"Est. reading time":"1 minute"},"schema":{"@context":"https:\/\/schema.org","@graph":[{"@type":"WebPage","@id":"https:\/\/www.metropolspahotel.ee\/en\/wellness_treatments\/facial-treatments\/","url":"https:\/\/www.metropolspahotel.ee\/en\/wellness_treatments\/facial-treatments\/","name":"Facial Treatments - Metropol Spa Hotel","isPartOf":{"@id":"https:\/\/www.metropolspahotel.ee\/en\/#website"},"datePublished":"2025-05-15T07:45:24+00:00","dateModified":"2025-06-16T08:13:03+00:00","description":"Facial treatments at Metropol Spa Hotel offer more than just beauty \u2013 they are moments dedicated to yourself, where your skin\u2019s radiance, elasticity, and balance are restored. Our professional spa therapists take a personalized approach to each treatment to ensure the best possible results and a true sense of well-being. Whether you\u2019re looking for deep cleansing, rejuvenating lifting, or intensive hydration \u2013 our selection includes treatments for all skin types and ages","breadcrumb":{"@id":"https:\/\/www.metropolspahotel.ee\/en\/wellness_treatments\/facial-treatments\/#breadcrumb"},"inLanguage":"en-US","potentialAction":[{"@type":"ReadAction","target":["https:\/\/www.metropolspahotel.ee\/en\/wellness_treatments\/facial-treatments\/"]}]},{"@type":"BreadcrumbList","@id":"https:\/\/www.metropolspahotel.ee\/en\/wellness_treatments\/facial-treatments\/#breadcrumb","itemListElement":[{"@type":"ListItem","position":1,"name":"Home","item":"https:\/\/www.metropolspahotel.ee\/en\/"},{"@type":"ListItem","position":2,"name":"Wellness Treatments","item":"https:\/\/www.metropolspahotel.ee\/en\/wellness_treatments\/"},{"@type":"ListItem","position":3,"name":"Facial Treatments"}]},{"@type":"WebSite","@id":"https:\/\/www.metropolspahotel.ee\/en\/#website","url":"https:\/\/www.metropolspahotel.ee\/en\/","name":"Metropol Spa Hotel","description":"Metropol Hotels pakub unikaalset hotellielamust Tallinna uues linnas\u00fcdames. Ideaalne valik \u00e4ri-, konverentsi- v\u00f5i puhkusereisiks!","publisher":{"@id":"https:\/\/www.metropolspahotel.ee\/en\/#organization"},"alternateName":"Metropol Spa Hotel","potentialAction":[{"@type":"SearchAction","target":{"@type":"EntryPoint","urlTemplate":"https:\/\/www.metropolspahotel.ee\/en\/?s={search_term_string}"},"query-input":{"@type":"PropertyValueSpecification","valueRequired":true,"valueName":"search_term_string"}}],"inLanguage":"en-US"},{"@type":"Organization","@id":"https:\/\/www.metropolspahotel.ee\/en\/#organization","name":"Metropol Spa Hotel","alternateName":"Metropol Spa Hotel","url":"https:\/\/www.metropolspahotel.ee\/en\/","logo":{"@type":"ImageObject","inLanguage":"en-US","@id":"https:\/\/www.metropolspahotel.ee\/en\/#\/schema\/logo\/image\/","url":"https:\/\/www.metropolspahotel.ee\/wp-content\/uploads\/sites\/54\/2023\/08\/logo_metropol_spa_hotel_c.png","contentUrl":"https:\/\/www.metropolspahotel.ee\/wp-content\/uploads\/sites\/54\/2023\/08\/logo_metropol_spa_hotel_c.png","width":341,"height":115,"caption":"Metropol Spa Hotel"},"image":{"@id":"https:\/\/www.metropolspahotel.ee\/en\/#\/schema\/logo\/image\/"},"sameAs":["https:\/\/www.facebook.com\/MetropolSpaHotel\/"]}]}},"acf":[],"_links":{"self":[{"href":"https:\/\/www.metropolspahotel.ee\/en\/wp-json\/wp\/v2\/pages\/1669","targetHints":{"allow":["GET"]}}],"collection":[{"href":"https:\/\/www.metropolspahotel.ee\/en\/wp-json\/wp\/v2\/pages"}],"about":[{"href":"https:\/\/www.metropolspahotel.ee\/en\/wp-json\/wp\/v2\/types\/page"}],"author":[{"embeddable":true,"href":"https:\/\/www.metropolspahotel.ee\/en\/wp-json\/wp\/v2\/users\/121"}],"replies":[{"embeddable":true,"href":"https:\/\/www.metropolspahotel.ee\/en\/wp-json\/wp\/v2\/comments?post=1669"}],"version-history":[{"count":0,"href":"https:\/\/www.metropolspahotel.ee\/en\/wp-json\/wp\/v2\/pages\/1669\/revisions"}],"up":[{"embeddable":true,"href":"https:\/\/www.metropolspahotel.ee\/en\/wp-json\/wp\/v2\/pages\/1653"}],"wp:attachment":[{"href":"https:\/\/www.metropolspahotel.ee\/en\/wp-json\/wp\/v2\/media?parent=1669"}],"curies":[{"name":"wp","href":"https:\/\/api.w.org\/{rel}","templated":true}]}}