{"id":1675,"date":"2025-10-10T09:34:50","date_gmt":"2025-10-10T09:34:50","guid":{"rendered":"https:\/\/www.metropolspahotel.ee\/?page_id=1675"},"modified":"2025-10-10T12:33:24","modified_gmt":"2025-10-10T12:33:24","slug":"flash-sale","status":"publish","type":"page","link":"https:\/\/www.metropolspahotel.ee\/en\/flash-sale\/","title":{"rendered":"Flash Sale"},"content":{"rendered":"<p>\ud83d\udca5 Limited-Time Flash Sale!<br \/>\nDiscover relaxation in the heart of Tallinn \u2014 30% off stays.<\/p>\n<p class=\"p1\"><span class=\"s1\">B<b>ooking period:<\/b><\/span> October 9\u201316, 2025<\/p>\n<p class=\"p1\"><span class=\"s1\"><b>Stay period:<\/b><\/span> October 9 \u2013 December 31, 2025<\/p>\n<p><span class=\"s1\">Book your urban getaway at <\/span><a href=\"https:\/\/www.metropolspahotel.ee\/en\"><b>Metropol Spa Hotel<\/b><\/a><span class=\"s1\"> or <\/span><a href=\"https:\/\/www.metropolhotel.ee\/en\"><b>Metropol Hotel<\/b><\/a><span class=\"s1\"> and enjoy up to <\/span><b>30% off \u2013 for a limited time only!<\/b><\/p>\n","protected":false},"excerpt":{"rendered":"<p>\ud83d\udca5 Limited-Time Flash Sale! Discover relaxation in the heart of Tallinn \u2014 30% off stays. Booking period: October 9\u201316, 2025 Stay period: October 9 \u2013 December 31, 2025 Book your urban getaway at Metropol Spa Hotel or Metropol Hotel and enjoy up to 30% off \u2013 for a limited time only!<\/p>\n","protected":false},"author":121,"featured_media":0,"parent":0,"menu_order":0,"comment_status":"closed","ping_status":"closed","template":"template-content-page.php","meta":{"footnotes":""},"yoast_head":"<!-- This site is optimized with the Yoast SEO plugin v22.3 - https:\/\/yoast.com\/wordpress\/plugins\/seo\/ -->\n<title>Flash Sale - Metropol Spa Hotel<\/title>\n<meta name=\"description\" content=\"\ud83d\udca5 Limited-Time Flash Sale! Discover relaxation in the heart of Tallinn \u2014 30% off stays. Booking period: October 9\u201316, 2025 Stay period: October 9 \u2013 December 31, 2025 Book your urban getaway at Metropol Spa Hotel or Metropol Hotel and enjoy up to 30% off \u2013 for a limited time only!.\" \/>\n<meta name=\"robots\" content=\"index, follow, max-snippet:-1, max-image-preview:large, max-video-preview:-1\" \/>\n<link rel=\"canonical\" href=\"https:\/\/www.metropolspahotel.ee\/en\/flash-sale\/\" \/>\n<meta property=\"og:locale\" content=\"en_US\" \/>\n<meta property=\"og:type\" content=\"article\" \/>\n<meta property=\"og:title\" content=\"Flash Sale - Metropol Spa Hotel\" \/>\n<meta property=\"og:description\" content=\"\ud83d\udca5 Limited-Time Flash Sale! Discover relaxation in the heart of Tallinn \u2014 30% off stays. Booking period: October 9\u201316, 2025 Stay period: October 9 \u2013 December 31, 2025 Book your urban getaway at Metropol Spa Hotel or Metropol Hotel and enjoy up to 30% off \u2013 for a limited time only!.\" \/>\n<meta property=\"og:url\" content=\"https:\/\/www.metropolspahotel.ee\/en\/flash-sale\/\" \/>\n<meta property=\"og:site_name\" content=\"Metropol Spa Hotel\" \/>\n<meta property=\"article:publisher\" content=\"https:\/\/www.facebook.com\/MetropolSpaHotel\/\" \/>\n<meta property=\"article:modified_time\" content=\"2025-10-10T12:33:24+00:00\" \/>\n<meta property=\"og:image\" content=\"https:\/\/www.metropolspahotel.ee\/wp-content\/uploads\/sites\/54\/2023\/09\/metropole_spa_hotel_gallery_37.jpg\" \/>\n\t<meta property=\"og:image:width\" content=\"1200\" \/>\n\t<meta property=\"og:image:height\" content=\"800\" \/>\n\t<meta property=\"og:image:type\" content=\"image\/jpeg\" \/>\n<meta name=\"twitter:card\" content=\"summary_large_image\" \/>\n<meta name=\"twitter:label1\" content=\"Est. reading time\" \/>\n\t<meta name=\"twitter:data1\" content=\"1 minute\" \/>\n<script type=\"application\/ld+json\" class=\"yoast-schema-graph\">{\"@context\":\"https:\/\/schema.org\",\"@graph\":[{\"@type\":\"WebPage\",\"@id\":\"https:\/\/www.metropolspahotel.ee\/en\/flash-sale\/\",\"url\":\"https:\/\/www.metropolspahotel.ee\/en\/flash-sale\/\",\"name\":\"Flash Sale - Metropol Spa Hotel\",\"isPartOf\":{\"@id\":\"https:\/\/www.metropolspahotel.ee\/en\/#website\"},\"datePublished\":\"2025-10-10T09:34:50+00:00\",\"dateModified\":\"2025-10-10T12:33:24+00:00\",\"description\":\"\ud83d\udca5 Limited-Time Flash Sale! Discover relaxation in the heart of Tallinn \u2014 30% off stays. Booking period: October 9\u201316, 2025 Stay period: October 9 \u2013 December 31, 2025 Book your urban getaway at Metropol Spa Hotel or Metropol Hotel and enjoy up to 30% off \u2013 for a limited time only!.\",\"breadcrumb\":{\"@id\":\"https:\/\/www.metropolspahotel.ee\/en\/flash-sale\/#breadcrumb\"},\"inLanguage\":\"en-US\",\"potentialAction\":[{\"@type\":\"ReadAction\",\"target\":[\"https:\/\/www.metropolspahotel.ee\/en\/flash-sale\/\"]}]},{\"@type\":\"BreadcrumbList\",\"@id\":\"https:\/\/www.metropolspahotel.ee\/en\/flash-sale\/#breadcrumb\",\"itemListElement\":[{\"@type\":\"ListItem\",\"position\":1,\"name\":\"Home\",\"item\":\"https:\/\/www.metropolspahotel.ee\/en\/\"},{\"@type\":\"ListItem\",\"position\":2,\"name\":\"Flash Sale\"}]},{\"@type\":\"WebSite\",\"@id\":\"https:\/\/www.metropolspahotel.ee\/en\/#website\",\"url\":\"https:\/\/www.metropolspahotel.ee\/en\/\",\"name\":\"Metropol Spa Hotel\",\"description\":\"Metropol Hotels pakub unikaalset hotellielamust Tallinna uues linnas\u00fcdames. Ideaalne valik \u00e4ri-, konverentsi- v\u00f5i puhkusereisiks!\",\"publisher\":{\"@id\":\"https:\/\/www.metropolspahotel.ee\/en\/#organization\"},\"alternateName\":\"Metropol Spa Hotel\",\"potentialAction\":[{\"@type\":\"SearchAction\",\"target\":{\"@type\":\"EntryPoint\",\"urlTemplate\":\"https:\/\/www.metropolspahotel.ee\/en\/?s={search_term_string}\"},\"query-input\":\"required name=search_term_string\"}],\"inLanguage\":\"en-US\"},{\"@type\":\"Organization\",\"@id\":\"https:\/\/www.metropolspahotel.ee\/en\/#organization\",\"name\":\"Metropol Spa Hotel\",\"alternateName\":\"Metropol Spa Hotel\",\"url\":\"https:\/\/www.metropolspahotel.ee\/en\/\",\"logo\":{\"@type\":\"ImageObject\",\"inLanguage\":\"en-US\",\"@id\":\"https:\/\/www.metropolspahotel.ee\/en\/#\/schema\/logo\/image\/\",\"url\":\"https:\/\/www.metropolspahotel.ee\/wp-content\/uploads\/sites\/54\/2023\/08\/logo_metropol_spa_hotel_c.png\",\"contentUrl\":\"https:\/\/www.metropolspahotel.ee\/wp-content\/uploads\/sites\/54\/2023\/08\/logo_metropol_spa_hotel_c.png\",\"width\":341,\"height\":115,\"caption\":\"Metropol Spa Hotel\"},\"image\":{\"@id\":\"https:\/\/www.metropolspahotel.ee\/en\/#\/schema\/logo\/image\/\"},\"sameAs\":[\"https:\/\/www.facebook.com\/MetropolSpaHotel\/\"]}]}<\/script>\n<!-- \/ Yoast SEO plugin. -->","yoast_head_json":{"title":"Flash Sale - Metropol Spa Hotel","description":"\ud83d\udca5 Limited-Time Flash Sale! Discover relaxation in the heart of Tallinn \u2014 30% off stays. Booking period: October 9\u201316, 2025 Stay period: October 9 \u2013 December 31, 2025 Book your urban getaway at Metropol Spa Hotel or Metropol Hotel and enjoy up to 30% off \u2013 for a limited time only!.","robots":{"index":"index","follow":"follow","max-snippet":"max-snippet:-1","max-image-preview":"max-image-preview:large","max-video-preview":"max-video-preview:-1"},"canonical":"https:\/\/www.metropolspahotel.ee\/en\/flash-sale\/","og_locale":"en_US","og_type":"article","og_title":"Flash Sale - Metropol Spa Hotel","og_description":"\ud83d\udca5 Limited-Time Flash Sale! Discover relaxation in the heart of Tallinn \u2014 30% off stays. Booking period: October 9\u201316, 2025 Stay period: October 9 \u2013 December 31, 2025 Book your urban getaway at Metropol Spa Hotel or Metropol Hotel and enjoy up to 30% off \u2013 for a limited time only!.","og_url":"https:\/\/www.metropolspahotel.ee\/en\/flash-sale\/","og_site_name":"Metropol Spa Hotel","article_publisher":"https:\/\/www.facebook.com\/MetropolSpaHotel\/","article_modified_time":"2025-10-10T12:33:24+00:00","og_image":[{"width":1200,"height":800,"url":"https:\/\/www.metropolspahotel.ee\/wp-content\/uploads\/sites\/54\/2023\/09\/metropole_spa_hotel_gallery_37.jpg","type":"image\/jpeg"}],"twitter_card":"summary_large_image","twitter_misc":{"Est. reading time":"1 minute"},"schema":{"@context":"https:\/\/schema.org","@graph":[{"@type":"WebPage","@id":"https:\/\/www.metropolspahotel.ee\/en\/flash-sale\/","url":"https:\/\/www.metropolspahotel.ee\/en\/flash-sale\/","name":"Flash Sale - Metropol Spa Hotel","isPartOf":{"@id":"https:\/\/www.metropolspahotel.ee\/en\/#website"},"datePublished":"2025-10-10T09:34:50+00:00","dateModified":"2025-10-10T12:33:24+00:00","description":"\ud83d\udca5 Limited-Time Flash Sale! Discover relaxation in the heart of Tallinn \u2014 30% off stays. Booking period: October 9\u201316, 2025 Stay period: October 9 \u2013 December 31, 2025 Book your urban getaway at Metropol Spa Hotel or Metropol Hotel and enjoy up to 30% off \u2013 for a limited time only!.","breadcrumb":{"@id":"https:\/\/www.metropolspahotel.ee\/en\/flash-sale\/#breadcrumb"},"inLanguage":"en-US","potentialAction":[{"@type":"ReadAction","target":["https:\/\/www.metropolspahotel.ee\/en\/flash-sale\/"]}]},{"@type":"BreadcrumbList","@id":"https:\/\/www.metropolspahotel.ee\/en\/flash-sale\/#breadcrumb","itemListElement":[{"@type":"ListItem","position":1,"name":"Home","item":"https:\/\/www.metropolspahotel.ee\/en\/"},{"@type":"ListItem","position":2,"name":"Flash Sale"}]},{"@type":"WebSite","@id":"https:\/\/www.metropolspahotel.ee\/en\/#website","url":"https:\/\/www.metropolspahotel.ee\/en\/","name":"Metropol Spa Hotel","description":"Metropol Hotels pakub unikaalset hotellielamust Tallinna uues linnas\u00fcdames. Ideaalne valik \u00e4ri-, konverentsi- v\u00f5i puhkusereisiks!","publisher":{"@id":"https:\/\/www.metropolspahotel.ee\/en\/#organization"},"alternateName":"Metropol Spa Hotel","potentialAction":[{"@type":"SearchAction","target":{"@type":"EntryPoint","urlTemplate":"https:\/\/www.metropolspahotel.ee\/en\/?s={search_term_string}"},"query-input":"required name=search_term_string"}],"inLanguage":"en-US"},{"@type":"Organization","@id":"https:\/\/www.metropolspahotel.ee\/en\/#organization","name":"Metropol Spa Hotel","alternateName":"Metropol Spa Hotel","url":"https:\/\/www.metropolspahotel.ee\/en\/","logo":{"@type":"ImageObject","inLanguage":"en-US","@id":"https:\/\/www.metropolspahotel.ee\/en\/#\/schema\/logo\/image\/","url":"https:\/\/www.metropolspahotel.ee\/wp-content\/uploads\/sites\/54\/2023\/08\/logo_metropol_spa_hotel_c.png","contentUrl":"https:\/\/www.metropolspahotel.ee\/wp-content\/uploads\/sites\/54\/2023\/08\/logo_metropol_spa_hotel_c.png","width":341,"height":115,"caption":"Metropol Spa Hotel"},"image":{"@id":"https:\/\/www.metropolspahotel.ee\/en\/#\/schema\/logo\/image\/"},"sameAs":["https:\/\/www.facebook.com\/MetropolSpaHotel\/"]}]}},"acf":[],"_links":{"self":[{"href":"https:\/\/www.metropolspahotel.ee\/en\/wp-json\/wp\/v2\/pages\/1675"}],"collection":[{"href":"https:\/\/www.metropolspahotel.ee\/en\/wp-json\/wp\/v2\/pages"}],"about":[{"href":"https:\/\/www.metropolspahotel.ee\/en\/wp-json\/wp\/v2\/types\/page"}],"author":[{"embeddable":true,"href":"https:\/\/www.metropolspahotel.ee\/en\/wp-json\/wp\/v2\/users\/121"}],"replies":[{"embeddable":true,"href":"https:\/\/www.metropolspahotel.ee\/en\/wp-json\/wp\/v2\/comments?post=1675"}],"version-history":[{"count":0,"href":"https:\/\/www.metropolspahotel.ee\/en\/wp-json\/wp\/v2\/pages\/1675\/revisions"}],"wp:attachment":[{"href":"https:\/\/www.metropolspahotel.ee\/en\/wp-json\/wp\/v2\/media?parent=1675"}],"curies":[{"name":"wp","href":"https:\/\/api.w.org\/{rel}","templated":true}]}}