{"id":1731,"date":"2026-02-11T07:11:11","date_gmt":"2026-02-11T07:11:11","guid":{"rendered":"https:\/\/www.metropolspahotel.ee\/?page_id=1731"},"modified":"2026-02-18T13:08:24","modified_gmt":"2026-02-18T13:08:24","slug":"metropol-hotels-digitalisation-project-has-received-support-from-the-european-union","status":"publish","type":"page","link":"https:\/\/www.metropolspahotel.ee\/en\/metropol-hotels-digitalisation-project-has-received-support-from-the-european-union\/","title":{"rendered":"Metropol Hotels\u2019 digitalisation project has received support from the European Union"},"content":{"rendered":"<p class=\"p1\">Metropol Hotels Group is implementing a digitalisation project that includes the introduction of the D-EDGE CRM customer relationship management system with a loyalty programme, as well as the TAC spa and wellness management software. The new solutions will be integrated with the hotel\u2019s PMS system (Infor).<\/p>\n<p class=\"p3\"><b>Objective:<\/b><b><\/b><\/p>\n<p class=\"p1\">To digitalise and automate customer and service management processes and improve the overall guest experience.<\/p>\n<p class=\"p3\"><b>Result:<\/b><b><\/b><\/p>\n<p class=\"p1\">A comprehensive, data-driven customer journey, more efficient workflows and improved service quality.<\/p>\n<p class=\"p3\"><b>Amount of support:<\/b><b><\/b><\/p>\n<p class=\"p1\">\u20ac14,000<\/p>\n<p class=\"p1\">(Total project cost \u20ac20,000, own contribution \u20ac6,000)<\/p>\n<p class=\"p1\">The project is implemented between 13 January 2025 and 1 July 2025 with the support of the European Union.<\/p>\n<p><img loading=\"lazy\" decoding=\"async\" class=\"alignnone size-medium wp-image-1727\" src=\"https:\/\/www.metropolspahotel.ee\/wp-content\/uploads\/sites\/54\/2026\/02\/Kaasrahastanud_EL_kaksiklogod_ENG_hor_color_RGB-300x174.png\" alt=\"\" width=\"300\" height=\"174\" srcset=\"https:\/\/www.metropolspahotel.ee\/wp-content\/uploads\/sites\/54\/2026\/02\/Kaasrahastanud_EL_kaksiklogod_ENG_hor_color_RGB-300x174.png 300w, https:\/\/www.metropolspahotel.ee\/wp-content\/uploads\/sites\/54\/2026\/02\/Kaasrahastanud_EL_kaksiklogod_ENG_hor_color_RGB-768x446.png 768w, https:\/\/www.metropolspahotel.ee\/wp-content\/uploads\/sites\/54\/2026\/02\/Kaasrahastanud_EL_kaksiklogod_ENG_hor_color_RGB-600x349.png 600w, https:\/\/www.metropolspahotel.ee\/wp-content\/uploads\/sites\/54\/2026\/02\/Kaasrahastanud_EL_kaksiklogod_ENG_hor_color_RGB-1000x581.png 1000w, https:\/\/www.metropolspahotel.ee\/wp-content\/uploads\/sites\/54\/2026\/02\/Kaasrahastanud_EL_kaksiklogod_ENG_hor_color_RGB.png 1022w\" sizes=\"(max-width: 300px) 100vw, 300px\" \/><\/p>\n","protected":false},"excerpt":{"rendered":"<p>Metropol Hotels Group is implementing a digitalisation project that includes the introduction of the D-EDGE CRM customer relationship management system with a loyalty programme, as well as the TAC spa and wellness management software. The new solutions will be integrated with the hotel\u2019s PMS system (Infor). Objective: To digitalise and automate customer and service management [&hellip;]<\/p>\n","protected":false},"author":121,"featured_media":0,"parent":0,"menu_order":0,"comment_status":"closed","ping_status":"closed","template":"","meta":{"footnotes":""},"yoast_head":"<!-- This site is optimized with the Yoast SEO plugin v22.3 - https:\/\/yoast.com\/wordpress\/plugins\/seo\/ -->\n<title>Metropol Hotels\u2019 digitalisation project has received support from the European Union - Metropol Spa Hotel<\/title>\n<meta name=\"description\" content=\"Metropol Hotels Group is implementing a digitalisation project that includes the introduction of the D-EDGE CRM customer relationship management system with a loyalty programme, as well as the TAC spa and wellness management software. The new solutions will be integrated with the hotel\u2019s PMS system (Infor). Objective: To digitalise and automate customer and service management processes and improve the overall guest experience. Result: A comprehensive, data-driven customer journey, more efficient workflows and improved service quality. Amount of support: \u20ac14,000 (Total project cost \u20ac20,000, own contribution \u20ac6,000) The project is implemented between 13 January 2025 and 1 July 2025 with the support of the European Union.\" \/>\n<meta name=\"robots\" content=\"index, follow, max-snippet:-1, max-image-preview:large, max-video-preview:-1\" \/>\n<link rel=\"canonical\" href=\"https:\/\/www.metropolspahotel.ee\/en\/metropol-hotels-digitalisation-project-has-received-support-from-the-european-union\/\" \/>\n<meta property=\"og:locale\" content=\"en_US\" \/>\n<meta property=\"og:type\" content=\"article\" \/>\n<meta property=\"og:title\" content=\"Metropol Hotels\u2019 digitalisation project has received support from the European Union - Metropol Spa Hotel\" \/>\n<meta property=\"og:description\" content=\"Metropol Hotels Group is implementing a digitalisation project that includes the introduction of the D-EDGE CRM customer relationship management system with a loyalty programme, as well as the TAC spa and wellness management software. The new solutions will be integrated with the hotel\u2019s PMS system (Infor). Objective: To digitalise and automate customer and service management processes and improve the overall guest experience. Result: A comprehensive, data-driven customer journey, more efficient workflows and improved service quality. Amount of support: \u20ac14,000 (Total project cost \u20ac20,000, own contribution \u20ac6,000) The project is implemented between 13 January 2025 and 1 July 2025 with the support of the European Union.\" \/>\n<meta property=\"og:url\" content=\"https:\/\/www.metropolspahotel.ee\/en\/metropol-hotels-digitalisation-project-has-received-support-from-the-european-union\/\" \/>\n<meta property=\"og:site_name\" content=\"Metropol Spa Hotel\" \/>\n<meta property=\"article:publisher\" content=\"https:\/\/www.facebook.com\/MetropolSpaHotel\/\" \/>\n<meta property=\"article:modified_time\" content=\"2026-02-18T13:08:24+00:00\" \/>\n<meta property=\"og:image\" content=\"https:\/\/www.metropolspahotel.ee\/wp-content\/uploads\/sites\/54\/2026\/02\/Kaasrahastanud_EL_kaksiklogod_ENG_hor_color_RGB-300x174.png\" \/>\n<meta name=\"twitter:card\" content=\"summary_large_image\" \/>\n<meta name=\"twitter:label1\" content=\"Est. reading time\" \/>\n\t<meta name=\"twitter:data1\" content=\"1 minute\" \/>\n<script type=\"application\/ld+json\" class=\"yoast-schema-graph\">{\"@context\":\"https:\/\/schema.org\",\"@graph\":[{\"@type\":\"WebPage\",\"@id\":\"https:\/\/www.metropolspahotel.ee\/en\/metropol-hotels-digitalisation-project-has-received-support-from-the-european-union\/\",\"url\":\"https:\/\/www.metropolspahotel.ee\/en\/metropol-hotels-digitalisation-project-has-received-support-from-the-european-union\/\",\"name\":\"Metropol Hotels\u2019 digitalisation project has received support from the European Union - Metropol Spa Hotel\",\"isPartOf\":{\"@id\":\"https:\/\/www.metropolspahotel.ee\/en\/#website\"},\"primaryImageOfPage\":{\"@id\":\"https:\/\/www.metropolspahotel.ee\/en\/metropol-hotels-digitalisation-project-has-received-support-from-the-european-union\/#primaryimage\"},\"image\":{\"@id\":\"https:\/\/www.metropolspahotel.ee\/en\/metropol-hotels-digitalisation-project-has-received-support-from-the-european-union\/#primaryimage\"},\"thumbnailUrl\":\"https:\/\/www.metropolspahotel.ee\/wp-content\/uploads\/sites\/54\/2026\/02\/Kaasrahastanud_EL_kaksiklogod_ENG_hor_color_RGB-300x174.png\",\"datePublished\":\"2026-02-11T07:11:11+00:00\",\"dateModified\":\"2026-02-18T13:08:24+00:00\",\"description\":\"Metropol Hotels Group is implementing a digitalisation project that includes the introduction of the D-EDGE CRM customer relationship management system with a loyalty programme, as well as the TAC spa and wellness management software. The new solutions will be integrated with the hotel\u2019s PMS system (Infor). Objective: To digitalise and automate customer and service management processes and improve the overall guest experience. Result: A comprehensive, data-driven customer journey, more efficient workflows and improved service quality. Amount of support: \u20ac14,000 (Total project cost \u20ac20,000, own contribution \u20ac6,000) The project is implemented between 13 January 2025 and 1 July 2025 with the support of the European Union.\",\"breadcrumb\":{\"@id\":\"https:\/\/www.metropolspahotel.ee\/en\/metropol-hotels-digitalisation-project-has-received-support-from-the-european-union\/#breadcrumb\"},\"inLanguage\":\"en-US\",\"potentialAction\":[{\"@type\":\"ReadAction\",\"target\":[\"https:\/\/www.metropolspahotel.ee\/en\/metropol-hotels-digitalisation-project-has-received-support-from-the-european-union\/\"]}]},{\"@type\":\"ImageObject\",\"inLanguage\":\"en-US\",\"@id\":\"https:\/\/www.metropolspahotel.ee\/en\/metropol-hotels-digitalisation-project-has-received-support-from-the-european-union\/#primaryimage\",\"url\":\"https:\/\/www.metropolspahotel.ee\/wp-content\/uploads\/sites\/54\/2026\/02\/Kaasrahastanud_EL_kaksiklogod_ENG_hor_color_RGB.png\",\"contentUrl\":\"https:\/\/www.metropolspahotel.ee\/wp-content\/uploads\/sites\/54\/2026\/02\/Kaasrahastanud_EL_kaksiklogod_ENG_hor_color_RGB.png\",\"width\":1022,\"height\":594},{\"@type\":\"BreadcrumbList\",\"@id\":\"https:\/\/www.metropolspahotel.ee\/en\/metropol-hotels-digitalisation-project-has-received-support-from-the-european-union\/#breadcrumb\",\"itemListElement\":[{\"@type\":\"ListItem\",\"position\":1,\"name\":\"Home\",\"item\":\"https:\/\/www.metropolspahotel.ee\/en\/\"},{\"@type\":\"ListItem\",\"position\":2,\"name\":\"Metropol Hotels\u2019 digitalisation project has received support from the European Union\"}]},{\"@type\":\"WebSite\",\"@id\":\"https:\/\/www.metropolspahotel.ee\/en\/#website\",\"url\":\"https:\/\/www.metropolspahotel.ee\/en\/\",\"name\":\"Metropol Spa Hotel\",\"description\":\"Metropol Hotels pakub unikaalset hotellielamust Tallinna uues linnas\u00fcdames. Ideaalne valik \u00e4ri-, konverentsi- v\u00f5i puhkusereisiks!\",\"publisher\":{\"@id\":\"https:\/\/www.metropolspahotel.ee\/en\/#organization\"},\"alternateName\":\"Metropol Spa Hotel\",\"potentialAction\":[{\"@type\":\"SearchAction\",\"target\":{\"@type\":\"EntryPoint\",\"urlTemplate\":\"https:\/\/www.metropolspahotel.ee\/en\/?s={search_term_string}\"},\"query-input\":\"required name=search_term_string\"}],\"inLanguage\":\"en-US\"},{\"@type\":\"Organization\",\"@id\":\"https:\/\/www.metropolspahotel.ee\/en\/#organization\",\"name\":\"Metropol Spa Hotel\",\"alternateName\":\"Metropol Spa Hotel\",\"url\":\"https:\/\/www.metropolspahotel.ee\/en\/\",\"logo\":{\"@type\":\"ImageObject\",\"inLanguage\":\"en-US\",\"@id\":\"https:\/\/www.metropolspahotel.ee\/en\/#\/schema\/logo\/image\/\",\"url\":\"https:\/\/www.metropolspahotel.ee\/wp-content\/uploads\/sites\/54\/2023\/08\/logo_metropol_spa_hotel_c.png\",\"contentUrl\":\"https:\/\/www.metropolspahotel.ee\/wp-content\/uploads\/sites\/54\/2023\/08\/logo_metropol_spa_hotel_c.png\",\"width\":341,\"height\":115,\"caption\":\"Metropol Spa Hotel\"},\"image\":{\"@id\":\"https:\/\/www.metropolspahotel.ee\/en\/#\/schema\/logo\/image\/\"},\"sameAs\":[\"https:\/\/www.facebook.com\/MetropolSpaHotel\/\"]}]}<\/script>\n<!-- \/ Yoast SEO plugin. -->","yoast_head_json":{"title":"Metropol Hotels\u2019 digitalisation project has received support from the European Union - Metropol Spa Hotel","description":"Metropol Hotels Group is implementing a digitalisation project that includes the introduction of the D-EDGE CRM customer relationship management system with a loyalty programme, as well as the TAC spa and wellness management software. The new solutions will be integrated with the hotel\u2019s PMS system (Infor). Objective: To digitalise and automate customer and service management processes and improve the overall guest experience. Result: A comprehensive, data-driven customer journey, more efficient workflows and improved service quality. Amount of support: \u20ac14,000 (Total project cost \u20ac20,000, own contribution \u20ac6,000) The project is implemented between 13 January 2025 and 1 July 2025 with the support of the European Union.","robots":{"index":"index","follow":"follow","max-snippet":"max-snippet:-1","max-image-preview":"max-image-preview:large","max-video-preview":"max-video-preview:-1"},"canonical":"https:\/\/www.metropolspahotel.ee\/en\/metropol-hotels-digitalisation-project-has-received-support-from-the-european-union\/","og_locale":"en_US","og_type":"article","og_title":"Metropol Hotels\u2019 digitalisation project has received support from the European Union - Metropol Spa Hotel","og_description":"Metropol Hotels Group is implementing a digitalisation project that includes the introduction of the D-EDGE CRM customer relationship management system with a loyalty programme, as well as the TAC spa and wellness management software. The new solutions will be integrated with the hotel\u2019s PMS system (Infor). Objective: To digitalise and automate customer and service management processes and improve the overall guest experience. Result: A comprehensive, data-driven customer journey, more efficient workflows and improved service quality. Amount of support: \u20ac14,000 (Total project cost \u20ac20,000, own contribution \u20ac6,000) The project is implemented between 13 January 2025 and 1 July 2025 with the support of the European Union.","og_url":"https:\/\/www.metropolspahotel.ee\/en\/metropol-hotels-digitalisation-project-has-received-support-from-the-european-union\/","og_site_name":"Metropol Spa Hotel","article_publisher":"https:\/\/www.facebook.com\/MetropolSpaHotel\/","article_modified_time":"2026-02-18T13:08:24+00:00","og_image":[{"url":"https:\/\/www.metropolspahotel.ee\/wp-content\/uploads\/sites\/54\/2026\/02\/Kaasrahastanud_EL_kaksiklogod_ENG_hor_color_RGB-300x174.png"}],"twitter_card":"summary_large_image","twitter_misc":{"Est. reading time":"1 minute"},"schema":{"@context":"https:\/\/schema.org","@graph":[{"@type":"WebPage","@id":"https:\/\/www.metropolspahotel.ee\/en\/metropol-hotels-digitalisation-project-has-received-support-from-the-european-union\/","url":"https:\/\/www.metropolspahotel.ee\/en\/metropol-hotels-digitalisation-project-has-received-support-from-the-european-union\/","name":"Metropol Hotels\u2019 digitalisation project has received support from the European Union - Metropol Spa Hotel","isPartOf":{"@id":"https:\/\/www.metropolspahotel.ee\/en\/#website"},"primaryImageOfPage":{"@id":"https:\/\/www.metropolspahotel.ee\/en\/metropol-hotels-digitalisation-project-has-received-support-from-the-european-union\/#primaryimage"},"image":{"@id":"https:\/\/www.metropolspahotel.ee\/en\/metropol-hotels-digitalisation-project-has-received-support-from-the-european-union\/#primaryimage"},"thumbnailUrl":"https:\/\/www.metropolspahotel.ee\/wp-content\/uploads\/sites\/54\/2026\/02\/Kaasrahastanud_EL_kaksiklogod_ENG_hor_color_RGB-300x174.png","datePublished":"2026-02-11T07:11:11+00:00","dateModified":"2026-02-18T13:08:24+00:00","description":"Metropol Hotels Group is implementing a digitalisation project that includes the introduction of the D-EDGE CRM customer relationship management system with a loyalty programme, as well as the TAC spa and wellness management software. The new solutions will be integrated with the hotel\u2019s PMS system (Infor). Objective: To digitalise and automate customer and service management processes and improve the overall guest experience. Result: A comprehensive, data-driven customer journey, more efficient workflows and improved service quality. Amount of support: \u20ac14,000 (Total project cost \u20ac20,000, own contribution \u20ac6,000) The project is implemented between 13 January 2025 and 1 July 2025 with the support of the European Union.","breadcrumb":{"@id":"https:\/\/www.metropolspahotel.ee\/en\/metropol-hotels-digitalisation-project-has-received-support-from-the-european-union\/#breadcrumb"},"inLanguage":"en-US","potentialAction":[{"@type":"ReadAction","target":["https:\/\/www.metropolspahotel.ee\/en\/metropol-hotels-digitalisation-project-has-received-support-from-the-european-union\/"]}]},{"@type":"ImageObject","inLanguage":"en-US","@id":"https:\/\/www.metropolspahotel.ee\/en\/metropol-hotels-digitalisation-project-has-received-support-from-the-european-union\/#primaryimage","url":"https:\/\/www.metropolspahotel.ee\/wp-content\/uploads\/sites\/54\/2026\/02\/Kaasrahastanud_EL_kaksiklogod_ENG_hor_color_RGB.png","contentUrl":"https:\/\/www.metropolspahotel.ee\/wp-content\/uploads\/sites\/54\/2026\/02\/Kaasrahastanud_EL_kaksiklogod_ENG_hor_color_RGB.png","width":1022,"height":594},{"@type":"BreadcrumbList","@id":"https:\/\/www.metropolspahotel.ee\/en\/metropol-hotels-digitalisation-project-has-received-support-from-the-european-union\/#breadcrumb","itemListElement":[{"@type":"ListItem","position":1,"name":"Home","item":"https:\/\/www.metropolspahotel.ee\/en\/"},{"@type":"ListItem","position":2,"name":"Metropol Hotels\u2019 digitalisation project has received support from the European Union"}]},{"@type":"WebSite","@id":"https:\/\/www.metropolspahotel.ee\/en\/#website","url":"https:\/\/www.metropolspahotel.ee\/en\/","name":"Metropol Spa Hotel","description":"Metropol Hotels pakub unikaalset hotellielamust Tallinna uues linnas\u00fcdames. Ideaalne valik \u00e4ri-, konverentsi- v\u00f5i puhkusereisiks!","publisher":{"@id":"https:\/\/www.metropolspahotel.ee\/en\/#organization"},"alternateName":"Metropol Spa Hotel","potentialAction":[{"@type":"SearchAction","target":{"@type":"EntryPoint","urlTemplate":"https:\/\/www.metropolspahotel.ee\/en\/?s={search_term_string}"},"query-input":"required name=search_term_string"}],"inLanguage":"en-US"},{"@type":"Organization","@id":"https:\/\/www.metropolspahotel.ee\/en\/#organization","name":"Metropol Spa Hotel","alternateName":"Metropol Spa Hotel","url":"https:\/\/www.metropolspahotel.ee\/en\/","logo":{"@type":"ImageObject","inLanguage":"en-US","@id":"https:\/\/www.metropolspahotel.ee\/en\/#\/schema\/logo\/image\/","url":"https:\/\/www.metropolspahotel.ee\/wp-content\/uploads\/sites\/54\/2023\/08\/logo_metropol_spa_hotel_c.png","contentUrl":"https:\/\/www.metropolspahotel.ee\/wp-content\/uploads\/sites\/54\/2023\/08\/logo_metropol_spa_hotel_c.png","width":341,"height":115,"caption":"Metropol Spa Hotel"},"image":{"@id":"https:\/\/www.metropolspahotel.ee\/en\/#\/schema\/logo\/image\/"},"sameAs":["https:\/\/www.facebook.com\/MetropolSpaHotel\/"]}]}},"acf":[],"_links":{"self":[{"href":"https:\/\/www.metropolspahotel.ee\/en\/wp-json\/wp\/v2\/pages\/1731"}],"collection":[{"href":"https:\/\/www.metropolspahotel.ee\/en\/wp-json\/wp\/v2\/pages"}],"about":[{"href":"https:\/\/www.metropolspahotel.ee\/en\/wp-json\/wp\/v2\/types\/page"}],"author":[{"embeddable":true,"href":"https:\/\/www.metropolspahotel.ee\/en\/wp-json\/wp\/v2\/users\/121"}],"replies":[{"embeddable":true,"href":"https:\/\/www.metropolspahotel.ee\/en\/wp-json\/wp\/v2\/comments?post=1731"}],"version-history":[{"count":0,"href":"https:\/\/www.metropolspahotel.ee\/en\/wp-json\/wp\/v2\/pages\/1731\/revisions"}],"wp:attachment":[{"href":"https:\/\/www.metropolspahotel.ee\/en\/wp-json\/wp\/v2\/media?parent=1731"}],"curies":[{"name":"wp","href":"https:\/\/api.w.org\/{rel}","templated":true}]}}