{"id":1734,"date":"2026-01-05T09:17:30","date_gmt":"2026-01-05T09:17:30","guid":{"rendered":"https:\/\/www.metropolspahotel.ee\/?page_id=1734"},"modified":"2026-02-26T09:10:46","modified_gmt":"2026-02-26T09:10:46","slug":"for-hotel-guests","status":"publish","type":"page","link":"https:\/\/www.metropolspahotel.ee\/en\/for-hotel-guests\/","title":{"rendered":"FOR HOTEL GUESTS"},"content":{"rendered":"<p>Here you\u2019ll find important hotel information, services, and practical recommendations to help you make the most of your time at Metropol Spa Hotel.<\/p>\n<h2>Stay Information<\/h2>\n<ul>\n<li><strong>Check-out:<\/strong> until 12:00<\/li>\n<li><strong>Check-in:<\/strong> from 15:00<\/li>\n<li><strong>Free WiFi:<\/strong> available throughout the hotel<\/li>\n<li><strong>Quiet hours:<\/strong> 22:00\u20137:00<br \/>\nIf you notice any violation of hotel rules, please inform the reception at your earliest convenience.<\/li>\n<li><strong>Reception:<\/strong> open 24\/7<\/li>\n<li><strong>Pets:<\/strong> not allowed<\/li>\n<\/ul>\n<h2>Gym<\/h2>\n<ul>\n<li>The gym is open daily from <strong>7:00\u201322:00<\/strong>.<\/li>\n<li><strong>Location:<\/strong> Metropol Hotel (neighboring hotel, connected by indoor corridor).<\/li>\n<li>Unlimited gym access during opening hours is included in the room rate for Metropol Spa Hotel guests.<\/li>\n<\/ul>\n<h2>Parking<\/h2>\n<ul>\n<li>Parking is available in the Metropol Spa Hotel garage for <strong>25 \u20ac per day<\/strong>.<\/li>\n<li>If you wish to reserve a parking space, please book in advance by contacting the hotel sales department at<br \/>\n<a href=\"mailto:booking@metropol.ee\">booking@metropol.ee<\/a>.<\/li>\n<\/ul>\n<h2>Contact for Hotel Guests<\/h2>\n<ul>\n<li><strong>Phone:<\/strong> +372 667 4600 (Reception)<\/li>\n<li><strong>Email:<\/strong> <a href=\"mailto:reception@metropol.ee\">reception@metropol.ee<\/a><\/li>\n<\/ul>\n<p>Below you will find additional information about spa facilities, self-service options, dining venues, and other services to make your stay as pleasant as possible.<\/p>\n","protected":false},"excerpt":{"rendered":"<p>Here you\u2019ll find important hotel information, services, and practical recommendations to help you make the most of your time at Metropol Spa Hotel. Stay Information Check-out: until 12:00 Check-in: from 15:00 Free WiFi: available throughout the hotel Quiet hours: 22:00\u20137:00 If you notice any violation of hotel rules, please inform the reception at your earliest [&hellip;]<\/p>\n","protected":false},"author":121,"featured_media":0,"parent":0,"menu_order":0,"comment_status":"closed","ping_status":"closed","template":"template-services.php","meta":{"footnotes":""},"class_list":["post-1734","page","type-page","status-publish","hentry"],"yoast_head":"<!-- This site is optimized with the Yoast SEO plugin v27.3 - https:\/\/yoast.com\/product\/yoast-seo-wordpress\/ -->\n<title>FOR HOTEL GUESTS - Metropol Spa Hotel<\/title>\n<meta name=\"description\" content=\"Here you\u2019ll find important hotel information, services, and practical recommendations to help you make the most of your time at Metropol Spa Hotel. Stay Information   Check-out: until 12:00  Check-in: from 15:00  Free WiFi: available throughout the hotel  Quiet hours: 22:00\u20137:00 If you notice any violation of hotel rules, please inform the reception at your earliest convenience.  Reception: open 24\/7  Pets: not allowed  Gym   The gym is open daily from 7:00\u201322:00.  Location: Metropol Hotel (neighboring hotel, connected by indoor corridor).  Unlimited gym access during opening hours is included in the room rate for Metropol Spa Hotel guests.  Parking   Parking is available in the Metropol Spa Hotel garage for 25 \u20ac per day.  If you wish to reserve a parking space, please book in advance by contacting the hotel sales department at booking@metropol.ee.  Contact for Hotel Guests   Phone: +372 667 4600 (Reception)  Email: reception@metropol.ee  Below you will find additional information about spa facilities, self-service options, dining venues, and other services to make your stay as pleasant as possible..\" \/>\n<meta name=\"robots\" content=\"index, follow, max-snippet:-1, max-image-preview:large, max-video-preview:-1\" \/>\n<link rel=\"canonical\" href=\"https:\/\/www.metropolspahotel.ee\/en\/for-hotel-guests\/\" \/>\n<meta property=\"og:locale\" content=\"en_US\" \/>\n<meta property=\"og:type\" content=\"article\" \/>\n<meta property=\"og:title\" content=\"FOR HOTEL GUESTS - Metropol Spa Hotel\" \/>\n<meta property=\"og:description\" content=\"Here you\u2019ll find important hotel information, services, and practical recommendations to help you make the most of your time at Metropol Spa Hotel. Stay Information   Check-out: until 12:00  Check-in: from 15:00  Free WiFi: available throughout the hotel  Quiet hours: 22:00\u20137:00 If you notice any violation of hotel rules, please inform the reception at your earliest convenience.  Reception: open 24\/7  Pets: not allowed  Gym   The gym is open daily from 7:00\u201322:00.  Location: Metropol Hotel (neighboring hotel, connected by indoor corridor).  Unlimited gym access during opening hours is included in the room rate for Metropol Spa Hotel guests.  Parking   Parking is available in the Metropol Spa Hotel garage for 25 \u20ac per day.  If you wish to reserve a parking space, please book in advance by contacting the hotel sales department at booking@metropol.ee.  Contact for Hotel Guests   Phone: +372 667 4600 (Reception)  Email: reception@metropol.ee  Below you will find additional information about spa facilities, self-service options, dining venues, and other services to make your stay as pleasant as possible..\" \/>\n<meta property=\"og:url\" content=\"https:\/\/www.metropolspahotel.ee\/en\/for-hotel-guests\/\" \/>\n<meta property=\"og:site_name\" content=\"Metropol Spa Hotel\" \/>\n<meta property=\"article:publisher\" content=\"https:\/\/www.facebook.com\/MetropolSpaHotel\/\" \/>\n<meta property=\"article:modified_time\" content=\"2026-02-26T09:10:46+00:00\" \/>\n<meta property=\"og:image\" content=\"https:\/\/www.metropolspahotel.ee\/wp-content\/uploads\/sites\/54\/2023\/09\/metropole_spa_hotel_gallery_37.jpg\" \/>\n\t<meta property=\"og:image:width\" content=\"1200\" \/>\n\t<meta property=\"og:image:height\" content=\"800\" \/>\n\t<meta property=\"og:image:type\" content=\"image\/jpeg\" \/>\n<meta name=\"twitter:card\" content=\"summary_large_image\" \/>\n<meta name=\"twitter:label1\" content=\"Est. reading time\" \/>\n\t<meta name=\"twitter:data1\" content=\"1 minute\" \/>\n<script type=\"application\/ld+json\" class=\"yoast-schema-graph\">{\"@context\":\"https:\\\/\\\/schema.org\",\"@graph\":[{\"@type\":\"WebPage\",\"@id\":\"https:\\\/\\\/www.metropolspahotel.ee\\\/en\\\/for-hotel-guests\\\/\",\"url\":\"https:\\\/\\\/www.metropolspahotel.ee\\\/en\\\/for-hotel-guests\\\/\",\"name\":\"FOR HOTEL GUESTS - Metropol Spa Hotel\",\"isPartOf\":{\"@id\":\"https:\\\/\\\/www.metropolspahotel.ee\\\/en\\\/#website\"},\"datePublished\":\"2026-01-05T09:17:30+00:00\",\"dateModified\":\"2026-02-26T09:10:46+00:00\",\"description\":\"Here you\u2019ll find important hotel information, services, and practical recommendations to help you make the most of your time at Metropol Spa Hotel. Stay Information \u2022 Check-out: until 12:00 \u2022 Check-in: from 15:00 \u2022 Free WiFi: available throughout the hotel \u2022 Quiet hours: 22:00\u20137:00 If you notice any violation of hotel rules, please inform the reception at your earliest convenience. \u2022 Reception: open 24\\\/7 \u2022 Pets: not allowed Gym \u2022 The gym is open daily from 7:00\u201322:00. \u2022 Location: Metropol Hotel (neighboring hotel, connected by indoor corridor). \u2022 Unlimited gym access during opening hours is included in the room rate for Metropol Spa Hotel guests. Parking \u2022 Parking is available in the Metropol Spa Hotel garage for 25 \u20ac per day. \u2022 If you wish to reserve a parking space, please book in advance by contacting the hotel sales department at booking@metropol.ee. Contact for Hotel Guests \u2022 Phone: +372 667 4600 (Reception) \u2022 Email: reception@metropol.ee Below you will find additional information about spa facilities, self-service options, dining venues, and other services to make your stay as pleasant as possible..\",\"breadcrumb\":{\"@id\":\"https:\\\/\\\/www.metropolspahotel.ee\\\/en\\\/for-hotel-guests\\\/#breadcrumb\"},\"inLanguage\":\"en-US\",\"potentialAction\":[{\"@type\":\"ReadAction\",\"target\":[\"https:\\\/\\\/www.metropolspahotel.ee\\\/en\\\/for-hotel-guests\\\/\"]}]},{\"@type\":\"BreadcrumbList\",\"@id\":\"https:\\\/\\\/www.metropolspahotel.ee\\\/en\\\/for-hotel-guests\\\/#breadcrumb\",\"itemListElement\":[{\"@type\":\"ListItem\",\"position\":1,\"name\":\"Home\",\"item\":\"https:\\\/\\\/www.metropolspahotel.ee\\\/en\\\/\"},{\"@type\":\"ListItem\",\"position\":2,\"name\":\"FOR HOTEL GUESTS\"}]},{\"@type\":\"WebSite\",\"@id\":\"https:\\\/\\\/www.metropolspahotel.ee\\\/en\\\/#website\",\"url\":\"https:\\\/\\\/www.metropolspahotel.ee\\\/en\\\/\",\"name\":\"Metropol Spa Hotel\",\"description\":\"Metropol Hotels pakub unikaalset hotellielamust Tallinna uues linnas\u00fcdames. Ideaalne valik \u00e4ri-, konverentsi- v\u00f5i puhkusereisiks!\",\"publisher\":{\"@id\":\"https:\\\/\\\/www.metropolspahotel.ee\\\/en\\\/#organization\"},\"alternateName\":\"Metropol Spa Hotel\",\"potentialAction\":[{\"@type\":\"SearchAction\",\"target\":{\"@type\":\"EntryPoint\",\"urlTemplate\":\"https:\\\/\\\/www.metropolspahotel.ee\\\/en\\\/?s={search_term_string}\"},\"query-input\":{\"@type\":\"PropertyValueSpecification\",\"valueRequired\":true,\"valueName\":\"search_term_string\"}}],\"inLanguage\":\"en-US\"},{\"@type\":\"Organization\",\"@id\":\"https:\\\/\\\/www.metropolspahotel.ee\\\/en\\\/#organization\",\"name\":\"Metropol Spa Hotel\",\"alternateName\":\"Metropol Spa Hotel\",\"url\":\"https:\\\/\\\/www.metropolspahotel.ee\\\/en\\\/\",\"logo\":{\"@type\":\"ImageObject\",\"inLanguage\":\"en-US\",\"@id\":\"https:\\\/\\\/www.metropolspahotel.ee\\\/en\\\/#\\\/schema\\\/logo\\\/image\\\/\",\"url\":\"https:\\\/\\\/www.metropolspahotel.ee\\\/wp-content\\\/uploads\\\/sites\\\/54\\\/2023\\\/08\\\/logo_metropol_spa_hotel_c.png\",\"contentUrl\":\"https:\\\/\\\/www.metropolspahotel.ee\\\/wp-content\\\/uploads\\\/sites\\\/54\\\/2023\\\/08\\\/logo_metropol_spa_hotel_c.png\",\"width\":341,\"height\":115,\"caption\":\"Metropol Spa Hotel\"},\"image\":{\"@id\":\"https:\\\/\\\/www.metropolspahotel.ee\\\/en\\\/#\\\/schema\\\/logo\\\/image\\\/\"},\"sameAs\":[\"https:\\\/\\\/www.facebook.com\\\/MetropolSpaHotel\\\/\"]}]}<\/script>\n<!-- \/ Yoast SEO plugin. -->","yoast_head_json":{"title":"FOR HOTEL GUESTS - Metropol Spa Hotel","description":"Here you\u2019ll find important hotel information, services, and practical recommendations to help you make the most of your time at Metropol Spa Hotel. Stay Information   Check-out: until 12:00  Check-in: from 15:00  Free WiFi: available throughout the hotel  Quiet hours: 22:00\u20137:00 If you notice any violation of hotel rules, please inform the reception at your earliest convenience.  Reception: open 24\/7  Pets: not allowed  Gym   The gym is open daily from 7:00\u201322:00.  Location: Metropol Hotel (neighboring hotel, connected by indoor corridor).  Unlimited gym access during opening hours is included in the room rate for Metropol Spa Hotel guests.  Parking   Parking is available in the Metropol Spa Hotel garage for 25 \u20ac per day.  If you wish to reserve a parking space, please book in advance by contacting the hotel sales department at booking@metropol.ee.  Contact for Hotel Guests   Phone: +372 667 4600 (Reception)  Email: reception@metropol.ee  Below you will find additional information about spa facilities, self-service options, dining venues, and other services to make your stay as pleasant as possible..","robots":{"index":"index","follow":"follow","max-snippet":"max-snippet:-1","max-image-preview":"max-image-preview:large","max-video-preview":"max-video-preview:-1"},"canonical":"https:\/\/www.metropolspahotel.ee\/en\/for-hotel-guests\/","og_locale":"en_US","og_type":"article","og_title":"FOR HOTEL GUESTS - Metropol Spa Hotel","og_description":"Here you\u2019ll find important hotel information, services, and practical recommendations to help you make the most of your time at Metropol Spa Hotel. Stay Information   Check-out: until 12:00  Check-in: from 15:00  Free WiFi: available throughout the hotel  Quiet hours: 22:00\u20137:00 If you notice any violation of hotel rules, please inform the reception at your earliest convenience.  Reception: open 24\/7  Pets: not allowed  Gym   The gym is open daily from 7:00\u201322:00.  Location: Metropol Hotel (neighboring hotel, connected by indoor corridor).  Unlimited gym access during opening hours is included in the room rate for Metropol Spa Hotel guests.  Parking   Parking is available in the Metropol Spa Hotel garage for 25 \u20ac per day.  If you wish to reserve a parking space, please book in advance by contacting the hotel sales department at booking@metropol.ee.  Contact for Hotel Guests   Phone: +372 667 4600 (Reception)  Email: reception@metropol.ee  Below you will find additional information about spa facilities, self-service options, dining venues, and other services to make your stay as pleasant as possible..","og_url":"https:\/\/www.metropolspahotel.ee\/en\/for-hotel-guests\/","og_site_name":"Metropol Spa Hotel","article_publisher":"https:\/\/www.facebook.com\/MetropolSpaHotel\/","article_modified_time":"2026-02-26T09:10:46+00:00","og_image":[{"width":1200,"height":800,"url":"https:\/\/www.metropolspahotel.ee\/wp-content\/uploads\/sites\/54\/2023\/09\/metropole_spa_hotel_gallery_37.jpg","type":"image\/jpeg"}],"twitter_card":"summary_large_image","twitter_misc":{"Est. reading time":"1 minute"},"schema":{"@context":"https:\/\/schema.org","@graph":[{"@type":"WebPage","@id":"https:\/\/www.metropolspahotel.ee\/en\/for-hotel-guests\/","url":"https:\/\/www.metropolspahotel.ee\/en\/for-hotel-guests\/","name":"FOR HOTEL GUESTS - Metropol Spa Hotel","isPartOf":{"@id":"https:\/\/www.metropolspahotel.ee\/en\/#website"},"datePublished":"2026-01-05T09:17:30+00:00","dateModified":"2026-02-26T09:10:46+00:00","description":"Here you\u2019ll find important hotel information, services, and practical recommendations to help you make the most of your time at Metropol Spa Hotel. Stay Information \u2022 Check-out: until 12:00 \u2022 Check-in: from 15:00 \u2022 Free WiFi: available throughout the hotel \u2022 Quiet hours: 22:00\u20137:00 If you notice any violation of hotel rules, please inform the reception at your earliest convenience. \u2022 Reception: open 24\/7 \u2022 Pets: not allowed Gym \u2022 The gym is open daily from 7:00\u201322:00. \u2022 Location: Metropol Hotel (neighboring hotel, connected by indoor corridor). \u2022 Unlimited gym access during opening hours is included in the room rate for Metropol Spa Hotel guests. Parking \u2022 Parking is available in the Metropol Spa Hotel garage for 25 \u20ac per day. \u2022 If you wish to reserve a parking space, please book in advance by contacting the hotel sales department at booking@metropol.ee. Contact for Hotel Guests \u2022 Phone: +372 667 4600 (Reception) \u2022 Email: reception@metropol.ee Below you will find additional information about spa facilities, self-service options, dining venues, and other services to make your stay as pleasant as possible..","breadcrumb":{"@id":"https:\/\/www.metropolspahotel.ee\/en\/for-hotel-guests\/#breadcrumb"},"inLanguage":"en-US","potentialAction":[{"@type":"ReadAction","target":["https:\/\/www.metropolspahotel.ee\/en\/for-hotel-guests\/"]}]},{"@type":"BreadcrumbList","@id":"https:\/\/www.metropolspahotel.ee\/en\/for-hotel-guests\/#breadcrumb","itemListElement":[{"@type":"ListItem","position":1,"name":"Home","item":"https:\/\/www.metropolspahotel.ee\/en\/"},{"@type":"ListItem","position":2,"name":"FOR HOTEL GUESTS"}]},{"@type":"WebSite","@id":"https:\/\/www.metropolspahotel.ee\/en\/#website","url":"https:\/\/www.metropolspahotel.ee\/en\/","name":"Metropol Spa Hotel","description":"Metropol Hotels pakub unikaalset hotellielamust Tallinna uues linnas\u00fcdames. Ideaalne valik \u00e4ri-, konverentsi- v\u00f5i puhkusereisiks!","publisher":{"@id":"https:\/\/www.metropolspahotel.ee\/en\/#organization"},"alternateName":"Metropol Spa Hotel","potentialAction":[{"@type":"SearchAction","target":{"@type":"EntryPoint","urlTemplate":"https:\/\/www.metropolspahotel.ee\/en\/?s={search_term_string}"},"query-input":{"@type":"PropertyValueSpecification","valueRequired":true,"valueName":"search_term_string"}}],"inLanguage":"en-US"},{"@type":"Organization","@id":"https:\/\/www.metropolspahotel.ee\/en\/#organization","name":"Metropol Spa Hotel","alternateName":"Metropol Spa Hotel","url":"https:\/\/www.metropolspahotel.ee\/en\/","logo":{"@type":"ImageObject","inLanguage":"en-US","@id":"https:\/\/www.metropolspahotel.ee\/en\/#\/schema\/logo\/image\/","url":"https:\/\/www.metropolspahotel.ee\/wp-content\/uploads\/sites\/54\/2023\/08\/logo_metropol_spa_hotel_c.png","contentUrl":"https:\/\/www.metropolspahotel.ee\/wp-content\/uploads\/sites\/54\/2023\/08\/logo_metropol_spa_hotel_c.png","width":341,"height":115,"caption":"Metropol Spa Hotel"},"image":{"@id":"https:\/\/www.metropolspahotel.ee\/en\/#\/schema\/logo\/image\/"},"sameAs":["https:\/\/www.facebook.com\/MetropolSpaHotel\/"]}]}},"acf":[],"_links":{"self":[{"href":"https:\/\/www.metropolspahotel.ee\/en\/wp-json\/wp\/v2\/pages\/1734","targetHints":{"allow":["GET"]}}],"collection":[{"href":"https:\/\/www.metropolspahotel.ee\/en\/wp-json\/wp\/v2\/pages"}],"about":[{"href":"https:\/\/www.metropolspahotel.ee\/en\/wp-json\/wp\/v2\/types\/page"}],"author":[{"embeddable":true,"href":"https:\/\/www.metropolspahotel.ee\/en\/wp-json\/wp\/v2\/users\/121"}],"replies":[{"embeddable":true,"href":"https:\/\/www.metropolspahotel.ee\/en\/wp-json\/wp\/v2\/comments?post=1734"}],"version-history":[{"count":0,"href":"https:\/\/www.metropolspahotel.ee\/en\/wp-json\/wp\/v2\/pages\/1734\/revisions"}],"wp:attachment":[{"href":"https:\/\/www.metropolspahotel.ee\/en\/wp-json\/wp\/v2\/media?parent=1734"}],"curies":[{"name":"wp","href":"https:\/\/api.w.org\/{rel}","templated":true}]}}