{"id":24,"date":"2023-07-18T16:18:24","date_gmt":"2023-07-18T16:18:24","guid":{"rendered":"https:\/\/hotelmetropolspa.ms2.decms.eu\/superior-toad\/"},"modified":"2025-03-25T08:30:42","modified_gmt":"2025-03-25T08:30:42","slug":"superior-rooms","status":"publish","type":"page","link":"https:\/\/www.metropolspahotel.ee\/en\/hotel-rooms-in-the-spa-hotel\/superior-rooms\/","title":{"rendered":"Superior rooms"},"content":{"rendered":"<p><em>Superior<\/em> rooms reflect our commitment to quality and to providing an exceptional guest experience.<\/p>\n<p>Measuring a generous 23 \u33a1, the rooms are on the upper floors of our hotel, offering views of the vibrant Rotermann Quarter.<\/p>\n","protected":false},"excerpt":{"rendered":"<p>Superior rooms reflect our commitment to quality and to providing an exceptional guest experience. Measuring a generous 23 \u33a1, the rooms are on the upper floors of our hotel, offering views of the vibrant Rotermann Quarter.<\/p>\n","protected":false},"author":11,"featured_media":0,"parent":11,"menu_order":12,"comment_status":"closed","ping_status":"closed","template":"template-single-room.php","meta":{"footnotes":""},"yoast_head":"<!-- This site is optimized with the Yoast SEO plugin v22.3 - https:\/\/yoast.com\/wordpress\/plugins\/seo\/ -->\n<title>Superior rooms | Metropol Spa Hotel In Tallinn<\/title>\n<meta name=\"description\" content=\"For those seeking an elevated experience, our 23 square meter Superior rooms at Metropol Spa Hotel are the epitome of luxury and sophistication.\" \/>\n<meta name=\"robots\" content=\"index, follow, max-snippet:-1, max-image-preview:large, max-video-preview:-1\" \/>\n<link rel=\"canonical\" href=\"https:\/\/www.metropolspahotel.ee\/en\/hotel-rooms-in-the-spa-hotel\/superior-rooms\/\" \/>\n<meta property=\"og:locale\" content=\"en_US\" \/>\n<meta property=\"og:type\" content=\"article\" \/>\n<meta property=\"og:title\" content=\"Superior rooms | Metropol Spa Hotel In Tallinn\" \/>\n<meta property=\"og:description\" content=\"For those seeking an elevated experience, our 23 square meter Superior rooms at Metropol Spa Hotel are the epitome of luxury and sophistication.\" \/>\n<meta property=\"og:url\" content=\"https:\/\/www.metropolspahotel.ee\/en\/hotel-rooms-in-the-spa-hotel\/superior-rooms\/\" \/>\n<meta property=\"og:site_name\" content=\"Metropol Spa Hotel\" \/>\n<meta property=\"article:publisher\" content=\"https:\/\/www.facebook.com\/MetropolSpaHotel\/\" \/>\n<meta property=\"article:modified_time\" content=\"2025-03-25T08:30:42+00:00\" \/>\n<meta property=\"og:image\" content=\"https:\/\/www.metropolspahotel.ee\/wp-content\/uploads\/sites\/54\/2023\/09\/metropole_spa_hotel_gallery_37.jpg\" \/>\n\t<meta property=\"og:image:width\" content=\"1200\" \/>\n\t<meta property=\"og:image:height\" content=\"800\" \/>\n\t<meta property=\"og:image:type\" content=\"image\/jpeg\" \/>\n<meta name=\"twitter:card\" content=\"summary_large_image\" \/>\n<meta name=\"twitter:label1\" content=\"Est. reading time\" \/>\n\t<meta name=\"twitter:data1\" content=\"1 minute\" \/>\n<script type=\"application\/ld+json\" class=\"yoast-schema-graph\">{\"@context\":\"https:\/\/schema.org\",\"@graph\":[{\"@type\":\"WebPage\",\"@id\":\"https:\/\/www.metropolspahotel.ee\/en\/hotel-rooms-in-the-spa-hotel\/superior-rooms\/\",\"url\":\"https:\/\/www.metropolspahotel.ee\/en\/hotel-rooms-in-the-spa-hotel\/superior-rooms\/\",\"name\":\"Superior rooms | Metropol Spa Hotel In Tallinn\",\"isPartOf\":{\"@id\":\"https:\/\/www.metropolspahotel.ee\/en\/#website\"},\"datePublished\":\"2023-07-18T16:18:24+00:00\",\"dateModified\":\"2025-03-25T08:30:42+00:00\",\"description\":\"For those seeking an elevated experience, our 23 square meter Superior rooms at Metropol Spa Hotel are the epitome of luxury and sophistication.\",\"breadcrumb\":{\"@id\":\"https:\/\/www.metropolspahotel.ee\/en\/hotel-rooms-in-the-spa-hotel\/superior-rooms\/#breadcrumb\"},\"inLanguage\":\"en-US\",\"potentialAction\":[{\"@type\":\"ReadAction\",\"target\":[\"https:\/\/www.metropolspahotel.ee\/en\/hotel-rooms-in-the-spa-hotel\/superior-rooms\/\"]}]},{\"@type\":\"BreadcrumbList\",\"@id\":\"https:\/\/www.metropolspahotel.ee\/en\/hotel-rooms-in-the-spa-hotel\/superior-rooms\/#breadcrumb\",\"itemListElement\":[{\"@type\":\"ListItem\",\"position\":1,\"name\":\"Home\",\"item\":\"https:\/\/www.metropolspahotel.ee\/en\/\"},{\"@type\":\"ListItem\",\"position\":2,\"name\":\"Hotel rooms in the spa hotel\",\"item\":\"https:\/\/www.metropolspahotel.ee\/en\/hotel-rooms-in-the-spa-hotel\/\"},{\"@type\":\"ListItem\",\"position\":3,\"name\":\"Superior rooms\"}]},{\"@type\":\"WebSite\",\"@id\":\"https:\/\/www.metropolspahotel.ee\/en\/#website\",\"url\":\"https:\/\/www.metropolspahotel.ee\/en\/\",\"name\":\"Metropol Spa Hotel\",\"description\":\"Metropol Hotels pakub unikaalset hotellielamust Tallinna uues linnas\u00fcdames. Ideaalne valik \u00e4ri-, konverentsi- v\u00f5i puhkusereisiks!\",\"publisher\":{\"@id\":\"https:\/\/www.metropolspahotel.ee\/en\/#organization\"},\"alternateName\":\"Metropol Spa Hotel\",\"potentialAction\":[{\"@type\":\"SearchAction\",\"target\":{\"@type\":\"EntryPoint\",\"urlTemplate\":\"https:\/\/www.metropolspahotel.ee\/en\/?s={search_term_string}\"},\"query-input\":\"required name=search_term_string\"}],\"inLanguage\":\"en-US\"},{\"@type\":\"Organization\",\"@id\":\"https:\/\/www.metropolspahotel.ee\/en\/#organization\",\"name\":\"Metropol Spa Hotel\",\"alternateName\":\"Metropol Spa Hotel\",\"url\":\"https:\/\/www.metropolspahotel.ee\/en\/\",\"logo\":{\"@type\":\"ImageObject\",\"inLanguage\":\"en-US\",\"@id\":\"https:\/\/www.metropolspahotel.ee\/en\/#\/schema\/logo\/image\/\",\"url\":\"https:\/\/www.metropolspahotel.ee\/wp-content\/uploads\/sites\/54\/2023\/08\/logo_metropol_spa_hotel_c.png\",\"contentUrl\":\"https:\/\/www.metropolspahotel.ee\/wp-content\/uploads\/sites\/54\/2023\/08\/logo_metropol_spa_hotel_c.png\",\"width\":341,\"height\":115,\"caption\":\"Metropol Spa Hotel\"},\"image\":{\"@id\":\"https:\/\/www.metropolspahotel.ee\/en\/#\/schema\/logo\/image\/\"},\"sameAs\":[\"https:\/\/www.facebook.com\/MetropolSpaHotel\/\"]}]}<\/script>\n<!-- \/ Yoast SEO plugin. -->","yoast_head_json":{"title":"Superior rooms | Metropol Spa Hotel In Tallinn","description":"For those seeking an elevated experience, our 23 square meter Superior rooms at Metropol Spa Hotel are the epitome of luxury and sophistication.","robots":{"index":"index","follow":"follow","max-snippet":"max-snippet:-1","max-image-preview":"max-image-preview:large","max-video-preview":"max-video-preview:-1"},"canonical":"https:\/\/www.metropolspahotel.ee\/en\/hotel-rooms-in-the-spa-hotel\/superior-rooms\/","og_locale":"en_US","og_type":"article","og_title":"Superior rooms | Metropol Spa Hotel In Tallinn","og_description":"For those seeking an elevated experience, our 23 square meter Superior rooms at Metropol Spa Hotel are the epitome of luxury and sophistication.","og_url":"https:\/\/www.metropolspahotel.ee\/en\/hotel-rooms-in-the-spa-hotel\/superior-rooms\/","og_site_name":"Metropol Spa Hotel","article_publisher":"https:\/\/www.facebook.com\/MetropolSpaHotel\/","article_modified_time":"2025-03-25T08:30:42+00:00","og_image":[{"width":1200,"height":800,"url":"https:\/\/www.metropolspahotel.ee\/wp-content\/uploads\/sites\/54\/2023\/09\/metropole_spa_hotel_gallery_37.jpg","type":"image\/jpeg"}],"twitter_card":"summary_large_image","twitter_misc":{"Est. reading time":"1 minute"},"schema":{"@context":"https:\/\/schema.org","@graph":[{"@type":"WebPage","@id":"https:\/\/www.metropolspahotel.ee\/en\/hotel-rooms-in-the-spa-hotel\/superior-rooms\/","url":"https:\/\/www.metropolspahotel.ee\/en\/hotel-rooms-in-the-spa-hotel\/superior-rooms\/","name":"Superior rooms | Metropol Spa Hotel In Tallinn","isPartOf":{"@id":"https:\/\/www.metropolspahotel.ee\/en\/#website"},"datePublished":"2023-07-18T16:18:24+00:00","dateModified":"2025-03-25T08:30:42+00:00","description":"For those seeking an elevated experience, our 23 square meter Superior rooms at Metropol Spa Hotel are the epitome of luxury and sophistication.","breadcrumb":{"@id":"https:\/\/www.metropolspahotel.ee\/en\/hotel-rooms-in-the-spa-hotel\/superior-rooms\/#breadcrumb"},"inLanguage":"en-US","potentialAction":[{"@type":"ReadAction","target":["https:\/\/www.metropolspahotel.ee\/en\/hotel-rooms-in-the-spa-hotel\/superior-rooms\/"]}]},{"@type":"BreadcrumbList","@id":"https:\/\/www.metropolspahotel.ee\/en\/hotel-rooms-in-the-spa-hotel\/superior-rooms\/#breadcrumb","itemListElement":[{"@type":"ListItem","position":1,"name":"Home","item":"https:\/\/www.metropolspahotel.ee\/en\/"},{"@type":"ListItem","position":2,"name":"Hotel rooms in the spa hotel","item":"https:\/\/www.metropolspahotel.ee\/en\/hotel-rooms-in-the-spa-hotel\/"},{"@type":"ListItem","position":3,"name":"Superior rooms"}]},{"@type":"WebSite","@id":"https:\/\/www.metropolspahotel.ee\/en\/#website","url":"https:\/\/www.metropolspahotel.ee\/en\/","name":"Metropol Spa Hotel","description":"Metropol Hotels pakub unikaalset hotellielamust Tallinna uues linnas\u00fcdames. Ideaalne valik \u00e4ri-, konverentsi- v\u00f5i puhkusereisiks!","publisher":{"@id":"https:\/\/www.metropolspahotel.ee\/en\/#organization"},"alternateName":"Metropol Spa Hotel","potentialAction":[{"@type":"SearchAction","target":{"@type":"EntryPoint","urlTemplate":"https:\/\/www.metropolspahotel.ee\/en\/?s={search_term_string}"},"query-input":"required name=search_term_string"}],"inLanguage":"en-US"},{"@type":"Organization","@id":"https:\/\/www.metropolspahotel.ee\/en\/#organization","name":"Metropol Spa Hotel","alternateName":"Metropol Spa Hotel","url":"https:\/\/www.metropolspahotel.ee\/en\/","logo":{"@type":"ImageObject","inLanguage":"en-US","@id":"https:\/\/www.metropolspahotel.ee\/en\/#\/schema\/logo\/image\/","url":"https:\/\/www.metropolspahotel.ee\/wp-content\/uploads\/sites\/54\/2023\/08\/logo_metropol_spa_hotel_c.png","contentUrl":"https:\/\/www.metropolspahotel.ee\/wp-content\/uploads\/sites\/54\/2023\/08\/logo_metropol_spa_hotel_c.png","width":341,"height":115,"caption":"Metropol Spa Hotel"},"image":{"@id":"https:\/\/www.metropolspahotel.ee\/en\/#\/schema\/logo\/image\/"},"sameAs":["https:\/\/www.facebook.com\/MetropolSpaHotel\/"]}]}},"acf":[],"_links":{"self":[{"href":"https:\/\/www.metropolspahotel.ee\/en\/wp-json\/wp\/v2\/pages\/24"}],"collection":[{"href":"https:\/\/www.metropolspahotel.ee\/en\/wp-json\/wp\/v2\/pages"}],"about":[{"href":"https:\/\/www.metropolspahotel.ee\/en\/wp-json\/wp\/v2\/types\/page"}],"author":[{"embeddable":true,"href":"https:\/\/www.metropolspahotel.ee\/en\/wp-json\/wp\/v2\/users\/11"}],"replies":[{"embeddable":true,"href":"https:\/\/www.metropolspahotel.ee\/en\/wp-json\/wp\/v2\/comments?post=24"}],"version-history":[{"count":0,"href":"https:\/\/www.metropolspahotel.ee\/en\/wp-json\/wp\/v2\/pages\/24\/revisions"}],"up":[{"embeddable":true,"href":"https:\/\/www.metropolspahotel.ee\/en\/wp-json\/wp\/v2\/pages\/11"}],"wp:attachment":[{"href":"https:\/\/www.metropolspahotel.ee\/en\/wp-json\/wp\/v2\/media?parent=24"}],"curies":[{"name":"wp","href":"https:\/\/api.w.org\/{rel}","templated":true}]}}