{"id":32,"date":"2023-07-18T16:29:16","date_gmt":"2023-07-18T16:29:16","guid":{"rendered":"https:\/\/hotelmetropolspa.ms2.decms.eu\/hotel-rooms-in-the-spa-hotel\/delux-toad\/"},"modified":"2024-12-19T09:50:32","modified_gmt":"2024-12-19T09:50:32","slug":"deluxe-rooms","status":"publish","type":"page","link":"https:\/\/www.metropolspahotel.ee\/en\/hotel-rooms-in-the-spa-hotel\/deluxe-rooms\/","title":{"rendered":"Deluxe rooms"},"content":{"rendered":"<p><em>Deluxe<\/em> rooms are ideal for business and leisure travellers seeking something truly exceptional.<\/p>\n<p>Measuring 28 \u33a1, each room comes with its own private balcony, offering enchanting views over the main square in the Rotermann Quarter.<\/p>\n","protected":false},"excerpt":{"rendered":"<p>Deluxe rooms are ideal for business and leisure travellers seeking something truly exceptional. Measuring 28 \u33a1, each room comes with its own private balcony, offering enchanting views over the main square in the Rotermann Quarter.<\/p>\n","protected":false},"author":11,"featured_media":0,"parent":11,"menu_order":14,"comment_status":"closed","ping_status":"closed","template":"template-single-room.php","meta":{"footnotes":""},"class_list":["post-32","page","type-page","status-publish","hentry"],"yoast_head":"<!-- This site is optimized with the Yoast SEO plugin v27.3 - https:\/\/yoast.com\/product\/yoast-seo-wordpress\/ -->\n<title>Deluxe rooms | Metropol Spa Hotel in Tallinn<\/title>\n<meta name=\"description\" content=\"Our Deluxe rooms offer the perfect retreat for both business and leisure travelers seeking a truly wonderful experience.\" \/>\n<meta name=\"robots\" content=\"index, follow, max-snippet:-1, max-image-preview:large, max-video-preview:-1\" \/>\n<link rel=\"canonical\" href=\"https:\/\/www.metropolspahotel.ee\/en\/hotel-rooms-in-the-spa-hotel\/deluxe-rooms\/\" \/>\n<meta property=\"og:locale\" content=\"en_US\" \/>\n<meta property=\"og:type\" content=\"article\" \/>\n<meta property=\"og:title\" content=\"Deluxe rooms | Metropol Spa Hotel in Tallinn\" \/>\n<meta property=\"og:description\" content=\"Our Deluxe rooms offer the perfect retreat for both business and leisure travelers seeking a truly wonderful experience.\" \/>\n<meta property=\"og:url\" content=\"https:\/\/www.metropolspahotel.ee\/en\/hotel-rooms-in-the-spa-hotel\/deluxe-rooms\/\" \/>\n<meta property=\"og:site_name\" content=\"Metropol Spa Hotel\" \/>\n<meta property=\"article:publisher\" content=\"https:\/\/www.facebook.com\/MetropolSpaHotel\/\" \/>\n<meta property=\"article:modified_time\" content=\"2024-12-19T09:50:32+00:00\" \/>\n<meta property=\"og:image\" content=\"https:\/\/www.metropolspahotel.ee\/wp-content\/uploads\/sites\/54\/2023\/09\/metropole_spa_hotel_gallery_37.jpg\" \/>\n\t<meta property=\"og:image:width\" content=\"1200\" \/>\n\t<meta property=\"og:image:height\" content=\"800\" \/>\n\t<meta property=\"og:image:type\" content=\"image\/jpeg\" \/>\n<meta name=\"twitter:card\" content=\"summary_large_image\" \/>\n<meta name=\"twitter:label1\" content=\"Est. reading time\" \/>\n\t<meta name=\"twitter:data1\" content=\"1 minute\" \/>\n<script type=\"application\/ld+json\" class=\"yoast-schema-graph\">{\"@context\":\"https:\\\/\\\/schema.org\",\"@graph\":[{\"@type\":\"WebPage\",\"@id\":\"https:\\\/\\\/www.metropolspahotel.ee\\\/en\\\/hotel-rooms-in-the-spa-hotel\\\/deluxe-rooms\\\/\",\"url\":\"https:\\\/\\\/www.metropolspahotel.ee\\\/en\\\/hotel-rooms-in-the-spa-hotel\\\/deluxe-rooms\\\/\",\"name\":\"Deluxe rooms | Metropol Spa Hotel in Tallinn\",\"isPartOf\":{\"@id\":\"https:\\\/\\\/www.metropolspahotel.ee\\\/en\\\/#website\"},\"datePublished\":\"2023-07-18T16:29:16+00:00\",\"dateModified\":\"2024-12-19T09:50:32+00:00\",\"description\":\"Our Deluxe rooms offer the perfect retreat for both business and leisure travelers seeking a truly wonderful experience.\",\"breadcrumb\":{\"@id\":\"https:\\\/\\\/www.metropolspahotel.ee\\\/en\\\/hotel-rooms-in-the-spa-hotel\\\/deluxe-rooms\\\/#breadcrumb\"},\"inLanguage\":\"en-US\",\"potentialAction\":[{\"@type\":\"ReadAction\",\"target\":[\"https:\\\/\\\/www.metropolspahotel.ee\\\/en\\\/hotel-rooms-in-the-spa-hotel\\\/deluxe-rooms\\\/\"]}]},{\"@type\":\"BreadcrumbList\",\"@id\":\"https:\\\/\\\/www.metropolspahotel.ee\\\/en\\\/hotel-rooms-in-the-spa-hotel\\\/deluxe-rooms\\\/#breadcrumb\",\"itemListElement\":[{\"@type\":\"ListItem\",\"position\":1,\"name\":\"Home\",\"item\":\"https:\\\/\\\/www.metropolspahotel.ee\\\/en\\\/\"},{\"@type\":\"ListItem\",\"position\":2,\"name\":\"Hotel rooms in the spa hotel\",\"item\":\"https:\\\/\\\/www.metropolspahotel.ee\\\/en\\\/hotel-rooms-in-the-spa-hotel\\\/\"},{\"@type\":\"ListItem\",\"position\":3,\"name\":\"Deluxe rooms\"}]},{\"@type\":\"WebSite\",\"@id\":\"https:\\\/\\\/www.metropolspahotel.ee\\\/en\\\/#website\",\"url\":\"https:\\\/\\\/www.metropolspahotel.ee\\\/en\\\/\",\"name\":\"Metropol Spa Hotel\",\"description\":\"Metropol Hotels pakub unikaalset hotellielamust Tallinna uues linnas\u00fcdames. Ideaalne valik \u00e4ri-, konverentsi- v\u00f5i puhkusereisiks!\",\"publisher\":{\"@id\":\"https:\\\/\\\/www.metropolspahotel.ee\\\/en\\\/#organization\"},\"alternateName\":\"Metropol Spa Hotel\",\"potentialAction\":[{\"@type\":\"SearchAction\",\"target\":{\"@type\":\"EntryPoint\",\"urlTemplate\":\"https:\\\/\\\/www.metropolspahotel.ee\\\/en\\\/?s={search_term_string}\"},\"query-input\":{\"@type\":\"PropertyValueSpecification\",\"valueRequired\":true,\"valueName\":\"search_term_string\"}}],\"inLanguage\":\"en-US\"},{\"@type\":\"Organization\",\"@id\":\"https:\\\/\\\/www.metropolspahotel.ee\\\/en\\\/#organization\",\"name\":\"Metropol Spa Hotel\",\"alternateName\":\"Metropol Spa Hotel\",\"url\":\"https:\\\/\\\/www.metropolspahotel.ee\\\/en\\\/\",\"logo\":{\"@type\":\"ImageObject\",\"inLanguage\":\"en-US\",\"@id\":\"https:\\\/\\\/www.metropolspahotel.ee\\\/en\\\/#\\\/schema\\\/logo\\\/image\\\/\",\"url\":\"https:\\\/\\\/www.metropolspahotel.ee\\\/wp-content\\\/uploads\\\/sites\\\/54\\\/2023\\\/08\\\/logo_metropol_spa_hotel_c.png\",\"contentUrl\":\"https:\\\/\\\/www.metropolspahotel.ee\\\/wp-content\\\/uploads\\\/sites\\\/54\\\/2023\\\/08\\\/logo_metropol_spa_hotel_c.png\",\"width\":341,\"height\":115,\"caption\":\"Metropol Spa Hotel\"},\"image\":{\"@id\":\"https:\\\/\\\/www.metropolspahotel.ee\\\/en\\\/#\\\/schema\\\/logo\\\/image\\\/\"},\"sameAs\":[\"https:\\\/\\\/www.facebook.com\\\/MetropolSpaHotel\\\/\"]}]}<\/script>\n<!-- \/ Yoast SEO plugin. -->","yoast_head_json":{"title":"Deluxe rooms | Metropol Spa Hotel in Tallinn","description":"Our Deluxe rooms offer the perfect retreat for both business and leisure travelers seeking a truly wonderful experience.","robots":{"index":"index","follow":"follow","max-snippet":"max-snippet:-1","max-image-preview":"max-image-preview:large","max-video-preview":"max-video-preview:-1"},"canonical":"https:\/\/www.metropolspahotel.ee\/en\/hotel-rooms-in-the-spa-hotel\/deluxe-rooms\/","og_locale":"en_US","og_type":"article","og_title":"Deluxe rooms | Metropol Spa Hotel in Tallinn","og_description":"Our Deluxe rooms offer the perfect retreat for both business and leisure travelers seeking a truly wonderful experience.","og_url":"https:\/\/www.metropolspahotel.ee\/en\/hotel-rooms-in-the-spa-hotel\/deluxe-rooms\/","og_site_name":"Metropol Spa Hotel","article_publisher":"https:\/\/www.facebook.com\/MetropolSpaHotel\/","article_modified_time":"2024-12-19T09:50:32+00:00","og_image":[{"width":1200,"height":800,"url":"https:\/\/www.metropolspahotel.ee\/wp-content\/uploads\/sites\/54\/2023\/09\/metropole_spa_hotel_gallery_37.jpg","type":"image\/jpeg"}],"twitter_card":"summary_large_image","twitter_misc":{"Est. reading time":"1 minute"},"schema":{"@context":"https:\/\/schema.org","@graph":[{"@type":"WebPage","@id":"https:\/\/www.metropolspahotel.ee\/en\/hotel-rooms-in-the-spa-hotel\/deluxe-rooms\/","url":"https:\/\/www.metropolspahotel.ee\/en\/hotel-rooms-in-the-spa-hotel\/deluxe-rooms\/","name":"Deluxe rooms | Metropol Spa Hotel in Tallinn","isPartOf":{"@id":"https:\/\/www.metropolspahotel.ee\/en\/#website"},"datePublished":"2023-07-18T16:29:16+00:00","dateModified":"2024-12-19T09:50:32+00:00","description":"Our Deluxe rooms offer the perfect retreat for both business and leisure travelers seeking a truly wonderful experience.","breadcrumb":{"@id":"https:\/\/www.metropolspahotel.ee\/en\/hotel-rooms-in-the-spa-hotel\/deluxe-rooms\/#breadcrumb"},"inLanguage":"en-US","potentialAction":[{"@type":"ReadAction","target":["https:\/\/www.metropolspahotel.ee\/en\/hotel-rooms-in-the-spa-hotel\/deluxe-rooms\/"]}]},{"@type":"BreadcrumbList","@id":"https:\/\/www.metropolspahotel.ee\/en\/hotel-rooms-in-the-spa-hotel\/deluxe-rooms\/#breadcrumb","itemListElement":[{"@type":"ListItem","position":1,"name":"Home","item":"https:\/\/www.metropolspahotel.ee\/en\/"},{"@type":"ListItem","position":2,"name":"Hotel rooms in the spa hotel","item":"https:\/\/www.metropolspahotel.ee\/en\/hotel-rooms-in-the-spa-hotel\/"},{"@type":"ListItem","position":3,"name":"Deluxe rooms"}]},{"@type":"WebSite","@id":"https:\/\/www.metropolspahotel.ee\/en\/#website","url":"https:\/\/www.metropolspahotel.ee\/en\/","name":"Metropol Spa Hotel","description":"Metropol Hotels pakub unikaalset hotellielamust Tallinna uues linnas\u00fcdames. Ideaalne valik \u00e4ri-, konverentsi- v\u00f5i puhkusereisiks!","publisher":{"@id":"https:\/\/www.metropolspahotel.ee\/en\/#organization"},"alternateName":"Metropol Spa Hotel","potentialAction":[{"@type":"SearchAction","target":{"@type":"EntryPoint","urlTemplate":"https:\/\/www.metropolspahotel.ee\/en\/?s={search_term_string}"},"query-input":{"@type":"PropertyValueSpecification","valueRequired":true,"valueName":"search_term_string"}}],"inLanguage":"en-US"},{"@type":"Organization","@id":"https:\/\/www.metropolspahotel.ee\/en\/#organization","name":"Metropol Spa Hotel","alternateName":"Metropol Spa Hotel","url":"https:\/\/www.metropolspahotel.ee\/en\/","logo":{"@type":"ImageObject","inLanguage":"en-US","@id":"https:\/\/www.metropolspahotel.ee\/en\/#\/schema\/logo\/image\/","url":"https:\/\/www.metropolspahotel.ee\/wp-content\/uploads\/sites\/54\/2023\/08\/logo_metropol_spa_hotel_c.png","contentUrl":"https:\/\/www.metropolspahotel.ee\/wp-content\/uploads\/sites\/54\/2023\/08\/logo_metropol_spa_hotel_c.png","width":341,"height":115,"caption":"Metropol Spa Hotel"},"image":{"@id":"https:\/\/www.metropolspahotel.ee\/en\/#\/schema\/logo\/image\/"},"sameAs":["https:\/\/www.facebook.com\/MetropolSpaHotel\/"]}]}},"acf":[],"_links":{"self":[{"href":"https:\/\/www.metropolspahotel.ee\/en\/wp-json\/wp\/v2\/pages\/32","targetHints":{"allow":["GET"]}}],"collection":[{"href":"https:\/\/www.metropolspahotel.ee\/en\/wp-json\/wp\/v2\/pages"}],"about":[{"href":"https:\/\/www.metropolspahotel.ee\/en\/wp-json\/wp\/v2\/types\/page"}],"author":[{"embeddable":true,"href":"https:\/\/www.metropolspahotel.ee\/en\/wp-json\/wp\/v2\/users\/11"}],"replies":[{"embeddable":true,"href":"https:\/\/www.metropolspahotel.ee\/en\/wp-json\/wp\/v2\/comments?post=32"}],"version-history":[{"count":0,"href":"https:\/\/www.metropolspahotel.ee\/en\/wp-json\/wp\/v2\/pages\/32\/revisions"}],"up":[{"embeddable":true,"href":"https:\/\/www.metropolspahotel.ee\/en\/wp-json\/wp\/v2\/pages\/11"}],"wp:attachment":[{"href":"https:\/\/www.metropolspahotel.ee\/en\/wp-json\/wp\/v2\/media?parent=32"}],"curies":[{"name":"wp","href":"https:\/\/api.w.org\/{rel}","templated":true}]}}