{"id":970,"date":"2023-08-30T10:15:39","date_gmt":"2023-08-30T10:15:39","guid":{"rendered":"https:\/\/hotelmetropolspa.ms2.decms.eu\/mida-teha-tallinnas\/"},"modified":"2025-03-19T08:33:22","modified_gmt":"2025-03-19T08:33:22","slug":"wondering-what-to-do-in-tallinn","status":"publish","type":"page","link":"https:\/\/www.metropolspahotel.ee\/en\/wondering-what-to-do-in-tallinn\/","title":{"rendered":"Wondering what to do in Tallinn?"},"content":{"rendered":"<p style=\"text-align: center\">Metropol Spa Hotel is situated in a stylishly restored industrial quarter in the heart of the city, making it ideal for both holidaymakers and business travellers.<br \/>\nWhen you stay with us, you\u2019ll find there\u2019s no end of things to do in Tallinn: from here it\u2019s an easy stroll to the seaside, and the city\u2019s best shopping and the unique Old Town are just a stone\u2019s throw away. To get further afield, simply hop on a bus or tram, hire a scooter or rent a car.<\/p>\n<p style=\"text-align: center\">Here are some tips for things to discover in Tallinn.<\/p>\n","protected":false},"excerpt":{"rendered":"<p>Metropol Spa Hotel is situated in a stylishly restored industrial quarter in the heart of the city, making it ideal for both holidaymakers and business travellers. When you stay with us, you\u2019ll find there\u2019s no end of things to do in Tallinn: from here it\u2019s an easy stroll to the seaside, and the city\u2019s best [&hellip;]<\/p>\n","protected":false},"author":26,"featured_media":0,"parent":0,"menu_order":90,"comment_status":"closed","ping_status":"closed","template":"","meta":{"footnotes":""},"yoast_head":"<!-- This site is optimized with the Yoast SEO plugin v22.3 - https:\/\/yoast.com\/wordpress\/plugins\/seo\/ -->\n<title>Wondering what to do in Tallinn?<\/title>\n<meta name=\"description\" content=\"Metropol Spa Hotel is situated in a stylishly restored industrial quarter in the heart of the city, making it ideal for both holidaymakers and business travellers. When you stay with us, you\u2019ll find there\u2019s no end of things to do in Tallinn: from here it\u2019s an easy stroll to the seaside, and the city\u2019s best shopping and the unique Old Town are just a stone\u2019s throw away. To get further afield, simply hop on a bus or tram, hire a scooter or rent a car. Here are some tips for things to discover in Tallinn.\" \/>\n<meta name=\"robots\" content=\"index, follow, max-snippet:-1, max-image-preview:large, max-video-preview:-1\" \/>\n<link rel=\"canonical\" href=\"https:\/\/www.metropolspahotel.ee\/en\/wondering-what-to-do-in-tallinn\/\" \/>\n<meta property=\"og:locale\" content=\"en_US\" \/>\n<meta property=\"og:type\" content=\"article\" \/>\n<meta property=\"og:title\" content=\"Wondering what to do in Tallinn?\" \/>\n<meta property=\"og:description\" content=\"Metropol Spa Hotel is situated in a stylishly restored industrial quarter in the heart of the city, making it ideal for both holidaymakers and business travellers. When you stay with us, you\u2019ll find there\u2019s no end of things to do in Tallinn: from here it\u2019s an easy stroll to the seaside, and the city\u2019s best shopping and the unique Old Town are just a stone\u2019s throw away. To get further afield, simply hop on a bus or tram, hire a scooter or rent a car. Here are some tips for things to discover in Tallinn.\" \/>\n<meta property=\"og:url\" content=\"https:\/\/www.metropolspahotel.ee\/en\/wondering-what-to-do-in-tallinn\/\" \/>\n<meta property=\"og:site_name\" content=\"Metropol Spa Hotel\" \/>\n<meta property=\"article:publisher\" content=\"https:\/\/www.facebook.com\/MetropolSpaHotel\/\" \/>\n<meta property=\"article:modified_time\" content=\"2025-03-19T08:33:22+00:00\" \/>\n<meta property=\"og:image\" content=\"https:\/\/www.metropolspahotel.ee\/wp-content\/uploads\/sites\/54\/2023\/09\/metropole_spa_hotel_gallery_37.jpg\" \/>\n\t<meta property=\"og:image:width\" content=\"1200\" \/>\n\t<meta property=\"og:image:height\" content=\"800\" \/>\n\t<meta property=\"og:image:type\" content=\"image\/jpeg\" \/>\n<meta name=\"twitter:card\" content=\"summary_large_image\" \/>\n<meta name=\"twitter:label1\" content=\"Est. reading time\" \/>\n\t<meta name=\"twitter:data1\" content=\"1 minute\" \/>\n<script type=\"application\/ld+json\" class=\"yoast-schema-graph\">{\"@context\":\"https:\/\/schema.org\",\"@graph\":[{\"@type\":\"WebPage\",\"@id\":\"https:\/\/www.metropolspahotel.ee\/en\/wondering-what-to-do-in-tallinn\/\",\"url\":\"https:\/\/www.metropolspahotel.ee\/en\/wondering-what-to-do-in-tallinn\/\",\"name\":\"Wondering what to do in Tallinn?\",\"isPartOf\":{\"@id\":\"https:\/\/www.metropolspahotel.ee\/en\/#website\"},\"datePublished\":\"2023-08-30T10:15:39+00:00\",\"dateModified\":\"2025-03-19T08:33:22+00:00\",\"description\":\"Metropol Spa Hotel is situated in a stylishly restored industrial quarter in the heart of the city, making it ideal for both holidaymakers and business travellers. When you stay with us, you\u2019ll find there\u2019s no end of things to do in Tallinn: from here it\u2019s an easy stroll to the seaside, and the city\u2019s best shopping and the unique Old Town are just a stone\u2019s throw away. To get further afield, simply hop on a bus or tram, hire a scooter or rent a car. Here are some tips for things to discover in Tallinn.\",\"breadcrumb\":{\"@id\":\"https:\/\/www.metropolspahotel.ee\/en\/wondering-what-to-do-in-tallinn\/#breadcrumb\"},\"inLanguage\":\"en-US\",\"potentialAction\":[{\"@type\":\"ReadAction\",\"target\":[\"https:\/\/www.metropolspahotel.ee\/en\/wondering-what-to-do-in-tallinn\/\"]}]},{\"@type\":\"BreadcrumbList\",\"@id\":\"https:\/\/www.metropolspahotel.ee\/en\/wondering-what-to-do-in-tallinn\/#breadcrumb\",\"itemListElement\":[{\"@type\":\"ListItem\",\"position\":1,\"name\":\"Home\",\"item\":\"https:\/\/www.metropolspahotel.ee\/en\/\"},{\"@type\":\"ListItem\",\"position\":2,\"name\":\"Wondering what to do in Tallinn?\"}]},{\"@type\":\"WebSite\",\"@id\":\"https:\/\/www.metropolspahotel.ee\/en\/#website\",\"url\":\"https:\/\/www.metropolspahotel.ee\/en\/\",\"name\":\"Metropol Spa Hotel\",\"description\":\"Metropol Hotels pakub unikaalset hotellielamust Tallinna uues linnas\u00fcdames. Ideaalne valik \u00e4ri-, konverentsi- v\u00f5i puhkusereisiks!\",\"publisher\":{\"@id\":\"https:\/\/www.metropolspahotel.ee\/en\/#organization\"},\"alternateName\":\"Metropol Spa Hotel\",\"potentialAction\":[{\"@type\":\"SearchAction\",\"target\":{\"@type\":\"EntryPoint\",\"urlTemplate\":\"https:\/\/www.metropolspahotel.ee\/en\/?s={search_term_string}\"},\"query-input\":\"required name=search_term_string\"}],\"inLanguage\":\"en-US\"},{\"@type\":\"Organization\",\"@id\":\"https:\/\/www.metropolspahotel.ee\/en\/#organization\",\"name\":\"Metropol Spa Hotel\",\"alternateName\":\"Metropol Spa Hotel\",\"url\":\"https:\/\/www.metropolspahotel.ee\/en\/\",\"logo\":{\"@type\":\"ImageObject\",\"inLanguage\":\"en-US\",\"@id\":\"https:\/\/www.metropolspahotel.ee\/en\/#\/schema\/logo\/image\/\",\"url\":\"https:\/\/www.metropolspahotel.ee\/wp-content\/uploads\/sites\/54\/2023\/08\/logo_metropol_spa_hotel_c.png\",\"contentUrl\":\"https:\/\/www.metropolspahotel.ee\/wp-content\/uploads\/sites\/54\/2023\/08\/logo_metropol_spa_hotel_c.png\",\"width\":341,\"height\":115,\"caption\":\"Metropol Spa Hotel\"},\"image\":{\"@id\":\"https:\/\/www.metropolspahotel.ee\/en\/#\/schema\/logo\/image\/\"},\"sameAs\":[\"https:\/\/www.facebook.com\/MetropolSpaHotel\/\"]}]}<\/script>\n<!-- \/ Yoast SEO plugin. -->","yoast_head_json":{"title":"Wondering what to do in Tallinn?","description":"Metropol Spa Hotel is situated in a stylishly restored industrial quarter in the heart of the city, making it ideal for both holidaymakers and business travellers. When you stay with us, you\u2019ll find there\u2019s no end of things to do in Tallinn: from here it\u2019s an easy stroll to the seaside, and the city\u2019s best shopping and the unique Old Town are just a stone\u2019s throw away. To get further afield, simply hop on a bus or tram, hire a scooter or rent a car. Here are some tips for things to discover in Tallinn.","robots":{"index":"index","follow":"follow","max-snippet":"max-snippet:-1","max-image-preview":"max-image-preview:large","max-video-preview":"max-video-preview:-1"},"canonical":"https:\/\/www.metropolspahotel.ee\/en\/wondering-what-to-do-in-tallinn\/","og_locale":"en_US","og_type":"article","og_title":"Wondering what to do in Tallinn?","og_description":"Metropol Spa Hotel is situated in a stylishly restored industrial quarter in the heart of the city, making it ideal for both holidaymakers and business travellers. When you stay with us, you\u2019ll find there\u2019s no end of things to do in Tallinn: from here it\u2019s an easy stroll to the seaside, and the city\u2019s best shopping and the unique Old Town are just a stone\u2019s throw away. To get further afield, simply hop on a bus or tram, hire a scooter or rent a car. Here are some tips for things to discover in Tallinn.","og_url":"https:\/\/www.metropolspahotel.ee\/en\/wondering-what-to-do-in-tallinn\/","og_site_name":"Metropol Spa Hotel","article_publisher":"https:\/\/www.facebook.com\/MetropolSpaHotel\/","article_modified_time":"2025-03-19T08:33:22+00:00","og_image":[{"width":1200,"height":800,"url":"https:\/\/www.metropolspahotel.ee\/wp-content\/uploads\/sites\/54\/2023\/09\/metropole_spa_hotel_gallery_37.jpg","type":"image\/jpeg"}],"twitter_card":"summary_large_image","twitter_misc":{"Est. reading time":"1 minute"},"schema":{"@context":"https:\/\/schema.org","@graph":[{"@type":"WebPage","@id":"https:\/\/www.metropolspahotel.ee\/en\/wondering-what-to-do-in-tallinn\/","url":"https:\/\/www.metropolspahotel.ee\/en\/wondering-what-to-do-in-tallinn\/","name":"Wondering what to do in Tallinn?","isPartOf":{"@id":"https:\/\/www.metropolspahotel.ee\/en\/#website"},"datePublished":"2023-08-30T10:15:39+00:00","dateModified":"2025-03-19T08:33:22+00:00","description":"Metropol Spa Hotel is situated in a stylishly restored industrial quarter in the heart of the city, making it ideal for both holidaymakers and business travellers. When you stay with us, you\u2019ll find there\u2019s no end of things to do in Tallinn: from here it\u2019s an easy stroll to the seaside, and the city\u2019s best shopping and the unique Old Town are just a stone\u2019s throw away. To get further afield, simply hop on a bus or tram, hire a scooter or rent a car. Here are some tips for things to discover in Tallinn.","breadcrumb":{"@id":"https:\/\/www.metropolspahotel.ee\/en\/wondering-what-to-do-in-tallinn\/#breadcrumb"},"inLanguage":"en-US","potentialAction":[{"@type":"ReadAction","target":["https:\/\/www.metropolspahotel.ee\/en\/wondering-what-to-do-in-tallinn\/"]}]},{"@type":"BreadcrumbList","@id":"https:\/\/www.metropolspahotel.ee\/en\/wondering-what-to-do-in-tallinn\/#breadcrumb","itemListElement":[{"@type":"ListItem","position":1,"name":"Home","item":"https:\/\/www.metropolspahotel.ee\/en\/"},{"@type":"ListItem","position":2,"name":"Wondering what to do in Tallinn?"}]},{"@type":"WebSite","@id":"https:\/\/www.metropolspahotel.ee\/en\/#website","url":"https:\/\/www.metropolspahotel.ee\/en\/","name":"Metropol Spa Hotel","description":"Metropol Hotels pakub unikaalset hotellielamust Tallinna uues linnas\u00fcdames. Ideaalne valik \u00e4ri-, konverentsi- v\u00f5i puhkusereisiks!","publisher":{"@id":"https:\/\/www.metropolspahotel.ee\/en\/#organization"},"alternateName":"Metropol Spa Hotel","potentialAction":[{"@type":"SearchAction","target":{"@type":"EntryPoint","urlTemplate":"https:\/\/www.metropolspahotel.ee\/en\/?s={search_term_string}"},"query-input":"required name=search_term_string"}],"inLanguage":"en-US"},{"@type":"Organization","@id":"https:\/\/www.metropolspahotel.ee\/en\/#organization","name":"Metropol Spa Hotel","alternateName":"Metropol Spa Hotel","url":"https:\/\/www.metropolspahotel.ee\/en\/","logo":{"@type":"ImageObject","inLanguage":"en-US","@id":"https:\/\/www.metropolspahotel.ee\/en\/#\/schema\/logo\/image\/","url":"https:\/\/www.metropolspahotel.ee\/wp-content\/uploads\/sites\/54\/2023\/08\/logo_metropol_spa_hotel_c.png","contentUrl":"https:\/\/www.metropolspahotel.ee\/wp-content\/uploads\/sites\/54\/2023\/08\/logo_metropol_spa_hotel_c.png","width":341,"height":115,"caption":"Metropol Spa Hotel"},"image":{"@id":"https:\/\/www.metropolspahotel.ee\/en\/#\/schema\/logo\/image\/"},"sameAs":["https:\/\/www.facebook.com\/MetropolSpaHotel\/"]}]}},"acf":[],"_links":{"self":[{"href":"https:\/\/www.metropolspahotel.ee\/en\/wp-json\/wp\/v2\/pages\/970"}],"collection":[{"href":"https:\/\/www.metropolspahotel.ee\/en\/wp-json\/wp\/v2\/pages"}],"about":[{"href":"https:\/\/www.metropolspahotel.ee\/en\/wp-json\/wp\/v2\/types\/page"}],"author":[{"embeddable":true,"href":"https:\/\/www.metropolspahotel.ee\/en\/wp-json\/wp\/v2\/users\/26"}],"replies":[{"embeddable":true,"href":"https:\/\/www.metropolspahotel.ee\/en\/wp-json\/wp\/v2\/comments?post=970"}],"version-history":[{"count":0,"href":"https:\/\/www.metropolspahotel.ee\/en\/wp-json\/wp\/v2\/pages\/970\/revisions"}],"wp:attachment":[{"href":"https:\/\/www.metropolspahotel.ee\/en\/wp-json\/wp\/v2\/media?parent=970"}],"curies":[{"name":"wp","href":"https:\/\/api.w.org\/{rel}","templated":true}]}}