{"id":980,"date":"2023-08-29T10:22:28","date_gmt":"2023-08-29T10:22:28","guid":{"rendered":"https:\/\/hotelmetropolspa.ms2.decms.eu\/loogastuskeskus\/"},"modified":"2026-03-02T08:11:15","modified_gmt":"2026-03-02T08:11:15","slug":"our-wellness-centre","status":"publish","type":"page","link":"https:\/\/www.metropolspahotel.ee\/en\/our-wellness-centre\/","title":{"rendered":"Wellness"},"content":{"rendered":"<p style=\"text-align: center\">We welcome you to our relaxation center \u2013 a wide selection of wellness and beauty treatments, soft music, a stunning interior, carefully selected products, and highly qualified staff ensure your ultimate satisfaction.<\/p>\n<p style=\"text-align: center\">Try massage with hemp oil, spa pedicure combined with light therapy, deep cleansing facial and more. Enjoy the treatment that best suits you! Alternatively, book a time for a dual massage or dual pedicure with a friend or your partner.<\/p>\n<p style=\"text-align: center\">In addition to professional treatments, we offer a wide range of products for home care. Feel free to ask our therapists for advice.<\/p>\n<p style=\"text-align: center\">\n","protected":false},"excerpt":{"rendered":"<p>We welcome you to our relaxation center \u2013 a wide selection of wellness and beauty treatments, soft music, a stunning interior, carefully selected products, and highly qualified staff ensure your ultimate satisfaction. Try massage with hemp oil, spa pedicure combined with light therapy, deep cleansing facial and more. Enjoy the treatment that best suits you! [&hellip;]<\/p>\n","protected":false},"author":26,"featured_media":0,"parent":0,"menu_order":70,"comment_status":"closed","ping_status":"closed","template":"template-spa.php","meta":{"footnotes":""},"yoast_head":"<!-- This site is optimized with the Yoast SEO plugin v22.3 - https:\/\/yoast.com\/wordpress\/plugins\/seo\/ -->\n<title>Our wellness centre | Metropol Spa Hotell Tallinnas<\/title>\n<meta name=\"description\" content=\"We welcome you to our relaxation center \u2013 a wide selection of wellness and beauty treatments, soft music, a stunning interior, carefully selected products, and highly qualified staff ensure your ultimate satisfaction. Try massage with hemp oil, spa pedicure combined with light therapy, deep cleansing facial and more. Enjoy the treatment that best suits you! Alternatively, book a time for a dual massage or dual pedicure with a friend or your partner. In addition to professional treatments, we offer a wide range of products for home care\" \/>\n<meta name=\"robots\" content=\"index, follow, max-snippet:-1, max-image-preview:large, max-video-preview:-1\" \/>\n<link rel=\"canonical\" href=\"https:\/\/www.metropolspahotel.ee\/en\/our-wellness-centre\/\" \/>\n<meta property=\"og:locale\" content=\"en_US\" \/>\n<meta property=\"og:type\" content=\"article\" \/>\n<meta property=\"og:title\" content=\"Our wellness centre | Metropol Spa Hotell Tallinnas\" \/>\n<meta property=\"og:description\" content=\"We welcome you to our relaxation center \u2013 a wide selection of wellness and beauty treatments, soft music, a stunning interior, carefully selected products, and highly qualified staff ensure your ultimate satisfaction. Try massage with hemp oil, spa pedicure combined with light therapy, deep cleansing facial and more. Enjoy the treatment that best suits you! Alternatively, book a time for a dual massage or dual pedicure with a friend or your partner. In addition to professional treatments, we offer a wide range of products for home care\" \/>\n<meta property=\"og:url\" content=\"https:\/\/www.metropolspahotel.ee\/en\/our-wellness-centre\/\" \/>\n<meta property=\"og:site_name\" content=\"Metropol Spa Hotel\" \/>\n<meta property=\"article:publisher\" content=\"https:\/\/www.facebook.com\/MetropolSpaHotel\/\" \/>\n<meta property=\"article:modified_time\" content=\"2026-03-02T08:11:15+00:00\" \/>\n<meta property=\"og:image\" content=\"https:\/\/www.metropolspahotel.ee\/wp-content\/uploads\/sites\/54\/2023\/09\/metropole_spa_hotel_gallery_37.jpg\" \/>\n\t<meta property=\"og:image:width\" content=\"1200\" \/>\n\t<meta property=\"og:image:height\" content=\"800\" \/>\n\t<meta property=\"og:image:type\" content=\"image\/jpeg\" \/>\n<meta name=\"twitter:card\" content=\"summary_large_image\" \/>\n<meta name=\"twitter:label1\" content=\"Est. reading time\" \/>\n\t<meta name=\"twitter:data1\" content=\"1 minute\" \/>\n<script type=\"application\/ld+json\" class=\"yoast-schema-graph\">{\"@context\":\"https:\/\/schema.org\",\"@graph\":[{\"@type\":\"WebPage\",\"@id\":\"https:\/\/www.metropolspahotel.ee\/en\/our-wellness-centre\/\",\"url\":\"https:\/\/www.metropolspahotel.ee\/en\/our-wellness-centre\/\",\"name\":\"Our wellness centre | Metropol Spa Hotell Tallinnas\",\"isPartOf\":{\"@id\":\"https:\/\/www.metropolspahotel.ee\/en\/#website\"},\"datePublished\":\"2023-08-29T10:22:28+00:00\",\"dateModified\":\"2026-03-02T08:11:15+00:00\",\"description\":\"We welcome you to our relaxation center \u2013 a wide selection of wellness and beauty treatments, soft music, a stunning interior, carefully selected products, and highly qualified staff ensure your ultimate satisfaction. Try massage with hemp oil, spa pedicure combined with light therapy, deep cleansing facial and more. Enjoy the treatment that best suits you! Alternatively, book a time for a dual massage or dual pedicure with a friend or your partner. In addition to professional treatments, we offer a wide range of products for home care\",\"breadcrumb\":{\"@id\":\"https:\/\/www.metropolspahotel.ee\/en\/our-wellness-centre\/#breadcrumb\"},\"inLanguage\":\"en-US\",\"potentialAction\":[{\"@type\":\"ReadAction\",\"target\":[\"https:\/\/www.metropolspahotel.ee\/en\/our-wellness-centre\/\"]}]},{\"@type\":\"BreadcrumbList\",\"@id\":\"https:\/\/www.metropolspahotel.ee\/en\/our-wellness-centre\/#breadcrumb\",\"itemListElement\":[{\"@type\":\"ListItem\",\"position\":1,\"name\":\"Home\",\"item\":\"https:\/\/www.metropolspahotel.ee\/en\/\"},{\"@type\":\"ListItem\",\"position\":2,\"name\":\"Wellness\"}]},{\"@type\":\"WebSite\",\"@id\":\"https:\/\/www.metropolspahotel.ee\/en\/#website\",\"url\":\"https:\/\/www.metropolspahotel.ee\/en\/\",\"name\":\"Metropol Spa Hotel\",\"description\":\"Metropol Hotels pakub unikaalset hotellielamust Tallinna uues linnas\u00fcdames. Ideaalne valik \u00e4ri-, konverentsi- v\u00f5i puhkusereisiks!\",\"publisher\":{\"@id\":\"https:\/\/www.metropolspahotel.ee\/en\/#organization\"},\"alternateName\":\"Metropol Spa Hotel\",\"potentialAction\":[{\"@type\":\"SearchAction\",\"target\":{\"@type\":\"EntryPoint\",\"urlTemplate\":\"https:\/\/www.metropolspahotel.ee\/en\/?s={search_term_string}\"},\"query-input\":\"required name=search_term_string\"}],\"inLanguage\":\"en-US\"},{\"@type\":\"Organization\",\"@id\":\"https:\/\/www.metropolspahotel.ee\/en\/#organization\",\"name\":\"Metropol Spa Hotel\",\"alternateName\":\"Metropol Spa Hotel\",\"url\":\"https:\/\/www.metropolspahotel.ee\/en\/\",\"logo\":{\"@type\":\"ImageObject\",\"inLanguage\":\"en-US\",\"@id\":\"https:\/\/www.metropolspahotel.ee\/en\/#\/schema\/logo\/image\/\",\"url\":\"https:\/\/www.metropolspahotel.ee\/wp-content\/uploads\/sites\/54\/2023\/08\/logo_metropol_spa_hotel_c.png\",\"contentUrl\":\"https:\/\/www.metropolspahotel.ee\/wp-content\/uploads\/sites\/54\/2023\/08\/logo_metropol_spa_hotel_c.png\",\"width\":341,\"height\":115,\"caption\":\"Metropol Spa Hotel\"},\"image\":{\"@id\":\"https:\/\/www.metropolspahotel.ee\/en\/#\/schema\/logo\/image\/\"},\"sameAs\":[\"https:\/\/www.facebook.com\/MetropolSpaHotel\/\"]}]}<\/script>\n<!-- \/ Yoast SEO plugin. -->","yoast_head_json":{"title":"Our wellness centre | Metropol Spa Hotell Tallinnas","description":"We welcome you to our relaxation center \u2013 a wide selection of wellness and beauty treatments, soft music, a stunning interior, carefully selected products, and highly qualified staff ensure your ultimate satisfaction. Try massage with hemp oil, spa pedicure combined with light therapy, deep cleansing facial and more. Enjoy the treatment that best suits you! Alternatively, book a time for a dual massage or dual pedicure with a friend or your partner. In addition to professional treatments, we offer a wide range of products for home care","robots":{"index":"index","follow":"follow","max-snippet":"max-snippet:-1","max-image-preview":"max-image-preview:large","max-video-preview":"max-video-preview:-1"},"canonical":"https:\/\/www.metropolspahotel.ee\/en\/our-wellness-centre\/","og_locale":"en_US","og_type":"article","og_title":"Our wellness centre | Metropol Spa Hotell Tallinnas","og_description":"We welcome you to our relaxation center \u2013 a wide selection of wellness and beauty treatments, soft music, a stunning interior, carefully selected products, and highly qualified staff ensure your ultimate satisfaction. Try massage with hemp oil, spa pedicure combined with light therapy, deep cleansing facial and more. Enjoy the treatment that best suits you! Alternatively, book a time for a dual massage or dual pedicure with a friend or your partner. In addition to professional treatments, we offer a wide range of products for home care","og_url":"https:\/\/www.metropolspahotel.ee\/en\/our-wellness-centre\/","og_site_name":"Metropol Spa Hotel","article_publisher":"https:\/\/www.facebook.com\/MetropolSpaHotel\/","article_modified_time":"2026-03-02T08:11:15+00:00","og_image":[{"width":1200,"height":800,"url":"https:\/\/www.metropolspahotel.ee\/wp-content\/uploads\/sites\/54\/2023\/09\/metropole_spa_hotel_gallery_37.jpg","type":"image\/jpeg"}],"twitter_card":"summary_large_image","twitter_misc":{"Est. reading time":"1 minute"},"schema":{"@context":"https:\/\/schema.org","@graph":[{"@type":"WebPage","@id":"https:\/\/www.metropolspahotel.ee\/en\/our-wellness-centre\/","url":"https:\/\/www.metropolspahotel.ee\/en\/our-wellness-centre\/","name":"Our wellness centre | Metropol Spa Hotell Tallinnas","isPartOf":{"@id":"https:\/\/www.metropolspahotel.ee\/en\/#website"},"datePublished":"2023-08-29T10:22:28+00:00","dateModified":"2026-03-02T08:11:15+00:00","description":"We welcome you to our relaxation center \u2013 a wide selection of wellness and beauty treatments, soft music, a stunning interior, carefully selected products, and highly qualified staff ensure your ultimate satisfaction. Try massage with hemp oil, spa pedicure combined with light therapy, deep cleansing facial and more. Enjoy the treatment that best suits you! Alternatively, book a time for a dual massage or dual pedicure with a friend or your partner. In addition to professional treatments, we offer a wide range of products for home care","breadcrumb":{"@id":"https:\/\/www.metropolspahotel.ee\/en\/our-wellness-centre\/#breadcrumb"},"inLanguage":"en-US","potentialAction":[{"@type":"ReadAction","target":["https:\/\/www.metropolspahotel.ee\/en\/our-wellness-centre\/"]}]},{"@type":"BreadcrumbList","@id":"https:\/\/www.metropolspahotel.ee\/en\/our-wellness-centre\/#breadcrumb","itemListElement":[{"@type":"ListItem","position":1,"name":"Home","item":"https:\/\/www.metropolspahotel.ee\/en\/"},{"@type":"ListItem","position":2,"name":"Wellness"}]},{"@type":"WebSite","@id":"https:\/\/www.metropolspahotel.ee\/en\/#website","url":"https:\/\/www.metropolspahotel.ee\/en\/","name":"Metropol Spa Hotel","description":"Metropol Hotels pakub unikaalset hotellielamust Tallinna uues linnas\u00fcdames. Ideaalne valik \u00e4ri-, konverentsi- v\u00f5i puhkusereisiks!","publisher":{"@id":"https:\/\/www.metropolspahotel.ee\/en\/#organization"},"alternateName":"Metropol Spa Hotel","potentialAction":[{"@type":"SearchAction","target":{"@type":"EntryPoint","urlTemplate":"https:\/\/www.metropolspahotel.ee\/en\/?s={search_term_string}"},"query-input":"required name=search_term_string"}],"inLanguage":"en-US"},{"@type":"Organization","@id":"https:\/\/www.metropolspahotel.ee\/en\/#organization","name":"Metropol Spa Hotel","alternateName":"Metropol Spa Hotel","url":"https:\/\/www.metropolspahotel.ee\/en\/","logo":{"@type":"ImageObject","inLanguage":"en-US","@id":"https:\/\/www.metropolspahotel.ee\/en\/#\/schema\/logo\/image\/","url":"https:\/\/www.metropolspahotel.ee\/wp-content\/uploads\/sites\/54\/2023\/08\/logo_metropol_spa_hotel_c.png","contentUrl":"https:\/\/www.metropolspahotel.ee\/wp-content\/uploads\/sites\/54\/2023\/08\/logo_metropol_spa_hotel_c.png","width":341,"height":115,"caption":"Metropol Spa Hotel"},"image":{"@id":"https:\/\/www.metropolspahotel.ee\/en\/#\/schema\/logo\/image\/"},"sameAs":["https:\/\/www.facebook.com\/MetropolSpaHotel\/"]}]}},"acf":[],"_links":{"self":[{"href":"https:\/\/www.metropolspahotel.ee\/en\/wp-json\/wp\/v2\/pages\/980"}],"collection":[{"href":"https:\/\/www.metropolspahotel.ee\/en\/wp-json\/wp\/v2\/pages"}],"about":[{"href":"https:\/\/www.metropolspahotel.ee\/en\/wp-json\/wp\/v2\/types\/page"}],"author":[{"embeddable":true,"href":"https:\/\/www.metropolspahotel.ee\/en\/wp-json\/wp\/v2\/users\/26"}],"replies":[{"embeddable":true,"href":"https:\/\/www.metropolspahotel.ee\/en\/wp-json\/wp\/v2\/comments?post=980"}],"version-history":[{"count":0,"href":"https:\/\/www.metropolspahotel.ee\/en\/wp-json\/wp\/v2\/pages\/980\/revisions"}],"wp:attachment":[{"href":"https:\/\/www.metropolspahotel.ee\/en\/wp-json\/wp\/v2\/media?parent=980"}],"curies":[{"name":"wp","href":"https:\/\/api.w.org\/{rel}","templated":true}]}}