{"id":1063,"date":"2023-08-29T14:37:33","date_gmt":"2023-08-29T14:37:33","guid":{"rendered":"https:\/\/hotelmetropolspa.ms2.decms.eu\/vota-meiega-uhendust\/"},"modified":"2025-03-17T10:55:49","modified_gmt":"2025-03-17T10:55:49","slug":"ota-meihin-yhteytta","status":"publish","type":"page","link":"https:\/\/www.metropolspahotel.ee\/fi\/ota-meihin-yhteytta\/","title":{"rendered":"Ota meihin yhteytt\u00e4"},"content":{"rendered":"<h2 style=\"text-align: center\"><a href=\"https:\/\/www.facebook.com\/Metropolspahotel\"><img loading=\"lazy\" decoding=\"async\" class=\"alignnone wp-image-1500\" src=\"https:\/\/hotelmetropolspa.ms2.decms.eu\/wp-content\/uploads\/sites\/54\/2025\/03\/follow-us-FB-300x150.png\" alt=\"\" width=\"190\" height=\"95\" srcset=\"https:\/\/www.metropolspahotel.ee\/wp-content\/uploads\/sites\/54\/2025\/03\/follow-us-FB-300x150.png 300w, https:\/\/www.metropolspahotel.ee\/wp-content\/uploads\/sites\/54\/2025\/03\/follow-us-FB-768x384.png 768w, https:\/\/www.metropolspahotel.ee\/wp-content\/uploads\/sites\/54\/2025\/03\/follow-us-FB-600x300.png 600w, https:\/\/www.metropolspahotel.ee\/wp-content\/uploads\/sites\/54\/2025\/03\/follow-us-FB.png 800w\" sizes=\"(max-width: 190px) 100vw, 190px\" \/><\/a><a href=\"https:\/\/www.instagram.com\/metropolspahotel\/\"><img loading=\"lazy\" decoding=\"async\" class=\"alignnone wp-image-1503\" src=\"https:\/\/hotelmetropolspa.ms2.decms.eu\/wp-content\/uploads\/sites\/54\/2025\/03\/Untitled-design-300x150.png\" alt=\"\" width=\"196\" height=\"98\" srcset=\"https:\/\/www.metropolspahotel.ee\/wp-content\/uploads\/sites\/54\/2025\/03\/Untitled-design-300x150.png 300w, https:\/\/www.metropolspahotel.ee\/wp-content\/uploads\/sites\/54\/2025\/03\/Untitled-design-768x384.png 768w, https:\/\/www.metropolspahotel.ee\/wp-content\/uploads\/sites\/54\/2025\/03\/Untitled-design-600x300.png 600w, https:\/\/www.metropolspahotel.ee\/wp-content\/uploads\/sites\/54\/2025\/03\/Untitled-design.png 800w\" sizes=\"(max-width: 196px) 100vw, 196px\" \/><\/a> <a href=\"http:\/\/linkedin.com\/company\/metropol-spa-hotel\"><img loading=\"lazy\" decoding=\"async\" class=\"alignnone wp-image-1502\" src=\"https:\/\/hotelmetropolspa.ms2.decms.eu\/wp-content\/uploads\/sites\/54\/2025\/03\/follow-us-LinkedIn-300x150.png\" alt=\"\" width=\"192\" height=\"96\" srcset=\"https:\/\/www.metropolspahotel.ee\/wp-content\/uploads\/sites\/54\/2025\/03\/follow-us-LinkedIn-300x150.png 300w, https:\/\/www.metropolspahotel.ee\/wp-content\/uploads\/sites\/54\/2025\/03\/follow-us-LinkedIn-768x384.png 768w, https:\/\/www.metropolspahotel.ee\/wp-content\/uploads\/sites\/54\/2025\/03\/follow-us-LinkedIn-600x300.png 600w, https:\/\/www.metropolspahotel.ee\/wp-content\/uploads\/sites\/54\/2025\/03\/follow-us-LinkedIn.png 800w\" sizes=\"(max-width: 192px) 100vw, 192px\" \/><\/a><\/h2>\n<h2 style=\"text-align: center\"><\/h2>\n<p style=\"text-align: center\">Jos sinulla on kysytt\u00e4v\u00e4\u00e4 tai haluat vain lis\u00e4tietoja, ota meihin yhteytt\u00e4.<\/p>\n<p style=\"text-align: center\">* * *<\/p>\n<p style=\"text-align: center\"><strong>HAVELI INVEST O\u00dc<\/strong><br \/>\nreg.kood: 10545025<br \/>\nKMKR nr: EE100537020<br \/>\nOsoite: Roseni 13, Tallinn, Estonia<\/p>\n<p style=\"text-align: center\"><span style=\"vertical-align: inherit\">\u00a0<\/span><\/p>\n","protected":false},"excerpt":{"rendered":"<p>Jos sinulla on kysytt\u00e4v\u00e4\u00e4 tai haluat vain lis\u00e4tietoja, ota meihin yhteytt\u00e4. * * * HAVELI INVEST O\u00dc reg.kood: 10545025 KMKR nr: EE100537020 Osoite: Roseni 13, Tallinn, Estonia \u00a0<\/p>\n","protected":false},"author":26,"featured_media":0,"parent":0,"menu_order":120,"comment_status":"closed","ping_status":"closed","template":"template-contacts.php","meta":{"footnotes":""},"yoast_head":"<!-- This site is optimized with the Yoast SEO plugin v22.3 - https:\/\/yoast.com\/wordpress\/plugins\/seo\/ -->\n<title>Ota meihin yhteytt\u00e4 | Metropol Spa Hotel Tallinnassa<\/title>\n<meta name=\"description\" content=\"Jos sinulla on kysytt\u00e4v\u00e4\u00e4 tai haluat vain lis\u00e4tietoja, ota meihin yhteytt\u00e4.\" \/>\n<meta name=\"robots\" content=\"index, follow, max-snippet:-1, max-image-preview:large, max-video-preview:-1\" \/>\n<link rel=\"canonical\" href=\"https:\/\/www.metropolspahotel.ee\/fi\/ota-meihin-yhteytta\/\" \/>\n<meta property=\"og:locale\" content=\"fi_FI\" \/>\n<meta property=\"og:type\" content=\"article\" \/>\n<meta property=\"og:title\" content=\"Ota meihin yhteytt\u00e4 | Metropol Spa Hotel Tallinnassa\" \/>\n<meta property=\"og:description\" content=\"Jos sinulla on kysytt\u00e4v\u00e4\u00e4 tai haluat vain lis\u00e4tietoja, ota meihin yhteytt\u00e4.\" \/>\n<meta property=\"og:url\" content=\"https:\/\/www.metropolspahotel.ee\/fi\/ota-meihin-yhteytta\/\" \/>\n<meta property=\"og:site_name\" content=\"Metropol Spa Hotel\" \/>\n<meta property=\"article:publisher\" content=\"https:\/\/www.facebook.com\/MetropolSpaHotel\/\" \/>\n<meta property=\"article:modified_time\" content=\"2025-03-17T10:55:49+00:00\" \/>\n<meta property=\"og:image\" content=\"https:\/\/hotelmetropolspa.ms2.decms.eu\/wp-content\/uploads\/sites\/54\/2025\/03\/follow-us-FB-300x150.png\" \/>\n<meta name=\"twitter:card\" content=\"summary_large_image\" \/>\n<meta name=\"twitter:label1\" content=\"Arvioitu lukuaika\" \/>\n\t<meta name=\"twitter:data1\" content=\"1 minuutti\" \/>\n<script type=\"application\/ld+json\" class=\"yoast-schema-graph\">{\"@context\":\"https:\/\/schema.org\",\"@graph\":[{\"@type\":\"WebPage\",\"@id\":\"https:\/\/www.metropolspahotel.ee\/fi\/ota-meihin-yhteytta\/\",\"url\":\"https:\/\/www.metropolspahotel.ee\/fi\/ota-meihin-yhteytta\/\",\"name\":\"Ota meihin yhteytt\u00e4 | Metropol Spa Hotel Tallinnassa\",\"isPartOf\":{\"@id\":\"https:\/\/www.metropolspahotel.ee\/fi\/#website\"},\"primaryImageOfPage\":{\"@id\":\"https:\/\/www.metropolspahotel.ee\/fi\/ota-meihin-yhteytta\/#primaryimage\"},\"image\":{\"@id\":\"https:\/\/www.metropolspahotel.ee\/fi\/ota-meihin-yhteytta\/#primaryimage\"},\"thumbnailUrl\":\"https:\/\/hotelmetropolspa.ms2.decms.eu\/wp-content\/uploads\/sites\/54\/2025\/03\/follow-us-FB-300x150.png\",\"datePublished\":\"2023-08-29T14:37:33+00:00\",\"dateModified\":\"2025-03-17T10:55:49+00:00\",\"description\":\"Jos sinulla on kysytt\u00e4v\u00e4\u00e4 tai haluat vain lis\u00e4tietoja, ota meihin yhteytt\u00e4.\",\"breadcrumb\":{\"@id\":\"https:\/\/www.metropolspahotel.ee\/fi\/ota-meihin-yhteytta\/#breadcrumb\"},\"inLanguage\":\"fi\",\"potentialAction\":[{\"@type\":\"ReadAction\",\"target\":[\"https:\/\/www.metropolspahotel.ee\/fi\/ota-meihin-yhteytta\/\"]}]},{\"@type\":\"ImageObject\",\"inLanguage\":\"fi\",\"@id\":\"https:\/\/www.metropolspahotel.ee\/fi\/ota-meihin-yhteytta\/#primaryimage\",\"url\":\"https:\/\/www.metropolspahotel.ee\/wp-content\/uploads\/sites\/54\/2025\/03\/follow-us-FB.png\",\"contentUrl\":\"https:\/\/www.metropolspahotel.ee\/wp-content\/uploads\/sites\/54\/2025\/03\/follow-us-FB.png\",\"width\":800,\"height\":400},{\"@type\":\"BreadcrumbList\",\"@id\":\"https:\/\/www.metropolspahotel.ee\/fi\/ota-meihin-yhteytta\/#breadcrumb\",\"itemListElement\":[{\"@type\":\"ListItem\",\"position\":1,\"name\":\"Home\",\"item\":\"https:\/\/www.metropolspahotel.ee\/fi\/\"},{\"@type\":\"ListItem\",\"position\":2,\"name\":\"Ota meihin yhteytt\u00e4\"}]},{\"@type\":\"WebSite\",\"@id\":\"https:\/\/www.metropolspahotel.ee\/fi\/#website\",\"url\":\"https:\/\/www.metropolspahotel.ee\/fi\/\",\"name\":\"Metropol Spa Hotel\",\"description\":\"Metropol Hotels pakub unikaalset hotellielamust Tallinna uues linnas\u00fcdames. Ideaalne valik \u00e4ri-, konverentsi- v\u00f5i puhkusereisiks!\",\"publisher\":{\"@id\":\"https:\/\/www.metropolspahotel.ee\/fi\/#organization\"},\"alternateName\":\"Metropol Spa Hotel\",\"potentialAction\":[{\"@type\":\"SearchAction\",\"target\":{\"@type\":\"EntryPoint\",\"urlTemplate\":\"https:\/\/www.metropolspahotel.ee\/fi\/?s={search_term_string}\"},\"query-input\":\"required name=search_term_string\"}],\"inLanguage\":\"fi\"},{\"@type\":\"Organization\",\"@id\":\"https:\/\/www.metropolspahotel.ee\/fi\/#organization\",\"name\":\"Metropol Spa Hotel\",\"alternateName\":\"Metropol Spa Hotel\",\"url\":\"https:\/\/www.metropolspahotel.ee\/fi\/\",\"logo\":{\"@type\":\"ImageObject\",\"inLanguage\":\"fi\",\"@id\":\"https:\/\/www.metropolspahotel.ee\/fi\/#\/schema\/logo\/image\/\",\"url\":\"https:\/\/www.metropolspahotel.ee\/wp-content\/uploads\/sites\/54\/2023\/08\/logo_metropol_spa_hotel_c.png\",\"contentUrl\":\"https:\/\/www.metropolspahotel.ee\/wp-content\/uploads\/sites\/54\/2023\/08\/logo_metropol_spa_hotel_c.png\",\"width\":341,\"height\":115,\"caption\":\"Metropol Spa Hotel\"},\"image\":{\"@id\":\"https:\/\/www.metropolspahotel.ee\/fi\/#\/schema\/logo\/image\/\"},\"sameAs\":[\"https:\/\/www.facebook.com\/MetropolSpaHotel\/\"]}]}<\/script>\n<!-- \/ Yoast SEO plugin. -->","yoast_head_json":{"title":"Ota meihin yhteytt\u00e4 | Metropol Spa Hotel Tallinnassa","description":"Jos sinulla on kysytt\u00e4v\u00e4\u00e4 tai haluat vain lis\u00e4tietoja, ota meihin yhteytt\u00e4.","robots":{"index":"index","follow":"follow","max-snippet":"max-snippet:-1","max-image-preview":"max-image-preview:large","max-video-preview":"max-video-preview:-1"},"canonical":"https:\/\/www.metropolspahotel.ee\/fi\/ota-meihin-yhteytta\/","og_locale":"fi_FI","og_type":"article","og_title":"Ota meihin yhteytt\u00e4 | Metropol Spa Hotel Tallinnassa","og_description":"Jos sinulla on kysytt\u00e4v\u00e4\u00e4 tai haluat vain lis\u00e4tietoja, ota meihin yhteytt\u00e4.","og_url":"https:\/\/www.metropolspahotel.ee\/fi\/ota-meihin-yhteytta\/","og_site_name":"Metropol Spa Hotel","article_publisher":"https:\/\/www.facebook.com\/MetropolSpaHotel\/","article_modified_time":"2025-03-17T10:55:49+00:00","og_image":[{"url":"https:\/\/hotelmetropolspa.ms2.decms.eu\/wp-content\/uploads\/sites\/54\/2025\/03\/follow-us-FB-300x150.png"}],"twitter_card":"summary_large_image","twitter_misc":{"Arvioitu lukuaika":"1 minuutti"},"schema":{"@context":"https:\/\/schema.org","@graph":[{"@type":"WebPage","@id":"https:\/\/www.metropolspahotel.ee\/fi\/ota-meihin-yhteytta\/","url":"https:\/\/www.metropolspahotel.ee\/fi\/ota-meihin-yhteytta\/","name":"Ota meihin yhteytt\u00e4 | Metropol Spa Hotel Tallinnassa","isPartOf":{"@id":"https:\/\/www.metropolspahotel.ee\/fi\/#website"},"primaryImageOfPage":{"@id":"https:\/\/www.metropolspahotel.ee\/fi\/ota-meihin-yhteytta\/#primaryimage"},"image":{"@id":"https:\/\/www.metropolspahotel.ee\/fi\/ota-meihin-yhteytta\/#primaryimage"},"thumbnailUrl":"https:\/\/hotelmetropolspa.ms2.decms.eu\/wp-content\/uploads\/sites\/54\/2025\/03\/follow-us-FB-300x150.png","datePublished":"2023-08-29T14:37:33+00:00","dateModified":"2025-03-17T10:55:49+00:00","description":"Jos sinulla on kysytt\u00e4v\u00e4\u00e4 tai haluat vain lis\u00e4tietoja, ota meihin yhteytt\u00e4.","breadcrumb":{"@id":"https:\/\/www.metropolspahotel.ee\/fi\/ota-meihin-yhteytta\/#breadcrumb"},"inLanguage":"fi","potentialAction":[{"@type":"ReadAction","target":["https:\/\/www.metropolspahotel.ee\/fi\/ota-meihin-yhteytta\/"]}]},{"@type":"ImageObject","inLanguage":"fi","@id":"https:\/\/www.metropolspahotel.ee\/fi\/ota-meihin-yhteytta\/#primaryimage","url":"https:\/\/www.metropolspahotel.ee\/wp-content\/uploads\/sites\/54\/2025\/03\/follow-us-FB.png","contentUrl":"https:\/\/www.metropolspahotel.ee\/wp-content\/uploads\/sites\/54\/2025\/03\/follow-us-FB.png","width":800,"height":400},{"@type":"BreadcrumbList","@id":"https:\/\/www.metropolspahotel.ee\/fi\/ota-meihin-yhteytta\/#breadcrumb","itemListElement":[{"@type":"ListItem","position":1,"name":"Home","item":"https:\/\/www.metropolspahotel.ee\/fi\/"},{"@type":"ListItem","position":2,"name":"Ota meihin yhteytt\u00e4"}]},{"@type":"WebSite","@id":"https:\/\/www.metropolspahotel.ee\/fi\/#website","url":"https:\/\/www.metropolspahotel.ee\/fi\/","name":"Metropol Spa Hotel","description":"Metropol Hotels pakub unikaalset hotellielamust Tallinna uues linnas\u00fcdames. Ideaalne valik \u00e4ri-, konverentsi- v\u00f5i puhkusereisiks!","publisher":{"@id":"https:\/\/www.metropolspahotel.ee\/fi\/#organization"},"alternateName":"Metropol Spa Hotel","potentialAction":[{"@type":"SearchAction","target":{"@type":"EntryPoint","urlTemplate":"https:\/\/www.metropolspahotel.ee\/fi\/?s={search_term_string}"},"query-input":"required name=search_term_string"}],"inLanguage":"fi"},{"@type":"Organization","@id":"https:\/\/www.metropolspahotel.ee\/fi\/#organization","name":"Metropol Spa Hotel","alternateName":"Metropol Spa Hotel","url":"https:\/\/www.metropolspahotel.ee\/fi\/","logo":{"@type":"ImageObject","inLanguage":"fi","@id":"https:\/\/www.metropolspahotel.ee\/fi\/#\/schema\/logo\/image\/","url":"https:\/\/www.metropolspahotel.ee\/wp-content\/uploads\/sites\/54\/2023\/08\/logo_metropol_spa_hotel_c.png","contentUrl":"https:\/\/www.metropolspahotel.ee\/wp-content\/uploads\/sites\/54\/2023\/08\/logo_metropol_spa_hotel_c.png","width":341,"height":115,"caption":"Metropol Spa Hotel"},"image":{"@id":"https:\/\/www.metropolspahotel.ee\/fi\/#\/schema\/logo\/image\/"},"sameAs":["https:\/\/www.facebook.com\/MetropolSpaHotel\/"]}]}},"acf":[],"_links":{"self":[{"href":"https:\/\/www.metropolspahotel.ee\/fi\/wp-json\/wp\/v2\/pages\/1063"}],"collection":[{"href":"https:\/\/www.metropolspahotel.ee\/fi\/wp-json\/wp\/v2\/pages"}],"about":[{"href":"https:\/\/www.metropolspahotel.ee\/fi\/wp-json\/wp\/v2\/types\/page"}],"author":[{"embeddable":true,"href":"https:\/\/www.metropolspahotel.ee\/fi\/wp-json\/wp\/v2\/users\/26"}],"replies":[{"embeddable":true,"href":"https:\/\/www.metropolspahotel.ee\/fi\/wp-json\/wp\/v2\/comments?post=1063"}],"version-history":[{"count":0,"href":"https:\/\/www.metropolspahotel.ee\/fi\/wp-json\/wp\/v2\/pages\/1063\/revisions"}],"wp:attachment":[{"href":"https:\/\/www.metropolspahotel.ee\/fi\/wp-json\/wp\/v2\/media?parent=1063"}],"curies":[{"name":"wp","href":"https:\/\/api.w.org\/{rel}","templated":true}]}}