{"id":109,"date":"2023-08-25T07:39:05","date_gmt":"2023-08-25T07:39:05","guid":{"rendered":"https:\/\/hotelmetropolspa.ms2.decms.eu\/konverentsiruumid\/"},"modified":"2026-03-16T10:06:10","modified_gmt":"2026-03-16T10:06:10","slug":"kokoustilat","status":"publish","type":"page","link":"https:\/\/www.metropolspahotel.ee\/fi\/kokoustilat\/","title":{"rendered":"Kokoustilat"},"content":{"rendered":"<p style=\"text-align: center\">Metropol Spa Hotel-hotellin kokoustilat ovat viihtyis\u00e4t ja riitt\u00e4v\u00e4n tilavat <strong>jopa 120 henkil\u00f6lle<\/strong>. Erikokoisia kokoustiloja voidaan jakaa ja yhdistell\u00e4 tarpeen mukaan, jolloin ne sopivat n\u00e4pp\u00e4r\u00e4sti sek\u00e4 pienemmille ett\u00e4 suuremmille ryhmille tilaisuuden yksityisyydest\u00e4 tinkim\u00e4tt\u00e4.<\/p>\n<p style=\"text-align: center\">Lis\u00e4ksi meill\u00e4 on my\u00f6s pienempi py\u00f6re\u00e4n p\u00f6yd\u00e4n kokoustila, johon mahtuu enint\u00e4\u00e4n 14 henkil\u00f6\u00e4 ja sopii siten erinomaisesti pienempiin kokouksiin sek\u00e4 neuvotteluihin.<\/p>\n<p style=\"text-align: center\">Pienimuotoisia kokouksia voidaan j\u00e4rjest\u00e4\u00e4 hotellin sviitiss\u00e4 8. kerroksessa, miss\u00e4 kokousp\u00f6yd\u00e4n \u00e4\u00e4reen mahtuu yhteens\u00e4 kahdeksan henkil\u00f6\u00e4. Sviitist\u00e4 on henke\u00e4salpaavat n\u00e4kym\u00e4t Tallinnan Vanhaankaupunkiin.<\/p>\n<p style=\"text-align: center\">Olemme koonneet valmiita konferenssipaketteja sujuvoittamaan tapahtumaj\u00e4rjest\u00e4jien arkea.<\/p>\n<p style=\"text-align: center\">\n","protected":false},"excerpt":{"rendered":"<p>Metropol Spa Hotel-hotellin kokoustilat ovat viihtyis\u00e4t ja riitt\u00e4v\u00e4n tilavat jopa 120 henkil\u00f6lle. Erikokoisia kokoustiloja voidaan jakaa ja yhdistell\u00e4 tarpeen mukaan, jolloin ne sopivat n\u00e4pp\u00e4r\u00e4sti sek\u00e4 pienemmille ett\u00e4 suuremmille ryhmille tilaisuuden yksityisyydest\u00e4 tinkim\u00e4tt\u00e4. Lis\u00e4ksi meill\u00e4 on my\u00f6s pienempi py\u00f6re\u00e4n p\u00f6yd\u00e4n kokoustila, johon mahtuu enint\u00e4\u00e4n 14 henkil\u00f6\u00e4 ja sopii siten erinomaisesti pienempiin kokouksiin sek\u00e4 neuvotteluihin. Pienimuotoisia kokouksia [&hellip;]<\/p>\n","protected":false},"author":11,"featured_media":0,"parent":0,"menu_order":50,"comment_status":"closed","ping_status":"closed","template":"template-meeting.php","meta":{"footnotes":""},"yoast_head":"<!-- This site is optimized with the Yoast SEO plugin v22.3 - https:\/\/yoast.com\/wordpress\/plugins\/seo\/ -->\n<title>Konverentsikeskus | Metropol Spa Hotel Tallinnas<\/title>\n<meta name=\"description\" content=\"Hotellin kokoustilat ovat viihtyis\u00e4t ja riitt\u00e4v\u00e4n tilavat jopa 110 henkil\u00f6lle. Kokoustiloja voidaan jakaa ja yhdistell\u00e4 tarpeen mukaan.\" \/>\n<meta name=\"robots\" content=\"index, follow, max-snippet:-1, max-image-preview:large, max-video-preview:-1\" \/>\n<link rel=\"canonical\" href=\"https:\/\/www.metropolspahotel.ee\/fi\/kokoustilat\/\" \/>\n<meta property=\"og:locale\" content=\"fi_FI\" \/>\n<meta property=\"og:type\" content=\"article\" \/>\n<meta property=\"og:title\" content=\"Konverentsikeskus | Metropol Spa Hotel Tallinnas\" \/>\n<meta property=\"og:description\" content=\"Hotellin kokoustilat ovat viihtyis\u00e4t ja riitt\u00e4v\u00e4n tilavat jopa 110 henkil\u00f6lle. Kokoustiloja voidaan jakaa ja yhdistell\u00e4 tarpeen mukaan.\" \/>\n<meta property=\"og:url\" content=\"https:\/\/www.metropolspahotel.ee\/fi\/kokoustilat\/\" \/>\n<meta property=\"og:site_name\" content=\"Metropol Spa Hotel\" \/>\n<meta property=\"article:publisher\" content=\"https:\/\/www.facebook.com\/MetropolSpaHotel\/\" \/>\n<meta property=\"article:modified_time\" content=\"2026-03-16T10:06:10+00:00\" \/>\n<meta property=\"og:image\" content=\"https:\/\/www.metropolspahotel.ee\/wp-content\/uploads\/sites\/54\/2023\/09\/metropole_spa_hotel_gallery_37.jpg\" \/>\n\t<meta property=\"og:image:width\" content=\"1200\" \/>\n\t<meta property=\"og:image:height\" content=\"800\" \/>\n\t<meta property=\"og:image:type\" content=\"image\/jpeg\" \/>\n<meta name=\"twitter:card\" content=\"summary_large_image\" \/>\n<meta name=\"twitter:label1\" content=\"Arvioitu lukuaika\" \/>\n\t<meta name=\"twitter:data1\" content=\"1 minuutti\" \/>\n<script type=\"application\/ld+json\" class=\"yoast-schema-graph\">{\"@context\":\"https:\/\/schema.org\",\"@graph\":[{\"@type\":\"WebPage\",\"@id\":\"https:\/\/www.metropolspahotel.ee\/fi\/kokoustilat\/\",\"url\":\"https:\/\/www.metropolspahotel.ee\/fi\/kokoustilat\/\",\"name\":\"Konverentsikeskus | Metropol Spa Hotel Tallinnas\",\"isPartOf\":{\"@id\":\"https:\/\/www.metropolspahotel.ee\/fi\/#website\"},\"datePublished\":\"2023-08-25T07:39:05+00:00\",\"dateModified\":\"2026-03-16T10:06:10+00:00\",\"description\":\"Hotellin kokoustilat ovat viihtyis\u00e4t ja riitt\u00e4v\u00e4n tilavat jopa 110 henkil\u00f6lle. Kokoustiloja voidaan jakaa ja yhdistell\u00e4 tarpeen mukaan.\",\"breadcrumb\":{\"@id\":\"https:\/\/www.metropolspahotel.ee\/fi\/kokoustilat\/#breadcrumb\"},\"inLanguage\":\"fi\",\"potentialAction\":[{\"@type\":\"ReadAction\",\"target\":[\"https:\/\/www.metropolspahotel.ee\/fi\/kokoustilat\/\"]}]},{\"@type\":\"BreadcrumbList\",\"@id\":\"https:\/\/www.metropolspahotel.ee\/fi\/kokoustilat\/#breadcrumb\",\"itemListElement\":[{\"@type\":\"ListItem\",\"position\":1,\"name\":\"Home\",\"item\":\"https:\/\/www.metropolspahotel.ee\/fi\/\"},{\"@type\":\"ListItem\",\"position\":2,\"name\":\"Kokoustilat\"}]},{\"@type\":\"WebSite\",\"@id\":\"https:\/\/www.metropolspahotel.ee\/fi\/#website\",\"url\":\"https:\/\/www.metropolspahotel.ee\/fi\/\",\"name\":\"Metropol Spa Hotel\",\"description\":\"Metropol Hotels pakub unikaalset hotellielamust Tallinna uues linnas\u00fcdames. Ideaalne valik \u00e4ri-, konverentsi- v\u00f5i puhkusereisiks!\",\"publisher\":{\"@id\":\"https:\/\/www.metropolspahotel.ee\/fi\/#organization\"},\"alternateName\":\"Metropol Spa Hotel\",\"potentialAction\":[{\"@type\":\"SearchAction\",\"target\":{\"@type\":\"EntryPoint\",\"urlTemplate\":\"https:\/\/www.metropolspahotel.ee\/fi\/?s={search_term_string}\"},\"query-input\":\"required name=search_term_string\"}],\"inLanguage\":\"fi\"},{\"@type\":\"Organization\",\"@id\":\"https:\/\/www.metropolspahotel.ee\/fi\/#organization\",\"name\":\"Metropol Spa Hotel\",\"alternateName\":\"Metropol Spa Hotel\",\"url\":\"https:\/\/www.metropolspahotel.ee\/fi\/\",\"logo\":{\"@type\":\"ImageObject\",\"inLanguage\":\"fi\",\"@id\":\"https:\/\/www.metropolspahotel.ee\/fi\/#\/schema\/logo\/image\/\",\"url\":\"https:\/\/www.metropolspahotel.ee\/wp-content\/uploads\/sites\/54\/2023\/08\/logo_metropol_spa_hotel_c.png\",\"contentUrl\":\"https:\/\/www.metropolspahotel.ee\/wp-content\/uploads\/sites\/54\/2023\/08\/logo_metropol_spa_hotel_c.png\",\"width\":341,\"height\":115,\"caption\":\"Metropol Spa Hotel\"},\"image\":{\"@id\":\"https:\/\/www.metropolspahotel.ee\/fi\/#\/schema\/logo\/image\/\"},\"sameAs\":[\"https:\/\/www.facebook.com\/MetropolSpaHotel\/\"]}]}<\/script>\n<!-- \/ Yoast SEO plugin. -->","yoast_head_json":{"title":"Konverentsikeskus | Metropol Spa Hotel Tallinnas","description":"Hotellin kokoustilat ovat viihtyis\u00e4t ja riitt\u00e4v\u00e4n tilavat jopa 110 henkil\u00f6lle. Kokoustiloja voidaan jakaa ja yhdistell\u00e4 tarpeen mukaan.","robots":{"index":"index","follow":"follow","max-snippet":"max-snippet:-1","max-image-preview":"max-image-preview:large","max-video-preview":"max-video-preview:-1"},"canonical":"https:\/\/www.metropolspahotel.ee\/fi\/kokoustilat\/","og_locale":"fi_FI","og_type":"article","og_title":"Konverentsikeskus | Metropol Spa Hotel Tallinnas","og_description":"Hotellin kokoustilat ovat viihtyis\u00e4t ja riitt\u00e4v\u00e4n tilavat jopa 110 henkil\u00f6lle. Kokoustiloja voidaan jakaa ja yhdistell\u00e4 tarpeen mukaan.","og_url":"https:\/\/www.metropolspahotel.ee\/fi\/kokoustilat\/","og_site_name":"Metropol Spa Hotel","article_publisher":"https:\/\/www.facebook.com\/MetropolSpaHotel\/","article_modified_time":"2026-03-16T10:06:10+00:00","og_image":[{"width":1200,"height":800,"url":"https:\/\/www.metropolspahotel.ee\/wp-content\/uploads\/sites\/54\/2023\/09\/metropole_spa_hotel_gallery_37.jpg","type":"image\/jpeg"}],"twitter_card":"summary_large_image","twitter_misc":{"Arvioitu lukuaika":"1 minuutti"},"schema":{"@context":"https:\/\/schema.org","@graph":[{"@type":"WebPage","@id":"https:\/\/www.metropolspahotel.ee\/fi\/kokoustilat\/","url":"https:\/\/www.metropolspahotel.ee\/fi\/kokoustilat\/","name":"Konverentsikeskus | Metropol Spa Hotel Tallinnas","isPartOf":{"@id":"https:\/\/www.metropolspahotel.ee\/fi\/#website"},"datePublished":"2023-08-25T07:39:05+00:00","dateModified":"2026-03-16T10:06:10+00:00","description":"Hotellin kokoustilat ovat viihtyis\u00e4t ja riitt\u00e4v\u00e4n tilavat jopa 110 henkil\u00f6lle. Kokoustiloja voidaan jakaa ja yhdistell\u00e4 tarpeen mukaan.","breadcrumb":{"@id":"https:\/\/www.metropolspahotel.ee\/fi\/kokoustilat\/#breadcrumb"},"inLanguage":"fi","potentialAction":[{"@type":"ReadAction","target":["https:\/\/www.metropolspahotel.ee\/fi\/kokoustilat\/"]}]},{"@type":"BreadcrumbList","@id":"https:\/\/www.metropolspahotel.ee\/fi\/kokoustilat\/#breadcrumb","itemListElement":[{"@type":"ListItem","position":1,"name":"Home","item":"https:\/\/www.metropolspahotel.ee\/fi\/"},{"@type":"ListItem","position":2,"name":"Kokoustilat"}]},{"@type":"WebSite","@id":"https:\/\/www.metropolspahotel.ee\/fi\/#website","url":"https:\/\/www.metropolspahotel.ee\/fi\/","name":"Metropol Spa Hotel","description":"Metropol Hotels pakub unikaalset hotellielamust Tallinna uues linnas\u00fcdames. Ideaalne valik \u00e4ri-, konverentsi- v\u00f5i puhkusereisiks!","publisher":{"@id":"https:\/\/www.metropolspahotel.ee\/fi\/#organization"},"alternateName":"Metropol Spa Hotel","potentialAction":[{"@type":"SearchAction","target":{"@type":"EntryPoint","urlTemplate":"https:\/\/www.metropolspahotel.ee\/fi\/?s={search_term_string}"},"query-input":"required name=search_term_string"}],"inLanguage":"fi"},{"@type":"Organization","@id":"https:\/\/www.metropolspahotel.ee\/fi\/#organization","name":"Metropol Spa Hotel","alternateName":"Metropol Spa Hotel","url":"https:\/\/www.metropolspahotel.ee\/fi\/","logo":{"@type":"ImageObject","inLanguage":"fi","@id":"https:\/\/www.metropolspahotel.ee\/fi\/#\/schema\/logo\/image\/","url":"https:\/\/www.metropolspahotel.ee\/wp-content\/uploads\/sites\/54\/2023\/08\/logo_metropol_spa_hotel_c.png","contentUrl":"https:\/\/www.metropolspahotel.ee\/wp-content\/uploads\/sites\/54\/2023\/08\/logo_metropol_spa_hotel_c.png","width":341,"height":115,"caption":"Metropol Spa Hotel"},"image":{"@id":"https:\/\/www.metropolspahotel.ee\/fi\/#\/schema\/logo\/image\/"},"sameAs":["https:\/\/www.facebook.com\/MetropolSpaHotel\/"]}]}},"acf":[],"_links":{"self":[{"href":"https:\/\/www.metropolspahotel.ee\/fi\/wp-json\/wp\/v2\/pages\/109"}],"collection":[{"href":"https:\/\/www.metropolspahotel.ee\/fi\/wp-json\/wp\/v2\/pages"}],"about":[{"href":"https:\/\/www.metropolspahotel.ee\/fi\/wp-json\/wp\/v2\/types\/page"}],"author":[{"embeddable":true,"href":"https:\/\/www.metropolspahotel.ee\/fi\/wp-json\/wp\/v2\/users\/11"}],"replies":[{"embeddable":true,"href":"https:\/\/www.metropolspahotel.ee\/fi\/wp-json\/wp\/v2\/comments?post=109"}],"version-history":[{"count":0,"href":"https:\/\/www.metropolspahotel.ee\/fi\/wp-json\/wp\/v2\/pages\/109\/revisions"}],"wp:attachment":[{"href":"https:\/\/www.metropolspahotel.ee\/fi\/wp-json\/wp\/v2\/media?parent=109"}],"curies":[{"name":"wp","href":"https:\/\/api.w.org\/{rel}","templated":true}]}}