{"id":1090,"date":"2024-03-25T08:07:27","date_gmt":"2024-03-25T08:07:27","guid":{"rendered":"https:\/\/hotelmetropolspa.ms2.decms.eu\/loogastuskeskuse-kulastaja-hea-tava\/"},"modified":"2024-09-25T15:03:39","modified_gmt":"2024-09-25T15:03:39","slug":"wellnessskeskuksen-saannot","status":"publish","type":"page","link":"https:\/\/www.metropolspahotel.ee\/fi\/wellnessskeskuksen-saannot\/","title":{"rendered":"Hyvinvointikeskuksen hyv\u00e4t k\u00e4yt\u00e4nn\u00f6t"},"content":{"rendered":"<h3 style=\"text-align: center;\"><strong>Hyv\u00e4 vieraamme!<\/strong><\/h3>\n<h4 style=\"text-align: center;\"><strong>Tervetuloa Metropol Hotelsin Wellness-keskukseen!<\/strong><\/h4>\n<p style=\"text-align: center;\"><strong>Haluamme, ett\u00e4 kaikki asiakkaamme kokevat olevansa tervetulleita ja viihtyv\u00e4t meill\u00e4.<\/strong><\/p>\n<p>&nbsp;<\/p>\n<ul>\n<li>Hoitoja voi varata hotellin <strong>sivustolta, puhelimitse<\/strong> tai <strong>s\u00e4hk\u00f6postitse<\/strong> sek\u00e4 my\u00f6s paikan p\u00e4\u00e4ll\u00e4 Metropol Spa Hotel -hotellin 2. kerroksen <strong>vastaanotossa<\/strong>.<\/li>\n<li>Saavuthan varaamaasi hoitoon <strong>5-10 minuuttia aikaisemmin<\/strong>, jotta sinulla on aikaa valmistautua sinua odottavaan rentouttavaan hetkeen.<\/li>\n<li>Ennen hoitoa pyyd\u00e4mme sinua ilmoittamaan terveydentilaasi koskevia tietoja, jotta voimme varmistaa, ettei varaamallesi hoidolle ole esteit\u00e4. Jos et ole varma, kysy neuvoa ty\u00f6ntekij\u00f6ilt\u00e4mme.<\/li>\n<li>Jos majoitut hotellissamme, voit halutessasi saapua Wellness-keskukseen kylpytakissa ja tossuissa.<\/li>\n<li>Hoidot maksetaan etuk\u00e4teen Wellness-keskuksen vastaanotossa. K\u00e4teinen tai korttimaksut ovat hyv\u00e4ksyttyj\u00e4 maksutapoja.<\/li>\n<li>Ty\u00f6ntekij\u00e4mme esittelee hoidon aikana k\u00e4ytett\u00e4v\u00e4t tuotteet ja suosittelee my\u00f6s sopivia tuotteita kotihoitoa varten.<\/li>\n<li>Hoidon aikana voit vapaasti kertoa, oletko tyytyv\u00e4inen ja viihdytk\u00f6, onko sinulla kylm\u00e4 tai kuuma tai onko hieronta riitt\u00e4v\u00e4 jne.<\/li>\n<li>Jos my\u00f6h\u00e4styt varaamastasi hoidosta, emme voi taata sinulle lyhent\u00e4m\u00e4t\u00f6nt\u00e4 hoitoaikaa. Siksi pyyd\u00e4mme ilmoittamaan my\u00f6h\u00e4stymisest\u00e4 mahdollisimman pian vastaanottoon. Huomaathan, ett\u00e4 jos my\u00f6h\u00e4styt, hoitoaika lyhenee my\u00f6h\u00e4stymisesi verran.<\/li>\n<li>Jos my\u00f6h\u00e4styt yli puolet varaamasi hoidon kestosta, peruutamme varauksesi automaattisesti.<\/li>\n<li>Jos haluat peruuttaa tai muuttaa varaustasi, ilmoita siit\u00e4 meille viimeist\u00e4\u00e4n edellisen\u00e4 p\u00e4iv\u00e4n\u00e4.<\/li>\n<li>Wellness-keskus on rauhan ja hiljaisuuden tyyssija. Pyyd\u00e4mme sinua laittamaan puhelimesi pois p\u00e4\u00e4lt\u00e4 ja pysyttelem\u00e4\u00e4n hiljaa.<\/li>\n<li>Spa-osastollamme ja Wellness-keskuksessamme ei palvella p\u00e4ihtyneit\u00e4 tai h\u00e4irik\u00f6ivi\u00e4 henkil\u00f6it\u00e4. Ty\u00f6ntekij\u00f6ill\u00e4mme sek\u00e4 vastaanoton ty\u00f6ntekij\u00f6ill\u00e4 on oikeus peruuttaa varattu hoito t\u00e4llaisissa tilanteissa.<\/li>\n<li>Mielipiteesi on meille eritt\u00e4in t\u00e4rke\u00e4! Olisimme hyvin iloisia, jos voisit antaa meille palautetta k\u00e4ynnist\u00e4si. N\u00e4in saamme arvokasta tietoa siit\u00e4, miten voimme kehitt\u00e4\u00e4 palveluitamme ja vastata asiakkaidemme odotuksiin<\/li>\n<\/ul>\n<p style=\"text-align: center;\">Jos et ole aivan varma jostakin asiasta, voit pyyt\u00e4\u00e4 neuvoa ty\u00f6ntekij\u00f6ilt\u00e4mme.<\/p>\n<p style=\"text-align: center;\"><strong>Toivotamme sinulle ikimuistoista lomaa!<\/strong><\/p>\n","protected":false},"excerpt":{"rendered":"<p>Hyv\u00e4 vieraamme! Tervetuloa Metropol Hotelsin Wellness-keskukseen! Haluamme, ett\u00e4 kaikki asiakkaamme kokevat olevansa tervetulleita ja viihtyv\u00e4t meill\u00e4. &nbsp; Hoitoja voi varata hotellin sivustolta, puhelimitse tai s\u00e4hk\u00f6postitse sek\u00e4 my\u00f6s paikan p\u00e4\u00e4ll\u00e4 Metropol Spa Hotel -hotellin 2. kerroksen vastaanotossa. Saavuthan varaamaasi hoitoon 5-10 minuuttia aikaisemmin, jotta sinulla on aikaa valmistautua sinua odottavaan rentouttavaan hetkeen. Ennen hoitoa pyyd\u00e4mme sinua [&hellip;]<\/p>\n","protected":false},"author":121,"featured_media":0,"parent":0,"menu_order":0,"comment_status":"closed","ping_status":"closed","template":"","meta":{"footnotes":""},"yoast_head":"<!-- This site is optimized with the Yoast SEO plugin v22.3 - https:\/\/yoast.com\/wordpress\/plugins\/seo\/ -->\n<title>Hyvinvointikeskuksen hyv\u00e4t k\u00e4yt\u00e4nn\u00f6t - Metropol Spa Hotel<\/title>\n<meta name=\"description\" content=\"Hyv\u00e4 vieraamme! Tervetuloa Metropol Hotelsin Wellness-keskukseen! Haluamme, ett\u00e4 kaikki asiakkaamme kokevat olevansa tervetulleita ja viihtyv\u00e4t meill\u00e4. &nbsp;   Hoitoja voi varata hotellin sivustolta, puhelimitse tai s\u00e4hk\u00f6postitse sek\u00e4 my\u00f6s paikan p\u00e4\u00e4ll\u00e4 Metropol Spa Hotel -hotellin 2. kerroksen vastaanotossa.  Saavuthan varaamaasi hoitoon 5-10 minuuttia aikaisemmin, jotta sinulla on aikaa valmistautua sinua odottavaan rentouttavaan hetkeen.  Ennen hoitoa pyyd\u00e4mme sinua ilmoittamaan terveydentilaasi koskevia tietoja, jotta voimme varmistaa, ettei varaamallesi hoidolle ole esteit\u00e4\" \/>\n<meta name=\"robots\" content=\"index, follow, max-snippet:-1, max-image-preview:large, max-video-preview:-1\" \/>\n<link rel=\"canonical\" href=\"https:\/\/www.metropolspahotel.ee\/fi\/wellnessskeskuksen-saannot\/\" \/>\n<meta property=\"og:locale\" content=\"fi_FI\" \/>\n<meta property=\"og:type\" content=\"article\" \/>\n<meta property=\"og:title\" content=\"Hyvinvointikeskuksen hyv\u00e4t k\u00e4yt\u00e4nn\u00f6t - Metropol Spa Hotel\" \/>\n<meta property=\"og:description\" content=\"Hyv\u00e4 vieraamme! Tervetuloa Metropol Hotelsin Wellness-keskukseen! Haluamme, ett\u00e4 kaikki asiakkaamme kokevat olevansa tervetulleita ja viihtyv\u00e4t meill\u00e4. &nbsp;   Hoitoja voi varata hotellin sivustolta, puhelimitse tai s\u00e4hk\u00f6postitse sek\u00e4 my\u00f6s paikan p\u00e4\u00e4ll\u00e4 Metropol Spa Hotel -hotellin 2. kerroksen vastaanotossa.  Saavuthan varaamaasi hoitoon 5-10 minuuttia aikaisemmin, jotta sinulla on aikaa valmistautua sinua odottavaan rentouttavaan hetkeen.  Ennen hoitoa pyyd\u00e4mme sinua ilmoittamaan terveydentilaasi koskevia tietoja, jotta voimme varmistaa, ettei varaamallesi hoidolle ole esteit\u00e4\" \/>\n<meta property=\"og:url\" content=\"https:\/\/www.metropolspahotel.ee\/fi\/wellnessskeskuksen-saannot\/\" \/>\n<meta property=\"og:site_name\" content=\"Metropol Spa Hotel\" \/>\n<meta property=\"article:publisher\" content=\"https:\/\/www.facebook.com\/MetropolSpaHotel\/\" \/>\n<meta property=\"article:modified_time\" content=\"2024-09-25T15:03:39+00:00\" \/>\n<meta property=\"og:image\" content=\"https:\/\/www.metropolspahotel.ee\/wp-content\/uploads\/sites\/54\/2023\/09\/metropole_spa_hotel_gallery_37.jpg\" \/>\n\t<meta property=\"og:image:width\" content=\"1200\" \/>\n\t<meta property=\"og:image:height\" content=\"800\" \/>\n\t<meta property=\"og:image:type\" content=\"image\/jpeg\" \/>\n<meta name=\"twitter:card\" content=\"summary_large_image\" \/>\n<meta name=\"twitter:label1\" content=\"Arvioitu lukuaika\" \/>\n\t<meta name=\"twitter:data1\" content=\"2 minuuttia\" \/>\n<script type=\"application\/ld+json\" class=\"yoast-schema-graph\">{\"@context\":\"https:\/\/schema.org\",\"@graph\":[{\"@type\":\"WebPage\",\"@id\":\"https:\/\/www.metropolspahotel.ee\/fi\/wellnessskeskuksen-saannot\/\",\"url\":\"https:\/\/www.metropolspahotel.ee\/fi\/wellnessskeskuksen-saannot\/\",\"name\":\"Hyvinvointikeskuksen hyv\u00e4t k\u00e4yt\u00e4nn\u00f6t - Metropol Spa Hotel\",\"isPartOf\":{\"@id\":\"https:\/\/www.metropolspahotel.ee\/fi\/#website\"},\"datePublished\":\"2024-03-25T08:07:27+00:00\",\"dateModified\":\"2024-09-25T15:03:39+00:00\",\"description\":\"Hyv\u00e4 vieraamme! Tervetuloa Metropol Hotelsin Wellness-keskukseen! Haluamme, ett\u00e4 kaikki asiakkaamme kokevat olevansa tervetulleita ja viihtyv\u00e4t meill\u00e4. &nbsp; \u2022 Hoitoja voi varata hotellin sivustolta, puhelimitse tai s\u00e4hk\u00f6postitse sek\u00e4 my\u00f6s paikan p\u00e4\u00e4ll\u00e4 Metropol Spa Hotel -hotellin 2. kerroksen vastaanotossa. \u2022 Saavuthan varaamaasi hoitoon 5-10 minuuttia aikaisemmin, jotta sinulla on aikaa valmistautua sinua odottavaan rentouttavaan hetkeen. \u2022 Ennen hoitoa pyyd\u00e4mme sinua ilmoittamaan terveydentilaasi koskevia tietoja, jotta voimme varmistaa, ettei varaamallesi hoidolle ole esteit\u00e4\",\"breadcrumb\":{\"@id\":\"https:\/\/www.metropolspahotel.ee\/fi\/wellnessskeskuksen-saannot\/#breadcrumb\"},\"inLanguage\":\"fi\",\"potentialAction\":[{\"@type\":\"ReadAction\",\"target\":[\"https:\/\/www.metropolspahotel.ee\/fi\/wellnessskeskuksen-saannot\/\"]}]},{\"@type\":\"BreadcrumbList\",\"@id\":\"https:\/\/www.metropolspahotel.ee\/fi\/wellnessskeskuksen-saannot\/#breadcrumb\",\"itemListElement\":[{\"@type\":\"ListItem\",\"position\":1,\"name\":\"Home\",\"item\":\"https:\/\/www.metropolspahotel.ee\/fi\/\"},{\"@type\":\"ListItem\",\"position\":2,\"name\":\"Hyvinvointikeskuksen hyv\u00e4t k\u00e4yt\u00e4nn\u00f6t\"}]},{\"@type\":\"WebSite\",\"@id\":\"https:\/\/www.metropolspahotel.ee\/fi\/#website\",\"url\":\"https:\/\/www.metropolspahotel.ee\/fi\/\",\"name\":\"Metropol Spa Hotel\",\"description\":\"Metropol Hotels pakub unikaalset hotellielamust Tallinna uues linnas\u00fcdames. Ideaalne valik \u00e4ri-, konverentsi- v\u00f5i puhkusereisiks!\",\"publisher\":{\"@id\":\"https:\/\/www.metropolspahotel.ee\/fi\/#organization\"},\"alternateName\":\"Metropol Spa Hotel\",\"potentialAction\":[{\"@type\":\"SearchAction\",\"target\":{\"@type\":\"EntryPoint\",\"urlTemplate\":\"https:\/\/www.metropolspahotel.ee\/fi\/?s={search_term_string}\"},\"query-input\":\"required name=search_term_string\"}],\"inLanguage\":\"fi\"},{\"@type\":\"Organization\",\"@id\":\"https:\/\/www.metropolspahotel.ee\/fi\/#organization\",\"name\":\"Metropol Spa Hotel\",\"alternateName\":\"Metropol Spa Hotel\",\"url\":\"https:\/\/www.metropolspahotel.ee\/fi\/\",\"logo\":{\"@type\":\"ImageObject\",\"inLanguage\":\"fi\",\"@id\":\"https:\/\/www.metropolspahotel.ee\/fi\/#\/schema\/logo\/image\/\",\"url\":\"https:\/\/www.metropolspahotel.ee\/wp-content\/uploads\/sites\/54\/2023\/08\/logo_metropol_spa_hotel_c.png\",\"contentUrl\":\"https:\/\/www.metropolspahotel.ee\/wp-content\/uploads\/sites\/54\/2023\/08\/logo_metropol_spa_hotel_c.png\",\"width\":341,\"height\":115,\"caption\":\"Metropol Spa Hotel\"},\"image\":{\"@id\":\"https:\/\/www.metropolspahotel.ee\/fi\/#\/schema\/logo\/image\/\"},\"sameAs\":[\"https:\/\/www.facebook.com\/MetropolSpaHotel\/\"]}]}<\/script>\n<!-- \/ Yoast SEO plugin. -->","yoast_head_json":{"title":"Hyvinvointikeskuksen hyv\u00e4t k\u00e4yt\u00e4nn\u00f6t - Metropol Spa Hotel","description":"Hyv\u00e4 vieraamme! Tervetuloa Metropol Hotelsin Wellness-keskukseen! Haluamme, ett\u00e4 kaikki asiakkaamme kokevat olevansa tervetulleita ja viihtyv\u00e4t meill\u00e4. &nbsp;   Hoitoja voi varata hotellin sivustolta, puhelimitse tai s\u00e4hk\u00f6postitse sek\u00e4 my\u00f6s paikan p\u00e4\u00e4ll\u00e4 Metropol Spa Hotel -hotellin 2. kerroksen vastaanotossa.  Saavuthan varaamaasi hoitoon 5-10 minuuttia aikaisemmin, jotta sinulla on aikaa valmistautua sinua odottavaan rentouttavaan hetkeen.  Ennen hoitoa pyyd\u00e4mme sinua ilmoittamaan terveydentilaasi koskevia tietoja, jotta voimme varmistaa, ettei varaamallesi hoidolle ole esteit\u00e4","robots":{"index":"index","follow":"follow","max-snippet":"max-snippet:-1","max-image-preview":"max-image-preview:large","max-video-preview":"max-video-preview:-1"},"canonical":"https:\/\/www.metropolspahotel.ee\/fi\/wellnessskeskuksen-saannot\/","og_locale":"fi_FI","og_type":"article","og_title":"Hyvinvointikeskuksen hyv\u00e4t k\u00e4yt\u00e4nn\u00f6t - Metropol Spa Hotel","og_description":"Hyv\u00e4 vieraamme! Tervetuloa Metropol Hotelsin Wellness-keskukseen! Haluamme, ett\u00e4 kaikki asiakkaamme kokevat olevansa tervetulleita ja viihtyv\u00e4t meill\u00e4. &nbsp;   Hoitoja voi varata hotellin sivustolta, puhelimitse tai s\u00e4hk\u00f6postitse sek\u00e4 my\u00f6s paikan p\u00e4\u00e4ll\u00e4 Metropol Spa Hotel -hotellin 2. kerroksen vastaanotossa.  Saavuthan varaamaasi hoitoon 5-10 minuuttia aikaisemmin, jotta sinulla on aikaa valmistautua sinua odottavaan rentouttavaan hetkeen.  Ennen hoitoa pyyd\u00e4mme sinua ilmoittamaan terveydentilaasi koskevia tietoja, jotta voimme varmistaa, ettei varaamallesi hoidolle ole esteit\u00e4","og_url":"https:\/\/www.metropolspahotel.ee\/fi\/wellnessskeskuksen-saannot\/","og_site_name":"Metropol Spa Hotel","article_publisher":"https:\/\/www.facebook.com\/MetropolSpaHotel\/","article_modified_time":"2024-09-25T15:03:39+00:00","og_image":[{"width":1200,"height":800,"url":"https:\/\/www.metropolspahotel.ee\/wp-content\/uploads\/sites\/54\/2023\/09\/metropole_spa_hotel_gallery_37.jpg","type":"image\/jpeg"}],"twitter_card":"summary_large_image","twitter_misc":{"Arvioitu lukuaika":"2 minuuttia"},"schema":{"@context":"https:\/\/schema.org","@graph":[{"@type":"WebPage","@id":"https:\/\/www.metropolspahotel.ee\/fi\/wellnessskeskuksen-saannot\/","url":"https:\/\/www.metropolspahotel.ee\/fi\/wellnessskeskuksen-saannot\/","name":"Hyvinvointikeskuksen hyv\u00e4t k\u00e4yt\u00e4nn\u00f6t - Metropol Spa Hotel","isPartOf":{"@id":"https:\/\/www.metropolspahotel.ee\/fi\/#website"},"datePublished":"2024-03-25T08:07:27+00:00","dateModified":"2024-09-25T15:03:39+00:00","description":"Hyv\u00e4 vieraamme! Tervetuloa Metropol Hotelsin Wellness-keskukseen! Haluamme, ett\u00e4 kaikki asiakkaamme kokevat olevansa tervetulleita ja viihtyv\u00e4t meill\u00e4. &nbsp; \u2022 Hoitoja voi varata hotellin sivustolta, puhelimitse tai s\u00e4hk\u00f6postitse sek\u00e4 my\u00f6s paikan p\u00e4\u00e4ll\u00e4 Metropol Spa Hotel -hotellin 2. kerroksen vastaanotossa. \u2022 Saavuthan varaamaasi hoitoon 5-10 minuuttia aikaisemmin, jotta sinulla on aikaa valmistautua sinua odottavaan rentouttavaan hetkeen. \u2022 Ennen hoitoa pyyd\u00e4mme sinua ilmoittamaan terveydentilaasi koskevia tietoja, jotta voimme varmistaa, ettei varaamallesi hoidolle ole esteit\u00e4","breadcrumb":{"@id":"https:\/\/www.metropolspahotel.ee\/fi\/wellnessskeskuksen-saannot\/#breadcrumb"},"inLanguage":"fi","potentialAction":[{"@type":"ReadAction","target":["https:\/\/www.metropolspahotel.ee\/fi\/wellnessskeskuksen-saannot\/"]}]},{"@type":"BreadcrumbList","@id":"https:\/\/www.metropolspahotel.ee\/fi\/wellnessskeskuksen-saannot\/#breadcrumb","itemListElement":[{"@type":"ListItem","position":1,"name":"Home","item":"https:\/\/www.metropolspahotel.ee\/fi\/"},{"@type":"ListItem","position":2,"name":"Hyvinvointikeskuksen hyv\u00e4t k\u00e4yt\u00e4nn\u00f6t"}]},{"@type":"WebSite","@id":"https:\/\/www.metropolspahotel.ee\/fi\/#website","url":"https:\/\/www.metropolspahotel.ee\/fi\/","name":"Metropol Spa Hotel","description":"Metropol Hotels pakub unikaalset hotellielamust Tallinna uues linnas\u00fcdames. Ideaalne valik \u00e4ri-, konverentsi- v\u00f5i puhkusereisiks!","publisher":{"@id":"https:\/\/www.metropolspahotel.ee\/fi\/#organization"},"alternateName":"Metropol Spa Hotel","potentialAction":[{"@type":"SearchAction","target":{"@type":"EntryPoint","urlTemplate":"https:\/\/www.metropolspahotel.ee\/fi\/?s={search_term_string}"},"query-input":"required name=search_term_string"}],"inLanguage":"fi"},{"@type":"Organization","@id":"https:\/\/www.metropolspahotel.ee\/fi\/#organization","name":"Metropol Spa Hotel","alternateName":"Metropol Spa Hotel","url":"https:\/\/www.metropolspahotel.ee\/fi\/","logo":{"@type":"ImageObject","inLanguage":"fi","@id":"https:\/\/www.metropolspahotel.ee\/fi\/#\/schema\/logo\/image\/","url":"https:\/\/www.metropolspahotel.ee\/wp-content\/uploads\/sites\/54\/2023\/08\/logo_metropol_spa_hotel_c.png","contentUrl":"https:\/\/www.metropolspahotel.ee\/wp-content\/uploads\/sites\/54\/2023\/08\/logo_metropol_spa_hotel_c.png","width":341,"height":115,"caption":"Metropol Spa Hotel"},"image":{"@id":"https:\/\/www.metropolspahotel.ee\/fi\/#\/schema\/logo\/image\/"},"sameAs":["https:\/\/www.facebook.com\/MetropolSpaHotel\/"]}]}},"acf":[],"_links":{"self":[{"href":"https:\/\/www.metropolspahotel.ee\/fi\/wp-json\/wp\/v2\/pages\/1090"}],"collection":[{"href":"https:\/\/www.metropolspahotel.ee\/fi\/wp-json\/wp\/v2\/pages"}],"about":[{"href":"https:\/\/www.metropolspahotel.ee\/fi\/wp-json\/wp\/v2\/types\/page"}],"author":[{"embeddable":true,"href":"https:\/\/www.metropolspahotel.ee\/fi\/wp-json\/wp\/v2\/users\/121"}],"replies":[{"embeddable":true,"href":"https:\/\/www.metropolspahotel.ee\/fi\/wp-json\/wp\/v2\/comments?post=1090"}],"version-history":[{"count":0,"href":"https:\/\/www.metropolspahotel.ee\/fi\/wp-json\/wp\/v2\/pages\/1090\/revisions"}],"wp:attachment":[{"href":"https:\/\/www.metropolspahotel.ee\/fi\/wp-json\/wp\/v2\/media?parent=1090"}],"curies":[{"name":"wp","href":"https:\/\/api.w.org\/{rel}","templated":true}]}}