{"id":1098,"date":"2024-03-25T08:28:37","date_gmt":"2024-03-25T08:28:37","guid":{"rendered":"https:\/\/hotelmetropolspa.ms2.decms.eu\/kokoustilat\/konverentsiruum-1\/"},"modified":"2026-01-06T09:05:36","modified_gmt":"2026-01-06T09:05:36","slug":"konferenssitila-1","status":"publish","type":"page","link":"https:\/\/www.metropolspahotel.ee\/fi\/kokoustilat\/konferenssitila-1\/","title":{"rendered":"Konferenssitila 1"},"content":{"rendered":"<p><strong>Koko: 70m\u00b2 \/ Max henkill\u00f6\u00e4: 50<\/strong><\/p>\n<p>Konferenssitiloissa on viimeisin audiovisuaalinen tekniikka ja ilmainen WiFi kaikille tapahtumille osallistuville asiakkaille. Konferenssitilat ovat sopivia konferensseihin, seminaareihin, lehdist\u00f6tilaisuuksiin, kokouksiin.<\/p>\n<p><b>Vuokrahintaan sis\u00e4ltyy:<\/b> projektorin ja n\u00e4yt\u00f6n k\u00e4ytt\u00f6, mikrofoni, fl\u00e4ppitaulu ja huopakyn\u00e4t, kyn\u00e4t ja muistikirjat sek\u00e4 juomavesi konferenssikeskuksen yleisiss\u00e4 tiloissa.<\/p>\n","protected":false},"excerpt":{"rendered":"<p>Koko: 70m\u00b2 \/ Max henkill\u00f6\u00e4: 50 Konferenssitiloissa on viimeisin audiovisuaalinen tekniikka ja ilmainen WiFi kaikille tapahtumille osallistuville asiakkaille. Konferenssitilat ovat sopivia konferensseihin, seminaareihin, lehdist\u00f6tilaisuuksiin, kokouksiin. Vuokrahintaan sis\u00e4ltyy: projektorin ja n\u00e4yt\u00f6n k\u00e4ytt\u00f6, mikrofoni, fl\u00e4ppitaulu ja huopakyn\u00e4t, kyn\u00e4t ja muistikirjat sek\u00e4 juomavesi konferenssikeskuksen yleisiss\u00e4 tiloissa.<\/p>\n","protected":false},"author":121,"featured_media":0,"parent":109,"menu_order":0,"comment_status":"closed","ping_status":"closed","template":"template-meeting.php","meta":{"footnotes":""},"yoast_head":"<!-- This site is optimized with the Yoast SEO plugin v22.3 - https:\/\/yoast.com\/wordpress\/plugins\/seo\/ -->\n<title>Konferenssitila 1 - Metropol Spa Hotel<\/title>\n<meta name=\"description\" content=\"Koko: 70m\u00b2 \/ Max henkill\u00f6\u00e4: 50  Konferenssitiloissa on viimeisin audiovisuaalinen tekniikka ja ilmainen WiFi kaikille tapahtumille osallistuville asiakkaille. Konferenssitilat ovat sopivia konferensseihin, seminaareihin, lehdist\u00f6tilaisuuksiin, kokouksiin.  Vuokrahintaan sis\u00e4ltyy: projektorin ja n\u00e4yt\u00f6n k\u00e4ytt\u00f6, mikrofoni, fl\u00e4ppitaulu ja huopakyn\u00e4t, kyn\u00e4t ja muistikirjat sek\u00e4 juomavesi konferenssikeskuksen yleisiss\u00e4 tiloissa.\" \/>\n<meta name=\"robots\" content=\"index, follow, max-snippet:-1, max-image-preview:large, max-video-preview:-1\" \/>\n<link rel=\"canonical\" href=\"https:\/\/www.metropolspahotel.ee\/fi\/kokoustilat\/konferenssitila-1\/\" \/>\n<meta property=\"og:locale\" content=\"fi_FI\" \/>\n<meta property=\"og:type\" content=\"article\" \/>\n<meta property=\"og:title\" content=\"Konferenssitila 1 - Metropol Spa Hotel\" \/>\n<meta property=\"og:description\" content=\"Koko: 70m\u00b2 \/ Max henkill\u00f6\u00e4: 50  Konferenssitiloissa on viimeisin audiovisuaalinen tekniikka ja ilmainen WiFi kaikille tapahtumille osallistuville asiakkaille. Konferenssitilat ovat sopivia konferensseihin, seminaareihin, lehdist\u00f6tilaisuuksiin, kokouksiin.  Vuokrahintaan sis\u00e4ltyy: projektorin ja n\u00e4yt\u00f6n k\u00e4ytt\u00f6, mikrofoni, fl\u00e4ppitaulu ja huopakyn\u00e4t, kyn\u00e4t ja muistikirjat sek\u00e4 juomavesi konferenssikeskuksen yleisiss\u00e4 tiloissa.\" \/>\n<meta property=\"og:url\" content=\"https:\/\/www.metropolspahotel.ee\/fi\/kokoustilat\/konferenssitila-1\/\" \/>\n<meta property=\"og:site_name\" content=\"Metropol Spa Hotel\" \/>\n<meta property=\"article:publisher\" content=\"https:\/\/www.facebook.com\/MetropolSpaHotel\/\" \/>\n<meta property=\"article:modified_time\" content=\"2026-01-06T09:05:36+00:00\" \/>\n<meta property=\"og:image\" content=\"https:\/\/www.metropolspahotel.ee\/wp-content\/uploads\/sites\/54\/2023\/09\/metropole_spa_hotel_gallery_37.jpg\" \/>\n\t<meta property=\"og:image:width\" content=\"1200\" \/>\n\t<meta property=\"og:image:height\" content=\"800\" \/>\n\t<meta property=\"og:image:type\" content=\"image\/jpeg\" \/>\n<meta name=\"twitter:card\" content=\"summary_large_image\" \/>\n<meta name=\"twitter:label1\" content=\"Arvioitu lukuaika\" \/>\n\t<meta name=\"twitter:data1\" content=\"1 minuutti\" \/>\n<script type=\"application\/ld+json\" class=\"yoast-schema-graph\">{\"@context\":\"https:\/\/schema.org\",\"@graph\":[{\"@type\":\"WebPage\",\"@id\":\"https:\/\/www.metropolspahotel.ee\/fi\/kokoustilat\/konferenssitila-1\/\",\"url\":\"https:\/\/www.metropolspahotel.ee\/fi\/kokoustilat\/konferenssitila-1\/\",\"name\":\"Konferenssitila 1 - Metropol Spa Hotel\",\"isPartOf\":{\"@id\":\"https:\/\/www.metropolspahotel.ee\/fi\/#website\"},\"datePublished\":\"2024-03-25T08:28:37+00:00\",\"dateModified\":\"2026-01-06T09:05:36+00:00\",\"description\":\"Koko: 70m\u00b2 \/ Max henkill\u00f6\u00e4: 50 Konferenssitiloissa on viimeisin audiovisuaalinen tekniikka ja ilmainen WiFi kaikille tapahtumille osallistuville asiakkaille. Konferenssitilat ovat sopivia konferensseihin, seminaareihin, lehdist\u00f6tilaisuuksiin, kokouksiin. Vuokrahintaan sis\u00e4ltyy: projektorin ja n\u00e4yt\u00f6n k\u00e4ytt\u00f6, mikrofoni, fl\u00e4ppitaulu ja huopakyn\u00e4t, kyn\u00e4t ja muistikirjat sek\u00e4 juomavesi konferenssikeskuksen yleisiss\u00e4 tiloissa.\",\"breadcrumb\":{\"@id\":\"https:\/\/www.metropolspahotel.ee\/fi\/kokoustilat\/konferenssitila-1\/#breadcrumb\"},\"inLanguage\":\"fi\",\"potentialAction\":[{\"@type\":\"ReadAction\",\"target\":[\"https:\/\/www.metropolspahotel.ee\/fi\/kokoustilat\/konferenssitila-1\/\"]}]},{\"@type\":\"BreadcrumbList\",\"@id\":\"https:\/\/www.metropolspahotel.ee\/fi\/kokoustilat\/konferenssitila-1\/#breadcrumb\",\"itemListElement\":[{\"@type\":\"ListItem\",\"position\":1,\"name\":\"Home\",\"item\":\"https:\/\/www.metropolspahotel.ee\/fi\/\"},{\"@type\":\"ListItem\",\"position\":2,\"name\":\"Kokoustilat\",\"item\":\"https:\/\/www.metropolspahotel.ee\/fi\/kokoustilat\/\"},{\"@type\":\"ListItem\",\"position\":3,\"name\":\"Konferenssitila 1\"}]},{\"@type\":\"WebSite\",\"@id\":\"https:\/\/www.metropolspahotel.ee\/fi\/#website\",\"url\":\"https:\/\/www.metropolspahotel.ee\/fi\/\",\"name\":\"Metropol Spa Hotel\",\"description\":\"Metropol Hotels pakub unikaalset hotellielamust Tallinna uues linnas\u00fcdames. Ideaalne valik \u00e4ri-, konverentsi- v\u00f5i puhkusereisiks!\",\"publisher\":{\"@id\":\"https:\/\/www.metropolspahotel.ee\/fi\/#organization\"},\"alternateName\":\"Metropol Spa Hotel\",\"potentialAction\":[{\"@type\":\"SearchAction\",\"target\":{\"@type\":\"EntryPoint\",\"urlTemplate\":\"https:\/\/www.metropolspahotel.ee\/fi\/?s={search_term_string}\"},\"query-input\":\"required name=search_term_string\"}],\"inLanguage\":\"fi\"},{\"@type\":\"Organization\",\"@id\":\"https:\/\/www.metropolspahotel.ee\/fi\/#organization\",\"name\":\"Metropol Spa Hotel\",\"alternateName\":\"Metropol Spa Hotel\",\"url\":\"https:\/\/www.metropolspahotel.ee\/fi\/\",\"logo\":{\"@type\":\"ImageObject\",\"inLanguage\":\"fi\",\"@id\":\"https:\/\/www.metropolspahotel.ee\/fi\/#\/schema\/logo\/image\/\",\"url\":\"https:\/\/www.metropolspahotel.ee\/wp-content\/uploads\/sites\/54\/2023\/08\/logo_metropol_spa_hotel_c.png\",\"contentUrl\":\"https:\/\/www.metropolspahotel.ee\/wp-content\/uploads\/sites\/54\/2023\/08\/logo_metropol_spa_hotel_c.png\",\"width\":341,\"height\":115,\"caption\":\"Metropol Spa Hotel\"},\"image\":{\"@id\":\"https:\/\/www.metropolspahotel.ee\/fi\/#\/schema\/logo\/image\/\"},\"sameAs\":[\"https:\/\/www.facebook.com\/MetropolSpaHotel\/\"]}]}<\/script>\n<!-- \/ Yoast SEO plugin. -->","yoast_head_json":{"title":"Konferenssitila 1 - Metropol Spa Hotel","description":"Koko: 70m\u00b2 \/ Max henkill\u00f6\u00e4: 50  Konferenssitiloissa on viimeisin audiovisuaalinen tekniikka ja ilmainen WiFi kaikille tapahtumille osallistuville asiakkaille. Konferenssitilat ovat sopivia konferensseihin, seminaareihin, lehdist\u00f6tilaisuuksiin, kokouksiin.  Vuokrahintaan sis\u00e4ltyy: projektorin ja n\u00e4yt\u00f6n k\u00e4ytt\u00f6, mikrofoni, fl\u00e4ppitaulu ja huopakyn\u00e4t, kyn\u00e4t ja muistikirjat sek\u00e4 juomavesi konferenssikeskuksen yleisiss\u00e4 tiloissa.","robots":{"index":"index","follow":"follow","max-snippet":"max-snippet:-1","max-image-preview":"max-image-preview:large","max-video-preview":"max-video-preview:-1"},"canonical":"https:\/\/www.metropolspahotel.ee\/fi\/kokoustilat\/konferenssitila-1\/","og_locale":"fi_FI","og_type":"article","og_title":"Konferenssitila 1 - Metropol Spa Hotel","og_description":"Koko: 70m\u00b2 \/ Max henkill\u00f6\u00e4: 50  Konferenssitiloissa on viimeisin audiovisuaalinen tekniikka ja ilmainen WiFi kaikille tapahtumille osallistuville asiakkaille. Konferenssitilat ovat sopivia konferensseihin, seminaareihin, lehdist\u00f6tilaisuuksiin, kokouksiin.  Vuokrahintaan sis\u00e4ltyy: projektorin ja n\u00e4yt\u00f6n k\u00e4ytt\u00f6, mikrofoni, fl\u00e4ppitaulu ja huopakyn\u00e4t, kyn\u00e4t ja muistikirjat sek\u00e4 juomavesi konferenssikeskuksen yleisiss\u00e4 tiloissa.","og_url":"https:\/\/www.metropolspahotel.ee\/fi\/kokoustilat\/konferenssitila-1\/","og_site_name":"Metropol Spa Hotel","article_publisher":"https:\/\/www.facebook.com\/MetropolSpaHotel\/","article_modified_time":"2026-01-06T09:05:36+00:00","og_image":[{"width":1200,"height":800,"url":"https:\/\/www.metropolspahotel.ee\/wp-content\/uploads\/sites\/54\/2023\/09\/metropole_spa_hotel_gallery_37.jpg","type":"image\/jpeg"}],"twitter_card":"summary_large_image","twitter_misc":{"Arvioitu lukuaika":"1 minuutti"},"schema":{"@context":"https:\/\/schema.org","@graph":[{"@type":"WebPage","@id":"https:\/\/www.metropolspahotel.ee\/fi\/kokoustilat\/konferenssitila-1\/","url":"https:\/\/www.metropolspahotel.ee\/fi\/kokoustilat\/konferenssitila-1\/","name":"Konferenssitila 1 - Metropol Spa Hotel","isPartOf":{"@id":"https:\/\/www.metropolspahotel.ee\/fi\/#website"},"datePublished":"2024-03-25T08:28:37+00:00","dateModified":"2026-01-06T09:05:36+00:00","description":"Koko: 70m\u00b2 \/ Max henkill\u00f6\u00e4: 50 Konferenssitiloissa on viimeisin audiovisuaalinen tekniikka ja ilmainen WiFi kaikille tapahtumille osallistuville asiakkaille. Konferenssitilat ovat sopivia konferensseihin, seminaareihin, lehdist\u00f6tilaisuuksiin, kokouksiin. Vuokrahintaan sis\u00e4ltyy: projektorin ja n\u00e4yt\u00f6n k\u00e4ytt\u00f6, mikrofoni, fl\u00e4ppitaulu ja huopakyn\u00e4t, kyn\u00e4t ja muistikirjat sek\u00e4 juomavesi konferenssikeskuksen yleisiss\u00e4 tiloissa.","breadcrumb":{"@id":"https:\/\/www.metropolspahotel.ee\/fi\/kokoustilat\/konferenssitila-1\/#breadcrumb"},"inLanguage":"fi","potentialAction":[{"@type":"ReadAction","target":["https:\/\/www.metropolspahotel.ee\/fi\/kokoustilat\/konferenssitila-1\/"]}]},{"@type":"BreadcrumbList","@id":"https:\/\/www.metropolspahotel.ee\/fi\/kokoustilat\/konferenssitila-1\/#breadcrumb","itemListElement":[{"@type":"ListItem","position":1,"name":"Home","item":"https:\/\/www.metropolspahotel.ee\/fi\/"},{"@type":"ListItem","position":2,"name":"Kokoustilat","item":"https:\/\/www.metropolspahotel.ee\/fi\/kokoustilat\/"},{"@type":"ListItem","position":3,"name":"Konferenssitila 1"}]},{"@type":"WebSite","@id":"https:\/\/www.metropolspahotel.ee\/fi\/#website","url":"https:\/\/www.metropolspahotel.ee\/fi\/","name":"Metropol Spa Hotel","description":"Metropol Hotels pakub unikaalset hotellielamust Tallinna uues linnas\u00fcdames. Ideaalne valik \u00e4ri-, konverentsi- v\u00f5i puhkusereisiks!","publisher":{"@id":"https:\/\/www.metropolspahotel.ee\/fi\/#organization"},"alternateName":"Metropol Spa Hotel","potentialAction":[{"@type":"SearchAction","target":{"@type":"EntryPoint","urlTemplate":"https:\/\/www.metropolspahotel.ee\/fi\/?s={search_term_string}"},"query-input":"required name=search_term_string"}],"inLanguage":"fi"},{"@type":"Organization","@id":"https:\/\/www.metropolspahotel.ee\/fi\/#organization","name":"Metropol Spa Hotel","alternateName":"Metropol Spa Hotel","url":"https:\/\/www.metropolspahotel.ee\/fi\/","logo":{"@type":"ImageObject","inLanguage":"fi","@id":"https:\/\/www.metropolspahotel.ee\/fi\/#\/schema\/logo\/image\/","url":"https:\/\/www.metropolspahotel.ee\/wp-content\/uploads\/sites\/54\/2023\/08\/logo_metropol_spa_hotel_c.png","contentUrl":"https:\/\/www.metropolspahotel.ee\/wp-content\/uploads\/sites\/54\/2023\/08\/logo_metropol_spa_hotel_c.png","width":341,"height":115,"caption":"Metropol Spa Hotel"},"image":{"@id":"https:\/\/www.metropolspahotel.ee\/fi\/#\/schema\/logo\/image\/"},"sameAs":["https:\/\/www.facebook.com\/MetropolSpaHotel\/"]}]}},"acf":[],"_links":{"self":[{"href":"https:\/\/www.metropolspahotel.ee\/fi\/wp-json\/wp\/v2\/pages\/1098"}],"collection":[{"href":"https:\/\/www.metropolspahotel.ee\/fi\/wp-json\/wp\/v2\/pages"}],"about":[{"href":"https:\/\/www.metropolspahotel.ee\/fi\/wp-json\/wp\/v2\/types\/page"}],"author":[{"embeddable":true,"href":"https:\/\/www.metropolspahotel.ee\/fi\/wp-json\/wp\/v2\/users\/121"}],"replies":[{"embeddable":true,"href":"https:\/\/www.metropolspahotel.ee\/fi\/wp-json\/wp\/v2\/comments?post=1098"}],"version-history":[{"count":0,"href":"https:\/\/www.metropolspahotel.ee\/fi\/wp-json\/wp\/v2\/pages\/1098\/revisions"}],"up":[{"embeddable":true,"href":"https:\/\/www.metropolspahotel.ee\/fi\/wp-json\/wp\/v2\/pages\/109"}],"wp:attachment":[{"href":"https:\/\/www.metropolspahotel.ee\/fi\/wp-json\/wp\/v2\/media?parent=1098"}],"curies":[{"name":"wp","href":"https:\/\/api.w.org\/{rel}","templated":true}]}}