{"id":1143,"date":"2024-03-06T14:12:22","date_gmt":"2024-03-06T14:12:22","guid":{"rendered":"https:\/\/hotelmetropolspa.ms2.decms.eu\/paketit\/spaahommik\/"},"modified":"2026-04-14T12:00:36","modified_gmt":"2026-04-14T12:00:36","slug":"kylpylaaamu","status":"publish","type":"page","link":"https:\/\/www.metropolspahotel.ee\/fi\/paketit\/kylpylaaamu\/","title":{"rendered":"KYLPYL\u00c4AAMU"},"content":{"rendered":"<p class=\"p1\" style=\"text-align: center\"><span style=\"vertical-align: inherit\"><span style=\"vertical-align: inherit\">Aloita p\u00e4iv\u00e4si runsaalla buffet-aamiaisella hotellin ensimm\u00e4isen kerroksen ravintolassa. N\u00e4kym\u00e4 Rotermannin alueelle, viihtyis\u00e4 interi\u00f6\u00f6ri, terveellinen aamiainen ja sen j\u00e4lkeen rentoutus kylpyl\u00e4- ja saunakeskuksessamme \u2013 kaikki t\u00e4m\u00e4, ja suurenmoinen p\u00e4iv\u00e4 voi alkaa.<\/span><\/span><\/p>\n<p class=\"p1\" style=\"text-align: center\">Tule yksin, yst\u00e4v\u00e4n, ty\u00f6toverien tai rakkaasi kanssa \u2013 me kaikki tarvitsemme silloin t\u00e4ll\u00f6in viihtyis\u00e4n aamuhetken!<\/p>\n","protected":false},"excerpt":{"rendered":"<p>Aloita p\u00e4iv\u00e4si runsaalla buffet-aamiaisella hotellin ensimm\u00e4isen kerroksen ravintolassa. N\u00e4kym\u00e4 Rotermannin alueelle, viihtyis\u00e4 interi\u00f6\u00f6ri, terveellinen aamiainen ja sen j\u00e4lkeen rentoutus kylpyl\u00e4- ja saunakeskuksessamme \u2013 kaikki t\u00e4m\u00e4, ja suurenmoinen p\u00e4iv\u00e4 voi alkaa. Tule yksin, yst\u00e4v\u00e4n, ty\u00f6toverien tai rakkaasi kanssa \u2013 me kaikki tarvitsemme silloin t\u00e4ll\u00f6in viihtyis\u00e4n aamuhetken!<\/p>\n","protected":false},"author":121,"featured_media":0,"parent":60,"menu_order":200,"comment_status":"closed","ping_status":"closed","template":"template-single-spa.php","meta":{"footnotes":""},"yoast_head":"<!-- This site is optimized with the Yoast SEO plugin v22.3 - https:\/\/yoast.com\/wordpress\/plugins\/seo\/ -->\n<title>KYLPYL\u00c4AAMU - Metropol Spa Hotel<\/title>\n<meta name=\"description\" content=\"Tule yksin, yst\u00e4v\u00e4n, ty\u00f6toverien tai rakkaasi kanssa \u2013 me kaikki tarvitsemme silloin t\u00e4ll\u00f6in viihtyis\u00e4n aamuhetken!\" \/>\n<meta name=\"robots\" content=\"index, follow, max-snippet:-1, max-image-preview:large, max-video-preview:-1\" \/>\n<link rel=\"canonical\" href=\"https:\/\/www.metropolspahotel.ee\/fi\/paketit\/kylpylaaamu\/\" \/>\n<meta property=\"og:locale\" content=\"fi_FI\" \/>\n<meta property=\"og:type\" content=\"article\" \/>\n<meta property=\"og:title\" content=\"KYLPYL\u00c4AAMU - Metropol Spa Hotel\" \/>\n<meta property=\"og:description\" content=\"Tule yksin, yst\u00e4v\u00e4n, ty\u00f6toverien tai rakkaasi kanssa \u2013 me kaikki tarvitsemme silloin t\u00e4ll\u00f6in viihtyis\u00e4n aamuhetken!\" \/>\n<meta property=\"og:url\" content=\"https:\/\/www.metropolspahotel.ee\/fi\/paketit\/kylpylaaamu\/\" \/>\n<meta property=\"og:site_name\" content=\"Metropol Spa Hotel\" \/>\n<meta property=\"article:publisher\" content=\"https:\/\/www.facebook.com\/MetropolSpaHotel\/\" \/>\n<meta property=\"article:modified_time\" content=\"2026-04-14T12:00:36+00:00\" \/>\n<meta property=\"og:image\" content=\"https:\/\/www.metropolspahotel.ee\/wp-content\/uploads\/sites\/54\/2023\/09\/metropole_spa_hotel_gallery_37.jpg\" \/>\n\t<meta property=\"og:image:width\" content=\"1200\" \/>\n\t<meta property=\"og:image:height\" content=\"800\" \/>\n\t<meta property=\"og:image:type\" content=\"image\/jpeg\" \/>\n<meta name=\"twitter:card\" content=\"summary_large_image\" \/>\n<meta name=\"twitter:label1\" content=\"Arvioitu lukuaika\" \/>\n\t<meta name=\"twitter:data1\" content=\"1 minuutti\" \/>\n<script type=\"application\/ld+json\" class=\"yoast-schema-graph\">{\"@context\":\"https:\/\/schema.org\",\"@graph\":[{\"@type\":\"WebPage\",\"@id\":\"https:\/\/www.metropolspahotel.ee\/fi\/paketit\/kylpylaaamu\/\",\"url\":\"https:\/\/www.metropolspahotel.ee\/fi\/paketit\/kylpylaaamu\/\",\"name\":\"KYLPYL\u00c4AAMU - Metropol Spa Hotel\",\"isPartOf\":{\"@id\":\"https:\/\/www.metropolspahotel.ee\/fi\/#website\"},\"datePublished\":\"2024-03-06T14:12:22+00:00\",\"dateModified\":\"2026-04-14T12:00:36+00:00\",\"description\":\"Tule yksin, yst\u00e4v\u00e4n, ty\u00f6toverien tai rakkaasi kanssa \u2013 me kaikki tarvitsemme silloin t\u00e4ll\u00f6in viihtyis\u00e4n aamuhetken!\",\"breadcrumb\":{\"@id\":\"https:\/\/www.metropolspahotel.ee\/fi\/paketit\/kylpylaaamu\/#breadcrumb\"},\"inLanguage\":\"fi\",\"potentialAction\":[{\"@type\":\"ReadAction\",\"target\":[\"https:\/\/www.metropolspahotel.ee\/fi\/paketit\/kylpylaaamu\/\"]}]},{\"@type\":\"BreadcrumbList\",\"@id\":\"https:\/\/www.metropolspahotel.ee\/fi\/paketit\/kylpylaaamu\/#breadcrumb\",\"itemListElement\":[{\"@type\":\"ListItem\",\"position\":1,\"name\":\"Home\",\"item\":\"https:\/\/www.metropolspahotel.ee\/fi\/\"},{\"@type\":\"ListItem\",\"position\":2,\"name\":\"Paketit\",\"item\":\"https:\/\/www.metropolspahotel.ee\/fi\/paketit\/\"},{\"@type\":\"ListItem\",\"position\":3,\"name\":\"KYLPYL\u00c4AAMU\"}]},{\"@type\":\"WebSite\",\"@id\":\"https:\/\/www.metropolspahotel.ee\/fi\/#website\",\"url\":\"https:\/\/www.metropolspahotel.ee\/fi\/\",\"name\":\"Metropol Spa Hotel\",\"description\":\"Metropol Hotels pakub unikaalset hotellielamust Tallinna uues linnas\u00fcdames. Ideaalne valik \u00e4ri-, konverentsi- v\u00f5i puhkusereisiks!\",\"publisher\":{\"@id\":\"https:\/\/www.metropolspahotel.ee\/fi\/#organization\"},\"alternateName\":\"Metropol Spa Hotel\",\"potentialAction\":[{\"@type\":\"SearchAction\",\"target\":{\"@type\":\"EntryPoint\",\"urlTemplate\":\"https:\/\/www.metropolspahotel.ee\/fi\/?s={search_term_string}\"},\"query-input\":\"required name=search_term_string\"}],\"inLanguage\":\"fi\"},{\"@type\":\"Organization\",\"@id\":\"https:\/\/www.metropolspahotel.ee\/fi\/#organization\",\"name\":\"Metropol Spa Hotel\",\"alternateName\":\"Metropol Spa Hotel\",\"url\":\"https:\/\/www.metropolspahotel.ee\/fi\/\",\"logo\":{\"@type\":\"ImageObject\",\"inLanguage\":\"fi\",\"@id\":\"https:\/\/www.metropolspahotel.ee\/fi\/#\/schema\/logo\/image\/\",\"url\":\"https:\/\/www.metropolspahotel.ee\/wp-content\/uploads\/sites\/54\/2023\/08\/logo_metropol_spa_hotel_c.png\",\"contentUrl\":\"https:\/\/www.metropolspahotel.ee\/wp-content\/uploads\/sites\/54\/2023\/08\/logo_metropol_spa_hotel_c.png\",\"width\":341,\"height\":115,\"caption\":\"Metropol Spa Hotel\"},\"image\":{\"@id\":\"https:\/\/www.metropolspahotel.ee\/fi\/#\/schema\/logo\/image\/\"},\"sameAs\":[\"https:\/\/www.facebook.com\/MetropolSpaHotel\/\"]}]}<\/script>\n<!-- \/ Yoast SEO plugin. -->","yoast_head_json":{"title":"KYLPYL\u00c4AAMU - Metropol Spa Hotel","description":"Tule yksin, yst\u00e4v\u00e4n, ty\u00f6toverien tai rakkaasi kanssa \u2013 me kaikki tarvitsemme silloin t\u00e4ll\u00f6in viihtyis\u00e4n aamuhetken!","robots":{"index":"index","follow":"follow","max-snippet":"max-snippet:-1","max-image-preview":"max-image-preview:large","max-video-preview":"max-video-preview:-1"},"canonical":"https:\/\/www.metropolspahotel.ee\/fi\/paketit\/kylpylaaamu\/","og_locale":"fi_FI","og_type":"article","og_title":"KYLPYL\u00c4AAMU - Metropol Spa Hotel","og_description":"Tule yksin, yst\u00e4v\u00e4n, ty\u00f6toverien tai rakkaasi kanssa \u2013 me kaikki tarvitsemme silloin t\u00e4ll\u00f6in viihtyis\u00e4n aamuhetken!","og_url":"https:\/\/www.metropolspahotel.ee\/fi\/paketit\/kylpylaaamu\/","og_site_name":"Metropol Spa Hotel","article_publisher":"https:\/\/www.facebook.com\/MetropolSpaHotel\/","article_modified_time":"2026-04-14T12:00:36+00:00","og_image":[{"width":1200,"height":800,"url":"https:\/\/www.metropolspahotel.ee\/wp-content\/uploads\/sites\/54\/2023\/09\/metropole_spa_hotel_gallery_37.jpg","type":"image\/jpeg"}],"twitter_card":"summary_large_image","twitter_misc":{"Arvioitu lukuaika":"1 minuutti"},"schema":{"@context":"https:\/\/schema.org","@graph":[{"@type":"WebPage","@id":"https:\/\/www.metropolspahotel.ee\/fi\/paketit\/kylpylaaamu\/","url":"https:\/\/www.metropolspahotel.ee\/fi\/paketit\/kylpylaaamu\/","name":"KYLPYL\u00c4AAMU - Metropol Spa Hotel","isPartOf":{"@id":"https:\/\/www.metropolspahotel.ee\/fi\/#website"},"datePublished":"2024-03-06T14:12:22+00:00","dateModified":"2026-04-14T12:00:36+00:00","description":"Tule yksin, yst\u00e4v\u00e4n, ty\u00f6toverien tai rakkaasi kanssa \u2013 me kaikki tarvitsemme silloin t\u00e4ll\u00f6in viihtyis\u00e4n aamuhetken!","breadcrumb":{"@id":"https:\/\/www.metropolspahotel.ee\/fi\/paketit\/kylpylaaamu\/#breadcrumb"},"inLanguage":"fi","potentialAction":[{"@type":"ReadAction","target":["https:\/\/www.metropolspahotel.ee\/fi\/paketit\/kylpylaaamu\/"]}]},{"@type":"BreadcrumbList","@id":"https:\/\/www.metropolspahotel.ee\/fi\/paketit\/kylpylaaamu\/#breadcrumb","itemListElement":[{"@type":"ListItem","position":1,"name":"Home","item":"https:\/\/www.metropolspahotel.ee\/fi\/"},{"@type":"ListItem","position":2,"name":"Paketit","item":"https:\/\/www.metropolspahotel.ee\/fi\/paketit\/"},{"@type":"ListItem","position":3,"name":"KYLPYL\u00c4AAMU"}]},{"@type":"WebSite","@id":"https:\/\/www.metropolspahotel.ee\/fi\/#website","url":"https:\/\/www.metropolspahotel.ee\/fi\/","name":"Metropol Spa Hotel","description":"Metropol Hotels pakub unikaalset hotellielamust Tallinna uues linnas\u00fcdames. Ideaalne valik \u00e4ri-, konverentsi- v\u00f5i puhkusereisiks!","publisher":{"@id":"https:\/\/www.metropolspahotel.ee\/fi\/#organization"},"alternateName":"Metropol Spa Hotel","potentialAction":[{"@type":"SearchAction","target":{"@type":"EntryPoint","urlTemplate":"https:\/\/www.metropolspahotel.ee\/fi\/?s={search_term_string}"},"query-input":"required name=search_term_string"}],"inLanguage":"fi"},{"@type":"Organization","@id":"https:\/\/www.metropolspahotel.ee\/fi\/#organization","name":"Metropol Spa Hotel","alternateName":"Metropol Spa Hotel","url":"https:\/\/www.metropolspahotel.ee\/fi\/","logo":{"@type":"ImageObject","inLanguage":"fi","@id":"https:\/\/www.metropolspahotel.ee\/fi\/#\/schema\/logo\/image\/","url":"https:\/\/www.metropolspahotel.ee\/wp-content\/uploads\/sites\/54\/2023\/08\/logo_metropol_spa_hotel_c.png","contentUrl":"https:\/\/www.metropolspahotel.ee\/wp-content\/uploads\/sites\/54\/2023\/08\/logo_metropol_spa_hotel_c.png","width":341,"height":115,"caption":"Metropol Spa Hotel"},"image":{"@id":"https:\/\/www.metropolspahotel.ee\/fi\/#\/schema\/logo\/image\/"},"sameAs":["https:\/\/www.facebook.com\/MetropolSpaHotel\/"]}]}},"acf":[],"_links":{"self":[{"href":"https:\/\/www.metropolspahotel.ee\/fi\/wp-json\/wp\/v2\/pages\/1143"}],"collection":[{"href":"https:\/\/www.metropolspahotel.ee\/fi\/wp-json\/wp\/v2\/pages"}],"about":[{"href":"https:\/\/www.metropolspahotel.ee\/fi\/wp-json\/wp\/v2\/types\/page"}],"author":[{"embeddable":true,"href":"https:\/\/www.metropolspahotel.ee\/fi\/wp-json\/wp\/v2\/users\/121"}],"replies":[{"embeddable":true,"href":"https:\/\/www.metropolspahotel.ee\/fi\/wp-json\/wp\/v2\/comments?post=1143"}],"version-history":[{"count":0,"href":"https:\/\/www.metropolspahotel.ee\/fi\/wp-json\/wp\/v2\/pages\/1143\/revisions"}],"up":[{"embeddable":true,"href":"https:\/\/www.metropolspahotel.ee\/fi\/wp-json\/wp\/v2\/pages\/60"}],"wp:attachment":[{"href":"https:\/\/www.metropolspahotel.ee\/fi\/wp-json\/wp\/v2\/media?parent=1143"}],"curies":[{"name":"wp","href":"https:\/\/api.w.org\/{rel}","templated":true}]}}