{"id":1149,"date":"2024-03-06T14:14:11","date_gmt":"2024-03-06T14:14:11","guid":{"rendered":"https:\/\/hotelmetropolspa.ms2.decms.eu\/paketit\/avasta-eestimaad\/"},"modified":"2026-03-02T08:04:31","modified_gmt":"2026-03-02T08:04:31","slug":"tutustu-viroon","status":"publish","type":"page","link":"https:\/\/www.metropolspahotel.ee\/fi\/paketit\/tutustu-viroon\/","title":{"rendered":"KAUNEUDEN KLASSIKKO \u2013 aikaa ihollesi"},"content":{"rendered":"<p class=\"p1\" style=\"text-align: center\">Joskus t\u00e4rkeint\u00e4 on pys\u00e4hty\u00e4 ja antaa iholle juuri sit\u00e4, mit\u00e4 se todella tarvitsee.<\/p>\n<p class=\"p1\" style=\"text-align: center\">\u201cKauneuden klassikko\u201d on 60 minuutin kasvohoito, joka r\u00e4\u00e4t\u00e4l\u00f6id\u00e4\u00e4n ihosi kunnon ja tarpeiden mukaan. Kylpyl\u00e4terapeutti valitsee hoidossa k\u00e4ytett\u00e4v\u00e4t Tilk!-luonnonkosmetiikkatuotteet juuri sinulle parhaan mahdollisen lopputuloksen saavuttamiseksi.<\/p>\n<p class=\"p1\" style=\"text-align: center\">Tilk! on virolainen luonnonkosmetiikkabr\u00e4ndi, joka yhdist\u00e4\u00e4 puhtaat raaka-aineet, vastuullisen kehitysty\u00f6n ja ihon luonnollisen tasapainon tukemisen.<\/p>\n<p class=\"p1\" style=\"text-align: center\">Ota hetki itsellesi.<\/p>\n","protected":false},"excerpt":{"rendered":"<p>Joskus t\u00e4rkeint\u00e4 on pys\u00e4hty\u00e4 ja antaa iholle juuri sit\u00e4, mit\u00e4 se todella tarvitsee. \u201cKauneuden klassikko\u201d on 60 minuutin kasvohoito, joka r\u00e4\u00e4t\u00e4l\u00f6id\u00e4\u00e4n ihosi kunnon ja tarpeiden mukaan. Kylpyl\u00e4terapeutti valitsee hoidossa k\u00e4ytett\u00e4v\u00e4t Tilk!-luonnonkosmetiikkatuotteet juuri sinulle parhaan mahdollisen lopputuloksen saavuttamiseksi. Tilk! on virolainen luonnonkosmetiikkabr\u00e4ndi, joka yhdist\u00e4\u00e4 puhtaat raaka-aineet, vastuullisen kehitysty\u00f6n ja ihon luonnollisen tasapainon tukemisen. Ota hetki itsellesi.<\/p>\n","protected":false},"author":121,"featured_media":0,"parent":60,"menu_order":303,"comment_status":"closed","ping_status":"closed","template":"template-single-spa.php","meta":{"footnotes":""},"yoast_head":"<!-- This site is optimized with the Yoast SEO plugin v22.3 - https:\/\/yoast.com\/wordpress\/plugins\/seo\/ -->\n<title>KAUNEUDEN KLASSIKKO \u2013 aikaa ihollesi - Metropol Spa Hotel<\/title>\n<meta name=\"description\" content=\"\u201dTutustu Viroon\u201d -paketti tutustuttaa sinut luonnonkosmetiikkabr\u00e4ndi Bonoboon. Kehosi kiitt\u00e4\u00e4, kun k\u00e4yt\u00e4t luonnonkosmetiikkaa!\" \/>\n<meta name=\"robots\" content=\"index, follow, max-snippet:-1, max-image-preview:large, max-video-preview:-1\" \/>\n<link rel=\"canonical\" href=\"https:\/\/www.metropolspahotel.ee\/fi\/paketit\/tutustu-viroon\/\" \/>\n<meta property=\"og:locale\" content=\"fi_FI\" \/>\n<meta property=\"og:type\" content=\"article\" \/>\n<meta property=\"og:title\" content=\"KAUNEUDEN KLASSIKKO \u2013 aikaa ihollesi - Metropol Spa Hotel\" \/>\n<meta property=\"og:description\" content=\"\u201dTutustu Viroon\u201d -paketti tutustuttaa sinut luonnonkosmetiikkabr\u00e4ndi Bonoboon. Kehosi kiitt\u00e4\u00e4, kun k\u00e4yt\u00e4t luonnonkosmetiikkaa!\" \/>\n<meta property=\"og:url\" content=\"https:\/\/www.metropolspahotel.ee\/fi\/paketit\/tutustu-viroon\/\" \/>\n<meta property=\"og:site_name\" content=\"Metropol Spa Hotel\" \/>\n<meta property=\"article:publisher\" content=\"https:\/\/www.facebook.com\/MetropolSpaHotel\/\" \/>\n<meta property=\"article:modified_time\" content=\"2026-03-02T08:04:31+00:00\" \/>\n<meta property=\"og:image\" content=\"https:\/\/www.metropolspahotel.ee\/wp-content\/uploads\/sites\/54\/2023\/09\/metropole_spa_hotel_gallery_37.jpg\" \/>\n\t<meta property=\"og:image:width\" content=\"1200\" \/>\n\t<meta property=\"og:image:height\" content=\"800\" \/>\n\t<meta property=\"og:image:type\" content=\"image\/jpeg\" \/>\n<meta name=\"twitter:card\" content=\"summary_large_image\" \/>\n<meta name=\"twitter:label1\" content=\"Arvioitu lukuaika\" \/>\n\t<meta name=\"twitter:data1\" content=\"1 minuutti\" \/>\n<script type=\"application\/ld+json\" class=\"yoast-schema-graph\">{\"@context\":\"https:\/\/schema.org\",\"@graph\":[{\"@type\":\"WebPage\",\"@id\":\"https:\/\/www.metropolspahotel.ee\/fi\/paketit\/tutustu-viroon\/\",\"url\":\"https:\/\/www.metropolspahotel.ee\/fi\/paketit\/tutustu-viroon\/\",\"name\":\"KAUNEUDEN KLASSIKKO \u2013 aikaa ihollesi - Metropol Spa Hotel\",\"isPartOf\":{\"@id\":\"https:\/\/www.metropolspahotel.ee\/fi\/#website\"},\"datePublished\":\"2024-03-06T14:14:11+00:00\",\"dateModified\":\"2026-03-02T08:04:31+00:00\",\"description\":\"\u201dTutustu Viroon\u201d -paketti tutustuttaa sinut luonnonkosmetiikkabr\u00e4ndi Bonoboon. Kehosi kiitt\u00e4\u00e4, kun k\u00e4yt\u00e4t luonnonkosmetiikkaa!\",\"breadcrumb\":{\"@id\":\"https:\/\/www.metropolspahotel.ee\/fi\/paketit\/tutustu-viroon\/#breadcrumb\"},\"inLanguage\":\"fi\",\"potentialAction\":[{\"@type\":\"ReadAction\",\"target\":[\"https:\/\/www.metropolspahotel.ee\/fi\/paketit\/tutustu-viroon\/\"]}]},{\"@type\":\"BreadcrumbList\",\"@id\":\"https:\/\/www.metropolspahotel.ee\/fi\/paketit\/tutustu-viroon\/#breadcrumb\",\"itemListElement\":[{\"@type\":\"ListItem\",\"position\":1,\"name\":\"Home\",\"item\":\"https:\/\/www.metropolspahotel.ee\/fi\/\"},{\"@type\":\"ListItem\",\"position\":2,\"name\":\"Paketit\",\"item\":\"https:\/\/www.metropolspahotel.ee\/fi\/paketit\/\"},{\"@type\":\"ListItem\",\"position\":3,\"name\":\"KAUNEUDEN KLASSIKKO \u2013 aikaa ihollesi\"}]},{\"@type\":\"WebSite\",\"@id\":\"https:\/\/www.metropolspahotel.ee\/fi\/#website\",\"url\":\"https:\/\/www.metropolspahotel.ee\/fi\/\",\"name\":\"Metropol Spa Hotel\",\"description\":\"Metropol Hotels pakub unikaalset hotellielamust Tallinna uues linnas\u00fcdames. Ideaalne valik \u00e4ri-, konverentsi- v\u00f5i puhkusereisiks!\",\"publisher\":{\"@id\":\"https:\/\/www.metropolspahotel.ee\/fi\/#organization\"},\"alternateName\":\"Metropol Spa Hotel\",\"potentialAction\":[{\"@type\":\"SearchAction\",\"target\":{\"@type\":\"EntryPoint\",\"urlTemplate\":\"https:\/\/www.metropolspahotel.ee\/fi\/?s={search_term_string}\"},\"query-input\":\"required name=search_term_string\"}],\"inLanguage\":\"fi\"},{\"@type\":\"Organization\",\"@id\":\"https:\/\/www.metropolspahotel.ee\/fi\/#organization\",\"name\":\"Metropol Spa Hotel\",\"alternateName\":\"Metropol Spa Hotel\",\"url\":\"https:\/\/www.metropolspahotel.ee\/fi\/\",\"logo\":{\"@type\":\"ImageObject\",\"inLanguage\":\"fi\",\"@id\":\"https:\/\/www.metropolspahotel.ee\/fi\/#\/schema\/logo\/image\/\",\"url\":\"https:\/\/www.metropolspahotel.ee\/wp-content\/uploads\/sites\/54\/2023\/08\/logo_metropol_spa_hotel_c.png\",\"contentUrl\":\"https:\/\/www.metropolspahotel.ee\/wp-content\/uploads\/sites\/54\/2023\/08\/logo_metropol_spa_hotel_c.png\",\"width\":341,\"height\":115,\"caption\":\"Metropol Spa Hotel\"},\"image\":{\"@id\":\"https:\/\/www.metropolspahotel.ee\/fi\/#\/schema\/logo\/image\/\"},\"sameAs\":[\"https:\/\/www.facebook.com\/MetropolSpaHotel\/\"]}]}<\/script>\n<!-- \/ Yoast SEO plugin. -->","yoast_head_json":{"title":"KAUNEUDEN KLASSIKKO \u2013 aikaa ihollesi - Metropol Spa Hotel","description":"\u201dTutustu Viroon\u201d -paketti tutustuttaa sinut luonnonkosmetiikkabr\u00e4ndi Bonoboon. Kehosi kiitt\u00e4\u00e4, kun k\u00e4yt\u00e4t luonnonkosmetiikkaa!","robots":{"index":"index","follow":"follow","max-snippet":"max-snippet:-1","max-image-preview":"max-image-preview:large","max-video-preview":"max-video-preview:-1"},"canonical":"https:\/\/www.metropolspahotel.ee\/fi\/paketit\/tutustu-viroon\/","og_locale":"fi_FI","og_type":"article","og_title":"KAUNEUDEN KLASSIKKO \u2013 aikaa ihollesi - Metropol Spa Hotel","og_description":"\u201dTutustu Viroon\u201d -paketti tutustuttaa sinut luonnonkosmetiikkabr\u00e4ndi Bonoboon. Kehosi kiitt\u00e4\u00e4, kun k\u00e4yt\u00e4t luonnonkosmetiikkaa!","og_url":"https:\/\/www.metropolspahotel.ee\/fi\/paketit\/tutustu-viroon\/","og_site_name":"Metropol Spa Hotel","article_publisher":"https:\/\/www.facebook.com\/MetropolSpaHotel\/","article_modified_time":"2026-03-02T08:04:31+00:00","og_image":[{"width":1200,"height":800,"url":"https:\/\/www.metropolspahotel.ee\/wp-content\/uploads\/sites\/54\/2023\/09\/metropole_spa_hotel_gallery_37.jpg","type":"image\/jpeg"}],"twitter_card":"summary_large_image","twitter_misc":{"Arvioitu lukuaika":"1 minuutti"},"schema":{"@context":"https:\/\/schema.org","@graph":[{"@type":"WebPage","@id":"https:\/\/www.metropolspahotel.ee\/fi\/paketit\/tutustu-viroon\/","url":"https:\/\/www.metropolspahotel.ee\/fi\/paketit\/tutustu-viroon\/","name":"KAUNEUDEN KLASSIKKO \u2013 aikaa ihollesi - Metropol Spa Hotel","isPartOf":{"@id":"https:\/\/www.metropolspahotel.ee\/fi\/#website"},"datePublished":"2024-03-06T14:14:11+00:00","dateModified":"2026-03-02T08:04:31+00:00","description":"\u201dTutustu Viroon\u201d -paketti tutustuttaa sinut luonnonkosmetiikkabr\u00e4ndi Bonoboon. Kehosi kiitt\u00e4\u00e4, kun k\u00e4yt\u00e4t luonnonkosmetiikkaa!","breadcrumb":{"@id":"https:\/\/www.metropolspahotel.ee\/fi\/paketit\/tutustu-viroon\/#breadcrumb"},"inLanguage":"fi","potentialAction":[{"@type":"ReadAction","target":["https:\/\/www.metropolspahotel.ee\/fi\/paketit\/tutustu-viroon\/"]}]},{"@type":"BreadcrumbList","@id":"https:\/\/www.metropolspahotel.ee\/fi\/paketit\/tutustu-viroon\/#breadcrumb","itemListElement":[{"@type":"ListItem","position":1,"name":"Home","item":"https:\/\/www.metropolspahotel.ee\/fi\/"},{"@type":"ListItem","position":2,"name":"Paketit","item":"https:\/\/www.metropolspahotel.ee\/fi\/paketit\/"},{"@type":"ListItem","position":3,"name":"KAUNEUDEN KLASSIKKO \u2013 aikaa ihollesi"}]},{"@type":"WebSite","@id":"https:\/\/www.metropolspahotel.ee\/fi\/#website","url":"https:\/\/www.metropolspahotel.ee\/fi\/","name":"Metropol Spa Hotel","description":"Metropol Hotels pakub unikaalset hotellielamust Tallinna uues linnas\u00fcdames. Ideaalne valik \u00e4ri-, konverentsi- v\u00f5i puhkusereisiks!","publisher":{"@id":"https:\/\/www.metropolspahotel.ee\/fi\/#organization"},"alternateName":"Metropol Spa Hotel","potentialAction":[{"@type":"SearchAction","target":{"@type":"EntryPoint","urlTemplate":"https:\/\/www.metropolspahotel.ee\/fi\/?s={search_term_string}"},"query-input":"required name=search_term_string"}],"inLanguage":"fi"},{"@type":"Organization","@id":"https:\/\/www.metropolspahotel.ee\/fi\/#organization","name":"Metropol Spa Hotel","alternateName":"Metropol Spa Hotel","url":"https:\/\/www.metropolspahotel.ee\/fi\/","logo":{"@type":"ImageObject","inLanguage":"fi","@id":"https:\/\/www.metropolspahotel.ee\/fi\/#\/schema\/logo\/image\/","url":"https:\/\/www.metropolspahotel.ee\/wp-content\/uploads\/sites\/54\/2023\/08\/logo_metropol_spa_hotel_c.png","contentUrl":"https:\/\/www.metropolspahotel.ee\/wp-content\/uploads\/sites\/54\/2023\/08\/logo_metropol_spa_hotel_c.png","width":341,"height":115,"caption":"Metropol Spa Hotel"},"image":{"@id":"https:\/\/www.metropolspahotel.ee\/fi\/#\/schema\/logo\/image\/"},"sameAs":["https:\/\/www.facebook.com\/MetropolSpaHotel\/"]}]}},"acf":[],"_links":{"self":[{"href":"https:\/\/www.metropolspahotel.ee\/fi\/wp-json\/wp\/v2\/pages\/1149"}],"collection":[{"href":"https:\/\/www.metropolspahotel.ee\/fi\/wp-json\/wp\/v2\/pages"}],"about":[{"href":"https:\/\/www.metropolspahotel.ee\/fi\/wp-json\/wp\/v2\/types\/page"}],"author":[{"embeddable":true,"href":"https:\/\/www.metropolspahotel.ee\/fi\/wp-json\/wp\/v2\/users\/121"}],"replies":[{"embeddable":true,"href":"https:\/\/www.metropolspahotel.ee\/fi\/wp-json\/wp\/v2\/comments?post=1149"}],"version-history":[{"count":0,"href":"https:\/\/www.metropolspahotel.ee\/fi\/wp-json\/wp\/v2\/pages\/1149\/revisions"}],"up":[{"embeddable":true,"href":"https:\/\/www.metropolspahotel.ee\/fi\/wp-json\/wp\/v2\/pages\/60"}],"wp:attachment":[{"href":"https:\/\/www.metropolspahotel.ee\/fi\/wp-json\/wp\/v2\/media?parent=1149"}],"curies":[{"name":"wp","href":"https:\/\/api.w.org\/{rel}","templated":true}]}}