{"id":1168,"date":"2024-03-06T14:23:57","date_gmt":"2024-03-06T14:23:57","guid":{"rendered":"https:\/\/hotelmetropolspa.ms2.decms.eu\/paketit\/massaaz-ja-spaa\/"},"modified":"2025-03-25T16:24:32","modified_gmt":"2025-03-25T16:24:32","slug":"hieronta-ja-kylpylakokemus","status":"publish","type":"page","link":"https:\/\/www.metropolspahotel.ee\/fi\/paketit\/hieronta-ja-kylpylakokemus\/","title":{"rendered":"HIERONTA JA KYLPYL\u00c4KOKEMUS"},"content":{"rendered":"<p class=\"p1\" style=\"text-align: center\">Hieronta on ihanaa! Eik\u00f6!<\/p>\n<p class=\"p1\" style=\"text-align: center\">Hieronta rentouttaa, tervehdytt\u00e4\u00e4, lievitt\u00e4\u00e4 stressi\u00e4, v\u00e4hent\u00e4\u00e4 lihasj\u00e4nnityst\u00e4\u2026 Ja t\u00e4h\u00e4n kaikkeen yhdistet\u00e4\u00e4n viel\u00e4 k\u00e4ynti kylpyl\u00e4- ja saunakeskuksessa, jossa uima-allas, saunat ja nelj\u00e4 poreallasta auttavat kehoa ja mielt\u00e4 rentoutumaan t\u00e4ydellisesti.<\/p>\n<p class=\"p1\" style=\"text-align: center\">Nyt kannattaa k\u00e4yd\u00e4 meill\u00e4 heti kolme eri kertaa &#8211; kokeilemassa kaikki pakettiin kuuluvat hieronnat!<\/p>\n","protected":false},"excerpt":{"rendered":"<p>Hieronta on ihanaa! Eik\u00f6! Hieronta rentouttaa, tervehdytt\u00e4\u00e4, lievitt\u00e4\u00e4 stressi\u00e4, v\u00e4hent\u00e4\u00e4 lihasj\u00e4nnityst\u00e4\u2026 Ja t\u00e4h\u00e4n kaikkeen yhdistet\u00e4\u00e4n viel\u00e4 k\u00e4ynti kylpyl\u00e4- ja saunakeskuksessa, jossa uima-allas, saunat ja nelj\u00e4 poreallasta auttavat kehoa ja mielt\u00e4 rentoutumaan t\u00e4ydellisesti. Nyt kannattaa k\u00e4yd\u00e4 meill\u00e4 heti kolme eri kertaa &#8211; kokeilemassa kaikki pakettiin kuuluvat hieronnat!<\/p>\n","protected":false},"author":121,"featured_media":0,"parent":60,"menu_order":302,"comment_status":"closed","ping_status":"closed","template":"template-single-spa.php","meta":{"footnotes":""},"yoast_head":"<!-- This site is optimized with the Yoast SEO plugin v22.3 - https:\/\/yoast.com\/wordpress\/plugins\/seo\/ -->\n<title>HIERONTA JA KYLPYL\u00c4KOKEMUS - Metropol Spa Hotel<\/title>\n<meta name=\"description\" content=\"Hieronta on ihanaa! Eik\u00f6? Nyt kannattaa k\u00e4yd\u00e4 meill\u00e4 heti kolme eri kertaa - kokeilemassa kaikki pakettiin kuuluvat hieronnat!\" \/>\n<meta name=\"robots\" content=\"index, follow, max-snippet:-1, max-image-preview:large, max-video-preview:-1\" \/>\n<link rel=\"canonical\" href=\"https:\/\/www.metropolspahotel.ee\/fi\/paketit\/hieronta-ja-kylpylakokemus\/\" \/>\n<meta property=\"og:locale\" content=\"fi_FI\" \/>\n<meta property=\"og:type\" content=\"article\" \/>\n<meta property=\"og:title\" content=\"HIERONTA JA KYLPYL\u00c4KOKEMUS - Metropol Spa Hotel\" \/>\n<meta property=\"og:description\" content=\"Hieronta on ihanaa! Eik\u00f6? Nyt kannattaa k\u00e4yd\u00e4 meill\u00e4 heti kolme eri kertaa - kokeilemassa kaikki pakettiin kuuluvat hieronnat!\" \/>\n<meta property=\"og:url\" content=\"https:\/\/www.metropolspahotel.ee\/fi\/paketit\/hieronta-ja-kylpylakokemus\/\" \/>\n<meta property=\"og:site_name\" content=\"Metropol Spa Hotel\" \/>\n<meta property=\"article:publisher\" content=\"https:\/\/www.facebook.com\/MetropolSpaHotel\/\" \/>\n<meta property=\"article:modified_time\" content=\"2025-03-25T16:24:32+00:00\" \/>\n<meta property=\"og:image\" content=\"https:\/\/www.metropolspahotel.ee\/wp-content\/uploads\/sites\/54\/2023\/09\/metropole_spa_hotel_gallery_37.jpg\" \/>\n\t<meta property=\"og:image:width\" content=\"1200\" \/>\n\t<meta property=\"og:image:height\" content=\"800\" \/>\n\t<meta property=\"og:image:type\" content=\"image\/jpeg\" \/>\n<meta name=\"twitter:card\" content=\"summary_large_image\" \/>\n<meta name=\"twitter:label1\" content=\"Arvioitu lukuaika\" \/>\n\t<meta name=\"twitter:data1\" content=\"1 minuutti\" \/>\n<script type=\"application\/ld+json\" class=\"yoast-schema-graph\">{\"@context\":\"https:\/\/schema.org\",\"@graph\":[{\"@type\":\"WebPage\",\"@id\":\"https:\/\/www.metropolspahotel.ee\/fi\/paketit\/hieronta-ja-kylpylakokemus\/\",\"url\":\"https:\/\/www.metropolspahotel.ee\/fi\/paketit\/hieronta-ja-kylpylakokemus\/\",\"name\":\"HIERONTA JA KYLPYL\u00c4KOKEMUS - Metropol Spa Hotel\",\"isPartOf\":{\"@id\":\"https:\/\/www.metropolspahotel.ee\/fi\/#website\"},\"datePublished\":\"2024-03-06T14:23:57+00:00\",\"dateModified\":\"2025-03-25T16:24:32+00:00\",\"description\":\"Hieronta on ihanaa! Eik\u00f6? Nyt kannattaa k\u00e4yd\u00e4 meill\u00e4 heti kolme eri kertaa - kokeilemassa kaikki pakettiin kuuluvat hieronnat!\",\"breadcrumb\":{\"@id\":\"https:\/\/www.metropolspahotel.ee\/fi\/paketit\/hieronta-ja-kylpylakokemus\/#breadcrumb\"},\"inLanguage\":\"fi\",\"potentialAction\":[{\"@type\":\"ReadAction\",\"target\":[\"https:\/\/www.metropolspahotel.ee\/fi\/paketit\/hieronta-ja-kylpylakokemus\/\"]}]},{\"@type\":\"BreadcrumbList\",\"@id\":\"https:\/\/www.metropolspahotel.ee\/fi\/paketit\/hieronta-ja-kylpylakokemus\/#breadcrumb\",\"itemListElement\":[{\"@type\":\"ListItem\",\"position\":1,\"name\":\"Home\",\"item\":\"https:\/\/www.metropolspahotel.ee\/fi\/\"},{\"@type\":\"ListItem\",\"position\":2,\"name\":\"Paketit\",\"item\":\"https:\/\/www.metropolspahotel.ee\/fi\/paketit\/\"},{\"@type\":\"ListItem\",\"position\":3,\"name\":\"HIERONTA JA KYLPYL\u00c4KOKEMUS\"}]},{\"@type\":\"WebSite\",\"@id\":\"https:\/\/www.metropolspahotel.ee\/fi\/#website\",\"url\":\"https:\/\/www.metropolspahotel.ee\/fi\/\",\"name\":\"Metropol Spa Hotel\",\"description\":\"Metropol Hotels pakub unikaalset hotellielamust Tallinna uues linnas\u00fcdames. Ideaalne valik \u00e4ri-, konverentsi- v\u00f5i puhkusereisiks!\",\"publisher\":{\"@id\":\"https:\/\/www.metropolspahotel.ee\/fi\/#organization\"},\"alternateName\":\"Metropol Spa Hotel\",\"potentialAction\":[{\"@type\":\"SearchAction\",\"target\":{\"@type\":\"EntryPoint\",\"urlTemplate\":\"https:\/\/www.metropolspahotel.ee\/fi\/?s={search_term_string}\"},\"query-input\":\"required name=search_term_string\"}],\"inLanguage\":\"fi\"},{\"@type\":\"Organization\",\"@id\":\"https:\/\/www.metropolspahotel.ee\/fi\/#organization\",\"name\":\"Metropol Spa Hotel\",\"alternateName\":\"Metropol Spa Hotel\",\"url\":\"https:\/\/www.metropolspahotel.ee\/fi\/\",\"logo\":{\"@type\":\"ImageObject\",\"inLanguage\":\"fi\",\"@id\":\"https:\/\/www.metropolspahotel.ee\/fi\/#\/schema\/logo\/image\/\",\"url\":\"https:\/\/www.metropolspahotel.ee\/wp-content\/uploads\/sites\/54\/2023\/08\/logo_metropol_spa_hotel_c.png\",\"contentUrl\":\"https:\/\/www.metropolspahotel.ee\/wp-content\/uploads\/sites\/54\/2023\/08\/logo_metropol_spa_hotel_c.png\",\"width\":341,\"height\":115,\"caption\":\"Metropol Spa Hotel\"},\"image\":{\"@id\":\"https:\/\/www.metropolspahotel.ee\/fi\/#\/schema\/logo\/image\/\"},\"sameAs\":[\"https:\/\/www.facebook.com\/MetropolSpaHotel\/\"]}]}<\/script>\n<!-- \/ Yoast SEO plugin. -->","yoast_head_json":{"title":"HIERONTA JA KYLPYL\u00c4KOKEMUS - Metropol Spa Hotel","description":"Hieronta on ihanaa! Eik\u00f6? Nyt kannattaa k\u00e4yd\u00e4 meill\u00e4 heti kolme eri kertaa - kokeilemassa kaikki pakettiin kuuluvat hieronnat!","robots":{"index":"index","follow":"follow","max-snippet":"max-snippet:-1","max-image-preview":"max-image-preview:large","max-video-preview":"max-video-preview:-1"},"canonical":"https:\/\/www.metropolspahotel.ee\/fi\/paketit\/hieronta-ja-kylpylakokemus\/","og_locale":"fi_FI","og_type":"article","og_title":"HIERONTA JA KYLPYL\u00c4KOKEMUS - Metropol Spa Hotel","og_description":"Hieronta on ihanaa! Eik\u00f6? Nyt kannattaa k\u00e4yd\u00e4 meill\u00e4 heti kolme eri kertaa - kokeilemassa kaikki pakettiin kuuluvat hieronnat!","og_url":"https:\/\/www.metropolspahotel.ee\/fi\/paketit\/hieronta-ja-kylpylakokemus\/","og_site_name":"Metropol Spa Hotel","article_publisher":"https:\/\/www.facebook.com\/MetropolSpaHotel\/","article_modified_time":"2025-03-25T16:24:32+00:00","og_image":[{"width":1200,"height":800,"url":"https:\/\/www.metropolspahotel.ee\/wp-content\/uploads\/sites\/54\/2023\/09\/metropole_spa_hotel_gallery_37.jpg","type":"image\/jpeg"}],"twitter_card":"summary_large_image","twitter_misc":{"Arvioitu lukuaika":"1 minuutti"},"schema":{"@context":"https:\/\/schema.org","@graph":[{"@type":"WebPage","@id":"https:\/\/www.metropolspahotel.ee\/fi\/paketit\/hieronta-ja-kylpylakokemus\/","url":"https:\/\/www.metropolspahotel.ee\/fi\/paketit\/hieronta-ja-kylpylakokemus\/","name":"HIERONTA JA KYLPYL\u00c4KOKEMUS - Metropol Spa Hotel","isPartOf":{"@id":"https:\/\/www.metropolspahotel.ee\/fi\/#website"},"datePublished":"2024-03-06T14:23:57+00:00","dateModified":"2025-03-25T16:24:32+00:00","description":"Hieronta on ihanaa! Eik\u00f6? Nyt kannattaa k\u00e4yd\u00e4 meill\u00e4 heti kolme eri kertaa - kokeilemassa kaikki pakettiin kuuluvat hieronnat!","breadcrumb":{"@id":"https:\/\/www.metropolspahotel.ee\/fi\/paketit\/hieronta-ja-kylpylakokemus\/#breadcrumb"},"inLanguage":"fi","potentialAction":[{"@type":"ReadAction","target":["https:\/\/www.metropolspahotel.ee\/fi\/paketit\/hieronta-ja-kylpylakokemus\/"]}]},{"@type":"BreadcrumbList","@id":"https:\/\/www.metropolspahotel.ee\/fi\/paketit\/hieronta-ja-kylpylakokemus\/#breadcrumb","itemListElement":[{"@type":"ListItem","position":1,"name":"Home","item":"https:\/\/www.metropolspahotel.ee\/fi\/"},{"@type":"ListItem","position":2,"name":"Paketit","item":"https:\/\/www.metropolspahotel.ee\/fi\/paketit\/"},{"@type":"ListItem","position":3,"name":"HIERONTA JA KYLPYL\u00c4KOKEMUS"}]},{"@type":"WebSite","@id":"https:\/\/www.metropolspahotel.ee\/fi\/#website","url":"https:\/\/www.metropolspahotel.ee\/fi\/","name":"Metropol Spa Hotel","description":"Metropol Hotels pakub unikaalset hotellielamust Tallinna uues linnas\u00fcdames. Ideaalne valik \u00e4ri-, konverentsi- v\u00f5i puhkusereisiks!","publisher":{"@id":"https:\/\/www.metropolspahotel.ee\/fi\/#organization"},"alternateName":"Metropol Spa Hotel","potentialAction":[{"@type":"SearchAction","target":{"@type":"EntryPoint","urlTemplate":"https:\/\/www.metropolspahotel.ee\/fi\/?s={search_term_string}"},"query-input":"required name=search_term_string"}],"inLanguage":"fi"},{"@type":"Organization","@id":"https:\/\/www.metropolspahotel.ee\/fi\/#organization","name":"Metropol Spa Hotel","alternateName":"Metropol Spa Hotel","url":"https:\/\/www.metropolspahotel.ee\/fi\/","logo":{"@type":"ImageObject","inLanguage":"fi","@id":"https:\/\/www.metropolspahotel.ee\/fi\/#\/schema\/logo\/image\/","url":"https:\/\/www.metropolspahotel.ee\/wp-content\/uploads\/sites\/54\/2023\/08\/logo_metropol_spa_hotel_c.png","contentUrl":"https:\/\/www.metropolspahotel.ee\/wp-content\/uploads\/sites\/54\/2023\/08\/logo_metropol_spa_hotel_c.png","width":341,"height":115,"caption":"Metropol Spa Hotel"},"image":{"@id":"https:\/\/www.metropolspahotel.ee\/fi\/#\/schema\/logo\/image\/"},"sameAs":["https:\/\/www.facebook.com\/MetropolSpaHotel\/"]}]}},"acf":[],"_links":{"self":[{"href":"https:\/\/www.metropolspahotel.ee\/fi\/wp-json\/wp\/v2\/pages\/1168"}],"collection":[{"href":"https:\/\/www.metropolspahotel.ee\/fi\/wp-json\/wp\/v2\/pages"}],"about":[{"href":"https:\/\/www.metropolspahotel.ee\/fi\/wp-json\/wp\/v2\/types\/page"}],"author":[{"embeddable":true,"href":"https:\/\/www.metropolspahotel.ee\/fi\/wp-json\/wp\/v2\/users\/121"}],"replies":[{"embeddable":true,"href":"https:\/\/www.metropolspahotel.ee\/fi\/wp-json\/wp\/v2\/comments?post=1168"}],"version-history":[{"count":0,"href":"https:\/\/www.metropolspahotel.ee\/fi\/wp-json\/wp\/v2\/pages\/1168\/revisions"}],"up":[{"embeddable":true,"href":"https:\/\/www.metropolspahotel.ee\/fi\/wp-json\/wp\/v2\/pages\/60"}],"wp:attachment":[{"href":"https:\/\/www.metropolspahotel.ee\/fi\/wp-json\/wp\/v2\/media?parent=1168"}],"curies":[{"name":"wp","href":"https:\/\/api.w.org\/{rel}","templated":true}]}}