{"id":12,"date":"2023-07-18T14:41:51","date_gmt":"2023-07-18T14:41:51","guid":{"rendered":"https:\/\/hotelmetropolspa.ms2.decms.eu\/metropol-spa-hoteli-tubade-valik\/"},"modified":"2024-12-20T14:03:47","modified_gmt":"2024-12-20T14:03:47","slug":"huoneet","status":"publish","type":"page","link":"https:\/\/www.metropolspahotel.ee\/fi\/huoneet\/","title":{"rendered":"Huoneet"},"content":{"rendered":"<p style=\"text-align: center\">Sinulle r\u00e4\u00e4t\u00e4l\u00f6ity majoitus.<\/p>\n<p style=\"text-align: center\">Saatavilla on <em>Comfort<\/em>&#8211; ja <em>Superior<\/em>-huoneita, <em>Deluxe<\/em>-huoneita, <em>Junior<\/em>-sviittej\u00e4 ja sviittej\u00e4.<\/p>\n<p style=\"text-align: center\">Perheille tarjoamme yhdistelt\u00e4vi\u00e4 huoneita, joissa on v\u00e4liovi, jotta voitte viett\u00e4\u00e4 aikaa sek\u00e4 yhdess\u00e4 ett\u00e4 erikseen. Lis\u00e4ksi l\u00f6yd\u00e4mme sopivan huoneen erityistarpeita omaaville henkil\u00f6ille, jotta vierailu hotellissamme on varmasti miellytt\u00e4v\u00e4 ja esteet\u00f6n aivan kaikille. My\u00f6s allergikot majoittuvat meill\u00e4 mukavasti.<\/p>\n","protected":false},"excerpt":{"rendered":"<p>Sinulle r\u00e4\u00e4t\u00e4l\u00f6ity majoitus. Saatavilla on Comfort&#8211; ja Superior-huoneita, Deluxe-huoneita, Junior-sviittej\u00e4 ja sviittej\u00e4. Perheille tarjoamme yhdistelt\u00e4vi\u00e4 huoneita, joissa on v\u00e4liovi, jotta voitte viett\u00e4\u00e4 aikaa sek\u00e4 yhdess\u00e4 ett\u00e4 erikseen. Lis\u00e4ksi l\u00f6yd\u00e4mme sopivan huoneen erityistarpeita omaaville henkil\u00f6ille, jotta vierailu hotellissamme on varmasti miellytt\u00e4v\u00e4 ja esteet\u00f6n aivan kaikille. My\u00f6s allergikot majoittuvat meill\u00e4 mukavasti.<\/p>\n","protected":false},"author":11,"featured_media":0,"parent":0,"menu_order":10,"comment_status":"closed","ping_status":"closed","template":"template-rooms.php","meta":{"footnotes":""},"yoast_head":"<!-- This site is optimized with the Yoast SEO plugin v22.3 - https:\/\/yoast.com\/wordpress\/plugins\/seo\/ -->\n<title>Hotellihuoneet | Metropol Spa-hotelli Tallinnassa<\/title>\n<meta name=\"description\" content=\"Majoitus Tallinnan keskustassa. Saatavilla on Comfort- ja Superior-huoneita, Deluxe-huoneita, Junior-sviittej\u00e4 ja sviittej\u00e4\" \/>\n<meta name=\"robots\" content=\"index, follow, max-snippet:-1, max-image-preview:large, max-video-preview:-1\" \/>\n<link rel=\"canonical\" href=\"https:\/\/www.metropolspahotel.ee\/fi\/huoneet\/\" \/>\n<meta property=\"og:locale\" content=\"fi_FI\" \/>\n<meta property=\"og:type\" content=\"article\" \/>\n<meta property=\"og:title\" content=\"Hotellihuoneet | Metropol Spa-hotelli Tallinnassa\" \/>\n<meta property=\"og:description\" content=\"Majoitus Tallinnan keskustassa. Saatavilla on Comfort- ja Superior-huoneita, Deluxe-huoneita, Junior-sviittej\u00e4 ja sviittej\u00e4\" \/>\n<meta property=\"og:url\" content=\"https:\/\/www.metropolspahotel.ee\/fi\/huoneet\/\" \/>\n<meta property=\"og:site_name\" content=\"Metropol Spa Hotel\" \/>\n<meta property=\"article:publisher\" content=\"https:\/\/www.facebook.com\/MetropolSpaHotel\/\" \/>\n<meta property=\"article:modified_time\" content=\"2024-12-20T14:03:47+00:00\" \/>\n<meta property=\"og:image\" content=\"https:\/\/www.metropolspahotel.ee\/wp-content\/uploads\/sites\/54\/2023\/09\/metropole_spa_hotel_gallery_37.jpg\" \/>\n\t<meta property=\"og:image:width\" content=\"1200\" \/>\n\t<meta property=\"og:image:height\" content=\"800\" \/>\n\t<meta property=\"og:image:type\" content=\"image\/jpeg\" \/>\n<meta name=\"twitter:card\" content=\"summary_large_image\" \/>\n<meta name=\"twitter:label1\" content=\"Arvioitu lukuaika\" \/>\n\t<meta name=\"twitter:data1\" content=\"1 minuutti\" \/>\n<script type=\"application\/ld+json\" class=\"yoast-schema-graph\">{\"@context\":\"https:\/\/schema.org\",\"@graph\":[{\"@type\":\"WebPage\",\"@id\":\"https:\/\/www.metropolspahotel.ee\/fi\/huoneet\/\",\"url\":\"https:\/\/www.metropolspahotel.ee\/fi\/huoneet\/\",\"name\":\"Hotellihuoneet | Metropol Spa-hotelli Tallinnassa\",\"isPartOf\":{\"@id\":\"https:\/\/www.metropolspahotel.ee\/fi\/#website\"},\"datePublished\":\"2023-07-18T14:41:51+00:00\",\"dateModified\":\"2024-12-20T14:03:47+00:00\",\"description\":\"Majoitus Tallinnan keskustassa. Saatavilla on Comfort- ja Superior-huoneita, Deluxe-huoneita, Junior-sviittej\u00e4 ja sviittej\u00e4\",\"breadcrumb\":{\"@id\":\"https:\/\/www.metropolspahotel.ee\/fi\/huoneet\/#breadcrumb\"},\"inLanguage\":\"fi\",\"potentialAction\":[{\"@type\":\"ReadAction\",\"target\":[\"https:\/\/www.metropolspahotel.ee\/fi\/huoneet\/\"]}]},{\"@type\":\"BreadcrumbList\",\"@id\":\"https:\/\/www.metropolspahotel.ee\/fi\/huoneet\/#breadcrumb\",\"itemListElement\":[{\"@type\":\"ListItem\",\"position\":1,\"name\":\"Home\",\"item\":\"https:\/\/www.metropolspahotel.ee\/fi\/\"},{\"@type\":\"ListItem\",\"position\":2,\"name\":\"Huoneet\"}]},{\"@type\":\"WebSite\",\"@id\":\"https:\/\/www.metropolspahotel.ee\/fi\/#website\",\"url\":\"https:\/\/www.metropolspahotel.ee\/fi\/\",\"name\":\"Metropol Spa Hotel\",\"description\":\"Metropol Hotels pakub unikaalset hotellielamust Tallinna uues linnas\u00fcdames. Ideaalne valik \u00e4ri-, konverentsi- v\u00f5i puhkusereisiks!\",\"publisher\":{\"@id\":\"https:\/\/www.metropolspahotel.ee\/fi\/#organization\"},\"alternateName\":\"Metropol Spa Hotel\",\"potentialAction\":[{\"@type\":\"SearchAction\",\"target\":{\"@type\":\"EntryPoint\",\"urlTemplate\":\"https:\/\/www.metropolspahotel.ee\/fi\/?s={search_term_string}\"},\"query-input\":\"required name=search_term_string\"}],\"inLanguage\":\"fi\"},{\"@type\":\"Organization\",\"@id\":\"https:\/\/www.metropolspahotel.ee\/fi\/#organization\",\"name\":\"Metropol Spa Hotel\",\"alternateName\":\"Metropol Spa Hotel\",\"url\":\"https:\/\/www.metropolspahotel.ee\/fi\/\",\"logo\":{\"@type\":\"ImageObject\",\"inLanguage\":\"fi\",\"@id\":\"https:\/\/www.metropolspahotel.ee\/fi\/#\/schema\/logo\/image\/\",\"url\":\"https:\/\/www.metropolspahotel.ee\/wp-content\/uploads\/sites\/54\/2023\/08\/logo_metropol_spa_hotel_c.png\",\"contentUrl\":\"https:\/\/www.metropolspahotel.ee\/wp-content\/uploads\/sites\/54\/2023\/08\/logo_metropol_spa_hotel_c.png\",\"width\":341,\"height\":115,\"caption\":\"Metropol Spa Hotel\"},\"image\":{\"@id\":\"https:\/\/www.metropolspahotel.ee\/fi\/#\/schema\/logo\/image\/\"},\"sameAs\":[\"https:\/\/www.facebook.com\/MetropolSpaHotel\/\"]}]}<\/script>\n<!-- \/ Yoast SEO plugin. -->","yoast_head_json":{"title":"Hotellihuoneet | Metropol Spa-hotelli Tallinnassa","description":"Majoitus Tallinnan keskustassa. Saatavilla on Comfort- ja Superior-huoneita, Deluxe-huoneita, Junior-sviittej\u00e4 ja sviittej\u00e4","robots":{"index":"index","follow":"follow","max-snippet":"max-snippet:-1","max-image-preview":"max-image-preview:large","max-video-preview":"max-video-preview:-1"},"canonical":"https:\/\/www.metropolspahotel.ee\/fi\/huoneet\/","og_locale":"fi_FI","og_type":"article","og_title":"Hotellihuoneet | Metropol Spa-hotelli Tallinnassa","og_description":"Majoitus Tallinnan keskustassa. Saatavilla on Comfort- ja Superior-huoneita, Deluxe-huoneita, Junior-sviittej\u00e4 ja sviittej\u00e4","og_url":"https:\/\/www.metropolspahotel.ee\/fi\/huoneet\/","og_site_name":"Metropol Spa Hotel","article_publisher":"https:\/\/www.facebook.com\/MetropolSpaHotel\/","article_modified_time":"2024-12-20T14:03:47+00:00","og_image":[{"width":1200,"height":800,"url":"https:\/\/www.metropolspahotel.ee\/wp-content\/uploads\/sites\/54\/2023\/09\/metropole_spa_hotel_gallery_37.jpg","type":"image\/jpeg"}],"twitter_card":"summary_large_image","twitter_misc":{"Arvioitu lukuaika":"1 minuutti"},"schema":{"@context":"https:\/\/schema.org","@graph":[{"@type":"WebPage","@id":"https:\/\/www.metropolspahotel.ee\/fi\/huoneet\/","url":"https:\/\/www.metropolspahotel.ee\/fi\/huoneet\/","name":"Hotellihuoneet | Metropol Spa-hotelli Tallinnassa","isPartOf":{"@id":"https:\/\/www.metropolspahotel.ee\/fi\/#website"},"datePublished":"2023-07-18T14:41:51+00:00","dateModified":"2024-12-20T14:03:47+00:00","description":"Majoitus Tallinnan keskustassa. Saatavilla on Comfort- ja Superior-huoneita, Deluxe-huoneita, Junior-sviittej\u00e4 ja sviittej\u00e4","breadcrumb":{"@id":"https:\/\/www.metropolspahotel.ee\/fi\/huoneet\/#breadcrumb"},"inLanguage":"fi","potentialAction":[{"@type":"ReadAction","target":["https:\/\/www.metropolspahotel.ee\/fi\/huoneet\/"]}]},{"@type":"BreadcrumbList","@id":"https:\/\/www.metropolspahotel.ee\/fi\/huoneet\/#breadcrumb","itemListElement":[{"@type":"ListItem","position":1,"name":"Home","item":"https:\/\/www.metropolspahotel.ee\/fi\/"},{"@type":"ListItem","position":2,"name":"Huoneet"}]},{"@type":"WebSite","@id":"https:\/\/www.metropolspahotel.ee\/fi\/#website","url":"https:\/\/www.metropolspahotel.ee\/fi\/","name":"Metropol Spa Hotel","description":"Metropol Hotels pakub unikaalset hotellielamust Tallinna uues linnas\u00fcdames. Ideaalne valik \u00e4ri-, konverentsi- v\u00f5i puhkusereisiks!","publisher":{"@id":"https:\/\/www.metropolspahotel.ee\/fi\/#organization"},"alternateName":"Metropol Spa Hotel","potentialAction":[{"@type":"SearchAction","target":{"@type":"EntryPoint","urlTemplate":"https:\/\/www.metropolspahotel.ee\/fi\/?s={search_term_string}"},"query-input":"required name=search_term_string"}],"inLanguage":"fi"},{"@type":"Organization","@id":"https:\/\/www.metropolspahotel.ee\/fi\/#organization","name":"Metropol Spa Hotel","alternateName":"Metropol Spa Hotel","url":"https:\/\/www.metropolspahotel.ee\/fi\/","logo":{"@type":"ImageObject","inLanguage":"fi","@id":"https:\/\/www.metropolspahotel.ee\/fi\/#\/schema\/logo\/image\/","url":"https:\/\/www.metropolspahotel.ee\/wp-content\/uploads\/sites\/54\/2023\/08\/logo_metropol_spa_hotel_c.png","contentUrl":"https:\/\/www.metropolspahotel.ee\/wp-content\/uploads\/sites\/54\/2023\/08\/logo_metropol_spa_hotel_c.png","width":341,"height":115,"caption":"Metropol Spa Hotel"},"image":{"@id":"https:\/\/www.metropolspahotel.ee\/fi\/#\/schema\/logo\/image\/"},"sameAs":["https:\/\/www.facebook.com\/MetropolSpaHotel\/"]}]}},"acf":[],"_links":{"self":[{"href":"https:\/\/www.metropolspahotel.ee\/fi\/wp-json\/wp\/v2\/pages\/12"}],"collection":[{"href":"https:\/\/www.metropolspahotel.ee\/fi\/wp-json\/wp\/v2\/pages"}],"about":[{"href":"https:\/\/www.metropolspahotel.ee\/fi\/wp-json\/wp\/v2\/types\/page"}],"author":[{"embeddable":true,"href":"https:\/\/www.metropolspahotel.ee\/fi\/wp-json\/wp\/v2\/users\/11"}],"replies":[{"embeddable":true,"href":"https:\/\/www.metropolspahotel.ee\/fi\/wp-json\/wp\/v2\/comments?post=12"}],"version-history":[{"count":0,"href":"https:\/\/www.metropolspahotel.ee\/fi\/wp-json\/wp\/v2\/pages\/12\/revisions"}],"wp:attachment":[{"href":"https:\/\/www.metropolspahotel.ee\/fi\/wp-json\/wp\/v2\/media?parent=12"}],"curies":[{"name":"wp","href":"https:\/\/api.w.org\/{rel}","templated":true}]}}