{"id":1211,"date":"2023-08-29T13:31:12","date_gmt":"2023-08-29T13:31:12","guid":{"rendered":"https:\/\/hotelmetropolspa.ms2.decms.eu\/mita-tehda-tallinnassa\/rotermanni-kvartal\/"},"modified":"2025-03-17T09:41:00","modified_gmt":"2025-03-17T09:41:00","slug":"rotermannin-kortteli","status":"publish","type":"page","link":"https:\/\/www.metropolspahotel.ee\/fi\/mita-tehda-tallinnassa\/rotermannin-kortteli\/","title":{"rendered":"Rotermannin kortteli"},"content":{"rendered":"<p style=\"font-weight: 400;text-align: center\">Arkkitehtuurinsa puolesta liki ainutlaatuinen Rotermann on autoton alue keskell\u00e4 Tallinnan ydinkeskustaa, joka on kuin luotu viihtymiseen. Rotermannissa on kiva k\u00e4vell\u00e4, nauttia urbaanista ymp\u00e4rist\u00f6st\u00e4, pys\u00e4hty\u00e4 kahville ja pist\u00e4yty\u00e4 alueen kivoissa kaupoissa.<\/p>\n<p style=\"font-weight: 400;text-align: center\">Entisten tehdasrakennusten ja modernin arkkitehtuurin katveessa toimii useita ravintoloita ja baareja, jotka tekev\u00e4t koko korttelista varsinaisen gastronomisen keitaan. Aloita p\u00e4iv\u00e4 leipomon hurmaavilla uunituoreilla herkuilla, ja lounaaksi on tarjolla miltei mit\u00e4 tahansa gruusialaisesta keitti\u00f6st\u00e4 aasialaiseen ja kasvisruoasta liharuokaan. Iltaa varten Rotermannista l\u00f6ytyy useita kivoja baareja sek\u00e4 my\u00f6s Michelin Guide -ravintola \u2013 valinnanvaraa on valtavasti.<\/p>\n","protected":false},"excerpt":{"rendered":"<p>Arkkitehtuurinsa puolesta liki ainutlaatuinen Rotermann on autoton alue keskell\u00e4 Tallinnan ydinkeskustaa, joka on kuin luotu viihtymiseen. Rotermannissa on kiva k\u00e4vell\u00e4, nauttia urbaanista ymp\u00e4rist\u00f6st\u00e4, pys\u00e4hty\u00e4 kahville ja pist\u00e4yty\u00e4 alueen kivoissa kaupoissa. Entisten tehdasrakennusten ja modernin arkkitehtuurin katveessa toimii useita ravintoloita ja baareja, jotka tekev\u00e4t koko korttelista varsinaisen gastronomisen keitaan. Aloita p\u00e4iv\u00e4 leipomon hurmaavilla uunituoreilla herkuilla, ja [&hellip;]<\/p>\n","protected":false},"author":26,"featured_media":909,"parent":971,"menu_order":20,"comment_status":"closed","ping_status":"closed","template":"template-default-2.php","meta":{"footnotes":""},"yoast_head":"<!-- This site is optimized with the Yoast SEO plugin v22.3 - https:\/\/yoast.com\/wordpress\/plugins\/seo\/ -->\n<title>Rotermannin kortteli - Metropol Spa Hotel<\/title>\n<meta name=\"description\" content=\"Arkkitehtuurinsa puolesta liki ainutlaatuinen Rotermann on autoton alue keskell\u00e4 Tallinnan ydinkeskustaa, joka on kuin luotu viihtymiseen.\" \/>\n<meta name=\"robots\" content=\"index, follow, max-snippet:-1, max-image-preview:large, max-video-preview:-1\" \/>\n<link rel=\"canonical\" href=\"https:\/\/www.metropolspahotel.ee\/fi\/mita-tehda-tallinnassa\/rotermannin-kortteli\/\" \/>\n<meta property=\"og:locale\" content=\"fi_FI\" \/>\n<meta property=\"og:type\" content=\"article\" \/>\n<meta property=\"og:title\" content=\"Rotermannin kortteli - Metropol Spa Hotel\" \/>\n<meta property=\"og:description\" content=\"Arkkitehtuurinsa puolesta liki ainutlaatuinen Rotermann on autoton alue keskell\u00e4 Tallinnan ydinkeskustaa, joka on kuin luotu viihtymiseen.\" \/>\n<meta property=\"og:url\" content=\"https:\/\/www.metropolspahotel.ee\/fi\/mita-tehda-tallinnassa\/rotermannin-kortteli\/\" \/>\n<meta property=\"og:site_name\" content=\"Metropol Spa Hotel\" \/>\n<meta property=\"article:publisher\" content=\"https:\/\/www.facebook.com\/MetropolSpaHotel\/\" \/>\n<meta property=\"article:modified_time\" content=\"2025-03-17T09:41:00+00:00\" \/>\n<meta property=\"og:image\" content=\"https:\/\/www.metropolspahotel.ee\/wp-content\/uploads\/sites\/54\/2024\/06\/shotby_marekmetslaid_MMP4336.jpg\" \/>\n\t<meta property=\"og:image:width\" content=\"1803\" \/>\n\t<meta property=\"og:image:height\" content=\"1200\" \/>\n\t<meta property=\"og:image:type\" content=\"image\/jpeg\" \/>\n<meta name=\"twitter:card\" content=\"summary_large_image\" \/>\n<meta name=\"twitter:label1\" content=\"Arvioitu lukuaika\" \/>\n\t<meta name=\"twitter:data1\" content=\"1 minuutti\" \/>\n<script type=\"application\/ld+json\" class=\"yoast-schema-graph\">{\"@context\":\"https:\/\/schema.org\",\"@graph\":[{\"@type\":\"WebPage\",\"@id\":\"https:\/\/www.metropolspahotel.ee\/fi\/mita-tehda-tallinnassa\/rotermannin-kortteli\/\",\"url\":\"https:\/\/www.metropolspahotel.ee\/fi\/mita-tehda-tallinnassa\/rotermannin-kortteli\/\",\"name\":\"Rotermannin kortteli - Metropol Spa Hotel\",\"isPartOf\":{\"@id\":\"https:\/\/www.metropolspahotel.ee\/fi\/#website\"},\"primaryImageOfPage\":{\"@id\":\"https:\/\/www.metropolspahotel.ee\/fi\/mita-tehda-tallinnassa\/rotermannin-kortteli\/#primaryimage\"},\"image\":{\"@id\":\"https:\/\/www.metropolspahotel.ee\/fi\/mita-tehda-tallinnassa\/rotermannin-kortteli\/#primaryimage\"},\"thumbnailUrl\":\"https:\/\/www.metropolspahotel.ee\/wp-content\/uploads\/sites\/54\/2024\/06\/shotby_marekmetslaid_MMP4336.jpg\",\"datePublished\":\"2023-08-29T13:31:12+00:00\",\"dateModified\":\"2025-03-17T09:41:00+00:00\",\"description\":\"Arkkitehtuurinsa puolesta liki ainutlaatuinen Rotermann on autoton alue keskell\u00e4 Tallinnan ydinkeskustaa, joka on kuin luotu viihtymiseen.\",\"breadcrumb\":{\"@id\":\"https:\/\/www.metropolspahotel.ee\/fi\/mita-tehda-tallinnassa\/rotermannin-kortteli\/#breadcrumb\"},\"inLanguage\":\"fi\",\"potentialAction\":[{\"@type\":\"ReadAction\",\"target\":[\"https:\/\/www.metropolspahotel.ee\/fi\/mita-tehda-tallinnassa\/rotermannin-kortteli\/\"]}]},{\"@type\":\"ImageObject\",\"inLanguage\":\"fi\",\"@id\":\"https:\/\/www.metropolspahotel.ee\/fi\/mita-tehda-tallinnassa\/rotermannin-kortteli\/#primaryimage\",\"url\":\"https:\/\/www.metropolspahotel.ee\/wp-content\/uploads\/sites\/54\/2024\/06\/shotby_marekmetslaid_MMP4336.jpg\",\"contentUrl\":\"https:\/\/www.metropolspahotel.ee\/wp-content\/uploads\/sites\/54\/2024\/06\/shotby_marekmetslaid_MMP4336.jpg\",\"width\":1803,\"height\":1200},{\"@type\":\"BreadcrumbList\",\"@id\":\"https:\/\/www.metropolspahotel.ee\/fi\/mita-tehda-tallinnassa\/rotermannin-kortteli\/#breadcrumb\",\"itemListElement\":[{\"@type\":\"ListItem\",\"position\":1,\"name\":\"Home\",\"item\":\"https:\/\/www.metropolspahotel.ee\/fi\/\"},{\"@type\":\"ListItem\",\"position\":2,\"name\":\"Mit\u00e4 tehd\u00e4 Tallinnassa?\",\"item\":\"https:\/\/www.metropolspahotel.ee\/fi\/mita-tehda-tallinnassa\/\"},{\"@type\":\"ListItem\",\"position\":3,\"name\":\"Rotermannin kortteli\"}]},{\"@type\":\"WebSite\",\"@id\":\"https:\/\/www.metropolspahotel.ee\/fi\/#website\",\"url\":\"https:\/\/www.metropolspahotel.ee\/fi\/\",\"name\":\"Metropol Spa Hotel\",\"description\":\"Metropol Hotels pakub unikaalset hotellielamust Tallinna uues linnas\u00fcdames. Ideaalne valik \u00e4ri-, konverentsi- v\u00f5i puhkusereisiks!\",\"publisher\":{\"@id\":\"https:\/\/www.metropolspahotel.ee\/fi\/#organization\"},\"alternateName\":\"Metropol Spa Hotel\",\"potentialAction\":[{\"@type\":\"SearchAction\",\"target\":{\"@type\":\"EntryPoint\",\"urlTemplate\":\"https:\/\/www.metropolspahotel.ee\/fi\/?s={search_term_string}\"},\"query-input\":\"required name=search_term_string\"}],\"inLanguage\":\"fi\"},{\"@type\":\"Organization\",\"@id\":\"https:\/\/www.metropolspahotel.ee\/fi\/#organization\",\"name\":\"Metropol Spa Hotel\",\"alternateName\":\"Metropol Spa Hotel\",\"url\":\"https:\/\/www.metropolspahotel.ee\/fi\/\",\"logo\":{\"@type\":\"ImageObject\",\"inLanguage\":\"fi\",\"@id\":\"https:\/\/www.metropolspahotel.ee\/fi\/#\/schema\/logo\/image\/\",\"url\":\"https:\/\/www.metropolspahotel.ee\/wp-content\/uploads\/sites\/54\/2023\/08\/logo_metropol_spa_hotel_c.png\",\"contentUrl\":\"https:\/\/www.metropolspahotel.ee\/wp-content\/uploads\/sites\/54\/2023\/08\/logo_metropol_spa_hotel_c.png\",\"width\":341,\"height\":115,\"caption\":\"Metropol Spa Hotel\"},\"image\":{\"@id\":\"https:\/\/www.metropolspahotel.ee\/fi\/#\/schema\/logo\/image\/\"},\"sameAs\":[\"https:\/\/www.facebook.com\/MetropolSpaHotel\/\"]}]}<\/script>\n<!-- \/ Yoast SEO plugin. -->","yoast_head_json":{"title":"Rotermannin kortteli - Metropol Spa Hotel","description":"Arkkitehtuurinsa puolesta liki ainutlaatuinen Rotermann on autoton alue keskell\u00e4 Tallinnan ydinkeskustaa, joka on kuin luotu viihtymiseen.","robots":{"index":"index","follow":"follow","max-snippet":"max-snippet:-1","max-image-preview":"max-image-preview:large","max-video-preview":"max-video-preview:-1"},"canonical":"https:\/\/www.metropolspahotel.ee\/fi\/mita-tehda-tallinnassa\/rotermannin-kortteli\/","og_locale":"fi_FI","og_type":"article","og_title":"Rotermannin kortteli - Metropol Spa Hotel","og_description":"Arkkitehtuurinsa puolesta liki ainutlaatuinen Rotermann on autoton alue keskell\u00e4 Tallinnan ydinkeskustaa, joka on kuin luotu viihtymiseen.","og_url":"https:\/\/www.metropolspahotel.ee\/fi\/mita-tehda-tallinnassa\/rotermannin-kortteli\/","og_site_name":"Metropol Spa Hotel","article_publisher":"https:\/\/www.facebook.com\/MetropolSpaHotel\/","article_modified_time":"2025-03-17T09:41:00+00:00","og_image":[{"width":1803,"height":1200,"url":"https:\/\/www.metropolspahotel.ee\/wp-content\/uploads\/sites\/54\/2024\/06\/shotby_marekmetslaid_MMP4336.jpg","type":"image\/jpeg"}],"twitter_card":"summary_large_image","twitter_misc":{"Arvioitu lukuaika":"1 minuutti"},"schema":{"@context":"https:\/\/schema.org","@graph":[{"@type":"WebPage","@id":"https:\/\/www.metropolspahotel.ee\/fi\/mita-tehda-tallinnassa\/rotermannin-kortteli\/","url":"https:\/\/www.metropolspahotel.ee\/fi\/mita-tehda-tallinnassa\/rotermannin-kortteli\/","name":"Rotermannin kortteli - Metropol Spa Hotel","isPartOf":{"@id":"https:\/\/www.metropolspahotel.ee\/fi\/#website"},"primaryImageOfPage":{"@id":"https:\/\/www.metropolspahotel.ee\/fi\/mita-tehda-tallinnassa\/rotermannin-kortteli\/#primaryimage"},"image":{"@id":"https:\/\/www.metropolspahotel.ee\/fi\/mita-tehda-tallinnassa\/rotermannin-kortteli\/#primaryimage"},"thumbnailUrl":"https:\/\/www.metropolspahotel.ee\/wp-content\/uploads\/sites\/54\/2024\/06\/shotby_marekmetslaid_MMP4336.jpg","datePublished":"2023-08-29T13:31:12+00:00","dateModified":"2025-03-17T09:41:00+00:00","description":"Arkkitehtuurinsa puolesta liki ainutlaatuinen Rotermann on autoton alue keskell\u00e4 Tallinnan ydinkeskustaa, joka on kuin luotu viihtymiseen.","breadcrumb":{"@id":"https:\/\/www.metropolspahotel.ee\/fi\/mita-tehda-tallinnassa\/rotermannin-kortteli\/#breadcrumb"},"inLanguage":"fi","potentialAction":[{"@type":"ReadAction","target":["https:\/\/www.metropolspahotel.ee\/fi\/mita-tehda-tallinnassa\/rotermannin-kortteli\/"]}]},{"@type":"ImageObject","inLanguage":"fi","@id":"https:\/\/www.metropolspahotel.ee\/fi\/mita-tehda-tallinnassa\/rotermannin-kortteli\/#primaryimage","url":"https:\/\/www.metropolspahotel.ee\/wp-content\/uploads\/sites\/54\/2024\/06\/shotby_marekmetslaid_MMP4336.jpg","contentUrl":"https:\/\/www.metropolspahotel.ee\/wp-content\/uploads\/sites\/54\/2024\/06\/shotby_marekmetslaid_MMP4336.jpg","width":1803,"height":1200},{"@type":"BreadcrumbList","@id":"https:\/\/www.metropolspahotel.ee\/fi\/mita-tehda-tallinnassa\/rotermannin-kortteli\/#breadcrumb","itemListElement":[{"@type":"ListItem","position":1,"name":"Home","item":"https:\/\/www.metropolspahotel.ee\/fi\/"},{"@type":"ListItem","position":2,"name":"Mit\u00e4 tehd\u00e4 Tallinnassa?","item":"https:\/\/www.metropolspahotel.ee\/fi\/mita-tehda-tallinnassa\/"},{"@type":"ListItem","position":3,"name":"Rotermannin kortteli"}]},{"@type":"WebSite","@id":"https:\/\/www.metropolspahotel.ee\/fi\/#website","url":"https:\/\/www.metropolspahotel.ee\/fi\/","name":"Metropol Spa Hotel","description":"Metropol Hotels pakub unikaalset hotellielamust Tallinna uues linnas\u00fcdames. Ideaalne valik \u00e4ri-, konverentsi- v\u00f5i puhkusereisiks!","publisher":{"@id":"https:\/\/www.metropolspahotel.ee\/fi\/#organization"},"alternateName":"Metropol Spa Hotel","potentialAction":[{"@type":"SearchAction","target":{"@type":"EntryPoint","urlTemplate":"https:\/\/www.metropolspahotel.ee\/fi\/?s={search_term_string}"},"query-input":"required name=search_term_string"}],"inLanguage":"fi"},{"@type":"Organization","@id":"https:\/\/www.metropolspahotel.ee\/fi\/#organization","name":"Metropol Spa Hotel","alternateName":"Metropol Spa Hotel","url":"https:\/\/www.metropolspahotel.ee\/fi\/","logo":{"@type":"ImageObject","inLanguage":"fi","@id":"https:\/\/www.metropolspahotel.ee\/fi\/#\/schema\/logo\/image\/","url":"https:\/\/www.metropolspahotel.ee\/wp-content\/uploads\/sites\/54\/2023\/08\/logo_metropol_spa_hotel_c.png","contentUrl":"https:\/\/www.metropolspahotel.ee\/wp-content\/uploads\/sites\/54\/2023\/08\/logo_metropol_spa_hotel_c.png","width":341,"height":115,"caption":"Metropol Spa Hotel"},"image":{"@id":"https:\/\/www.metropolspahotel.ee\/fi\/#\/schema\/logo\/image\/"},"sameAs":["https:\/\/www.facebook.com\/MetropolSpaHotel\/"]}]}},"acf":[],"_links":{"self":[{"href":"https:\/\/www.metropolspahotel.ee\/fi\/wp-json\/wp\/v2\/pages\/1211"}],"collection":[{"href":"https:\/\/www.metropolspahotel.ee\/fi\/wp-json\/wp\/v2\/pages"}],"about":[{"href":"https:\/\/www.metropolspahotel.ee\/fi\/wp-json\/wp\/v2\/types\/page"}],"author":[{"embeddable":true,"href":"https:\/\/www.metropolspahotel.ee\/fi\/wp-json\/wp\/v2\/users\/26"}],"replies":[{"embeddable":true,"href":"https:\/\/www.metropolspahotel.ee\/fi\/wp-json\/wp\/v2\/comments?post=1211"}],"version-history":[{"count":0,"href":"https:\/\/www.metropolspahotel.ee\/fi\/wp-json\/wp\/v2\/pages\/1211\/revisions"}],"up":[{"embeddable":true,"href":"https:\/\/www.metropolspahotel.ee\/fi\/wp-json\/wp\/v2\/pages\/971"}],"wp:featuredmedia":[{"embeddable":true,"href":"https:\/\/www.metropolspahotel.ee\/fi\/wp-json\/wp\/v2\/media\/909"}],"wp:attachment":[{"href":"https:\/\/www.metropolspahotel.ee\/fi\/wp-json\/wp\/v2\/media?parent=1211"}],"curies":[{"name":"wp","href":"https:\/\/api.w.org\/{rel}","templated":true}]}}