{"id":1217,"date":"2023-08-29T13:31:45","date_gmt":"2023-08-29T13:31:45","guid":{"rendered":"https:\/\/hotelmetropolspa.ms2.decms.eu\/mita-tehda-tallinnassa\/vabamu\/"},"modified":"2024-09-20T16:14:56","modified_gmt":"2024-09-20T16:14:56","slug":"vabamu","status":"publish","type":"page","link":"https:\/\/www.metropolspahotel.ee\/fi\/mita-tehda-tallinnassa\/vabamu\/","title":{"rendered":"Vabamu"},"content":{"rendered":"<div>\n<p style=\"text-align: center;\">Vabamu sijaitsee Tallinnan keskustassa l\u00e4hell\u00e4 Vapaudenaukiota. T\u00e4\u00e4ll\u00e4 voit tutustua Viron historiaan miehitysten ja uudelleenitsen\u00e4istymisen aikana. L\u00e4hihistoriaa ja Neuvostoliiton ja Saksan miehitysvaltaan liittyvi\u00e4 sortotoimia, karkotuksia ja pakolaisuutta k\u00e4sitell\u00e4\u00e4n usein traagisin s\u00e4vyin. T\u00e4m\u00e4 on totta, kuitenkin me Vabamussa p\u00e4\u00e4timme l\u00e4hesty\u00e4 aihetta toisin ja saada aikaan n\u00e4yttelyn, joka koostuu ihmisten henkil\u00f6kohtaisista tarinoista. Niihin sis\u00e4ltyy sek\u00e4 vaikeita ett\u00e4 valoisia muistoja.<\/p>\n<\/div>\n<div>\n<p style=\"text-align: center;\">Vierailijoita opastetaan n\u00e4yttelyn l\u00e4pi e-opas englanniksi, ven\u00e4j\u00e4ksi, saksaksi, latviaksi, liettuaksi, suomeksi, ranskaksi ja espanjaksi.<\/p>\n<\/div>\n","protected":false},"excerpt":{"rendered":"<p>Vabamu sijaitsee Tallinnan keskustassa l\u00e4hell\u00e4 Vapaudenaukiota. T\u00e4\u00e4ll\u00e4 voit tutustua Viron historiaan miehitysten ja uudelleenitsen\u00e4istymisen aikana. L\u00e4hihistoriaa ja Neuvostoliiton ja Saksan miehitysvaltaan liittyvi\u00e4 sortotoimia, karkotuksia ja pakolaisuutta k\u00e4sitell\u00e4\u00e4n usein traagisin s\u00e4vyin. T\u00e4m\u00e4 on totta, kuitenkin me Vabamussa p\u00e4\u00e4timme l\u00e4hesty\u00e4 aihetta toisin ja saada aikaan n\u00e4yttelyn, joka koostuu ihmisten henkil\u00f6kohtaisista tarinoista. Niihin sis\u00e4ltyy sek\u00e4 vaikeita ett\u00e4 valoisia [&hellip;]<\/p>\n","protected":false},"author":26,"featured_media":862,"parent":971,"menu_order":30,"comment_status":"closed","ping_status":"closed","template":"template-default-2.php","meta":{"footnotes":""},"class_list":["post-1217","page","type-page","status-publish","has-post-thumbnail","hentry"],"yoast_head":"<!-- This site is optimized with the Yoast SEO plugin v27.3 - https:\/\/yoast.com\/product\/yoast-seo-wordpress\/ -->\n<title>Vabamu - Metropol Spa Hotel<\/title>\n<meta name=\"description\" content=\"Vabamu sijaitsee Tallinnan keskustassa l\u00e4hell\u00e4 Vapaudenaukiota.\" \/>\n<meta name=\"robots\" content=\"index, follow, max-snippet:-1, max-image-preview:large, max-video-preview:-1\" \/>\n<link rel=\"canonical\" href=\"https:\/\/www.metropolspahotel.ee\/fi\/mita-tehda-tallinnassa\/vabamu\/\" \/>\n<meta property=\"og:locale\" content=\"fi_FI\" \/>\n<meta property=\"og:type\" content=\"article\" \/>\n<meta property=\"og:title\" content=\"Vabamu - Metropol Spa Hotel\" \/>\n<meta property=\"og:description\" content=\"Vabamu sijaitsee Tallinnan keskustassa l\u00e4hell\u00e4 Vapaudenaukiota.\" \/>\n<meta property=\"og:url\" content=\"https:\/\/www.metropolspahotel.ee\/fi\/mita-tehda-tallinnassa\/vabamu\/\" \/>\n<meta property=\"og:site_name\" content=\"Metropol Spa Hotel\" \/>\n<meta property=\"article:publisher\" content=\"https:\/\/www.facebook.com\/MetropolSpaHotel\/\" \/>\n<meta property=\"article:modified_time\" content=\"2024-09-20T16:14:56+00:00\" \/>\n<meta property=\"og:image\" content=\"https:\/\/www.metropolspahotel.ee\/wp-content\/uploads\/sites\/54\/2024\/05\/Vabamu_autor_Sven-Soome-1.jpg\" \/>\n\t<meta property=\"og:image:width\" content=\"1543\" \/>\n\t<meta property=\"og:image:height\" content=\"954\" \/>\n\t<meta property=\"og:image:type\" content=\"image\/jpeg\" \/>\n<meta name=\"twitter:card\" content=\"summary_large_image\" \/>\n<meta name=\"twitter:label1\" content=\"Arvioitu lukuaika\" \/>\n\t<meta name=\"twitter:data1\" content=\"1 minuutti\" \/>\n<script type=\"application\/ld+json\" class=\"yoast-schema-graph\">{\"@context\":\"https:\\\/\\\/schema.org\",\"@graph\":[{\"@type\":\"WebPage\",\"@id\":\"https:\\\/\\\/www.metropolspahotel.ee\\\/fi\\\/mita-tehda-tallinnassa\\\/vabamu\\\/\",\"url\":\"https:\\\/\\\/www.metropolspahotel.ee\\\/fi\\\/mita-tehda-tallinnassa\\\/vabamu\\\/\",\"name\":\"Vabamu - Metropol Spa Hotel\",\"isPartOf\":{\"@id\":\"https:\\\/\\\/www.metropolspahotel.ee\\\/fi\\\/#website\"},\"primaryImageOfPage\":{\"@id\":\"https:\\\/\\\/www.metropolspahotel.ee\\\/fi\\\/mita-tehda-tallinnassa\\\/vabamu\\\/#primaryimage\"},\"image\":{\"@id\":\"https:\\\/\\\/www.metropolspahotel.ee\\\/fi\\\/mita-tehda-tallinnassa\\\/vabamu\\\/#primaryimage\"},\"thumbnailUrl\":\"https:\\\/\\\/www.metropolspahotel.ee\\\/wp-content\\\/uploads\\\/sites\\\/54\\\/2024\\\/05\\\/Vabamu_autor_Sven-Soome-1.jpg\",\"datePublished\":\"2023-08-29T13:31:45+00:00\",\"dateModified\":\"2024-09-20T16:14:56+00:00\",\"description\":\"Vabamu sijaitsee Tallinnan keskustassa l\u00e4hell\u00e4 Vapaudenaukiota.\",\"breadcrumb\":{\"@id\":\"https:\\\/\\\/www.metropolspahotel.ee\\\/fi\\\/mita-tehda-tallinnassa\\\/vabamu\\\/#breadcrumb\"},\"inLanguage\":\"fi\",\"potentialAction\":[{\"@type\":\"ReadAction\",\"target\":[\"https:\\\/\\\/www.metropolspahotel.ee\\\/fi\\\/mita-tehda-tallinnassa\\\/vabamu\\\/\"]}]},{\"@type\":\"ImageObject\",\"inLanguage\":\"fi\",\"@id\":\"https:\\\/\\\/www.metropolspahotel.ee\\\/fi\\\/mita-tehda-tallinnassa\\\/vabamu\\\/#primaryimage\",\"url\":\"https:\\\/\\\/www.metropolspahotel.ee\\\/wp-content\\\/uploads\\\/sites\\\/54\\\/2024\\\/05\\\/Vabamu_autor_Sven-Soome-1.jpg\",\"contentUrl\":\"https:\\\/\\\/www.metropolspahotel.ee\\\/wp-content\\\/uploads\\\/sites\\\/54\\\/2024\\\/05\\\/Vabamu_autor_Sven-Soome-1.jpg\",\"width\":1543,\"height\":954},{\"@type\":\"BreadcrumbList\",\"@id\":\"https:\\\/\\\/www.metropolspahotel.ee\\\/fi\\\/mita-tehda-tallinnassa\\\/vabamu\\\/#breadcrumb\",\"itemListElement\":[{\"@type\":\"ListItem\",\"position\":1,\"name\":\"Home\",\"item\":\"https:\\\/\\\/www.metropolspahotel.ee\\\/fi\\\/\"},{\"@type\":\"ListItem\",\"position\":2,\"name\":\"Mit\u00e4 tehd\u00e4 Tallinnassa?\",\"item\":\"https:\\\/\\\/www.metropolspahotel.ee\\\/fi\\\/mita-tehda-tallinnassa\\\/\"},{\"@type\":\"ListItem\",\"position\":3,\"name\":\"Vabamu\"}]},{\"@type\":\"WebSite\",\"@id\":\"https:\\\/\\\/www.metropolspahotel.ee\\\/fi\\\/#website\",\"url\":\"https:\\\/\\\/www.metropolspahotel.ee\\\/fi\\\/\",\"name\":\"Metropol Spa Hotel\",\"description\":\"Metropol Hotels pakub unikaalset hotellielamust Tallinna uues linnas\u00fcdames. Ideaalne valik \u00e4ri-, konverentsi- v\u00f5i puhkusereisiks!\",\"publisher\":{\"@id\":\"https:\\\/\\\/www.metropolspahotel.ee\\\/fi\\\/#organization\"},\"alternateName\":\"Metropol Spa Hotel\",\"potentialAction\":[{\"@type\":\"SearchAction\",\"target\":{\"@type\":\"EntryPoint\",\"urlTemplate\":\"https:\\\/\\\/www.metropolspahotel.ee\\\/fi\\\/?s={search_term_string}\"},\"query-input\":{\"@type\":\"PropertyValueSpecification\",\"valueRequired\":true,\"valueName\":\"search_term_string\"}}],\"inLanguage\":\"fi\"},{\"@type\":\"Organization\",\"@id\":\"https:\\\/\\\/www.metropolspahotel.ee\\\/fi\\\/#organization\",\"name\":\"Metropol Spa Hotel\",\"alternateName\":\"Metropol Spa Hotel\",\"url\":\"https:\\\/\\\/www.metropolspahotel.ee\\\/fi\\\/\",\"logo\":{\"@type\":\"ImageObject\",\"inLanguage\":\"fi\",\"@id\":\"https:\\\/\\\/www.metropolspahotel.ee\\\/fi\\\/#\\\/schema\\\/logo\\\/image\\\/\",\"url\":\"https:\\\/\\\/www.metropolspahotel.ee\\\/wp-content\\\/uploads\\\/sites\\\/54\\\/2023\\\/08\\\/logo_metropol_spa_hotel_c.png\",\"contentUrl\":\"https:\\\/\\\/www.metropolspahotel.ee\\\/wp-content\\\/uploads\\\/sites\\\/54\\\/2023\\\/08\\\/logo_metropol_spa_hotel_c.png\",\"width\":341,\"height\":115,\"caption\":\"Metropol Spa Hotel\"},\"image\":{\"@id\":\"https:\\\/\\\/www.metropolspahotel.ee\\\/fi\\\/#\\\/schema\\\/logo\\\/image\\\/\"},\"sameAs\":[\"https:\\\/\\\/www.facebook.com\\\/MetropolSpaHotel\\\/\"]}]}<\/script>\n<!-- \/ Yoast SEO plugin. -->","yoast_head_json":{"title":"Vabamu - Metropol Spa Hotel","description":"Vabamu sijaitsee Tallinnan keskustassa l\u00e4hell\u00e4 Vapaudenaukiota.","robots":{"index":"index","follow":"follow","max-snippet":"max-snippet:-1","max-image-preview":"max-image-preview:large","max-video-preview":"max-video-preview:-1"},"canonical":"https:\/\/www.metropolspahotel.ee\/fi\/mita-tehda-tallinnassa\/vabamu\/","og_locale":"fi_FI","og_type":"article","og_title":"Vabamu - Metropol Spa Hotel","og_description":"Vabamu sijaitsee Tallinnan keskustassa l\u00e4hell\u00e4 Vapaudenaukiota.","og_url":"https:\/\/www.metropolspahotel.ee\/fi\/mita-tehda-tallinnassa\/vabamu\/","og_site_name":"Metropol Spa Hotel","article_publisher":"https:\/\/www.facebook.com\/MetropolSpaHotel\/","article_modified_time":"2024-09-20T16:14:56+00:00","og_image":[{"width":1543,"height":954,"url":"https:\/\/www.metropolspahotel.ee\/wp-content\/uploads\/sites\/54\/2024\/05\/Vabamu_autor_Sven-Soome-1.jpg","type":"image\/jpeg"}],"twitter_card":"summary_large_image","twitter_misc":{"Arvioitu lukuaika":"1 minuutti"},"schema":{"@context":"https:\/\/schema.org","@graph":[{"@type":"WebPage","@id":"https:\/\/www.metropolspahotel.ee\/fi\/mita-tehda-tallinnassa\/vabamu\/","url":"https:\/\/www.metropolspahotel.ee\/fi\/mita-tehda-tallinnassa\/vabamu\/","name":"Vabamu - Metropol Spa Hotel","isPartOf":{"@id":"https:\/\/www.metropolspahotel.ee\/fi\/#website"},"primaryImageOfPage":{"@id":"https:\/\/www.metropolspahotel.ee\/fi\/mita-tehda-tallinnassa\/vabamu\/#primaryimage"},"image":{"@id":"https:\/\/www.metropolspahotel.ee\/fi\/mita-tehda-tallinnassa\/vabamu\/#primaryimage"},"thumbnailUrl":"https:\/\/www.metropolspahotel.ee\/wp-content\/uploads\/sites\/54\/2024\/05\/Vabamu_autor_Sven-Soome-1.jpg","datePublished":"2023-08-29T13:31:45+00:00","dateModified":"2024-09-20T16:14:56+00:00","description":"Vabamu sijaitsee Tallinnan keskustassa l\u00e4hell\u00e4 Vapaudenaukiota.","breadcrumb":{"@id":"https:\/\/www.metropolspahotel.ee\/fi\/mita-tehda-tallinnassa\/vabamu\/#breadcrumb"},"inLanguage":"fi","potentialAction":[{"@type":"ReadAction","target":["https:\/\/www.metropolspahotel.ee\/fi\/mita-tehda-tallinnassa\/vabamu\/"]}]},{"@type":"ImageObject","inLanguage":"fi","@id":"https:\/\/www.metropolspahotel.ee\/fi\/mita-tehda-tallinnassa\/vabamu\/#primaryimage","url":"https:\/\/www.metropolspahotel.ee\/wp-content\/uploads\/sites\/54\/2024\/05\/Vabamu_autor_Sven-Soome-1.jpg","contentUrl":"https:\/\/www.metropolspahotel.ee\/wp-content\/uploads\/sites\/54\/2024\/05\/Vabamu_autor_Sven-Soome-1.jpg","width":1543,"height":954},{"@type":"BreadcrumbList","@id":"https:\/\/www.metropolspahotel.ee\/fi\/mita-tehda-tallinnassa\/vabamu\/#breadcrumb","itemListElement":[{"@type":"ListItem","position":1,"name":"Home","item":"https:\/\/www.metropolspahotel.ee\/fi\/"},{"@type":"ListItem","position":2,"name":"Mit\u00e4 tehd\u00e4 Tallinnassa?","item":"https:\/\/www.metropolspahotel.ee\/fi\/mita-tehda-tallinnassa\/"},{"@type":"ListItem","position":3,"name":"Vabamu"}]},{"@type":"WebSite","@id":"https:\/\/www.metropolspahotel.ee\/fi\/#website","url":"https:\/\/www.metropolspahotel.ee\/fi\/","name":"Metropol Spa Hotel","description":"Metropol Hotels pakub unikaalset hotellielamust Tallinna uues linnas\u00fcdames. Ideaalne valik \u00e4ri-, konverentsi- v\u00f5i puhkusereisiks!","publisher":{"@id":"https:\/\/www.metropolspahotel.ee\/fi\/#organization"},"alternateName":"Metropol Spa Hotel","potentialAction":[{"@type":"SearchAction","target":{"@type":"EntryPoint","urlTemplate":"https:\/\/www.metropolspahotel.ee\/fi\/?s={search_term_string}"},"query-input":{"@type":"PropertyValueSpecification","valueRequired":true,"valueName":"search_term_string"}}],"inLanguage":"fi"},{"@type":"Organization","@id":"https:\/\/www.metropolspahotel.ee\/fi\/#organization","name":"Metropol Spa Hotel","alternateName":"Metropol Spa Hotel","url":"https:\/\/www.metropolspahotel.ee\/fi\/","logo":{"@type":"ImageObject","inLanguage":"fi","@id":"https:\/\/www.metropolspahotel.ee\/fi\/#\/schema\/logo\/image\/","url":"https:\/\/www.metropolspahotel.ee\/wp-content\/uploads\/sites\/54\/2023\/08\/logo_metropol_spa_hotel_c.png","contentUrl":"https:\/\/www.metropolspahotel.ee\/wp-content\/uploads\/sites\/54\/2023\/08\/logo_metropol_spa_hotel_c.png","width":341,"height":115,"caption":"Metropol Spa Hotel"},"image":{"@id":"https:\/\/www.metropolspahotel.ee\/fi\/#\/schema\/logo\/image\/"},"sameAs":["https:\/\/www.facebook.com\/MetropolSpaHotel\/"]}]}},"acf":[],"_links":{"self":[{"href":"https:\/\/www.metropolspahotel.ee\/fi\/wp-json\/wp\/v2\/pages\/1217","targetHints":{"allow":["GET"]}}],"collection":[{"href":"https:\/\/www.metropolspahotel.ee\/fi\/wp-json\/wp\/v2\/pages"}],"about":[{"href":"https:\/\/www.metropolspahotel.ee\/fi\/wp-json\/wp\/v2\/types\/page"}],"author":[{"embeddable":true,"href":"https:\/\/www.metropolspahotel.ee\/fi\/wp-json\/wp\/v2\/users\/26"}],"replies":[{"embeddable":true,"href":"https:\/\/www.metropolspahotel.ee\/fi\/wp-json\/wp\/v2\/comments?post=1217"}],"version-history":[{"count":0,"href":"https:\/\/www.metropolspahotel.ee\/fi\/wp-json\/wp\/v2\/pages\/1217\/revisions"}],"up":[{"embeddable":true,"href":"https:\/\/www.metropolspahotel.ee\/fi\/wp-json\/wp\/v2\/pages\/971"}],"wp:featuredmedia":[{"embeddable":true,"href":"https:\/\/www.metropolspahotel.ee\/fi\/wp-json\/wp\/v2\/media\/862"}],"wp:attachment":[{"href":"https:\/\/www.metropolspahotel.ee\/fi\/wp-json\/wp\/v2\/media?parent=1217"}],"curies":[{"name":"wp","href":"https:\/\/api.w.org\/{rel}","templated":true}]}}