{"id":1222,"date":"2023-08-29T13:32:15","date_gmt":"2023-08-29T13:32:15","guid":{"rendered":"https:\/\/hotelmetropolspa.ms2.decms.eu\/mita-tehda-tallinnassa\/poco\/"},"modified":"2024-07-16T08:36:09","modified_gmt":"2024-07-16T08:36:09","slug":"poco","status":"publish","type":"page","link":"https:\/\/www.metropolspahotel.ee\/fi\/mita-tehda-tallinnassa\/poco\/","title":{"rendered":"PoCo"},"content":{"rendered":"<p style=\"text-align: center\">PoCo on maailman pop-taidemuseo. N\u00e4yttelyss\u00e4 on esill\u00e4 poikkeuksellisia taiteilijoita, kuten Warhol, Banksy, Koons, Lichtenstein, Haring, Hirst, Basquiat, Kusama, Newton ja muita merkitt\u00e4vi\u00e4 nimi\u00e4. Yksityiskokoelmaan kuuluu 340+-teoksia pop-taiteen ikoneista, jotka ulottuvat 1950-luvulta nykyp\u00e4iv\u00e4\u00e4n.<br \/>\nPop-taide on ironian, sosiaalisen kritiikin ja leikkis\u00e4n mietiskelyn symbioosi. Pop-taide ei lopu koskaan, sill\u00e4 poliitikot ja yhteiskunnalliset impulssit luovat jatkuvasti uusia mahdollisuuksia protestiin, ironiaan ja yksinkertaiseen nautintoon. PoCo tarjoaa klassista pop-taidetta, mutta yll\u00e4tt\u00e4\u00e4 jatkuvasti uudella.<\/p>\n<p style=\"text-align: center\">PoCo sijaitsee Rotermann Quarterissa Tallinnassa, joka on itse postmodernistinen taideteos, joka yhdist\u00e4\u00e4 1800-luvun teollisen arkkitehtuurin nykyaikaisiin lasijulkisivuihin.<\/p>\n<p style=\"text-align: center\">Voit varata oppaan tai tilata juomia kirjoittamalla. <a href=\"mailto:book@poco.art\">book@poco.art<\/a><\/p>\n<p style=\"text-align: center\"><strong>Liput:<\/strong> <a class=\"waffle-rich-text-link\" href=\"https:\/\/fienta.com\/?country=ee&amp;q=poco\">https:\/\/fienta.com\/?country=ee&amp;q=poco<\/a><\/p>\n","protected":false},"excerpt":{"rendered":"<p>PoCo on maailman pop-taidemuseo. N\u00e4yttelyss\u00e4 on esill\u00e4 poikkeuksellisia taiteilijoita, kuten Warhol, Banksy, Koons, Lichtenstein, Haring, Hirst, Basquiat, Kusama, Newton ja muita merkitt\u00e4vi\u00e4 nimi\u00e4. Yksityiskokoelmaan kuuluu 340+-teoksia pop-taiteen ikoneista, jotka ulottuvat 1950-luvulta nykyp\u00e4iv\u00e4\u00e4n. Pop-taide on ironian, sosiaalisen kritiikin ja leikkis\u00e4n mietiskelyn symbioosi. Pop-taide ei lopu koskaan, sill\u00e4 poliitikot ja yhteiskunnalliset impulssit luovat jatkuvasti uusia mahdollisuuksia protestiin, [&hellip;]<\/p>\n","protected":false},"author":26,"featured_media":856,"parent":971,"menu_order":40,"comment_status":"closed","ping_status":"closed","template":"template-default-2.php","meta":{"footnotes":""},"class_list":["post-1222","page","type-page","status-publish","has-post-thumbnail","hentry"],"yoast_head":"<!-- This site is optimized with the Yoast SEO plugin v27.3 - https:\/\/yoast.com\/product\/yoast-seo-wordpress\/ -->\n<title>PoCo - Metropol Spa Hotel<\/title>\n<meta name=\"description\" content=\"PoCo on maailman pop-taidemuseo. N\u00e4yttelyss\u00e4 on esill\u00e4 poikkeuksellisia taiteilijoita, kuten Warhol, Banksy, Koons, Lichtenstein, Haring, Hirst, Basquiat, Kusama, Newton ja muita merkitt\u00e4vi\u00e4 nimi\u00e4.\" \/>\n<meta name=\"robots\" content=\"index, follow, max-snippet:-1, max-image-preview:large, max-video-preview:-1\" \/>\n<link rel=\"canonical\" href=\"https:\/\/www.metropolspahotel.ee\/fi\/mita-tehda-tallinnassa\/poco\/\" \/>\n<meta property=\"og:locale\" content=\"fi_FI\" \/>\n<meta property=\"og:type\" content=\"article\" \/>\n<meta property=\"og:title\" content=\"PoCo - Metropol Spa Hotel\" \/>\n<meta property=\"og:description\" content=\"PoCo on maailman pop-taidemuseo. N\u00e4yttelyss\u00e4 on esill\u00e4 poikkeuksellisia taiteilijoita, kuten Warhol, Banksy, Koons, Lichtenstein, Haring, Hirst, Basquiat, Kusama, Newton ja muita merkitt\u00e4vi\u00e4 nimi\u00e4.\" \/>\n<meta property=\"og:url\" content=\"https:\/\/www.metropolspahotel.ee\/fi\/mita-tehda-tallinnassa\/poco\/\" \/>\n<meta property=\"og:site_name\" content=\"Metropol Spa Hotel\" \/>\n<meta property=\"article:publisher\" content=\"https:\/\/www.facebook.com\/MetropolSpaHotel\/\" \/>\n<meta property=\"article:modified_time\" content=\"2024-07-16T08:36:09+00:00\" \/>\n<meta property=\"og:image\" content=\"https:\/\/www.metropolspahotel.ee\/wp-content\/uploads\/sites\/54\/2024\/05\/0_1.jpg\" \/>\n\t<meta property=\"og:image:width\" content=\"1800\" \/>\n\t<meta property=\"og:image:height\" content=\"1200\" \/>\n\t<meta property=\"og:image:type\" content=\"image\/jpeg\" \/>\n<meta name=\"twitter:card\" content=\"summary_large_image\" \/>\n<meta name=\"twitter:label1\" content=\"Arvioitu lukuaika\" \/>\n\t<meta name=\"twitter:data1\" content=\"1 minuutti\" \/>\n<script type=\"application\/ld+json\" class=\"yoast-schema-graph\">{\"@context\":\"https:\\\/\\\/schema.org\",\"@graph\":[{\"@type\":\"WebPage\",\"@id\":\"https:\\\/\\\/www.metropolspahotel.ee\\\/fi\\\/mita-tehda-tallinnassa\\\/poco\\\/\",\"url\":\"https:\\\/\\\/www.metropolspahotel.ee\\\/fi\\\/mita-tehda-tallinnassa\\\/poco\\\/\",\"name\":\"PoCo - Metropol Spa Hotel\",\"isPartOf\":{\"@id\":\"https:\\\/\\\/www.metropolspahotel.ee\\\/fi\\\/#website\"},\"primaryImageOfPage\":{\"@id\":\"https:\\\/\\\/www.metropolspahotel.ee\\\/fi\\\/mita-tehda-tallinnassa\\\/poco\\\/#primaryimage\"},\"image\":{\"@id\":\"https:\\\/\\\/www.metropolspahotel.ee\\\/fi\\\/mita-tehda-tallinnassa\\\/poco\\\/#primaryimage\"},\"thumbnailUrl\":\"https:\\\/\\\/www.metropolspahotel.ee\\\/wp-content\\\/uploads\\\/sites\\\/54\\\/2024\\\/05\\\/0_1.jpg\",\"datePublished\":\"2023-08-29T13:32:15+00:00\",\"dateModified\":\"2024-07-16T08:36:09+00:00\",\"description\":\"PoCo on maailman pop-taidemuseo. N\u00e4yttelyss\u00e4 on esill\u00e4 poikkeuksellisia taiteilijoita, kuten Warhol, Banksy, Koons, Lichtenstein, Haring, Hirst, Basquiat, Kusama, Newton ja muita merkitt\u00e4vi\u00e4 nimi\u00e4.\",\"breadcrumb\":{\"@id\":\"https:\\\/\\\/www.metropolspahotel.ee\\\/fi\\\/mita-tehda-tallinnassa\\\/poco\\\/#breadcrumb\"},\"inLanguage\":\"fi\",\"potentialAction\":[{\"@type\":\"ReadAction\",\"target\":[\"https:\\\/\\\/www.metropolspahotel.ee\\\/fi\\\/mita-tehda-tallinnassa\\\/poco\\\/\"]}]},{\"@type\":\"ImageObject\",\"inLanguage\":\"fi\",\"@id\":\"https:\\\/\\\/www.metropolspahotel.ee\\\/fi\\\/mita-tehda-tallinnassa\\\/poco\\\/#primaryimage\",\"url\":\"https:\\\/\\\/www.metropolspahotel.ee\\\/wp-content\\\/uploads\\\/sites\\\/54\\\/2024\\\/05\\\/0_1.jpg\",\"contentUrl\":\"https:\\\/\\\/www.metropolspahotel.ee\\\/wp-content\\\/uploads\\\/sites\\\/54\\\/2024\\\/05\\\/0_1.jpg\",\"width\":1800,\"height\":1200},{\"@type\":\"BreadcrumbList\",\"@id\":\"https:\\\/\\\/www.metropolspahotel.ee\\\/fi\\\/mita-tehda-tallinnassa\\\/poco\\\/#breadcrumb\",\"itemListElement\":[{\"@type\":\"ListItem\",\"position\":1,\"name\":\"Home\",\"item\":\"https:\\\/\\\/www.metropolspahotel.ee\\\/fi\\\/\"},{\"@type\":\"ListItem\",\"position\":2,\"name\":\"Mit\u00e4 tehd\u00e4 Tallinnassa?\",\"item\":\"https:\\\/\\\/www.metropolspahotel.ee\\\/fi\\\/mita-tehda-tallinnassa\\\/\"},{\"@type\":\"ListItem\",\"position\":3,\"name\":\"PoCo\"}]},{\"@type\":\"WebSite\",\"@id\":\"https:\\\/\\\/www.metropolspahotel.ee\\\/fi\\\/#website\",\"url\":\"https:\\\/\\\/www.metropolspahotel.ee\\\/fi\\\/\",\"name\":\"Metropol Spa Hotel\",\"description\":\"Metropol Hotels pakub unikaalset hotellielamust Tallinna uues linnas\u00fcdames. Ideaalne valik \u00e4ri-, konverentsi- v\u00f5i puhkusereisiks!\",\"publisher\":{\"@id\":\"https:\\\/\\\/www.metropolspahotel.ee\\\/fi\\\/#organization\"},\"alternateName\":\"Metropol Spa Hotel\",\"potentialAction\":[{\"@type\":\"SearchAction\",\"target\":{\"@type\":\"EntryPoint\",\"urlTemplate\":\"https:\\\/\\\/www.metropolspahotel.ee\\\/fi\\\/?s={search_term_string}\"},\"query-input\":{\"@type\":\"PropertyValueSpecification\",\"valueRequired\":true,\"valueName\":\"search_term_string\"}}],\"inLanguage\":\"fi\"},{\"@type\":\"Organization\",\"@id\":\"https:\\\/\\\/www.metropolspahotel.ee\\\/fi\\\/#organization\",\"name\":\"Metropol Spa Hotel\",\"alternateName\":\"Metropol Spa Hotel\",\"url\":\"https:\\\/\\\/www.metropolspahotel.ee\\\/fi\\\/\",\"logo\":{\"@type\":\"ImageObject\",\"inLanguage\":\"fi\",\"@id\":\"https:\\\/\\\/www.metropolspahotel.ee\\\/fi\\\/#\\\/schema\\\/logo\\\/image\\\/\",\"url\":\"https:\\\/\\\/www.metropolspahotel.ee\\\/wp-content\\\/uploads\\\/sites\\\/54\\\/2023\\\/08\\\/logo_metropol_spa_hotel_c.png\",\"contentUrl\":\"https:\\\/\\\/www.metropolspahotel.ee\\\/wp-content\\\/uploads\\\/sites\\\/54\\\/2023\\\/08\\\/logo_metropol_spa_hotel_c.png\",\"width\":341,\"height\":115,\"caption\":\"Metropol Spa Hotel\"},\"image\":{\"@id\":\"https:\\\/\\\/www.metropolspahotel.ee\\\/fi\\\/#\\\/schema\\\/logo\\\/image\\\/\"},\"sameAs\":[\"https:\\\/\\\/www.facebook.com\\\/MetropolSpaHotel\\\/\"]}]}<\/script>\n<!-- \/ Yoast SEO plugin. -->","yoast_head_json":{"title":"PoCo - Metropol Spa Hotel","description":"PoCo on maailman pop-taidemuseo. N\u00e4yttelyss\u00e4 on esill\u00e4 poikkeuksellisia taiteilijoita, kuten Warhol, Banksy, Koons, Lichtenstein, Haring, Hirst, Basquiat, Kusama, Newton ja muita merkitt\u00e4vi\u00e4 nimi\u00e4.","robots":{"index":"index","follow":"follow","max-snippet":"max-snippet:-1","max-image-preview":"max-image-preview:large","max-video-preview":"max-video-preview:-1"},"canonical":"https:\/\/www.metropolspahotel.ee\/fi\/mita-tehda-tallinnassa\/poco\/","og_locale":"fi_FI","og_type":"article","og_title":"PoCo - Metropol Spa Hotel","og_description":"PoCo on maailman pop-taidemuseo. N\u00e4yttelyss\u00e4 on esill\u00e4 poikkeuksellisia taiteilijoita, kuten Warhol, Banksy, Koons, Lichtenstein, Haring, Hirst, Basquiat, Kusama, Newton ja muita merkitt\u00e4vi\u00e4 nimi\u00e4.","og_url":"https:\/\/www.metropolspahotel.ee\/fi\/mita-tehda-tallinnassa\/poco\/","og_site_name":"Metropol Spa Hotel","article_publisher":"https:\/\/www.facebook.com\/MetropolSpaHotel\/","article_modified_time":"2024-07-16T08:36:09+00:00","og_image":[{"width":1800,"height":1200,"url":"https:\/\/www.metropolspahotel.ee\/wp-content\/uploads\/sites\/54\/2024\/05\/0_1.jpg","type":"image\/jpeg"}],"twitter_card":"summary_large_image","twitter_misc":{"Arvioitu lukuaika":"1 minuutti"},"schema":{"@context":"https:\/\/schema.org","@graph":[{"@type":"WebPage","@id":"https:\/\/www.metropolspahotel.ee\/fi\/mita-tehda-tallinnassa\/poco\/","url":"https:\/\/www.metropolspahotel.ee\/fi\/mita-tehda-tallinnassa\/poco\/","name":"PoCo - Metropol Spa Hotel","isPartOf":{"@id":"https:\/\/www.metropolspahotel.ee\/fi\/#website"},"primaryImageOfPage":{"@id":"https:\/\/www.metropolspahotel.ee\/fi\/mita-tehda-tallinnassa\/poco\/#primaryimage"},"image":{"@id":"https:\/\/www.metropolspahotel.ee\/fi\/mita-tehda-tallinnassa\/poco\/#primaryimage"},"thumbnailUrl":"https:\/\/www.metropolspahotel.ee\/wp-content\/uploads\/sites\/54\/2024\/05\/0_1.jpg","datePublished":"2023-08-29T13:32:15+00:00","dateModified":"2024-07-16T08:36:09+00:00","description":"PoCo on maailman pop-taidemuseo. N\u00e4yttelyss\u00e4 on esill\u00e4 poikkeuksellisia taiteilijoita, kuten Warhol, Banksy, Koons, Lichtenstein, Haring, Hirst, Basquiat, Kusama, Newton ja muita merkitt\u00e4vi\u00e4 nimi\u00e4.","breadcrumb":{"@id":"https:\/\/www.metropolspahotel.ee\/fi\/mita-tehda-tallinnassa\/poco\/#breadcrumb"},"inLanguage":"fi","potentialAction":[{"@type":"ReadAction","target":["https:\/\/www.metropolspahotel.ee\/fi\/mita-tehda-tallinnassa\/poco\/"]}]},{"@type":"ImageObject","inLanguage":"fi","@id":"https:\/\/www.metropolspahotel.ee\/fi\/mita-tehda-tallinnassa\/poco\/#primaryimage","url":"https:\/\/www.metropolspahotel.ee\/wp-content\/uploads\/sites\/54\/2024\/05\/0_1.jpg","contentUrl":"https:\/\/www.metropolspahotel.ee\/wp-content\/uploads\/sites\/54\/2024\/05\/0_1.jpg","width":1800,"height":1200},{"@type":"BreadcrumbList","@id":"https:\/\/www.metropolspahotel.ee\/fi\/mita-tehda-tallinnassa\/poco\/#breadcrumb","itemListElement":[{"@type":"ListItem","position":1,"name":"Home","item":"https:\/\/www.metropolspahotel.ee\/fi\/"},{"@type":"ListItem","position":2,"name":"Mit\u00e4 tehd\u00e4 Tallinnassa?","item":"https:\/\/www.metropolspahotel.ee\/fi\/mita-tehda-tallinnassa\/"},{"@type":"ListItem","position":3,"name":"PoCo"}]},{"@type":"WebSite","@id":"https:\/\/www.metropolspahotel.ee\/fi\/#website","url":"https:\/\/www.metropolspahotel.ee\/fi\/","name":"Metropol Spa Hotel","description":"Metropol Hotels pakub unikaalset hotellielamust Tallinna uues linnas\u00fcdames. Ideaalne valik \u00e4ri-, konverentsi- v\u00f5i puhkusereisiks!","publisher":{"@id":"https:\/\/www.metropolspahotel.ee\/fi\/#organization"},"alternateName":"Metropol Spa Hotel","potentialAction":[{"@type":"SearchAction","target":{"@type":"EntryPoint","urlTemplate":"https:\/\/www.metropolspahotel.ee\/fi\/?s={search_term_string}"},"query-input":{"@type":"PropertyValueSpecification","valueRequired":true,"valueName":"search_term_string"}}],"inLanguage":"fi"},{"@type":"Organization","@id":"https:\/\/www.metropolspahotel.ee\/fi\/#organization","name":"Metropol Spa Hotel","alternateName":"Metropol Spa Hotel","url":"https:\/\/www.metropolspahotel.ee\/fi\/","logo":{"@type":"ImageObject","inLanguage":"fi","@id":"https:\/\/www.metropolspahotel.ee\/fi\/#\/schema\/logo\/image\/","url":"https:\/\/www.metropolspahotel.ee\/wp-content\/uploads\/sites\/54\/2023\/08\/logo_metropol_spa_hotel_c.png","contentUrl":"https:\/\/www.metropolspahotel.ee\/wp-content\/uploads\/sites\/54\/2023\/08\/logo_metropol_spa_hotel_c.png","width":341,"height":115,"caption":"Metropol Spa Hotel"},"image":{"@id":"https:\/\/www.metropolspahotel.ee\/fi\/#\/schema\/logo\/image\/"},"sameAs":["https:\/\/www.facebook.com\/MetropolSpaHotel\/"]}]}},"acf":[],"_links":{"self":[{"href":"https:\/\/www.metropolspahotel.ee\/fi\/wp-json\/wp\/v2\/pages\/1222","targetHints":{"allow":["GET"]}}],"collection":[{"href":"https:\/\/www.metropolspahotel.ee\/fi\/wp-json\/wp\/v2\/pages"}],"about":[{"href":"https:\/\/www.metropolspahotel.ee\/fi\/wp-json\/wp\/v2\/types\/page"}],"author":[{"embeddable":true,"href":"https:\/\/www.metropolspahotel.ee\/fi\/wp-json\/wp\/v2\/users\/26"}],"replies":[{"embeddable":true,"href":"https:\/\/www.metropolspahotel.ee\/fi\/wp-json\/wp\/v2\/comments?post=1222"}],"version-history":[{"count":0,"href":"https:\/\/www.metropolspahotel.ee\/fi\/wp-json\/wp\/v2\/pages\/1222\/revisions"}],"up":[{"embeddable":true,"href":"https:\/\/www.metropolspahotel.ee\/fi\/wp-json\/wp\/v2\/pages\/971"}],"wp:featuredmedia":[{"embeddable":true,"href":"https:\/\/www.metropolspahotel.ee\/fi\/wp-json\/wp\/v2\/media\/856"}],"wp:attachment":[{"href":"https:\/\/www.metropolspahotel.ee\/fi\/wp-json\/wp\/v2\/media?parent=1222"}],"curies":[{"name":"wp","href":"https:\/\/api.w.org\/{rel}","templated":true}]}}