{"id":1281,"date":"2024-03-06T14:26:12","date_gmt":"2024-03-06T14:26:12","guid":{"rendered":"https:\/\/hotelmetropolspa.ms2.decms.eu\/paketit\/saunaohtu-5-le\/"},"modified":"2026-04-16T12:15:21","modified_gmt":"2026-04-16T12:15:21","slug":"kylpylajuhlat-tallinnan-sydamessa","status":"publish","type":"page","link":"https:\/\/www.metropolspahotel.ee\/fi\/paketit\/kylpylajuhlat-tallinnan-sydamessa\/","title":{"rendered":"KYLPYL\u00c4JUHLAT TALLINNAN SYD\u00c4MESS\u00c4"},"content":{"rendered":"<p style=\"text-align: center\"><span data-sheets-root=\"1\">Juhli syntym\u00e4p\u00e4iv\u00e4\u00e4si tai muuta t\u00e4rke\u00e4\u00e4 el\u00e4m\u00e4n kohokohtaa aivan Tallinnan ydinkeskustassa sijaitsevassa kylpyl\u00e4ss\u00e4mme, josta avautuu upea n\u00e4kym\u00e4 kaupungin ylitse. Viimeistele rentouttava ja hauska kylpyl\u00e4el\u00e4mys varaamalla yksityinen spa loungemme, jossa on kiva viett\u00e4\u00e4 aikaa ja valmistautua Tallinnan y\u00f6el\u00e4m\u00e4\u00e4n sek\u00e4 nauttia herkullista pikkusy\u00f6t\u00e4v\u00e4\u00e4.<\/span><\/p>\n<p style=\"text-align: center\">\u00a0<strong>Erikoistarjous!<\/strong> Jos seurueessasi on v\u00e4hint\u00e4\u00e4n 10 henkil\u00f6\u00e4, saat 10 %:n alennuksen paketin kokonaishinnasta!<\/p>\n","protected":false},"excerpt":{"rendered":"<p>Juhli syntym\u00e4p\u00e4iv\u00e4\u00e4si tai muuta t\u00e4rke\u00e4\u00e4 el\u00e4m\u00e4n kohokohtaa aivan Tallinnan ydinkeskustassa sijaitsevassa kylpyl\u00e4ss\u00e4mme, josta avautuu upea n\u00e4kym\u00e4 kaupungin ylitse. Viimeistele rentouttava ja hauska kylpyl\u00e4el\u00e4mys varaamalla yksityinen spa loungemme, jossa on kiva viett\u00e4\u00e4 aikaa ja valmistautua Tallinnan y\u00f6el\u00e4m\u00e4\u00e4n sek\u00e4 nauttia herkullista pikkusy\u00f6t\u00e4v\u00e4\u00e4. \u00a0Erikoistarjous! Jos seurueessasi on v\u00e4hint\u00e4\u00e4n 10 henkil\u00f6\u00e4, saat 10 %:n alennuksen paketin kokonaishinnasta!<\/p>\n","protected":false},"author":121,"featured_media":1408,"parent":60,"menu_order":201,"comment_status":"closed","ping_status":"closed","template":"template-single-spa.php","meta":{"footnotes":""},"yoast_head":"<!-- This site is optimized with the Yoast SEO plugin v22.3 - https:\/\/yoast.com\/wordpress\/plugins\/seo\/ -->\n<title>KYLPYL\u00c4JUHLAT TALLINNAN SYD\u00c4MESS\u00c4 - Metropol Spa Hotel<\/title>\n<meta name=\"description\" content=\"Juhli syntym\u00e4p\u00e4iv\u00e4\u00e4si tai muuta t\u00e4rke\u00e4\u00e4 el\u00e4m\u00e4n kohokohtaa Tallinnan ydinkeskustassa sijaitsevassa kylpyl\u00e4ss\u00e4mme.\" \/>\n<meta name=\"robots\" content=\"index, follow, max-snippet:-1, max-image-preview:large, max-video-preview:-1\" \/>\n<link rel=\"canonical\" href=\"https:\/\/www.metropolspahotel.ee\/fi\/paketit\/kylpylajuhlat-tallinnan-sydamessa\/\" \/>\n<meta property=\"og:locale\" content=\"fi_FI\" \/>\n<meta property=\"og:type\" content=\"article\" \/>\n<meta property=\"og:title\" content=\"KYLPYL\u00c4JUHLAT TALLINNAN SYD\u00c4MESS\u00c4 - Metropol Spa Hotel\" \/>\n<meta property=\"og:description\" content=\"Juhli syntym\u00e4p\u00e4iv\u00e4\u00e4si tai muuta t\u00e4rke\u00e4\u00e4 el\u00e4m\u00e4n kohokohtaa Tallinnan ydinkeskustassa sijaitsevassa kylpyl\u00e4ss\u00e4mme.\" \/>\n<meta property=\"og:url\" content=\"https:\/\/www.metropolspahotel.ee\/fi\/paketit\/kylpylajuhlat-tallinnan-sydamessa\/\" \/>\n<meta property=\"og:site_name\" content=\"Metropol Spa Hotel\" \/>\n<meta property=\"article:publisher\" content=\"https:\/\/www.facebook.com\/MetropolSpaHotel\/\" \/>\n<meta property=\"article:modified_time\" content=\"2026-04-16T12:15:21+00:00\" \/>\n<meta property=\"og:image\" content=\"https:\/\/www.metropolspahotel.ee\/wp-content\/uploads\/sites\/54\/2024\/12\/Metropol-SPA-Veeb-_5T_5909-Edit-Edit.jpg\" \/>\n\t<meta property=\"og:image:width\" content=\"1799\" \/>\n\t<meta property=\"og:image:height\" content=\"1200\" \/>\n\t<meta property=\"og:image:type\" content=\"image\/jpeg\" \/>\n<meta name=\"twitter:card\" content=\"summary_large_image\" \/>\n<meta name=\"twitter:label1\" content=\"Arvioitu lukuaika\" \/>\n\t<meta name=\"twitter:data1\" content=\"1 minuutti\" \/>\n<script type=\"application\/ld+json\" class=\"yoast-schema-graph\">{\"@context\":\"https:\/\/schema.org\",\"@graph\":[{\"@type\":\"WebPage\",\"@id\":\"https:\/\/www.metropolspahotel.ee\/fi\/paketit\/kylpylajuhlat-tallinnan-sydamessa\/\",\"url\":\"https:\/\/www.metropolspahotel.ee\/fi\/paketit\/kylpylajuhlat-tallinnan-sydamessa\/\",\"name\":\"KYLPYL\u00c4JUHLAT TALLINNAN SYD\u00c4MESS\u00c4 - Metropol Spa Hotel\",\"isPartOf\":{\"@id\":\"https:\/\/www.metropolspahotel.ee\/fi\/#website\"},\"primaryImageOfPage\":{\"@id\":\"https:\/\/www.metropolspahotel.ee\/fi\/paketit\/kylpylajuhlat-tallinnan-sydamessa\/#primaryimage\"},\"image\":{\"@id\":\"https:\/\/www.metropolspahotel.ee\/fi\/paketit\/kylpylajuhlat-tallinnan-sydamessa\/#primaryimage\"},\"thumbnailUrl\":\"https:\/\/www.metropolspahotel.ee\/wp-content\/uploads\/sites\/54\/2024\/12\/Metropol-SPA-Veeb-_5T_5909-Edit-Edit.jpg\",\"datePublished\":\"2024-03-06T14:26:12+00:00\",\"dateModified\":\"2026-04-16T12:15:21+00:00\",\"description\":\"Juhli syntym\u00e4p\u00e4iv\u00e4\u00e4si tai muuta t\u00e4rke\u00e4\u00e4 el\u00e4m\u00e4n kohokohtaa Tallinnan ydinkeskustassa sijaitsevassa kylpyl\u00e4ss\u00e4mme.\",\"breadcrumb\":{\"@id\":\"https:\/\/www.metropolspahotel.ee\/fi\/paketit\/kylpylajuhlat-tallinnan-sydamessa\/#breadcrumb\"},\"inLanguage\":\"fi\",\"potentialAction\":[{\"@type\":\"ReadAction\",\"target\":[\"https:\/\/www.metropolspahotel.ee\/fi\/paketit\/kylpylajuhlat-tallinnan-sydamessa\/\"]}]},{\"@type\":\"ImageObject\",\"inLanguage\":\"fi\",\"@id\":\"https:\/\/www.metropolspahotel.ee\/fi\/paketit\/kylpylajuhlat-tallinnan-sydamessa\/#primaryimage\",\"url\":\"https:\/\/www.metropolspahotel.ee\/wp-content\/uploads\/sites\/54\/2024\/12\/Metropol-SPA-Veeb-_5T_5909-Edit-Edit.jpg\",\"contentUrl\":\"https:\/\/www.metropolspahotel.ee\/wp-content\/uploads\/sites\/54\/2024\/12\/Metropol-SPA-Veeb-_5T_5909-Edit-Edit.jpg\",\"width\":1799,\"height\":1200},{\"@type\":\"BreadcrumbList\",\"@id\":\"https:\/\/www.metropolspahotel.ee\/fi\/paketit\/kylpylajuhlat-tallinnan-sydamessa\/#breadcrumb\",\"itemListElement\":[{\"@type\":\"ListItem\",\"position\":1,\"name\":\"Home\",\"item\":\"https:\/\/www.metropolspahotel.ee\/fi\/\"},{\"@type\":\"ListItem\",\"position\":2,\"name\":\"Paketit\",\"item\":\"https:\/\/www.metropolspahotel.ee\/fi\/paketit\/\"},{\"@type\":\"ListItem\",\"position\":3,\"name\":\"KYLPYL\u00c4JUHLAT TALLINNAN SYD\u00c4MESS\u00c4\"}]},{\"@type\":\"WebSite\",\"@id\":\"https:\/\/www.metropolspahotel.ee\/fi\/#website\",\"url\":\"https:\/\/www.metropolspahotel.ee\/fi\/\",\"name\":\"Metropol Spa Hotel\",\"description\":\"Metropol Hotels pakub unikaalset hotellielamust Tallinna uues linnas\u00fcdames. Ideaalne valik \u00e4ri-, konverentsi- v\u00f5i puhkusereisiks!\",\"publisher\":{\"@id\":\"https:\/\/www.metropolspahotel.ee\/fi\/#organization\"},\"alternateName\":\"Metropol Spa Hotel\",\"potentialAction\":[{\"@type\":\"SearchAction\",\"target\":{\"@type\":\"EntryPoint\",\"urlTemplate\":\"https:\/\/www.metropolspahotel.ee\/fi\/?s={search_term_string}\"},\"query-input\":\"required name=search_term_string\"}],\"inLanguage\":\"fi\"},{\"@type\":\"Organization\",\"@id\":\"https:\/\/www.metropolspahotel.ee\/fi\/#organization\",\"name\":\"Metropol Spa Hotel\",\"alternateName\":\"Metropol Spa Hotel\",\"url\":\"https:\/\/www.metropolspahotel.ee\/fi\/\",\"logo\":{\"@type\":\"ImageObject\",\"inLanguage\":\"fi\",\"@id\":\"https:\/\/www.metropolspahotel.ee\/fi\/#\/schema\/logo\/image\/\",\"url\":\"https:\/\/www.metropolspahotel.ee\/wp-content\/uploads\/sites\/54\/2023\/08\/logo_metropol_spa_hotel_c.png\",\"contentUrl\":\"https:\/\/www.metropolspahotel.ee\/wp-content\/uploads\/sites\/54\/2023\/08\/logo_metropol_spa_hotel_c.png\",\"width\":341,\"height\":115,\"caption\":\"Metropol Spa Hotel\"},\"image\":{\"@id\":\"https:\/\/www.metropolspahotel.ee\/fi\/#\/schema\/logo\/image\/\"},\"sameAs\":[\"https:\/\/www.facebook.com\/MetropolSpaHotel\/\"]}]}<\/script>\n<!-- \/ Yoast SEO plugin. -->","yoast_head_json":{"title":"KYLPYL\u00c4JUHLAT TALLINNAN SYD\u00c4MESS\u00c4 - Metropol Spa Hotel","description":"Juhli syntym\u00e4p\u00e4iv\u00e4\u00e4si tai muuta t\u00e4rke\u00e4\u00e4 el\u00e4m\u00e4n kohokohtaa Tallinnan ydinkeskustassa sijaitsevassa kylpyl\u00e4ss\u00e4mme.","robots":{"index":"index","follow":"follow","max-snippet":"max-snippet:-1","max-image-preview":"max-image-preview:large","max-video-preview":"max-video-preview:-1"},"canonical":"https:\/\/www.metropolspahotel.ee\/fi\/paketit\/kylpylajuhlat-tallinnan-sydamessa\/","og_locale":"fi_FI","og_type":"article","og_title":"KYLPYL\u00c4JUHLAT TALLINNAN SYD\u00c4MESS\u00c4 - Metropol Spa Hotel","og_description":"Juhli syntym\u00e4p\u00e4iv\u00e4\u00e4si tai muuta t\u00e4rke\u00e4\u00e4 el\u00e4m\u00e4n kohokohtaa Tallinnan ydinkeskustassa sijaitsevassa kylpyl\u00e4ss\u00e4mme.","og_url":"https:\/\/www.metropolspahotel.ee\/fi\/paketit\/kylpylajuhlat-tallinnan-sydamessa\/","og_site_name":"Metropol Spa Hotel","article_publisher":"https:\/\/www.facebook.com\/MetropolSpaHotel\/","article_modified_time":"2026-04-16T12:15:21+00:00","og_image":[{"width":1799,"height":1200,"url":"https:\/\/www.metropolspahotel.ee\/wp-content\/uploads\/sites\/54\/2024\/12\/Metropol-SPA-Veeb-_5T_5909-Edit-Edit.jpg","type":"image\/jpeg"}],"twitter_card":"summary_large_image","twitter_misc":{"Arvioitu lukuaika":"1 minuutti"},"schema":{"@context":"https:\/\/schema.org","@graph":[{"@type":"WebPage","@id":"https:\/\/www.metropolspahotel.ee\/fi\/paketit\/kylpylajuhlat-tallinnan-sydamessa\/","url":"https:\/\/www.metropolspahotel.ee\/fi\/paketit\/kylpylajuhlat-tallinnan-sydamessa\/","name":"KYLPYL\u00c4JUHLAT TALLINNAN SYD\u00c4MESS\u00c4 - Metropol Spa Hotel","isPartOf":{"@id":"https:\/\/www.metropolspahotel.ee\/fi\/#website"},"primaryImageOfPage":{"@id":"https:\/\/www.metropolspahotel.ee\/fi\/paketit\/kylpylajuhlat-tallinnan-sydamessa\/#primaryimage"},"image":{"@id":"https:\/\/www.metropolspahotel.ee\/fi\/paketit\/kylpylajuhlat-tallinnan-sydamessa\/#primaryimage"},"thumbnailUrl":"https:\/\/www.metropolspahotel.ee\/wp-content\/uploads\/sites\/54\/2024\/12\/Metropol-SPA-Veeb-_5T_5909-Edit-Edit.jpg","datePublished":"2024-03-06T14:26:12+00:00","dateModified":"2026-04-16T12:15:21+00:00","description":"Juhli syntym\u00e4p\u00e4iv\u00e4\u00e4si tai muuta t\u00e4rke\u00e4\u00e4 el\u00e4m\u00e4n kohokohtaa Tallinnan ydinkeskustassa sijaitsevassa kylpyl\u00e4ss\u00e4mme.","breadcrumb":{"@id":"https:\/\/www.metropolspahotel.ee\/fi\/paketit\/kylpylajuhlat-tallinnan-sydamessa\/#breadcrumb"},"inLanguage":"fi","potentialAction":[{"@type":"ReadAction","target":["https:\/\/www.metropolspahotel.ee\/fi\/paketit\/kylpylajuhlat-tallinnan-sydamessa\/"]}]},{"@type":"ImageObject","inLanguage":"fi","@id":"https:\/\/www.metropolspahotel.ee\/fi\/paketit\/kylpylajuhlat-tallinnan-sydamessa\/#primaryimage","url":"https:\/\/www.metropolspahotel.ee\/wp-content\/uploads\/sites\/54\/2024\/12\/Metropol-SPA-Veeb-_5T_5909-Edit-Edit.jpg","contentUrl":"https:\/\/www.metropolspahotel.ee\/wp-content\/uploads\/sites\/54\/2024\/12\/Metropol-SPA-Veeb-_5T_5909-Edit-Edit.jpg","width":1799,"height":1200},{"@type":"BreadcrumbList","@id":"https:\/\/www.metropolspahotel.ee\/fi\/paketit\/kylpylajuhlat-tallinnan-sydamessa\/#breadcrumb","itemListElement":[{"@type":"ListItem","position":1,"name":"Home","item":"https:\/\/www.metropolspahotel.ee\/fi\/"},{"@type":"ListItem","position":2,"name":"Paketit","item":"https:\/\/www.metropolspahotel.ee\/fi\/paketit\/"},{"@type":"ListItem","position":3,"name":"KYLPYL\u00c4JUHLAT TALLINNAN SYD\u00c4MESS\u00c4"}]},{"@type":"WebSite","@id":"https:\/\/www.metropolspahotel.ee\/fi\/#website","url":"https:\/\/www.metropolspahotel.ee\/fi\/","name":"Metropol Spa Hotel","description":"Metropol Hotels pakub unikaalset hotellielamust Tallinna uues linnas\u00fcdames. Ideaalne valik \u00e4ri-, konverentsi- v\u00f5i puhkusereisiks!","publisher":{"@id":"https:\/\/www.metropolspahotel.ee\/fi\/#organization"},"alternateName":"Metropol Spa Hotel","potentialAction":[{"@type":"SearchAction","target":{"@type":"EntryPoint","urlTemplate":"https:\/\/www.metropolspahotel.ee\/fi\/?s={search_term_string}"},"query-input":"required name=search_term_string"}],"inLanguage":"fi"},{"@type":"Organization","@id":"https:\/\/www.metropolspahotel.ee\/fi\/#organization","name":"Metropol Spa Hotel","alternateName":"Metropol Spa Hotel","url":"https:\/\/www.metropolspahotel.ee\/fi\/","logo":{"@type":"ImageObject","inLanguage":"fi","@id":"https:\/\/www.metropolspahotel.ee\/fi\/#\/schema\/logo\/image\/","url":"https:\/\/www.metropolspahotel.ee\/wp-content\/uploads\/sites\/54\/2023\/08\/logo_metropol_spa_hotel_c.png","contentUrl":"https:\/\/www.metropolspahotel.ee\/wp-content\/uploads\/sites\/54\/2023\/08\/logo_metropol_spa_hotel_c.png","width":341,"height":115,"caption":"Metropol Spa Hotel"},"image":{"@id":"https:\/\/www.metropolspahotel.ee\/fi\/#\/schema\/logo\/image\/"},"sameAs":["https:\/\/www.facebook.com\/MetropolSpaHotel\/"]}]}},"acf":[],"_links":{"self":[{"href":"https:\/\/www.metropolspahotel.ee\/fi\/wp-json\/wp\/v2\/pages\/1281"}],"collection":[{"href":"https:\/\/www.metropolspahotel.ee\/fi\/wp-json\/wp\/v2\/pages"}],"about":[{"href":"https:\/\/www.metropolspahotel.ee\/fi\/wp-json\/wp\/v2\/types\/page"}],"author":[{"embeddable":true,"href":"https:\/\/www.metropolspahotel.ee\/fi\/wp-json\/wp\/v2\/users\/121"}],"replies":[{"embeddable":true,"href":"https:\/\/www.metropolspahotel.ee\/fi\/wp-json\/wp\/v2\/comments?post=1281"}],"version-history":[{"count":0,"href":"https:\/\/www.metropolspahotel.ee\/fi\/wp-json\/wp\/v2\/pages\/1281\/revisions"}],"up":[{"embeddable":true,"href":"https:\/\/www.metropolspahotel.ee\/fi\/wp-json\/wp\/v2\/pages\/60"}],"wp:featuredmedia":[{"embeddable":true,"href":"https:\/\/www.metropolspahotel.ee\/fi\/wp-json\/wp\/v2\/media\/1408"}],"wp:attachment":[{"href":"https:\/\/www.metropolspahotel.ee\/fi\/wp-json\/wp\/v2\/media?parent=1281"}],"curies":[{"name":"wp","href":"https:\/\/api.w.org\/{rel}","templated":true}]}}