{"id":1656,"date":"2025-05-15T07:37:11","date_gmt":"2025-05-15T07:37:11","guid":{"rendered":"https:\/\/www.metropolspahotel.ee\/?page_id=1656"},"modified":"2026-03-25T09:44:54","modified_gmt":"2026-03-25T09:44:54","slug":"wellness-hoidot","status":"publish","type":"page","link":"https:\/\/www.metropolspahotel.ee\/fi\/wellness-hoidot\/","title":{"rendered":"Wellness-hoidot"},"content":{"rendered":"<p class=\"p1\"><b>Tervetuloa Metropol Spa Hotellin wellness-maailmaan, jossa kehon ja mielen hoidot luovat tasapainoa, rauhaa ja aitoa hyv\u00e4n olon tunnetta.<\/b><b><\/b><\/p>\n<p class=\"p2\">Valitse itsellesi sopiva hoito tai hieronta ja tee varaus\u00a0<a href=\"https:\/\/online.saloninfra.ee\/fi\/metropol-spa\">SalonInfra<\/a>-j\u00e4rjestelm\u00e4n kautta tai ota meihin yhteytt\u00e4 puhelimitse (+3726674581) tai\u00a0<a href=\"mailto:wellness@metropol.ee\">s\u00e4hk\u00f6postitse<\/a>.<\/p>\n","protected":false},"excerpt":{"rendered":"<p>Tervetuloa Metropol Spa Hotellin wellness-maailmaan, jossa kehon ja mielen hoidot luovat tasapainoa, rauhaa ja aitoa hyv\u00e4n olon tunnetta. Valitse itsellesi sopiva hoito tai hieronta ja tee varaus\u00a0SalonInfra-j\u00e4rjestelm\u00e4n kautta tai ota meihin yhteytt\u00e4 puhelimitse (+3726674581) tai\u00a0s\u00e4hk\u00f6postitse.<\/p>\n","protected":false},"author":121,"featured_media":0,"parent":0,"menu_order":0,"comment_status":"closed","ping_status":"closed","template":"template-content-page-v2.php","meta":{"footnotes":""},"yoast_head":"<!-- This site is optimized with the Yoast SEO plugin v22.3 - https:\/\/yoast.com\/wordpress\/plugins\/seo\/ -->\n<title>Wellness-hoidot - Metropol Spa Hotel<\/title>\n<meta name=\"description\" content=\"Tervetuloa Metropol Spa Hotellin wellness-maailmaan, jossa kehon ja mielen hoidot luovat tasapainoa, rauhaa ja aitoa hyv\u00e4n olon tunnetta. Valitse itsellesi sopiva hoito tai hieronta ja tee varaus\u00a0SalonInfra-j\u00e4rjestelm\u00e4n kautta tai ota meihin yhteytt\u00e4 puhelimitse (+3726674581) tai\u00a0s\u00e4hk\u00f6postitse..\" \/>\n<meta name=\"robots\" content=\"index, follow, max-snippet:-1, max-image-preview:large, max-video-preview:-1\" \/>\n<link rel=\"canonical\" href=\"https:\/\/www.metropolspahotel.ee\/fi\/wellness-hoidot\/\" \/>\n<meta property=\"og:locale\" content=\"fi_FI\" \/>\n<meta property=\"og:type\" content=\"article\" \/>\n<meta property=\"og:title\" content=\"Wellness-hoidot - Metropol Spa Hotel\" \/>\n<meta property=\"og:description\" content=\"Tervetuloa Metropol Spa Hotellin wellness-maailmaan, jossa kehon ja mielen hoidot luovat tasapainoa, rauhaa ja aitoa hyv\u00e4n olon tunnetta. Valitse itsellesi sopiva hoito tai hieronta ja tee varaus\u00a0SalonInfra-j\u00e4rjestelm\u00e4n kautta tai ota meihin yhteytt\u00e4 puhelimitse (+3726674581) tai\u00a0s\u00e4hk\u00f6postitse..\" \/>\n<meta property=\"og:url\" content=\"https:\/\/www.metropolspahotel.ee\/fi\/wellness-hoidot\/\" \/>\n<meta property=\"og:site_name\" content=\"Metropol Spa Hotel\" \/>\n<meta property=\"article:publisher\" content=\"https:\/\/www.facebook.com\/MetropolSpaHotel\/\" \/>\n<meta property=\"article:modified_time\" content=\"2026-03-25T09:44:54+00:00\" \/>\n<meta property=\"og:image\" content=\"https:\/\/www.metropolspahotel.ee\/wp-content\/uploads\/sites\/54\/2023\/09\/metropole_spa_hotel_gallery_37.jpg\" \/>\n\t<meta property=\"og:image:width\" content=\"1200\" \/>\n\t<meta property=\"og:image:height\" content=\"800\" \/>\n\t<meta property=\"og:image:type\" content=\"image\/jpeg\" \/>\n<meta name=\"twitter:card\" content=\"summary_large_image\" \/>\n<meta name=\"twitter:label1\" content=\"Arvioitu lukuaika\" \/>\n\t<meta name=\"twitter:data1\" content=\"1 minuutti\" \/>\n<script type=\"application\/ld+json\" class=\"yoast-schema-graph\">{\"@context\":\"https:\/\/schema.org\",\"@graph\":[{\"@type\":\"WebPage\",\"@id\":\"https:\/\/www.metropolspahotel.ee\/fi\/wellness-hoidot\/\",\"url\":\"https:\/\/www.metropolspahotel.ee\/fi\/wellness-hoidot\/\",\"name\":\"Wellness-hoidot - Metropol Spa Hotel\",\"isPartOf\":{\"@id\":\"https:\/\/www.metropolspahotel.ee\/fi\/#website\"},\"datePublished\":\"2025-05-15T07:37:11+00:00\",\"dateModified\":\"2026-03-25T09:44:54+00:00\",\"description\":\"Tervetuloa Metropol Spa Hotellin wellness-maailmaan, jossa kehon ja mielen hoidot luovat tasapainoa, rauhaa ja aitoa hyv\u00e4n olon tunnetta. Valitse itsellesi sopiva hoito tai hieronta ja tee varaus\u00a0SalonInfra-j\u00e4rjestelm\u00e4n kautta tai ota meihin yhteytt\u00e4 puhelimitse (+3726674581) tai\u00a0s\u00e4hk\u00f6postitse. .\",\"breadcrumb\":{\"@id\":\"https:\/\/www.metropolspahotel.ee\/fi\/wellness-hoidot\/#breadcrumb\"},\"inLanguage\":\"fi\",\"potentialAction\":[{\"@type\":\"ReadAction\",\"target\":[\"https:\/\/www.metropolspahotel.ee\/fi\/wellness-hoidot\/\"]}]},{\"@type\":\"BreadcrumbList\",\"@id\":\"https:\/\/www.metropolspahotel.ee\/fi\/wellness-hoidot\/#breadcrumb\",\"itemListElement\":[{\"@type\":\"ListItem\",\"position\":1,\"name\":\"Home\",\"item\":\"https:\/\/www.metropolspahotel.ee\/fi\/\"},{\"@type\":\"ListItem\",\"position\":2,\"name\":\"Wellness-hoidot\"}]},{\"@type\":\"WebSite\",\"@id\":\"https:\/\/www.metropolspahotel.ee\/fi\/#website\",\"url\":\"https:\/\/www.metropolspahotel.ee\/fi\/\",\"name\":\"Metropol Spa Hotel\",\"description\":\"Metropol Hotels pakub unikaalset hotellielamust Tallinna uues linnas\u00fcdames. Ideaalne valik \u00e4ri-, konverentsi- v\u00f5i puhkusereisiks!\",\"publisher\":{\"@id\":\"https:\/\/www.metropolspahotel.ee\/fi\/#organization\"},\"alternateName\":\"Metropol Spa Hotel\",\"potentialAction\":[{\"@type\":\"SearchAction\",\"target\":{\"@type\":\"EntryPoint\",\"urlTemplate\":\"https:\/\/www.metropolspahotel.ee\/fi\/?s={search_term_string}\"},\"query-input\":\"required name=search_term_string\"}],\"inLanguage\":\"fi\"},{\"@type\":\"Organization\",\"@id\":\"https:\/\/www.metropolspahotel.ee\/fi\/#organization\",\"name\":\"Metropol Spa Hotel\",\"alternateName\":\"Metropol Spa Hotel\",\"url\":\"https:\/\/www.metropolspahotel.ee\/fi\/\",\"logo\":{\"@type\":\"ImageObject\",\"inLanguage\":\"fi\",\"@id\":\"https:\/\/www.metropolspahotel.ee\/fi\/#\/schema\/logo\/image\/\",\"url\":\"https:\/\/www.metropolspahotel.ee\/wp-content\/uploads\/sites\/54\/2023\/08\/logo_metropol_spa_hotel_c.png\",\"contentUrl\":\"https:\/\/www.metropolspahotel.ee\/wp-content\/uploads\/sites\/54\/2023\/08\/logo_metropol_spa_hotel_c.png\",\"width\":341,\"height\":115,\"caption\":\"Metropol Spa Hotel\"},\"image\":{\"@id\":\"https:\/\/www.metropolspahotel.ee\/fi\/#\/schema\/logo\/image\/\"},\"sameAs\":[\"https:\/\/www.facebook.com\/MetropolSpaHotel\/\"]}]}<\/script>\n<!-- \/ Yoast SEO plugin. -->","yoast_head_json":{"title":"Wellness-hoidot - Metropol Spa Hotel","description":"Tervetuloa Metropol Spa Hotellin wellness-maailmaan, jossa kehon ja mielen hoidot luovat tasapainoa, rauhaa ja aitoa hyv\u00e4n olon tunnetta. Valitse itsellesi sopiva hoito tai hieronta ja tee varaus\u00a0SalonInfra-j\u00e4rjestelm\u00e4n kautta tai ota meihin yhteytt\u00e4 puhelimitse (+3726674581) tai\u00a0s\u00e4hk\u00f6postitse..","robots":{"index":"index","follow":"follow","max-snippet":"max-snippet:-1","max-image-preview":"max-image-preview:large","max-video-preview":"max-video-preview:-1"},"canonical":"https:\/\/www.metropolspahotel.ee\/fi\/wellness-hoidot\/","og_locale":"fi_FI","og_type":"article","og_title":"Wellness-hoidot - Metropol Spa Hotel","og_description":"Tervetuloa Metropol Spa Hotellin wellness-maailmaan, jossa kehon ja mielen hoidot luovat tasapainoa, rauhaa ja aitoa hyv\u00e4n olon tunnetta. Valitse itsellesi sopiva hoito tai hieronta ja tee varaus\u00a0SalonInfra-j\u00e4rjestelm\u00e4n kautta tai ota meihin yhteytt\u00e4 puhelimitse (+3726674581) tai\u00a0s\u00e4hk\u00f6postitse..","og_url":"https:\/\/www.metropolspahotel.ee\/fi\/wellness-hoidot\/","og_site_name":"Metropol Spa Hotel","article_publisher":"https:\/\/www.facebook.com\/MetropolSpaHotel\/","article_modified_time":"2026-03-25T09:44:54+00:00","og_image":[{"width":1200,"height":800,"url":"https:\/\/www.metropolspahotel.ee\/wp-content\/uploads\/sites\/54\/2023\/09\/metropole_spa_hotel_gallery_37.jpg","type":"image\/jpeg"}],"twitter_card":"summary_large_image","twitter_misc":{"Arvioitu lukuaika":"1 minuutti"},"schema":{"@context":"https:\/\/schema.org","@graph":[{"@type":"WebPage","@id":"https:\/\/www.metropolspahotel.ee\/fi\/wellness-hoidot\/","url":"https:\/\/www.metropolspahotel.ee\/fi\/wellness-hoidot\/","name":"Wellness-hoidot - Metropol Spa Hotel","isPartOf":{"@id":"https:\/\/www.metropolspahotel.ee\/fi\/#website"},"datePublished":"2025-05-15T07:37:11+00:00","dateModified":"2026-03-25T09:44:54+00:00","description":"Tervetuloa Metropol Spa Hotellin wellness-maailmaan, jossa kehon ja mielen hoidot luovat tasapainoa, rauhaa ja aitoa hyv\u00e4n olon tunnetta. Valitse itsellesi sopiva hoito tai hieronta ja tee varaus\u00a0SalonInfra-j\u00e4rjestelm\u00e4n kautta tai ota meihin yhteytt\u00e4 puhelimitse (+3726674581) tai\u00a0s\u00e4hk\u00f6postitse. .","breadcrumb":{"@id":"https:\/\/www.metropolspahotel.ee\/fi\/wellness-hoidot\/#breadcrumb"},"inLanguage":"fi","potentialAction":[{"@type":"ReadAction","target":["https:\/\/www.metropolspahotel.ee\/fi\/wellness-hoidot\/"]}]},{"@type":"BreadcrumbList","@id":"https:\/\/www.metropolspahotel.ee\/fi\/wellness-hoidot\/#breadcrumb","itemListElement":[{"@type":"ListItem","position":1,"name":"Home","item":"https:\/\/www.metropolspahotel.ee\/fi\/"},{"@type":"ListItem","position":2,"name":"Wellness-hoidot"}]},{"@type":"WebSite","@id":"https:\/\/www.metropolspahotel.ee\/fi\/#website","url":"https:\/\/www.metropolspahotel.ee\/fi\/","name":"Metropol Spa Hotel","description":"Metropol Hotels pakub unikaalset hotellielamust Tallinna uues linnas\u00fcdames. Ideaalne valik \u00e4ri-, konverentsi- v\u00f5i puhkusereisiks!","publisher":{"@id":"https:\/\/www.metropolspahotel.ee\/fi\/#organization"},"alternateName":"Metropol Spa Hotel","potentialAction":[{"@type":"SearchAction","target":{"@type":"EntryPoint","urlTemplate":"https:\/\/www.metropolspahotel.ee\/fi\/?s={search_term_string}"},"query-input":"required name=search_term_string"}],"inLanguage":"fi"},{"@type":"Organization","@id":"https:\/\/www.metropolspahotel.ee\/fi\/#organization","name":"Metropol Spa Hotel","alternateName":"Metropol Spa Hotel","url":"https:\/\/www.metropolspahotel.ee\/fi\/","logo":{"@type":"ImageObject","inLanguage":"fi","@id":"https:\/\/www.metropolspahotel.ee\/fi\/#\/schema\/logo\/image\/","url":"https:\/\/www.metropolspahotel.ee\/wp-content\/uploads\/sites\/54\/2023\/08\/logo_metropol_spa_hotel_c.png","contentUrl":"https:\/\/www.metropolspahotel.ee\/wp-content\/uploads\/sites\/54\/2023\/08\/logo_metropol_spa_hotel_c.png","width":341,"height":115,"caption":"Metropol Spa Hotel"},"image":{"@id":"https:\/\/www.metropolspahotel.ee\/fi\/#\/schema\/logo\/image\/"},"sameAs":["https:\/\/www.facebook.com\/MetropolSpaHotel\/"]}]}},"acf":[],"_links":{"self":[{"href":"https:\/\/www.metropolspahotel.ee\/fi\/wp-json\/wp\/v2\/pages\/1656"}],"collection":[{"href":"https:\/\/www.metropolspahotel.ee\/fi\/wp-json\/wp\/v2\/pages"}],"about":[{"href":"https:\/\/www.metropolspahotel.ee\/fi\/wp-json\/wp\/v2\/types\/page"}],"author":[{"embeddable":true,"href":"https:\/\/www.metropolspahotel.ee\/fi\/wp-json\/wp\/v2\/users\/121"}],"replies":[{"embeddable":true,"href":"https:\/\/www.metropolspahotel.ee\/fi\/wp-json\/wp\/v2\/comments?post=1656"}],"version-history":[{"count":0,"href":"https:\/\/www.metropolspahotel.ee\/fi\/wp-json\/wp\/v2\/pages\/1656\/revisions"}],"wp:attachment":[{"href":"https:\/\/www.metropolspahotel.ee\/fi\/wp-json\/wp\/v2\/media?parent=1656"}],"curies":[{"name":"wp","href":"https:\/\/api.w.org\/{rel}","templated":true}]}}