{"id":1658,"date":"2025-05-15T07:47:26","date_gmt":"2025-05-15T07:47:26","guid":{"rendered":"https:\/\/www.metropolspahotel.ee\/?page_id=1658"},"modified":"2025-06-16T08:43:40","modified_gmt":"2025-06-16T08:43:40","slug":"kauneuslisat","status":"publish","type":"page","link":"https:\/\/www.metropolspahotel.ee\/fi\/wellness-hoidot\/kauneuslisat\/","title":{"rendered":"Kauneuslis\u00e4t"},"content":{"rendered":"<p class=\"p1\">T\u00e4ydellisyys piilee joskus yksityiskohdissa. Metropol Spa Hotellin <strong>kauneuslis\u00e4t<\/strong> on suunniteltu t\u00e4ydent\u00e4m\u00e4\u00e4n valitsemaasi hoitoa ja tekem\u00e4\u00e4n kylpyl\u00e4kokemuksestasi entist\u00e4 nautinnollisemman ja kokonaisvaltaisemman. N\u00e4m\u00e4 pienet, mutta t\u00e4rke\u00e4t lis\u00e4palvelut korostavat luonnollista kauneutta, tukevat rentoutumista ja tarjoavat yksil\u00f6llisen hoitoel\u00e4myksen.<\/p>\n<p class=\"p1\">Valikoimaan kuuluu muun muassa <strong>v\u00e4riterapian vesipeti<\/strong>, ihon diagnostiikka sek\u00e4 <strong>ripsien ja kulmien hoidot<\/strong> \u2013 juuri se oikea viimeinen silaus spa-hetkeesi. Kauneuslis\u00e4t sopivat t\u00e4ydellisesti kasvo-, vartalo- ja hierontahoitojen lis\u00e4n\u00e4, mutta niit\u00e4 ei tarjota erillisin\u00e4 palveluina.<\/p>\n<p class=\"p1\">Valitse oma suosikkilis\u00e4si ja anna pienten yksityiskohtien luoda suuri vaikutus.<\/p>\n","protected":false},"excerpt":{"rendered":"<p>T\u00e4ydellisyys piilee joskus yksityiskohdissa. Metropol Spa Hotellin kauneuslis\u00e4t on suunniteltu t\u00e4ydent\u00e4m\u00e4\u00e4n valitsemaasi hoitoa ja tekem\u00e4\u00e4n kylpyl\u00e4kokemuksestasi entist\u00e4 nautinnollisemman ja kokonaisvaltaisemman. N\u00e4m\u00e4 pienet, mutta t\u00e4rke\u00e4t lis\u00e4palvelut korostavat luonnollista kauneutta, tukevat rentoutumista ja tarjoavat yksil\u00f6llisen hoitoel\u00e4myksen. Valikoimaan kuuluu muun muassa v\u00e4riterapian vesipeti, ihon diagnostiikka sek\u00e4 ripsien ja kulmien hoidot \u2013 juuri se oikea viimeinen silaus spa-hetkeesi. Kauneuslis\u00e4t [&hellip;]<\/p>\n","protected":false},"author":121,"featured_media":0,"parent":1656,"menu_order":0,"comment_status":"closed","ping_status":"closed","template":"template-content-page.php","meta":{"footnotes":""},"yoast_head":"<!-- This site is optimized with the Yoast SEO plugin v22.3 - https:\/\/yoast.com\/wordpress\/plugins\/seo\/ -->\n<title>Kauneuslis\u00e4t - Metropol Spa Hotel<\/title>\n<meta name=\"description\" content=\"T\u00e4ydellisyys piilee joskus yksityiskohdissa. Metropol Spa Hotellin kauneuslis\u00e4t on suunniteltu t\u00e4ydent\u00e4m\u00e4\u00e4n valitsemaasi hoitoa ja tekem\u00e4\u00e4n kylpyl\u00e4kokemuksestasi entist\u00e4 nautinnollisemman ja kokonaisvaltaisemman\" \/>\n<meta name=\"robots\" content=\"index, follow, max-snippet:-1, max-image-preview:large, max-video-preview:-1\" \/>\n<link rel=\"canonical\" href=\"https:\/\/www.metropolspahotel.ee\/fi\/wellness-hoidot\/kauneuslisat\/\" \/>\n<meta property=\"og:locale\" content=\"fi_FI\" \/>\n<meta property=\"og:type\" content=\"article\" \/>\n<meta property=\"og:title\" content=\"Kauneuslis\u00e4t - Metropol Spa Hotel\" \/>\n<meta property=\"og:description\" content=\"T\u00e4ydellisyys piilee joskus yksityiskohdissa. Metropol Spa Hotellin kauneuslis\u00e4t on suunniteltu t\u00e4ydent\u00e4m\u00e4\u00e4n valitsemaasi hoitoa ja tekem\u00e4\u00e4n kylpyl\u00e4kokemuksestasi entist\u00e4 nautinnollisemman ja kokonaisvaltaisemman\" \/>\n<meta property=\"og:url\" content=\"https:\/\/www.metropolspahotel.ee\/fi\/wellness-hoidot\/kauneuslisat\/\" \/>\n<meta property=\"og:site_name\" content=\"Metropol Spa Hotel\" \/>\n<meta property=\"article:publisher\" content=\"https:\/\/www.facebook.com\/MetropolSpaHotel\/\" \/>\n<meta property=\"article:modified_time\" content=\"2025-06-16T08:43:40+00:00\" \/>\n<meta property=\"og:image\" content=\"https:\/\/www.metropolspahotel.ee\/wp-content\/uploads\/sites\/54\/2023\/09\/metropole_spa_hotel_gallery_37.jpg\" \/>\n\t<meta property=\"og:image:width\" content=\"1200\" \/>\n\t<meta property=\"og:image:height\" content=\"800\" \/>\n\t<meta property=\"og:image:type\" content=\"image\/jpeg\" \/>\n<meta name=\"twitter:card\" content=\"summary_large_image\" \/>\n<meta name=\"twitter:label1\" content=\"Arvioitu lukuaika\" \/>\n\t<meta name=\"twitter:data1\" content=\"1 minuutti\" \/>\n<script type=\"application\/ld+json\" class=\"yoast-schema-graph\">{\"@context\":\"https:\/\/schema.org\",\"@graph\":[{\"@type\":\"WebPage\",\"@id\":\"https:\/\/www.metropolspahotel.ee\/fi\/wellness-hoidot\/kauneuslisat\/\",\"url\":\"https:\/\/www.metropolspahotel.ee\/fi\/wellness-hoidot\/kauneuslisat\/\",\"name\":\"Kauneuslis\u00e4t - Metropol Spa Hotel\",\"isPartOf\":{\"@id\":\"https:\/\/www.metropolspahotel.ee\/fi\/#website\"},\"datePublished\":\"2025-05-15T07:47:26+00:00\",\"dateModified\":\"2025-06-16T08:43:40+00:00\",\"description\":\"T\u00e4ydellisyys piilee joskus yksityiskohdissa. Metropol Spa Hotellin kauneuslis\u00e4t on suunniteltu t\u00e4ydent\u00e4m\u00e4\u00e4n valitsemaasi hoitoa ja tekem\u00e4\u00e4n kylpyl\u00e4kokemuksestasi entist\u00e4 nautinnollisemman ja kokonaisvaltaisemman\",\"breadcrumb\":{\"@id\":\"https:\/\/www.metropolspahotel.ee\/fi\/wellness-hoidot\/kauneuslisat\/#breadcrumb\"},\"inLanguage\":\"fi\",\"potentialAction\":[{\"@type\":\"ReadAction\",\"target\":[\"https:\/\/www.metropolspahotel.ee\/fi\/wellness-hoidot\/kauneuslisat\/\"]}]},{\"@type\":\"BreadcrumbList\",\"@id\":\"https:\/\/www.metropolspahotel.ee\/fi\/wellness-hoidot\/kauneuslisat\/#breadcrumb\",\"itemListElement\":[{\"@type\":\"ListItem\",\"position\":1,\"name\":\"Home\",\"item\":\"https:\/\/www.metropolspahotel.ee\/fi\/\"},{\"@type\":\"ListItem\",\"position\":2,\"name\":\"Wellness-hoidot\",\"item\":\"https:\/\/www.metropolspahotel.ee\/fi\/wellness-hoidot\/\"},{\"@type\":\"ListItem\",\"position\":3,\"name\":\"Kauneuslis\u00e4t\"}]},{\"@type\":\"WebSite\",\"@id\":\"https:\/\/www.metropolspahotel.ee\/fi\/#website\",\"url\":\"https:\/\/www.metropolspahotel.ee\/fi\/\",\"name\":\"Metropol Spa Hotel\",\"description\":\"Metropol Hotels pakub unikaalset hotellielamust Tallinna uues linnas\u00fcdames. Ideaalne valik \u00e4ri-, konverentsi- v\u00f5i puhkusereisiks!\",\"publisher\":{\"@id\":\"https:\/\/www.metropolspahotel.ee\/fi\/#organization\"},\"alternateName\":\"Metropol Spa Hotel\",\"potentialAction\":[{\"@type\":\"SearchAction\",\"target\":{\"@type\":\"EntryPoint\",\"urlTemplate\":\"https:\/\/www.metropolspahotel.ee\/fi\/?s={search_term_string}\"},\"query-input\":\"required name=search_term_string\"}],\"inLanguage\":\"fi\"},{\"@type\":\"Organization\",\"@id\":\"https:\/\/www.metropolspahotel.ee\/fi\/#organization\",\"name\":\"Metropol Spa Hotel\",\"alternateName\":\"Metropol Spa Hotel\",\"url\":\"https:\/\/www.metropolspahotel.ee\/fi\/\",\"logo\":{\"@type\":\"ImageObject\",\"inLanguage\":\"fi\",\"@id\":\"https:\/\/www.metropolspahotel.ee\/fi\/#\/schema\/logo\/image\/\",\"url\":\"https:\/\/www.metropolspahotel.ee\/wp-content\/uploads\/sites\/54\/2023\/08\/logo_metropol_spa_hotel_c.png\",\"contentUrl\":\"https:\/\/www.metropolspahotel.ee\/wp-content\/uploads\/sites\/54\/2023\/08\/logo_metropol_spa_hotel_c.png\",\"width\":341,\"height\":115,\"caption\":\"Metropol Spa Hotel\"},\"image\":{\"@id\":\"https:\/\/www.metropolspahotel.ee\/fi\/#\/schema\/logo\/image\/\"},\"sameAs\":[\"https:\/\/www.facebook.com\/MetropolSpaHotel\/\"]}]}<\/script>\n<!-- \/ Yoast SEO plugin. -->","yoast_head_json":{"title":"Kauneuslis\u00e4t - Metropol Spa Hotel","description":"T\u00e4ydellisyys piilee joskus yksityiskohdissa. Metropol Spa Hotellin kauneuslis\u00e4t on suunniteltu t\u00e4ydent\u00e4m\u00e4\u00e4n valitsemaasi hoitoa ja tekem\u00e4\u00e4n kylpyl\u00e4kokemuksestasi entist\u00e4 nautinnollisemman ja kokonaisvaltaisemman","robots":{"index":"index","follow":"follow","max-snippet":"max-snippet:-1","max-image-preview":"max-image-preview:large","max-video-preview":"max-video-preview:-1"},"canonical":"https:\/\/www.metropolspahotel.ee\/fi\/wellness-hoidot\/kauneuslisat\/","og_locale":"fi_FI","og_type":"article","og_title":"Kauneuslis\u00e4t - Metropol Spa Hotel","og_description":"T\u00e4ydellisyys piilee joskus yksityiskohdissa. Metropol Spa Hotellin kauneuslis\u00e4t on suunniteltu t\u00e4ydent\u00e4m\u00e4\u00e4n valitsemaasi hoitoa ja tekem\u00e4\u00e4n kylpyl\u00e4kokemuksestasi entist\u00e4 nautinnollisemman ja kokonaisvaltaisemman","og_url":"https:\/\/www.metropolspahotel.ee\/fi\/wellness-hoidot\/kauneuslisat\/","og_site_name":"Metropol Spa Hotel","article_publisher":"https:\/\/www.facebook.com\/MetropolSpaHotel\/","article_modified_time":"2025-06-16T08:43:40+00:00","og_image":[{"width":1200,"height":800,"url":"https:\/\/www.metropolspahotel.ee\/wp-content\/uploads\/sites\/54\/2023\/09\/metropole_spa_hotel_gallery_37.jpg","type":"image\/jpeg"}],"twitter_card":"summary_large_image","twitter_misc":{"Arvioitu lukuaika":"1 minuutti"},"schema":{"@context":"https:\/\/schema.org","@graph":[{"@type":"WebPage","@id":"https:\/\/www.metropolspahotel.ee\/fi\/wellness-hoidot\/kauneuslisat\/","url":"https:\/\/www.metropolspahotel.ee\/fi\/wellness-hoidot\/kauneuslisat\/","name":"Kauneuslis\u00e4t - Metropol Spa Hotel","isPartOf":{"@id":"https:\/\/www.metropolspahotel.ee\/fi\/#website"},"datePublished":"2025-05-15T07:47:26+00:00","dateModified":"2025-06-16T08:43:40+00:00","description":"T\u00e4ydellisyys piilee joskus yksityiskohdissa. Metropol Spa Hotellin kauneuslis\u00e4t on suunniteltu t\u00e4ydent\u00e4m\u00e4\u00e4n valitsemaasi hoitoa ja tekem\u00e4\u00e4n kylpyl\u00e4kokemuksestasi entist\u00e4 nautinnollisemman ja kokonaisvaltaisemman","breadcrumb":{"@id":"https:\/\/www.metropolspahotel.ee\/fi\/wellness-hoidot\/kauneuslisat\/#breadcrumb"},"inLanguage":"fi","potentialAction":[{"@type":"ReadAction","target":["https:\/\/www.metropolspahotel.ee\/fi\/wellness-hoidot\/kauneuslisat\/"]}]},{"@type":"BreadcrumbList","@id":"https:\/\/www.metropolspahotel.ee\/fi\/wellness-hoidot\/kauneuslisat\/#breadcrumb","itemListElement":[{"@type":"ListItem","position":1,"name":"Home","item":"https:\/\/www.metropolspahotel.ee\/fi\/"},{"@type":"ListItem","position":2,"name":"Wellness-hoidot","item":"https:\/\/www.metropolspahotel.ee\/fi\/wellness-hoidot\/"},{"@type":"ListItem","position":3,"name":"Kauneuslis\u00e4t"}]},{"@type":"WebSite","@id":"https:\/\/www.metropolspahotel.ee\/fi\/#website","url":"https:\/\/www.metropolspahotel.ee\/fi\/","name":"Metropol Spa Hotel","description":"Metropol Hotels pakub unikaalset hotellielamust Tallinna uues linnas\u00fcdames. Ideaalne valik \u00e4ri-, konverentsi- v\u00f5i puhkusereisiks!","publisher":{"@id":"https:\/\/www.metropolspahotel.ee\/fi\/#organization"},"alternateName":"Metropol Spa Hotel","potentialAction":[{"@type":"SearchAction","target":{"@type":"EntryPoint","urlTemplate":"https:\/\/www.metropolspahotel.ee\/fi\/?s={search_term_string}"},"query-input":"required name=search_term_string"}],"inLanguage":"fi"},{"@type":"Organization","@id":"https:\/\/www.metropolspahotel.ee\/fi\/#organization","name":"Metropol Spa Hotel","alternateName":"Metropol Spa Hotel","url":"https:\/\/www.metropolspahotel.ee\/fi\/","logo":{"@type":"ImageObject","inLanguage":"fi","@id":"https:\/\/www.metropolspahotel.ee\/fi\/#\/schema\/logo\/image\/","url":"https:\/\/www.metropolspahotel.ee\/wp-content\/uploads\/sites\/54\/2023\/08\/logo_metropol_spa_hotel_c.png","contentUrl":"https:\/\/www.metropolspahotel.ee\/wp-content\/uploads\/sites\/54\/2023\/08\/logo_metropol_spa_hotel_c.png","width":341,"height":115,"caption":"Metropol Spa Hotel"},"image":{"@id":"https:\/\/www.metropolspahotel.ee\/fi\/#\/schema\/logo\/image\/"},"sameAs":["https:\/\/www.facebook.com\/MetropolSpaHotel\/"]}]}},"acf":[],"_links":{"self":[{"href":"https:\/\/www.metropolspahotel.ee\/fi\/wp-json\/wp\/v2\/pages\/1658"}],"collection":[{"href":"https:\/\/www.metropolspahotel.ee\/fi\/wp-json\/wp\/v2\/pages"}],"about":[{"href":"https:\/\/www.metropolspahotel.ee\/fi\/wp-json\/wp\/v2\/types\/page"}],"author":[{"embeddable":true,"href":"https:\/\/www.metropolspahotel.ee\/fi\/wp-json\/wp\/v2\/users\/121"}],"replies":[{"embeddable":true,"href":"https:\/\/www.metropolspahotel.ee\/fi\/wp-json\/wp\/v2\/comments?post=1658"}],"version-history":[{"count":0,"href":"https:\/\/www.metropolspahotel.ee\/fi\/wp-json\/wp\/v2\/pages\/1658\/revisions"}],"up":[{"embeddable":true,"href":"https:\/\/www.metropolspahotel.ee\/fi\/wp-json\/wp\/v2\/pages\/1656"}],"wp:attachment":[{"href":"https:\/\/www.metropolspahotel.ee\/fi\/wp-json\/wp\/v2\/media?parent=1658"}],"curies":[{"name":"wp","href":"https:\/\/api.w.org\/{rel}","templated":true}]}}