{"id":1663,"date":"2025-05-15T07:54:15","date_gmt":"2025-05-15T07:54:15","guid":{"rendered":"https:\/\/www.metropolspahotel.ee\/?page_id=1663"},"modified":"2025-06-16T08:53:15","modified_gmt":"2025-06-16T08:53:15","slug":"kasihoidot","status":"publish","type":"page","link":"https:\/\/www.metropolspahotel.ee\/fi\/wellness-hoidot\/kasihoidot\/","title":{"rendered":"K\u00e4sihoidot"},"content":{"rendered":"<p class=\"p1\">Kauniit ja hyvin hoidetut k\u00e4det eiv\u00e4t ole pelk\u00e4st\u00e4\u00e4n ulkon\u00e4k\u00f6seikka \u2013 ne heijastavat huolenpitoa ja tarkkuutta. Metropol Spa Hotellin k\u00e4sihoidot tarjoavat k\u00e4sille syv\u00e4kosteutusta, suojaa ja kauneutta, yhdist\u00e4en ammattimaisen hoidon miellytt\u00e4v\u00e4\u00e4n kylpyl\u00e4kokemukseen.<\/p>\n<p class=\"p1\">Valikoimasta l\u00f6ytyy sek\u00e4 <strong>pikahoitoja nopeaan virkistykseen<\/strong> ett\u00e4 ylellisi\u00e4 spa-manikyyrej\u00e4, jotka rentouttavat ja uudistavat k\u00e4sien ihon, kynnet ja mielen. Parafiinihoito sopii erityisesti kuiville ja kylmille k\u00e4sille, tarjoten syv\u00e4kosteutusta ja l\u00e4mp\u00f6\u00e4. Klassiset ja spa-manikyyrit takaavat viimeistellyn lopputuloksen arkeen tai juhlaan.<\/p>\n<p class=\"p1\">Anna k\u00e4sillesi hoitoa, joka saa ne hehkumaan ja tuntumaan j\u00e4lleen pehmeilt\u00e4 ja hyvin hoidetuilta.<\/p>\n","protected":false},"excerpt":{"rendered":"<p>Kauniit ja hyvin hoidetut k\u00e4det eiv\u00e4t ole pelk\u00e4st\u00e4\u00e4n ulkon\u00e4k\u00f6seikka \u2013 ne heijastavat huolenpitoa ja tarkkuutta. Metropol Spa Hotellin k\u00e4sihoidot tarjoavat k\u00e4sille syv\u00e4kosteutusta, suojaa ja kauneutta, yhdist\u00e4en ammattimaisen hoidon miellytt\u00e4v\u00e4\u00e4n kylpyl\u00e4kokemukseen. Valikoimasta l\u00f6ytyy sek\u00e4 pikahoitoja nopeaan virkistykseen ett\u00e4 ylellisi\u00e4 spa-manikyyrej\u00e4, jotka rentouttavat ja uudistavat k\u00e4sien ihon, kynnet ja mielen. Parafiinihoito sopii erityisesti kuiville ja kylmille k\u00e4sille, [&hellip;]<\/p>\n","protected":false},"author":121,"featured_media":0,"parent":1656,"menu_order":0,"comment_status":"closed","ping_status":"closed","template":"template-content-page.php","meta":{"footnotes":""},"yoast_head":"<!-- This site is optimized with the Yoast SEO plugin v22.3 - https:\/\/yoast.com\/wordpress\/plugins\/seo\/ -->\n<title>K\u00e4sihoidot - Metropol Spa Hotel<\/title>\n<meta name=\"description\" content=\"Kauniit ja hyvin hoidetut k\u00e4det eiv\u00e4t ole pelk\u00e4st\u00e4\u00e4n ulkon\u00e4k\u00f6seikka \u2013 ne heijastavat huolenpitoa ja tarkkuutta. Metropol Spa Hotellin k\u00e4sihoidot tarjoavat k\u00e4sille syv\u00e4kosteutusta, suojaa ja kauneutta, yhdist\u00e4en ammattimaisen hoidon miellytt\u00e4v\u00e4\u00e4n kylpyl\u00e4kokemukseen. Valikoimasta l\u00f6ytyy sek\u00e4 pikahoitoja nopeaan virkistykseen ett\u00e4 ylellisi\u00e4 spa-manikyyrej\u00e4, jotka rentouttavat ja uudistavat k\u00e4sien ihon, kynnet ja mielen\" \/>\n<meta name=\"robots\" content=\"index, follow, max-snippet:-1, max-image-preview:large, max-video-preview:-1\" \/>\n<link rel=\"canonical\" href=\"https:\/\/www.metropolspahotel.ee\/fi\/wellness-hoidot\/kasihoidot\/\" \/>\n<meta property=\"og:locale\" content=\"fi_FI\" \/>\n<meta property=\"og:type\" content=\"article\" \/>\n<meta property=\"og:title\" content=\"K\u00e4sihoidot - Metropol Spa Hotel\" \/>\n<meta property=\"og:description\" content=\"Kauniit ja hyvin hoidetut k\u00e4det eiv\u00e4t ole pelk\u00e4st\u00e4\u00e4n ulkon\u00e4k\u00f6seikka \u2013 ne heijastavat huolenpitoa ja tarkkuutta. Metropol Spa Hotellin k\u00e4sihoidot tarjoavat k\u00e4sille syv\u00e4kosteutusta, suojaa ja kauneutta, yhdist\u00e4en ammattimaisen hoidon miellytt\u00e4v\u00e4\u00e4n kylpyl\u00e4kokemukseen. Valikoimasta l\u00f6ytyy sek\u00e4 pikahoitoja nopeaan virkistykseen ett\u00e4 ylellisi\u00e4 spa-manikyyrej\u00e4, jotka rentouttavat ja uudistavat k\u00e4sien ihon, kynnet ja mielen\" \/>\n<meta property=\"og:url\" content=\"https:\/\/www.metropolspahotel.ee\/fi\/wellness-hoidot\/kasihoidot\/\" \/>\n<meta property=\"og:site_name\" content=\"Metropol Spa Hotel\" \/>\n<meta property=\"article:publisher\" content=\"https:\/\/www.facebook.com\/MetropolSpaHotel\/\" \/>\n<meta property=\"article:modified_time\" content=\"2025-06-16T08:53:15+00:00\" \/>\n<meta property=\"og:image\" content=\"https:\/\/www.metropolspahotel.ee\/wp-content\/uploads\/sites\/54\/2023\/09\/metropole_spa_hotel_gallery_37.jpg\" \/>\n\t<meta property=\"og:image:width\" content=\"1200\" \/>\n\t<meta property=\"og:image:height\" content=\"800\" \/>\n\t<meta property=\"og:image:type\" content=\"image\/jpeg\" \/>\n<meta name=\"twitter:card\" content=\"summary_large_image\" \/>\n<meta name=\"twitter:label1\" content=\"Arvioitu lukuaika\" \/>\n\t<meta name=\"twitter:data1\" content=\"1 minuutti\" \/>\n<script type=\"application\/ld+json\" class=\"yoast-schema-graph\">{\"@context\":\"https:\/\/schema.org\",\"@graph\":[{\"@type\":\"WebPage\",\"@id\":\"https:\/\/www.metropolspahotel.ee\/fi\/wellness-hoidot\/kasihoidot\/\",\"url\":\"https:\/\/www.metropolspahotel.ee\/fi\/wellness-hoidot\/kasihoidot\/\",\"name\":\"K\u00e4sihoidot - Metropol Spa Hotel\",\"isPartOf\":{\"@id\":\"https:\/\/www.metropolspahotel.ee\/fi\/#website\"},\"datePublished\":\"2025-05-15T07:54:15+00:00\",\"dateModified\":\"2025-06-16T08:53:15+00:00\",\"description\":\"Kauniit ja hyvin hoidetut k\u00e4det eiv\u00e4t ole pelk\u00e4st\u00e4\u00e4n ulkon\u00e4k\u00f6seikka \u2013 ne heijastavat huolenpitoa ja tarkkuutta. Metropol Spa Hotellin k\u00e4sihoidot tarjoavat k\u00e4sille syv\u00e4kosteutusta, suojaa ja kauneutta, yhdist\u00e4en ammattimaisen hoidon miellytt\u00e4v\u00e4\u00e4n kylpyl\u00e4kokemukseen. Valikoimasta l\u00f6ytyy sek\u00e4 pikahoitoja nopeaan virkistykseen ett\u00e4 ylellisi\u00e4 spa-manikyyrej\u00e4, jotka rentouttavat ja uudistavat k\u00e4sien ihon, kynnet ja mielen\",\"breadcrumb\":{\"@id\":\"https:\/\/www.metropolspahotel.ee\/fi\/wellness-hoidot\/kasihoidot\/#breadcrumb\"},\"inLanguage\":\"fi\",\"potentialAction\":[{\"@type\":\"ReadAction\",\"target\":[\"https:\/\/www.metropolspahotel.ee\/fi\/wellness-hoidot\/kasihoidot\/\"]}]},{\"@type\":\"BreadcrumbList\",\"@id\":\"https:\/\/www.metropolspahotel.ee\/fi\/wellness-hoidot\/kasihoidot\/#breadcrumb\",\"itemListElement\":[{\"@type\":\"ListItem\",\"position\":1,\"name\":\"Home\",\"item\":\"https:\/\/www.metropolspahotel.ee\/fi\/\"},{\"@type\":\"ListItem\",\"position\":2,\"name\":\"Wellness-hoidot\",\"item\":\"https:\/\/www.metropolspahotel.ee\/fi\/wellness-hoidot\/\"},{\"@type\":\"ListItem\",\"position\":3,\"name\":\"K\u00e4sihoidot\"}]},{\"@type\":\"WebSite\",\"@id\":\"https:\/\/www.metropolspahotel.ee\/fi\/#website\",\"url\":\"https:\/\/www.metropolspahotel.ee\/fi\/\",\"name\":\"Metropol Spa Hotel\",\"description\":\"Metropol Hotels pakub unikaalset hotellielamust Tallinna uues linnas\u00fcdames. Ideaalne valik \u00e4ri-, konverentsi- v\u00f5i puhkusereisiks!\",\"publisher\":{\"@id\":\"https:\/\/www.metropolspahotel.ee\/fi\/#organization\"},\"alternateName\":\"Metropol Spa Hotel\",\"potentialAction\":[{\"@type\":\"SearchAction\",\"target\":{\"@type\":\"EntryPoint\",\"urlTemplate\":\"https:\/\/www.metropolspahotel.ee\/fi\/?s={search_term_string}\"},\"query-input\":\"required name=search_term_string\"}],\"inLanguage\":\"fi\"},{\"@type\":\"Organization\",\"@id\":\"https:\/\/www.metropolspahotel.ee\/fi\/#organization\",\"name\":\"Metropol Spa Hotel\",\"alternateName\":\"Metropol Spa Hotel\",\"url\":\"https:\/\/www.metropolspahotel.ee\/fi\/\",\"logo\":{\"@type\":\"ImageObject\",\"inLanguage\":\"fi\",\"@id\":\"https:\/\/www.metropolspahotel.ee\/fi\/#\/schema\/logo\/image\/\",\"url\":\"https:\/\/www.metropolspahotel.ee\/wp-content\/uploads\/sites\/54\/2023\/08\/logo_metropol_spa_hotel_c.png\",\"contentUrl\":\"https:\/\/www.metropolspahotel.ee\/wp-content\/uploads\/sites\/54\/2023\/08\/logo_metropol_spa_hotel_c.png\",\"width\":341,\"height\":115,\"caption\":\"Metropol Spa Hotel\"},\"image\":{\"@id\":\"https:\/\/www.metropolspahotel.ee\/fi\/#\/schema\/logo\/image\/\"},\"sameAs\":[\"https:\/\/www.facebook.com\/MetropolSpaHotel\/\"]}]}<\/script>\n<!-- \/ Yoast SEO plugin. -->","yoast_head_json":{"title":"K\u00e4sihoidot - Metropol Spa Hotel","description":"Kauniit ja hyvin hoidetut k\u00e4det eiv\u00e4t ole pelk\u00e4st\u00e4\u00e4n ulkon\u00e4k\u00f6seikka \u2013 ne heijastavat huolenpitoa ja tarkkuutta. Metropol Spa Hotellin k\u00e4sihoidot tarjoavat k\u00e4sille syv\u00e4kosteutusta, suojaa ja kauneutta, yhdist\u00e4en ammattimaisen hoidon miellytt\u00e4v\u00e4\u00e4n kylpyl\u00e4kokemukseen. Valikoimasta l\u00f6ytyy sek\u00e4 pikahoitoja nopeaan virkistykseen ett\u00e4 ylellisi\u00e4 spa-manikyyrej\u00e4, jotka rentouttavat ja uudistavat k\u00e4sien ihon, kynnet ja mielen","robots":{"index":"index","follow":"follow","max-snippet":"max-snippet:-1","max-image-preview":"max-image-preview:large","max-video-preview":"max-video-preview:-1"},"canonical":"https:\/\/www.metropolspahotel.ee\/fi\/wellness-hoidot\/kasihoidot\/","og_locale":"fi_FI","og_type":"article","og_title":"K\u00e4sihoidot - Metropol Spa Hotel","og_description":"Kauniit ja hyvin hoidetut k\u00e4det eiv\u00e4t ole pelk\u00e4st\u00e4\u00e4n ulkon\u00e4k\u00f6seikka \u2013 ne heijastavat huolenpitoa ja tarkkuutta. Metropol Spa Hotellin k\u00e4sihoidot tarjoavat k\u00e4sille syv\u00e4kosteutusta, suojaa ja kauneutta, yhdist\u00e4en ammattimaisen hoidon miellytt\u00e4v\u00e4\u00e4n kylpyl\u00e4kokemukseen. Valikoimasta l\u00f6ytyy sek\u00e4 pikahoitoja nopeaan virkistykseen ett\u00e4 ylellisi\u00e4 spa-manikyyrej\u00e4, jotka rentouttavat ja uudistavat k\u00e4sien ihon, kynnet ja mielen","og_url":"https:\/\/www.metropolspahotel.ee\/fi\/wellness-hoidot\/kasihoidot\/","og_site_name":"Metropol Spa Hotel","article_publisher":"https:\/\/www.facebook.com\/MetropolSpaHotel\/","article_modified_time":"2025-06-16T08:53:15+00:00","og_image":[{"width":1200,"height":800,"url":"https:\/\/www.metropolspahotel.ee\/wp-content\/uploads\/sites\/54\/2023\/09\/metropole_spa_hotel_gallery_37.jpg","type":"image\/jpeg"}],"twitter_card":"summary_large_image","twitter_misc":{"Arvioitu lukuaika":"1 minuutti"},"schema":{"@context":"https:\/\/schema.org","@graph":[{"@type":"WebPage","@id":"https:\/\/www.metropolspahotel.ee\/fi\/wellness-hoidot\/kasihoidot\/","url":"https:\/\/www.metropolspahotel.ee\/fi\/wellness-hoidot\/kasihoidot\/","name":"K\u00e4sihoidot - Metropol Spa Hotel","isPartOf":{"@id":"https:\/\/www.metropolspahotel.ee\/fi\/#website"},"datePublished":"2025-05-15T07:54:15+00:00","dateModified":"2025-06-16T08:53:15+00:00","description":"Kauniit ja hyvin hoidetut k\u00e4det eiv\u00e4t ole pelk\u00e4st\u00e4\u00e4n ulkon\u00e4k\u00f6seikka \u2013 ne heijastavat huolenpitoa ja tarkkuutta. Metropol Spa Hotellin k\u00e4sihoidot tarjoavat k\u00e4sille syv\u00e4kosteutusta, suojaa ja kauneutta, yhdist\u00e4en ammattimaisen hoidon miellytt\u00e4v\u00e4\u00e4n kylpyl\u00e4kokemukseen. Valikoimasta l\u00f6ytyy sek\u00e4 pikahoitoja nopeaan virkistykseen ett\u00e4 ylellisi\u00e4 spa-manikyyrej\u00e4, jotka rentouttavat ja uudistavat k\u00e4sien ihon, kynnet ja mielen","breadcrumb":{"@id":"https:\/\/www.metropolspahotel.ee\/fi\/wellness-hoidot\/kasihoidot\/#breadcrumb"},"inLanguage":"fi","potentialAction":[{"@type":"ReadAction","target":["https:\/\/www.metropolspahotel.ee\/fi\/wellness-hoidot\/kasihoidot\/"]}]},{"@type":"BreadcrumbList","@id":"https:\/\/www.metropolspahotel.ee\/fi\/wellness-hoidot\/kasihoidot\/#breadcrumb","itemListElement":[{"@type":"ListItem","position":1,"name":"Home","item":"https:\/\/www.metropolspahotel.ee\/fi\/"},{"@type":"ListItem","position":2,"name":"Wellness-hoidot","item":"https:\/\/www.metropolspahotel.ee\/fi\/wellness-hoidot\/"},{"@type":"ListItem","position":3,"name":"K\u00e4sihoidot"}]},{"@type":"WebSite","@id":"https:\/\/www.metropolspahotel.ee\/fi\/#website","url":"https:\/\/www.metropolspahotel.ee\/fi\/","name":"Metropol Spa Hotel","description":"Metropol Hotels pakub unikaalset hotellielamust Tallinna uues linnas\u00fcdames. Ideaalne valik \u00e4ri-, konverentsi- v\u00f5i puhkusereisiks!","publisher":{"@id":"https:\/\/www.metropolspahotel.ee\/fi\/#organization"},"alternateName":"Metropol Spa Hotel","potentialAction":[{"@type":"SearchAction","target":{"@type":"EntryPoint","urlTemplate":"https:\/\/www.metropolspahotel.ee\/fi\/?s={search_term_string}"},"query-input":"required name=search_term_string"}],"inLanguage":"fi"},{"@type":"Organization","@id":"https:\/\/www.metropolspahotel.ee\/fi\/#organization","name":"Metropol Spa Hotel","alternateName":"Metropol Spa Hotel","url":"https:\/\/www.metropolspahotel.ee\/fi\/","logo":{"@type":"ImageObject","inLanguage":"fi","@id":"https:\/\/www.metropolspahotel.ee\/fi\/#\/schema\/logo\/image\/","url":"https:\/\/www.metropolspahotel.ee\/wp-content\/uploads\/sites\/54\/2023\/08\/logo_metropol_spa_hotel_c.png","contentUrl":"https:\/\/www.metropolspahotel.ee\/wp-content\/uploads\/sites\/54\/2023\/08\/logo_metropol_spa_hotel_c.png","width":341,"height":115,"caption":"Metropol Spa Hotel"},"image":{"@id":"https:\/\/www.metropolspahotel.ee\/fi\/#\/schema\/logo\/image\/"},"sameAs":["https:\/\/www.facebook.com\/MetropolSpaHotel\/"]}]}},"acf":[],"_links":{"self":[{"href":"https:\/\/www.metropolspahotel.ee\/fi\/wp-json\/wp\/v2\/pages\/1663"}],"collection":[{"href":"https:\/\/www.metropolspahotel.ee\/fi\/wp-json\/wp\/v2\/pages"}],"about":[{"href":"https:\/\/www.metropolspahotel.ee\/fi\/wp-json\/wp\/v2\/types\/page"}],"author":[{"embeddable":true,"href":"https:\/\/www.metropolspahotel.ee\/fi\/wp-json\/wp\/v2\/users\/121"}],"replies":[{"embeddable":true,"href":"https:\/\/www.metropolspahotel.ee\/fi\/wp-json\/wp\/v2\/comments?post=1663"}],"version-history":[{"count":0,"href":"https:\/\/www.metropolspahotel.ee\/fi\/wp-json\/wp\/v2\/pages\/1663\/revisions"}],"up":[{"embeddable":true,"href":"https:\/\/www.metropolspahotel.ee\/fi\/wp-json\/wp\/v2\/pages\/1656"}],"wp:attachment":[{"href":"https:\/\/www.metropolspahotel.ee\/fi\/wp-json\/wp\/v2\/media?parent=1663"}],"curies":[{"name":"wp","href":"https:\/\/api.w.org\/{rel}","templated":true}]}}