{"id":1665,"date":"2025-05-15T07:40:40","date_gmt":"2025-05-15T07:40:40","guid":{"rendered":"https:\/\/www.metropolspahotel.ee\/?page_id=1665"},"modified":"2025-06-16T08:37:30","modified_gmt":"2025-06-16T08:37:30","slug":"vartalohoidot","status":"publish","type":"page","link":"https:\/\/www.metropolspahotel.ee\/fi\/wellness-hoidot\/vartalohoidot\/","title":{"rendered":"Vartalohoidot"},"content":{"rendered":"<p class=\"p1\">Vartalohoitomme on suunniteltu palauttamaan kehon luonnollinen tasapaino, kosteuttamaan ja uudistamaan ihoa sek\u00e4 tarjoamaan syv\u00e4\u00e4 rentoutumista kaikilla tasoilla. Jokainen hoito on rituaali, joka yhdist\u00e4\u00e4 tehokkaat ainesosat, hell\u00e4n kosketuksen ja rauhoittavan tunnelman.<\/p>\n<p class=\"p1\">Tervetuloa nauttimaan el\u00e4myksist\u00e4, jotka tarjoavat hetken vain sinulle \u2013 olipa kyseess\u00e4 laventelia hy\u00f6dynt\u00e4v\u00e4 rauhoittava k\u00e4\u00e4re, trooppisesta paratiisista inspiroitunut rituaali tai j\u00e4nnityst\u00e4 lievitt\u00e4v\u00e4 hieronta yhdistettyn\u00e4 kuorintaan. L\u00f6yd\u00e4 alta itsellesi sopivin vartalohoito ja anna kehollesi lepoa, jonka se todella ansaitsee.<\/p>\n","protected":false},"excerpt":{"rendered":"<p>Vartalohoitomme on suunniteltu palauttamaan kehon luonnollinen tasapaino, kosteuttamaan ja uudistamaan ihoa sek\u00e4 tarjoamaan syv\u00e4\u00e4 rentoutumista kaikilla tasoilla. Jokainen hoito on rituaali, joka yhdist\u00e4\u00e4 tehokkaat ainesosat, hell\u00e4n kosketuksen ja rauhoittavan tunnelman. Tervetuloa nauttimaan el\u00e4myksist\u00e4, jotka tarjoavat hetken vain sinulle \u2013 olipa kyseess\u00e4 laventelia hy\u00f6dynt\u00e4v\u00e4 rauhoittava k\u00e4\u00e4re, trooppisesta paratiisista inspiroitunut rituaali tai j\u00e4nnityst\u00e4 lievitt\u00e4v\u00e4 hieronta yhdistettyn\u00e4 kuorintaan. [&hellip;]<\/p>\n","protected":false},"author":121,"featured_media":0,"parent":1656,"menu_order":0,"comment_status":"closed","ping_status":"closed","template":"template-content-page.php","meta":{"footnotes":""},"yoast_head":"<!-- This site is optimized with the Yoast SEO plugin v22.3 - https:\/\/yoast.com\/wordpress\/plugins\/seo\/ -->\n<title>Vartalohoidot - Metropol Spa Hotel<\/title>\n<meta name=\"description\" content=\"Vartalohoitomme on suunniteltu palauttamaan kehon luonnollinen tasapaino, kosteuttamaan ja uudistamaan ihoa sek\u00e4 tarjoamaan syv\u00e4\u00e4 rentoutumista kaikilla tasoilla. Jokainen hoito on rituaali, joka yhdist\u00e4\u00e4 tehokkaat ainesosat, hell\u00e4n kosketuksen ja rauhoittavan tunnelman. Tervetuloa nauttimaan el\u00e4myksist\u00e4, jotka tarjoavat hetken vain sinulle \u2013 olipa kyseess\u00e4 laventelia hy\u00f6dynt\u00e4v\u00e4 rauhoittava k\u00e4\u00e4re, trooppisesta paratiisista inspiroitunut rituaali tai j\u00e4nnityst\u00e4 lievitt\u00e4v\u00e4 hieronta yhdistettyn\u00e4 kuorintaan\" \/>\n<meta name=\"robots\" content=\"index, follow, max-snippet:-1, max-image-preview:large, max-video-preview:-1\" \/>\n<link rel=\"canonical\" href=\"https:\/\/www.metropolspahotel.ee\/fi\/wellness-hoidot\/vartalohoidot\/\" \/>\n<meta property=\"og:locale\" content=\"fi_FI\" \/>\n<meta property=\"og:type\" content=\"article\" \/>\n<meta property=\"og:title\" content=\"Vartalohoidot - Metropol Spa Hotel\" \/>\n<meta property=\"og:description\" content=\"Vartalohoitomme on suunniteltu palauttamaan kehon luonnollinen tasapaino, kosteuttamaan ja uudistamaan ihoa sek\u00e4 tarjoamaan syv\u00e4\u00e4 rentoutumista kaikilla tasoilla. Jokainen hoito on rituaali, joka yhdist\u00e4\u00e4 tehokkaat ainesosat, hell\u00e4n kosketuksen ja rauhoittavan tunnelman. Tervetuloa nauttimaan el\u00e4myksist\u00e4, jotka tarjoavat hetken vain sinulle \u2013 olipa kyseess\u00e4 laventelia hy\u00f6dynt\u00e4v\u00e4 rauhoittava k\u00e4\u00e4re, trooppisesta paratiisista inspiroitunut rituaali tai j\u00e4nnityst\u00e4 lievitt\u00e4v\u00e4 hieronta yhdistettyn\u00e4 kuorintaan\" \/>\n<meta property=\"og:url\" content=\"https:\/\/www.metropolspahotel.ee\/fi\/wellness-hoidot\/vartalohoidot\/\" \/>\n<meta property=\"og:site_name\" content=\"Metropol Spa Hotel\" \/>\n<meta property=\"article:publisher\" content=\"https:\/\/www.facebook.com\/MetropolSpaHotel\/\" \/>\n<meta property=\"article:modified_time\" content=\"2025-06-16T08:37:30+00:00\" \/>\n<meta property=\"og:image\" content=\"https:\/\/www.metropolspahotel.ee\/wp-content\/uploads\/sites\/54\/2023\/09\/metropole_spa_hotel_gallery_37.jpg\" \/>\n\t<meta property=\"og:image:width\" content=\"1200\" \/>\n\t<meta property=\"og:image:height\" content=\"800\" \/>\n\t<meta property=\"og:image:type\" content=\"image\/jpeg\" \/>\n<meta name=\"twitter:card\" content=\"summary_large_image\" \/>\n<meta name=\"twitter:label1\" content=\"Arvioitu lukuaika\" \/>\n\t<meta name=\"twitter:data1\" content=\"1 minuutti\" \/>\n<script type=\"application\/ld+json\" class=\"yoast-schema-graph\">{\"@context\":\"https:\/\/schema.org\",\"@graph\":[{\"@type\":\"WebPage\",\"@id\":\"https:\/\/www.metropolspahotel.ee\/fi\/wellness-hoidot\/vartalohoidot\/\",\"url\":\"https:\/\/www.metropolspahotel.ee\/fi\/wellness-hoidot\/vartalohoidot\/\",\"name\":\"Vartalohoidot - Metropol Spa Hotel\",\"isPartOf\":{\"@id\":\"https:\/\/www.metropolspahotel.ee\/fi\/#website\"},\"datePublished\":\"2025-05-15T07:40:40+00:00\",\"dateModified\":\"2025-06-16T08:37:30+00:00\",\"description\":\"Vartalohoitomme on suunniteltu palauttamaan kehon luonnollinen tasapaino, kosteuttamaan ja uudistamaan ihoa sek\u00e4 tarjoamaan syv\u00e4\u00e4 rentoutumista kaikilla tasoilla. Jokainen hoito on rituaali, joka yhdist\u00e4\u00e4 tehokkaat ainesosat, hell\u00e4n kosketuksen ja rauhoittavan tunnelman. Tervetuloa nauttimaan el\u00e4myksist\u00e4, jotka tarjoavat hetken vain sinulle \u2013 olipa kyseess\u00e4 laventelia hy\u00f6dynt\u00e4v\u00e4 rauhoittava k\u00e4\u00e4re, trooppisesta paratiisista inspiroitunut rituaali tai j\u00e4nnityst\u00e4 lievitt\u00e4v\u00e4 hieronta yhdistettyn\u00e4 kuorintaan\",\"breadcrumb\":{\"@id\":\"https:\/\/www.metropolspahotel.ee\/fi\/wellness-hoidot\/vartalohoidot\/#breadcrumb\"},\"inLanguage\":\"fi\",\"potentialAction\":[{\"@type\":\"ReadAction\",\"target\":[\"https:\/\/www.metropolspahotel.ee\/fi\/wellness-hoidot\/vartalohoidot\/\"]}]},{\"@type\":\"BreadcrumbList\",\"@id\":\"https:\/\/www.metropolspahotel.ee\/fi\/wellness-hoidot\/vartalohoidot\/#breadcrumb\",\"itemListElement\":[{\"@type\":\"ListItem\",\"position\":1,\"name\":\"Home\",\"item\":\"https:\/\/www.metropolspahotel.ee\/fi\/\"},{\"@type\":\"ListItem\",\"position\":2,\"name\":\"Wellness-hoidot\",\"item\":\"https:\/\/www.metropolspahotel.ee\/fi\/wellness-hoidot\/\"},{\"@type\":\"ListItem\",\"position\":3,\"name\":\"Vartalohoidot\"}]},{\"@type\":\"WebSite\",\"@id\":\"https:\/\/www.metropolspahotel.ee\/fi\/#website\",\"url\":\"https:\/\/www.metropolspahotel.ee\/fi\/\",\"name\":\"Metropol Spa Hotel\",\"description\":\"Metropol Hotels pakub unikaalset hotellielamust Tallinna uues linnas\u00fcdames. Ideaalne valik \u00e4ri-, konverentsi- v\u00f5i puhkusereisiks!\",\"publisher\":{\"@id\":\"https:\/\/www.metropolspahotel.ee\/fi\/#organization\"},\"alternateName\":\"Metropol Spa Hotel\",\"potentialAction\":[{\"@type\":\"SearchAction\",\"target\":{\"@type\":\"EntryPoint\",\"urlTemplate\":\"https:\/\/www.metropolspahotel.ee\/fi\/?s={search_term_string}\"},\"query-input\":\"required name=search_term_string\"}],\"inLanguage\":\"fi\"},{\"@type\":\"Organization\",\"@id\":\"https:\/\/www.metropolspahotel.ee\/fi\/#organization\",\"name\":\"Metropol Spa Hotel\",\"alternateName\":\"Metropol Spa Hotel\",\"url\":\"https:\/\/www.metropolspahotel.ee\/fi\/\",\"logo\":{\"@type\":\"ImageObject\",\"inLanguage\":\"fi\",\"@id\":\"https:\/\/www.metropolspahotel.ee\/fi\/#\/schema\/logo\/image\/\",\"url\":\"https:\/\/www.metropolspahotel.ee\/wp-content\/uploads\/sites\/54\/2023\/08\/logo_metropol_spa_hotel_c.png\",\"contentUrl\":\"https:\/\/www.metropolspahotel.ee\/wp-content\/uploads\/sites\/54\/2023\/08\/logo_metropol_spa_hotel_c.png\",\"width\":341,\"height\":115,\"caption\":\"Metropol Spa Hotel\"},\"image\":{\"@id\":\"https:\/\/www.metropolspahotel.ee\/fi\/#\/schema\/logo\/image\/\"},\"sameAs\":[\"https:\/\/www.facebook.com\/MetropolSpaHotel\/\"]}]}<\/script>\n<!-- \/ Yoast SEO plugin. -->","yoast_head_json":{"title":"Vartalohoidot - Metropol Spa Hotel","description":"Vartalohoitomme on suunniteltu palauttamaan kehon luonnollinen tasapaino, kosteuttamaan ja uudistamaan ihoa sek\u00e4 tarjoamaan syv\u00e4\u00e4 rentoutumista kaikilla tasoilla. Jokainen hoito on rituaali, joka yhdist\u00e4\u00e4 tehokkaat ainesosat, hell\u00e4n kosketuksen ja rauhoittavan tunnelman. Tervetuloa nauttimaan el\u00e4myksist\u00e4, jotka tarjoavat hetken vain sinulle \u2013 olipa kyseess\u00e4 laventelia hy\u00f6dynt\u00e4v\u00e4 rauhoittava k\u00e4\u00e4re, trooppisesta paratiisista inspiroitunut rituaali tai j\u00e4nnityst\u00e4 lievitt\u00e4v\u00e4 hieronta yhdistettyn\u00e4 kuorintaan","robots":{"index":"index","follow":"follow","max-snippet":"max-snippet:-1","max-image-preview":"max-image-preview:large","max-video-preview":"max-video-preview:-1"},"canonical":"https:\/\/www.metropolspahotel.ee\/fi\/wellness-hoidot\/vartalohoidot\/","og_locale":"fi_FI","og_type":"article","og_title":"Vartalohoidot - Metropol Spa Hotel","og_description":"Vartalohoitomme on suunniteltu palauttamaan kehon luonnollinen tasapaino, kosteuttamaan ja uudistamaan ihoa sek\u00e4 tarjoamaan syv\u00e4\u00e4 rentoutumista kaikilla tasoilla. Jokainen hoito on rituaali, joka yhdist\u00e4\u00e4 tehokkaat ainesosat, hell\u00e4n kosketuksen ja rauhoittavan tunnelman. Tervetuloa nauttimaan el\u00e4myksist\u00e4, jotka tarjoavat hetken vain sinulle \u2013 olipa kyseess\u00e4 laventelia hy\u00f6dynt\u00e4v\u00e4 rauhoittava k\u00e4\u00e4re, trooppisesta paratiisista inspiroitunut rituaali tai j\u00e4nnityst\u00e4 lievitt\u00e4v\u00e4 hieronta yhdistettyn\u00e4 kuorintaan","og_url":"https:\/\/www.metropolspahotel.ee\/fi\/wellness-hoidot\/vartalohoidot\/","og_site_name":"Metropol Spa Hotel","article_publisher":"https:\/\/www.facebook.com\/MetropolSpaHotel\/","article_modified_time":"2025-06-16T08:37:30+00:00","og_image":[{"width":1200,"height":800,"url":"https:\/\/www.metropolspahotel.ee\/wp-content\/uploads\/sites\/54\/2023\/09\/metropole_spa_hotel_gallery_37.jpg","type":"image\/jpeg"}],"twitter_card":"summary_large_image","twitter_misc":{"Arvioitu lukuaika":"1 minuutti"},"schema":{"@context":"https:\/\/schema.org","@graph":[{"@type":"WebPage","@id":"https:\/\/www.metropolspahotel.ee\/fi\/wellness-hoidot\/vartalohoidot\/","url":"https:\/\/www.metropolspahotel.ee\/fi\/wellness-hoidot\/vartalohoidot\/","name":"Vartalohoidot - Metropol Spa Hotel","isPartOf":{"@id":"https:\/\/www.metropolspahotel.ee\/fi\/#website"},"datePublished":"2025-05-15T07:40:40+00:00","dateModified":"2025-06-16T08:37:30+00:00","description":"Vartalohoitomme on suunniteltu palauttamaan kehon luonnollinen tasapaino, kosteuttamaan ja uudistamaan ihoa sek\u00e4 tarjoamaan syv\u00e4\u00e4 rentoutumista kaikilla tasoilla. Jokainen hoito on rituaali, joka yhdist\u00e4\u00e4 tehokkaat ainesosat, hell\u00e4n kosketuksen ja rauhoittavan tunnelman. Tervetuloa nauttimaan el\u00e4myksist\u00e4, jotka tarjoavat hetken vain sinulle \u2013 olipa kyseess\u00e4 laventelia hy\u00f6dynt\u00e4v\u00e4 rauhoittava k\u00e4\u00e4re, trooppisesta paratiisista inspiroitunut rituaali tai j\u00e4nnityst\u00e4 lievitt\u00e4v\u00e4 hieronta yhdistettyn\u00e4 kuorintaan","breadcrumb":{"@id":"https:\/\/www.metropolspahotel.ee\/fi\/wellness-hoidot\/vartalohoidot\/#breadcrumb"},"inLanguage":"fi","potentialAction":[{"@type":"ReadAction","target":["https:\/\/www.metropolspahotel.ee\/fi\/wellness-hoidot\/vartalohoidot\/"]}]},{"@type":"BreadcrumbList","@id":"https:\/\/www.metropolspahotel.ee\/fi\/wellness-hoidot\/vartalohoidot\/#breadcrumb","itemListElement":[{"@type":"ListItem","position":1,"name":"Home","item":"https:\/\/www.metropolspahotel.ee\/fi\/"},{"@type":"ListItem","position":2,"name":"Wellness-hoidot","item":"https:\/\/www.metropolspahotel.ee\/fi\/wellness-hoidot\/"},{"@type":"ListItem","position":3,"name":"Vartalohoidot"}]},{"@type":"WebSite","@id":"https:\/\/www.metropolspahotel.ee\/fi\/#website","url":"https:\/\/www.metropolspahotel.ee\/fi\/","name":"Metropol Spa Hotel","description":"Metropol Hotels pakub unikaalset hotellielamust Tallinna uues linnas\u00fcdames. Ideaalne valik \u00e4ri-, konverentsi- v\u00f5i puhkusereisiks!","publisher":{"@id":"https:\/\/www.metropolspahotel.ee\/fi\/#organization"},"alternateName":"Metropol Spa Hotel","potentialAction":[{"@type":"SearchAction","target":{"@type":"EntryPoint","urlTemplate":"https:\/\/www.metropolspahotel.ee\/fi\/?s={search_term_string}"},"query-input":"required name=search_term_string"}],"inLanguage":"fi"},{"@type":"Organization","@id":"https:\/\/www.metropolspahotel.ee\/fi\/#organization","name":"Metropol Spa Hotel","alternateName":"Metropol Spa Hotel","url":"https:\/\/www.metropolspahotel.ee\/fi\/","logo":{"@type":"ImageObject","inLanguage":"fi","@id":"https:\/\/www.metropolspahotel.ee\/fi\/#\/schema\/logo\/image\/","url":"https:\/\/www.metropolspahotel.ee\/wp-content\/uploads\/sites\/54\/2023\/08\/logo_metropol_spa_hotel_c.png","contentUrl":"https:\/\/www.metropolspahotel.ee\/wp-content\/uploads\/sites\/54\/2023\/08\/logo_metropol_spa_hotel_c.png","width":341,"height":115,"caption":"Metropol Spa Hotel"},"image":{"@id":"https:\/\/www.metropolspahotel.ee\/fi\/#\/schema\/logo\/image\/"},"sameAs":["https:\/\/www.facebook.com\/MetropolSpaHotel\/"]}]}},"acf":[],"_links":{"self":[{"href":"https:\/\/www.metropolspahotel.ee\/fi\/wp-json\/wp\/v2\/pages\/1665"}],"collection":[{"href":"https:\/\/www.metropolspahotel.ee\/fi\/wp-json\/wp\/v2\/pages"}],"about":[{"href":"https:\/\/www.metropolspahotel.ee\/fi\/wp-json\/wp\/v2\/types\/page"}],"author":[{"embeddable":true,"href":"https:\/\/www.metropolspahotel.ee\/fi\/wp-json\/wp\/v2\/users\/121"}],"replies":[{"embeddable":true,"href":"https:\/\/www.metropolspahotel.ee\/fi\/wp-json\/wp\/v2\/comments?post=1665"}],"version-history":[{"count":0,"href":"https:\/\/www.metropolspahotel.ee\/fi\/wp-json\/wp\/v2\/pages\/1665\/revisions"}],"up":[{"embeddable":true,"href":"https:\/\/www.metropolspahotel.ee\/fi\/wp-json\/wp\/v2\/pages\/1656"}],"wp:attachment":[{"href":"https:\/\/www.metropolspahotel.ee\/fi\/wp-json\/wp\/v2\/media?parent=1665"}],"curies":[{"name":"wp","href":"https:\/\/api.w.org\/{rel}","templated":true}]}}