{"id":1667,"date":"2025-05-15T08:02:58","date_gmt":"2025-05-15T08:02:58","guid":{"rendered":"https:\/\/www.metropolspahotel.ee\/?page_id=1667"},"modified":"2025-06-16T08:04:41","modified_gmt":"2025-06-16T08:04:41","slug":"hieronnat-ja-rentouttavat-hoidot","status":"publish","type":"page","link":"https:\/\/www.metropolspahotel.ee\/fi\/wellness-hoidot\/hieronnat-ja-rentouttavat-hoidot\/","title":{"rendered":"Hieronnat ja rentouttavat hoidot"},"content":{"rendered":"<p class=\"p1\">Metropol Spa Hotellin hieronnat ja rentoutushoidot on suunniteltu tarjoamaan sinulle hetki t\u00e4ydellist\u00e4 palautumista \u2013 halusitpa lievitt\u00e4\u00e4 lihasj\u00e4nnityst\u00e4, nauttia syv\u00e4st\u00e4 rauhasta, palauttaa energiavarasi tai jakaa erityisen kokemuksen rakkaasi kanssa.<\/p>\n<p class=\"p1\">Valikoimastamme l\u00f6ytyy klassisia kokovartalohierontoja sek\u00e4 eksklusiivisia hoitoja, joissa yhdistyv\u00e4t esimerkiksi <strong>hamppu\u00f6ljy, kuumat kivet, kynttil\u00e4nvalo tai rauhoittava<\/strong> merellinen rytmi. Tarjolla on my\u00f6s <strong>jalkahierontoja, p\u00e4\u00e4n ja niskan alueen rentoutusta<\/strong>, ylellinen <strong>Holistinen signatuurihoito<\/strong> sek\u00e4 duaalihieronnat, joita voi nauttia yhdess\u00e4 samassa huoneessa.<\/p>\n<p class=\"p1\">Jokainen hoito on huolellisesti suunniteltu yhdist\u00e4m\u00e4\u00e4n terapeutin osaaminen, luonnolliset aktiiviaineet ja rauhoittava kylpyl\u00e4ymp\u00e4rist\u00f6 \u2013 tuloksena sis\u00e4inen tasapaino, raikkaus ja stressit\u00f6n mieli.<\/p>\n<p class=\"p1\">Tutustu hierontamaailmaamme ja anna kehollesi ja mielellesi ansaittu lepo.<\/p>\n","protected":false},"excerpt":{"rendered":"<p>Metropol Spa Hotellin hieronnat ja rentoutushoidot on suunniteltu tarjoamaan sinulle hetki t\u00e4ydellist\u00e4 palautumista \u2013 halusitpa lievitt\u00e4\u00e4 lihasj\u00e4nnityst\u00e4, nauttia syv\u00e4st\u00e4 rauhasta, palauttaa energiavarasi tai jakaa erityisen kokemuksen rakkaasi kanssa. Valikoimastamme l\u00f6ytyy klassisia kokovartalohierontoja sek\u00e4 eksklusiivisia hoitoja, joissa yhdistyv\u00e4t esimerkiksi hamppu\u00f6ljy, kuumat kivet, kynttil\u00e4nvalo tai rauhoittava merellinen rytmi. Tarjolla on my\u00f6s jalkahierontoja, p\u00e4\u00e4n ja niskan alueen rentoutusta, [&hellip;]<\/p>\n","protected":false},"author":121,"featured_media":0,"parent":1656,"menu_order":0,"comment_status":"closed","ping_status":"closed","template":"template-content-page.php","meta":{"footnotes":""},"yoast_head":"<!-- This site is optimized with the Yoast SEO plugin v22.3 - https:\/\/yoast.com\/wordpress\/plugins\/seo\/ -->\n<title>Hieronnat ja rentouttavat hoidot - Metropol Spa Hotel<\/title>\n<meta name=\"description\" content=\"Metropol Spa Hotellin hieronnat ja rentoutushoidot on suunniteltu tarjoamaan sinulle hetki t\u00e4ydellist\u00e4 palautumista \u2013 halusitpa lievitt\u00e4\u00e4 lihasj\u00e4nnityst\u00e4, nauttia syv\u00e4st\u00e4 rauhasta, palauttaa energiavarasi tai jakaa erityisen kokemuksen rakkaasi kanssa. Valikoimastamme l\u00f6ytyy klassisia kokovartalohierontoja sek\u00e4 eksklusiivisia hoitoja, joissa yhdistyv\u00e4t esimerkiksi hamppu\u00f6ljy, kuumat kivet, kynttil\u00e4nvalo tai rauhoittava merellinen rytmi. Tarjolla on my\u00f6s jalkahierontoja, p\u00e4\u00e4n ja niskan alueen rentoutusta, ylellinen Holistinen signatuurihoito sek\u00e4 duaalihieronnat, joita voi nauttia yhdess\u00e4 samassa huoneessa. Jokainen hoito on huolellisesti suunniteltu yhdist\u00e4m\u00e4\u00e4n terapeutin osaaminen, luonnolliset aktiiviaineet ja rauhoittava kylpyl\u00e4ymp\u00e4rist\u00f6 \u2013 tuloksena sis\u00e4inen tasapaino, raikkaus ja stressit\u00f6n mieli. Tutustu hierontamaailmaamme ja anna kehollesi ja mielellesi ansaittu lepo.\" \/>\n<meta name=\"robots\" content=\"index, follow, max-snippet:-1, max-image-preview:large, max-video-preview:-1\" \/>\n<link rel=\"canonical\" href=\"https:\/\/www.metropolspahotel.ee\/fi\/wellness-hoidot\/hieronnat-ja-rentouttavat-hoidot\/\" \/>\n<meta property=\"og:locale\" content=\"fi_FI\" \/>\n<meta property=\"og:type\" content=\"article\" \/>\n<meta property=\"og:title\" content=\"Hieronnat ja rentouttavat hoidot - Metropol Spa Hotel\" \/>\n<meta property=\"og:description\" content=\"Metropol Spa Hotellin hieronnat ja rentoutushoidot on suunniteltu tarjoamaan sinulle hetki t\u00e4ydellist\u00e4 palautumista \u2013 halusitpa lievitt\u00e4\u00e4 lihasj\u00e4nnityst\u00e4, nauttia syv\u00e4st\u00e4 rauhasta, palauttaa energiavarasi tai jakaa erityisen kokemuksen rakkaasi kanssa. Valikoimastamme l\u00f6ytyy klassisia kokovartalohierontoja sek\u00e4 eksklusiivisia hoitoja, joissa yhdistyv\u00e4t esimerkiksi hamppu\u00f6ljy, kuumat kivet, kynttil\u00e4nvalo tai rauhoittava merellinen rytmi. Tarjolla on my\u00f6s jalkahierontoja, p\u00e4\u00e4n ja niskan alueen rentoutusta, ylellinen Holistinen signatuurihoito sek\u00e4 duaalihieronnat, joita voi nauttia yhdess\u00e4 samassa huoneessa. Jokainen hoito on huolellisesti suunniteltu yhdist\u00e4m\u00e4\u00e4n terapeutin osaaminen, luonnolliset aktiiviaineet ja rauhoittava kylpyl\u00e4ymp\u00e4rist\u00f6 \u2013 tuloksena sis\u00e4inen tasapaino, raikkaus ja stressit\u00f6n mieli. Tutustu hierontamaailmaamme ja anna kehollesi ja mielellesi ansaittu lepo.\" \/>\n<meta property=\"og:url\" content=\"https:\/\/www.metropolspahotel.ee\/fi\/wellness-hoidot\/hieronnat-ja-rentouttavat-hoidot\/\" \/>\n<meta property=\"og:site_name\" content=\"Metropol Spa Hotel\" \/>\n<meta property=\"article:publisher\" content=\"https:\/\/www.facebook.com\/MetropolSpaHotel\/\" \/>\n<meta property=\"article:modified_time\" content=\"2025-06-16T08:04:41+00:00\" \/>\n<meta property=\"og:image\" content=\"https:\/\/www.metropolspahotel.ee\/wp-content\/uploads\/sites\/54\/2023\/09\/metropole_spa_hotel_gallery_37.jpg\" \/>\n\t<meta property=\"og:image:width\" content=\"1200\" \/>\n\t<meta property=\"og:image:height\" content=\"800\" \/>\n\t<meta property=\"og:image:type\" content=\"image\/jpeg\" \/>\n<meta name=\"twitter:card\" content=\"summary_large_image\" \/>\n<meta name=\"twitter:label1\" content=\"Arvioitu lukuaika\" \/>\n\t<meta name=\"twitter:data1\" content=\"1 minuutti\" \/>\n<script type=\"application\/ld+json\" class=\"yoast-schema-graph\">{\"@context\":\"https:\/\/schema.org\",\"@graph\":[{\"@type\":\"WebPage\",\"@id\":\"https:\/\/www.metropolspahotel.ee\/fi\/wellness-hoidot\/hieronnat-ja-rentouttavat-hoidot\/\",\"url\":\"https:\/\/www.metropolspahotel.ee\/fi\/wellness-hoidot\/hieronnat-ja-rentouttavat-hoidot\/\",\"name\":\"Hieronnat ja rentouttavat hoidot - Metropol Spa Hotel\",\"isPartOf\":{\"@id\":\"https:\/\/www.metropolspahotel.ee\/fi\/#website\"},\"datePublished\":\"2025-05-15T08:02:58+00:00\",\"dateModified\":\"2025-06-16T08:04:41+00:00\",\"description\":\"Metropol Spa Hotellin hieronnat ja rentoutushoidot on suunniteltu tarjoamaan sinulle hetki t\u00e4ydellist\u00e4 palautumista \u2013 halusitpa lievitt\u00e4\u00e4 lihasj\u00e4nnityst\u00e4, nauttia syv\u00e4st\u00e4 rauhasta, palauttaa energiavarasi tai jakaa erityisen kokemuksen rakkaasi kanssa. Valikoimastamme l\u00f6ytyy klassisia kokovartalohierontoja sek\u00e4 eksklusiivisia hoitoja, joissa yhdistyv\u00e4t esimerkiksi hamppu\u00f6ljy, kuumat kivet, kynttil\u00e4nvalo tai rauhoittava merellinen rytmi. Tarjolla on my\u00f6s jalkahierontoja, p\u00e4\u00e4n ja niskan alueen rentoutusta, ylellinen Holistinen signatuurihoito sek\u00e4 duaalihieronnat, joita voi nauttia yhdess\u00e4 samassa huoneessa. Jokainen hoito on huolellisesti suunniteltu yhdist\u00e4m\u00e4\u00e4n terapeutin osaaminen, luonnolliset aktiiviaineet ja rauhoittava kylpyl\u00e4ymp\u00e4rist\u00f6 \u2013 tuloksena sis\u00e4inen tasapaino, raikkaus ja stressit\u00f6n mieli. Tutustu hierontamaailmaamme ja anna kehollesi ja mielellesi ansaittu lepo.\",\"breadcrumb\":{\"@id\":\"https:\/\/www.metropolspahotel.ee\/fi\/wellness-hoidot\/hieronnat-ja-rentouttavat-hoidot\/#breadcrumb\"},\"inLanguage\":\"fi\",\"potentialAction\":[{\"@type\":\"ReadAction\",\"target\":[\"https:\/\/www.metropolspahotel.ee\/fi\/wellness-hoidot\/hieronnat-ja-rentouttavat-hoidot\/\"]}]},{\"@type\":\"BreadcrumbList\",\"@id\":\"https:\/\/www.metropolspahotel.ee\/fi\/wellness-hoidot\/hieronnat-ja-rentouttavat-hoidot\/#breadcrumb\",\"itemListElement\":[{\"@type\":\"ListItem\",\"position\":1,\"name\":\"Home\",\"item\":\"https:\/\/www.metropolspahotel.ee\/fi\/\"},{\"@type\":\"ListItem\",\"position\":2,\"name\":\"Wellness-hoidot\",\"item\":\"https:\/\/www.metropolspahotel.ee\/fi\/wellness-hoidot\/\"},{\"@type\":\"ListItem\",\"position\":3,\"name\":\"Hieronnat ja rentouttavat hoidot\"}]},{\"@type\":\"WebSite\",\"@id\":\"https:\/\/www.metropolspahotel.ee\/fi\/#website\",\"url\":\"https:\/\/www.metropolspahotel.ee\/fi\/\",\"name\":\"Metropol Spa Hotel\",\"description\":\"Metropol Hotels pakub unikaalset hotellielamust Tallinna uues linnas\u00fcdames. Ideaalne valik \u00e4ri-, konverentsi- v\u00f5i puhkusereisiks!\",\"publisher\":{\"@id\":\"https:\/\/www.metropolspahotel.ee\/fi\/#organization\"},\"alternateName\":\"Metropol Spa Hotel\",\"potentialAction\":[{\"@type\":\"SearchAction\",\"target\":{\"@type\":\"EntryPoint\",\"urlTemplate\":\"https:\/\/www.metropolspahotel.ee\/fi\/?s={search_term_string}\"},\"query-input\":\"required name=search_term_string\"}],\"inLanguage\":\"fi\"},{\"@type\":\"Organization\",\"@id\":\"https:\/\/www.metropolspahotel.ee\/fi\/#organization\",\"name\":\"Metropol Spa Hotel\",\"alternateName\":\"Metropol Spa Hotel\",\"url\":\"https:\/\/www.metropolspahotel.ee\/fi\/\",\"logo\":{\"@type\":\"ImageObject\",\"inLanguage\":\"fi\",\"@id\":\"https:\/\/www.metropolspahotel.ee\/fi\/#\/schema\/logo\/image\/\",\"url\":\"https:\/\/www.metropolspahotel.ee\/wp-content\/uploads\/sites\/54\/2023\/08\/logo_metropol_spa_hotel_c.png\",\"contentUrl\":\"https:\/\/www.metropolspahotel.ee\/wp-content\/uploads\/sites\/54\/2023\/08\/logo_metropol_spa_hotel_c.png\",\"width\":341,\"height\":115,\"caption\":\"Metropol Spa Hotel\"},\"image\":{\"@id\":\"https:\/\/www.metropolspahotel.ee\/fi\/#\/schema\/logo\/image\/\"},\"sameAs\":[\"https:\/\/www.facebook.com\/MetropolSpaHotel\/\"]}]}<\/script>\n<!-- \/ Yoast SEO plugin. -->","yoast_head_json":{"title":"Hieronnat ja rentouttavat hoidot - Metropol Spa Hotel","description":"Metropol Spa Hotellin hieronnat ja rentoutushoidot on suunniteltu tarjoamaan sinulle hetki t\u00e4ydellist\u00e4 palautumista \u2013 halusitpa lievitt\u00e4\u00e4 lihasj\u00e4nnityst\u00e4, nauttia syv\u00e4st\u00e4 rauhasta, palauttaa energiavarasi tai jakaa erityisen kokemuksen rakkaasi kanssa. Valikoimastamme l\u00f6ytyy klassisia kokovartalohierontoja sek\u00e4 eksklusiivisia hoitoja, joissa yhdistyv\u00e4t esimerkiksi hamppu\u00f6ljy, kuumat kivet, kynttil\u00e4nvalo tai rauhoittava merellinen rytmi. Tarjolla on my\u00f6s jalkahierontoja, p\u00e4\u00e4n ja niskan alueen rentoutusta, ylellinen Holistinen signatuurihoito sek\u00e4 duaalihieronnat, joita voi nauttia yhdess\u00e4 samassa huoneessa. Jokainen hoito on huolellisesti suunniteltu yhdist\u00e4m\u00e4\u00e4n terapeutin osaaminen, luonnolliset aktiiviaineet ja rauhoittava kylpyl\u00e4ymp\u00e4rist\u00f6 \u2013 tuloksena sis\u00e4inen tasapaino, raikkaus ja stressit\u00f6n mieli. Tutustu hierontamaailmaamme ja anna kehollesi ja mielellesi ansaittu lepo.","robots":{"index":"index","follow":"follow","max-snippet":"max-snippet:-1","max-image-preview":"max-image-preview:large","max-video-preview":"max-video-preview:-1"},"canonical":"https:\/\/www.metropolspahotel.ee\/fi\/wellness-hoidot\/hieronnat-ja-rentouttavat-hoidot\/","og_locale":"fi_FI","og_type":"article","og_title":"Hieronnat ja rentouttavat hoidot - Metropol Spa Hotel","og_description":"Metropol Spa Hotellin hieronnat ja rentoutushoidot on suunniteltu tarjoamaan sinulle hetki t\u00e4ydellist\u00e4 palautumista \u2013 halusitpa lievitt\u00e4\u00e4 lihasj\u00e4nnityst\u00e4, nauttia syv\u00e4st\u00e4 rauhasta, palauttaa energiavarasi tai jakaa erityisen kokemuksen rakkaasi kanssa. Valikoimastamme l\u00f6ytyy klassisia kokovartalohierontoja sek\u00e4 eksklusiivisia hoitoja, joissa yhdistyv\u00e4t esimerkiksi hamppu\u00f6ljy, kuumat kivet, kynttil\u00e4nvalo tai rauhoittava merellinen rytmi. Tarjolla on my\u00f6s jalkahierontoja, p\u00e4\u00e4n ja niskan alueen rentoutusta, ylellinen Holistinen signatuurihoito sek\u00e4 duaalihieronnat, joita voi nauttia yhdess\u00e4 samassa huoneessa. Jokainen hoito on huolellisesti suunniteltu yhdist\u00e4m\u00e4\u00e4n terapeutin osaaminen, luonnolliset aktiiviaineet ja rauhoittava kylpyl\u00e4ymp\u00e4rist\u00f6 \u2013 tuloksena sis\u00e4inen tasapaino, raikkaus ja stressit\u00f6n mieli. Tutustu hierontamaailmaamme ja anna kehollesi ja mielellesi ansaittu lepo.","og_url":"https:\/\/www.metropolspahotel.ee\/fi\/wellness-hoidot\/hieronnat-ja-rentouttavat-hoidot\/","og_site_name":"Metropol Spa Hotel","article_publisher":"https:\/\/www.facebook.com\/MetropolSpaHotel\/","article_modified_time":"2025-06-16T08:04:41+00:00","og_image":[{"width":1200,"height":800,"url":"https:\/\/www.metropolspahotel.ee\/wp-content\/uploads\/sites\/54\/2023\/09\/metropole_spa_hotel_gallery_37.jpg","type":"image\/jpeg"}],"twitter_card":"summary_large_image","twitter_misc":{"Arvioitu lukuaika":"1 minuutti"},"schema":{"@context":"https:\/\/schema.org","@graph":[{"@type":"WebPage","@id":"https:\/\/www.metropolspahotel.ee\/fi\/wellness-hoidot\/hieronnat-ja-rentouttavat-hoidot\/","url":"https:\/\/www.metropolspahotel.ee\/fi\/wellness-hoidot\/hieronnat-ja-rentouttavat-hoidot\/","name":"Hieronnat ja rentouttavat hoidot - Metropol Spa Hotel","isPartOf":{"@id":"https:\/\/www.metropolspahotel.ee\/fi\/#website"},"datePublished":"2025-05-15T08:02:58+00:00","dateModified":"2025-06-16T08:04:41+00:00","description":"Metropol Spa Hotellin hieronnat ja rentoutushoidot on suunniteltu tarjoamaan sinulle hetki t\u00e4ydellist\u00e4 palautumista \u2013 halusitpa lievitt\u00e4\u00e4 lihasj\u00e4nnityst\u00e4, nauttia syv\u00e4st\u00e4 rauhasta, palauttaa energiavarasi tai jakaa erityisen kokemuksen rakkaasi kanssa. Valikoimastamme l\u00f6ytyy klassisia kokovartalohierontoja sek\u00e4 eksklusiivisia hoitoja, joissa yhdistyv\u00e4t esimerkiksi hamppu\u00f6ljy, kuumat kivet, kynttil\u00e4nvalo tai rauhoittava merellinen rytmi. Tarjolla on my\u00f6s jalkahierontoja, p\u00e4\u00e4n ja niskan alueen rentoutusta, ylellinen Holistinen signatuurihoito sek\u00e4 duaalihieronnat, joita voi nauttia yhdess\u00e4 samassa huoneessa. Jokainen hoito on huolellisesti suunniteltu yhdist\u00e4m\u00e4\u00e4n terapeutin osaaminen, luonnolliset aktiiviaineet ja rauhoittava kylpyl\u00e4ymp\u00e4rist\u00f6 \u2013 tuloksena sis\u00e4inen tasapaino, raikkaus ja stressit\u00f6n mieli. Tutustu hierontamaailmaamme ja anna kehollesi ja mielellesi ansaittu lepo.","breadcrumb":{"@id":"https:\/\/www.metropolspahotel.ee\/fi\/wellness-hoidot\/hieronnat-ja-rentouttavat-hoidot\/#breadcrumb"},"inLanguage":"fi","potentialAction":[{"@type":"ReadAction","target":["https:\/\/www.metropolspahotel.ee\/fi\/wellness-hoidot\/hieronnat-ja-rentouttavat-hoidot\/"]}]},{"@type":"BreadcrumbList","@id":"https:\/\/www.metropolspahotel.ee\/fi\/wellness-hoidot\/hieronnat-ja-rentouttavat-hoidot\/#breadcrumb","itemListElement":[{"@type":"ListItem","position":1,"name":"Home","item":"https:\/\/www.metropolspahotel.ee\/fi\/"},{"@type":"ListItem","position":2,"name":"Wellness-hoidot","item":"https:\/\/www.metropolspahotel.ee\/fi\/wellness-hoidot\/"},{"@type":"ListItem","position":3,"name":"Hieronnat ja rentouttavat hoidot"}]},{"@type":"WebSite","@id":"https:\/\/www.metropolspahotel.ee\/fi\/#website","url":"https:\/\/www.metropolspahotel.ee\/fi\/","name":"Metropol Spa Hotel","description":"Metropol Hotels pakub unikaalset hotellielamust Tallinna uues linnas\u00fcdames. Ideaalne valik \u00e4ri-, konverentsi- v\u00f5i puhkusereisiks!","publisher":{"@id":"https:\/\/www.metropolspahotel.ee\/fi\/#organization"},"alternateName":"Metropol Spa Hotel","potentialAction":[{"@type":"SearchAction","target":{"@type":"EntryPoint","urlTemplate":"https:\/\/www.metropolspahotel.ee\/fi\/?s={search_term_string}"},"query-input":"required name=search_term_string"}],"inLanguage":"fi"},{"@type":"Organization","@id":"https:\/\/www.metropolspahotel.ee\/fi\/#organization","name":"Metropol Spa Hotel","alternateName":"Metropol Spa Hotel","url":"https:\/\/www.metropolspahotel.ee\/fi\/","logo":{"@type":"ImageObject","inLanguage":"fi","@id":"https:\/\/www.metropolspahotel.ee\/fi\/#\/schema\/logo\/image\/","url":"https:\/\/www.metropolspahotel.ee\/wp-content\/uploads\/sites\/54\/2023\/08\/logo_metropol_spa_hotel_c.png","contentUrl":"https:\/\/www.metropolspahotel.ee\/wp-content\/uploads\/sites\/54\/2023\/08\/logo_metropol_spa_hotel_c.png","width":341,"height":115,"caption":"Metropol Spa Hotel"},"image":{"@id":"https:\/\/www.metropolspahotel.ee\/fi\/#\/schema\/logo\/image\/"},"sameAs":["https:\/\/www.facebook.com\/MetropolSpaHotel\/"]}]}},"acf":[],"_links":{"self":[{"href":"https:\/\/www.metropolspahotel.ee\/fi\/wp-json\/wp\/v2\/pages\/1667"}],"collection":[{"href":"https:\/\/www.metropolspahotel.ee\/fi\/wp-json\/wp\/v2\/pages"}],"about":[{"href":"https:\/\/www.metropolspahotel.ee\/fi\/wp-json\/wp\/v2\/types\/page"}],"author":[{"embeddable":true,"href":"https:\/\/www.metropolspahotel.ee\/fi\/wp-json\/wp\/v2\/users\/121"}],"replies":[{"embeddable":true,"href":"https:\/\/www.metropolspahotel.ee\/fi\/wp-json\/wp\/v2\/comments?post=1667"}],"version-history":[{"count":0,"href":"https:\/\/www.metropolspahotel.ee\/fi\/wp-json\/wp\/v2\/pages\/1667\/revisions"}],"up":[{"embeddable":true,"href":"https:\/\/www.metropolspahotel.ee\/fi\/wp-json\/wp\/v2\/pages\/1656"}],"wp:attachment":[{"href":"https:\/\/www.metropolspahotel.ee\/fi\/wp-json\/wp\/v2\/media?parent=1667"}],"curies":[{"name":"wp","href":"https:\/\/api.w.org\/{rel}","templated":true}]}}