{"id":1679,"date":"2025-10-10T09:34:50","date_gmt":"2025-10-10T09:34:50","guid":{"rendered":"https:\/\/www.metropolspahotel.ee\/?page_id=1679"},"modified":"2025-10-10T12:39:22","modified_gmt":"2025-10-10T12:39:22","slug":"flash-sale","status":"publish","type":"page","link":"https:\/\/www.metropolspahotel.ee\/fi\/flash-sale\/","title":{"rendered":"Flash Sale"},"content":{"rendered":"<p class=\"p1\"><span class=\"s1\">\ud83d\udca5 <\/span><b>Vain rajoitetun ajan! Flash Sale!<\/b><b><\/b><\/p>\n<p class=\"p2\">Rentoudu Tallinnan syd\u00e4mess\u00e4 \u2014 <span class=\"s2\"><b>30 % alennus majoituksesta<\/b><\/span>.<\/p>\n<p class=\"p2\">\ud83d\udcc5 <span class=\"s2\"><b>Varausaika:<\/b><\/span> 9.\u201316.10.2025<\/p>\n<p class=\"p2\">\ud83d\udecf\ufe0f <span class=\"s2\"><b>Majoitusaika:<\/b><\/span> 9.10.\u201331.12.2025<\/p>\n<p class=\"p2\">Varaa kaupunkilomasi <a href=\"https:\/\/www.metropolspahotel.ee\/fi\"><span class=\"s2\"><b>Metropol Spa Hotelissa<\/b><\/span><\/a> tai <a href=\"http:\/\/metropolhotel.ee\/fi\"><span class=\"s2\"><b>Metropol Hotelissa<\/b><\/span><\/a> ja s\u00e4\u00e4st\u00e4 jopa <span class=\"s2\"><b>30 %<\/b><\/span> \u2013 vain rajoitetun ajan!<\/p>\n","protected":false},"excerpt":{"rendered":"<p>\ud83d\udca5 Vain rajoitetun ajan! Flash Sale! Rentoudu Tallinnan syd\u00e4mess\u00e4 \u2014 30 % alennus majoituksesta. \ud83d\udcc5 Varausaika: 9.\u201316.10.2025 \ud83d\udecf\ufe0f Majoitusaika: 9.10.\u201331.12.2025 Varaa kaupunkilomasi Metropol Spa Hotelissa tai Metropol Hotelissa ja s\u00e4\u00e4st\u00e4 jopa 30 % \u2013 vain rajoitetun ajan!<\/p>\n","protected":false},"author":121,"featured_media":326,"parent":0,"menu_order":0,"comment_status":"closed","ping_status":"closed","template":"template-content-page.php","meta":{"footnotes":""},"yoast_head":"<!-- This site is optimized with the Yoast SEO plugin v22.3 - https:\/\/yoast.com\/wordpress\/plugins\/seo\/ -->\n<title>Flash Sale - Metropol Spa Hotel<\/title>\n<meta name=\"description\" content=\"\ud83d\udca5 Vain rajoitetun ajan! Flash Sale! Rentoudu Tallinnan syd\u00e4mess\u00e4 \u2014 30 % alennus majoituksesta. \ud83d\udcc5 Varausaika: 9.\u201316.10.2025 \ud83d\udecf\ufe0f Majoitusaika: 9.10.\u201331.12.2025 Varaa kaupunkilomasi Metropol Spa Hotelissa tai Metropol Hotelissa ja s\u00e4\u00e4st\u00e4 jopa 30 % \u2013 vain rajoitetun ajan!.\" \/>\n<meta name=\"robots\" content=\"index, follow, max-snippet:-1, max-image-preview:large, max-video-preview:-1\" \/>\n<link rel=\"canonical\" href=\"https:\/\/www.metropolspahotel.ee\/fi\/flash-sale\/\" \/>\n<meta property=\"og:locale\" content=\"fi_FI\" \/>\n<meta property=\"og:type\" content=\"article\" \/>\n<meta property=\"og:title\" content=\"Flash Sale - Metropol Spa Hotel\" \/>\n<meta property=\"og:description\" content=\"\ud83d\udca5 Vain rajoitetun ajan! Flash Sale! Rentoudu Tallinnan syd\u00e4mess\u00e4 \u2014 30 % alennus majoituksesta. \ud83d\udcc5 Varausaika: 9.\u201316.10.2025 \ud83d\udecf\ufe0f Majoitusaika: 9.10.\u201331.12.2025 Varaa kaupunkilomasi Metropol Spa Hotelissa tai Metropol Hotelissa ja s\u00e4\u00e4st\u00e4 jopa 30 % \u2013 vain rajoitetun ajan!.\" \/>\n<meta property=\"og:url\" content=\"https:\/\/www.metropolspahotel.ee\/fi\/flash-sale\/\" \/>\n<meta property=\"og:site_name\" content=\"Metropol Spa Hotel\" \/>\n<meta property=\"article:publisher\" content=\"https:\/\/www.facebook.com\/MetropolSpaHotel\/\" \/>\n<meta property=\"article:modified_time\" content=\"2025-10-10T12:39:22+00:00\" \/>\n<meta property=\"og:image\" content=\"https:\/\/www.metropolspahotel.ee\/wp-content\/uploads\/sites\/54\/2023\/08\/metropole_spa_hotel_spa_girls_night_preview.jpg\" \/>\n\t<meta property=\"og:image:width\" content=\"1200\" \/>\n\t<meta property=\"og:image:height\" content=\"800\" \/>\n\t<meta property=\"og:image:type\" content=\"image\/jpeg\" \/>\n<meta name=\"twitter:card\" content=\"summary_large_image\" \/>\n<meta name=\"twitter:label1\" content=\"Arvioitu lukuaika\" \/>\n\t<meta name=\"twitter:data1\" content=\"1 minuutti\" \/>\n<script type=\"application\/ld+json\" class=\"yoast-schema-graph\">{\"@context\":\"https:\/\/schema.org\",\"@graph\":[{\"@type\":\"WebPage\",\"@id\":\"https:\/\/www.metropolspahotel.ee\/fi\/flash-sale\/\",\"url\":\"https:\/\/www.metropolspahotel.ee\/fi\/flash-sale\/\",\"name\":\"Flash Sale - Metropol Spa Hotel\",\"isPartOf\":{\"@id\":\"https:\/\/www.metropolspahotel.ee\/fi\/#website\"},\"primaryImageOfPage\":{\"@id\":\"https:\/\/www.metropolspahotel.ee\/fi\/flash-sale\/#primaryimage\"},\"image\":{\"@id\":\"https:\/\/www.metropolspahotel.ee\/fi\/flash-sale\/#primaryimage\"},\"thumbnailUrl\":\"https:\/\/www.metropolspahotel.ee\/wp-content\/uploads\/sites\/54\/2023\/08\/metropole_spa_hotel_spa_girls_night_preview.jpg\",\"datePublished\":\"2025-10-10T09:34:50+00:00\",\"dateModified\":\"2025-10-10T12:39:22+00:00\",\"description\":\"\ud83d\udca5 Vain rajoitetun ajan! Flash Sale! Rentoudu Tallinnan syd\u00e4mess\u00e4 \u2014 30 % alennus majoituksesta. \ud83d\udcc5 Varausaika: 9.\u201316.10.2025 \ud83d\udecf\ufe0f Majoitusaika: 9.10.\u201331.12.2025 Varaa kaupunkilomasi Metropol Spa Hotelissa tai Metropol Hotelissa ja s\u00e4\u00e4st\u00e4 jopa 30 % \u2013 vain rajoitetun ajan! .\",\"breadcrumb\":{\"@id\":\"https:\/\/www.metropolspahotel.ee\/fi\/flash-sale\/#breadcrumb\"},\"inLanguage\":\"fi\",\"potentialAction\":[{\"@type\":\"ReadAction\",\"target\":[\"https:\/\/www.metropolspahotel.ee\/fi\/flash-sale\/\"]}]},{\"@type\":\"ImageObject\",\"inLanguage\":\"fi\",\"@id\":\"https:\/\/www.metropolspahotel.ee\/fi\/flash-sale\/#primaryimage\",\"url\":\"https:\/\/www.metropolspahotel.ee\/wp-content\/uploads\/sites\/54\/2023\/08\/metropole_spa_hotel_spa_girls_night_preview.jpg\",\"contentUrl\":\"https:\/\/www.metropolspahotel.ee\/wp-content\/uploads\/sites\/54\/2023\/08\/metropole_spa_hotel_spa_girls_night_preview.jpg\",\"width\":1200,\"height\":800,\"caption\":\"EN::Guest enjoying a relaxing spa treatment FI::Asiakas nauttimassa rentouttavasta kylpyl\u00e4hoidosta ET::K\u00fclaline nautimas l\u00f5\u00f5gastavat spaahoolitsust\"},{\"@type\":\"BreadcrumbList\",\"@id\":\"https:\/\/www.metropolspahotel.ee\/fi\/flash-sale\/#breadcrumb\",\"itemListElement\":[{\"@type\":\"ListItem\",\"position\":1,\"name\":\"Home\",\"item\":\"https:\/\/www.metropolspahotel.ee\/fi\/\"},{\"@type\":\"ListItem\",\"position\":2,\"name\":\"Flash Sale\"}]},{\"@type\":\"WebSite\",\"@id\":\"https:\/\/www.metropolspahotel.ee\/fi\/#website\",\"url\":\"https:\/\/www.metropolspahotel.ee\/fi\/\",\"name\":\"Metropol Spa Hotel\",\"description\":\"Metropol Hotels pakub unikaalset hotellielamust Tallinna uues linnas\u00fcdames. Ideaalne valik \u00e4ri-, konverentsi- v\u00f5i puhkusereisiks!\",\"publisher\":{\"@id\":\"https:\/\/www.metropolspahotel.ee\/fi\/#organization\"},\"alternateName\":\"Metropol Spa Hotel\",\"potentialAction\":[{\"@type\":\"SearchAction\",\"target\":{\"@type\":\"EntryPoint\",\"urlTemplate\":\"https:\/\/www.metropolspahotel.ee\/fi\/?s={search_term_string}\"},\"query-input\":\"required name=search_term_string\"}],\"inLanguage\":\"fi\"},{\"@type\":\"Organization\",\"@id\":\"https:\/\/www.metropolspahotel.ee\/fi\/#organization\",\"name\":\"Metropol Spa Hotel\",\"alternateName\":\"Metropol Spa Hotel\",\"url\":\"https:\/\/www.metropolspahotel.ee\/fi\/\",\"logo\":{\"@type\":\"ImageObject\",\"inLanguage\":\"fi\",\"@id\":\"https:\/\/www.metropolspahotel.ee\/fi\/#\/schema\/logo\/image\/\",\"url\":\"https:\/\/www.metropolspahotel.ee\/wp-content\/uploads\/sites\/54\/2023\/08\/logo_metropol_spa_hotel_c.png\",\"contentUrl\":\"https:\/\/www.metropolspahotel.ee\/wp-content\/uploads\/sites\/54\/2023\/08\/logo_metropol_spa_hotel_c.png\",\"width\":341,\"height\":115,\"caption\":\"Metropol Spa Hotel\"},\"image\":{\"@id\":\"https:\/\/www.metropolspahotel.ee\/fi\/#\/schema\/logo\/image\/\"},\"sameAs\":[\"https:\/\/www.facebook.com\/MetropolSpaHotel\/\"]}]}<\/script>\n<!-- \/ Yoast SEO plugin. -->","yoast_head_json":{"title":"Flash Sale - Metropol Spa Hotel","description":"\ud83d\udca5 Vain rajoitetun ajan! Flash Sale! Rentoudu Tallinnan syd\u00e4mess\u00e4 \u2014 30 % alennus majoituksesta. \ud83d\udcc5 Varausaika: 9.\u201316.10.2025 \ud83d\udecf\ufe0f Majoitusaika: 9.10.\u201331.12.2025 Varaa kaupunkilomasi Metropol Spa Hotelissa tai Metropol Hotelissa ja s\u00e4\u00e4st\u00e4 jopa 30 % \u2013 vain rajoitetun ajan!.","robots":{"index":"index","follow":"follow","max-snippet":"max-snippet:-1","max-image-preview":"max-image-preview:large","max-video-preview":"max-video-preview:-1"},"canonical":"https:\/\/www.metropolspahotel.ee\/fi\/flash-sale\/","og_locale":"fi_FI","og_type":"article","og_title":"Flash Sale - Metropol Spa Hotel","og_description":"\ud83d\udca5 Vain rajoitetun ajan! Flash Sale! Rentoudu Tallinnan syd\u00e4mess\u00e4 \u2014 30 % alennus majoituksesta. \ud83d\udcc5 Varausaika: 9.\u201316.10.2025 \ud83d\udecf\ufe0f Majoitusaika: 9.10.\u201331.12.2025 Varaa kaupunkilomasi Metropol Spa Hotelissa tai Metropol Hotelissa ja s\u00e4\u00e4st\u00e4 jopa 30 % \u2013 vain rajoitetun ajan!.","og_url":"https:\/\/www.metropolspahotel.ee\/fi\/flash-sale\/","og_site_name":"Metropol Spa Hotel","article_publisher":"https:\/\/www.facebook.com\/MetropolSpaHotel\/","article_modified_time":"2025-10-10T12:39:22+00:00","og_image":[{"width":1200,"height":800,"url":"https:\/\/www.metropolspahotel.ee\/wp-content\/uploads\/sites\/54\/2023\/08\/metropole_spa_hotel_spa_girls_night_preview.jpg","type":"image\/jpeg"}],"twitter_card":"summary_large_image","twitter_misc":{"Arvioitu lukuaika":"1 minuutti"},"schema":{"@context":"https:\/\/schema.org","@graph":[{"@type":"WebPage","@id":"https:\/\/www.metropolspahotel.ee\/fi\/flash-sale\/","url":"https:\/\/www.metropolspahotel.ee\/fi\/flash-sale\/","name":"Flash Sale - Metropol Spa Hotel","isPartOf":{"@id":"https:\/\/www.metropolspahotel.ee\/fi\/#website"},"primaryImageOfPage":{"@id":"https:\/\/www.metropolspahotel.ee\/fi\/flash-sale\/#primaryimage"},"image":{"@id":"https:\/\/www.metropolspahotel.ee\/fi\/flash-sale\/#primaryimage"},"thumbnailUrl":"https:\/\/www.metropolspahotel.ee\/wp-content\/uploads\/sites\/54\/2023\/08\/metropole_spa_hotel_spa_girls_night_preview.jpg","datePublished":"2025-10-10T09:34:50+00:00","dateModified":"2025-10-10T12:39:22+00:00","description":"\ud83d\udca5 Vain rajoitetun ajan! Flash Sale! Rentoudu Tallinnan syd\u00e4mess\u00e4 \u2014 30 % alennus majoituksesta. \ud83d\udcc5 Varausaika: 9.\u201316.10.2025 \ud83d\udecf\ufe0f Majoitusaika: 9.10.\u201331.12.2025 Varaa kaupunkilomasi Metropol Spa Hotelissa tai Metropol Hotelissa ja s\u00e4\u00e4st\u00e4 jopa 30 % \u2013 vain rajoitetun ajan! .","breadcrumb":{"@id":"https:\/\/www.metropolspahotel.ee\/fi\/flash-sale\/#breadcrumb"},"inLanguage":"fi","potentialAction":[{"@type":"ReadAction","target":["https:\/\/www.metropolspahotel.ee\/fi\/flash-sale\/"]}]},{"@type":"ImageObject","inLanguage":"fi","@id":"https:\/\/www.metropolspahotel.ee\/fi\/flash-sale\/#primaryimage","url":"https:\/\/www.metropolspahotel.ee\/wp-content\/uploads\/sites\/54\/2023\/08\/metropole_spa_hotel_spa_girls_night_preview.jpg","contentUrl":"https:\/\/www.metropolspahotel.ee\/wp-content\/uploads\/sites\/54\/2023\/08\/metropole_spa_hotel_spa_girls_night_preview.jpg","width":1200,"height":800,"caption":"EN::Guest enjoying a relaxing spa treatment FI::Asiakas nauttimassa rentouttavasta kylpyl\u00e4hoidosta ET::K\u00fclaline nautimas l\u00f5\u00f5gastavat spaahoolitsust"},{"@type":"BreadcrumbList","@id":"https:\/\/www.metropolspahotel.ee\/fi\/flash-sale\/#breadcrumb","itemListElement":[{"@type":"ListItem","position":1,"name":"Home","item":"https:\/\/www.metropolspahotel.ee\/fi\/"},{"@type":"ListItem","position":2,"name":"Flash Sale"}]},{"@type":"WebSite","@id":"https:\/\/www.metropolspahotel.ee\/fi\/#website","url":"https:\/\/www.metropolspahotel.ee\/fi\/","name":"Metropol Spa Hotel","description":"Metropol Hotels pakub unikaalset hotellielamust Tallinna uues linnas\u00fcdames. Ideaalne valik \u00e4ri-, konverentsi- v\u00f5i puhkusereisiks!","publisher":{"@id":"https:\/\/www.metropolspahotel.ee\/fi\/#organization"},"alternateName":"Metropol Spa Hotel","potentialAction":[{"@type":"SearchAction","target":{"@type":"EntryPoint","urlTemplate":"https:\/\/www.metropolspahotel.ee\/fi\/?s={search_term_string}"},"query-input":"required name=search_term_string"}],"inLanguage":"fi"},{"@type":"Organization","@id":"https:\/\/www.metropolspahotel.ee\/fi\/#organization","name":"Metropol Spa Hotel","alternateName":"Metropol Spa Hotel","url":"https:\/\/www.metropolspahotel.ee\/fi\/","logo":{"@type":"ImageObject","inLanguage":"fi","@id":"https:\/\/www.metropolspahotel.ee\/fi\/#\/schema\/logo\/image\/","url":"https:\/\/www.metropolspahotel.ee\/wp-content\/uploads\/sites\/54\/2023\/08\/logo_metropol_spa_hotel_c.png","contentUrl":"https:\/\/www.metropolspahotel.ee\/wp-content\/uploads\/sites\/54\/2023\/08\/logo_metropol_spa_hotel_c.png","width":341,"height":115,"caption":"Metropol Spa Hotel"},"image":{"@id":"https:\/\/www.metropolspahotel.ee\/fi\/#\/schema\/logo\/image\/"},"sameAs":["https:\/\/www.facebook.com\/MetropolSpaHotel\/"]}]}},"acf":[],"_links":{"self":[{"href":"https:\/\/www.metropolspahotel.ee\/fi\/wp-json\/wp\/v2\/pages\/1679"}],"collection":[{"href":"https:\/\/www.metropolspahotel.ee\/fi\/wp-json\/wp\/v2\/pages"}],"about":[{"href":"https:\/\/www.metropolspahotel.ee\/fi\/wp-json\/wp\/v2\/types\/page"}],"author":[{"embeddable":true,"href":"https:\/\/www.metropolspahotel.ee\/fi\/wp-json\/wp\/v2\/users\/121"}],"replies":[{"embeddable":true,"href":"https:\/\/www.metropolspahotel.ee\/fi\/wp-json\/wp\/v2\/comments?post=1679"}],"version-history":[{"count":0,"href":"https:\/\/www.metropolspahotel.ee\/fi\/wp-json\/wp\/v2\/pages\/1679\/revisions"}],"wp:featuredmedia":[{"embeddable":true,"href":"https:\/\/www.metropolspahotel.ee\/fi\/wp-json\/wp\/v2\/media\/326"}],"wp:attachment":[{"href":"https:\/\/www.metropolspahotel.ee\/fi\/wp-json\/wp\/v2\/media?parent=1679"}],"curies":[{"name":"wp","href":"https:\/\/api.w.org\/{rel}","templated":true}]}}