{"id":1686,"date":"2025-11-13T08:19:07","date_gmt":"2025-11-13T08:19:07","guid":{"rendered":"https:\/\/www.metropolspahotel.ee\/?page_id=1686"},"modified":"2025-11-19T11:28:05","modified_gmt":"2025-11-19T11:28:05","slug":"hotelbuddy-itsepalvelu","status":"publish","type":"page","link":"https:\/\/www.metropolspahotel.ee\/fi\/hotelbuddy-itsepalvelu\/","title":{"rendered":"HotelBuddy itsepalvelu"},"content":{"rendered":"<p class=\"p1\">K\u00e4yt\u00e4mme digitaalista itsepalvelualustaa HotelBuddy tarjotaksemme sinulle modernia kontaktitonta vieraskokemusta ja tehd\u00e4ksemme vierailustasi meille entist\u00e4 mukavamman.<\/p>\n<p class=\"p1\">HotelBud\u00addyn kautta voit k\u00e4ytt\u00e4\u00e4 omaa laitetta huoneesi oven avaamiseen, tilata lis\u00e4palveluja, keskustella hotellin henkil\u00f6kunnan kanssa sek\u00e4 sen sijaan, ett\u00e4 jonotat l\u00e4htiess\u00e4, maksaa ja kirjautua ulos k\u00e4tev\u00e4sti.<\/p>\n<p class=\"p1\">Itsepalvelualustan k\u00e4ytt\u00f6\u00f6n ota yhteytt\u00e4 hotellin vastaanottoon, joka toimittaa sinulle henkil\u00f6kohtaisen p\u00e4\u00e4sylinkin. Sovelluksen lataaminen ei ole tarpeen \u2013 kaikki toiminnot ovat k\u00e4ytett\u00e4viss\u00e4 linkin kautta ja toimivat mill\u00e4 tahansa laitteella, jossa on internet-selain.<\/p>\n","protected":false},"excerpt":{"rendered":"<p>K\u00e4yt\u00e4mme digitaalista itsepalvelualustaa HotelBuddy tarjotaksemme sinulle modernia kontaktitonta vieraskokemusta ja tehd\u00e4ksemme vierailustasi meille entist\u00e4 mukavamman. HotelBud\u00addyn kautta voit k\u00e4ytt\u00e4\u00e4 omaa laitetta huoneesi oven avaamiseen, tilata lis\u00e4palveluja, keskustella hotellin henkil\u00f6kunnan kanssa sek\u00e4 sen sijaan, ett\u00e4 jonotat l\u00e4htiess\u00e4, maksaa ja kirjautua ulos k\u00e4tev\u00e4sti. Itsepalvelualustan k\u00e4ytt\u00f6\u00f6n ota yhteytt\u00e4 hotellin vastaanottoon, joka toimittaa sinulle henkil\u00f6kohtaisen p\u00e4\u00e4sylinkin. Sovelluksen lataaminen ei [&hellip;]<\/p>\n","protected":false},"author":121,"featured_media":0,"parent":0,"menu_order":0,"comment_status":"closed","ping_status":"closed","template":"template-services.php","meta":{"footnotes":""},"yoast_head":"<!-- This site is optimized with the Yoast SEO plugin v22.3 - https:\/\/yoast.com\/wordpress\/plugins\/seo\/ -->\n<title>HotelBuddy itsepalvelu - Metropol Spa Hotel<\/title>\n<meta name=\"description\" content=\"K\u00e4yt\u00e4mme digitaalista itsepalvelualustaa HotelBuddy tarjotaksemme sinulle modernia kontaktitonta vieraskokemusta ja tehd\u00e4ksemme vierailustasi meille entist\u00e4 mukavamman. HotelBud\u00addyn kautta voit k\u00e4ytt\u00e4\u00e4 omaa laitetta huoneesi oven avaamiseen, tilata lis\u00e4palveluja, keskustella hotellin henkil\u00f6kunnan kanssa sek\u00e4 sen sijaan, ett\u00e4 jonotat l\u00e4htiess\u00e4, maksaa ja kirjautua ulos k\u00e4tev\u00e4sti. Itsepalvelualustan k\u00e4ytt\u00f6\u00f6n ota yhteytt\u00e4 hotellin vastaanottoon, joka toimittaa sinulle henkil\u00f6kohtaisen p\u00e4\u00e4sylinkin. Sovelluksen lataaminen ei ole tarpeen \u2013 kaikki toiminnot ovat k\u00e4ytett\u00e4viss\u00e4 linkin kautta ja toimivat mill\u00e4 tahansa laitteella, jossa on internet-selain.\" \/>\n<meta name=\"robots\" content=\"index, follow, max-snippet:-1, max-image-preview:large, max-video-preview:-1\" \/>\n<link rel=\"canonical\" href=\"https:\/\/www.metropolspahotel.ee\/fi\/hotelbuddy-itsepalvelu\/\" \/>\n<meta property=\"og:locale\" content=\"fi_FI\" \/>\n<meta property=\"og:type\" content=\"article\" \/>\n<meta property=\"og:title\" content=\"HotelBuddy itsepalvelu - Metropol Spa Hotel\" \/>\n<meta property=\"og:description\" content=\"K\u00e4yt\u00e4mme digitaalista itsepalvelualustaa HotelBuddy tarjotaksemme sinulle modernia kontaktitonta vieraskokemusta ja tehd\u00e4ksemme vierailustasi meille entist\u00e4 mukavamman. HotelBud\u00addyn kautta voit k\u00e4ytt\u00e4\u00e4 omaa laitetta huoneesi oven avaamiseen, tilata lis\u00e4palveluja, keskustella hotellin henkil\u00f6kunnan kanssa sek\u00e4 sen sijaan, ett\u00e4 jonotat l\u00e4htiess\u00e4, maksaa ja kirjautua ulos k\u00e4tev\u00e4sti. Itsepalvelualustan k\u00e4ytt\u00f6\u00f6n ota yhteytt\u00e4 hotellin vastaanottoon, joka toimittaa sinulle henkil\u00f6kohtaisen p\u00e4\u00e4sylinkin. Sovelluksen lataaminen ei ole tarpeen \u2013 kaikki toiminnot ovat k\u00e4ytett\u00e4viss\u00e4 linkin kautta ja toimivat mill\u00e4 tahansa laitteella, jossa on internet-selain.\" \/>\n<meta property=\"og:url\" content=\"https:\/\/www.metropolspahotel.ee\/fi\/hotelbuddy-itsepalvelu\/\" \/>\n<meta property=\"og:site_name\" content=\"Metropol Spa Hotel\" \/>\n<meta property=\"article:publisher\" content=\"https:\/\/www.facebook.com\/MetropolSpaHotel\/\" \/>\n<meta property=\"article:modified_time\" content=\"2025-11-19T11:28:05+00:00\" \/>\n<meta property=\"og:image\" content=\"https:\/\/www.metropolspahotel.ee\/wp-content\/uploads\/sites\/54\/2023\/09\/metropole_spa_hotel_gallery_37.jpg\" \/>\n\t<meta property=\"og:image:width\" content=\"1200\" \/>\n\t<meta property=\"og:image:height\" content=\"800\" \/>\n\t<meta property=\"og:image:type\" content=\"image\/jpeg\" \/>\n<meta name=\"twitter:card\" content=\"summary_large_image\" \/>\n<meta name=\"twitter:label1\" content=\"Arvioitu lukuaika\" \/>\n\t<meta name=\"twitter:data1\" content=\"1 minuutti\" \/>\n<script type=\"application\/ld+json\" class=\"yoast-schema-graph\">{\"@context\":\"https:\/\/schema.org\",\"@graph\":[{\"@type\":\"WebPage\",\"@id\":\"https:\/\/www.metropolspahotel.ee\/fi\/hotelbuddy-itsepalvelu\/\",\"url\":\"https:\/\/www.metropolspahotel.ee\/fi\/hotelbuddy-itsepalvelu\/\",\"name\":\"HotelBuddy itsepalvelu - Metropol Spa Hotel\",\"isPartOf\":{\"@id\":\"https:\/\/www.metropolspahotel.ee\/fi\/#website\"},\"datePublished\":\"2025-11-13T08:19:07+00:00\",\"dateModified\":\"2025-11-19T11:28:05+00:00\",\"description\":\"K\u00e4yt\u00e4mme digitaalista itsepalvelualustaa HotelBuddy tarjotaksemme sinulle modernia kontaktitonta vieraskokemusta ja tehd\u00e4ksemme vierailustasi meille entist\u00e4 mukavamman. HotelBud\u00addyn kautta voit k\u00e4ytt\u00e4\u00e4 omaa laitetta huoneesi oven avaamiseen, tilata lis\u00e4palveluja, keskustella hotellin henkil\u00f6kunnan kanssa sek\u00e4 sen sijaan, ett\u00e4 jonotat l\u00e4htiess\u00e4, maksaa ja kirjautua ulos k\u00e4tev\u00e4sti. Itsepalvelualustan k\u00e4ytt\u00f6\u00f6n ota yhteytt\u00e4 hotellin vastaanottoon, joka toimittaa sinulle henkil\u00f6kohtaisen p\u00e4\u00e4sylinkin. Sovelluksen lataaminen ei ole tarpeen \u2013 kaikki toiminnot ovat k\u00e4ytett\u00e4viss\u00e4 linkin kautta ja toimivat mill\u00e4 tahansa laitteella, jossa on internet-selain.\",\"breadcrumb\":{\"@id\":\"https:\/\/www.metropolspahotel.ee\/fi\/hotelbuddy-itsepalvelu\/#breadcrumb\"},\"inLanguage\":\"fi\",\"potentialAction\":[{\"@type\":\"ReadAction\",\"target\":[\"https:\/\/www.metropolspahotel.ee\/fi\/hotelbuddy-itsepalvelu\/\"]}]},{\"@type\":\"BreadcrumbList\",\"@id\":\"https:\/\/www.metropolspahotel.ee\/fi\/hotelbuddy-itsepalvelu\/#breadcrumb\",\"itemListElement\":[{\"@type\":\"ListItem\",\"position\":1,\"name\":\"Home\",\"item\":\"https:\/\/www.metropolspahotel.ee\/fi\/\"},{\"@type\":\"ListItem\",\"position\":2,\"name\":\"HotelBuddy itsepalvelu\"}]},{\"@type\":\"WebSite\",\"@id\":\"https:\/\/www.metropolspahotel.ee\/fi\/#website\",\"url\":\"https:\/\/www.metropolspahotel.ee\/fi\/\",\"name\":\"Metropol Spa Hotel\",\"description\":\"Metropol Hotels pakub unikaalset hotellielamust Tallinna uues linnas\u00fcdames. Ideaalne valik \u00e4ri-, konverentsi- v\u00f5i puhkusereisiks!\",\"publisher\":{\"@id\":\"https:\/\/www.metropolspahotel.ee\/fi\/#organization\"},\"alternateName\":\"Metropol Spa Hotel\",\"potentialAction\":[{\"@type\":\"SearchAction\",\"target\":{\"@type\":\"EntryPoint\",\"urlTemplate\":\"https:\/\/www.metropolspahotel.ee\/fi\/?s={search_term_string}\"},\"query-input\":\"required name=search_term_string\"}],\"inLanguage\":\"fi\"},{\"@type\":\"Organization\",\"@id\":\"https:\/\/www.metropolspahotel.ee\/fi\/#organization\",\"name\":\"Metropol Spa Hotel\",\"alternateName\":\"Metropol Spa Hotel\",\"url\":\"https:\/\/www.metropolspahotel.ee\/fi\/\",\"logo\":{\"@type\":\"ImageObject\",\"inLanguage\":\"fi\",\"@id\":\"https:\/\/www.metropolspahotel.ee\/fi\/#\/schema\/logo\/image\/\",\"url\":\"https:\/\/www.metropolspahotel.ee\/wp-content\/uploads\/sites\/54\/2023\/08\/logo_metropol_spa_hotel_c.png\",\"contentUrl\":\"https:\/\/www.metropolspahotel.ee\/wp-content\/uploads\/sites\/54\/2023\/08\/logo_metropol_spa_hotel_c.png\",\"width\":341,\"height\":115,\"caption\":\"Metropol Spa Hotel\"},\"image\":{\"@id\":\"https:\/\/www.metropolspahotel.ee\/fi\/#\/schema\/logo\/image\/\"},\"sameAs\":[\"https:\/\/www.facebook.com\/MetropolSpaHotel\/\"]}]}<\/script>\n<!-- \/ Yoast SEO plugin. -->","yoast_head_json":{"title":"HotelBuddy itsepalvelu - Metropol Spa Hotel","description":"K\u00e4yt\u00e4mme digitaalista itsepalvelualustaa HotelBuddy tarjotaksemme sinulle modernia kontaktitonta vieraskokemusta ja tehd\u00e4ksemme vierailustasi meille entist\u00e4 mukavamman. HotelBud\u00addyn kautta voit k\u00e4ytt\u00e4\u00e4 omaa laitetta huoneesi oven avaamiseen, tilata lis\u00e4palveluja, keskustella hotellin henkil\u00f6kunnan kanssa sek\u00e4 sen sijaan, ett\u00e4 jonotat l\u00e4htiess\u00e4, maksaa ja kirjautua ulos k\u00e4tev\u00e4sti. Itsepalvelualustan k\u00e4ytt\u00f6\u00f6n ota yhteytt\u00e4 hotellin vastaanottoon, joka toimittaa sinulle henkil\u00f6kohtaisen p\u00e4\u00e4sylinkin. Sovelluksen lataaminen ei ole tarpeen \u2013 kaikki toiminnot ovat k\u00e4ytett\u00e4viss\u00e4 linkin kautta ja toimivat mill\u00e4 tahansa laitteella, jossa on internet-selain.","robots":{"index":"index","follow":"follow","max-snippet":"max-snippet:-1","max-image-preview":"max-image-preview:large","max-video-preview":"max-video-preview:-1"},"canonical":"https:\/\/www.metropolspahotel.ee\/fi\/hotelbuddy-itsepalvelu\/","og_locale":"fi_FI","og_type":"article","og_title":"HotelBuddy itsepalvelu - Metropol Spa Hotel","og_description":"K\u00e4yt\u00e4mme digitaalista itsepalvelualustaa HotelBuddy tarjotaksemme sinulle modernia kontaktitonta vieraskokemusta ja tehd\u00e4ksemme vierailustasi meille entist\u00e4 mukavamman. HotelBud\u00addyn kautta voit k\u00e4ytt\u00e4\u00e4 omaa laitetta huoneesi oven avaamiseen, tilata lis\u00e4palveluja, keskustella hotellin henkil\u00f6kunnan kanssa sek\u00e4 sen sijaan, ett\u00e4 jonotat l\u00e4htiess\u00e4, maksaa ja kirjautua ulos k\u00e4tev\u00e4sti. Itsepalvelualustan k\u00e4ytt\u00f6\u00f6n ota yhteytt\u00e4 hotellin vastaanottoon, joka toimittaa sinulle henkil\u00f6kohtaisen p\u00e4\u00e4sylinkin. Sovelluksen lataaminen ei ole tarpeen \u2013 kaikki toiminnot ovat k\u00e4ytett\u00e4viss\u00e4 linkin kautta ja toimivat mill\u00e4 tahansa laitteella, jossa on internet-selain.","og_url":"https:\/\/www.metropolspahotel.ee\/fi\/hotelbuddy-itsepalvelu\/","og_site_name":"Metropol Spa Hotel","article_publisher":"https:\/\/www.facebook.com\/MetropolSpaHotel\/","article_modified_time":"2025-11-19T11:28:05+00:00","og_image":[{"width":1200,"height":800,"url":"https:\/\/www.metropolspahotel.ee\/wp-content\/uploads\/sites\/54\/2023\/09\/metropole_spa_hotel_gallery_37.jpg","type":"image\/jpeg"}],"twitter_card":"summary_large_image","twitter_misc":{"Arvioitu lukuaika":"1 minuutti"},"schema":{"@context":"https:\/\/schema.org","@graph":[{"@type":"WebPage","@id":"https:\/\/www.metropolspahotel.ee\/fi\/hotelbuddy-itsepalvelu\/","url":"https:\/\/www.metropolspahotel.ee\/fi\/hotelbuddy-itsepalvelu\/","name":"HotelBuddy itsepalvelu - Metropol Spa Hotel","isPartOf":{"@id":"https:\/\/www.metropolspahotel.ee\/fi\/#website"},"datePublished":"2025-11-13T08:19:07+00:00","dateModified":"2025-11-19T11:28:05+00:00","description":"K\u00e4yt\u00e4mme digitaalista itsepalvelualustaa HotelBuddy tarjotaksemme sinulle modernia kontaktitonta vieraskokemusta ja tehd\u00e4ksemme vierailustasi meille entist\u00e4 mukavamman. HotelBud\u00addyn kautta voit k\u00e4ytt\u00e4\u00e4 omaa laitetta huoneesi oven avaamiseen, tilata lis\u00e4palveluja, keskustella hotellin henkil\u00f6kunnan kanssa sek\u00e4 sen sijaan, ett\u00e4 jonotat l\u00e4htiess\u00e4, maksaa ja kirjautua ulos k\u00e4tev\u00e4sti. Itsepalvelualustan k\u00e4ytt\u00f6\u00f6n ota yhteytt\u00e4 hotellin vastaanottoon, joka toimittaa sinulle henkil\u00f6kohtaisen p\u00e4\u00e4sylinkin. Sovelluksen lataaminen ei ole tarpeen \u2013 kaikki toiminnot ovat k\u00e4ytett\u00e4viss\u00e4 linkin kautta ja toimivat mill\u00e4 tahansa laitteella, jossa on internet-selain.","breadcrumb":{"@id":"https:\/\/www.metropolspahotel.ee\/fi\/hotelbuddy-itsepalvelu\/#breadcrumb"},"inLanguage":"fi","potentialAction":[{"@type":"ReadAction","target":["https:\/\/www.metropolspahotel.ee\/fi\/hotelbuddy-itsepalvelu\/"]}]},{"@type":"BreadcrumbList","@id":"https:\/\/www.metropolspahotel.ee\/fi\/hotelbuddy-itsepalvelu\/#breadcrumb","itemListElement":[{"@type":"ListItem","position":1,"name":"Home","item":"https:\/\/www.metropolspahotel.ee\/fi\/"},{"@type":"ListItem","position":2,"name":"HotelBuddy itsepalvelu"}]},{"@type":"WebSite","@id":"https:\/\/www.metropolspahotel.ee\/fi\/#website","url":"https:\/\/www.metropolspahotel.ee\/fi\/","name":"Metropol Spa Hotel","description":"Metropol Hotels pakub unikaalset hotellielamust Tallinna uues linnas\u00fcdames. Ideaalne valik \u00e4ri-, konverentsi- v\u00f5i puhkusereisiks!","publisher":{"@id":"https:\/\/www.metropolspahotel.ee\/fi\/#organization"},"alternateName":"Metropol Spa Hotel","potentialAction":[{"@type":"SearchAction","target":{"@type":"EntryPoint","urlTemplate":"https:\/\/www.metropolspahotel.ee\/fi\/?s={search_term_string}"},"query-input":"required name=search_term_string"}],"inLanguage":"fi"},{"@type":"Organization","@id":"https:\/\/www.metropolspahotel.ee\/fi\/#organization","name":"Metropol Spa Hotel","alternateName":"Metropol Spa Hotel","url":"https:\/\/www.metropolspahotel.ee\/fi\/","logo":{"@type":"ImageObject","inLanguage":"fi","@id":"https:\/\/www.metropolspahotel.ee\/fi\/#\/schema\/logo\/image\/","url":"https:\/\/www.metropolspahotel.ee\/wp-content\/uploads\/sites\/54\/2023\/08\/logo_metropol_spa_hotel_c.png","contentUrl":"https:\/\/www.metropolspahotel.ee\/wp-content\/uploads\/sites\/54\/2023\/08\/logo_metropol_spa_hotel_c.png","width":341,"height":115,"caption":"Metropol Spa Hotel"},"image":{"@id":"https:\/\/www.metropolspahotel.ee\/fi\/#\/schema\/logo\/image\/"},"sameAs":["https:\/\/www.facebook.com\/MetropolSpaHotel\/"]}]}},"acf":[],"_links":{"self":[{"href":"https:\/\/www.metropolspahotel.ee\/fi\/wp-json\/wp\/v2\/pages\/1686"}],"collection":[{"href":"https:\/\/www.metropolspahotel.ee\/fi\/wp-json\/wp\/v2\/pages"}],"about":[{"href":"https:\/\/www.metropolspahotel.ee\/fi\/wp-json\/wp\/v2\/types\/page"}],"author":[{"embeddable":true,"href":"https:\/\/www.metropolspahotel.ee\/fi\/wp-json\/wp\/v2\/users\/121"}],"replies":[{"embeddable":true,"href":"https:\/\/www.metropolspahotel.ee\/fi\/wp-json\/wp\/v2\/comments?post=1686"}],"version-history":[{"count":0,"href":"https:\/\/www.metropolspahotel.ee\/fi\/wp-json\/wp\/v2\/pages\/1686\/revisions"}],"wp:attachment":[{"href":"https:\/\/www.metropolspahotel.ee\/fi\/wp-json\/wp\/v2\/media?parent=1686"}],"curies":[{"name":"wp","href":"https:\/\/api.w.org\/{rel}","templated":true}]}}