{"id":1732,"date":"2026-02-11T07:11:11","date_gmt":"2026-02-11T07:11:11","guid":{"rendered":"https:\/\/www.metropolspahotel.ee\/?page_id=1732"},"modified":"2026-02-18T13:08:44","modified_gmt":"2026-02-18T13:08:44","slug":"metropol-hotelsin-digitalisaatiohanke-on-saanut-euroopan-unionin-tukea","status":"publish","type":"page","link":"https:\/\/www.metropolspahotel.ee\/fi\/metropol-hotelsin-digitalisaatiohanke-on-saanut-euroopan-unionin-tukea\/","title":{"rendered":"Metropol Hotelsin digitalisaatiohanke on saanut Euroopan unionin tukea"},"content":{"rendered":"<p class=\"p1\">Metropol Hotels Group toteuttaa digitalisaatiohanketta, jonka yhteydess\u00e4 otetaan k\u00e4ytt\u00f6\u00f6n D-EDGE CRM -asiakkuudenhallintaj\u00e4rjestelm\u00e4 kanta-asiakasohjelmineen sek\u00e4 TAC-kylpyl\u00e4- ja wellness-palveluiden hallintaj\u00e4rjestelm\u00e4. Uudet ratkaisut integroidaan hotellin PMS-j\u00e4rjestelm\u00e4\u00e4n (Infor).<\/p>\n<p class=\"p3\"><b>Tavoite:<\/b><b><\/b><\/p>\n<p class=\"p1\">Digitalisoida ja automatisoida asiakas- ja palvelunhallintaa sek\u00e4 parantaa asiakaskokemusta.<\/p>\n<p class=\"p3\"><b>Tulokset:<\/b><b><\/b><\/p>\n<p class=\"p1\">Kokonaisvaltainen, dataan perustuva asiakaspolku, tehokkaammat ty\u00f6prosessit ja parempi palvelun laatu.<\/p>\n<p class=\"p3\"><b>Tuen m\u00e4\u00e4r\u00e4:<\/b><b><\/b><\/p>\n<p class=\"p1\">14 000 \u20ac<\/p>\n<p class=\"p1\">(Hankkeen kokonaiskustannukset 20 000 \u20ac, omarahoitusosuus 6 000 \u20ac)<\/p>\n<p class=\"p1\">Hanke toteutetaan ajanjaksolla 13.1.2025\u20131.7.2025 Euroopan unionin tuella.<\/p>\n<p><img loading=\"lazy\" decoding=\"async\" class=\"alignnone size-medium wp-image-1727\" src=\"https:\/\/www.metropolspahotel.ee\/wp-content\/uploads\/sites\/54\/2026\/02\/Kaasrahastanud_EL_kaksiklogod_ENG_hor_color_RGB-300x174.png\" alt=\"\" width=\"300\" height=\"174\" srcset=\"https:\/\/www.metropolspahotel.ee\/wp-content\/uploads\/sites\/54\/2026\/02\/Kaasrahastanud_EL_kaksiklogod_ENG_hor_color_RGB-300x174.png 300w, https:\/\/www.metropolspahotel.ee\/wp-content\/uploads\/sites\/54\/2026\/02\/Kaasrahastanud_EL_kaksiklogod_ENG_hor_color_RGB-768x446.png 768w, https:\/\/www.metropolspahotel.ee\/wp-content\/uploads\/sites\/54\/2026\/02\/Kaasrahastanud_EL_kaksiklogod_ENG_hor_color_RGB-600x349.png 600w, https:\/\/www.metropolspahotel.ee\/wp-content\/uploads\/sites\/54\/2026\/02\/Kaasrahastanud_EL_kaksiklogod_ENG_hor_color_RGB-1000x581.png 1000w, https:\/\/www.metropolspahotel.ee\/wp-content\/uploads\/sites\/54\/2026\/02\/Kaasrahastanud_EL_kaksiklogod_ENG_hor_color_RGB.png 1022w\" sizes=\"(max-width: 300px) 100vw, 300px\" \/><\/p>\n","protected":false},"excerpt":{"rendered":"<p>Metropol Hotels Group toteuttaa digitalisaatiohanketta, jonka yhteydess\u00e4 otetaan k\u00e4ytt\u00f6\u00f6n D-EDGE CRM -asiakkuudenhallintaj\u00e4rjestelm\u00e4 kanta-asiakasohjelmineen sek\u00e4 TAC-kylpyl\u00e4- ja wellness-palveluiden hallintaj\u00e4rjestelm\u00e4. Uudet ratkaisut integroidaan hotellin PMS-j\u00e4rjestelm\u00e4\u00e4n (Infor). Tavoite: Digitalisoida ja automatisoida asiakas- ja palvelunhallintaa sek\u00e4 parantaa asiakaskokemusta. Tulokset: Kokonaisvaltainen, dataan perustuva asiakaspolku, tehokkaammat ty\u00f6prosessit ja parempi palvelun laatu. Tuen m\u00e4\u00e4r\u00e4: 14 000 \u20ac (Hankkeen kokonaiskustannukset 20 000 \u20ac, [&hellip;]<\/p>\n","protected":false},"author":121,"featured_media":0,"parent":0,"menu_order":0,"comment_status":"closed","ping_status":"closed","template":"","meta":{"footnotes":""},"yoast_head":"<!-- This site is optimized with the Yoast SEO plugin v22.3 - https:\/\/yoast.com\/wordpress\/plugins\/seo\/ -->\n<title>Metropol Hotelsin digitalisaatiohanke on saanut Euroopan unionin tukea - Metropol Spa Hotel<\/title>\n<meta name=\"description\" content=\"Metropol Hotels Group toteuttaa digitalisaatiohanketta, jonka yhteydess\u00e4 otetaan k\u00e4ytt\u00f6\u00f6n D-EDGE CRM -asiakkuudenhallintaj\u00e4rjestelm\u00e4 kanta-asiakasohjelmineen sek\u00e4 TAC-kylpyl\u00e4- ja wellness-palveluiden hallintaj\u00e4rjestelm\u00e4. Uudet ratkaisut integroidaan hotellin PMS-j\u00e4rjestelm\u00e4\u00e4n (Infor). Tavoite: Digitalisoida ja automatisoida asiakas- ja palvelunhallintaa sek\u00e4 parantaa asiakaskokemusta. Tulokset: Kokonaisvaltainen, dataan perustuva asiakaspolku, tehokkaammat ty\u00f6prosessit ja parempi palvelun laatu. Tuen m\u00e4\u00e4r\u00e4: 14 000 \u20ac (Hankkeen kokonaiskustannukset 20 000 \u20ac, omarahoitusosuus 6 000 \u20ac) Hanke toteutetaan ajanjaksolla 13.1.2025\u20131.7.2025 Euroopan unionin tuella.\" \/>\n<meta name=\"robots\" content=\"index, follow, max-snippet:-1, max-image-preview:large, max-video-preview:-1\" \/>\n<link rel=\"canonical\" href=\"https:\/\/www.metropolspahotel.ee\/fi\/metropol-hotelsin-digitalisaatiohanke-on-saanut-euroopan-unionin-tukea\/\" \/>\n<meta property=\"og:locale\" content=\"fi_FI\" \/>\n<meta property=\"og:type\" content=\"article\" \/>\n<meta property=\"og:title\" content=\"Metropol Hotelsin digitalisaatiohanke on saanut Euroopan unionin tukea - Metropol Spa Hotel\" \/>\n<meta property=\"og:description\" content=\"Metropol Hotels Group toteuttaa digitalisaatiohanketta, jonka yhteydess\u00e4 otetaan k\u00e4ytt\u00f6\u00f6n D-EDGE CRM -asiakkuudenhallintaj\u00e4rjestelm\u00e4 kanta-asiakasohjelmineen sek\u00e4 TAC-kylpyl\u00e4- ja wellness-palveluiden hallintaj\u00e4rjestelm\u00e4. Uudet ratkaisut integroidaan hotellin PMS-j\u00e4rjestelm\u00e4\u00e4n (Infor). Tavoite: Digitalisoida ja automatisoida asiakas- ja palvelunhallintaa sek\u00e4 parantaa asiakaskokemusta. Tulokset: Kokonaisvaltainen, dataan perustuva asiakaspolku, tehokkaammat ty\u00f6prosessit ja parempi palvelun laatu. Tuen m\u00e4\u00e4r\u00e4: 14 000 \u20ac (Hankkeen kokonaiskustannukset 20 000 \u20ac, omarahoitusosuus 6 000 \u20ac) Hanke toteutetaan ajanjaksolla 13.1.2025\u20131.7.2025 Euroopan unionin tuella.\" \/>\n<meta property=\"og:url\" content=\"https:\/\/www.metropolspahotel.ee\/fi\/metropol-hotelsin-digitalisaatiohanke-on-saanut-euroopan-unionin-tukea\/\" \/>\n<meta property=\"og:site_name\" content=\"Metropol Spa Hotel\" \/>\n<meta property=\"article:publisher\" content=\"https:\/\/www.facebook.com\/MetropolSpaHotel\/\" \/>\n<meta property=\"article:modified_time\" content=\"2026-02-18T13:08:44+00:00\" \/>\n<meta property=\"og:image\" content=\"https:\/\/www.metropolspahotel.ee\/wp-content\/uploads\/sites\/54\/2026\/02\/Kaasrahastanud_EL_kaksiklogod_ENG_hor_color_RGB-300x174.png\" \/>\n<meta name=\"twitter:card\" content=\"summary_large_image\" \/>\n<meta name=\"twitter:label1\" content=\"Arvioitu lukuaika\" \/>\n\t<meta name=\"twitter:data1\" content=\"1 minuutti\" \/>\n<script type=\"application\/ld+json\" class=\"yoast-schema-graph\">{\"@context\":\"https:\/\/schema.org\",\"@graph\":[{\"@type\":\"WebPage\",\"@id\":\"https:\/\/www.metropolspahotel.ee\/fi\/metropol-hotelsin-digitalisaatiohanke-on-saanut-euroopan-unionin-tukea\/\",\"url\":\"https:\/\/www.metropolspahotel.ee\/fi\/metropol-hotelsin-digitalisaatiohanke-on-saanut-euroopan-unionin-tukea\/\",\"name\":\"Metropol Hotelsin digitalisaatiohanke on saanut Euroopan unionin tukea - Metropol Spa Hotel\",\"isPartOf\":{\"@id\":\"https:\/\/www.metropolspahotel.ee\/fi\/#website\"},\"primaryImageOfPage\":{\"@id\":\"https:\/\/www.metropolspahotel.ee\/fi\/metropol-hotelsin-digitalisaatiohanke-on-saanut-euroopan-unionin-tukea\/#primaryimage\"},\"image\":{\"@id\":\"https:\/\/www.metropolspahotel.ee\/fi\/metropol-hotelsin-digitalisaatiohanke-on-saanut-euroopan-unionin-tukea\/#primaryimage\"},\"thumbnailUrl\":\"https:\/\/www.metropolspahotel.ee\/wp-content\/uploads\/sites\/54\/2026\/02\/Kaasrahastanud_EL_kaksiklogod_ENG_hor_color_RGB-300x174.png\",\"datePublished\":\"2026-02-11T07:11:11+00:00\",\"dateModified\":\"2026-02-18T13:08:44+00:00\",\"description\":\"Metropol Hotels Group toteuttaa digitalisaatiohanketta, jonka yhteydess\u00e4 otetaan k\u00e4ytt\u00f6\u00f6n D-EDGE CRM -asiakkuudenhallintaj\u00e4rjestelm\u00e4 kanta-asiakasohjelmineen sek\u00e4 TAC-kylpyl\u00e4- ja wellness-palveluiden hallintaj\u00e4rjestelm\u00e4. Uudet ratkaisut integroidaan hotellin PMS-j\u00e4rjestelm\u00e4\u00e4n (Infor). Tavoite: Digitalisoida ja automatisoida asiakas- ja palvelunhallintaa sek\u00e4 parantaa asiakaskokemusta. Tulokset: Kokonaisvaltainen, dataan perustuva asiakaspolku, tehokkaammat ty\u00f6prosessit ja parempi palvelun laatu. Tuen m\u00e4\u00e4r\u00e4: 14 000 \u20ac (Hankkeen kokonaiskustannukset 20 000 \u20ac, omarahoitusosuus 6 000 \u20ac) Hanke toteutetaan ajanjaksolla 13.1.2025\u20131.7.2025 Euroopan unionin tuella.\",\"breadcrumb\":{\"@id\":\"https:\/\/www.metropolspahotel.ee\/fi\/metropol-hotelsin-digitalisaatiohanke-on-saanut-euroopan-unionin-tukea\/#breadcrumb\"},\"inLanguage\":\"fi\",\"potentialAction\":[{\"@type\":\"ReadAction\",\"target\":[\"https:\/\/www.metropolspahotel.ee\/fi\/metropol-hotelsin-digitalisaatiohanke-on-saanut-euroopan-unionin-tukea\/\"]}]},{\"@type\":\"ImageObject\",\"inLanguage\":\"fi\",\"@id\":\"https:\/\/www.metropolspahotel.ee\/fi\/metropol-hotelsin-digitalisaatiohanke-on-saanut-euroopan-unionin-tukea\/#primaryimage\",\"url\":\"https:\/\/www.metropolspahotel.ee\/wp-content\/uploads\/sites\/54\/2026\/02\/Kaasrahastanud_EL_kaksiklogod_ENG_hor_color_RGB.png\",\"contentUrl\":\"https:\/\/www.metropolspahotel.ee\/wp-content\/uploads\/sites\/54\/2026\/02\/Kaasrahastanud_EL_kaksiklogod_ENG_hor_color_RGB.png\",\"width\":1022,\"height\":594},{\"@type\":\"BreadcrumbList\",\"@id\":\"https:\/\/www.metropolspahotel.ee\/fi\/metropol-hotelsin-digitalisaatiohanke-on-saanut-euroopan-unionin-tukea\/#breadcrumb\",\"itemListElement\":[{\"@type\":\"ListItem\",\"position\":1,\"name\":\"Home\",\"item\":\"https:\/\/www.metropolspahotel.ee\/fi\/\"},{\"@type\":\"ListItem\",\"position\":2,\"name\":\"Metropol Hotelsin digitalisaatiohanke on saanut Euroopan unionin tukea\"}]},{\"@type\":\"WebSite\",\"@id\":\"https:\/\/www.metropolspahotel.ee\/fi\/#website\",\"url\":\"https:\/\/www.metropolspahotel.ee\/fi\/\",\"name\":\"Metropol Spa Hotel\",\"description\":\"Metropol Hotels pakub unikaalset hotellielamust Tallinna uues linnas\u00fcdames. Ideaalne valik \u00e4ri-, konverentsi- v\u00f5i puhkusereisiks!\",\"publisher\":{\"@id\":\"https:\/\/www.metropolspahotel.ee\/fi\/#organization\"},\"alternateName\":\"Metropol Spa Hotel\",\"potentialAction\":[{\"@type\":\"SearchAction\",\"target\":{\"@type\":\"EntryPoint\",\"urlTemplate\":\"https:\/\/www.metropolspahotel.ee\/fi\/?s={search_term_string}\"},\"query-input\":\"required name=search_term_string\"}],\"inLanguage\":\"fi\"},{\"@type\":\"Organization\",\"@id\":\"https:\/\/www.metropolspahotel.ee\/fi\/#organization\",\"name\":\"Metropol Spa Hotel\",\"alternateName\":\"Metropol Spa Hotel\",\"url\":\"https:\/\/www.metropolspahotel.ee\/fi\/\",\"logo\":{\"@type\":\"ImageObject\",\"inLanguage\":\"fi\",\"@id\":\"https:\/\/www.metropolspahotel.ee\/fi\/#\/schema\/logo\/image\/\",\"url\":\"https:\/\/www.metropolspahotel.ee\/wp-content\/uploads\/sites\/54\/2023\/08\/logo_metropol_spa_hotel_c.png\",\"contentUrl\":\"https:\/\/www.metropolspahotel.ee\/wp-content\/uploads\/sites\/54\/2023\/08\/logo_metropol_spa_hotel_c.png\",\"width\":341,\"height\":115,\"caption\":\"Metropol Spa Hotel\"},\"image\":{\"@id\":\"https:\/\/www.metropolspahotel.ee\/fi\/#\/schema\/logo\/image\/\"},\"sameAs\":[\"https:\/\/www.facebook.com\/MetropolSpaHotel\/\"]}]}<\/script>\n<!-- \/ Yoast SEO plugin. -->","yoast_head_json":{"title":"Metropol Hotelsin digitalisaatiohanke on saanut Euroopan unionin tukea - Metropol Spa Hotel","description":"Metropol Hotels Group toteuttaa digitalisaatiohanketta, jonka yhteydess\u00e4 otetaan k\u00e4ytt\u00f6\u00f6n D-EDGE CRM -asiakkuudenhallintaj\u00e4rjestelm\u00e4 kanta-asiakasohjelmineen sek\u00e4 TAC-kylpyl\u00e4- ja wellness-palveluiden hallintaj\u00e4rjestelm\u00e4. Uudet ratkaisut integroidaan hotellin PMS-j\u00e4rjestelm\u00e4\u00e4n (Infor). Tavoite: Digitalisoida ja automatisoida asiakas- ja palvelunhallintaa sek\u00e4 parantaa asiakaskokemusta. Tulokset: Kokonaisvaltainen, dataan perustuva asiakaspolku, tehokkaammat ty\u00f6prosessit ja parempi palvelun laatu. Tuen m\u00e4\u00e4r\u00e4: 14 000 \u20ac (Hankkeen kokonaiskustannukset 20 000 \u20ac, omarahoitusosuus 6 000 \u20ac) Hanke toteutetaan ajanjaksolla 13.1.2025\u20131.7.2025 Euroopan unionin tuella.","robots":{"index":"index","follow":"follow","max-snippet":"max-snippet:-1","max-image-preview":"max-image-preview:large","max-video-preview":"max-video-preview:-1"},"canonical":"https:\/\/www.metropolspahotel.ee\/fi\/metropol-hotelsin-digitalisaatiohanke-on-saanut-euroopan-unionin-tukea\/","og_locale":"fi_FI","og_type":"article","og_title":"Metropol Hotelsin digitalisaatiohanke on saanut Euroopan unionin tukea - Metropol Spa Hotel","og_description":"Metropol Hotels Group toteuttaa digitalisaatiohanketta, jonka yhteydess\u00e4 otetaan k\u00e4ytt\u00f6\u00f6n D-EDGE CRM -asiakkuudenhallintaj\u00e4rjestelm\u00e4 kanta-asiakasohjelmineen sek\u00e4 TAC-kylpyl\u00e4- ja wellness-palveluiden hallintaj\u00e4rjestelm\u00e4. Uudet ratkaisut integroidaan hotellin PMS-j\u00e4rjestelm\u00e4\u00e4n (Infor). Tavoite: Digitalisoida ja automatisoida asiakas- ja palvelunhallintaa sek\u00e4 parantaa asiakaskokemusta. Tulokset: Kokonaisvaltainen, dataan perustuva asiakaspolku, tehokkaammat ty\u00f6prosessit ja parempi palvelun laatu. Tuen m\u00e4\u00e4r\u00e4: 14 000 \u20ac (Hankkeen kokonaiskustannukset 20 000 \u20ac, omarahoitusosuus 6 000 \u20ac) Hanke toteutetaan ajanjaksolla 13.1.2025\u20131.7.2025 Euroopan unionin tuella.","og_url":"https:\/\/www.metropolspahotel.ee\/fi\/metropol-hotelsin-digitalisaatiohanke-on-saanut-euroopan-unionin-tukea\/","og_site_name":"Metropol Spa Hotel","article_publisher":"https:\/\/www.facebook.com\/MetropolSpaHotel\/","article_modified_time":"2026-02-18T13:08:44+00:00","og_image":[{"url":"https:\/\/www.metropolspahotel.ee\/wp-content\/uploads\/sites\/54\/2026\/02\/Kaasrahastanud_EL_kaksiklogod_ENG_hor_color_RGB-300x174.png"}],"twitter_card":"summary_large_image","twitter_misc":{"Arvioitu lukuaika":"1 minuutti"},"schema":{"@context":"https:\/\/schema.org","@graph":[{"@type":"WebPage","@id":"https:\/\/www.metropolspahotel.ee\/fi\/metropol-hotelsin-digitalisaatiohanke-on-saanut-euroopan-unionin-tukea\/","url":"https:\/\/www.metropolspahotel.ee\/fi\/metropol-hotelsin-digitalisaatiohanke-on-saanut-euroopan-unionin-tukea\/","name":"Metropol Hotelsin digitalisaatiohanke on saanut Euroopan unionin tukea - Metropol Spa Hotel","isPartOf":{"@id":"https:\/\/www.metropolspahotel.ee\/fi\/#website"},"primaryImageOfPage":{"@id":"https:\/\/www.metropolspahotel.ee\/fi\/metropol-hotelsin-digitalisaatiohanke-on-saanut-euroopan-unionin-tukea\/#primaryimage"},"image":{"@id":"https:\/\/www.metropolspahotel.ee\/fi\/metropol-hotelsin-digitalisaatiohanke-on-saanut-euroopan-unionin-tukea\/#primaryimage"},"thumbnailUrl":"https:\/\/www.metropolspahotel.ee\/wp-content\/uploads\/sites\/54\/2026\/02\/Kaasrahastanud_EL_kaksiklogod_ENG_hor_color_RGB-300x174.png","datePublished":"2026-02-11T07:11:11+00:00","dateModified":"2026-02-18T13:08:44+00:00","description":"Metropol Hotels Group toteuttaa digitalisaatiohanketta, jonka yhteydess\u00e4 otetaan k\u00e4ytt\u00f6\u00f6n D-EDGE CRM -asiakkuudenhallintaj\u00e4rjestelm\u00e4 kanta-asiakasohjelmineen sek\u00e4 TAC-kylpyl\u00e4- ja wellness-palveluiden hallintaj\u00e4rjestelm\u00e4. Uudet ratkaisut integroidaan hotellin PMS-j\u00e4rjestelm\u00e4\u00e4n (Infor). Tavoite: Digitalisoida ja automatisoida asiakas- ja palvelunhallintaa sek\u00e4 parantaa asiakaskokemusta. Tulokset: Kokonaisvaltainen, dataan perustuva asiakaspolku, tehokkaammat ty\u00f6prosessit ja parempi palvelun laatu. Tuen m\u00e4\u00e4r\u00e4: 14 000 \u20ac (Hankkeen kokonaiskustannukset 20 000 \u20ac, omarahoitusosuus 6 000 \u20ac) Hanke toteutetaan ajanjaksolla 13.1.2025\u20131.7.2025 Euroopan unionin tuella.","breadcrumb":{"@id":"https:\/\/www.metropolspahotel.ee\/fi\/metropol-hotelsin-digitalisaatiohanke-on-saanut-euroopan-unionin-tukea\/#breadcrumb"},"inLanguage":"fi","potentialAction":[{"@type":"ReadAction","target":["https:\/\/www.metropolspahotel.ee\/fi\/metropol-hotelsin-digitalisaatiohanke-on-saanut-euroopan-unionin-tukea\/"]}]},{"@type":"ImageObject","inLanguage":"fi","@id":"https:\/\/www.metropolspahotel.ee\/fi\/metropol-hotelsin-digitalisaatiohanke-on-saanut-euroopan-unionin-tukea\/#primaryimage","url":"https:\/\/www.metropolspahotel.ee\/wp-content\/uploads\/sites\/54\/2026\/02\/Kaasrahastanud_EL_kaksiklogod_ENG_hor_color_RGB.png","contentUrl":"https:\/\/www.metropolspahotel.ee\/wp-content\/uploads\/sites\/54\/2026\/02\/Kaasrahastanud_EL_kaksiklogod_ENG_hor_color_RGB.png","width":1022,"height":594},{"@type":"BreadcrumbList","@id":"https:\/\/www.metropolspahotel.ee\/fi\/metropol-hotelsin-digitalisaatiohanke-on-saanut-euroopan-unionin-tukea\/#breadcrumb","itemListElement":[{"@type":"ListItem","position":1,"name":"Home","item":"https:\/\/www.metropolspahotel.ee\/fi\/"},{"@type":"ListItem","position":2,"name":"Metropol Hotelsin digitalisaatiohanke on saanut Euroopan unionin tukea"}]},{"@type":"WebSite","@id":"https:\/\/www.metropolspahotel.ee\/fi\/#website","url":"https:\/\/www.metropolspahotel.ee\/fi\/","name":"Metropol Spa Hotel","description":"Metropol Hotels pakub unikaalset hotellielamust Tallinna uues linnas\u00fcdames. Ideaalne valik \u00e4ri-, konverentsi- v\u00f5i puhkusereisiks!","publisher":{"@id":"https:\/\/www.metropolspahotel.ee\/fi\/#organization"},"alternateName":"Metropol Spa Hotel","potentialAction":[{"@type":"SearchAction","target":{"@type":"EntryPoint","urlTemplate":"https:\/\/www.metropolspahotel.ee\/fi\/?s={search_term_string}"},"query-input":"required name=search_term_string"}],"inLanguage":"fi"},{"@type":"Organization","@id":"https:\/\/www.metropolspahotel.ee\/fi\/#organization","name":"Metropol Spa Hotel","alternateName":"Metropol Spa Hotel","url":"https:\/\/www.metropolspahotel.ee\/fi\/","logo":{"@type":"ImageObject","inLanguage":"fi","@id":"https:\/\/www.metropolspahotel.ee\/fi\/#\/schema\/logo\/image\/","url":"https:\/\/www.metropolspahotel.ee\/wp-content\/uploads\/sites\/54\/2023\/08\/logo_metropol_spa_hotel_c.png","contentUrl":"https:\/\/www.metropolspahotel.ee\/wp-content\/uploads\/sites\/54\/2023\/08\/logo_metropol_spa_hotel_c.png","width":341,"height":115,"caption":"Metropol Spa Hotel"},"image":{"@id":"https:\/\/www.metropolspahotel.ee\/fi\/#\/schema\/logo\/image\/"},"sameAs":["https:\/\/www.facebook.com\/MetropolSpaHotel\/"]}]}},"acf":[],"_links":{"self":[{"href":"https:\/\/www.metropolspahotel.ee\/fi\/wp-json\/wp\/v2\/pages\/1732"}],"collection":[{"href":"https:\/\/www.metropolspahotel.ee\/fi\/wp-json\/wp\/v2\/pages"}],"about":[{"href":"https:\/\/www.metropolspahotel.ee\/fi\/wp-json\/wp\/v2\/types\/page"}],"author":[{"embeddable":true,"href":"https:\/\/www.metropolspahotel.ee\/fi\/wp-json\/wp\/v2\/users\/121"}],"replies":[{"embeddable":true,"href":"https:\/\/www.metropolspahotel.ee\/fi\/wp-json\/wp\/v2\/comments?post=1732"}],"version-history":[{"count":0,"href":"https:\/\/www.metropolspahotel.ee\/fi\/wp-json\/wp\/v2\/pages\/1732\/revisions"}],"wp:attachment":[{"href":"https:\/\/www.metropolspahotel.ee\/fi\/wp-json\/wp\/v2\/media?parent=1732"}],"curies":[{"name":"wp","href":"https:\/\/api.w.org\/{rel}","templated":true}]}}