{"id":1736,"date":"2026-01-05T09:17:30","date_gmt":"2026-01-05T09:17:30","guid":{"rendered":"https:\/\/www.metropolspahotel.ee\/?page_id=1736"},"modified":"2026-02-26T09:11:03","modified_gmt":"2026-02-26T09:11:03","slug":"hotellivieraille","status":"publish","type":"page","link":"https:\/\/www.metropolspahotel.ee\/fi\/hotellivieraille\/","title":{"rendered":"Hotellivieraille"},"content":{"rendered":"<p>T\u00e4\u00e4lt\u00e4 l\u00f6yd\u00e4t t\u00e4rke\u00e4\u00e4 hotellitietoa, palvelut sek\u00e4 k\u00e4yt\u00e4nn\u00f6n vinkit, jotta saat kaiken irti ajastasi Metropol Spa Hotelissa.<\/p>\n<h2>Majoitustiedot<\/h2>\n<ul>\n<li><strong>Uloskirjautuminen:<\/strong> klo 12.00 menness\u00e4<\/li>\n<li><strong>Sis\u00e4\u00e4nkirjautuminen:<\/strong> klo 15.00 alkaen<\/li>\n<li><strong>Ilmainen WiFi:<\/strong> saatavilla koko hotellissa<\/li>\n<li><strong>Hiljaisuus:<\/strong> klo 22.00\u20137.00<br \/>\nPyyd\u00e4mme ilmoittamaan vastaanottoon mahdollisimman pian, jos havaitset hotellis\u00e4\u00e4nt\u00f6jen rikkomista.<\/li>\n<li><strong>Vastaanotto:<\/strong> avoinna 24\/7<\/li>\n<li><strong>Lemmikkiel\u00e4imet:<\/strong> eiv\u00e4t ole sallittuja<\/li>\n<\/ul>\n<h2>Kuntosali<\/h2>\n<ul>\n<li>Kuntosali on avoinna p\u00e4ivitt\u00e4in klo <strong>7.00\u201322.00<\/strong>.<\/li>\n<li><strong>Sijainti:<\/strong> Metropol Hotel (Metropol Spa -hotellin naapurihotelli, yhdistetty sis\u00e4k\u00e4yt\u00e4v\u00e4ll\u00e4).<\/li>\n<li>Metropol Spa -hotellin asiakkaille rajaton kuntosalin k\u00e4ytt\u00f6 aukioloaikoina sis\u00e4ltyy huonehintaan.<\/li>\n<\/ul>\n<h2>Pys\u00e4k\u00f6inti<\/h2>\n<ul>\n<li>Pys\u00e4k\u00f6inti on mahdollista Metropol Spa -hotellin pys\u00e4k\u00f6intihallissa <strong>25 \u20ac \/ p\u00e4iv\u00e4<\/strong>.<\/li>\n<li>Mik\u00e4li haluat varata pys\u00e4k\u00f6intipaikan, pyyd\u00e4mme varaamaan sen etuk\u00e4teen ottamalla yhteytt\u00e4 hotellin myyntiosastoon:<br \/>\n<a href=\"mailto:booking@metropol.ee\">booking@metropol.ee<\/a>.<\/li>\n<\/ul>\n<h2>Yhteystiedot hotellivieraille<\/h2>\n<ul>\n<li><strong>Puhelin:<\/strong> <a href=\"tel:+3726674600\">+372 667 4600<\/a> (vastaanotto)<\/li>\n<li><strong>S\u00e4hk\u00f6posti:<\/strong> <a href=\"mailto:reception@metropol.ee\">reception@metropol.ee<\/a><\/li>\n<\/ul>\n<p>Alta l\u00f6yd\u00e4t lis\u00e4tietoa kylpyl\u00e4palveluista, itsepalveluratkaisuista, ravintoloista ja muista palveluista, jotka tekev\u00e4t vierailustasi mahdollisimman miellytt\u00e4v\u00e4n.<\/p>\n","protected":false},"excerpt":{"rendered":"<p>T\u00e4\u00e4lt\u00e4 l\u00f6yd\u00e4t t\u00e4rke\u00e4\u00e4 hotellitietoa, palvelut sek\u00e4 k\u00e4yt\u00e4nn\u00f6n vinkit, jotta saat kaiken irti ajastasi Metropol Spa Hotelissa. Majoitustiedot Uloskirjautuminen: klo 12.00 menness\u00e4 Sis\u00e4\u00e4nkirjautuminen: klo 15.00 alkaen Ilmainen WiFi: saatavilla koko hotellissa Hiljaisuus: klo 22.00\u20137.00 Pyyd\u00e4mme ilmoittamaan vastaanottoon mahdollisimman pian, jos havaitset hotellis\u00e4\u00e4nt\u00f6jen rikkomista. Vastaanotto: avoinna 24\/7 Lemmikkiel\u00e4imet: eiv\u00e4t ole sallittuja Kuntosali Kuntosali on avoinna p\u00e4ivitt\u00e4in klo [&hellip;]<\/p>\n","protected":false},"author":121,"featured_media":0,"parent":0,"menu_order":0,"comment_status":"closed","ping_status":"closed","template":"template-services.php","meta":{"footnotes":""},"class_list":["post-1736","page","type-page","status-publish","hentry"],"yoast_head":"<!-- This site is optimized with the Yoast SEO plugin v27.3 - https:\/\/yoast.com\/product\/yoast-seo-wordpress\/ -->\n<title>Hotellivieraille - Metropol Spa Hotel<\/title>\n<meta name=\"description\" content=\"T\u00e4\u00e4lt\u00e4 l\u00f6yd\u00e4t t\u00e4rke\u00e4\u00e4 hotellitietoa, palvelut sek\u00e4 k\u00e4yt\u00e4nn\u00f6n vinkit, jotta saat kaiken irti ajastasi Metropol Spa Hotelissa. Majoitustiedot   Uloskirjautuminen: klo 12.00 menness\u00e4  Sis\u00e4\u00e4nkirjautuminen: klo 15.00 alkaen  Ilmainen WiFi: saatavilla koko hotellissa  Hiljaisuus: klo 22.00\u20137.00 Pyyd\u00e4mme ilmoittamaan vastaanottoon mahdollisimman pian, jos havaitset hotellis\u00e4\u00e4nt\u00f6jen rikkomista.  Vastaanotto: avoinna 24\/7  Lemmikkiel\u00e4imet: eiv\u00e4t ole sallittuja  Kuntosali   Kuntosali on avoinna p\u00e4ivitt\u00e4in klo 7.00\u201322.00.  Sijainti: Metropol Hotel (Metropol Spa -hotellin naapurihotelli, yhdistetty sis\u00e4k\u00e4yt\u00e4v\u00e4ll\u00e4).  Metropol Spa -hotellin asiakkaille rajaton kuntosalin k\u00e4ytt\u00f6 aukioloaikoina sis\u00e4ltyy huonehintaan.  Pys\u00e4k\u00f6inti   Pys\u00e4k\u00f6inti on mahdollista Metropol Spa -hotellin pys\u00e4k\u00f6intihallissa 25 \u20ac \/ p\u00e4iv\u00e4.  Mik\u00e4li haluat varata pys\u00e4k\u00f6intipaikan, pyyd\u00e4mme varaamaan sen etuk\u00e4teen ottamalla yhteytt\u00e4 hotellin myyntiosastoon: booking@metropol.ee.  Yhteystiedot hotellivieraille   Puhelin: +372 667 4600 (vastaanotto)  S\u00e4hk\u00f6posti: reception@metropol.ee  Alta l\u00f6yd\u00e4t lis\u00e4tietoa kylpyl\u00e4palveluista, itsepalveluratkaisuista, ravintoloista ja muista palveluista, jotka tekev\u00e4t vierailustasi mahdollisimman miellytt\u00e4v\u00e4n..\" \/>\n<meta name=\"robots\" content=\"index, follow, max-snippet:-1, max-image-preview:large, max-video-preview:-1\" \/>\n<link rel=\"canonical\" href=\"https:\/\/www.metropolspahotel.ee\/fi\/hotellivieraille\/\" \/>\n<meta property=\"og:locale\" content=\"fi_FI\" \/>\n<meta property=\"og:type\" content=\"article\" \/>\n<meta property=\"og:title\" content=\"Hotellivieraille - Metropol Spa Hotel\" \/>\n<meta property=\"og:description\" content=\"T\u00e4\u00e4lt\u00e4 l\u00f6yd\u00e4t t\u00e4rke\u00e4\u00e4 hotellitietoa, palvelut sek\u00e4 k\u00e4yt\u00e4nn\u00f6n vinkit, jotta saat kaiken irti ajastasi Metropol Spa Hotelissa. Majoitustiedot   Uloskirjautuminen: klo 12.00 menness\u00e4  Sis\u00e4\u00e4nkirjautuminen: klo 15.00 alkaen  Ilmainen WiFi: saatavilla koko hotellissa  Hiljaisuus: klo 22.00\u20137.00 Pyyd\u00e4mme ilmoittamaan vastaanottoon mahdollisimman pian, jos havaitset hotellis\u00e4\u00e4nt\u00f6jen rikkomista.  Vastaanotto: avoinna 24\/7  Lemmikkiel\u00e4imet: eiv\u00e4t ole sallittuja  Kuntosali   Kuntosali on avoinna p\u00e4ivitt\u00e4in klo 7.00\u201322.00.  Sijainti: Metropol Hotel (Metropol Spa -hotellin naapurihotelli, yhdistetty sis\u00e4k\u00e4yt\u00e4v\u00e4ll\u00e4).  Metropol Spa -hotellin asiakkaille rajaton kuntosalin k\u00e4ytt\u00f6 aukioloaikoina sis\u00e4ltyy huonehintaan.  Pys\u00e4k\u00f6inti   Pys\u00e4k\u00f6inti on mahdollista Metropol Spa -hotellin pys\u00e4k\u00f6intihallissa 25 \u20ac \/ p\u00e4iv\u00e4.  Mik\u00e4li haluat varata pys\u00e4k\u00f6intipaikan, pyyd\u00e4mme varaamaan sen etuk\u00e4teen ottamalla yhteytt\u00e4 hotellin myyntiosastoon: booking@metropol.ee.  Yhteystiedot hotellivieraille   Puhelin: +372 667 4600 (vastaanotto)  S\u00e4hk\u00f6posti: reception@metropol.ee  Alta l\u00f6yd\u00e4t lis\u00e4tietoa kylpyl\u00e4palveluista, itsepalveluratkaisuista, ravintoloista ja muista palveluista, jotka tekev\u00e4t vierailustasi mahdollisimman miellytt\u00e4v\u00e4n..\" \/>\n<meta property=\"og:url\" content=\"https:\/\/www.metropolspahotel.ee\/fi\/hotellivieraille\/\" \/>\n<meta property=\"og:site_name\" content=\"Metropol Spa Hotel\" \/>\n<meta property=\"article:publisher\" content=\"https:\/\/www.facebook.com\/MetropolSpaHotel\/\" \/>\n<meta property=\"article:modified_time\" content=\"2026-02-26T09:11:03+00:00\" \/>\n<meta property=\"og:image\" content=\"https:\/\/www.metropolspahotel.ee\/wp-content\/uploads\/sites\/54\/2023\/09\/metropole_spa_hotel_gallery_37.jpg\" \/>\n\t<meta property=\"og:image:width\" content=\"1200\" \/>\n\t<meta property=\"og:image:height\" content=\"800\" \/>\n\t<meta property=\"og:image:type\" content=\"image\/jpeg\" \/>\n<meta name=\"twitter:card\" content=\"summary_large_image\" \/>\n<meta name=\"twitter:label1\" content=\"Arvioitu lukuaika\" \/>\n\t<meta name=\"twitter:data1\" content=\"1 minuutti\" \/>\n<script type=\"application\/ld+json\" class=\"yoast-schema-graph\">{\"@context\":\"https:\\\/\\\/schema.org\",\"@graph\":[{\"@type\":\"WebPage\",\"@id\":\"https:\\\/\\\/www.metropolspahotel.ee\\\/fi\\\/hotellivieraille\\\/\",\"url\":\"https:\\\/\\\/www.metropolspahotel.ee\\\/fi\\\/hotellivieraille\\\/\",\"name\":\"Hotellivieraille - Metropol Spa Hotel\",\"isPartOf\":{\"@id\":\"https:\\\/\\\/www.metropolspahotel.ee\\\/fi\\\/#website\"},\"datePublished\":\"2026-01-05T09:17:30+00:00\",\"dateModified\":\"2026-02-26T09:11:03+00:00\",\"description\":\"T\u00e4\u00e4lt\u00e4 l\u00f6yd\u00e4t t\u00e4rke\u00e4\u00e4 hotellitietoa, palvelut sek\u00e4 k\u00e4yt\u00e4nn\u00f6n vinkit, jotta saat kaiken irti ajastasi Metropol Spa Hotelissa. Majoitustiedot \u2022 Uloskirjautuminen: klo 12.00 menness\u00e4 \u2022 Sis\u00e4\u00e4nkirjautuminen: klo 15.00 alkaen \u2022 Ilmainen WiFi: saatavilla koko hotellissa \u2022 Hiljaisuus: klo 22.00\u20137.00 Pyyd\u00e4mme ilmoittamaan vastaanottoon mahdollisimman pian, jos havaitset hotellis\u00e4\u00e4nt\u00f6jen rikkomista. \u2022 Vastaanotto: avoinna 24\\\/7 \u2022 Lemmikkiel\u00e4imet: eiv\u00e4t ole sallittuja Kuntosali \u2022 Kuntosali on avoinna p\u00e4ivitt\u00e4in klo 7.00\u201322.00. \u2022 Sijainti: Metropol Hotel (Metropol Spa -hotellin naapurihotelli, yhdistetty sis\u00e4k\u00e4yt\u00e4v\u00e4ll\u00e4). \u2022 Metropol Spa -hotellin asiakkaille rajaton kuntosalin k\u00e4ytt\u00f6 aukioloaikoina sis\u00e4ltyy huonehintaan. Pys\u00e4k\u00f6inti \u2022 Pys\u00e4k\u00f6inti on mahdollista Metropol Spa -hotellin pys\u00e4k\u00f6intihallissa 25 \u20ac \\\/ p\u00e4iv\u00e4. \u2022 Mik\u00e4li haluat varata pys\u00e4k\u00f6intipaikan, pyyd\u00e4mme varaamaan sen etuk\u00e4teen ottamalla yhteytt\u00e4 hotellin myyntiosastoon: booking@metropol.ee. Yhteystiedot hotellivieraille \u2022 Puhelin: +372 667 4600 (vastaanotto) \u2022 S\u00e4hk\u00f6posti: reception@metropol.ee Alta l\u00f6yd\u00e4t lis\u00e4tietoa kylpyl\u00e4palveluista, itsepalveluratkaisuista, ravintoloista ja muista palveluista, jotka tekev\u00e4t vierailustasi mahdollisimman miellytt\u00e4v\u00e4n..\",\"breadcrumb\":{\"@id\":\"https:\\\/\\\/www.metropolspahotel.ee\\\/fi\\\/hotellivieraille\\\/#breadcrumb\"},\"inLanguage\":\"fi\",\"potentialAction\":[{\"@type\":\"ReadAction\",\"target\":[\"https:\\\/\\\/www.metropolspahotel.ee\\\/fi\\\/hotellivieraille\\\/\"]}]},{\"@type\":\"BreadcrumbList\",\"@id\":\"https:\\\/\\\/www.metropolspahotel.ee\\\/fi\\\/hotellivieraille\\\/#breadcrumb\",\"itemListElement\":[{\"@type\":\"ListItem\",\"position\":1,\"name\":\"Home\",\"item\":\"https:\\\/\\\/www.metropolspahotel.ee\\\/fi\\\/\"},{\"@type\":\"ListItem\",\"position\":2,\"name\":\"Hotellivieraille\"}]},{\"@type\":\"WebSite\",\"@id\":\"https:\\\/\\\/www.metropolspahotel.ee\\\/fi\\\/#website\",\"url\":\"https:\\\/\\\/www.metropolspahotel.ee\\\/fi\\\/\",\"name\":\"Metropol Spa Hotel\",\"description\":\"Metropol Hotels pakub unikaalset hotellielamust Tallinna uues linnas\u00fcdames. Ideaalne valik \u00e4ri-, konverentsi- v\u00f5i puhkusereisiks!\",\"publisher\":{\"@id\":\"https:\\\/\\\/www.metropolspahotel.ee\\\/fi\\\/#organization\"},\"alternateName\":\"Metropol Spa Hotel\",\"potentialAction\":[{\"@type\":\"SearchAction\",\"target\":{\"@type\":\"EntryPoint\",\"urlTemplate\":\"https:\\\/\\\/www.metropolspahotel.ee\\\/fi\\\/?s={search_term_string}\"},\"query-input\":{\"@type\":\"PropertyValueSpecification\",\"valueRequired\":true,\"valueName\":\"search_term_string\"}}],\"inLanguage\":\"fi\"},{\"@type\":\"Organization\",\"@id\":\"https:\\\/\\\/www.metropolspahotel.ee\\\/fi\\\/#organization\",\"name\":\"Metropol Spa Hotel\",\"alternateName\":\"Metropol Spa Hotel\",\"url\":\"https:\\\/\\\/www.metropolspahotel.ee\\\/fi\\\/\",\"logo\":{\"@type\":\"ImageObject\",\"inLanguage\":\"fi\",\"@id\":\"https:\\\/\\\/www.metropolspahotel.ee\\\/fi\\\/#\\\/schema\\\/logo\\\/image\\\/\",\"url\":\"https:\\\/\\\/www.metropolspahotel.ee\\\/wp-content\\\/uploads\\\/sites\\\/54\\\/2023\\\/08\\\/logo_metropol_spa_hotel_c.png\",\"contentUrl\":\"https:\\\/\\\/www.metropolspahotel.ee\\\/wp-content\\\/uploads\\\/sites\\\/54\\\/2023\\\/08\\\/logo_metropol_spa_hotel_c.png\",\"width\":341,\"height\":115,\"caption\":\"Metropol Spa Hotel\"},\"image\":{\"@id\":\"https:\\\/\\\/www.metropolspahotel.ee\\\/fi\\\/#\\\/schema\\\/logo\\\/image\\\/\"},\"sameAs\":[\"https:\\\/\\\/www.facebook.com\\\/MetropolSpaHotel\\\/\"]}]}<\/script>\n<!-- \/ Yoast SEO plugin. -->","yoast_head_json":{"title":"Hotellivieraille - Metropol Spa Hotel","description":"T\u00e4\u00e4lt\u00e4 l\u00f6yd\u00e4t t\u00e4rke\u00e4\u00e4 hotellitietoa, palvelut sek\u00e4 k\u00e4yt\u00e4nn\u00f6n vinkit, jotta saat kaiken irti ajastasi Metropol Spa Hotelissa. Majoitustiedot   Uloskirjautuminen: klo 12.00 menness\u00e4  Sis\u00e4\u00e4nkirjautuminen: klo 15.00 alkaen  Ilmainen WiFi: saatavilla koko hotellissa  Hiljaisuus: klo 22.00\u20137.00 Pyyd\u00e4mme ilmoittamaan vastaanottoon mahdollisimman pian, jos havaitset hotellis\u00e4\u00e4nt\u00f6jen rikkomista.  Vastaanotto: avoinna 24\/7  Lemmikkiel\u00e4imet: eiv\u00e4t ole sallittuja  Kuntosali   Kuntosali on avoinna p\u00e4ivitt\u00e4in klo 7.00\u201322.00.  Sijainti: Metropol Hotel (Metropol Spa -hotellin naapurihotelli, yhdistetty sis\u00e4k\u00e4yt\u00e4v\u00e4ll\u00e4).  Metropol Spa -hotellin asiakkaille rajaton kuntosalin k\u00e4ytt\u00f6 aukioloaikoina sis\u00e4ltyy huonehintaan.  Pys\u00e4k\u00f6inti   Pys\u00e4k\u00f6inti on mahdollista Metropol Spa -hotellin pys\u00e4k\u00f6intihallissa 25 \u20ac \/ p\u00e4iv\u00e4.  Mik\u00e4li haluat varata pys\u00e4k\u00f6intipaikan, pyyd\u00e4mme varaamaan sen etuk\u00e4teen ottamalla yhteytt\u00e4 hotellin myyntiosastoon: booking@metropol.ee.  Yhteystiedot hotellivieraille   Puhelin: +372 667 4600 (vastaanotto)  S\u00e4hk\u00f6posti: reception@metropol.ee  Alta l\u00f6yd\u00e4t lis\u00e4tietoa kylpyl\u00e4palveluista, itsepalveluratkaisuista, ravintoloista ja muista palveluista, jotka tekev\u00e4t vierailustasi mahdollisimman miellytt\u00e4v\u00e4n..","robots":{"index":"index","follow":"follow","max-snippet":"max-snippet:-1","max-image-preview":"max-image-preview:large","max-video-preview":"max-video-preview:-1"},"canonical":"https:\/\/www.metropolspahotel.ee\/fi\/hotellivieraille\/","og_locale":"fi_FI","og_type":"article","og_title":"Hotellivieraille - Metropol Spa Hotel","og_description":"T\u00e4\u00e4lt\u00e4 l\u00f6yd\u00e4t t\u00e4rke\u00e4\u00e4 hotellitietoa, palvelut sek\u00e4 k\u00e4yt\u00e4nn\u00f6n vinkit, jotta saat kaiken irti ajastasi Metropol Spa Hotelissa. Majoitustiedot   Uloskirjautuminen: klo 12.00 menness\u00e4  Sis\u00e4\u00e4nkirjautuminen: klo 15.00 alkaen  Ilmainen WiFi: saatavilla koko hotellissa  Hiljaisuus: klo 22.00\u20137.00 Pyyd\u00e4mme ilmoittamaan vastaanottoon mahdollisimman pian, jos havaitset hotellis\u00e4\u00e4nt\u00f6jen rikkomista.  Vastaanotto: avoinna 24\/7  Lemmikkiel\u00e4imet: eiv\u00e4t ole sallittuja  Kuntosali   Kuntosali on avoinna p\u00e4ivitt\u00e4in klo 7.00\u201322.00.  Sijainti: Metropol Hotel (Metropol Spa -hotellin naapurihotelli, yhdistetty sis\u00e4k\u00e4yt\u00e4v\u00e4ll\u00e4).  Metropol Spa -hotellin asiakkaille rajaton kuntosalin k\u00e4ytt\u00f6 aukioloaikoina sis\u00e4ltyy huonehintaan.  Pys\u00e4k\u00f6inti   Pys\u00e4k\u00f6inti on mahdollista Metropol Spa -hotellin pys\u00e4k\u00f6intihallissa 25 \u20ac \/ p\u00e4iv\u00e4.  Mik\u00e4li haluat varata pys\u00e4k\u00f6intipaikan, pyyd\u00e4mme varaamaan sen etuk\u00e4teen ottamalla yhteytt\u00e4 hotellin myyntiosastoon: booking@metropol.ee.  Yhteystiedot hotellivieraille   Puhelin: +372 667 4600 (vastaanotto)  S\u00e4hk\u00f6posti: reception@metropol.ee  Alta l\u00f6yd\u00e4t lis\u00e4tietoa kylpyl\u00e4palveluista, itsepalveluratkaisuista, ravintoloista ja muista palveluista, jotka tekev\u00e4t vierailustasi mahdollisimman miellytt\u00e4v\u00e4n..","og_url":"https:\/\/www.metropolspahotel.ee\/fi\/hotellivieraille\/","og_site_name":"Metropol Spa Hotel","article_publisher":"https:\/\/www.facebook.com\/MetropolSpaHotel\/","article_modified_time":"2026-02-26T09:11:03+00:00","og_image":[{"width":1200,"height":800,"url":"https:\/\/www.metropolspahotel.ee\/wp-content\/uploads\/sites\/54\/2023\/09\/metropole_spa_hotel_gallery_37.jpg","type":"image\/jpeg"}],"twitter_card":"summary_large_image","twitter_misc":{"Arvioitu lukuaika":"1 minuutti"},"schema":{"@context":"https:\/\/schema.org","@graph":[{"@type":"WebPage","@id":"https:\/\/www.metropolspahotel.ee\/fi\/hotellivieraille\/","url":"https:\/\/www.metropolspahotel.ee\/fi\/hotellivieraille\/","name":"Hotellivieraille - Metropol Spa Hotel","isPartOf":{"@id":"https:\/\/www.metropolspahotel.ee\/fi\/#website"},"datePublished":"2026-01-05T09:17:30+00:00","dateModified":"2026-02-26T09:11:03+00:00","description":"T\u00e4\u00e4lt\u00e4 l\u00f6yd\u00e4t t\u00e4rke\u00e4\u00e4 hotellitietoa, palvelut sek\u00e4 k\u00e4yt\u00e4nn\u00f6n vinkit, jotta saat kaiken irti ajastasi Metropol Spa Hotelissa. Majoitustiedot \u2022 Uloskirjautuminen: klo 12.00 menness\u00e4 \u2022 Sis\u00e4\u00e4nkirjautuminen: klo 15.00 alkaen \u2022 Ilmainen WiFi: saatavilla koko hotellissa \u2022 Hiljaisuus: klo 22.00\u20137.00 Pyyd\u00e4mme ilmoittamaan vastaanottoon mahdollisimman pian, jos havaitset hotellis\u00e4\u00e4nt\u00f6jen rikkomista. \u2022 Vastaanotto: avoinna 24\/7 \u2022 Lemmikkiel\u00e4imet: eiv\u00e4t ole sallittuja Kuntosali \u2022 Kuntosali on avoinna p\u00e4ivitt\u00e4in klo 7.00\u201322.00. \u2022 Sijainti: Metropol Hotel (Metropol Spa -hotellin naapurihotelli, yhdistetty sis\u00e4k\u00e4yt\u00e4v\u00e4ll\u00e4). \u2022 Metropol Spa -hotellin asiakkaille rajaton kuntosalin k\u00e4ytt\u00f6 aukioloaikoina sis\u00e4ltyy huonehintaan. Pys\u00e4k\u00f6inti \u2022 Pys\u00e4k\u00f6inti on mahdollista Metropol Spa -hotellin pys\u00e4k\u00f6intihallissa 25 \u20ac \/ p\u00e4iv\u00e4. \u2022 Mik\u00e4li haluat varata pys\u00e4k\u00f6intipaikan, pyyd\u00e4mme varaamaan sen etuk\u00e4teen ottamalla yhteytt\u00e4 hotellin myyntiosastoon: booking@metropol.ee. Yhteystiedot hotellivieraille \u2022 Puhelin: +372 667 4600 (vastaanotto) \u2022 S\u00e4hk\u00f6posti: reception@metropol.ee Alta l\u00f6yd\u00e4t lis\u00e4tietoa kylpyl\u00e4palveluista, itsepalveluratkaisuista, ravintoloista ja muista palveluista, jotka tekev\u00e4t vierailustasi mahdollisimman miellytt\u00e4v\u00e4n..","breadcrumb":{"@id":"https:\/\/www.metropolspahotel.ee\/fi\/hotellivieraille\/#breadcrumb"},"inLanguage":"fi","potentialAction":[{"@type":"ReadAction","target":["https:\/\/www.metropolspahotel.ee\/fi\/hotellivieraille\/"]}]},{"@type":"BreadcrumbList","@id":"https:\/\/www.metropolspahotel.ee\/fi\/hotellivieraille\/#breadcrumb","itemListElement":[{"@type":"ListItem","position":1,"name":"Home","item":"https:\/\/www.metropolspahotel.ee\/fi\/"},{"@type":"ListItem","position":2,"name":"Hotellivieraille"}]},{"@type":"WebSite","@id":"https:\/\/www.metropolspahotel.ee\/fi\/#website","url":"https:\/\/www.metropolspahotel.ee\/fi\/","name":"Metropol Spa Hotel","description":"Metropol Hotels pakub unikaalset hotellielamust Tallinna uues linnas\u00fcdames. Ideaalne valik \u00e4ri-, konverentsi- v\u00f5i puhkusereisiks!","publisher":{"@id":"https:\/\/www.metropolspahotel.ee\/fi\/#organization"},"alternateName":"Metropol Spa Hotel","potentialAction":[{"@type":"SearchAction","target":{"@type":"EntryPoint","urlTemplate":"https:\/\/www.metropolspahotel.ee\/fi\/?s={search_term_string}"},"query-input":{"@type":"PropertyValueSpecification","valueRequired":true,"valueName":"search_term_string"}}],"inLanguage":"fi"},{"@type":"Organization","@id":"https:\/\/www.metropolspahotel.ee\/fi\/#organization","name":"Metropol Spa Hotel","alternateName":"Metropol Spa Hotel","url":"https:\/\/www.metropolspahotel.ee\/fi\/","logo":{"@type":"ImageObject","inLanguage":"fi","@id":"https:\/\/www.metropolspahotel.ee\/fi\/#\/schema\/logo\/image\/","url":"https:\/\/www.metropolspahotel.ee\/wp-content\/uploads\/sites\/54\/2023\/08\/logo_metropol_spa_hotel_c.png","contentUrl":"https:\/\/www.metropolspahotel.ee\/wp-content\/uploads\/sites\/54\/2023\/08\/logo_metropol_spa_hotel_c.png","width":341,"height":115,"caption":"Metropol Spa Hotel"},"image":{"@id":"https:\/\/www.metropolspahotel.ee\/fi\/#\/schema\/logo\/image\/"},"sameAs":["https:\/\/www.facebook.com\/MetropolSpaHotel\/"]}]}},"acf":[],"_links":{"self":[{"href":"https:\/\/www.metropolspahotel.ee\/fi\/wp-json\/wp\/v2\/pages\/1736","targetHints":{"allow":["GET"]}}],"collection":[{"href":"https:\/\/www.metropolspahotel.ee\/fi\/wp-json\/wp\/v2\/pages"}],"about":[{"href":"https:\/\/www.metropolspahotel.ee\/fi\/wp-json\/wp\/v2\/types\/page"}],"author":[{"embeddable":true,"href":"https:\/\/www.metropolspahotel.ee\/fi\/wp-json\/wp\/v2\/users\/121"}],"replies":[{"embeddable":true,"href":"https:\/\/www.metropolspahotel.ee\/fi\/wp-json\/wp\/v2\/comments?post=1736"}],"version-history":[{"count":0,"href":"https:\/\/www.metropolspahotel.ee\/fi\/wp-json\/wp\/v2\/pages\/1736\/revisions"}],"wp:attachment":[{"href":"https:\/\/www.metropolspahotel.ee\/fi\/wp-json\/wp\/v2\/media?parent=1736"}],"curies":[{"name":"wp","href":"https:\/\/api.w.org\/{rel}","templated":true}]}}