{"id":4,"date":"2023-07-08T17:53:09","date_gmt":"2023-07-08T17:53:09","guid":{"rendered":"https:\/\/hotelmetropolspa.ms2.decms.eu\/sample-page\/"},"modified":"2026-03-02T07:17:47","modified_gmt":"2026-03-02T07:17:47","slug":"sample-page","status":"publish","type":"page","link":"https:\/\/www.metropolspahotel.ee\/fi\/","title":{"rendered":"Metropol Spa Hotelli Tallinnassa"},"content":{"rendered":"\r\n<p style=\"text-align: center\">Rotermannin kortteli on loistava pys\u00e4hdyspaikka Tallinnassa.<\/p>\r\n<p style=\"text-align: center\">Metropol Spa Hotel sijaitsee Tallinnan syd\u00e4mess\u00e4, tyylikk\u00e4\u00e4sti kunnostetussa entisess\u00e4 tehdaskorttelissa, jossa sek\u00e4 lomailijat ett\u00e4 ty\u00f6matkalaiset viihtyv\u00e4t. Hotellimme on vertaansa vailla oleva valinta minilomaa tai pidemp\u00e4\u00e4kin majoittumista varten.<\/p>\r\n<p style=\"text-align: center\">Metropol Spa Hotel-hotellissa ei ole ep\u00e4selvyytt\u00e4 siit\u00e4, mit\u00e4 Tallinnassa pit\u00e4isi tehd\u00e4, sill\u00e4 meilt\u00e4 on lyhyt k\u00e4velymatka merenrantaan, ostoksille ja tietysti Tallinnan ainutlaatuiseen Vanhaankaupunkiin.<\/p>\r\n<p style=\"text-align: center\">Kauemmaksi p\u00e4\u00e4see helposti julkisilla, vuokraamalla potkulaudan tai vaikka autolla. Itse asiassa sen kauemmaksi ei edes tarvitse menn\u00e4, sill\u00e4 Rotermannin kaupat, kahvilat, viinibaarit, baarit ja ruokapaikat ovat Tallinnan parhaimmistoa, ja hotellin oma baari, ravintolat sek\u00e4 wellness-keskuksen palvelut vastaavat varmasti vaativimmankin asiakkaan toiveita.<\/p>\r\n","protected":false},"excerpt":{"rendered":"<p>Rotermannin kortteli on loistava pys\u00e4hdyspaikka Tallinnassa. Metropol Spa Hotel sijaitsee Tallinnan syd\u00e4mess\u00e4, tyylikk\u00e4\u00e4sti kunnostetussa entisess\u00e4 tehdaskorttelissa, jossa sek\u00e4 lomailijat ett\u00e4 ty\u00f6matkalaiset viihtyv\u00e4t. Hotellimme on vertaansa vailla oleva valinta minilomaa tai pidemp\u00e4\u00e4kin majoittumista varten. Metropol Spa Hotel-hotellissa ei ole ep\u00e4selvyytt\u00e4 siit\u00e4, mit\u00e4 Tallinnassa pit\u00e4isi tehd\u00e4, sill\u00e4 meilt\u00e4 on lyhyt k\u00e4velymatka merenrantaan, ostoksille ja tietysti Tallinnan ainutlaatuiseen [&hellip;]<\/p>\n","protected":false},"author":11,"featured_media":0,"parent":0,"menu_order":0,"comment_status":"closed","ping_status":"closed","template":"","meta":{"footnotes":""},"yoast_head":"<!-- This site is optimized with the Yoast SEO plugin v22.3 - https:\/\/yoast.com\/wordpress\/plugins\/seo\/ -->\n<title>Unelmiesi rentoutumiskohde | Metropol Spa-hotelli Tallinnassa<\/title>\n<meta name=\"description\" content=\"Vieraile ihastuttavassa ja lumoavassa Metropol Spa-hotellissa, Rotermannin korttelin syd\u00e4mess\u00e4, miss\u00e4 historia punoutuu yhteen nykyaikaisen vetovoiman kanssa.\" \/>\n<meta name=\"robots\" content=\"index, follow, max-snippet:-1, max-image-preview:large, max-video-preview:-1\" \/>\n<link rel=\"canonical\" href=\"https:\/\/www.metropolspahotel.ee\/fi\/\" \/>\n<meta property=\"og:locale\" content=\"fi_FI\" \/>\n<meta property=\"og:type\" content=\"article\" \/>\n<meta property=\"og:title\" content=\"Unelmiesi rentoutumiskohde | Metropol Spa-hotelli Tallinnassa\" \/>\n<meta property=\"og:description\" content=\"Vieraile ihastuttavassa ja lumoavassa Metropol Spa-hotellissa, Rotermannin korttelin syd\u00e4mess\u00e4, miss\u00e4 historia punoutuu yhteen nykyaikaisen vetovoiman kanssa.\" \/>\n<meta property=\"og:url\" content=\"https:\/\/www.metropolspahotel.ee\/fi\/\" \/>\n<meta property=\"og:site_name\" content=\"Metropol Spa Hotel\" \/>\n<meta property=\"article:publisher\" content=\"https:\/\/www.facebook.com\/MetropolSpaHotel\/\" \/>\n<meta property=\"article:modified_time\" content=\"2026-03-02T07:17:47+00:00\" \/>\n<meta property=\"og:image\" content=\"https:\/\/www.metropolspahotel.ee\/wp-content\/uploads\/sites\/54\/2023\/09\/metropole_spa_hotel_gallery_37.jpg\" \/>\n\t<meta property=\"og:image:width\" content=\"1200\" \/>\n\t<meta property=\"og:image:height\" content=\"800\" \/>\n\t<meta property=\"og:image:type\" content=\"image\/jpeg\" \/>\n<meta name=\"twitter:card\" content=\"summary_large_image\" \/>\n<meta name=\"twitter:label1\" content=\"Arvioitu lukuaika\" \/>\n\t<meta name=\"twitter:data1\" content=\"1 minuutti\" \/>\n<script type=\"application\/ld+json\" class=\"yoast-schema-graph\">{\"@context\":\"https:\/\/schema.org\",\"@graph\":[{\"@type\":\"WebPage\",\"@id\":\"https:\/\/www.metropolspahotel.ee\/fi\/\",\"url\":\"https:\/\/www.metropolspahotel.ee\/fi\/\",\"name\":\"Unelmiesi rentoutumiskohde | Metropol Spa-hotelli Tallinnassa\",\"isPartOf\":{\"@id\":\"https:\/\/www.metropolspahotel.ee\/fi\/#website\"},\"datePublished\":\"2023-07-08T17:53:09+00:00\",\"dateModified\":\"2026-03-02T07:17:47+00:00\",\"description\":\"Vieraile ihastuttavassa ja lumoavassa Metropol Spa-hotellissa, Rotermannin korttelin syd\u00e4mess\u00e4, miss\u00e4 historia punoutuu yhteen nykyaikaisen vetovoiman kanssa.\",\"breadcrumb\":{\"@id\":\"https:\/\/www.metropolspahotel.ee\/fi\/#breadcrumb\"},\"inLanguage\":\"fi\",\"potentialAction\":[{\"@type\":\"ReadAction\",\"target\":[\"https:\/\/www.metropolspahotel.ee\/fi\/\"]}]},{\"@type\":\"BreadcrumbList\",\"@id\":\"https:\/\/www.metropolspahotel.ee\/fi\/#breadcrumb\",\"itemListElement\":[{\"@type\":\"ListItem\",\"position\":1,\"name\":\"Home\",\"item\":\"https:\/\/www.metropolspahotel.ee\/fi\/\"},{\"@type\":\"ListItem\",\"position\":2,\"name\":\"Metropol Spa Hotelli Tallinnassa\"}]},{\"@type\":\"WebSite\",\"@id\":\"https:\/\/www.metropolspahotel.ee\/fi\/#website\",\"url\":\"https:\/\/www.metropolspahotel.ee\/fi\/\",\"name\":\"Metropol Spa Hotel\",\"description\":\"Metropol Hotels pakub unikaalset hotellielamust Tallinna uues linnas\u00fcdames. Ideaalne valik \u00e4ri-, konverentsi- v\u00f5i puhkusereisiks!\",\"publisher\":{\"@id\":\"https:\/\/www.metropolspahotel.ee\/fi\/#organization\"},\"alternateName\":\"Metropol Spa Hotel\",\"potentialAction\":[{\"@type\":\"SearchAction\",\"target\":{\"@type\":\"EntryPoint\",\"urlTemplate\":\"https:\/\/www.metropolspahotel.ee\/fi\/?s={search_term_string}\"},\"query-input\":\"required name=search_term_string\"}],\"inLanguage\":\"fi\"},{\"@type\":\"Organization\",\"@id\":\"https:\/\/www.metropolspahotel.ee\/fi\/#organization\",\"name\":\"Metropol Spa Hotel\",\"alternateName\":\"Metropol Spa Hotel\",\"url\":\"https:\/\/www.metropolspahotel.ee\/fi\/\",\"logo\":{\"@type\":\"ImageObject\",\"inLanguage\":\"fi\",\"@id\":\"https:\/\/www.metropolspahotel.ee\/fi\/#\/schema\/logo\/image\/\",\"url\":\"https:\/\/www.metropolspahotel.ee\/wp-content\/uploads\/sites\/54\/2023\/08\/logo_metropol_spa_hotel_c.png\",\"contentUrl\":\"https:\/\/www.metropolspahotel.ee\/wp-content\/uploads\/sites\/54\/2023\/08\/logo_metropol_spa_hotel_c.png\",\"width\":341,\"height\":115,\"caption\":\"Metropol Spa Hotel\"},\"image\":{\"@id\":\"https:\/\/www.metropolspahotel.ee\/fi\/#\/schema\/logo\/image\/\"},\"sameAs\":[\"https:\/\/www.facebook.com\/MetropolSpaHotel\/\"]}]}<\/script>\n<!-- \/ Yoast SEO plugin. -->","yoast_head_json":{"title":"Unelmiesi rentoutumiskohde | Metropol Spa-hotelli Tallinnassa","description":"Vieraile ihastuttavassa ja lumoavassa Metropol Spa-hotellissa, Rotermannin korttelin syd\u00e4mess\u00e4, miss\u00e4 historia punoutuu yhteen nykyaikaisen vetovoiman kanssa.","robots":{"index":"index","follow":"follow","max-snippet":"max-snippet:-1","max-image-preview":"max-image-preview:large","max-video-preview":"max-video-preview:-1"},"canonical":"https:\/\/www.metropolspahotel.ee\/fi\/","og_locale":"fi_FI","og_type":"article","og_title":"Unelmiesi rentoutumiskohde | Metropol Spa-hotelli Tallinnassa","og_description":"Vieraile ihastuttavassa ja lumoavassa Metropol Spa-hotellissa, Rotermannin korttelin syd\u00e4mess\u00e4, miss\u00e4 historia punoutuu yhteen nykyaikaisen vetovoiman kanssa.","og_url":"https:\/\/www.metropolspahotel.ee\/fi\/","og_site_name":"Metropol Spa Hotel","article_publisher":"https:\/\/www.facebook.com\/MetropolSpaHotel\/","article_modified_time":"2026-03-02T07:17:47+00:00","og_image":[{"width":1200,"height":800,"url":"https:\/\/www.metropolspahotel.ee\/wp-content\/uploads\/sites\/54\/2023\/09\/metropole_spa_hotel_gallery_37.jpg","type":"image\/jpeg"}],"twitter_card":"summary_large_image","twitter_misc":{"Arvioitu lukuaika":"1 minuutti"},"schema":{"@context":"https:\/\/schema.org","@graph":[{"@type":"WebPage","@id":"https:\/\/www.metropolspahotel.ee\/fi\/","url":"https:\/\/www.metropolspahotel.ee\/fi\/","name":"Unelmiesi rentoutumiskohde | Metropol Spa-hotelli Tallinnassa","isPartOf":{"@id":"https:\/\/www.metropolspahotel.ee\/fi\/#website"},"datePublished":"2023-07-08T17:53:09+00:00","dateModified":"2026-03-02T07:17:47+00:00","description":"Vieraile ihastuttavassa ja lumoavassa Metropol Spa-hotellissa, Rotermannin korttelin syd\u00e4mess\u00e4, miss\u00e4 historia punoutuu yhteen nykyaikaisen vetovoiman kanssa.","breadcrumb":{"@id":"https:\/\/www.metropolspahotel.ee\/fi\/#breadcrumb"},"inLanguage":"fi","potentialAction":[{"@type":"ReadAction","target":["https:\/\/www.metropolspahotel.ee\/fi\/"]}]},{"@type":"BreadcrumbList","@id":"https:\/\/www.metropolspahotel.ee\/fi\/#breadcrumb","itemListElement":[{"@type":"ListItem","position":1,"name":"Home","item":"https:\/\/www.metropolspahotel.ee\/fi\/"},{"@type":"ListItem","position":2,"name":"Metropol Spa Hotelli Tallinnassa"}]},{"@type":"WebSite","@id":"https:\/\/www.metropolspahotel.ee\/fi\/#website","url":"https:\/\/www.metropolspahotel.ee\/fi\/","name":"Metropol Spa Hotel","description":"Metropol Hotels pakub unikaalset hotellielamust Tallinna uues linnas\u00fcdames. Ideaalne valik \u00e4ri-, konverentsi- v\u00f5i puhkusereisiks!","publisher":{"@id":"https:\/\/www.metropolspahotel.ee\/fi\/#organization"},"alternateName":"Metropol Spa Hotel","potentialAction":[{"@type":"SearchAction","target":{"@type":"EntryPoint","urlTemplate":"https:\/\/www.metropolspahotel.ee\/fi\/?s={search_term_string}"},"query-input":"required name=search_term_string"}],"inLanguage":"fi"},{"@type":"Organization","@id":"https:\/\/www.metropolspahotel.ee\/fi\/#organization","name":"Metropol Spa Hotel","alternateName":"Metropol Spa Hotel","url":"https:\/\/www.metropolspahotel.ee\/fi\/","logo":{"@type":"ImageObject","inLanguage":"fi","@id":"https:\/\/www.metropolspahotel.ee\/fi\/#\/schema\/logo\/image\/","url":"https:\/\/www.metropolspahotel.ee\/wp-content\/uploads\/sites\/54\/2023\/08\/logo_metropol_spa_hotel_c.png","contentUrl":"https:\/\/www.metropolspahotel.ee\/wp-content\/uploads\/sites\/54\/2023\/08\/logo_metropol_spa_hotel_c.png","width":341,"height":115,"caption":"Metropol Spa Hotel"},"image":{"@id":"https:\/\/www.metropolspahotel.ee\/fi\/#\/schema\/logo\/image\/"},"sameAs":["https:\/\/www.facebook.com\/MetropolSpaHotel\/"]}]}},"acf":[],"_links":{"self":[{"href":"https:\/\/www.metropolspahotel.ee\/fi\/wp-json\/wp\/v2\/pages\/4"}],"collection":[{"href":"https:\/\/www.metropolspahotel.ee\/fi\/wp-json\/wp\/v2\/pages"}],"about":[{"href":"https:\/\/www.metropolspahotel.ee\/fi\/wp-json\/wp\/v2\/types\/page"}],"author":[{"embeddable":true,"href":"https:\/\/www.metropolspahotel.ee\/fi\/wp-json\/wp\/v2\/users\/11"}],"replies":[{"embeddable":true,"href":"https:\/\/www.metropolspahotel.ee\/fi\/wp-json\/wp\/v2\/comments?post=4"}],"version-history":[{"count":0,"href":"https:\/\/www.metropolspahotel.ee\/fi\/wp-json\/wp\/v2\/pages\/4\/revisions"}],"wp:attachment":[{"href":"https:\/\/www.metropolspahotel.ee\/fi\/wp-json\/wp\/v2\/media?parent=4"}],"curies":[{"name":"wp","href":"https:\/\/api.w.org\/{rel}","templated":true}]}}