{"id":46,"date":"2023-07-18T16:48:41","date_gmt":"2023-07-18T16:48:41","guid":{"rendered":"https:\/\/hotelmetropolspa.ms2.decms.eu\/kylpylahotellin-huoneet\/sviit\/"},"modified":"2025-03-25T17:06:23","modified_gmt":"2025-03-25T17:06:23","slug":"sviittit","status":"publish","type":"page","link":"https:\/\/www.metropolspahotel.ee\/fi\/huoneet\/sviittit\/","title":{"rendered":"Sviittit"},"content":{"rendered":"<p style=\"font-weight: 400\">Kahden huoneen sviitit (38 neli\u00f6t\u00e4 tai 55 neli\u00f6t\u00e4) ovat tilavia, tyylikk\u00e4it\u00e4 ja tarjoavat henke\u00e4salpaavat n\u00e4k\u00f6alat, mik\u00e4 tekee vierailustasi Tallinnassa unohtumattoman.<\/p>\n<p style=\"font-weight: 400\">Sviitiss\u00e4 on erillinen makuuhuone, jossa on oma kylpyhuone sek\u00e4 my\u00f6s erillinen olohuone. 55 neli\u00f6isen sviitin olohuoneen p\u00f6yd\u00e4n \u00e4\u00e4ress\u00e4 voi j\u00e4rjest\u00e4\u00e4 yksityisi\u00e4 kokouksia jopa kahdeksalle osallistujalle.<\/p>\n<p style=\"font-weight: 400\">T\u00e4m\u00e4n sviitin parvekkeelta on n\u00e4kym\u00e4t Vanhaankaupunkiin, mik\u00e4 tekee hotellivierailustasi aivan ikimuistoisen.<\/p>\n","protected":false},"excerpt":{"rendered":"<p>Kahden huoneen sviitit (38 neli\u00f6t\u00e4 tai 55 neli\u00f6t\u00e4) ovat tilavia, tyylikk\u00e4it\u00e4 ja tarjoavat henke\u00e4salpaavat n\u00e4k\u00f6alat, mik\u00e4 tekee vierailustasi Tallinnassa unohtumattoman. Sviitiss\u00e4 on erillinen makuuhuone, jossa on oma kylpyhuone sek\u00e4 my\u00f6s erillinen olohuone. 55 neli\u00f6isen sviitin olohuoneen p\u00f6yd\u00e4n \u00e4\u00e4ress\u00e4 voi j\u00e4rjest\u00e4\u00e4 yksityisi\u00e4 kokouksia jopa kahdeksalle osallistujalle. T\u00e4m\u00e4n sviitin parvekkeelta on n\u00e4kym\u00e4t Vanhaankaupunkiin, mik\u00e4 tekee hotellivierailustasi aivan [&hellip;]<\/p>\n","protected":false},"author":11,"featured_media":0,"parent":12,"menu_order":16,"comment_status":"closed","ping_status":"closed","template":"template-single-room.php","meta":{"footnotes":""},"yoast_head":"<!-- This site is optimized with the Yoast SEO plugin v22.3 - https:\/\/yoast.com\/wordpress\/plugins\/seo\/ -->\n<title>Sviittit | Kylpyl\u00e4hotelli Metropol Tallinnassa<\/title>\n<meta name=\"description\" content=\"Sviitit ovat tilavia, tyylikk\u00e4it\u00e4 ja tarjoavat henke\u00e4salpaavat n\u00e4k\u00f6alat, mik\u00e4 tekee vierailustasi Tallinnassa unohtumattoman.\" \/>\n<meta name=\"robots\" content=\"index, follow, max-snippet:-1, max-image-preview:large, max-video-preview:-1\" \/>\n<link rel=\"canonical\" href=\"https:\/\/www.metropolspahotel.ee\/fi\/huoneet\/sviittit\/\" \/>\n<meta property=\"og:locale\" content=\"fi_FI\" \/>\n<meta property=\"og:type\" content=\"article\" \/>\n<meta property=\"og:title\" content=\"Sviittit | Kylpyl\u00e4hotelli Metropol Tallinnassa\" \/>\n<meta property=\"og:description\" content=\"Sviitit ovat tilavia, tyylikk\u00e4it\u00e4 ja tarjoavat henke\u00e4salpaavat n\u00e4k\u00f6alat, mik\u00e4 tekee vierailustasi Tallinnassa unohtumattoman.\" \/>\n<meta property=\"og:url\" content=\"https:\/\/www.metropolspahotel.ee\/fi\/huoneet\/sviittit\/\" \/>\n<meta property=\"og:site_name\" content=\"Metropol Spa Hotel\" \/>\n<meta property=\"article:publisher\" content=\"https:\/\/www.facebook.com\/MetropolSpaHotel\/\" \/>\n<meta property=\"article:modified_time\" content=\"2025-03-25T17:06:23+00:00\" \/>\n<meta property=\"og:image\" content=\"https:\/\/www.metropolspahotel.ee\/wp-content\/uploads\/sites\/54\/2023\/09\/metropole_spa_hotel_gallery_37.jpg\" \/>\n\t<meta property=\"og:image:width\" content=\"1200\" \/>\n\t<meta property=\"og:image:height\" content=\"800\" \/>\n\t<meta property=\"og:image:type\" content=\"image\/jpeg\" \/>\n<meta name=\"twitter:card\" content=\"summary_large_image\" \/>\n<meta name=\"twitter:label1\" content=\"Arvioitu lukuaika\" \/>\n\t<meta name=\"twitter:data1\" content=\"1 minuutti\" \/>\n<script type=\"application\/ld+json\" class=\"yoast-schema-graph\">{\"@context\":\"https:\/\/schema.org\",\"@graph\":[{\"@type\":\"WebPage\",\"@id\":\"https:\/\/www.metropolspahotel.ee\/fi\/huoneet\/sviittit\/\",\"url\":\"https:\/\/www.metropolspahotel.ee\/fi\/huoneet\/sviittit\/\",\"name\":\"Sviittit | Kylpyl\u00e4hotelli Metropol Tallinnassa\",\"isPartOf\":{\"@id\":\"https:\/\/www.metropolspahotel.ee\/fi\/#website\"},\"datePublished\":\"2023-07-18T16:48:41+00:00\",\"dateModified\":\"2025-03-25T17:06:23+00:00\",\"description\":\"Sviitit ovat tilavia, tyylikk\u00e4it\u00e4 ja tarjoavat henke\u00e4salpaavat n\u00e4k\u00f6alat, mik\u00e4 tekee vierailustasi Tallinnassa unohtumattoman.\",\"breadcrumb\":{\"@id\":\"https:\/\/www.metropolspahotel.ee\/fi\/huoneet\/sviittit\/#breadcrumb\"},\"inLanguage\":\"fi\",\"potentialAction\":[{\"@type\":\"ReadAction\",\"target\":[\"https:\/\/www.metropolspahotel.ee\/fi\/huoneet\/sviittit\/\"]}]},{\"@type\":\"BreadcrumbList\",\"@id\":\"https:\/\/www.metropolspahotel.ee\/fi\/huoneet\/sviittit\/#breadcrumb\",\"itemListElement\":[{\"@type\":\"ListItem\",\"position\":1,\"name\":\"Home\",\"item\":\"https:\/\/www.metropolspahotel.ee\/fi\/\"},{\"@type\":\"ListItem\",\"position\":2,\"name\":\"Huoneet\",\"item\":\"https:\/\/www.metropolspahotel.ee\/fi\/huoneet\/\"},{\"@type\":\"ListItem\",\"position\":3,\"name\":\"Sviittit\"}]},{\"@type\":\"WebSite\",\"@id\":\"https:\/\/www.metropolspahotel.ee\/fi\/#website\",\"url\":\"https:\/\/www.metropolspahotel.ee\/fi\/\",\"name\":\"Metropol Spa Hotel\",\"description\":\"Metropol Hotels pakub unikaalset hotellielamust Tallinna uues linnas\u00fcdames. Ideaalne valik \u00e4ri-, konverentsi- v\u00f5i puhkusereisiks!\",\"publisher\":{\"@id\":\"https:\/\/www.metropolspahotel.ee\/fi\/#organization\"},\"alternateName\":\"Metropol Spa Hotel\",\"potentialAction\":[{\"@type\":\"SearchAction\",\"target\":{\"@type\":\"EntryPoint\",\"urlTemplate\":\"https:\/\/www.metropolspahotel.ee\/fi\/?s={search_term_string}\"},\"query-input\":\"required name=search_term_string\"}],\"inLanguage\":\"fi\"},{\"@type\":\"Organization\",\"@id\":\"https:\/\/www.metropolspahotel.ee\/fi\/#organization\",\"name\":\"Metropol Spa Hotel\",\"alternateName\":\"Metropol Spa Hotel\",\"url\":\"https:\/\/www.metropolspahotel.ee\/fi\/\",\"logo\":{\"@type\":\"ImageObject\",\"inLanguage\":\"fi\",\"@id\":\"https:\/\/www.metropolspahotel.ee\/fi\/#\/schema\/logo\/image\/\",\"url\":\"https:\/\/www.metropolspahotel.ee\/wp-content\/uploads\/sites\/54\/2023\/08\/logo_metropol_spa_hotel_c.png\",\"contentUrl\":\"https:\/\/www.metropolspahotel.ee\/wp-content\/uploads\/sites\/54\/2023\/08\/logo_metropol_spa_hotel_c.png\",\"width\":341,\"height\":115,\"caption\":\"Metropol Spa Hotel\"},\"image\":{\"@id\":\"https:\/\/www.metropolspahotel.ee\/fi\/#\/schema\/logo\/image\/\"},\"sameAs\":[\"https:\/\/www.facebook.com\/MetropolSpaHotel\/\"]}]}<\/script>\n<!-- \/ Yoast SEO plugin. -->","yoast_head_json":{"title":"Sviittit | Kylpyl\u00e4hotelli Metropol Tallinnassa","description":"Sviitit ovat tilavia, tyylikk\u00e4it\u00e4 ja tarjoavat henke\u00e4salpaavat n\u00e4k\u00f6alat, mik\u00e4 tekee vierailustasi Tallinnassa unohtumattoman.","robots":{"index":"index","follow":"follow","max-snippet":"max-snippet:-1","max-image-preview":"max-image-preview:large","max-video-preview":"max-video-preview:-1"},"canonical":"https:\/\/www.metropolspahotel.ee\/fi\/huoneet\/sviittit\/","og_locale":"fi_FI","og_type":"article","og_title":"Sviittit | Kylpyl\u00e4hotelli Metropol Tallinnassa","og_description":"Sviitit ovat tilavia, tyylikk\u00e4it\u00e4 ja tarjoavat henke\u00e4salpaavat n\u00e4k\u00f6alat, mik\u00e4 tekee vierailustasi Tallinnassa unohtumattoman.","og_url":"https:\/\/www.metropolspahotel.ee\/fi\/huoneet\/sviittit\/","og_site_name":"Metropol Spa Hotel","article_publisher":"https:\/\/www.facebook.com\/MetropolSpaHotel\/","article_modified_time":"2025-03-25T17:06:23+00:00","og_image":[{"width":1200,"height":800,"url":"https:\/\/www.metropolspahotel.ee\/wp-content\/uploads\/sites\/54\/2023\/09\/metropole_spa_hotel_gallery_37.jpg","type":"image\/jpeg"}],"twitter_card":"summary_large_image","twitter_misc":{"Arvioitu lukuaika":"1 minuutti"},"schema":{"@context":"https:\/\/schema.org","@graph":[{"@type":"WebPage","@id":"https:\/\/www.metropolspahotel.ee\/fi\/huoneet\/sviittit\/","url":"https:\/\/www.metropolspahotel.ee\/fi\/huoneet\/sviittit\/","name":"Sviittit | Kylpyl\u00e4hotelli Metropol Tallinnassa","isPartOf":{"@id":"https:\/\/www.metropolspahotel.ee\/fi\/#website"},"datePublished":"2023-07-18T16:48:41+00:00","dateModified":"2025-03-25T17:06:23+00:00","description":"Sviitit ovat tilavia, tyylikk\u00e4it\u00e4 ja tarjoavat henke\u00e4salpaavat n\u00e4k\u00f6alat, mik\u00e4 tekee vierailustasi Tallinnassa unohtumattoman.","breadcrumb":{"@id":"https:\/\/www.metropolspahotel.ee\/fi\/huoneet\/sviittit\/#breadcrumb"},"inLanguage":"fi","potentialAction":[{"@type":"ReadAction","target":["https:\/\/www.metropolspahotel.ee\/fi\/huoneet\/sviittit\/"]}]},{"@type":"BreadcrumbList","@id":"https:\/\/www.metropolspahotel.ee\/fi\/huoneet\/sviittit\/#breadcrumb","itemListElement":[{"@type":"ListItem","position":1,"name":"Home","item":"https:\/\/www.metropolspahotel.ee\/fi\/"},{"@type":"ListItem","position":2,"name":"Huoneet","item":"https:\/\/www.metropolspahotel.ee\/fi\/huoneet\/"},{"@type":"ListItem","position":3,"name":"Sviittit"}]},{"@type":"WebSite","@id":"https:\/\/www.metropolspahotel.ee\/fi\/#website","url":"https:\/\/www.metropolspahotel.ee\/fi\/","name":"Metropol Spa Hotel","description":"Metropol Hotels pakub unikaalset hotellielamust Tallinna uues linnas\u00fcdames. Ideaalne valik \u00e4ri-, konverentsi- v\u00f5i puhkusereisiks!","publisher":{"@id":"https:\/\/www.metropolspahotel.ee\/fi\/#organization"},"alternateName":"Metropol Spa Hotel","potentialAction":[{"@type":"SearchAction","target":{"@type":"EntryPoint","urlTemplate":"https:\/\/www.metropolspahotel.ee\/fi\/?s={search_term_string}"},"query-input":"required name=search_term_string"}],"inLanguage":"fi"},{"@type":"Organization","@id":"https:\/\/www.metropolspahotel.ee\/fi\/#organization","name":"Metropol Spa Hotel","alternateName":"Metropol Spa Hotel","url":"https:\/\/www.metropolspahotel.ee\/fi\/","logo":{"@type":"ImageObject","inLanguage":"fi","@id":"https:\/\/www.metropolspahotel.ee\/fi\/#\/schema\/logo\/image\/","url":"https:\/\/www.metropolspahotel.ee\/wp-content\/uploads\/sites\/54\/2023\/08\/logo_metropol_spa_hotel_c.png","contentUrl":"https:\/\/www.metropolspahotel.ee\/wp-content\/uploads\/sites\/54\/2023\/08\/logo_metropol_spa_hotel_c.png","width":341,"height":115,"caption":"Metropol Spa Hotel"},"image":{"@id":"https:\/\/www.metropolspahotel.ee\/fi\/#\/schema\/logo\/image\/"},"sameAs":["https:\/\/www.facebook.com\/MetropolSpaHotel\/"]}]}},"acf":[],"_links":{"self":[{"href":"https:\/\/www.metropolspahotel.ee\/fi\/wp-json\/wp\/v2\/pages\/46"}],"collection":[{"href":"https:\/\/www.metropolspahotel.ee\/fi\/wp-json\/wp\/v2\/pages"}],"about":[{"href":"https:\/\/www.metropolspahotel.ee\/fi\/wp-json\/wp\/v2\/types\/page"}],"author":[{"embeddable":true,"href":"https:\/\/www.metropolspahotel.ee\/fi\/wp-json\/wp\/v2\/users\/11"}],"replies":[{"embeddable":true,"href":"https:\/\/www.metropolspahotel.ee\/fi\/wp-json\/wp\/v2\/comments?post=46"}],"version-history":[{"count":0,"href":"https:\/\/www.metropolspahotel.ee\/fi\/wp-json\/wp\/v2\/pages\/46\/revisions"}],"up":[{"embeddable":true,"href":"https:\/\/www.metropolspahotel.ee\/fi\/wp-json\/wp\/v2\/pages\/12"}],"wp:attachment":[{"href":"https:\/\/www.metropolspahotel.ee\/fi\/wp-json\/wp\/v2\/media?parent=46"}],"curies":[{"name":"wp","href":"https:\/\/api.w.org\/{rel}","templated":true}]}}