{"id":971,"date":"2023-08-30T10:15:39","date_gmt":"2023-08-30T10:15:39","guid":{"rendered":"https:\/\/hotelmetropolspa.ms2.decms.eu\/mida-teha-tallinnas\/"},"modified":"2025-03-19T08:16:44","modified_gmt":"2025-03-19T08:16:44","slug":"mita-tehda-tallinnassa","status":"publish","type":"page","link":"https:\/\/www.metropolspahotel.ee\/fi\/mita-tehda-tallinnassa\/","title":{"rendered":"Mit\u00e4 tehd\u00e4 Tallinnassa?"},"content":{"rendered":"<p style=\"text-align: center\">Metropol Spa Hotel sijaitsee Tallinnan syd\u00e4mess\u00e4, tyylikk\u00e4\u00e4sti kunnostetussa entisess\u00e4 tehdaskorttelissa, jossa sek\u00e4 lomailijat ett\u00e4 ty\u00f6matkalaiset viihtyv\u00e4t.<br \/>\nMeill\u00e4 majoittuessasi ei ole ep\u00e4selvyytt\u00e4 siit\u00e4, mit\u00e4 Tallinnassa kannattaa tehd\u00e4, sill\u00e4 meilt\u00e4 on lyhyt k\u00e4velymatka merenrantaan, ostoksille ja tietysti Tallinnan ainutlaatuiseen Vanhaankaupunkiin. Kauemmaksi p\u00e4\u00e4see helposti julkisilla, vuokraamalla potkulaudan tai vaikka autolla.<\/p>\n<p style=\"text-align: center\">T\u00e4ss\u00e4 on muutamia vinkkej\u00e4 seuraavaa Tallinnan matkaasi varten.<\/p>\n","protected":false},"excerpt":{"rendered":"<p>Metropol Spa Hotel sijaitsee Tallinnan syd\u00e4mess\u00e4, tyylikk\u00e4\u00e4sti kunnostetussa entisess\u00e4 tehdaskorttelissa, jossa sek\u00e4 lomailijat ett\u00e4 ty\u00f6matkalaiset viihtyv\u00e4t. Meill\u00e4 majoittuessasi ei ole ep\u00e4selvyytt\u00e4 siit\u00e4, mit\u00e4 Tallinnassa kannattaa tehd\u00e4, sill\u00e4 meilt\u00e4 on lyhyt k\u00e4velymatka merenrantaan, ostoksille ja tietysti Tallinnan ainutlaatuiseen Vanhaankaupunkiin. Kauemmaksi p\u00e4\u00e4see helposti julkisilla, vuokraamalla potkulaudan tai vaikka autolla. T\u00e4ss\u00e4 on muutamia vinkkej\u00e4 seuraavaa Tallinnan matkaasi varten.<\/p>\n","protected":false},"author":26,"featured_media":0,"parent":0,"menu_order":90,"comment_status":"closed","ping_status":"closed","template":"","meta":{"footnotes":""},"yoast_head":"<!-- This site is optimized with the Yoast SEO plugin v22.3 - https:\/\/yoast.com\/wordpress\/plugins\/seo\/ -->\n<title>Mit\u00e4 tehd\u00e4 Tallinnassa?<\/title>\n<meta name=\"description\" content=\"Metropol Spa Hotel sijaitsee Tallinnan syd\u00e4mess\u00e4, tyylikk\u00e4\u00e4sti kunnostetussa entisess\u00e4 tehdaskorttelissa, jossa sek\u00e4 lomailijat ett\u00e4 ty\u00f6matkalaiset viihtyv\u00e4t. Meill\u00e4 majoittuessasi ei ole ep\u00e4selvyytt\u00e4 siit\u00e4, mit\u00e4 Tallinnassa kannattaa tehd\u00e4, sill\u00e4 meilt\u00e4 on lyhyt k\u00e4velymatka merenrantaan, ostoksille ja tietysti Tallinnan ainutlaatuiseen Vanhaankaupunkiin. Kauemmaksi p\u00e4\u00e4see helposti julkisilla, vuokraamalla potkulaudan tai vaikka autolla. T\u00e4ss\u00e4 on muutamia vinkkej\u00e4 seuraavaa Tallinnan matkaasi varten.\" \/>\n<meta name=\"robots\" content=\"index, follow, max-snippet:-1, max-image-preview:large, max-video-preview:-1\" \/>\n<link rel=\"canonical\" href=\"https:\/\/www.metropolspahotel.ee\/fi\/mita-tehda-tallinnassa\/\" \/>\n<meta property=\"og:locale\" content=\"fi_FI\" \/>\n<meta property=\"og:type\" content=\"article\" \/>\n<meta property=\"og:title\" content=\"Mit\u00e4 tehd\u00e4 Tallinnassa?\" \/>\n<meta property=\"og:description\" content=\"Metropol Spa Hotel sijaitsee Tallinnan syd\u00e4mess\u00e4, tyylikk\u00e4\u00e4sti kunnostetussa entisess\u00e4 tehdaskorttelissa, jossa sek\u00e4 lomailijat ett\u00e4 ty\u00f6matkalaiset viihtyv\u00e4t. Meill\u00e4 majoittuessasi ei ole ep\u00e4selvyytt\u00e4 siit\u00e4, mit\u00e4 Tallinnassa kannattaa tehd\u00e4, sill\u00e4 meilt\u00e4 on lyhyt k\u00e4velymatka merenrantaan, ostoksille ja tietysti Tallinnan ainutlaatuiseen Vanhaankaupunkiin. Kauemmaksi p\u00e4\u00e4see helposti julkisilla, vuokraamalla potkulaudan tai vaikka autolla. T\u00e4ss\u00e4 on muutamia vinkkej\u00e4 seuraavaa Tallinnan matkaasi varten.\" \/>\n<meta property=\"og:url\" content=\"https:\/\/www.metropolspahotel.ee\/fi\/mita-tehda-tallinnassa\/\" \/>\n<meta property=\"og:site_name\" content=\"Metropol Spa Hotel\" \/>\n<meta property=\"article:publisher\" content=\"https:\/\/www.facebook.com\/MetropolSpaHotel\/\" \/>\n<meta property=\"article:modified_time\" content=\"2025-03-19T08:16:44+00:00\" \/>\n<meta property=\"og:image\" content=\"https:\/\/www.metropolspahotel.ee\/wp-content\/uploads\/sites\/54\/2023\/09\/metropole_spa_hotel_gallery_37.jpg\" \/>\n\t<meta property=\"og:image:width\" content=\"1200\" \/>\n\t<meta property=\"og:image:height\" content=\"800\" \/>\n\t<meta property=\"og:image:type\" content=\"image\/jpeg\" \/>\n<meta name=\"twitter:card\" content=\"summary_large_image\" \/>\n<meta name=\"twitter:label1\" content=\"Arvioitu lukuaika\" \/>\n\t<meta name=\"twitter:data1\" content=\"1 minuutti\" \/>\n<script type=\"application\/ld+json\" class=\"yoast-schema-graph\">{\"@context\":\"https:\/\/schema.org\",\"@graph\":[{\"@type\":\"WebPage\",\"@id\":\"https:\/\/www.metropolspahotel.ee\/fi\/mita-tehda-tallinnassa\/\",\"url\":\"https:\/\/www.metropolspahotel.ee\/fi\/mita-tehda-tallinnassa\/\",\"name\":\"Mit\u00e4 tehd\u00e4 Tallinnassa?\",\"isPartOf\":{\"@id\":\"https:\/\/www.metropolspahotel.ee\/fi\/#website\"},\"datePublished\":\"2023-08-30T10:15:39+00:00\",\"dateModified\":\"2025-03-19T08:16:44+00:00\",\"description\":\"Metropol Spa Hotel sijaitsee Tallinnan syd\u00e4mess\u00e4, tyylikk\u00e4\u00e4sti kunnostetussa entisess\u00e4 tehdaskorttelissa, jossa sek\u00e4 lomailijat ett\u00e4 ty\u00f6matkalaiset viihtyv\u00e4t. Meill\u00e4 majoittuessasi ei ole ep\u00e4selvyytt\u00e4 siit\u00e4, mit\u00e4 Tallinnassa kannattaa tehd\u00e4, sill\u00e4 meilt\u00e4 on lyhyt k\u00e4velymatka merenrantaan, ostoksille ja tietysti Tallinnan ainutlaatuiseen Vanhaankaupunkiin. Kauemmaksi p\u00e4\u00e4see helposti julkisilla, vuokraamalla potkulaudan tai vaikka autolla. T\u00e4ss\u00e4 on muutamia vinkkej\u00e4 seuraavaa Tallinnan matkaasi varten.\",\"breadcrumb\":{\"@id\":\"https:\/\/www.metropolspahotel.ee\/fi\/mita-tehda-tallinnassa\/#breadcrumb\"},\"inLanguage\":\"fi\",\"potentialAction\":[{\"@type\":\"ReadAction\",\"target\":[\"https:\/\/www.metropolspahotel.ee\/fi\/mita-tehda-tallinnassa\/\"]}]},{\"@type\":\"BreadcrumbList\",\"@id\":\"https:\/\/www.metropolspahotel.ee\/fi\/mita-tehda-tallinnassa\/#breadcrumb\",\"itemListElement\":[{\"@type\":\"ListItem\",\"position\":1,\"name\":\"Home\",\"item\":\"https:\/\/www.metropolspahotel.ee\/fi\/\"},{\"@type\":\"ListItem\",\"position\":2,\"name\":\"Mit\u00e4 tehd\u00e4 Tallinnassa?\"}]},{\"@type\":\"WebSite\",\"@id\":\"https:\/\/www.metropolspahotel.ee\/fi\/#website\",\"url\":\"https:\/\/www.metropolspahotel.ee\/fi\/\",\"name\":\"Metropol Spa Hotel\",\"description\":\"Metropol Hotels pakub unikaalset hotellielamust Tallinna uues linnas\u00fcdames. Ideaalne valik \u00e4ri-, konverentsi- v\u00f5i puhkusereisiks!\",\"publisher\":{\"@id\":\"https:\/\/www.metropolspahotel.ee\/fi\/#organization\"},\"alternateName\":\"Metropol Spa Hotel\",\"potentialAction\":[{\"@type\":\"SearchAction\",\"target\":{\"@type\":\"EntryPoint\",\"urlTemplate\":\"https:\/\/www.metropolspahotel.ee\/fi\/?s={search_term_string}\"},\"query-input\":\"required name=search_term_string\"}],\"inLanguage\":\"fi\"},{\"@type\":\"Organization\",\"@id\":\"https:\/\/www.metropolspahotel.ee\/fi\/#organization\",\"name\":\"Metropol Spa Hotel\",\"alternateName\":\"Metropol Spa Hotel\",\"url\":\"https:\/\/www.metropolspahotel.ee\/fi\/\",\"logo\":{\"@type\":\"ImageObject\",\"inLanguage\":\"fi\",\"@id\":\"https:\/\/www.metropolspahotel.ee\/fi\/#\/schema\/logo\/image\/\",\"url\":\"https:\/\/www.metropolspahotel.ee\/wp-content\/uploads\/sites\/54\/2023\/08\/logo_metropol_spa_hotel_c.png\",\"contentUrl\":\"https:\/\/www.metropolspahotel.ee\/wp-content\/uploads\/sites\/54\/2023\/08\/logo_metropol_spa_hotel_c.png\",\"width\":341,\"height\":115,\"caption\":\"Metropol Spa Hotel\"},\"image\":{\"@id\":\"https:\/\/www.metropolspahotel.ee\/fi\/#\/schema\/logo\/image\/\"},\"sameAs\":[\"https:\/\/www.facebook.com\/MetropolSpaHotel\/\"]}]}<\/script>\n<!-- \/ Yoast SEO plugin. -->","yoast_head_json":{"title":"Mit\u00e4 tehd\u00e4 Tallinnassa?","description":"Metropol Spa Hotel sijaitsee Tallinnan syd\u00e4mess\u00e4, tyylikk\u00e4\u00e4sti kunnostetussa entisess\u00e4 tehdaskorttelissa, jossa sek\u00e4 lomailijat ett\u00e4 ty\u00f6matkalaiset viihtyv\u00e4t. Meill\u00e4 majoittuessasi ei ole ep\u00e4selvyytt\u00e4 siit\u00e4, mit\u00e4 Tallinnassa kannattaa tehd\u00e4, sill\u00e4 meilt\u00e4 on lyhyt k\u00e4velymatka merenrantaan, ostoksille ja tietysti Tallinnan ainutlaatuiseen Vanhaankaupunkiin. Kauemmaksi p\u00e4\u00e4see helposti julkisilla, vuokraamalla potkulaudan tai vaikka autolla. T\u00e4ss\u00e4 on muutamia vinkkej\u00e4 seuraavaa Tallinnan matkaasi varten.","robots":{"index":"index","follow":"follow","max-snippet":"max-snippet:-1","max-image-preview":"max-image-preview:large","max-video-preview":"max-video-preview:-1"},"canonical":"https:\/\/www.metropolspahotel.ee\/fi\/mita-tehda-tallinnassa\/","og_locale":"fi_FI","og_type":"article","og_title":"Mit\u00e4 tehd\u00e4 Tallinnassa?","og_description":"Metropol Spa Hotel sijaitsee Tallinnan syd\u00e4mess\u00e4, tyylikk\u00e4\u00e4sti kunnostetussa entisess\u00e4 tehdaskorttelissa, jossa sek\u00e4 lomailijat ett\u00e4 ty\u00f6matkalaiset viihtyv\u00e4t. Meill\u00e4 majoittuessasi ei ole ep\u00e4selvyytt\u00e4 siit\u00e4, mit\u00e4 Tallinnassa kannattaa tehd\u00e4, sill\u00e4 meilt\u00e4 on lyhyt k\u00e4velymatka merenrantaan, ostoksille ja tietysti Tallinnan ainutlaatuiseen Vanhaankaupunkiin. Kauemmaksi p\u00e4\u00e4see helposti julkisilla, vuokraamalla potkulaudan tai vaikka autolla. T\u00e4ss\u00e4 on muutamia vinkkej\u00e4 seuraavaa Tallinnan matkaasi varten.","og_url":"https:\/\/www.metropolspahotel.ee\/fi\/mita-tehda-tallinnassa\/","og_site_name":"Metropol Spa Hotel","article_publisher":"https:\/\/www.facebook.com\/MetropolSpaHotel\/","article_modified_time":"2025-03-19T08:16:44+00:00","og_image":[{"width":1200,"height":800,"url":"https:\/\/www.metropolspahotel.ee\/wp-content\/uploads\/sites\/54\/2023\/09\/metropole_spa_hotel_gallery_37.jpg","type":"image\/jpeg"}],"twitter_card":"summary_large_image","twitter_misc":{"Arvioitu lukuaika":"1 minuutti"},"schema":{"@context":"https:\/\/schema.org","@graph":[{"@type":"WebPage","@id":"https:\/\/www.metropolspahotel.ee\/fi\/mita-tehda-tallinnassa\/","url":"https:\/\/www.metropolspahotel.ee\/fi\/mita-tehda-tallinnassa\/","name":"Mit\u00e4 tehd\u00e4 Tallinnassa?","isPartOf":{"@id":"https:\/\/www.metropolspahotel.ee\/fi\/#website"},"datePublished":"2023-08-30T10:15:39+00:00","dateModified":"2025-03-19T08:16:44+00:00","description":"Metropol Spa Hotel sijaitsee Tallinnan syd\u00e4mess\u00e4, tyylikk\u00e4\u00e4sti kunnostetussa entisess\u00e4 tehdaskorttelissa, jossa sek\u00e4 lomailijat ett\u00e4 ty\u00f6matkalaiset viihtyv\u00e4t. Meill\u00e4 majoittuessasi ei ole ep\u00e4selvyytt\u00e4 siit\u00e4, mit\u00e4 Tallinnassa kannattaa tehd\u00e4, sill\u00e4 meilt\u00e4 on lyhyt k\u00e4velymatka merenrantaan, ostoksille ja tietysti Tallinnan ainutlaatuiseen Vanhaankaupunkiin. Kauemmaksi p\u00e4\u00e4see helposti julkisilla, vuokraamalla potkulaudan tai vaikka autolla. T\u00e4ss\u00e4 on muutamia vinkkej\u00e4 seuraavaa Tallinnan matkaasi varten.","breadcrumb":{"@id":"https:\/\/www.metropolspahotel.ee\/fi\/mita-tehda-tallinnassa\/#breadcrumb"},"inLanguage":"fi","potentialAction":[{"@type":"ReadAction","target":["https:\/\/www.metropolspahotel.ee\/fi\/mita-tehda-tallinnassa\/"]}]},{"@type":"BreadcrumbList","@id":"https:\/\/www.metropolspahotel.ee\/fi\/mita-tehda-tallinnassa\/#breadcrumb","itemListElement":[{"@type":"ListItem","position":1,"name":"Home","item":"https:\/\/www.metropolspahotel.ee\/fi\/"},{"@type":"ListItem","position":2,"name":"Mit\u00e4 tehd\u00e4 Tallinnassa?"}]},{"@type":"WebSite","@id":"https:\/\/www.metropolspahotel.ee\/fi\/#website","url":"https:\/\/www.metropolspahotel.ee\/fi\/","name":"Metropol Spa Hotel","description":"Metropol Hotels pakub unikaalset hotellielamust Tallinna uues linnas\u00fcdames. Ideaalne valik \u00e4ri-, konverentsi- v\u00f5i puhkusereisiks!","publisher":{"@id":"https:\/\/www.metropolspahotel.ee\/fi\/#organization"},"alternateName":"Metropol Spa Hotel","potentialAction":[{"@type":"SearchAction","target":{"@type":"EntryPoint","urlTemplate":"https:\/\/www.metropolspahotel.ee\/fi\/?s={search_term_string}"},"query-input":"required name=search_term_string"}],"inLanguage":"fi"},{"@type":"Organization","@id":"https:\/\/www.metropolspahotel.ee\/fi\/#organization","name":"Metropol Spa Hotel","alternateName":"Metropol Spa Hotel","url":"https:\/\/www.metropolspahotel.ee\/fi\/","logo":{"@type":"ImageObject","inLanguage":"fi","@id":"https:\/\/www.metropolspahotel.ee\/fi\/#\/schema\/logo\/image\/","url":"https:\/\/www.metropolspahotel.ee\/wp-content\/uploads\/sites\/54\/2023\/08\/logo_metropol_spa_hotel_c.png","contentUrl":"https:\/\/www.metropolspahotel.ee\/wp-content\/uploads\/sites\/54\/2023\/08\/logo_metropol_spa_hotel_c.png","width":341,"height":115,"caption":"Metropol Spa Hotel"},"image":{"@id":"https:\/\/www.metropolspahotel.ee\/fi\/#\/schema\/logo\/image\/"},"sameAs":["https:\/\/www.facebook.com\/MetropolSpaHotel\/"]}]}},"acf":[],"_links":{"self":[{"href":"https:\/\/www.metropolspahotel.ee\/fi\/wp-json\/wp\/v2\/pages\/971"}],"collection":[{"href":"https:\/\/www.metropolspahotel.ee\/fi\/wp-json\/wp\/v2\/pages"}],"about":[{"href":"https:\/\/www.metropolspahotel.ee\/fi\/wp-json\/wp\/v2\/types\/page"}],"author":[{"embeddable":true,"href":"https:\/\/www.metropolspahotel.ee\/fi\/wp-json\/wp\/v2\/users\/26"}],"replies":[{"embeddable":true,"href":"https:\/\/www.metropolspahotel.ee\/fi\/wp-json\/wp\/v2\/comments?post=971"}],"version-history":[{"count":0,"href":"https:\/\/www.metropolspahotel.ee\/fi\/wp-json\/wp\/v2\/pages\/971\/revisions"}],"wp:attachment":[{"href":"https:\/\/www.metropolspahotel.ee\/fi\/wp-json\/wp\/v2\/media?parent=971"}],"curies":[{"name":"wp","href":"https:\/\/api.w.org\/{rel}","templated":true}]}}