{"id":981,"date":"2023-08-29T10:22:28","date_gmt":"2023-08-29T10:22:28","guid":{"rendered":"https:\/\/hotelmetropolspa.ms2.decms.eu\/loogastuskeskus\/"},"modified":"2026-03-02T08:11:37","modified_gmt":"2026-03-02T08:11:37","slug":"wellness-keskus","status":"publish","type":"page","link":"https:\/\/www.metropolspahotel.ee\/fi\/wellness-keskus\/","title":{"rendered":"Wellness-keskus"},"content":{"rendered":"<p style=\"text-align: center\">Tervetuloa rentoutumiskeskukseemme \u2013 laaja valikoima hyvinvointi- ja kauneushoitoja, pehme\u00e4 musiikki, upea sisustus, huolella valitut tuotteet ja ammattitaitoinen henkil\u00f6kunta takaavat sinulle t\u00e4ydellisen tyytyv\u00e4isyyden.<\/p>\n<p style=\"text-align: center\">Hieronta hemppu\u00f6ljyll\u00e4, spa jalkahoito + valohoito, syv\u00e4puhdistava kasvohoito&#8230; Valitse sinulle sopiva hoito ja nauti. Tai tule kumppanisi kanssa \u2013 voitte k\u00e4yd\u00e4 yhdess\u00e4 sek\u00e4 hieronnassa ett\u00e4 jalkahoidossa.<\/p>\n<p style=\"text-align: center\">Ammattitaitoisten palvelujen lis\u00e4ksi l\u00f6yd\u00e4t meilt\u00e4 laajan valikoiman tuotteita mukaan kotiin. Kysy rohkeasti neuvoa henkil\u00f6kunnaltamme!<\/p>\n<p style=\"text-align: center\">\n","protected":false},"excerpt":{"rendered":"<p>Tervetuloa rentoutumiskeskukseemme \u2013 laaja valikoima hyvinvointi- ja kauneushoitoja, pehme\u00e4 musiikki, upea sisustus, huolella valitut tuotteet ja ammattitaitoinen henkil\u00f6kunta takaavat sinulle t\u00e4ydellisen tyytyv\u00e4isyyden. Hieronta hemppu\u00f6ljyll\u00e4, spa jalkahoito + valohoito, syv\u00e4puhdistava kasvohoito&#8230; Valitse sinulle sopiva hoito ja nauti. Tai tule kumppanisi kanssa \u2013 voitte k\u00e4yd\u00e4 yhdess\u00e4 sek\u00e4 hieronnassa ett\u00e4 jalkahoidossa. Ammattitaitoisten palvelujen lis\u00e4ksi l\u00f6yd\u00e4t meilt\u00e4 laajan valikoiman [&hellip;]<\/p>\n","protected":false},"author":26,"featured_media":0,"parent":0,"menu_order":70,"comment_status":"closed","ping_status":"closed","template":"template-spa.php","meta":{"footnotes":""},"yoast_head":"<!-- This site is optimized with the Yoast SEO plugin v22.3 - https:\/\/yoast.com\/wordpress\/plugins\/seo\/ -->\n<title>Wellness-keskus| Metropol Spa Hotell Tallinnas<\/title>\n<meta name=\"description\" content=\"Hieronta hamppu\u00f6ljyll\u00e4, aromaterapeuttinen jalkahoito + valohoito, syv\u00e4puhdistava kasvohoito... Valitse sinulle sopiva hoito ja nauti!\" \/>\n<meta name=\"robots\" content=\"index, follow, max-snippet:-1, max-image-preview:large, max-video-preview:-1\" \/>\n<link rel=\"canonical\" href=\"https:\/\/www.metropolspahotel.ee\/fi\/wellness-keskus\/\" \/>\n<meta property=\"og:locale\" content=\"fi_FI\" \/>\n<meta property=\"og:type\" content=\"article\" \/>\n<meta property=\"og:title\" content=\"Wellness-keskus| Metropol Spa Hotell Tallinnas\" \/>\n<meta property=\"og:description\" content=\"Hieronta hamppu\u00f6ljyll\u00e4, aromaterapeuttinen jalkahoito + valohoito, syv\u00e4puhdistava kasvohoito... Valitse sinulle sopiva hoito ja nauti!\" \/>\n<meta property=\"og:url\" content=\"https:\/\/www.metropolspahotel.ee\/fi\/wellness-keskus\/\" \/>\n<meta property=\"og:site_name\" content=\"Metropol Spa Hotel\" \/>\n<meta property=\"article:publisher\" content=\"https:\/\/www.facebook.com\/MetropolSpaHotel\/\" \/>\n<meta property=\"article:modified_time\" content=\"2026-03-02T08:11:37+00:00\" \/>\n<meta property=\"og:image\" content=\"https:\/\/www.metropolspahotel.ee\/wp-content\/uploads\/sites\/54\/2023\/09\/metropole_spa_hotel_gallery_37.jpg\" \/>\n\t<meta property=\"og:image:width\" content=\"1200\" \/>\n\t<meta property=\"og:image:height\" content=\"800\" \/>\n\t<meta property=\"og:image:type\" content=\"image\/jpeg\" \/>\n<meta name=\"twitter:card\" content=\"summary_large_image\" \/>\n<meta name=\"twitter:label1\" content=\"Arvioitu lukuaika\" \/>\n\t<meta name=\"twitter:data1\" content=\"1 minuutti\" \/>\n<script type=\"application\/ld+json\" class=\"yoast-schema-graph\">{\"@context\":\"https:\/\/schema.org\",\"@graph\":[{\"@type\":\"WebPage\",\"@id\":\"https:\/\/www.metropolspahotel.ee\/fi\/wellness-keskus\/\",\"url\":\"https:\/\/www.metropolspahotel.ee\/fi\/wellness-keskus\/\",\"name\":\"Wellness-keskus| Metropol Spa Hotell Tallinnas\",\"isPartOf\":{\"@id\":\"https:\/\/www.metropolspahotel.ee\/fi\/#website\"},\"datePublished\":\"2023-08-29T10:22:28+00:00\",\"dateModified\":\"2026-03-02T08:11:37+00:00\",\"description\":\"Hieronta hamppu\u00f6ljyll\u00e4, aromaterapeuttinen jalkahoito + valohoito, syv\u00e4puhdistava kasvohoito... Valitse sinulle sopiva hoito ja nauti!\",\"breadcrumb\":{\"@id\":\"https:\/\/www.metropolspahotel.ee\/fi\/wellness-keskus\/#breadcrumb\"},\"inLanguage\":\"fi\",\"potentialAction\":[{\"@type\":\"ReadAction\",\"target\":[\"https:\/\/www.metropolspahotel.ee\/fi\/wellness-keskus\/\"]}]},{\"@type\":\"BreadcrumbList\",\"@id\":\"https:\/\/www.metropolspahotel.ee\/fi\/wellness-keskus\/#breadcrumb\",\"itemListElement\":[{\"@type\":\"ListItem\",\"position\":1,\"name\":\"Home\",\"item\":\"https:\/\/www.metropolspahotel.ee\/fi\/\"},{\"@type\":\"ListItem\",\"position\":2,\"name\":\"Wellness-keskus\"}]},{\"@type\":\"WebSite\",\"@id\":\"https:\/\/www.metropolspahotel.ee\/fi\/#website\",\"url\":\"https:\/\/www.metropolspahotel.ee\/fi\/\",\"name\":\"Metropol Spa Hotel\",\"description\":\"Metropol Hotels pakub unikaalset hotellielamust Tallinna uues linnas\u00fcdames. Ideaalne valik \u00e4ri-, konverentsi- v\u00f5i puhkusereisiks!\",\"publisher\":{\"@id\":\"https:\/\/www.metropolspahotel.ee\/fi\/#organization\"},\"alternateName\":\"Metropol Spa Hotel\",\"potentialAction\":[{\"@type\":\"SearchAction\",\"target\":{\"@type\":\"EntryPoint\",\"urlTemplate\":\"https:\/\/www.metropolspahotel.ee\/fi\/?s={search_term_string}\"},\"query-input\":\"required name=search_term_string\"}],\"inLanguage\":\"fi\"},{\"@type\":\"Organization\",\"@id\":\"https:\/\/www.metropolspahotel.ee\/fi\/#organization\",\"name\":\"Metropol Spa Hotel\",\"alternateName\":\"Metropol Spa Hotel\",\"url\":\"https:\/\/www.metropolspahotel.ee\/fi\/\",\"logo\":{\"@type\":\"ImageObject\",\"inLanguage\":\"fi\",\"@id\":\"https:\/\/www.metropolspahotel.ee\/fi\/#\/schema\/logo\/image\/\",\"url\":\"https:\/\/www.metropolspahotel.ee\/wp-content\/uploads\/sites\/54\/2023\/08\/logo_metropol_spa_hotel_c.png\",\"contentUrl\":\"https:\/\/www.metropolspahotel.ee\/wp-content\/uploads\/sites\/54\/2023\/08\/logo_metropol_spa_hotel_c.png\",\"width\":341,\"height\":115,\"caption\":\"Metropol Spa Hotel\"},\"image\":{\"@id\":\"https:\/\/www.metropolspahotel.ee\/fi\/#\/schema\/logo\/image\/\"},\"sameAs\":[\"https:\/\/www.facebook.com\/MetropolSpaHotel\/\"]}]}<\/script>\n<!-- \/ Yoast SEO plugin. -->","yoast_head_json":{"title":"Wellness-keskus| Metropol Spa Hotell Tallinnas","description":"Hieronta hamppu\u00f6ljyll\u00e4, aromaterapeuttinen jalkahoito + valohoito, syv\u00e4puhdistava kasvohoito... Valitse sinulle sopiva hoito ja nauti!","robots":{"index":"index","follow":"follow","max-snippet":"max-snippet:-1","max-image-preview":"max-image-preview:large","max-video-preview":"max-video-preview:-1"},"canonical":"https:\/\/www.metropolspahotel.ee\/fi\/wellness-keskus\/","og_locale":"fi_FI","og_type":"article","og_title":"Wellness-keskus| Metropol Spa Hotell Tallinnas","og_description":"Hieronta hamppu\u00f6ljyll\u00e4, aromaterapeuttinen jalkahoito + valohoito, syv\u00e4puhdistava kasvohoito... Valitse sinulle sopiva hoito ja nauti!","og_url":"https:\/\/www.metropolspahotel.ee\/fi\/wellness-keskus\/","og_site_name":"Metropol Spa Hotel","article_publisher":"https:\/\/www.facebook.com\/MetropolSpaHotel\/","article_modified_time":"2026-03-02T08:11:37+00:00","og_image":[{"width":1200,"height":800,"url":"https:\/\/www.metropolspahotel.ee\/wp-content\/uploads\/sites\/54\/2023\/09\/metropole_spa_hotel_gallery_37.jpg","type":"image\/jpeg"}],"twitter_card":"summary_large_image","twitter_misc":{"Arvioitu lukuaika":"1 minuutti"},"schema":{"@context":"https:\/\/schema.org","@graph":[{"@type":"WebPage","@id":"https:\/\/www.metropolspahotel.ee\/fi\/wellness-keskus\/","url":"https:\/\/www.metropolspahotel.ee\/fi\/wellness-keskus\/","name":"Wellness-keskus| Metropol Spa Hotell Tallinnas","isPartOf":{"@id":"https:\/\/www.metropolspahotel.ee\/fi\/#website"},"datePublished":"2023-08-29T10:22:28+00:00","dateModified":"2026-03-02T08:11:37+00:00","description":"Hieronta hamppu\u00f6ljyll\u00e4, aromaterapeuttinen jalkahoito + valohoito, syv\u00e4puhdistava kasvohoito... Valitse sinulle sopiva hoito ja nauti!","breadcrumb":{"@id":"https:\/\/www.metropolspahotel.ee\/fi\/wellness-keskus\/#breadcrumb"},"inLanguage":"fi","potentialAction":[{"@type":"ReadAction","target":["https:\/\/www.metropolspahotel.ee\/fi\/wellness-keskus\/"]}]},{"@type":"BreadcrumbList","@id":"https:\/\/www.metropolspahotel.ee\/fi\/wellness-keskus\/#breadcrumb","itemListElement":[{"@type":"ListItem","position":1,"name":"Home","item":"https:\/\/www.metropolspahotel.ee\/fi\/"},{"@type":"ListItem","position":2,"name":"Wellness-keskus"}]},{"@type":"WebSite","@id":"https:\/\/www.metropolspahotel.ee\/fi\/#website","url":"https:\/\/www.metropolspahotel.ee\/fi\/","name":"Metropol Spa Hotel","description":"Metropol Hotels pakub unikaalset hotellielamust Tallinna uues linnas\u00fcdames. Ideaalne valik \u00e4ri-, konverentsi- v\u00f5i puhkusereisiks!","publisher":{"@id":"https:\/\/www.metropolspahotel.ee\/fi\/#organization"},"alternateName":"Metropol Spa Hotel","potentialAction":[{"@type":"SearchAction","target":{"@type":"EntryPoint","urlTemplate":"https:\/\/www.metropolspahotel.ee\/fi\/?s={search_term_string}"},"query-input":"required name=search_term_string"}],"inLanguage":"fi"},{"@type":"Organization","@id":"https:\/\/www.metropolspahotel.ee\/fi\/#organization","name":"Metropol Spa Hotel","alternateName":"Metropol Spa Hotel","url":"https:\/\/www.metropolspahotel.ee\/fi\/","logo":{"@type":"ImageObject","inLanguage":"fi","@id":"https:\/\/www.metropolspahotel.ee\/fi\/#\/schema\/logo\/image\/","url":"https:\/\/www.metropolspahotel.ee\/wp-content\/uploads\/sites\/54\/2023\/08\/logo_metropol_spa_hotel_c.png","contentUrl":"https:\/\/www.metropolspahotel.ee\/wp-content\/uploads\/sites\/54\/2023\/08\/logo_metropol_spa_hotel_c.png","width":341,"height":115,"caption":"Metropol Spa Hotel"},"image":{"@id":"https:\/\/www.metropolspahotel.ee\/fi\/#\/schema\/logo\/image\/"},"sameAs":["https:\/\/www.facebook.com\/MetropolSpaHotel\/"]}]}},"acf":[],"_links":{"self":[{"href":"https:\/\/www.metropolspahotel.ee\/fi\/wp-json\/wp\/v2\/pages\/981"}],"collection":[{"href":"https:\/\/www.metropolspahotel.ee\/fi\/wp-json\/wp\/v2\/pages"}],"about":[{"href":"https:\/\/www.metropolspahotel.ee\/fi\/wp-json\/wp\/v2\/types\/page"}],"author":[{"embeddable":true,"href":"https:\/\/www.metropolspahotel.ee\/fi\/wp-json\/wp\/v2\/users\/26"}],"replies":[{"embeddable":true,"href":"https:\/\/www.metropolspahotel.ee\/fi\/wp-json\/wp\/v2\/comments?post=981"}],"version-history":[{"count":0,"href":"https:\/\/www.metropolspahotel.ee\/fi\/wp-json\/wp\/v2\/pages\/981\/revisions"}],"wp:attachment":[{"href":"https:\/\/www.metropolspahotel.ee\/fi\/wp-json\/wp\/v2\/media?parent=981"}],"curies":[{"name":"wp","href":"https:\/\/api.w.org\/{rel}","templated":true}]}}